{"id":61291,"date":"2024-08-29T09:39:57","date_gmt":"2024-08-29T12:39:57","guid":{"rendered":"https:\/\/www.ritzbrasil.com\/produtos\/uncategorized\/cover-for-fuse-key-and-knife-key\/"},"modified":"2026-02-25T15:56:07","modified_gmt":"2026-02-25T18:56:07","slug":"cover-for-fuse-key-and-knife-key","status":"publish","type":"product","link":"https:\/\/www.ritzbrasil.com\/en\/produtos\/protective-and-insulating-rubber-covers\/cover-for-fuse-key-and-knife-key\/","title":{"rendered":"Cover for Fuse Key and Knife Key"},"content":{"rendered":"<div class=\"wpb-content-wrapper\"><p>[vc_row][vc_column][vc_column_text css=&#8221;.vc_custom_1724934473173{margin-top: 20px !important;}&#8221;]<\/p>\n<h4><span style=\"color: #ff9900;\"><strong>Cover for Fuse Key and Knife Key<\/strong><\/span><\/h4>\n<p>[\/vc_column_text][vc_column_text css=&#8221;.vc_custom_1724955203620{margin-top: -20px !important;}&#8221;]\n<div id=\"tablepress-Cobertura-Chave-Fusivel-Chave-Faca-scroll-wrapper\" class=\"tablepress-scroll-wrapper\">\n<table id=\"tablepress-Cobertura-Chave-Fusivel-Chave-Faca\" class=\"tablepress tablepress-id-Cobertura-Chave-Fusivel-Chave-Faca tablepress-responsive\">\n<thead>\n<tr class=\"row-1\">\n\t<td class=\"column-1\"><\/td><th class=\"column-2\">  Refer\u00eancias<\/th><th class=\"column-3\">Caracter\u00edstica<\/th><td class=\"column-4\"><\/td><td class=\"column-5\"><\/td>\n<\/tr>\n<\/thead>\n<tbody class=\"row-striping row-hover\">\n<tr class=\"row-2\">\n\t<td class=\"column-1\"><img decoding=\"async\" src=\"https:\/\/www.ritzbrasil.com\/wp-content\/uploads\/2024\/08\/rc406-0009-cobertura-chave-fusivel-chave-faca-150x150-1.jpg\" \/><\/td><td class=\"column-2\">RC406-0009<\/td><td class=\"column-3\">Cobertura protetora para<br \/>\nchave fus\u00edvel<\/td><td class=\"column-4\">    <button class=\"add-to-budget\" data-table-id=\"Cobertura-Chave-Fusivel-Chave-Faca\" data-reference=\"RC406-0009\" data-description=\"Cobertura para Chave Fus\u00edvel e Chave Faca\" style=\"color:#ff4d00;\">\n        <img decoding=\"async\" src=\"https:\/\/www.ritzbrasil.com\/\/wp-content\/uploads\/2024\/07\/orcar-compras-tabela-new-1.png\" alt=\"Request quote\" title=\"Request quote\" \/>\n    <\/button>\n    <\/td><td class=\"column-5\"><a href=\"https:\/\/lojasritz.com.br\/catalogsearch\/result\/?q=RC406-0009\" target=\"_blank\" rel=\"noopener\"><img decoding=\"async\" src=\"https:\/\/www.ritzbrasil.com\/wp-content\/uploads\/2024\/07\/carrinho-compras-tabela.png\"  \/><\/a><\/td>\n<\/tr>\n<tr class=\"row-3\">\n\t<td class=\"column-1\"><img decoding=\"async\" src=\"https:\/\/www.ritzbrasil.com\/wp-content\/uploads\/2024\/08\/cob28494-1-cobertura-chave-fusivel-chave-faca-150x150-1.jpg\" \/><\/td><td class=\"column-2\">COB28494-1<\/td><td class=\"column-3\">Cobertura protetora para<br \/>\nchave faca<\/td><td class=\"column-4\">    <button class=\"add-to-budget\" data-table-id=\"Cobertura-Chave-Fusivel-Chave-Faca\" data-reference=\"COB28494-1\" data-description=\"Cobertura para Chave Fus\u00edvel e Chave Faca\" style=\"color:#ff4d00;\">\n        <img decoding=\"async\" src=\"https:\/\/www.ritzbrasil.com\/\/wp-content\/uploads\/2024\/07\/orcar-compras-tabela-new-1.png\" alt=\"Request quote\" title=\"Request quote\" \/>\n    <\/button>\n    <\/td><td class=\"column-5\"><a href=\"https:\/\/lojasritz.com.br\/catalogsearch\/result\/?q=COB28494-1\" target=\"_blank\" rel=\"noopener\"><img decoding=\"async\" src=\"https:\/\/www.ritzbrasil.com\/wp-content\/uploads\/2024\/07\/carrinho-compras-tabela.png\"  \/><\/a><\/td>\n<\/tr>\n<tr class=\"row-4\">\n\t<td class=\"column-1\"><img decoding=\"async\" src=\"https:\/\/www.ritzbrasil.com\/wp-content\/uploads\/2024\/08\/cob13345-1-cobertura-chave-fusivel-chave-faca-150x150-1.jpg\" \/><\/td><td class=\"column-2\">COB13345-1<\/td><td class=\"column-3\">Cobertura protetora para carca\u00e7a<br \/>\nde chave faca (365 x 880 mm)<\/td><td class=\"column-4\">    <button class=\"add-to-budget\" data-table-id=\"Cobertura-Chave-Fusivel-Chave-Faca\" data-reference=\"COB13345-1\" data-description=\"Cobertura para Chave Fus\u00edvel e Chave Faca\" style=\"color:#ff4d00;\">\n        <img decoding=\"async\" src=\"https:\/\/www.ritzbrasil.com\/\/wp-content\/uploads\/2024\/07\/orcar-compras-tabela-new-1.png\" alt=\"Request quote\" title=\"Request quote\" \/>\n    <\/button>\n    <\/td><td class=\"column-5\"><a href=\"https:\/\/lojasritz.com.br\/catalogsearch\/result\/?q=COB13345-1\" target=\"_blank\" rel=\"noopener\"><img decoding=\"async\" src=\"https:\/\/www.ritzbrasil.com\/wp-content\/uploads\/2024\/07\/carrinho-compras-tabela.png\"  \/><\/a><\/td>\n<\/tr>\n<\/tbody>\n<\/table>\n<\/div>\n[\/vc_column_text][vc_separator border_width=&#8221;2&#8243; css=&#8221;&#8221;][\/vc_column][\/vc_row]<\/p>\n<\/div>","protected":false},"excerpt":{"rendered":"<p>Used as protection in structures where there are fuse or knife switches, and can be installed using the contact or remote method.<\/p>\n<p>The RC406-0009 cover is secured by a pin that locks it behind the insulator and rests on the metal bracket of the switch.<\/p>\n<p>The COB28494-1 model is installed by wrapping the two skirts of the insulator together, where they are held in place by pressure.<\/p>\n<p>The COB13345-1 cover is used for insulating protection between the knife switch housing and energized parts during installation and removal of the jumper or other work on the switch. Designed for 15 and 23 kV networks, it consists of two flat plates which, once half-opened, can be wrapped around the base of the insulators and locked in place using insulating nuts.<\/p>\n","protected":false},"featured_media":57954,"template":"","meta":[],"product_brand":[],"product_cat":[3095],"product_tag":[3523,3522,3520,3521],"class_list":{"0":"post-61291","1":"product","2":"type-product","3":"status-publish","4":"has-post-thumbnail","6":"product_cat-protective-and-insulating-rubber-covers","7":"product_tag-cob13345-1-en","8":"product_tag-cob28494-1-en","9":"product_tag-cover-for-fuse-key-and-knife-key","10":"product_tag-rc406-0009-en","11":"description-off","13":"first","14":"instock","15":"virtual","16":"product-type-simple"},"yoast_head":"<!-- This site is optimized with the Yoast SEO plugin v27.1.1 - https:\/\/yoast.com\/product\/yoast-seo-wordpress\/ -->\n<title>Cover for Fuse Key and Knife Key<\/title>\n<meta name=\"description\" content=\"Used as protection in structures where there are fuses or fuses, and can be installed using the contact or remote method.\" \/>\n<meta name=\"robots\" content=\"index, follow, max-snippet:-1, max-image-preview:large, max-video-preview:-1\" \/>\n<link rel=\"canonical\" href=\"https:\/\/www.ritzbrasil.com\/en\/produtos\/protective-and-insulating-rubber-covers\/cover-for-fuse-key-and-knife-key\/\" \/>\n<meta property=\"og:locale\" content=\"en_US\" \/>\n<meta property=\"og:type\" content=\"article\" \/>\n<meta property=\"og:title\" content=\"Cover for Fuse Key and Knife Key\" \/>\n<meta property=\"og:description\" content=\"Used as protection in structures where there are fuses or fuses, and can be installed using the contact or remote method.\" \/>\n<meta property=\"og:url\" content=\"https:\/\/www.ritzbrasil.com\/en\/produtos\/protective-and-insulating-rubber-covers\/cover-for-fuse-key-and-knife-key\/\" \/>\n<meta property=\"og:site_name\" content=\"Equipamentos de Manuten\u00e7\u00e3o e Seguran\u00e7a para o Setor El\u00e9trico - Ritz Brasil\" \/>\n<meta property=\"article:modified_time\" content=\"2026-02-25T18:56:07+00:00\" \/>\n<meta property=\"og:image\" content=\"https:\/\/www.ritzbrasil.com\/wp-content\/uploads\/2024\/08\/rc406-0009-cobertura-chave-fusivel-chave-faca.jpg\" \/>\n\t<meta property=\"og:image:width\" content=\"1200\" \/>\n\t<meta property=\"og:image:height\" content=\"1200\" \/>\n\t<meta property=\"og:image:type\" content=\"image\/jpeg\" \/>\n<meta name=\"twitter:card\" content=\"summary_large_image\" \/>\n<meta name=\"twitter:label1\" content=\"Est. reading time\" \/>\n\t<meta name=\"twitter:data1\" content=\"1 minute\" \/>\n<script type=\"application\/ld+json\" class=\"yoast-schema-graph\">{\"@context\":\"https:\/\/schema.org\",\"@graph\":[{\"@type\":\"WebPage\",\"@id\":\"https:\/\/www.ritzbrasil.com\/en\/produtos\/protective-and-insulating-rubber-covers\/cover-for-fuse-key-and-knife-key\/\",\"url\":\"https:\/\/www.ritzbrasil.com\/en\/produtos\/protective-and-insulating-rubber-covers\/cover-for-fuse-key-and-knife-key\/\",\"name\":\"Cover for Fuse Key and Knife Key\",\"isPartOf\":{\"@id\":\"https:\/\/www.ritzbrasil.com\/en\/#website\"},\"primaryImageOfPage\":{\"@id\":\"https:\/\/www.ritzbrasil.com\/en\/produtos\/protective-and-insulating-rubber-covers\/cover-for-fuse-key-and-knife-key\/#primaryimage\"},\"image\":{\"@id\":\"https:\/\/www.ritzbrasil.com\/en\/produtos\/protective-and-insulating-rubber-covers\/cover-for-fuse-key-and-knife-key\/#primaryimage\"},\"thumbnailUrl\":\"https:\/\/www.ritzbrasil.com\/wp-content\/uploads\/2024\/08\/rc406-0009-cobertura-chave-fusivel-chave-faca.jpg\",\"datePublished\":\"2024-08-29T12:39:57+00:00\",\"dateModified\":\"2026-02-25T18:56:07+00:00\",\"description\":\"Used as protection in structures where there are fuses or fuses, and can be installed using the contact or remote method.\",\"breadcrumb\":{\"@id\":\"https:\/\/www.ritzbrasil.com\/en\/produtos\/protective-and-insulating-rubber-covers\/cover-for-fuse-key-and-knife-key\/#breadcrumb\"},\"inLanguage\":\"en-US\",\"potentialAction\":[{\"@type\":\"ReadAction\",\"target\":[\"https:\/\/www.ritzbrasil.com\/en\/produtos\/protective-and-insulating-rubber-covers\/cover-for-fuse-key-and-knife-key\/\"]}]},{\"@type\":\"ImageObject\",\"inLanguage\":\"en-US\",\"@id\":\"https:\/\/www.ritzbrasil.com\/en\/produtos\/protective-and-insulating-rubber-covers\/cover-for-fuse-key-and-knife-key\/#primaryimage\",\"url\":\"https:\/\/www.ritzbrasil.com\/wp-content\/uploads\/2024\/08\/rc406-0009-cobertura-chave-fusivel-chave-faca.jpg\",\"contentUrl\":\"https:\/\/www.ritzbrasil.com\/wp-content\/uploads\/2024\/08\/rc406-0009-cobertura-chave-fusivel-chave-faca.jpg\",\"width\":1200,\"height\":1200,\"caption\":\"RC406-0009 Cover for Fuse Key and Knife Key\"},{\"@type\":\"BreadcrumbList\",\"@id\":\"https:\/\/www.ritzbrasil.com\/en\/produtos\/protective-and-insulating-rubber-covers\/cover-for-fuse-key-and-knife-key\/#breadcrumb\",\"itemListElement\":[{\"@type\":\"ListItem\",\"position\":1,\"name\":\"In\u00edcio\",\"item\":\"https:\/\/www.ritzbrasil.com\/en\/\"},{\"@type\":\"ListItem\",\"position\":2,\"name\":\"Shop\",\"item\":\"https:\/\/www.ritzbrasil.com\/en\/shop\/\"},{\"@type\":\"ListItem\",\"position\":3,\"name\":\"Cover for Fuse Key and Knife Key\"}]},{\"@type\":\"WebSite\",\"@id\":\"https:\/\/www.ritzbrasil.com\/en\/#website\",\"url\":\"https:\/\/www.ritzbrasil.com\/en\/\",\"name\":\"Equipamentos de Manuten\u00e7\u00e3o e Seguran\u00e7a para o Setor El\u00e9trico - Ritz Brasil\",\"description\":\"\",\"potentialAction\":[{\"@type\":\"SearchAction\",\"target\":{\"@type\":\"EntryPoint\",\"urlTemplate\":\"https:\/\/www.ritzbrasil.com\/en\/?s={search_term_string}\"},\"query-input\":{\"@type\":\"PropertyValueSpecification\",\"valueRequired\":true,\"valueName\":\"search_term_string\"}}],\"inLanguage\":\"en-US\"}]}<\/script>\n<!-- \/ Yoast SEO plugin. -->","yoast_head_json":{"title":"Cover for Fuse Key and Knife Key","description":"Used as protection in structures where there are fuses or fuses, and can be installed using the contact or remote method.","robots":{"index":"index","follow":"follow","max-snippet":"max-snippet:-1","max-image-preview":"max-image-preview:large","max-video-preview":"max-video-preview:-1"},"canonical":"https:\/\/www.ritzbrasil.com\/en\/produtos\/protective-and-insulating-rubber-covers\/cover-for-fuse-key-and-knife-key\/","og_locale":"en_US","og_type":"article","og_title":"Cover for Fuse Key and Knife Key","og_description":"Used as protection in structures where there are fuses or fuses, and can be installed using the contact or remote method.","og_url":"https:\/\/www.ritzbrasil.com\/en\/produtos\/protective-and-insulating-rubber-covers\/cover-for-fuse-key-and-knife-key\/","og_site_name":"Equipamentos de Manuten\u00e7\u00e3o e Seguran\u00e7a para o Setor El\u00e9trico - Ritz Brasil","article_modified_time":"2026-02-25T18:56:07+00:00","og_image":[{"width":1200,"height":1200,"url":"https:\/\/www.ritzbrasil.com\/wp-content\/uploads\/2024\/08\/rc406-0009-cobertura-chave-fusivel-chave-faca.jpg","type":"image\/jpeg"}],"twitter_card":"summary_large_image","twitter_misc":{"Est. reading time":"1 minute"},"schema":{"@context":"https:\/\/schema.org","@graph":[{"@type":"WebPage","@id":"https:\/\/www.ritzbrasil.com\/en\/produtos\/protective-and-insulating-rubber-covers\/cover-for-fuse-key-and-knife-key\/","url":"https:\/\/www.ritzbrasil.com\/en\/produtos\/protective-and-insulating-rubber-covers\/cover-for-fuse-key-and-knife-key\/","name":"Cover for Fuse Key and Knife Key","isPartOf":{"@id":"https:\/\/www.ritzbrasil.com\/en\/#website"},"primaryImageOfPage":{"@id":"https:\/\/www.ritzbrasil.com\/en\/produtos\/protective-and-insulating-rubber-covers\/cover-for-fuse-key-and-knife-key\/#primaryimage"},"image":{"@id":"https:\/\/www.ritzbrasil.com\/en\/produtos\/protective-and-insulating-rubber-covers\/cover-for-fuse-key-and-knife-key\/#primaryimage"},"thumbnailUrl":"https:\/\/www.ritzbrasil.com\/wp-content\/uploads\/2024\/08\/rc406-0009-cobertura-chave-fusivel-chave-faca.jpg","datePublished":"2024-08-29T12:39:57+00:00","dateModified":"2026-02-25T18:56:07+00:00","description":"Used as protection in structures where there are fuses or fuses, and can be installed using the contact or remote method.","breadcrumb":{"@id":"https:\/\/www.ritzbrasil.com\/en\/produtos\/protective-and-insulating-rubber-covers\/cover-for-fuse-key-and-knife-key\/#breadcrumb"},"inLanguage":"en-US","potentialAction":[{"@type":"ReadAction","target":["https:\/\/www.ritzbrasil.com\/en\/produtos\/protective-and-insulating-rubber-covers\/cover-for-fuse-key-and-knife-key\/"]}]},{"@type":"ImageObject","inLanguage":"en-US","@id":"https:\/\/www.ritzbrasil.com\/en\/produtos\/protective-and-insulating-rubber-covers\/cover-for-fuse-key-and-knife-key\/#primaryimage","url":"https:\/\/www.ritzbrasil.com\/wp-content\/uploads\/2024\/08\/rc406-0009-cobertura-chave-fusivel-chave-faca.jpg","contentUrl":"https:\/\/www.ritzbrasil.com\/wp-content\/uploads\/2024\/08\/rc406-0009-cobertura-chave-fusivel-chave-faca.jpg","width":1200,"height":1200,"caption":"RC406-0009 Cover for Fuse Key and Knife Key"},{"@type":"BreadcrumbList","@id":"https:\/\/www.ritzbrasil.com\/en\/produtos\/protective-and-insulating-rubber-covers\/cover-for-fuse-key-and-knife-key\/#breadcrumb","itemListElement":[{"@type":"ListItem","position":1,"name":"In\u00edcio","item":"https:\/\/www.ritzbrasil.com\/en\/"},{"@type":"ListItem","position":2,"name":"Shop","item":"https:\/\/www.ritzbrasil.com\/en\/shop\/"},{"@type":"ListItem","position":3,"name":"Cover for Fuse Key and Knife Key"}]},{"@type":"WebSite","@id":"https:\/\/www.ritzbrasil.com\/en\/#website","url":"https:\/\/www.ritzbrasil.com\/en\/","name":"Equipamentos de Manuten\u00e7\u00e3o e Seguran\u00e7a para o Setor El\u00e9trico - Ritz Brasil","description":"","potentialAction":[{"@type":"SearchAction","target":{"@type":"EntryPoint","urlTemplate":"https:\/\/www.ritzbrasil.com\/en\/?s={search_term_string}"},"query-input":{"@type":"PropertyValueSpecification","valueRequired":true,"valueName":"search_term_string"}}],"inLanguage":"en-US"}]}},"_links":{"self":[{"href":"https:\/\/www.ritzbrasil.com\/en\/wp-json\/wp\/v2\/product\/61291","targetHints":{"allow":["GET"]}}],"collection":[{"href":"https:\/\/www.ritzbrasil.com\/en\/wp-json\/wp\/v2\/product"}],"about":[{"href":"https:\/\/www.ritzbrasil.com\/en\/wp-json\/wp\/v2\/types\/product"}],"wp:featuredmedia":[{"embeddable":true,"href":"https:\/\/www.ritzbrasil.com\/en\/wp-json\/wp\/v2\/media\/57954"}],"wp:attachment":[{"href":"https:\/\/www.ritzbrasil.com\/en\/wp-json\/wp\/v2\/media?parent=61291"}],"wp:term":[{"taxonomy":"product_brand","embeddable":true,"href":"https:\/\/www.ritzbrasil.com\/en\/wp-json\/wp\/v2\/product_brand?post=61291"},{"taxonomy":"product_cat","embeddable":true,"href":"https:\/\/www.ritzbrasil.com\/en\/wp-json\/wp\/v2\/product_cat?post=61291"},{"taxonomy":"product_tag","embeddable":true,"href":"https:\/\/www.ritzbrasil.com\/en\/wp-json\/wp\/v2\/product_tag?post=61291"}],"curies":[{"name":"wp","href":"https:\/\/api.w.org\/{rel}","templated":true}]}}