{"id":61287,"date":"2024-08-29T14:26:47","date_gmt":"2024-08-29T17:26:47","guid":{"rendered":"https:\/\/www.ritzbrasil.com\/produtos\/uncategorized\/spiral-conductor-cover\/"},"modified":"2026-02-25T15:54:56","modified_gmt":"2026-02-25T18:54:56","slug":"spiral-conductor-cover","status":"publish","type":"product","link":"https:\/\/www.ritzbrasil.com\/en\/produtos\/protective-and-insulating-rubber-covers\/spiral-conductor-cover\/","title":{"rendered":"Spiral Conductor Cover"},"content":{"rendered":"<div class=\"wpb-content-wrapper\"><p>[vc_row][vc_column][vc_column_text css=&#8221;.vc_custom_1724952467107{margin-top: 20px !important;}&#8221;]<\/p>\n<h4><span style=\"color: #ff9900;\"><strong>Spiral Conductor Cover<\/strong><\/span><\/h4>\n<p>[\/vc_column_text][vc_column_text css=&#8221;.vc_custom_1724962054099{margin-top: -20px !important;}&#8221;]\n<div id=\"tablepress-Cobertura-Espiral-para-Condutor-scroll-wrapper\" class=\"tablepress-scroll-wrapper\">\n<table id=\"tablepress-Cobertura-Espiral-para-Condutor\" class=\"tablepress tablepress-id-Cobertura-Espiral-para-Condutor tablepress-responsive\">\n<thead>\n<tr class=\"row-1\">\n\t<td class=\"column-1\"><\/td><th class=\"column-2\">  Refer\u00eancias<\/th><th class=\"column-3\">Caracter\u00edstica<\/th><td class=\"column-4\"><\/td><td class=\"column-5\"><\/td>\n<\/tr>\n<\/thead>\n<tbody class=\"row-striping row-hover\">\n<tr class=\"row-2\">\n\t<td class=\"column-1\"><img decoding=\"async\" src=\"https:\/\/www.ritzbrasil.com\/wp-content\/uploads\/2024\/08\/cob31387-1-cobertura-espiral-condutor-150x150-1.jpg\" \/><\/td><td class=\"column-2\">COB31387-1<\/td><td class=\"column-3\">Comprimento aprox. 1.000 mm<br \/>\nTens\u00e3o nominal 72,5 kV (fase\/fase)<br \/>\nPeso Aprox.: 3,87 kg (8,51 lb)<\/td><td class=\"column-4\">    <button class=\"add-to-budget\" data-table-id=\"Cobertura-Espiral-para-Condutor\" data-reference=\"COB31387-1\" data-description=\"Cobertura Espiral para Condutor\" style=\"color:#ff4d00;\">\n        <img decoding=\"async\" src=\"https:\/\/www.ritzbrasil.com\/\/wp-content\/uploads\/2024\/07\/orcar-compras-tabela-new-1.png\" alt=\"Request quote\" title=\"Request quote\" \/>\n    <\/button>\n    <\/td><td class=\"column-5\"><a href=\"https:\/\/lojasritz.com.br\/catalogsearch\/result\/?q=COB31387-1\" target=\"_blank\" rel=\"noopener\"><img decoding=\"async\" src=\"https:\/\/www.ritzbrasil.com\/wp-content\/uploads\/2024\/07\/carrinho-compras-tabela.png\"  \/><\/a><\/td>\n<\/tr>\n<tr class=\"row-3\">\n\t<td class=\"column-1\"><img decoding=\"async\" src=\"https:\/\/www.ritzbrasil.com\/wp-content\/uploads\/2024\/08\/COB31387-2-cobertura-espiral-condutor-150x150-1.jpg\" \/><\/td><td class=\"column-2\">COB31387-2<\/td><td class=\"column-3\">Comprimento aprox. 1.300 mm<br \/>\nTens\u00e3o nominal 72,5 kV (fase\/fase)<br \/>\nPeso Aprox.: 5,25 kg (11,60 lb)<\/td><td class=\"column-4\">    <button class=\"add-to-budget\" data-table-id=\"Cobertura-Espiral-para-Condutor\" data-reference=\"COB31387-2\" data-description=\"Cobertura Espiral para Condutor\" style=\"color:#ff4d00;\">\n        <img decoding=\"async\" src=\"https:\/\/www.ritzbrasil.com\/\/wp-content\/uploads\/2024\/07\/orcar-compras-tabela-new-1.png\" alt=\"Request quote\" title=\"Request quote\" \/>\n    <\/button>\n    <\/td><td class=\"column-5\"><a href=\"https:\/\/lojasritz.com.br\/catalogsearch\/result\/?q=COB31387-2\" target=\"_blank\" rel=\"noopener\"><img decoding=\"async\" src=\"https:\/\/www.ritzbrasil.com\/wp-content\/uploads\/2024\/07\/carrinho-compras-tabela.png\"  \/><\/a><\/td>\n<\/tr>\n<\/tbody>\n<\/table>\n<\/div>\n[\/vc_column_text][vc_separator border_width=&#8221;2&#8243; css=&#8221;&#8221;][\/vc_column][\/vc_row]<\/p>\n<\/div>","protected":false},"excerpt":{"rendered":"<p>Nominal voltage 72.5kV (phase\/phase)<\/p>\n<p>Tested in accordance with ASTM F 712 standards, the spiral conductor cover ensures full compliance with safety regulations, providing peace of mind during its application and preventing accidental contact during maintenance procedures on energized networks.<\/p>\n<p>Made from tough thermoplastic, the cover offers exceptional dielectric strength and durability. Its orange color not only makes it easily visible, but also protects it from UV damage, ensuring its longevity.<\/p>\n<p>Simple to install, the cover has a clip that allows it to be fixed from a distance using a maneuvering pole and also allows the covers to be connected to each other so that the protection area can be extended as required, providing additional convenience and safety.<\/p>\n<p>The large air space between the two layers of solid insulation ensures compliance with insulation class 6, guaranteeing effective protection.<\/p>\n","protected":false},"featured_media":58032,"template":"","meta":[],"product_brand":[],"product_cat":[3095],"product_tag":[3510,3511,3509],"class_list":{"0":"post-61287","1":"product","2":"type-product","3":"status-publish","4":"has-post-thumbnail","6":"product_cat-protective-and-insulating-rubber-covers","7":"product_tag-cob31387-1-en","8":"product_tag-cob31387-2-en","9":"product_tag-spiral-conductor-cover","10":"description-off","12":"first","13":"instock","14":"virtual","15":"product-type-simple"},"yoast_head":"<!-- This site is optimized with the Yoast SEO plugin v27.1.1 - https:\/\/yoast.com\/product\/yoast-seo-wordpress\/ -->\n<title>Spiral Conductor Cover<\/title>\n<meta name=\"description\" content=\"In accordance with ASTM F 712, the spiral conductor cover guarantees safety and compliance, preventing accidental contact during maintenance of energized networks.\" \/>\n<meta name=\"robots\" content=\"index, follow, max-snippet:-1, max-image-preview:large, max-video-preview:-1\" \/>\n<link rel=\"canonical\" href=\"https:\/\/www.ritzbrasil.com\/en\/produtos\/protective-and-insulating-rubber-covers\/spiral-conductor-cover\/\" \/>\n<meta property=\"og:locale\" content=\"en_US\" \/>\n<meta property=\"og:type\" content=\"article\" \/>\n<meta property=\"og:title\" content=\"Spiral Conductor Cover\" \/>\n<meta property=\"og:description\" content=\"In accordance with ASTM F 712, the spiral conductor cover guarantees safety and compliance, preventing accidental contact during maintenance of energized networks.\" \/>\n<meta property=\"og:url\" content=\"https:\/\/www.ritzbrasil.com\/en\/produtos\/protective-and-insulating-rubber-covers\/spiral-conductor-cover\/\" \/>\n<meta property=\"og:site_name\" content=\"Equipamentos de Manuten\u00e7\u00e3o e Seguran\u00e7a para o Setor El\u00e9trico - Ritz Brasil\" \/>\n<meta property=\"article:modified_time\" content=\"2026-02-25T18:54:56+00:00\" \/>\n<meta property=\"og:image\" content=\"https:\/\/www.ritzbrasil.com\/wp-content\/uploads\/2024\/08\/COB31387-2-cobertura-espiral-condutor.jpg\" \/>\n\t<meta property=\"og:image:width\" content=\"1200\" \/>\n\t<meta property=\"og:image:height\" content=\"1200\" \/>\n\t<meta property=\"og:image:type\" content=\"image\/jpeg\" \/>\n<meta name=\"twitter:card\" content=\"summary_large_image\" \/>\n<meta name=\"twitter:label1\" content=\"Est. reading time\" \/>\n\t<meta name=\"twitter:data1\" content=\"1 minute\" \/>\n<script type=\"application\/ld+json\" class=\"yoast-schema-graph\">{\"@context\":\"https:\/\/schema.org\",\"@graph\":[{\"@type\":\"WebPage\",\"@id\":\"https:\/\/www.ritzbrasil.com\/en\/produtos\/protective-and-insulating-rubber-covers\/spiral-conductor-cover\/\",\"url\":\"https:\/\/www.ritzbrasil.com\/en\/produtos\/protective-and-insulating-rubber-covers\/spiral-conductor-cover\/\",\"name\":\"Spiral Conductor Cover\",\"isPartOf\":{\"@id\":\"https:\/\/www.ritzbrasil.com\/en\/#website\"},\"primaryImageOfPage\":{\"@id\":\"https:\/\/www.ritzbrasil.com\/en\/produtos\/protective-and-insulating-rubber-covers\/spiral-conductor-cover\/#primaryimage\"},\"image\":{\"@id\":\"https:\/\/www.ritzbrasil.com\/en\/produtos\/protective-and-insulating-rubber-covers\/spiral-conductor-cover\/#primaryimage\"},\"thumbnailUrl\":\"https:\/\/www.ritzbrasil.com\/wp-content\/uploads\/2024\/08\/COB31387-2-cobertura-espiral-condutor.jpg\",\"datePublished\":\"2024-08-29T17:26:47+00:00\",\"dateModified\":\"2026-02-25T18:54:56+00:00\",\"description\":\"In accordance with ASTM F 712, the spiral conductor cover guarantees safety and compliance, preventing accidental contact during maintenance of energized networks.\",\"breadcrumb\":{\"@id\":\"https:\/\/www.ritzbrasil.com\/en\/produtos\/protective-and-insulating-rubber-covers\/spiral-conductor-cover\/#breadcrumb\"},\"inLanguage\":\"en-US\",\"potentialAction\":[{\"@type\":\"ReadAction\",\"target\":[\"https:\/\/www.ritzbrasil.com\/en\/produtos\/protective-and-insulating-rubber-covers\/spiral-conductor-cover\/\"]}]},{\"@type\":\"ImageObject\",\"inLanguage\":\"en-US\",\"@id\":\"https:\/\/www.ritzbrasil.com\/en\/produtos\/protective-and-insulating-rubber-covers\/spiral-conductor-cover\/#primaryimage\",\"url\":\"https:\/\/www.ritzbrasil.com\/wp-content\/uploads\/2024\/08\/COB31387-2-cobertura-espiral-condutor.jpg\",\"contentUrl\":\"https:\/\/www.ritzbrasil.com\/wp-content\/uploads\/2024\/08\/COB31387-2-cobertura-espiral-condutor.jpg\",\"width\":1200,\"height\":1200,\"caption\":\"COB31387-2 Spiral Conductor Cover\"},{\"@type\":\"BreadcrumbList\",\"@id\":\"https:\/\/www.ritzbrasil.com\/en\/produtos\/protective-and-insulating-rubber-covers\/spiral-conductor-cover\/#breadcrumb\",\"itemListElement\":[{\"@type\":\"ListItem\",\"position\":1,\"name\":\"In\u00edcio\",\"item\":\"https:\/\/www.ritzbrasil.com\/en\/\"},{\"@type\":\"ListItem\",\"position\":2,\"name\":\"Shop\",\"item\":\"https:\/\/www.ritzbrasil.com\/en\/shop\/\"},{\"@type\":\"ListItem\",\"position\":3,\"name\":\"Spiral Conductor Cover\"}]},{\"@type\":\"WebSite\",\"@id\":\"https:\/\/www.ritzbrasil.com\/en\/#website\",\"url\":\"https:\/\/www.ritzbrasil.com\/en\/\",\"name\":\"Equipamentos de Manuten\u00e7\u00e3o e Seguran\u00e7a para o Setor El\u00e9trico - Ritz Brasil\",\"description\":\"\",\"potentialAction\":[{\"@type\":\"SearchAction\",\"target\":{\"@type\":\"EntryPoint\",\"urlTemplate\":\"https:\/\/www.ritzbrasil.com\/en\/?s={search_term_string}\"},\"query-input\":{\"@type\":\"PropertyValueSpecification\",\"valueRequired\":true,\"valueName\":\"search_term_string\"}}],\"inLanguage\":\"en-US\"}]}<\/script>\n<!-- \/ Yoast SEO plugin. -->","yoast_head_json":{"title":"Spiral Conductor Cover","description":"In accordance with ASTM F 712, the spiral conductor cover guarantees safety and compliance, preventing accidental contact during maintenance of energized networks.","robots":{"index":"index","follow":"follow","max-snippet":"max-snippet:-1","max-image-preview":"max-image-preview:large","max-video-preview":"max-video-preview:-1"},"canonical":"https:\/\/www.ritzbrasil.com\/en\/produtos\/protective-and-insulating-rubber-covers\/spiral-conductor-cover\/","og_locale":"en_US","og_type":"article","og_title":"Spiral Conductor Cover","og_description":"In accordance with ASTM F 712, the spiral conductor cover guarantees safety and compliance, preventing accidental contact during maintenance of energized networks.","og_url":"https:\/\/www.ritzbrasil.com\/en\/produtos\/protective-and-insulating-rubber-covers\/spiral-conductor-cover\/","og_site_name":"Equipamentos de Manuten\u00e7\u00e3o e Seguran\u00e7a para o Setor El\u00e9trico - Ritz Brasil","article_modified_time":"2026-02-25T18:54:56+00:00","og_image":[{"width":1200,"height":1200,"url":"https:\/\/www.ritzbrasil.com\/wp-content\/uploads\/2024\/08\/COB31387-2-cobertura-espiral-condutor.jpg","type":"image\/jpeg"}],"twitter_card":"summary_large_image","twitter_misc":{"Est. reading time":"1 minute"},"schema":{"@context":"https:\/\/schema.org","@graph":[{"@type":"WebPage","@id":"https:\/\/www.ritzbrasil.com\/en\/produtos\/protective-and-insulating-rubber-covers\/spiral-conductor-cover\/","url":"https:\/\/www.ritzbrasil.com\/en\/produtos\/protective-and-insulating-rubber-covers\/spiral-conductor-cover\/","name":"Spiral Conductor Cover","isPartOf":{"@id":"https:\/\/www.ritzbrasil.com\/en\/#website"},"primaryImageOfPage":{"@id":"https:\/\/www.ritzbrasil.com\/en\/produtos\/protective-and-insulating-rubber-covers\/spiral-conductor-cover\/#primaryimage"},"image":{"@id":"https:\/\/www.ritzbrasil.com\/en\/produtos\/protective-and-insulating-rubber-covers\/spiral-conductor-cover\/#primaryimage"},"thumbnailUrl":"https:\/\/www.ritzbrasil.com\/wp-content\/uploads\/2024\/08\/COB31387-2-cobertura-espiral-condutor.jpg","datePublished":"2024-08-29T17:26:47+00:00","dateModified":"2026-02-25T18:54:56+00:00","description":"In accordance with ASTM F 712, the spiral conductor cover guarantees safety and compliance, preventing accidental contact during maintenance of energized networks.","breadcrumb":{"@id":"https:\/\/www.ritzbrasil.com\/en\/produtos\/protective-and-insulating-rubber-covers\/spiral-conductor-cover\/#breadcrumb"},"inLanguage":"en-US","potentialAction":[{"@type":"ReadAction","target":["https:\/\/www.ritzbrasil.com\/en\/produtos\/protective-and-insulating-rubber-covers\/spiral-conductor-cover\/"]}]},{"@type":"ImageObject","inLanguage":"en-US","@id":"https:\/\/www.ritzbrasil.com\/en\/produtos\/protective-and-insulating-rubber-covers\/spiral-conductor-cover\/#primaryimage","url":"https:\/\/www.ritzbrasil.com\/wp-content\/uploads\/2024\/08\/COB31387-2-cobertura-espiral-condutor.jpg","contentUrl":"https:\/\/www.ritzbrasil.com\/wp-content\/uploads\/2024\/08\/COB31387-2-cobertura-espiral-condutor.jpg","width":1200,"height":1200,"caption":"COB31387-2 Spiral Conductor Cover"},{"@type":"BreadcrumbList","@id":"https:\/\/www.ritzbrasil.com\/en\/produtos\/protective-and-insulating-rubber-covers\/spiral-conductor-cover\/#breadcrumb","itemListElement":[{"@type":"ListItem","position":1,"name":"In\u00edcio","item":"https:\/\/www.ritzbrasil.com\/en\/"},{"@type":"ListItem","position":2,"name":"Shop","item":"https:\/\/www.ritzbrasil.com\/en\/shop\/"},{"@type":"ListItem","position":3,"name":"Spiral Conductor Cover"}]},{"@type":"WebSite","@id":"https:\/\/www.ritzbrasil.com\/en\/#website","url":"https:\/\/www.ritzbrasil.com\/en\/","name":"Equipamentos de Manuten\u00e7\u00e3o e Seguran\u00e7a para o Setor El\u00e9trico - Ritz Brasil","description":"","potentialAction":[{"@type":"SearchAction","target":{"@type":"EntryPoint","urlTemplate":"https:\/\/www.ritzbrasil.com\/en\/?s={search_term_string}"},"query-input":{"@type":"PropertyValueSpecification","valueRequired":true,"valueName":"search_term_string"}}],"inLanguage":"en-US"}]}},"_links":{"self":[{"href":"https:\/\/www.ritzbrasil.com\/en\/wp-json\/wp\/v2\/product\/61287","targetHints":{"allow":["GET"]}}],"collection":[{"href":"https:\/\/www.ritzbrasil.com\/en\/wp-json\/wp\/v2\/product"}],"about":[{"href":"https:\/\/www.ritzbrasil.com\/en\/wp-json\/wp\/v2\/types\/product"}],"wp:featuredmedia":[{"embeddable":true,"href":"https:\/\/www.ritzbrasil.com\/en\/wp-json\/wp\/v2\/media\/58032"}],"wp:attachment":[{"href":"https:\/\/www.ritzbrasil.com\/en\/wp-json\/wp\/v2\/media?parent=61287"}],"wp:term":[{"taxonomy":"product_brand","embeddable":true,"href":"https:\/\/www.ritzbrasil.com\/en\/wp-json\/wp\/v2\/product_brand?post=61287"},{"taxonomy":"product_cat","embeddable":true,"href":"https:\/\/www.ritzbrasil.com\/en\/wp-json\/wp\/v2\/product_cat?post=61287"},{"taxonomy":"product_tag","embeddable":true,"href":"https:\/\/www.ritzbrasil.com\/en\/wp-json\/wp\/v2\/product_tag?post=61287"}],"curies":[{"name":"wp","href":"https:\/\/api.w.org\/{rel}","templated":true}]}}