{"id":61283,"date":"2024-08-29T09:40:22","date_gmt":"2024-08-29T12:40:22","guid":{"rendered":"https:\/\/www.ritzbrasil.com\/produtos\/uncategorized\/blocking-and-signaling-cover-for-switches-and-fuses\/"},"modified":"2026-02-25T15:55:57","modified_gmt":"2026-02-25T18:55:57","slug":"blocking-and-signaling-cover-for-switches-and-fuses","status":"publish","type":"product","link":"https:\/\/www.ritzbrasil.com\/en\/produtos\/protective-and-insulating-rubber-covers\/blocking-and-signaling-cover-for-switches-and-fuses\/","title":{"rendered":"Blocking and Signaling Cover for Switches and Fuses"},"content":{"rendered":"<div class=\"wpb-content-wrapper\"><p>[vc_row][vc_column][vc_column_text css=&#8221;.vc_custom_1735910639557{margin-top: 20px !important;}&#8221;]<\/p>\n<h4><span style=\"color: #ff9900;\"><strong>Blocking and Signaling Cover for Switches and Fuses<\/strong><\/span><\/h4>\n<p>[\/vc_column_text][vc_column_text css=&#8221;.vc_custom_1735910686405{margin-top: -20px !important;}&#8221;]\n<div id=\"tablepress-Cobertura-Bloqueadora-Sinalizadora-Chaves-Seccionadoras-Fusiveis-scroll-wrapper\" class=\"tablepress-scroll-wrapper\">\n<table id=\"tablepress-Cobertura-Bloqueadora-Sinalizadora-Chaves-Seccionadoras-Fusiveis\" class=\"tablepress tablepress-id-Cobertura-Bloqueadora-Sinalizadora-Chaves-Seccionadoras-Fusiveis tablepress-responsive\">\n<thead>\n<tr class=\"row-1\">\n\t<td class=\"column-1\"><\/td><th class=\"column-2\">  Refer\u00eancias<\/th><th class=\"column-3\">Caracter\u00edstica<\/th><td class=\"column-4\"><\/td><td class=\"column-5\"><\/td>\n<\/tr>\n<\/thead>\n<tbody class=\"row-striping row-hover\">\n<tr class=\"row-2\">\n\t<td class=\"column-1\"><img decoding=\"async\" src=\"https:\/\/www.ritzbrasil.com\/wp-content\/uploads\/2025\/01\/cob32182-1-cobertura-bloqueadora-sinalizadora-chaves-seccionadoras-fusiveis-150x150-1.jpg\" \/><\/td><td class=\"column-2\">COB32182-1<\/td><td class=\"column-3\">Conjunto de 3 pe\u00e7as da COB31742-1<\/td><td class=\"column-4\">    <button class=\"add-to-budget\" data-table-id=\"Cobertura-Bloqueadora-Sinalizadora-Chaves-Seccionadoras-Fusiveis\" data-reference=\"COB32182-1\" data-description=\"Cobertura Bloqueadora e Sinalizadora de Chaves Seccionadoras e Fus\u00edveis\" style=\"color:#ff4d00;\">\n        <img decoding=\"async\" src=\"https:\/\/www.ritzbrasil.com\/\/wp-content\/uploads\/2024\/07\/orcar-compras-tabela-new-1.png\" alt=\"Request quote\" title=\"Request quote\" \/>\n    <\/button>\n    <\/td><td class=\"column-5\"><a href=\"https:\/\/lojasritz.com.br\/catalogsearch\/result\/?q=COB32182-1\" target=\"_blank\" rel=\"noopener\"><img decoding=\"async\" src=\"https:\/\/www.ritzbrasil.com\/wp-content\/uploads\/2024\/07\/carrinho-compras-tabela.png\"  \/><\/a><\/td>\n<\/tr>\n<tr class=\"row-3\">\n\t<td class=\"column-1\"><img decoding=\"async\" src=\"https:\/\/www.ritzbrasil.com\/wp-content\/uploads\/2025\/01\/cob31742-1-cobertura-bloqueadora-sinalizadora-chaves-seccionadoras-fusiveis-150x150-1.jpg\" \/><\/td><td class=\"column-2\">COB31742-1<\/td><td class=\"column-3\">Cobertura bloqueadora e sinalizadora de chaves seccionadoras e fus\u00edveis.<\/td><td class=\"column-4\">    <button class=\"add-to-budget\" data-table-id=\"Cobertura-Bloqueadora-Sinalizadora-Chaves-Seccionadoras-Fusiveis\" data-reference=\"COB31742-1\" data-description=\"Cobertura Bloqueadora e Sinalizadora de Chaves Seccionadoras e Fus\u00edveis\" style=\"color:#ff4d00;\">\n        <img decoding=\"async\" src=\"https:\/\/www.ritzbrasil.com\/\/wp-content\/uploads\/2024\/07\/orcar-compras-tabela-new-1.png\" alt=\"Request quote\" title=\"Request quote\" \/>\n    <\/button>\n    <\/td><td class=\"column-5\"><a href=\"https:\/\/lojasritz.com.br\/catalogsearch\/result\/?q=COB31742-1\" target=\"_blank\" rel=\"noopener\"><img decoding=\"async\" src=\"https:\/\/www.ritzbrasil.com\/wp-content\/uploads\/2024\/07\/carrinho-compras-tabela.png\"  \/><\/a><\/td>\n<\/tr>\n<\/tbody>\n<\/table>\n<\/div>\n[\/vc_column_text][vc_separator border_width=&#8221;2&#8243; css=&#8221;&#8221;][\/vc_column][\/vc_row]<\/p>\n<\/div>","protected":false},"excerpt":{"rendered":"<p>Blocking and signaling covers are essential for mechanically and visually preventing the accidental reconnection of electrical installations. Practical to install from the ground, using a pole or maneuvering rod with a suitable head, they guarantee efficient and safe maintenance.<\/p>\n<p>Meeting the requirements of NR-10, item 10.5.1, these covers are crucial for the maintenance of electrical systems, ensuring that re-energization is prevented and signaled. Made from rigid polyethylene with high dielectric strength, they are resistant to ozone and UV rays, ensuring durability and safety.<\/p>\n<p>With their vibrant orange color and signaling sticker, these covers are easily visible even from long distances, providing a clear indication of safety.<\/p>\n<p>&nbsp;<\/p>\n<h4><span style=\"color: #ff6600;\">Get your quote now. It&#8217;s very simple! <\/span><\/h4>\n<ul>\n<li><strong>Find the Ideal Model<\/strong>: Consult the available tables to identify the model that meets your needs.<\/li>\n<li><strong>Direct Request<\/strong>: Click on the &#8220;$&#8221; icon to send your request directly to our sales team.<\/li>\n<li><strong>Online shopping<\/strong>: Prefer to buy directly? Access the LojasRitz e-commerce site by clicking on the &#8220;cart&#8221; icon and purchase the product in a safe and practical way.<\/li>\n<\/ul>\n","protected":false},"featured_media":60502,"template":"","meta":[],"product_brand":[],"product_cat":[3095],"product_tag":[3465,3463,3464,3467,3466],"class_list":{"0":"post-61283","1":"product","2":"type-product","3":"status-publish","4":"has-post-thumbnail","6":"product_cat-protective-and-insulating-rubber-covers","7":"product_tag-blocking-cover","8":"product_tag-cob31742-1-en","9":"product_tag-cob32182-1-en","10":"product_tag-fuse-switch","11":"product_tag-switches","12":"description-off","14":"first","15":"instock","16":"virtual","17":"product-type-simple"},"yoast_head":"<!-- This site is optimized with the Yoast SEO plugin v27.1.1 - https:\/\/yoast.com\/product\/yoast-seo-wordpress\/ -->\n<title>Blocking Cover for Switches and Fuses<\/title>\n<meta name=\"description\" content=\"Blocking and signaling covers are essential for mechanically and visually preventing the accidental reconnection of electrical installations.\" \/>\n<meta name=\"robots\" content=\"index, follow, max-snippet:-1, max-image-preview:large, max-video-preview:-1\" \/>\n<link rel=\"canonical\" href=\"https:\/\/www.ritzbrasil.com\/en\/produtos\/protective-and-insulating-rubber-covers\/blocking-and-signaling-cover-for-switches-and-fuses\/\" \/>\n<meta property=\"og:locale\" content=\"en_US\" \/>\n<meta property=\"og:type\" content=\"article\" \/>\n<meta property=\"og:title\" content=\"Blocking Cover for Switches and Fuses\" \/>\n<meta property=\"og:description\" content=\"Blocking and signaling covers are essential for mechanically and visually preventing the accidental reconnection of electrical installations.\" \/>\n<meta property=\"og:url\" content=\"https:\/\/www.ritzbrasil.com\/en\/produtos\/protective-and-insulating-rubber-covers\/blocking-and-signaling-cover-for-switches-and-fuses\/\" \/>\n<meta property=\"og:site_name\" content=\"Equipamentos de Manuten\u00e7\u00e3o e Seguran\u00e7a para o Setor El\u00e9trico - Ritz Brasil\" \/>\n<meta property=\"article:modified_time\" content=\"2026-02-25T18:55:57+00:00\" \/>\n<meta property=\"og:image\" content=\"https:\/\/www.ritzbrasil.com\/wp-content\/uploads\/2025\/01\/cob31742-1-cobertura-bloqueadora-sinalizadora-chaves-seccionadoras-fusiveis.jpg\" \/>\n\t<meta property=\"og:image:width\" content=\"1200\" \/>\n\t<meta property=\"og:image:height\" content=\"1200\" \/>\n\t<meta property=\"og:image:type\" content=\"image\/jpeg\" \/>\n<meta name=\"twitter:card\" content=\"summary_large_image\" \/>\n<meta name=\"twitter:label1\" content=\"Est. reading time\" \/>\n\t<meta name=\"twitter:data1\" content=\"1 minute\" \/>\n<script type=\"application\/ld+json\" class=\"yoast-schema-graph\">{\"@context\":\"https:\/\/schema.org\",\"@graph\":[{\"@type\":\"WebPage\",\"@id\":\"https:\/\/www.ritzbrasil.com\/en\/produtos\/protective-and-insulating-rubber-covers\/blocking-and-signaling-cover-for-switches-and-fuses\/\",\"url\":\"https:\/\/www.ritzbrasil.com\/en\/produtos\/protective-and-insulating-rubber-covers\/blocking-and-signaling-cover-for-switches-and-fuses\/\",\"name\":\"Blocking Cover for Switches and Fuses\",\"isPartOf\":{\"@id\":\"https:\/\/www.ritzbrasil.com\/en\/#website\"},\"primaryImageOfPage\":{\"@id\":\"https:\/\/www.ritzbrasil.com\/en\/produtos\/protective-and-insulating-rubber-covers\/blocking-and-signaling-cover-for-switches-and-fuses\/#primaryimage\"},\"image\":{\"@id\":\"https:\/\/www.ritzbrasil.com\/en\/produtos\/protective-and-insulating-rubber-covers\/blocking-and-signaling-cover-for-switches-and-fuses\/#primaryimage\"},\"thumbnailUrl\":\"https:\/\/www.ritzbrasil.com\/wp-content\/uploads\/2025\/01\/cob31742-1-cobertura-bloqueadora-sinalizadora-chaves-seccionadoras-fusiveis.jpg\",\"datePublished\":\"2024-08-29T12:40:22+00:00\",\"dateModified\":\"2026-02-25T18:55:57+00:00\",\"description\":\"Blocking and signaling covers are essential for mechanically and visually preventing the accidental reconnection of electrical installations.\",\"breadcrumb\":{\"@id\":\"https:\/\/www.ritzbrasil.com\/en\/produtos\/protective-and-insulating-rubber-covers\/blocking-and-signaling-cover-for-switches-and-fuses\/#breadcrumb\"},\"inLanguage\":\"en-US\",\"potentialAction\":[{\"@type\":\"ReadAction\",\"target\":[\"https:\/\/www.ritzbrasil.com\/en\/produtos\/protective-and-insulating-rubber-covers\/blocking-and-signaling-cover-for-switches-and-fuses\/\"]}]},{\"@type\":\"ImageObject\",\"inLanguage\":\"en-US\",\"@id\":\"https:\/\/www.ritzbrasil.com\/en\/produtos\/protective-and-insulating-rubber-covers\/blocking-and-signaling-cover-for-switches-and-fuses\/#primaryimage\",\"url\":\"https:\/\/www.ritzbrasil.com\/wp-content\/uploads\/2025\/01\/cob31742-1-cobertura-bloqueadora-sinalizadora-chaves-seccionadoras-fusiveis.jpg\",\"contentUrl\":\"https:\/\/www.ritzbrasil.com\/wp-content\/uploads\/2025\/01\/cob31742-1-cobertura-bloqueadora-sinalizadora-chaves-seccionadoras-fusiveis.jpg\",\"width\":1200,\"height\":1200,\"caption\":\"COB31742-1 Blocking and Signaling Cover for Switches and Fuses\"},{\"@type\":\"BreadcrumbList\",\"@id\":\"https:\/\/www.ritzbrasil.com\/en\/produtos\/protective-and-insulating-rubber-covers\/blocking-and-signaling-cover-for-switches-and-fuses\/#breadcrumb\",\"itemListElement\":[{\"@type\":\"ListItem\",\"position\":1,\"name\":\"In\u00edcio\",\"item\":\"https:\/\/www.ritzbrasil.com\/en\/\"},{\"@type\":\"ListItem\",\"position\":2,\"name\":\"Shop\",\"item\":\"https:\/\/www.ritzbrasil.com\/en\/shop\/\"},{\"@type\":\"ListItem\",\"position\":3,\"name\":\"Blocking and Signaling Cover for Switches and Fuses\"}]},{\"@type\":\"WebSite\",\"@id\":\"https:\/\/www.ritzbrasil.com\/en\/#website\",\"url\":\"https:\/\/www.ritzbrasil.com\/en\/\",\"name\":\"Equipamentos de Manuten\u00e7\u00e3o e Seguran\u00e7a para o Setor El\u00e9trico - Ritz Brasil\",\"description\":\"\",\"potentialAction\":[{\"@type\":\"SearchAction\",\"target\":{\"@type\":\"EntryPoint\",\"urlTemplate\":\"https:\/\/www.ritzbrasil.com\/en\/?s={search_term_string}\"},\"query-input\":{\"@type\":\"PropertyValueSpecification\",\"valueRequired\":true,\"valueName\":\"search_term_string\"}}],\"inLanguage\":\"en-US\"}]}<\/script>\n<!-- \/ Yoast SEO plugin. -->","yoast_head_json":{"title":"Blocking Cover for Switches and Fuses","description":"Blocking and signaling covers are essential for mechanically and visually preventing the accidental reconnection of electrical installations.","robots":{"index":"index","follow":"follow","max-snippet":"max-snippet:-1","max-image-preview":"max-image-preview:large","max-video-preview":"max-video-preview:-1"},"canonical":"https:\/\/www.ritzbrasil.com\/en\/produtos\/protective-and-insulating-rubber-covers\/blocking-and-signaling-cover-for-switches-and-fuses\/","og_locale":"en_US","og_type":"article","og_title":"Blocking Cover for Switches and Fuses","og_description":"Blocking and signaling covers are essential for mechanically and visually preventing the accidental reconnection of electrical installations.","og_url":"https:\/\/www.ritzbrasil.com\/en\/produtos\/protective-and-insulating-rubber-covers\/blocking-and-signaling-cover-for-switches-and-fuses\/","og_site_name":"Equipamentos de Manuten\u00e7\u00e3o e Seguran\u00e7a para o Setor El\u00e9trico - Ritz Brasil","article_modified_time":"2026-02-25T18:55:57+00:00","og_image":[{"width":1200,"height":1200,"url":"https:\/\/www.ritzbrasil.com\/wp-content\/uploads\/2025\/01\/cob31742-1-cobertura-bloqueadora-sinalizadora-chaves-seccionadoras-fusiveis.jpg","type":"image\/jpeg"}],"twitter_card":"summary_large_image","twitter_misc":{"Est. reading time":"1 minute"},"schema":{"@context":"https:\/\/schema.org","@graph":[{"@type":"WebPage","@id":"https:\/\/www.ritzbrasil.com\/en\/produtos\/protective-and-insulating-rubber-covers\/blocking-and-signaling-cover-for-switches-and-fuses\/","url":"https:\/\/www.ritzbrasil.com\/en\/produtos\/protective-and-insulating-rubber-covers\/blocking-and-signaling-cover-for-switches-and-fuses\/","name":"Blocking Cover for Switches and Fuses","isPartOf":{"@id":"https:\/\/www.ritzbrasil.com\/en\/#website"},"primaryImageOfPage":{"@id":"https:\/\/www.ritzbrasil.com\/en\/produtos\/protective-and-insulating-rubber-covers\/blocking-and-signaling-cover-for-switches-and-fuses\/#primaryimage"},"image":{"@id":"https:\/\/www.ritzbrasil.com\/en\/produtos\/protective-and-insulating-rubber-covers\/blocking-and-signaling-cover-for-switches-and-fuses\/#primaryimage"},"thumbnailUrl":"https:\/\/www.ritzbrasil.com\/wp-content\/uploads\/2025\/01\/cob31742-1-cobertura-bloqueadora-sinalizadora-chaves-seccionadoras-fusiveis.jpg","datePublished":"2024-08-29T12:40:22+00:00","dateModified":"2026-02-25T18:55:57+00:00","description":"Blocking and signaling covers are essential for mechanically and visually preventing the accidental reconnection of electrical installations.","breadcrumb":{"@id":"https:\/\/www.ritzbrasil.com\/en\/produtos\/protective-and-insulating-rubber-covers\/blocking-and-signaling-cover-for-switches-and-fuses\/#breadcrumb"},"inLanguage":"en-US","potentialAction":[{"@type":"ReadAction","target":["https:\/\/www.ritzbrasil.com\/en\/produtos\/protective-and-insulating-rubber-covers\/blocking-and-signaling-cover-for-switches-and-fuses\/"]}]},{"@type":"ImageObject","inLanguage":"en-US","@id":"https:\/\/www.ritzbrasil.com\/en\/produtos\/protective-and-insulating-rubber-covers\/blocking-and-signaling-cover-for-switches-and-fuses\/#primaryimage","url":"https:\/\/www.ritzbrasil.com\/wp-content\/uploads\/2025\/01\/cob31742-1-cobertura-bloqueadora-sinalizadora-chaves-seccionadoras-fusiveis.jpg","contentUrl":"https:\/\/www.ritzbrasil.com\/wp-content\/uploads\/2025\/01\/cob31742-1-cobertura-bloqueadora-sinalizadora-chaves-seccionadoras-fusiveis.jpg","width":1200,"height":1200,"caption":"COB31742-1 Blocking and Signaling Cover for Switches and Fuses"},{"@type":"BreadcrumbList","@id":"https:\/\/www.ritzbrasil.com\/en\/produtos\/protective-and-insulating-rubber-covers\/blocking-and-signaling-cover-for-switches-and-fuses\/#breadcrumb","itemListElement":[{"@type":"ListItem","position":1,"name":"In\u00edcio","item":"https:\/\/www.ritzbrasil.com\/en\/"},{"@type":"ListItem","position":2,"name":"Shop","item":"https:\/\/www.ritzbrasil.com\/en\/shop\/"},{"@type":"ListItem","position":3,"name":"Blocking and Signaling Cover for Switches and Fuses"}]},{"@type":"WebSite","@id":"https:\/\/www.ritzbrasil.com\/en\/#website","url":"https:\/\/www.ritzbrasil.com\/en\/","name":"Equipamentos de Manuten\u00e7\u00e3o e Seguran\u00e7a para o Setor El\u00e9trico - Ritz Brasil","description":"","potentialAction":[{"@type":"SearchAction","target":{"@type":"EntryPoint","urlTemplate":"https:\/\/www.ritzbrasil.com\/en\/?s={search_term_string}"},"query-input":{"@type":"PropertyValueSpecification","valueRequired":true,"valueName":"search_term_string"}}],"inLanguage":"en-US"}]}},"_links":{"self":[{"href":"https:\/\/www.ritzbrasil.com\/en\/wp-json\/wp\/v2\/product\/61283","targetHints":{"allow":["GET"]}}],"collection":[{"href":"https:\/\/www.ritzbrasil.com\/en\/wp-json\/wp\/v2\/product"}],"about":[{"href":"https:\/\/www.ritzbrasil.com\/en\/wp-json\/wp\/v2\/types\/product"}],"wp:featuredmedia":[{"embeddable":true,"href":"https:\/\/www.ritzbrasil.com\/en\/wp-json\/wp\/v2\/media\/60502"}],"wp:attachment":[{"href":"https:\/\/www.ritzbrasil.com\/en\/wp-json\/wp\/v2\/media?parent=61283"}],"wp:term":[{"taxonomy":"product_brand","embeddable":true,"href":"https:\/\/www.ritzbrasil.com\/en\/wp-json\/wp\/v2\/product_brand?post=61283"},{"taxonomy":"product_cat","embeddable":true,"href":"https:\/\/www.ritzbrasil.com\/en\/wp-json\/wp\/v2\/product_cat?post=61283"},{"taxonomy":"product_tag","embeddable":true,"href":"https:\/\/www.ritzbrasil.com\/en\/wp-json\/wp\/v2\/product_tag?post=61283"}],"curies":[{"name":"wp","href":"https:\/\/api.w.org\/{rel}","templated":true}]}}