{"id":61279,"date":"2024-09-05T09:13:19","date_gmt":"2024-09-05T12:13:19","guid":{"rendered":"https:\/\/www.ritzbrasil.com\/produtos\/uncategorized\/ritzglas-oblong-profile-ladder\/"},"modified":"2026-02-25T15:53:17","modified_gmt":"2026-02-25T18:53:17","slug":"ritzglas-oblong-profile-ladder","status":"publish","type":"product","link":"https:\/\/www.ritzbrasil.com\/en\/produtos\/ladders-platforms-and-insulated-scaffolding\/ritzglas-oblong-profile-ladder\/","title":{"rendered":"Ritzglas\u00ae Oblong Profile Ladder"},"content":{"rendered":"<div class=\"wpb-content-wrapper\"><p>[vc_row][vc_column][vc_column_text css=&#8221;.vc_custom_1725537213924{margin-top: 20px !important;}&#8221;]<\/p>\n<h4><span style=\"color: #ff9900;\"><strong>Simple staircase<\/strong><\/span><\/h4>\n<p>[\/vc_column_text][vc_column_text css=&#8221;.vc_custom_1725628268395{margin-top: -20px !important;}&#8221;]\n<div id=\"tablepress-Escada-Perfil-Oblongo-Escada-Simples-scroll-wrapper\" class=\"tablepress-scroll-wrapper\">\n<table id=\"tablepress-Escada-Perfil-Oblongo-Escada-Simples\" class=\"tablepress tablepress-id-Escada-Perfil-Oblongo-Escada-Simples tablepress-responsive\">\n<thead>\n<tr class=\"row-1\">\n\t<td class=\"column-1\"><\/td><th class=\"column-2\">  Refer\u00eancias<\/th><th class=\"column-3\">Caracter\u00edstica<\/th><td class=\"column-4\"><\/td><td class=\"column-5\"><\/td>\n<\/tr>\n<\/thead>\n<tbody class=\"row-striping row-hover\">\n<tr class=\"row-2\">\n\t<td class=\"column-1\"><img decoding=\"async\" src=\"https:\/\/www.ritzbrasil.com\/wp-content\/uploads\/2024\/09\/escada-simples-perfil-oblongo-ritzglas-150x150-1.jpg\" \/><\/td><td class=\"column-2\">ES\/PR-8\/27-CN-SM<\/td><td class=\"column-3\"><\/td><td class=\"column-4\">    <button class=\"add-to-budget\" data-table-id=\"Escada-Perfil-Oblongo-Escada-Simples\" data-reference=\"ES\/PR-8\/27-CN-SM\" data-description=\"Escada com Perfil Oblongo - Escada Simples\" style=\"color:#ff4d00;\">\n        <img decoding=\"async\" src=\"https:\/\/www.ritzbrasil.com\/\/wp-content\/uploads\/2024\/07\/orcar-compras-tabela-new-1.png\" alt=\"Request quote\" title=\"Request quote\" \/>\n    <\/button>\n    <\/td><td class=\"column-5\"><a href=\"https:\/\/lojasritz.com.br\/catalogsearch\/result\/?q=ES\/PR-8\/27-CN-SM\" target=\"_blank\" rel=\"noopener\"><img decoding=\"async\" src=\"https:\/\/www.ritzbrasil.com\/wp-content\/uploads\/2024\/07\/carrinho-compras-tabela.png\"  \/><\/a><\/td>\n<\/tr>\n<tr class=\"row-3\">\n\t<td class=\"column-1\"><img decoding=\"async\" src=\"https:\/\/www.ritzbrasil.com\/wp-content\/uploads\/2024\/09\/escada-simples-perfil-oblongo-ritzglas-150x150-1.jpg\" \/><\/td><td class=\"column-2\">ES\/PR-8\/40-CN-SM<\/td><td class=\"column-3\"><\/td><td class=\"column-4\">    <button class=\"add-to-budget\" data-table-id=\"Escada-Perfil-Oblongo-Escada-Simples\" data-reference=\"ES\/PR-8\/40-CN-SM\" data-description=\"Escada com Perfil Oblongo - Escada Simples\" style=\"color:#ff4d00;\">\n        <img decoding=\"async\" src=\"https:\/\/www.ritzbrasil.com\/\/wp-content\/uploads\/2024\/07\/orcar-compras-tabela-new-1.png\" alt=\"Request quote\" title=\"Request quote\" \/>\n    <\/button>\n    <\/td><td class=\"column-5\"><a href=\"https:\/\/lojasritz.com.br\/catalogsearch\/result\/?q=ES\/PR-8\/40-CN-SM\" target=\"_blank\" rel=\"noopener\"><img decoding=\"async\" src=\"https:\/\/www.ritzbrasil.com\/wp-content\/uploads\/2024\/07\/carrinho-compras-tabela.png\"  \/><\/a><\/td>\n<\/tr>\n<tr class=\"row-4\">\n\t<td class=\"column-1\"><img decoding=\"async\" src=\"https:\/\/www.ritzbrasil.com\/wp-content\/uploads\/2024\/09\/escada-simples-perfil-oblongo-ritzglas-150x150-1.jpg\" \/><\/td><td class=\"column-2\">ES\/PR-8\/46-CN-SM<\/td><td class=\"column-3\"><\/td><td class=\"column-4\">    <button class=\"add-to-budget\" data-table-id=\"Escada-Perfil-Oblongo-Escada-Simples\" data-reference=\"ES\/PR-8\/46-CN-SM\" data-description=\"Escada com Perfil Oblongo - Escada Simples\" style=\"color:#ff4d00;\">\n        <img decoding=\"async\" src=\"https:\/\/www.ritzbrasil.com\/\/wp-content\/uploads\/2024\/07\/orcar-compras-tabela-new-1.png\" alt=\"Request quote\" title=\"Request quote\" \/>\n    <\/button>\n    <\/td><td class=\"column-5\"><a href=\"https:\/\/lojasritz.com.br\/catalogsearch\/result\/?q=ES\/PR-8\/46-CN-SM\" target=\"_blank\" rel=\"noopener\"><img decoding=\"async\" src=\"https:\/\/www.ritzbrasil.com\/wp-content\/uploads\/2024\/07\/carrinho-compras-tabela.png\"  \/><\/a><\/td>\n<\/tr>\n<tr class=\"row-5\">\n\t<td class=\"column-1\"><img decoding=\"async\" src=\"https:\/\/www.ritzbrasil.com\/wp-content\/uploads\/2024\/09\/escada-simples-perfil-oblongo-ritzglas-150x150-1.jpg\" \/><\/td><td class=\"column-2\">ES\/PR-8\/58-CN-SM<\/td><td class=\"column-3\"><\/td><td class=\"column-4\">    <button class=\"add-to-budget\" data-table-id=\"Escada-Perfil-Oblongo-Escada-Simples\" data-reference=\"ES\/PR-8\/58-CN-SM\" data-description=\"Escada com Perfil Oblongo - Escada Simples\" style=\"color:#ff4d00;\">\n        <img decoding=\"async\" src=\"https:\/\/www.ritzbrasil.com\/\/wp-content\/uploads\/2024\/07\/orcar-compras-tabela-new-1.png\" alt=\"Request quote\" title=\"Request quote\" \/>\n    <\/button>\n    <\/td><td class=\"column-5\"><a href=\"https:\/\/lojasritz.com.br\/catalogsearch\/result\/?q=ES\/PR-8\/58-CN-SM\" target=\"_blank\" rel=\"noopener\"><img decoding=\"async\" src=\"https:\/\/www.ritzbrasil.com\/wp-content\/uploads\/2024\/07\/carrinho-compras-tabela.png\"  \/><\/a><\/td>\n<\/tr>\n<\/tbody>\n<\/table>\n<\/div>\n[\/vc_column_text][vc_column_text css=&#8221;.vc_custom_1725537254011{margin-top: -20px !important;}&#8221;]Internal width between rails: 305 mm<br \/>\nDistance between steps: 305 mm[\/vc_column_text][vc_separator border_width=&#8221;2&#8243; css=&#8221;&#8221;][\/vc_column][\/vc_row][vc_row][vc_column][vc_column_text css=&#8221;.vc_custom_1725537280044{margin-top: 20px !important;}&#8221;]<\/p>\n<h4><span style=\"color: #ff9900;\"><strong>Extendable ladder<\/strong><\/span><\/h4>\n<p>[\/vc_column_text][vc_column_text css=&#8221;.vc_custom_1725628530489{margin-top: -20px !important;}&#8221;]\n<div id=\"tablepress-Escada-Perfil-Oblongo-Escada-extensivel-scroll-wrapper\" class=\"tablepress-scroll-wrapper\">\n<table id=\"tablepress-Escada-Perfil-Oblongo-Escada-extensivel\" class=\"tablepress tablepress-id-Escada-Perfil-Oblongo-Escada-extensivel tablepress-responsive\">\n<thead>\n<tr class=\"row-1\">\n\t<td class=\"column-1\"><\/td><th class=\"column-2\">  Refer\u00eancias<\/th><th class=\"column-3\">Caracter\u00edstica<\/th><td class=\"column-4\"><\/td><td class=\"column-5\"><\/td>\n<\/tr>\n<\/thead>\n<tbody class=\"row-striping row-hover\">\n<tr class=\"row-2\">\n\t<td class=\"column-1\"><img decoding=\"async\" src=\"https:\/\/www.ritzbrasil.com\/wp-content\/uploads\/2024\/09\/escada-extensivel-perfil-oblongo-ritzglas-150x150-1.jpg\" \/><\/td><td class=\"column-2\">EE\/PR-12\/58-CN-SM<\/td><td class=\"column-3\"><\/td><td class=\"column-4\">    <button class=\"add-to-budget\" data-table-id=\"Escada-Perfil-Oblongo-Escada-extensivel\" data-reference=\"EE\/PR-12\/58-CN-SM\" data-description=\"Escada com Perfil Oblongo - Escada Extens\u00edvel\" style=\"color:#ff4d00;\">\n        <img decoding=\"async\" src=\"https:\/\/www.ritzbrasil.com\/\/wp-content\/uploads\/2024\/07\/orcar-compras-tabela-new-1.png\" alt=\"Request quote\" title=\"Request quote\" \/>\n    <\/button>\n    <\/td><td class=\"column-5\"><a href=\"https:\/\/lojasritz.com.br\/catalogsearch\/result\/?q=EE\/PR-12\/58-CN-SM\" target=\"_blank\" rel=\"noopener\"><img decoding=\"async\" src=\"https:\/\/www.ritzbrasil.com\/wp-content\/uploads\/2024\/07\/carrinho-compras-tabela.png\"  \/><\/a><\/td>\n<\/tr>\n<tr class=\"row-3\">\n\t<td class=\"column-1\"><img decoding=\"async\" src=\"https:\/\/www.ritzbrasil.com\/wp-content\/uploads\/2024\/09\/escada-extensivel-perfil-oblongo-ritzglas-150x150-1.jpg\" \/><\/td><td class=\"column-2\">EE\/PR-12\/70-CN-SM<\/td><td class=\"column-3\"><\/td><td class=\"column-4\">    <button class=\"add-to-budget\" data-table-id=\"Escada-Perfil-Oblongo-Escada-extensivel\" data-reference=\"EE\/PR-12\/70-CN-SM\" data-description=\"Escada com Perfil Oblongo - Escada Extens\u00edvel\" style=\"color:#ff4d00;\">\n        <img decoding=\"async\" src=\"https:\/\/www.ritzbrasil.com\/\/wp-content\/uploads\/2024\/07\/orcar-compras-tabela-new-1.png\" alt=\"Request quote\" title=\"Request quote\" \/>\n    <\/button>\n    <\/td><td class=\"column-5\"><a href=\"https:\/\/lojasritz.com.br\/catalogsearch\/result\/?q=EE\/PR-12\/70-CN-SM\" target=\"_blank\" rel=\"noopener\"><img decoding=\"async\" src=\"https:\/\/www.ritzbrasil.com\/wp-content\/uploads\/2024\/07\/carrinho-compras-tabela.png\"  \/><\/a><\/td>\n<\/tr>\n<tr class=\"row-4\">\n\t<td class=\"column-1\"><img decoding=\"async\" src=\"https:\/\/www.ritzbrasil.com\/wp-content\/uploads\/2024\/09\/escada-extensivel-perfil-oblongo-ritzglas-150x150-1.jpg\" \/><\/td><td class=\"column-2\">EE\/PR-12\/82-CN-SM<\/td><td class=\"column-3\"><\/td><td class=\"column-4\">    <button class=\"add-to-budget\" data-table-id=\"Escada-Perfil-Oblongo-Escada-extensivel\" data-reference=\"EE\/PR-12\/82-CN-SM\" data-description=\"Escada com Perfil Oblongo - Escada Extens\u00edvel\" style=\"color:#ff4d00;\">\n        <img decoding=\"async\" src=\"https:\/\/www.ritzbrasil.com\/\/wp-content\/uploads\/2024\/07\/orcar-compras-tabela-new-1.png\" alt=\"Request quote\" title=\"Request quote\" \/>\n    <\/button>\n    <\/td><td class=\"column-5\"><a href=\"https:\/\/lojasritz.com.br\/catalogsearch\/result\/?q=EE\/PR-12\/82-CN-SM\" target=\"_blank\" rel=\"noopener\"><img decoding=\"async\" src=\"https:\/\/www.ritzbrasil.com\/wp-content\/uploads\/2024\/07\/carrinho-compras-tabela.png\"  \/><\/a><\/td>\n<\/tr>\n<tr class=\"row-5\">\n\t<td class=\"column-1\"><img decoding=\"async\" src=\"https:\/\/www.ritzbrasil.com\/wp-content\/uploads\/2024\/09\/escada-extensivel-perfil-oblongo-ritzglas-150x150-1.jpg\" \/><\/td><td class=\"column-2\">EE\/PR-15\/95-CN-SM<\/td><td class=\"column-3\"><\/td><td class=\"column-4\">    <button class=\"add-to-budget\" data-table-id=\"Escada-Perfil-Oblongo-Escada-extensivel\" data-reference=\"EE\/PR-15\/95-CN-SM\" data-description=\"Escada com Perfil Oblongo - Escada Extens\u00edvel\" style=\"color:#ff4d00;\">\n        <img decoding=\"async\" src=\"https:\/\/www.ritzbrasil.com\/\/wp-content\/uploads\/2024\/07\/orcar-compras-tabela-new-1.png\" alt=\"Request quote\" title=\"Request quote\" \/>\n    <\/button>\n    <\/td><td class=\"column-5\"><a href=\"https:\/\/lojasritz.com.br\/catalogsearch\/result\/?q=EE\/PR-15\/95-CN-SM\" target=\"_blank\" rel=\"noopener\"><img decoding=\"async\" src=\"https:\/\/www.ritzbrasil.com\/wp-content\/uploads\/2024\/07\/carrinho-compras-tabela.png\"  \/><\/a><\/td>\n<\/tr>\n<tr class=\"row-6\">\n\t<td class=\"column-1\"><img decoding=\"async\" src=\"https:\/\/www.ritzbrasil.com\/wp-content\/uploads\/2024\/09\/escada-extensivel-perfil-oblongo-ritzglas-150x150-1.jpg\" \/><\/td><td class=\"column-2\">EE\/PR-15\/10-CN-SM<\/td><td class=\"column-3\"><\/td><td class=\"column-4\">    <button class=\"add-to-budget\" data-table-id=\"Escada-Perfil-Oblongo-Escada-extensivel\" data-reference=\"EE\/PR-15\/10-CN-SM\" data-description=\"Escada com Perfil Oblongo - Escada Extens\u00edvel\" style=\"color:#ff4d00;\">\n        <img decoding=\"async\" src=\"https:\/\/www.ritzbrasil.com\/\/wp-content\/uploads\/2024\/07\/orcar-compras-tabela-new-1.png\" alt=\"Request quote\" title=\"Request quote\" \/>\n    <\/button>\n    <\/td><td class=\"column-5\"><a href=\"https:\/\/lojasritz.com.br\/catalogsearch\/result\/?q=EE\/PR-15\/10-CN-SM\" target=\"_blank\" rel=\"noopener\"><img decoding=\"async\" src=\"https:\/\/www.ritzbrasil.com\/wp-content\/uploads\/2024\/07\/carrinho-compras-tabela.png\"  \/><\/a><\/td>\n<\/tr>\n<tr class=\"row-7\">\n\t<td class=\"column-1\"><img decoding=\"async\" src=\"https:\/\/www.ritzbrasil.com\/wp-content\/uploads\/2024\/09\/escada-extensivel-perfil-oblongo-ritzglas-150x150-1.jpg\" \/><\/td><td class=\"column-2\">EE\/PR-15\/11-CN-SM<\/td><td class=\"column-3\"><\/td><td class=\"column-4\">    <button class=\"add-to-budget\" data-table-id=\"Escada-Perfil-Oblongo-Escada-extensivel\" data-reference=\"EE\/PR-15\/11-CN-SM\" data-description=\"Escada com Perfil Oblongo - Escada Extens\u00edvel\" style=\"color:#ff4d00;\">\n        <img decoding=\"async\" src=\"https:\/\/www.ritzbrasil.com\/\/wp-content\/uploads\/2024\/07\/orcar-compras-tabela-new-1.png\" alt=\"Request quote\" title=\"Request quote\" \/>\n    <\/button>\n    <\/td><td class=\"column-5\"><a href=\"https:\/\/lojasritz.com.br\/catalogsearch\/result\/?q=EE\/PR-15\/11-CN-SM\" target=\"_blank\" rel=\"noopener\"><img decoding=\"async\" src=\"https:\/\/www.ritzbrasil.com\/wp-content\/uploads\/2024\/07\/carrinho-compras-tabela.png\"  \/><\/a><\/td>\n<\/tr>\n<tr class=\"row-8\">\n\t<td class=\"column-1\"><img decoding=\"async\" src=\"https:\/\/www.ritzbrasil.com\/wp-content\/uploads\/2024\/09\/escada-extensivel-perfil-oblongo-ritzglas-150x150-1.jpg\" \/><\/td><td class=\"column-2\">EE\/PR-15\/14-CN-SM *<\/td><td class=\"column-3\"><\/td><td class=\"column-4\">    <button class=\"add-to-budget\" data-table-id=\"Escada-Perfil-Oblongo-Escada-extensivel\" data-reference=\"EE\/PR-15\/14-CN-SM *\" data-description=\"Escada com Perfil Oblongo - Escada Extens\u00edvel\" style=\"color:#ff4d00;\">\n        <img decoding=\"async\" src=\"https:\/\/www.ritzbrasil.com\/\/wp-content\/uploads\/2024\/07\/orcar-compras-tabela-new-1.png\" alt=\"Request quote\" title=\"Request quote\" \/>\n    <\/button>\n    <\/td><td class=\"column-5\"><a href=\"https:\/\/lojasritz.com.br\/catalogsearch\/result\/?q=EE\/PR-15\/14-CN-SM *\" target=\"_blank\" rel=\"noopener\"><img decoding=\"async\" src=\"https:\/\/www.ritzbrasil.com\/wp-content\/uploads\/2024\/07\/carrinho-compras-tabela.png\"  \/><\/a><\/td>\n<\/tr>\n<\/tbody>\n<\/table>\n<\/div>\n[\/vc_column_text][vc_column_text css=&#8221;.vc_custom_1725537347600{margin-top: -20px !important;}&#8221;]<em>* It must be guyed when in use by means of eyebolts on the last step of the fixed part (base).<\/em>[\/vc_column_text][vc_column_text css=&#8221;.vc_custom_1725537366810{margin-top: -20px !important;}&#8221;]Internal width between rails: Base &#8211; 365 mm | Tip &#8211; 305 mm<br \/>\nDistance between steps: 305 mm[\/vc_column_text][vc_separator border_width=&#8221;2&#8243; css=&#8221;&#8221;][\/vc_column][\/vc_row]<\/p>\n<\/div>","protected":false},"excerpt":{"rendered":"<h4><span style=\"color: #ff9900;\"><strong>Ritzglas\u00ae Oblong Profile Ladder <\/strong><\/span><\/h4>\n<p>Simple extendable ladders, with stringers (oblong shape) and rungs (round with anti-slip), made from RITZGLAS\u00ae tubes.<\/p>\n<p>They are finished in polyurethane enamel paint and have a backrest strap made of rubber-coated nylon, movable or fixed shoes with non-slip rubber, complying with category IA of the ANSI A14.5 standard.<\/p>\n<p>The extendable models have nylon pulleys (for smooth sliding of the parts), metal rings on the base rungs, steel ratchets and<br \/>\nplastic-coated side guides.<\/p>\n<p>These ladders are intended for maintenance on de-energized structures, or at most up to 15 kV using the distance working method (with the use of<br \/>\ninsulating poles).<br \/>\nIn the case of maintenance up to 15 kV (using the contact working method) we recommend the use of double stringer ladders with the FLV14717-1 insulating ladder spacer (see specific page for these products).<\/p>\n<p>Nominal working capacity: 136 daN (300 lb)<\/p>\n","protected":false},"featured_media":58282,"template":"","meta":[],"product_brand":[],"product_cat":[2777],"product_tag":[3428,3429,3430,3432,3433,3434,3431,3424,3425,3426,3427],"class_list":{"0":"post-61279","1":"product","2":"type-product","3":"status-publish","4":"has-post-thumbnail","6":"product_cat-ladders-platforms-and-insulated-scaffolding","7":"product_tag-ee-pr-12-58-cn-sm-en","8":"product_tag-ee-pr-12-70-cn-sm-en","9":"product_tag-ee-pr-12-82-cn-sm-en","10":"product_tag-ee-pr-15-10-cn-sm-en","11":"product_tag-ee-pr-15-11-cn-sm-en","12":"product_tag-ee-pr-15-14-cn-sm-en","13":"product_tag-ee-pr-15-95-cn-sm-en","14":"product_tag-es-pr-8-27-cn-sm-en","15":"product_tag-es-pr-8-40-cn-sm-en","16":"product_tag-es-pr-8-46-cn-sm-en","17":"product_tag-es-pr-8-58-cn-sm-en","18":"description-off","20":"first","21":"instock","22":"virtual","23":"product-type-simple"},"yoast_head":"<!-- This site is optimized with the Yoast SEO plugin v27.1.1 - https:\/\/yoast.com\/product\/yoast-seo-wordpress\/ -->\n<title>Ritzglas\u00ae Oblong Profile Ladder<\/title>\n<meta name=\"description\" content=\"Simple and extendable ladders with oblong stringers and non-slip rungs made of RITZGLAS\u00ae tubes, nylon straps, movable and fixed shoes.\" \/>\n<meta name=\"robots\" content=\"index, follow, max-snippet:-1, max-image-preview:large, max-video-preview:-1\" \/>\n<link rel=\"canonical\" href=\"https:\/\/www.ritzbrasil.com\/en\/produtos\/ladders-platforms-and-insulated-scaffolding\/ritzglas-oblong-profile-ladder\/\" \/>\n<meta property=\"og:locale\" content=\"en_US\" \/>\n<meta property=\"og:type\" content=\"article\" \/>\n<meta property=\"og:title\" content=\"Ritzglas\u00ae Oblong Profile Ladder\" \/>\n<meta property=\"og:description\" content=\"Simple and extendable ladders with oblong stringers and non-slip rungs made of RITZGLAS\u00ae tubes, nylon straps, movable and fixed shoes.\" \/>\n<meta property=\"og:url\" content=\"https:\/\/www.ritzbrasil.com\/en\/produtos\/ladders-platforms-and-insulated-scaffolding\/ritzglas-oblong-profile-ladder\/\" \/>\n<meta property=\"og:site_name\" content=\"Equipamentos de Manuten\u00e7\u00e3o e Seguran\u00e7a para o Setor El\u00e9trico - Ritz Brasil\" \/>\n<meta property=\"article:modified_time\" content=\"2026-02-25T18:53:17+00:00\" \/>\n<meta property=\"og:image\" content=\"https:\/\/www.ritzbrasil.com\/wp-content\/uploads\/2024\/09\/escada-simples-perfil-oblongo-ritzglas.jpg\" \/>\n\t<meta property=\"og:image:width\" content=\"1200\" \/>\n\t<meta property=\"og:image:height\" content=\"1200\" \/>\n\t<meta property=\"og:image:type\" content=\"image\/jpeg\" \/>\n<meta name=\"twitter:card\" content=\"summary_large_image\" \/>\n<meta name=\"twitter:label1\" content=\"Est. reading time\" \/>\n\t<meta name=\"twitter:data1\" content=\"1 minute\" \/>\n<script type=\"application\/ld+json\" class=\"yoast-schema-graph\">{\"@context\":\"https:\/\/schema.org\",\"@graph\":[{\"@type\":\"WebPage\",\"@id\":\"https:\/\/www.ritzbrasil.com\/en\/produtos\/ladders-platforms-and-insulated-scaffolding\/ritzglas-oblong-profile-ladder\/\",\"url\":\"https:\/\/www.ritzbrasil.com\/en\/produtos\/ladders-platforms-and-insulated-scaffolding\/ritzglas-oblong-profile-ladder\/\",\"name\":\"Ritzglas\u00ae Oblong Profile Ladder\",\"isPartOf\":{\"@id\":\"https:\/\/www.ritzbrasil.com\/en\/#website\"},\"primaryImageOfPage\":{\"@id\":\"https:\/\/www.ritzbrasil.com\/en\/produtos\/ladders-platforms-and-insulated-scaffolding\/ritzglas-oblong-profile-ladder\/#primaryimage\"},\"image\":{\"@id\":\"https:\/\/www.ritzbrasil.com\/en\/produtos\/ladders-platforms-and-insulated-scaffolding\/ritzglas-oblong-profile-ladder\/#primaryimage\"},\"thumbnailUrl\":\"https:\/\/www.ritzbrasil.com\/wp-content\/uploads\/2024\/09\/escada-simples-perfil-oblongo-ritzglas.jpg\",\"datePublished\":\"2024-09-05T12:13:19+00:00\",\"dateModified\":\"2026-02-25T18:53:17+00:00\",\"description\":\"Simple and extendable ladders with oblong stringers and non-slip rungs made of RITZGLAS\u00ae tubes, nylon straps, movable and fixed shoes.\",\"breadcrumb\":{\"@id\":\"https:\/\/www.ritzbrasil.com\/en\/produtos\/ladders-platforms-and-insulated-scaffolding\/ritzglas-oblong-profile-ladder\/#breadcrumb\"},\"inLanguage\":\"en-US\",\"potentialAction\":[{\"@type\":\"ReadAction\",\"target\":[\"https:\/\/www.ritzbrasil.com\/en\/produtos\/ladders-platforms-and-insulated-scaffolding\/ritzglas-oblong-profile-ladder\/\"]}]},{\"@type\":\"ImageObject\",\"inLanguage\":\"en-US\",\"@id\":\"https:\/\/www.ritzbrasil.com\/en\/produtos\/ladders-platforms-and-insulated-scaffolding\/ritzglas-oblong-profile-ladder\/#primaryimage\",\"url\":\"https:\/\/www.ritzbrasil.com\/wp-content\/uploads\/2024\/09\/escada-simples-perfil-oblongo-ritzglas.jpg\",\"contentUrl\":\"https:\/\/www.ritzbrasil.com\/wp-content\/uploads\/2024\/09\/escada-simples-perfil-oblongo-ritzglas.jpg\",\"width\":1200,\"height\":1200,\"caption\":\"Ritzglas\u00ae Single Staircase with Oblong Profile\"},{\"@type\":\"BreadcrumbList\",\"@id\":\"https:\/\/www.ritzbrasil.com\/en\/produtos\/ladders-platforms-and-insulated-scaffolding\/ritzglas-oblong-profile-ladder\/#breadcrumb\",\"itemListElement\":[{\"@type\":\"ListItem\",\"position\":1,\"name\":\"In\u00edcio\",\"item\":\"https:\/\/www.ritzbrasil.com\/en\/\"},{\"@type\":\"ListItem\",\"position\":2,\"name\":\"Shop\",\"item\":\"https:\/\/www.ritzbrasil.com\/en\/shop\/\"},{\"@type\":\"ListItem\",\"position\":3,\"name\":\"Ritzglas\u00ae Oblong Profile Ladder\"}]},{\"@type\":\"WebSite\",\"@id\":\"https:\/\/www.ritzbrasil.com\/en\/#website\",\"url\":\"https:\/\/www.ritzbrasil.com\/en\/\",\"name\":\"Equipamentos de Manuten\u00e7\u00e3o e Seguran\u00e7a para o Setor El\u00e9trico - Ritz Brasil\",\"description\":\"\",\"potentialAction\":[{\"@type\":\"SearchAction\",\"target\":{\"@type\":\"EntryPoint\",\"urlTemplate\":\"https:\/\/www.ritzbrasil.com\/en\/?s={search_term_string}\"},\"query-input\":{\"@type\":\"PropertyValueSpecification\",\"valueRequired\":true,\"valueName\":\"search_term_string\"}}],\"inLanguage\":\"en-US\"}]}<\/script>\n<!-- \/ Yoast SEO plugin. -->","yoast_head_json":{"title":"Ritzglas\u00ae Oblong Profile Ladder","description":"Simple and extendable ladders with oblong stringers and non-slip rungs made of RITZGLAS\u00ae tubes, nylon straps, movable and fixed shoes.","robots":{"index":"index","follow":"follow","max-snippet":"max-snippet:-1","max-image-preview":"max-image-preview:large","max-video-preview":"max-video-preview:-1"},"canonical":"https:\/\/www.ritzbrasil.com\/en\/produtos\/ladders-platforms-and-insulated-scaffolding\/ritzglas-oblong-profile-ladder\/","og_locale":"en_US","og_type":"article","og_title":"Ritzglas\u00ae Oblong Profile Ladder","og_description":"Simple and extendable ladders with oblong stringers and non-slip rungs made of RITZGLAS\u00ae tubes, nylon straps, movable and fixed shoes.","og_url":"https:\/\/www.ritzbrasil.com\/en\/produtos\/ladders-platforms-and-insulated-scaffolding\/ritzglas-oblong-profile-ladder\/","og_site_name":"Equipamentos de Manuten\u00e7\u00e3o e Seguran\u00e7a para o Setor El\u00e9trico - Ritz Brasil","article_modified_time":"2026-02-25T18:53:17+00:00","og_image":[{"width":1200,"height":1200,"url":"https:\/\/www.ritzbrasil.com\/wp-content\/uploads\/2024\/09\/escada-simples-perfil-oblongo-ritzglas.jpg","type":"image\/jpeg"}],"twitter_card":"summary_large_image","twitter_misc":{"Est. reading time":"1 minute"},"schema":{"@context":"https:\/\/schema.org","@graph":[{"@type":"WebPage","@id":"https:\/\/www.ritzbrasil.com\/en\/produtos\/ladders-platforms-and-insulated-scaffolding\/ritzglas-oblong-profile-ladder\/","url":"https:\/\/www.ritzbrasil.com\/en\/produtos\/ladders-platforms-and-insulated-scaffolding\/ritzglas-oblong-profile-ladder\/","name":"Ritzglas\u00ae Oblong Profile Ladder","isPartOf":{"@id":"https:\/\/www.ritzbrasil.com\/en\/#website"},"primaryImageOfPage":{"@id":"https:\/\/www.ritzbrasil.com\/en\/produtos\/ladders-platforms-and-insulated-scaffolding\/ritzglas-oblong-profile-ladder\/#primaryimage"},"image":{"@id":"https:\/\/www.ritzbrasil.com\/en\/produtos\/ladders-platforms-and-insulated-scaffolding\/ritzglas-oblong-profile-ladder\/#primaryimage"},"thumbnailUrl":"https:\/\/www.ritzbrasil.com\/wp-content\/uploads\/2024\/09\/escada-simples-perfil-oblongo-ritzglas.jpg","datePublished":"2024-09-05T12:13:19+00:00","dateModified":"2026-02-25T18:53:17+00:00","description":"Simple and extendable ladders with oblong stringers and non-slip rungs made of RITZGLAS\u00ae tubes, nylon straps, movable and fixed shoes.","breadcrumb":{"@id":"https:\/\/www.ritzbrasil.com\/en\/produtos\/ladders-platforms-and-insulated-scaffolding\/ritzglas-oblong-profile-ladder\/#breadcrumb"},"inLanguage":"en-US","potentialAction":[{"@type":"ReadAction","target":["https:\/\/www.ritzbrasil.com\/en\/produtos\/ladders-platforms-and-insulated-scaffolding\/ritzglas-oblong-profile-ladder\/"]}]},{"@type":"ImageObject","inLanguage":"en-US","@id":"https:\/\/www.ritzbrasil.com\/en\/produtos\/ladders-platforms-and-insulated-scaffolding\/ritzglas-oblong-profile-ladder\/#primaryimage","url":"https:\/\/www.ritzbrasil.com\/wp-content\/uploads\/2024\/09\/escada-simples-perfil-oblongo-ritzglas.jpg","contentUrl":"https:\/\/www.ritzbrasil.com\/wp-content\/uploads\/2024\/09\/escada-simples-perfil-oblongo-ritzglas.jpg","width":1200,"height":1200,"caption":"Ritzglas\u00ae Single Staircase with Oblong Profile"},{"@type":"BreadcrumbList","@id":"https:\/\/www.ritzbrasil.com\/en\/produtos\/ladders-platforms-and-insulated-scaffolding\/ritzglas-oblong-profile-ladder\/#breadcrumb","itemListElement":[{"@type":"ListItem","position":1,"name":"In\u00edcio","item":"https:\/\/www.ritzbrasil.com\/en\/"},{"@type":"ListItem","position":2,"name":"Shop","item":"https:\/\/www.ritzbrasil.com\/en\/shop\/"},{"@type":"ListItem","position":3,"name":"Ritzglas\u00ae Oblong Profile Ladder"}]},{"@type":"WebSite","@id":"https:\/\/www.ritzbrasil.com\/en\/#website","url":"https:\/\/www.ritzbrasil.com\/en\/","name":"Equipamentos de Manuten\u00e7\u00e3o e Seguran\u00e7a para o Setor El\u00e9trico - Ritz Brasil","description":"","potentialAction":[{"@type":"SearchAction","target":{"@type":"EntryPoint","urlTemplate":"https:\/\/www.ritzbrasil.com\/en\/?s={search_term_string}"},"query-input":{"@type":"PropertyValueSpecification","valueRequired":true,"valueName":"search_term_string"}}],"inLanguage":"en-US"}]}},"_links":{"self":[{"href":"https:\/\/www.ritzbrasil.com\/en\/wp-json\/wp\/v2\/product\/61279","targetHints":{"allow":["GET"]}}],"collection":[{"href":"https:\/\/www.ritzbrasil.com\/en\/wp-json\/wp\/v2\/product"}],"about":[{"href":"https:\/\/www.ritzbrasil.com\/en\/wp-json\/wp\/v2\/types\/product"}],"wp:featuredmedia":[{"embeddable":true,"href":"https:\/\/www.ritzbrasil.com\/en\/wp-json\/wp\/v2\/media\/58282"}],"wp:attachment":[{"href":"https:\/\/www.ritzbrasil.com\/en\/wp-json\/wp\/v2\/media?parent=61279"}],"wp:term":[{"taxonomy":"product_brand","embeddable":true,"href":"https:\/\/www.ritzbrasil.com\/en\/wp-json\/wp\/v2\/product_brand?post=61279"},{"taxonomy":"product_cat","embeddable":true,"href":"https:\/\/www.ritzbrasil.com\/en\/wp-json\/wp\/v2\/product_cat?post=61279"},{"taxonomy":"product_tag","embeddable":true,"href":"https:\/\/www.ritzbrasil.com\/en\/wp-json\/wp\/v2\/product_tag?post=61279"}],"curies":[{"name":"wp","href":"https:\/\/api.w.org\/{rel}","templated":true}]}}