{"id":61274,"date":"2024-09-04T07:41:13","date_gmt":"2024-09-04T10:41:13","guid":{"rendered":"https:\/\/www.ritzbrasil.com\/produtos\/uncategorized\/restorers-and-lubricants\/"},"modified":"2026-02-25T15:53:41","modified_gmt":"2026-02-25T18:53:41","slug":"restorers-and-lubricants","status":"publish","type":"product","link":"https:\/\/www.ritzbrasil.com\/en\/produtos\/restoration-and-packaging-components\/restorers-and-lubricants\/","title":{"rendered":"Restorers and Lubricants"},"content":{"rendered":"<div class=\"wpb-content-wrapper\"><p>[vc_row][vc_column][vc_column_text css=&#8221;.vc_custom_1725447299075{margin-top: 20px !important;}&#8221;]<\/p>\n<h4><span style=\"color: #ff9900;\"><strong>Restorers and Lubricants<\/strong><\/span><\/h4>\n<p>[\/vc_column_text][vc_column_text css=&#8221;.vc_custom_1725452974534{margin-top: -20px !important;}&#8221;]\n<div id=\"tablepress-Restauradores-Lubrificantes-scroll-wrapper\" class=\"tablepress-scroll-wrapper\">\n<table id=\"tablepress-Restauradores-Lubrificantes\" class=\"tablepress tablepress-id-Restauradores-Lubrificantes tablepress-responsive\">\n<thead>\n<tr class=\"row-1\">\n\t<td class=\"column-1\"><\/td><th class=\"column-2\">  Refer\u00eancias<\/th><th class=\"column-3\">Caracter\u00edstica<\/th><td class=\"column-4\"><\/td><td class=\"column-5\"><\/td>\n<\/tr>\n<\/thead>\n<tbody class=\"row-striping row-hover\">\n<tr class=\"row-2\">\n\t<td class=\"column-1\"><img decoding=\"async\" src=\"https:\/\/www.ritzbrasil.com\/wp-content\/uploads\/2024\/09\/rt400-0803-restaurador-brilho-150X150.jpg\" \/><\/td><td class=\"column-2\">RT400-0803<\/td><td class=\"column-3\">Restaurador de brilho<br \/>\nResina incolor, especialmente preparada para as restaura\u00e7\u00f5es superficiais<br \/>\nem bast\u00f5es RITZGLAS\u00ae quando estes apresentarem desgaste em sua<br \/>\nsuperf\u00edcie e perda de brilho.<br \/>\nEsses tipos de danos nos bast\u00f5es isolantes comprometem a sua rigidez<br \/>\ndiel\u00e9trica, causados pelas contamina\u00e7\u00f5es de umidade e impureza.<br \/>\nFornecido com 10 frascos de 100 ml, sendo 5 unidades de componente A e<br \/>\n5 de componente B, acondicionados em estojo de pl\u00e1stico.<br \/>\nPeso Aprox.: 2,60 kg (5,37 lb)<\/td><td class=\"column-4\">    <button class=\"add-to-budget\" data-table-id=\"Restauradores-Lubrificantes\" data-reference=\"RT400-0803\" data-description=\"Restauradores e Lubrificantes\" style=\"color:#ff4d00;\">\n        <img decoding=\"async\" src=\"https:\/\/www.ritzbrasil.com\/\/wp-content\/uploads\/2024\/07\/orcar-compras-tabela-new-1.png\" alt=\"Request quote\" title=\"Request quote\" \/>\n    <\/button>\n    <\/td><td class=\"column-5\"><a href=\"https:\/\/lojasritz.com.br\/catalogsearch\/result\/?q=RT400-0803\" target=\"_blank\" rel=\"noopener\"><img decoding=\"async\" src=\"https:\/\/www.ritzbrasil.com\/wp-content\/uploads\/2024\/07\/carrinho-compras-tabela.png\"  \/><\/a><\/td>\n<\/tr>\n<tr class=\"row-3\">\n\t<td class=\"column-1\"><img decoding=\"async\" src=\"https:\/\/www.ritzbrasil.com\/wp-content\/uploads\/2024\/09\/rm1909-lubrificante-ferramentas-150X150.jpg\" \/><\/td><td class=\"column-2\">RM1909<\/td><td class=\"column-3\">Lubrificante de ferramentas<br \/>\nFabricado com materiais n\u00e3o t\u00f3xicos e n\u00e3o corrosivos. Possui alto poder de<br \/>\nlubrifica\u00e7\u00e3o, impedindo a oxida\u00e7\u00e3o atrav\u00e9s de uma dur\u00e1vel pel\u00edcula,<br \/>\nevitando atrito e desgaste das ferramentas met\u00e1licas.<br \/>\nPeso Aprox.: 2,10 kg (4,63 lb)<\/td><td class=\"column-4\">    <button class=\"add-to-budget\" data-table-id=\"Restauradores-Lubrificantes\" data-reference=\"RM1909\" data-description=\"Restauradores e Lubrificantes\" style=\"color:#ff4d00;\">\n        <img decoding=\"async\" src=\"https:\/\/www.ritzbrasil.com\/\/wp-content\/uploads\/2024\/07\/orcar-compras-tabela-new-1.png\" alt=\"Request quote\" title=\"Request quote\" \/>\n    <\/button>\n    <\/td><td class=\"column-5\"><a href=\"https:\/\/lojasritz.com.br\/catalogsearch\/result\/?q=RM1909\" target=\"_blank\" rel=\"noopener\"><img decoding=\"async\" src=\"https:\/\/www.ritzbrasil.com\/wp-content\/uploads\/2024\/07\/carrinho-compras-tabela.png\"  \/><\/a><\/td>\n<\/tr>\n<tr class=\"row-4\">\n\t<td class=\"column-1\"><img decoding=\"async\" src=\"https:\/\/www.ritzbrasil.com\/wp-content\/uploads\/2024\/09\/rh1917-restaurador-ruptura-150X150-e1725453386299.jpg\" \/><\/td><td class=\"column-2\">RH1917<\/td><td class=\"column-3\">Restaurador de ruptura<br \/>\nConjunto de resina e endurecedor na cor laranja, recomendado apenas para<br \/>\nrecupera\u00e7\u00f5es de pequenas fissuras ou outros danos superficiais, como<br \/>\nranhuras ou trincas, causadas acidentalmente ou pelo uso indevido do<br \/>\nequipamento e, tamb\u00e9m, para a reposi\u00e7\u00e3o de cabe\u00e7otes met\u00e1licos em bast\u00f5es.<br \/>\nFornecido em 2 frascos de 100 ml, componente A e B<br \/>\nPeso Aprox.: 0,32 kg (0,71 lb)<\/td><td class=\"column-4\">    <button class=\"add-to-budget\" data-table-id=\"Restauradores-Lubrificantes\" data-reference=\"RH1917\" data-description=\"Restauradores e Lubrificantes\" style=\"color:#ff4d00;\">\n        <img decoding=\"async\" src=\"https:\/\/www.ritzbrasil.com\/\/wp-content\/uploads\/2024\/07\/orcar-compras-tabela-new-1.png\" alt=\"Request quote\" title=\"Request quote\" \/>\n    <\/button>\n    <\/td><td class=\"column-5\"><a href=\"https:\/\/lojasritz.com.br\/catalogsearch\/result\/?q=RH1917\" target=\"_blank\" rel=\"noopener\"><img decoding=\"async\" src=\"https:\/\/www.ritzbrasil.com\/wp-content\/uploads\/2024\/07\/carrinho-compras-tabela.png\"  \/><\/a><\/td>\n<\/tr>\n<tr class=\"row-5\">\n\t<td class=\"column-1\"><img decoding=\"async\" src=\"https:\/\/www.ritzbrasil.com\/wp-content\/uploads\/2024\/09\/rm1904-tecido-tratamento-superficial-bastoes-isolantes-150X150.jpg\" \/><\/td><td class=\"column-2\">RM1904<\/td><td class=\"column-3\">Tecido para tratamento superficial de bast\u00f5es isolantes<br \/>\nTecido medindo 500 x 500 mm, impregnado com silicone e destina-se \u00e0<br \/>\naplica\u00e7\u00f5es superficiais no bast\u00e3o para uma prote\u00e7\u00e3o preventiva, deixando a<br \/>\nsua superf\u00edcie com uma camada protetora.<br \/>\nPeso Aprox.: 0,08 kg (0,18 lb)<\/td><td class=\"column-4\">    <button class=\"add-to-budget\" data-table-id=\"Restauradores-Lubrificantes\" data-reference=\"RM1904\" data-description=\"Restauradores e Lubrificantes\" style=\"color:#ff4d00;\">\n        <img decoding=\"async\" src=\"https:\/\/www.ritzbrasil.com\/\/wp-content\/uploads\/2024\/07\/orcar-compras-tabela-new-1.png\" alt=\"Request quote\" title=\"Request quote\" \/>\n    <\/button>\n    <\/td><td class=\"column-5\"><a href=\"https:\/\/lojasritz.com.br\/catalogsearch\/result\/?q=RM1904\" target=\"_blank\" rel=\"noopener\"><img decoding=\"async\" src=\"https:\/\/www.ritzbrasil.com\/wp-content\/uploads\/2024\/07\/carrinho-compras-tabela.png\"  \/><\/a><\/td>\n<\/tr>\n<\/tbody>\n<\/table>\n<\/div>\n[\/vc_column_text][vc_separator border_width=&#8221;2&#8243; css=&#8221;&#8221;][\/vc_column][\/vc_row]<\/p>\n<\/div>","protected":false},"excerpt":{"rendered":"<p>Before purchasing these restorers and lubricants, we recommend that you obtain basic information about their applications from our sales department.<br \/>\nThese products can be applied easily by the user themselves.<\/p>\n","protected":false},"featured_media":58230,"template":"","meta":[],"product_brand":[],"product_cat":[3173],"product_tag":[3327,3328,3326,3325],"class_list":{"0":"post-61274","1":"product","2":"type-product","3":"status-publish","4":"has-post-thumbnail","6":"product_cat-restoration-and-packaging-components","7":"product_tag-rh1917-en","8":"product_tag-rm1904-en","9":"product_tag-rm1909-en","10":"product_tag-rt400-0803-en","11":"description-off","13":"first","14":"instock","15":"virtual","16":"product-type-simple"},"yoast_head":"<!-- This site is optimized with the Yoast SEO plugin v27.1.1 - https:\/\/yoast.com\/product\/yoast-seo-wordpress\/ -->\n<title>Restorers and Lubricants<\/title>\n<meta name=\"description\" content=\"Restoring and lubricating products for insulating poles, which renew worn surfaces and prevent oxidation and friction.\" \/>\n<meta name=\"robots\" content=\"index, follow, max-snippet:-1, max-image-preview:large, max-video-preview:-1\" \/>\n<link rel=\"canonical\" href=\"https:\/\/www.ritzbrasil.com\/en\/produtos\/restoration-and-packaging-components\/restorers-and-lubricants\/\" \/>\n<meta property=\"og:locale\" content=\"en_US\" \/>\n<meta property=\"og:type\" content=\"article\" \/>\n<meta property=\"og:title\" content=\"Restorers and Lubricants\" \/>\n<meta property=\"og:description\" content=\"Restoring and lubricating products for insulating poles, which renew worn surfaces and prevent oxidation and friction.\" \/>\n<meta property=\"og:url\" content=\"https:\/\/www.ritzbrasil.com\/en\/produtos\/restoration-and-packaging-components\/restorers-and-lubricants\/\" \/>\n<meta property=\"og:site_name\" content=\"Equipamentos de Manuten\u00e7\u00e3o e Seguran\u00e7a para o Setor El\u00e9trico - Ritz Brasil\" \/>\n<meta property=\"article:modified_time\" content=\"2026-02-25T18:53:41+00:00\" \/>\n<meta property=\"og:image\" content=\"https:\/\/www.ritzbrasil.com\/wp-content\/uploads\/2024\/09\/rt400-0803-restaurador-brilho.jpg\" \/>\n\t<meta property=\"og:image:width\" content=\"1200\" \/>\n\t<meta property=\"og:image:height\" content=\"1200\" \/>\n\t<meta property=\"og:image:type\" content=\"image\/jpeg\" \/>\n<meta name=\"twitter:card\" content=\"summary_large_image\" \/>\n<meta name=\"twitter:label1\" content=\"Est. reading time\" \/>\n\t<meta name=\"twitter:data1\" content=\"1 minute\" \/>\n<script type=\"application\/ld+json\" class=\"yoast-schema-graph\">{\"@context\":\"https:\/\/schema.org\",\"@graph\":[{\"@type\":\"WebPage\",\"@id\":\"https:\/\/www.ritzbrasil.com\/en\/produtos\/restoration-and-packaging-components\/restorers-and-lubricants\/\",\"url\":\"https:\/\/www.ritzbrasil.com\/en\/produtos\/restoration-and-packaging-components\/restorers-and-lubricants\/\",\"name\":\"Restorers and Lubricants\",\"isPartOf\":{\"@id\":\"https:\/\/www.ritzbrasil.com\/en\/#website\"},\"primaryImageOfPage\":{\"@id\":\"https:\/\/www.ritzbrasil.com\/en\/produtos\/restoration-and-packaging-components\/restorers-and-lubricants\/#primaryimage\"},\"image\":{\"@id\":\"https:\/\/www.ritzbrasil.com\/en\/produtos\/restoration-and-packaging-components\/restorers-and-lubricants\/#primaryimage\"},\"thumbnailUrl\":\"https:\/\/www.ritzbrasil.com\/wp-content\/uploads\/2024\/09\/rt400-0803-restaurador-brilho.jpg\",\"datePublished\":\"2024-09-04T10:41:13+00:00\",\"dateModified\":\"2026-02-25T18:53:41+00:00\",\"description\":\"Restoring and lubricating products for insulating poles, which renew worn surfaces and prevent oxidation and friction.\",\"breadcrumb\":{\"@id\":\"https:\/\/www.ritzbrasil.com\/en\/produtos\/restoration-and-packaging-components\/restorers-and-lubricants\/#breadcrumb\"},\"inLanguage\":\"en-US\",\"potentialAction\":[{\"@type\":\"ReadAction\",\"target\":[\"https:\/\/www.ritzbrasil.com\/en\/produtos\/restoration-and-packaging-components\/restorers-and-lubricants\/\"]}]},{\"@type\":\"ImageObject\",\"inLanguage\":\"en-US\",\"@id\":\"https:\/\/www.ritzbrasil.com\/en\/produtos\/restoration-and-packaging-components\/restorers-and-lubricants\/#primaryimage\",\"url\":\"https:\/\/www.ritzbrasil.com\/wp-content\/uploads\/2024\/09\/rt400-0803-restaurador-brilho.jpg\",\"contentUrl\":\"https:\/\/www.ritzbrasil.com\/wp-content\/uploads\/2024\/09\/rt400-0803-restaurador-brilho.jpg\",\"width\":1200,\"height\":1200,\"caption\":\"RT400-0803 Gloss restorer\"},{\"@type\":\"BreadcrumbList\",\"@id\":\"https:\/\/www.ritzbrasil.com\/en\/produtos\/restoration-and-packaging-components\/restorers-and-lubricants\/#breadcrumb\",\"itemListElement\":[{\"@type\":\"ListItem\",\"position\":1,\"name\":\"In\u00edcio\",\"item\":\"https:\/\/www.ritzbrasil.com\/en\/\"},{\"@type\":\"ListItem\",\"position\":2,\"name\":\"Shop\",\"item\":\"https:\/\/www.ritzbrasil.com\/en\/shop\/\"},{\"@type\":\"ListItem\",\"position\":3,\"name\":\"Restorers and Lubricants\"}]},{\"@type\":\"WebSite\",\"@id\":\"https:\/\/www.ritzbrasil.com\/en\/#website\",\"url\":\"https:\/\/www.ritzbrasil.com\/en\/\",\"name\":\"Equipamentos de Manuten\u00e7\u00e3o e Seguran\u00e7a para o Setor El\u00e9trico - Ritz Brasil\",\"description\":\"\",\"potentialAction\":[{\"@type\":\"SearchAction\",\"target\":{\"@type\":\"EntryPoint\",\"urlTemplate\":\"https:\/\/www.ritzbrasil.com\/en\/?s={search_term_string}\"},\"query-input\":{\"@type\":\"PropertyValueSpecification\",\"valueRequired\":true,\"valueName\":\"search_term_string\"}}],\"inLanguage\":\"en-US\"}]}<\/script>\n<!-- \/ Yoast SEO plugin. -->","yoast_head_json":{"title":"Restorers and Lubricants","description":"Restoring and lubricating products for insulating poles, which renew worn surfaces and prevent oxidation and friction.","robots":{"index":"index","follow":"follow","max-snippet":"max-snippet:-1","max-image-preview":"max-image-preview:large","max-video-preview":"max-video-preview:-1"},"canonical":"https:\/\/www.ritzbrasil.com\/en\/produtos\/restoration-and-packaging-components\/restorers-and-lubricants\/","og_locale":"en_US","og_type":"article","og_title":"Restorers and Lubricants","og_description":"Restoring and lubricating products for insulating poles, which renew worn surfaces and prevent oxidation and friction.","og_url":"https:\/\/www.ritzbrasil.com\/en\/produtos\/restoration-and-packaging-components\/restorers-and-lubricants\/","og_site_name":"Equipamentos de Manuten\u00e7\u00e3o e Seguran\u00e7a para o Setor El\u00e9trico - Ritz Brasil","article_modified_time":"2026-02-25T18:53:41+00:00","og_image":[{"width":1200,"height":1200,"url":"https:\/\/www.ritzbrasil.com\/wp-content\/uploads\/2024\/09\/rt400-0803-restaurador-brilho.jpg","type":"image\/jpeg"}],"twitter_card":"summary_large_image","twitter_misc":{"Est. reading time":"1 minute"},"schema":{"@context":"https:\/\/schema.org","@graph":[{"@type":"WebPage","@id":"https:\/\/www.ritzbrasil.com\/en\/produtos\/restoration-and-packaging-components\/restorers-and-lubricants\/","url":"https:\/\/www.ritzbrasil.com\/en\/produtos\/restoration-and-packaging-components\/restorers-and-lubricants\/","name":"Restorers and Lubricants","isPartOf":{"@id":"https:\/\/www.ritzbrasil.com\/en\/#website"},"primaryImageOfPage":{"@id":"https:\/\/www.ritzbrasil.com\/en\/produtos\/restoration-and-packaging-components\/restorers-and-lubricants\/#primaryimage"},"image":{"@id":"https:\/\/www.ritzbrasil.com\/en\/produtos\/restoration-and-packaging-components\/restorers-and-lubricants\/#primaryimage"},"thumbnailUrl":"https:\/\/www.ritzbrasil.com\/wp-content\/uploads\/2024\/09\/rt400-0803-restaurador-brilho.jpg","datePublished":"2024-09-04T10:41:13+00:00","dateModified":"2026-02-25T18:53:41+00:00","description":"Restoring and lubricating products for insulating poles, which renew worn surfaces and prevent oxidation and friction.","breadcrumb":{"@id":"https:\/\/www.ritzbrasil.com\/en\/produtos\/restoration-and-packaging-components\/restorers-and-lubricants\/#breadcrumb"},"inLanguage":"en-US","potentialAction":[{"@type":"ReadAction","target":["https:\/\/www.ritzbrasil.com\/en\/produtos\/restoration-and-packaging-components\/restorers-and-lubricants\/"]}]},{"@type":"ImageObject","inLanguage":"en-US","@id":"https:\/\/www.ritzbrasil.com\/en\/produtos\/restoration-and-packaging-components\/restorers-and-lubricants\/#primaryimage","url":"https:\/\/www.ritzbrasil.com\/wp-content\/uploads\/2024\/09\/rt400-0803-restaurador-brilho.jpg","contentUrl":"https:\/\/www.ritzbrasil.com\/wp-content\/uploads\/2024\/09\/rt400-0803-restaurador-brilho.jpg","width":1200,"height":1200,"caption":"RT400-0803 Gloss restorer"},{"@type":"BreadcrumbList","@id":"https:\/\/www.ritzbrasil.com\/en\/produtos\/restoration-and-packaging-components\/restorers-and-lubricants\/#breadcrumb","itemListElement":[{"@type":"ListItem","position":1,"name":"In\u00edcio","item":"https:\/\/www.ritzbrasil.com\/en\/"},{"@type":"ListItem","position":2,"name":"Shop","item":"https:\/\/www.ritzbrasil.com\/en\/shop\/"},{"@type":"ListItem","position":3,"name":"Restorers and Lubricants"}]},{"@type":"WebSite","@id":"https:\/\/www.ritzbrasil.com\/en\/#website","url":"https:\/\/www.ritzbrasil.com\/en\/","name":"Equipamentos de Manuten\u00e7\u00e3o e Seguran\u00e7a para o Setor El\u00e9trico - Ritz Brasil","description":"","potentialAction":[{"@type":"SearchAction","target":{"@type":"EntryPoint","urlTemplate":"https:\/\/www.ritzbrasil.com\/en\/?s={search_term_string}"},"query-input":{"@type":"PropertyValueSpecification","valueRequired":true,"valueName":"search_term_string"}}],"inLanguage":"en-US"}]}},"_links":{"self":[{"href":"https:\/\/www.ritzbrasil.com\/en\/wp-json\/wp\/v2\/product\/61274","targetHints":{"allow":["GET"]}}],"collection":[{"href":"https:\/\/www.ritzbrasil.com\/en\/wp-json\/wp\/v2\/product"}],"about":[{"href":"https:\/\/www.ritzbrasil.com\/en\/wp-json\/wp\/v2\/types\/product"}],"wp:featuredmedia":[{"embeddable":true,"href":"https:\/\/www.ritzbrasil.com\/en\/wp-json\/wp\/v2\/media\/58230"}],"wp:attachment":[{"href":"https:\/\/www.ritzbrasil.com\/en\/wp-json\/wp\/v2\/media?parent=61274"}],"wp:term":[{"taxonomy":"product_brand","embeddable":true,"href":"https:\/\/www.ritzbrasil.com\/en\/wp-json\/wp\/v2\/product_brand?post=61274"},{"taxonomy":"product_cat","embeddable":true,"href":"https:\/\/www.ritzbrasil.com\/en\/wp-json\/wp\/v2\/product_cat?post=61274"},{"taxonomy":"product_tag","embeddable":true,"href":"https:\/\/www.ritzbrasil.com\/en\/wp-json\/wp\/v2\/product_tag?post=61274"}],"curies":[{"name":"wp","href":"https:\/\/api.w.org\/{rel}","templated":true}]}}