{"id":61267,"date":"2024-09-02T15:21:35","date_gmt":"2024-09-02T18:21:35","guid":{"rendered":"https:\/\/www.ritzbrasil.com\/produtos\/uncategorized\/insulation-sheet\/"},"modified":"2026-02-25T15:54:12","modified_gmt":"2026-02-25T18:54:12","slug":"insulation-sheet","status":"publish","type":"product","link":"https:\/\/www.ritzbrasil.com\/en\/produtos\/protective-and-insulating-rubber-covers\/insulation-sheet\/","title":{"rendered":"Insulation sheet"},"content":{"rendered":"<div class=\"wpb-content-wrapper\"><p>[vc_row][vc_column]<div id=\"ult-carousel-400852024669de7e2e03a93\" class=\"ult-carousel-wrapper   ult_horizontal\" data-gutter=\"15\" data-rtl=\"false\" ><div class=\"ult-carousel-408131620469de7e2e039bb \" >[vc_single_image image=&#8221;58170&#8243; add_caption=&#8221;yes&#8221; alignment=&#8221;center&#8221; onclick=&#8221;link_image&#8221; css=&#8221;&#8221;][vc_single_image image=&#8221;58174&#8243; add_caption=&#8221;yes&#8221; alignment=&#8221;center&#8221; onclick=&#8221;link_image&#8221; css=&#8221;&#8221;][vc_single_image image=&#8221;58178&#8243; add_caption=&#8221;yes&#8221; alignment=&#8221;center&#8221; onclick=&#8221;link_image&#8221; css=&#8221;&#8221;][vc_single_image image=&#8221;58182&#8243; add_caption=&#8221;yes&#8221; alignment=&#8221;center&#8221; onclick=&#8221;link_image&#8221; css=&#8221;&#8221;][vc_single_image image=&#8221;58186&#8243; add_caption=&#8221;yes&#8221; alignment=&#8221;center&#8221; onclick=&#8221;link_image&#8221; css=&#8221;&#8221;][vc_single_image image=&#8221;58190&#8243; add_caption=&#8221;yes&#8221; alignment=&#8221;center&#8221; onclick=&#8221;link_image&#8221; css=&#8221;&#8221;][vc_single_image image=&#8221;58222&#8243; add_caption=&#8221;yes&#8221; alignment=&#8221;center&#8221; onclick=&#8221;link_image&#8221; css=&#8221;&#8221;][vc_single_image image=&#8221;58226&#8243; add_caption=&#8221;yes&#8221; alignment=&#8221;center&#8221; onclick=&#8221;link_image&#8221; css=&#8221;&#8221;]<\/div><\/div>\t\t\t<script type=\"text\/javascript\">\n\t\t\t\tjQuery(document).ready(function ($) {\n\t\t\t\t\tif( typeof jQuery('.ult-carousel-408131620469de7e2e039bb').slick == \"function\"){\n\t\t\t\t\t\t$('.ult-carousel-408131620469de7e2e039bb').slick({dots: false,autoplay: true,autoplaySpeed: \"3000\",speed: \"300\",infinite: true,arrows: true,nextArrow: '<button type=\"button\" role=\"button\" aria-label=\"Next\" style=\"color:#ff4d00; font-size:30px;\" class=\"slick-next default\"><i class=\"ultsl-arrow-right4\"><\/i><\/button>',prevArrow: '<button type=\"button\" role=\"button\" aria-label=\"Previous\" style=\"color:#ff4d00; font-size:30px;\" class=\"slick-prev default\"><i class=\"ultsl-arrow-left4\"><\/i><\/button>',slidesToScroll:5,slidesToShow:5,swipe: true,draggable: true,touchMove: true,pauseOnHover: true,pauseOnFocus: false,responsive: [\n\t\t\t\t\t\t\t{\n\t\t\t\t\t\t\t  breakpoint: 1026,\n\t\t\t\t\t\t\t  settings: {\n\t\t\t\t\t\t\t\tslidesToShow: 5,\n\t\t\t\t\t\t\t\tslidesToScroll: 5,  \n\t\t\t\t\t\t\t  }\n\t\t\t\t\t\t\t},\n\t\t\t\t\t\t\t{\n\t\t\t\t\t\t\t  breakpoint: 1025,\n\t\t\t\t\t\t\t  settings: {\n\t\t\t\t\t\t\t\tslidesToShow: 3,\n\t\t\t\t\t\t\t\tslidesToScroll: 3\n\t\t\t\t\t\t\t  }\n\t\t\t\t\t\t\t},\n\t\t\t\t\t\t\t{\n\t\t\t\t\t\t\t  breakpoint: 760,\n\t\t\t\t\t\t\t  settings: {\n\t\t\t\t\t\t\t\tslidesToShow: 2,\n\t\t\t\t\t\t\t\tslidesToScroll: 2\n\t\t\t\t\t\t\t  }\n\t\t\t\t\t\t\t}\n\t\t\t\t\t\t],pauseOnDotsHover: true,customPaging: function(slider, i) {\n                   return '<i type=\"button\" style= \"color:#333333;\" class=\"ultsl-record\" data-role=\"none\"><\/i>';\n                },});\n\t\t\t\t\t}\n\t\t\t\t});\n\t\t\t<\/script>\n\t\t\t[\/vc_column][\/vc_row][vc_row][vc_column][vc_column_text css=&#8221;.vc_custom_1725301676858{margin-top: 20px !important;}&#8221;]<\/p>\n<h4><span style=\"color: #ff9900;\"><strong>Insulation sheet<\/strong><\/span><\/h4>\n<p>[\/vc_column_text][vc_column_text css=&#8221;.vc_custom_1725366043851{margin-top: -20px !important;}&#8221;]\n<div id=\"tablepress-Lencol-Isolante-scroll-wrapper\" class=\"tablepress-scroll-wrapper\">\n<table id=\"tablepress-Lencol-Isolante\" class=\"tablepress tablepress-id-Lencol-Isolante tablepress-responsive\">\n<thead>\n<tr class=\"row-1\">\n\t<td class=\"column-1\"><\/td><th class=\"column-2\">  Refer\u00eancias<\/th><th class=\"column-3\">Caracter\u00edstica<\/th><td class=\"column-4\"><\/td><td class=\"column-5\"><\/td>\n<\/tr>\n<\/thead>\n<tbody class=\"row-striping row-hover\">\n<tr class=\"row-2\">\n\t<td class=\"column-1\"><img decoding=\"async\" src=\"https:\/\/www.ritzbrasil.com\/wp-content\/uploads\/2024\/09\/lr-4-ii-lencol-isolante-150x150-1.jpg\" \/><\/td><td class=\"column-2\">LR-4\/II<\/td><td class=\"column-3\">Inteiri\u00e7o<\/td><td class=\"column-4\">    <button class=\"add-to-budget\" data-table-id=\"Cobertura-Bucha-Transformador\" data-reference=\"LR-4\/II\" data-description=\"Len\u00e7ol Isolante\" style=\"color:#ff4d00;\">\n        <img decoding=\"async\" src=\"https:\/\/www.ritzbrasil.com\/\/wp-content\/uploads\/2024\/07\/orcar-compras-tabela-new-1.png\" alt=\"Request quote\" title=\"Request quote\" \/>\n    <\/button>\n    <\/td><td class=\"column-5\"><a href=\"https:\/\/lojasritz.com.br\/catalogsearch\/result\/?q=LR-4\/II\" target=\"_blank\" rel=\"noopener\"><img decoding=\"async\" src=\"https:\/\/www.ritzbrasil.com\/wp-content\/uploads\/2024\/07\/carrinho-compras-tabela.png\"  \/><\/a><\/td>\n<\/tr>\n<tr class=\"row-3\">\n\t<td class=\"column-1\"><img decoding=\"async\" src=\"https:\/\/www.ritzbrasil.com\/wp-content\/uploads\/2024\/09\/lr-sp-4-ii-lencol-isolante-150x150-1.jpg\" \/><\/td><td class=\"column-2\">LR-SP-4\/II<\/td><td class=\"column-3\">Semi-partido<\/td><td class=\"column-4\">    <button class=\"add-to-budget\" data-table-id=\"Cobertura-Bucha-Transformador\" data-reference=\"LR-SP-4\/II\" data-description=\"Len\u00e7ol Isolante\" style=\"color:#ff4d00;\">\n        <img decoding=\"async\" src=\"https:\/\/www.ritzbrasil.com\/\/wp-content\/uploads\/2024\/07\/orcar-compras-tabela-new-1.png\" alt=\"Request quote\" title=\"Request quote\" \/>\n    <\/button>\n    <\/td><td class=\"column-5\"><a href=\"https:\/\/lojasritz.com.br\/catalogsearch\/result\/?q=LR-SP-4\/II\" target=\"_blank\" rel=\"noopener\"><img decoding=\"async\" src=\"https:\/\/www.ritzbrasil.com\/wp-content\/uploads\/2024\/07\/carrinho-compras-tabela.png\"  \/><\/a><\/td>\n<\/tr>\n<tr class=\"row-4\">\n\t<td class=\"column-1\"><img decoding=\"async\" src=\"https:\/\/www.ritzbrasil.com\/wp-content\/uploads\/2024\/09\/lr-sp-4-ii-30396-lencol-isolante-150x150-1.jpg\" \/><\/td><td class=\"column-2\">LR-SP-4\/II-30396<\/td><td class=\"column-3\">Semi-partido<\/td><td class=\"column-4\">    <button class=\"add-to-budget\" data-table-id=\"Cobertura-Bucha-Transformador\" data-reference=\"LR-SP-4\/II-30396\" data-description=\"Len\u00e7ol Isolante\" style=\"color:#ff4d00;\">\n        <img decoding=\"async\" src=\"https:\/\/www.ritzbrasil.com\/\/wp-content\/uploads\/2024\/07\/orcar-compras-tabela-new-1.png\" alt=\"Request quote\" title=\"Request quote\" \/>\n    <\/button>\n    <\/td><td class=\"column-5\"><a href=\"https:\/\/lojasritz.com.br\/catalogsearch\/result\/?q=LR-SP-4\/II-30396\" target=\"_blank\" rel=\"noopener\"><img decoding=\"async\" src=\"https:\/\/www.ritzbrasil.com\/wp-content\/uploads\/2024\/07\/carrinho-compras-tabela.png\"  \/><\/a><\/td>\n<\/tr>\n<tr class=\"row-5\">\n\t<td class=\"column-1\"><img decoding=\"async\" src=\"https:\/\/www.ritzbrasil.com\/wp-content\/uploads\/2024\/09\/lr-tp-4-ii-lencol-isolante-150x150-1.jpg\" \/><\/td><td class=\"column-2\">3 entalhes<\/td><td class=\"column-3\">Semi-partido<\/td><td class=\"column-4\">    <button class=\"add-to-budget\" data-table-id=\"Cobertura-Bucha-Transformador\" data-reference=\"LR-TP-4\/II\" data-description=\"Len\u00e7ol Isolante\" style=\"color:#ff4d00;\">\n        <img decoding=\"async\" src=\"https:\/\/www.ritzbrasil.com\/\/wp-content\/uploads\/2024\/07\/orcar-compras-tabela-new-1.png\" alt=\"Request quote\" title=\"Request quote\" \/>\n    <\/button>\n    <\/td><td class=\"column-5\"><a href=\"https:\/\/lojasritz.com.br\/catalogsearch\/result\/?q=LR-TP-4\/II\" target=\"_blank\" rel=\"noopener\"><img decoding=\"async\" src=\"https:\/\/www.ritzbrasil.com\/wp-content\/uploads\/2024\/07\/carrinho-compras-tabela.png\"  \/><\/a><\/td>\n<\/tr>\n<\/tbody>\n<\/table>\n<\/div>\n[\/vc_column_text][vc_column_text css=&#8221;.vc_custom_1725301600791{margin-top: -20px !important;}&#8221;]Nominal working voltage (phase\/phase): 36kV<br \/>\n(Class 4 \/ Type II \/ Construction Style A)[\/vc_column_text][vc_column_text css=&#8221;.vc_custom_1725301801227{margin-top: -20px !important;}&#8221;]The sheets have holes around their perimeter which allow them to be attached to the energized components using plastic buttons.[\/vc_column_text][vc_separator border_width=&#8221;2&#8243; css=&#8221;&#8221;][\/vc_column][\/vc_row][vc_row][vc_column][vc_column_text css=&#8221;.vc_custom_1725301828568{margin-top: 20px !important;}&#8221;]<\/p>\n<h4><span style=\"color: #ff9900;\"><strong>LIR-BLR<\/strong><\/span><\/h4>\n<p>[\/vc_column_text][vc_column_text css=&#8221;.vc_custom_1725301842415{margin-top: -20px !important;}&#8221;]\n<div id=\"tablepress-LIR-BLR-scroll-wrapper\" class=\"tablepress-scroll-wrapper\">\n<table id=\"tablepress-LIR-BLR\" class=\"tablepress tablepress-id-LIR-BLR tablepress-responsive\">\n<thead>\n<tr class=\"row-1\">\n\t<td class=\"column-1\"><\/td><th class=\"column-2\">  Refer\u00eancias<\/th><th class=\"column-3\">Caracter\u00edstica<\/th><td class=\"column-4\"><\/td><td class=\"column-5\"><\/td>\n<\/tr>\n<\/thead>\n<tbody class=\"row-striping row-hover\">\n<tr class=\"row-2\">\n\t<td class=\"column-1\"><img decoding=\"async\" src=\"https:\/\/www.ritzbrasil.com\/wp-content\/uploads\/2024\/09\/lir-blr-botao-plastico-150x150-1.jpg\" \/><\/td><td class=\"column-2\">LIR-BLR<\/td><td class=\"column-3\">Bot\u00e3o de pl\u00e1stico para fixa\u00e7\u00e3o de len\u00e7ol de borracha.<\/td><td class=\"column-4\">    <button class=\"add-to-budget\" data-table-id=\"LIR-BLR\" data-reference=\"LIR-BLR\" data-description=\"Len\u00e7ol Isolante\" style=\"color:#ff4d00;\">\n        <img decoding=\"async\" src=\"https:\/\/www.ritzbrasil.com\/\/wp-content\/uploads\/2024\/07\/orcar-compras-tabela-new-1.png\" alt=\"Request quote\" title=\"Request quote\" \/>\n    <\/button>\n    <\/td><td class=\"column-5\"><a href=\"https:\/\/lojasritz.com.br\/catalogsearch\/result\/?q=LIR-BLR\" target=\"_blank\" rel=\"noopener\"><img decoding=\"async\" src=\"https:\/\/www.ritzbrasil.com\/wp-content\/uploads\/2024\/07\/carrinho-compras-tabela.png\"  \/><\/a><\/td>\n<\/tr>\n<\/tbody>\n<\/table>\n<\/div>\n[\/vc_column_text][vc_separator border_width=&#8221;2&#8243; css=&#8221;&#8221;][\/vc_column][\/vc_row][vc_row][vc_column][vc_column_text css=&#8221;.vc_custom_1725302012316{margin-top: 20px !important;}&#8221;]<\/p>\n<h4><span style=\"color: #ff9900;\"><strong>Roofing nailer<\/strong><\/span><\/h4>\n<p>[\/vc_column_text][vc_column_text css=&#8221;.vc_custom_1725302046127{margin-top: -20px !important;}&#8221;]Used to fix and position sheets and covers to protect electricians during live line activities. Available in contact and remote installation models.[\/vc_column_text][vc_column_text css=&#8221;.vc_custom_1725368647221{margin-top: -20px !important;}&#8221;]\n<div id=\"tablepress-Pregador-Cobertura-scroll-wrapper\" class=\"tablepress-scroll-wrapper\">\n<table id=\"tablepress-Pregador-Cobertura\" class=\"tablepress tablepress-id-Pregador-Cobertura tablepress-responsive\">\n<thead>\n<tr class=\"row-1\">\n\t<td class=\"column-1\"><\/td><th class=\"column-2\">  Refer\u00eancias<\/th><th class=\"column-3\">Caracter\u00edstica<\/th><td class=\"column-4\"><\/td><td class=\"column-5\"><\/td>\n<\/tr>\n<\/thead>\n<tbody class=\"row-striping row-hover\">\n<tr class=\"row-2\">\n\t<td class=\"column-1\"><img decoding=\"async\" src=\"https:\/\/www.ritzbrasil.com\/wp-content\/uploads\/2024\/09\/flv04417-1-pregador-cobertura-150x150-1.jpg\" \/><\/td><td class=\"column-2\">FLV04417-1<\/td><td class=\"column-3\">Pregador manual sem olhal.<br \/>\nPeso aprox.: 0,10 kg (0,22 lb)<br \/>\nAbertura m\u00e1xima: 90 mm<br \/>\nComprimento: 205 mm<\/td><td class=\"column-4\">    <button class=\"add-to-budget\" data-table-id=\"Pregador-Cobertura\" data-reference=\"FLV04417-1\" data-description=\"Len\u00e7ol Isolante\" style=\"color:#ff4d00;\">\n        <img decoding=\"async\" src=\"https:\/\/www.ritzbrasil.com\/\/wp-content\/uploads\/2024\/07\/orcar-compras-tabela-new-1.png\" alt=\"Request quote\" title=\"Request quote\" \/>\n    <\/button>\n    <\/td><td class=\"column-5\"><a href=\"https:\/\/lojasritz.com.br\/catalogsearch\/result\/?q=FLV04417-1\" target=\"_blank\" rel=\"noopener\"><img decoding=\"async\" src=\"https:\/\/www.ritzbrasil.com\/wp-content\/uploads\/2024\/07\/carrinho-compras-tabela.png\"  \/><\/a><\/td>\n<\/tr>\n<tr class=\"row-3\">\n\t<td class=\"column-1\"><img decoding=\"async\" src=\"https:\/\/www.ritzbrasil.com\/wp-content\/uploads\/2024\/09\/flv04417-2-pregador-cobertura-argola-150x150-1.jpg\" \/><\/td><td class=\"column-2\">FLV04417-2<\/td><td class=\"column-3\">Pregador manual com argola para<br \/>\ninstala\u00e7\u00e3o com bast\u00e3o de manobra.<br \/>\nPeso aprox.: 0,14 kg (0,33 lb)<br \/>\nAbertura m\u00e1xima: 90 mm<br \/>\nComprimento: 205 mm<\/td><td class=\"column-4\">    <button class=\"add-to-budget\" data-table-id=\"Pregador-Cobertura\" data-reference=\"FLV04417-2\" data-description=\"Len\u00e7ol Isolante\" style=\"color:#ff4d00;\">\n        <img decoding=\"async\" src=\"https:\/\/www.ritzbrasil.com\/\/wp-content\/uploads\/2024\/07\/orcar-compras-tabela-new-1.png\" alt=\"Request quote\" title=\"Request quote\" \/>\n    <\/button>\n    <\/td><td class=\"column-5\"><a href=\"https:\/\/lojasritz.com.br\/catalogsearch\/result\/?q=FLV04417-2\" target=\"_blank\" rel=\"noopener\"><img decoding=\"async\" src=\"https:\/\/www.ritzbrasil.com\/wp-content\/uploads\/2024\/07\/carrinho-compras-tabela.png\"  \/><\/a><\/td>\n<\/tr>\n<tr class=\"row-4\">\n\t<td class=\"column-1\"><img decoding=\"async\" src=\"https:\/\/www.ritzbrasil.com\/wp-content\/uploads\/2024\/09\/flv16886-1-pregador-manual-sem-olhal-150X150.jpg\" \/><\/td><td class=\"column-2\">FLV16886-1<\/td><td class=\"column-3\">Pregador manual sem olhal, com<br \/>\ncapa de prote\u00e7\u00e3o em borracha na<br \/>\nponta.<br \/>\nPeso aprox.: 0,12 kg (0,26 lb)<br \/>\nAbertura m\u00e1xima: 100 mm<br \/>\nComprimento: 240 mm<\/td><td class=\"column-4\">    <button class=\"add-to-budget\" data-table-id=\"Pregador-Cobertura\" data-reference=\"FLV16886-1\" data-description=\"Len\u00e7ol Isolante\" style=\"color:#ff4d00;\">\n        <img decoding=\"async\" src=\"https:\/\/www.ritzbrasil.com\/\/wp-content\/uploads\/2024\/07\/orcar-compras-tabela-new-1.png\" alt=\"Request quote\" title=\"Request quote\" \/>\n    <\/button>\n    <\/td><td class=\"column-5\"><a href=\"https:\/\/lojasritz.com.br\/catalogsearch\/result\/?q=FLV16886-1\" target=\"_blank\" rel=\"noopener\"><img decoding=\"async\" src=\"https:\/\/www.ritzbrasil.com\/wp-content\/uploads\/2024\/07\/carrinho-compras-tabela.png\"  \/><\/a><\/td>\n<\/tr>\n<tr class=\"row-5\">\n\t<td class=\"column-1\"><img decoding=\"async\" src=\"https:\/\/www.ritzbrasil.com\/wp-content\/uploads\/2024\/09\/flv16886-2-pregador-manual-com-argola-150X150.jpg\" \/><\/td><td class=\"column-2\">FLV16886-2<\/td><td class=\"column-3\">Pregador manual com argola para<br \/>\ninstala\u00e7\u00e3o com bast\u00e3o de manobra,<br \/>\ncom capa de prote\u00e7\u00e3o em borracha<br \/>\nna ponta.<br \/>\nPeso aprox.: 0,16 kg (0,35 lb)<br \/>\nAbertura m\u00e1xima: 100 mm<br \/>\nComprimento: 240 mm<\/td><td class=\"column-4\">    <button class=\"add-to-budget\" data-table-id=\"Pregador-Cobertura\" data-reference=\"FLV16886-2\" data-description=\"Len\u00e7ol Isolante\" style=\"color:#ff4d00;\">\n        <img decoding=\"async\" src=\"https:\/\/www.ritzbrasil.com\/\/wp-content\/uploads\/2024\/07\/orcar-compras-tabela-new-1.png\" alt=\"Request quote\" title=\"Request quote\" \/>\n    <\/button>\n    <\/td><td class=\"column-5\"><a href=\"https:\/\/lojasritz.com.br\/catalogsearch\/result\/?q=FLV16886-2\" target=\"_blank\" rel=\"noopener\"><img decoding=\"async\" src=\"https:\/\/www.ritzbrasil.com\/wp-content\/uploads\/2024\/07\/carrinho-compras-tabela.png\"  \/><\/a><\/td>\n<\/tr>\n<\/tbody>\n<\/table>\n<\/div>\n[\/vc_column_text][vc_separator border_width=&#8221;2&#8243; css=&#8221;&#8221;][\/vc_column][\/vc_row]<\/p>\n<\/div>","protected":false},"excerpt":{"rendered":"<p><strong>Insulation sheet.<\/strong><\/p>\n<p>Designed to protect electricians from accidents when they come into contact with energized parts of the structure during network maintenance. Versatile due to their flexibility, they can cover components with typically irregular shapes, such as: disconnect switches; secondary racks; pin insulators; anchor chains; crossarms, etc.<br \/>\nMade of special rubber and resistant to ozone and corona effects, they are made in orange, type II (ozone resistant).<\/p>\n","protected":false},"featured_media":58166,"template":"","meta":[],"product_brand":[],"product_cat":[3095],"product_tag":[3225,3227,3226,3228,3224,3220,3221,3222,3223],"class_list":{"0":"post-61267","1":"product","2":"type-product","3":"status-publish","4":"has-post-thumbnail","6":"product_cat-protective-and-insulating-rubber-covers","7":"product_tag-flv04417-1-en","8":"product_tag-flv04417-2-en","9":"product_tag-flv16886-1-en","10":"product_tag-flv16886-2-en","11":"product_tag-lir-blr-en","12":"product_tag-lr-4-ii-en","13":"product_tag-lr-sp-4-ii-en","14":"product_tag-lr-sp-4-ii-30396-en","15":"product_tag-lr-tp-4-ii-en","16":"description-off","18":"first","19":"instock","20":"virtual","21":"product-type-simple"},"yoast_head":"<!-- This site is optimized with the Yoast SEO plugin v27.1.1 - https:\/\/yoast.com\/product\/yoast-seo-wordpress\/ -->\n<title>Insulation sheet<\/title>\n<meta name=\"description\" content=\"Flexible insulating sheet to protect electricians from accidental contact with energized parts in irregular components.\" \/>\n<meta name=\"robots\" content=\"index, follow, max-snippet:-1, max-image-preview:large, max-video-preview:-1\" \/>\n<link rel=\"canonical\" href=\"https:\/\/www.ritzbrasil.com\/en\/produtos\/protective-and-insulating-rubber-covers\/insulation-sheet\/\" \/>\n<meta property=\"og:locale\" content=\"en_US\" \/>\n<meta property=\"og:type\" content=\"article\" \/>\n<meta property=\"og:title\" content=\"Insulation sheet\" \/>\n<meta property=\"og:description\" content=\"Flexible insulating sheet to protect electricians from accidental contact with energized parts in irregular components.\" \/>\n<meta property=\"og:url\" content=\"https:\/\/www.ritzbrasil.com\/en\/produtos\/protective-and-insulating-rubber-covers\/insulation-sheet\/\" \/>\n<meta property=\"og:site_name\" content=\"Equipamentos de Manuten\u00e7\u00e3o e Seguran\u00e7a para o Setor El\u00e9trico - Ritz Brasil\" \/>\n<meta property=\"article:modified_time\" content=\"2026-02-25T18:54:12+00:00\" \/>\n<meta property=\"og:image\" content=\"https:\/\/www.ritzbrasil.com\/wp-content\/uploads\/2024\/09\/lr-4-ii-lencol-isolante.jpg\" \/>\n\t<meta property=\"og:image:width\" content=\"1200\" \/>\n\t<meta property=\"og:image:height\" content=\"1200\" \/>\n\t<meta property=\"og:image:type\" content=\"image\/jpeg\" \/>\n<meta name=\"twitter:card\" content=\"summary_large_image\" \/>\n<meta name=\"twitter:label1\" content=\"Est. reading time\" \/>\n\t<meta name=\"twitter:data1\" content=\"1 minute\" \/>\n<script type=\"application\/ld+json\" class=\"yoast-schema-graph\">{\"@context\":\"https:\/\/schema.org\",\"@graph\":[{\"@type\":\"WebPage\",\"@id\":\"https:\/\/www.ritzbrasil.com\/en\/produtos\/protective-and-insulating-rubber-covers\/insulation-sheet\/\",\"url\":\"https:\/\/www.ritzbrasil.com\/en\/produtos\/protective-and-insulating-rubber-covers\/insulation-sheet\/\",\"name\":\"Insulation sheet\",\"isPartOf\":{\"@id\":\"https:\/\/www.ritzbrasil.com\/en\/#website\"},\"primaryImageOfPage\":{\"@id\":\"https:\/\/www.ritzbrasil.com\/en\/produtos\/protective-and-insulating-rubber-covers\/insulation-sheet\/#primaryimage\"},\"image\":{\"@id\":\"https:\/\/www.ritzbrasil.com\/en\/produtos\/protective-and-insulating-rubber-covers\/insulation-sheet\/#primaryimage\"},\"thumbnailUrl\":\"https:\/\/www.ritzbrasil.com\/wp-content\/uploads\/2024\/09\/lr-4-ii-lencol-isolante.jpg\",\"datePublished\":\"2024-09-02T18:21:35+00:00\",\"dateModified\":\"2026-02-25T18:54:12+00:00\",\"description\":\"Flexible insulating sheet to protect electricians from accidental contact with energized parts in irregular components.\",\"breadcrumb\":{\"@id\":\"https:\/\/www.ritzbrasil.com\/en\/produtos\/protective-and-insulating-rubber-covers\/insulation-sheet\/#breadcrumb\"},\"inLanguage\":\"en-US\",\"potentialAction\":[{\"@type\":\"ReadAction\",\"target\":[\"https:\/\/www.ritzbrasil.com\/en\/produtos\/protective-and-insulating-rubber-covers\/insulation-sheet\/\"]}]},{\"@type\":\"ImageObject\",\"inLanguage\":\"en-US\",\"@id\":\"https:\/\/www.ritzbrasil.com\/en\/produtos\/protective-and-insulating-rubber-covers\/insulation-sheet\/#primaryimage\",\"url\":\"https:\/\/www.ritzbrasil.com\/wp-content\/uploads\/2024\/09\/lr-4-ii-lencol-isolante.jpg\",\"contentUrl\":\"https:\/\/www.ritzbrasil.com\/wp-content\/uploads\/2024\/09\/lr-4-ii-lencol-isolante.jpg\",\"width\":1200,\"height\":1200,\"caption\":\"LR-4\/II Insulation sheet\"},{\"@type\":\"BreadcrumbList\",\"@id\":\"https:\/\/www.ritzbrasil.com\/en\/produtos\/protective-and-insulating-rubber-covers\/insulation-sheet\/#breadcrumb\",\"itemListElement\":[{\"@type\":\"ListItem\",\"position\":1,\"name\":\"In\u00edcio\",\"item\":\"https:\/\/www.ritzbrasil.com\/en\/\"},{\"@type\":\"ListItem\",\"position\":2,\"name\":\"Shop\",\"item\":\"https:\/\/www.ritzbrasil.com\/en\/shop\/\"},{\"@type\":\"ListItem\",\"position\":3,\"name\":\"Insulation sheet\"}]},{\"@type\":\"WebSite\",\"@id\":\"https:\/\/www.ritzbrasil.com\/en\/#website\",\"url\":\"https:\/\/www.ritzbrasil.com\/en\/\",\"name\":\"Equipamentos de Manuten\u00e7\u00e3o e Seguran\u00e7a para o Setor El\u00e9trico - Ritz Brasil\",\"description\":\"\",\"potentialAction\":[{\"@type\":\"SearchAction\",\"target\":{\"@type\":\"EntryPoint\",\"urlTemplate\":\"https:\/\/www.ritzbrasil.com\/en\/?s={search_term_string}\"},\"query-input\":{\"@type\":\"PropertyValueSpecification\",\"valueRequired\":true,\"valueName\":\"search_term_string\"}}],\"inLanguage\":\"en-US\"}]}<\/script>\n<!-- \/ Yoast SEO plugin. -->","yoast_head_json":{"title":"Insulation sheet","description":"Flexible insulating sheet to protect electricians from accidental contact with energized parts in irregular components.","robots":{"index":"index","follow":"follow","max-snippet":"max-snippet:-1","max-image-preview":"max-image-preview:large","max-video-preview":"max-video-preview:-1"},"canonical":"https:\/\/www.ritzbrasil.com\/en\/produtos\/protective-and-insulating-rubber-covers\/insulation-sheet\/","og_locale":"en_US","og_type":"article","og_title":"Insulation sheet","og_description":"Flexible insulating sheet to protect electricians from accidental contact with energized parts in irregular components.","og_url":"https:\/\/www.ritzbrasil.com\/en\/produtos\/protective-and-insulating-rubber-covers\/insulation-sheet\/","og_site_name":"Equipamentos de Manuten\u00e7\u00e3o e Seguran\u00e7a para o Setor El\u00e9trico - Ritz Brasil","article_modified_time":"2026-02-25T18:54:12+00:00","og_image":[{"width":1200,"height":1200,"url":"https:\/\/www.ritzbrasil.com\/wp-content\/uploads\/2024\/09\/lr-4-ii-lencol-isolante.jpg","type":"image\/jpeg"}],"twitter_card":"summary_large_image","twitter_misc":{"Est. reading time":"1 minute"},"schema":{"@context":"https:\/\/schema.org","@graph":[{"@type":"WebPage","@id":"https:\/\/www.ritzbrasil.com\/en\/produtos\/protective-and-insulating-rubber-covers\/insulation-sheet\/","url":"https:\/\/www.ritzbrasil.com\/en\/produtos\/protective-and-insulating-rubber-covers\/insulation-sheet\/","name":"Insulation sheet","isPartOf":{"@id":"https:\/\/www.ritzbrasil.com\/en\/#website"},"primaryImageOfPage":{"@id":"https:\/\/www.ritzbrasil.com\/en\/produtos\/protective-and-insulating-rubber-covers\/insulation-sheet\/#primaryimage"},"image":{"@id":"https:\/\/www.ritzbrasil.com\/en\/produtos\/protective-and-insulating-rubber-covers\/insulation-sheet\/#primaryimage"},"thumbnailUrl":"https:\/\/www.ritzbrasil.com\/wp-content\/uploads\/2024\/09\/lr-4-ii-lencol-isolante.jpg","datePublished":"2024-09-02T18:21:35+00:00","dateModified":"2026-02-25T18:54:12+00:00","description":"Flexible insulating sheet to protect electricians from accidental contact with energized parts in irregular components.","breadcrumb":{"@id":"https:\/\/www.ritzbrasil.com\/en\/produtos\/protective-and-insulating-rubber-covers\/insulation-sheet\/#breadcrumb"},"inLanguage":"en-US","potentialAction":[{"@type":"ReadAction","target":["https:\/\/www.ritzbrasil.com\/en\/produtos\/protective-and-insulating-rubber-covers\/insulation-sheet\/"]}]},{"@type":"ImageObject","inLanguage":"en-US","@id":"https:\/\/www.ritzbrasil.com\/en\/produtos\/protective-and-insulating-rubber-covers\/insulation-sheet\/#primaryimage","url":"https:\/\/www.ritzbrasil.com\/wp-content\/uploads\/2024\/09\/lr-4-ii-lencol-isolante.jpg","contentUrl":"https:\/\/www.ritzbrasil.com\/wp-content\/uploads\/2024\/09\/lr-4-ii-lencol-isolante.jpg","width":1200,"height":1200,"caption":"LR-4\/II Insulation sheet"},{"@type":"BreadcrumbList","@id":"https:\/\/www.ritzbrasil.com\/en\/produtos\/protective-and-insulating-rubber-covers\/insulation-sheet\/#breadcrumb","itemListElement":[{"@type":"ListItem","position":1,"name":"In\u00edcio","item":"https:\/\/www.ritzbrasil.com\/en\/"},{"@type":"ListItem","position":2,"name":"Shop","item":"https:\/\/www.ritzbrasil.com\/en\/shop\/"},{"@type":"ListItem","position":3,"name":"Insulation sheet"}]},{"@type":"WebSite","@id":"https:\/\/www.ritzbrasil.com\/en\/#website","url":"https:\/\/www.ritzbrasil.com\/en\/","name":"Equipamentos de Manuten\u00e7\u00e3o e Seguran\u00e7a para o Setor El\u00e9trico - Ritz Brasil","description":"","potentialAction":[{"@type":"SearchAction","target":{"@type":"EntryPoint","urlTemplate":"https:\/\/www.ritzbrasil.com\/en\/?s={search_term_string}"},"query-input":{"@type":"PropertyValueSpecification","valueRequired":true,"valueName":"search_term_string"}}],"inLanguage":"en-US"}]}},"_links":{"self":[{"href":"https:\/\/www.ritzbrasil.com\/en\/wp-json\/wp\/v2\/product\/61267","targetHints":{"allow":["GET"]}}],"collection":[{"href":"https:\/\/www.ritzbrasil.com\/en\/wp-json\/wp\/v2\/product"}],"about":[{"href":"https:\/\/www.ritzbrasil.com\/en\/wp-json\/wp\/v2\/types\/product"}],"wp:featuredmedia":[{"embeddable":true,"href":"https:\/\/www.ritzbrasil.com\/en\/wp-json\/wp\/v2\/media\/58166"}],"wp:attachment":[{"href":"https:\/\/www.ritzbrasil.com\/en\/wp-json\/wp\/v2\/media?parent=61267"}],"wp:term":[{"taxonomy":"product_brand","embeddable":true,"href":"https:\/\/www.ritzbrasil.com\/en\/wp-json\/wp\/v2\/product_brand?post=61267"},{"taxonomy":"product_cat","embeddable":true,"href":"https:\/\/www.ritzbrasil.com\/en\/wp-json\/wp\/v2\/product_cat?post=61267"},{"taxonomy":"product_tag","embeddable":true,"href":"https:\/\/www.ritzbrasil.com\/en\/wp-json\/wp\/v2\/product_tag?post=61267"}],"curies":[{"name":"wp","href":"https:\/\/api.w.org\/{rel}","templated":true}]}}