{"id":61249,"date":"2024-09-10T17:10:37","date_gmt":"2024-09-10T20:10:37","guid":{"rendered":"https:\/\/www.ritzbrasil.com\/produtos\/uncategorized\/insulating-ladder-spacer\/"},"modified":"2026-02-25T15:50:24","modified_gmt":"2026-02-25T18:50:24","slug":"insulating-ladder-spacer","status":"publish","type":"product","link":"https:\/\/www.ritzbrasil.com\/en\/produtos\/ladders-platforms-and-insulated-scaffolding\/insulating-ladder-spacer\/","title":{"rendered":"Insulating ladder spacer"},"content":{"rendered":"<div class=\"wpb-content-wrapper\"><p>[vc_row][vc_column][vc_column_text css=&#8221;.vc_custom_1725998824666{margin-top: 20px !important;}&#8221;]<\/p>\n<h4><span style=\"color: #ff9900;\"><strong>Insulating ladder spacer<\/strong><\/span><\/h4>\n<p>[\/vc_column_text][vc_column_text css=&#8221;.vc_custom_1725998857399{margin-top: -20px !important;}&#8221;]\n<div id=\"tablepress-Distanciador-Isolante-Escada-scroll-wrapper\" class=\"tablepress-scroll-wrapper\">\n<table id=\"tablepress-Distanciador-Isolante-Escada\" class=\"tablepress tablepress-id-Distanciador-Isolante-Escada tablepress-responsive\">\n<thead>\n<tr class=\"row-1\">\n\t<td class=\"column-1\"><\/td><th class=\"column-2\">  Refer\u00eancias<\/th><th class=\"column-3\">Caracter\u00edstica<\/th><td class=\"column-4\"><\/td><td class=\"column-5\"><\/td>\n<\/tr>\n<\/thead>\n<tbody class=\"row-striping row-hover\">\n<tr class=\"row-2\">\n\t<td class=\"column-1\"><img decoding=\"async\" src=\"https:\/\/www.ritzbrasil.com\/wp-content\/uploads\/2024\/09\/flv30595-1-distanciador-isolante-escada-150x150-1.jpg\" \/><\/td><td class=\"column-2\">FLV30595-1<\/td><td class=\"column-3\">Comprimento isolante: 700 mm<br \/>\nCapacidade de carga: 136 kg (300 lbf )<br \/>\nPeso Aprox.: 23,25 kg (51,26 lb)<\/td><td class=\"column-4\">    <button class=\"add-to-budget\" data-table-id=\"Distanciador-Isolante-Escada\" data-reference=\"FLV30595-1\" data-description=\"Distanciador Isolante para Escada\" style=\"color:#ff4d00;\">\n        <img decoding=\"async\" src=\"https:\/\/www.ritzbrasil.com\/\/wp-content\/uploads\/2024\/07\/orcar-compras-tabela-new-1.png\" alt=\"Request quote\" title=\"Request quote\" \/>\n    <\/button>\n    <\/td><td class=\"column-5\"><a href=\"https:\/\/lojasritz.com.br\/catalogsearch\/result\/?q=FLV30595-1\" target=\"_blank\" rel=\"noopener\"><img decoding=\"async\" src=\"https:\/\/www.ritzbrasil.com\/wp-content\/uploads\/2024\/07\/carrinho-compras-tabela.png\"  \/><\/a><\/td>\n<\/tr>\n<\/tbody>\n<\/table>\n<\/div>\n[\/vc_column_text][vc_separator border_width=&#8221;2&#8243; css=&#8221;&#8221;][\/vc_column][\/vc_row]<\/p>\n<\/div>","protected":false},"excerpt":{"rendered":"<h4><span style=\"color: #ff9900;\"><strong>Insulating ladder spacer<\/strong><\/span><\/h4>\n<p>Tool used to move the insulating ladder away from the poles when working on live lines. Alternative for carrying out activities on power grids where there is no access for vehicles with aerial baskets.<\/p>\n<p>It has a regulating pin allowing the equipment to rotate 180\u00b0 from the tip to the body and a &#8220;T&#8221; screw that ensures the equipment is tightened and secured at the desired angle. The equipment maintains the distance between the ladder and the pole, bringing a significant gain in safety and ergonomics compared to the current method of ladders resting directly on poles.<\/p>\n<p>Insulating length: 700 mm<br \/>\nLoad capacity: 136 kg (300 lbf )<br \/>\nApprox. weight: 23.25 kg (51.26 lb)<\/p>\n","protected":false},"featured_media":58390,"template":"","meta":[],"product_brand":[],"product_cat":[2777],"product_tag":[2930],"class_list":{"0":"post-61249","1":"product","2":"type-product","3":"status-publish","4":"has-post-thumbnail","6":"product_cat-ladders-platforms-and-insulated-scaffolding","7":"product_tag-flv30595-1-en","8":"description-off","10":"first","11":"instock","12":"virtual","13":"product-type-simple"},"yoast_head":"<!-- This site is optimized with the Yoast SEO plugin v27.1.1 - https:\/\/yoast.com\/product\/yoast-seo-wordpress\/ -->\n<title>Insulating ladder spacer<\/title>\n<meta name=\"description\" content=\"Tool for moving insulating ladders away from live poles. Ideal for energized networks without access to vehicles with aerial baskets.\" \/>\n<meta name=\"robots\" content=\"index, follow, max-snippet:-1, max-image-preview:large, max-video-preview:-1\" \/>\n<link rel=\"canonical\" href=\"https:\/\/www.ritzbrasil.com\/en\/produtos\/ladders-platforms-and-insulated-scaffolding\/insulating-ladder-spacer\/\" \/>\n<meta property=\"og:locale\" content=\"en_US\" \/>\n<meta property=\"og:type\" content=\"article\" \/>\n<meta property=\"og:title\" content=\"Insulating ladder spacer\" \/>\n<meta property=\"og:description\" content=\"Tool for moving insulating ladders away from live poles. Ideal for energized networks without access to vehicles with aerial baskets.\" \/>\n<meta property=\"og:url\" content=\"https:\/\/www.ritzbrasil.com\/en\/produtos\/ladders-platforms-and-insulated-scaffolding\/insulating-ladder-spacer\/\" \/>\n<meta property=\"og:site_name\" content=\"Equipamentos de Manuten\u00e7\u00e3o e Seguran\u00e7a para o Setor El\u00e9trico - Ritz Brasil\" \/>\n<meta property=\"article:modified_time\" content=\"2026-02-25T18:50:24+00:00\" \/>\n<meta property=\"og:image\" content=\"https:\/\/www.ritzbrasil.com\/wp-content\/uploads\/2024\/09\/flv30595-1-distanciador-isolante-escada.jpg\" \/>\n\t<meta property=\"og:image:width\" content=\"1200\" \/>\n\t<meta property=\"og:image:height\" content=\"1200\" \/>\n\t<meta property=\"og:image:type\" content=\"image\/jpeg\" \/>\n<meta name=\"twitter:card\" content=\"summary_large_image\" \/>\n<meta name=\"twitter:label1\" content=\"Est. reading time\" \/>\n\t<meta name=\"twitter:data1\" content=\"1 minute\" \/>\n<script type=\"application\/ld+json\" class=\"yoast-schema-graph\">{\"@context\":\"https:\/\/schema.org\",\"@graph\":[{\"@type\":\"WebPage\",\"@id\":\"https:\/\/www.ritzbrasil.com\/en\/produtos\/ladders-platforms-and-insulated-scaffolding\/insulating-ladder-spacer\/\",\"url\":\"https:\/\/www.ritzbrasil.com\/en\/produtos\/ladders-platforms-and-insulated-scaffolding\/insulating-ladder-spacer\/\",\"name\":\"Insulating ladder spacer\",\"isPartOf\":{\"@id\":\"https:\/\/www.ritzbrasil.com\/en\/#website\"},\"primaryImageOfPage\":{\"@id\":\"https:\/\/www.ritzbrasil.com\/en\/produtos\/ladders-platforms-and-insulated-scaffolding\/insulating-ladder-spacer\/#primaryimage\"},\"image\":{\"@id\":\"https:\/\/www.ritzbrasil.com\/en\/produtos\/ladders-platforms-and-insulated-scaffolding\/insulating-ladder-spacer\/#primaryimage\"},\"thumbnailUrl\":\"https:\/\/www.ritzbrasil.com\/wp-content\/uploads\/2024\/09\/flv30595-1-distanciador-isolante-escada.jpg\",\"datePublished\":\"2024-09-10T20:10:37+00:00\",\"dateModified\":\"2026-02-25T18:50:24+00:00\",\"description\":\"Tool for moving insulating ladders away from live poles. Ideal for energized networks without access to vehicles with aerial baskets.\",\"breadcrumb\":{\"@id\":\"https:\/\/www.ritzbrasil.com\/en\/produtos\/ladders-platforms-and-insulated-scaffolding\/insulating-ladder-spacer\/#breadcrumb\"},\"inLanguage\":\"en-US\",\"potentialAction\":[{\"@type\":\"ReadAction\",\"target\":[\"https:\/\/www.ritzbrasil.com\/en\/produtos\/ladders-platforms-and-insulated-scaffolding\/insulating-ladder-spacer\/\"]}]},{\"@type\":\"ImageObject\",\"inLanguage\":\"en-US\",\"@id\":\"https:\/\/www.ritzbrasil.com\/en\/produtos\/ladders-platforms-and-insulated-scaffolding\/insulating-ladder-spacer\/#primaryimage\",\"url\":\"https:\/\/www.ritzbrasil.com\/wp-content\/uploads\/2024\/09\/flv30595-1-distanciador-isolante-escada.jpg\",\"contentUrl\":\"https:\/\/www.ritzbrasil.com\/wp-content\/uploads\/2024\/09\/flv30595-1-distanciador-isolante-escada.jpg\",\"width\":1200,\"height\":1200,\"caption\":\"FLV30595-1 Insulating ladder spacer\"},{\"@type\":\"BreadcrumbList\",\"@id\":\"https:\/\/www.ritzbrasil.com\/en\/produtos\/ladders-platforms-and-insulated-scaffolding\/insulating-ladder-spacer\/#breadcrumb\",\"itemListElement\":[{\"@type\":\"ListItem\",\"position\":1,\"name\":\"In\u00edcio\",\"item\":\"https:\/\/www.ritzbrasil.com\/en\/\"},{\"@type\":\"ListItem\",\"position\":2,\"name\":\"Shop\",\"item\":\"https:\/\/www.ritzbrasil.com\/en\/shop\/\"},{\"@type\":\"ListItem\",\"position\":3,\"name\":\"Insulating ladder spacer\"}]},{\"@type\":\"WebSite\",\"@id\":\"https:\/\/www.ritzbrasil.com\/en\/#website\",\"url\":\"https:\/\/www.ritzbrasil.com\/en\/\",\"name\":\"Equipamentos de Manuten\u00e7\u00e3o e Seguran\u00e7a para o Setor El\u00e9trico - Ritz Brasil\",\"description\":\"\",\"potentialAction\":[{\"@type\":\"SearchAction\",\"target\":{\"@type\":\"EntryPoint\",\"urlTemplate\":\"https:\/\/www.ritzbrasil.com\/en\/?s={search_term_string}\"},\"query-input\":{\"@type\":\"PropertyValueSpecification\",\"valueRequired\":true,\"valueName\":\"search_term_string\"}}],\"inLanguage\":\"en-US\"}]}<\/script>\n<!-- \/ Yoast SEO plugin. -->","yoast_head_json":{"title":"Insulating ladder spacer","description":"Tool for moving insulating ladders away from live poles. Ideal for energized networks without access to vehicles with aerial baskets.","robots":{"index":"index","follow":"follow","max-snippet":"max-snippet:-1","max-image-preview":"max-image-preview:large","max-video-preview":"max-video-preview:-1"},"canonical":"https:\/\/www.ritzbrasil.com\/en\/produtos\/ladders-platforms-and-insulated-scaffolding\/insulating-ladder-spacer\/","og_locale":"en_US","og_type":"article","og_title":"Insulating ladder spacer","og_description":"Tool for moving insulating ladders away from live poles. Ideal for energized networks without access to vehicles with aerial baskets.","og_url":"https:\/\/www.ritzbrasil.com\/en\/produtos\/ladders-platforms-and-insulated-scaffolding\/insulating-ladder-spacer\/","og_site_name":"Equipamentos de Manuten\u00e7\u00e3o e Seguran\u00e7a para o Setor El\u00e9trico - Ritz Brasil","article_modified_time":"2026-02-25T18:50:24+00:00","og_image":[{"width":1200,"height":1200,"url":"https:\/\/www.ritzbrasil.com\/wp-content\/uploads\/2024\/09\/flv30595-1-distanciador-isolante-escada.jpg","type":"image\/jpeg"}],"twitter_card":"summary_large_image","twitter_misc":{"Est. reading time":"1 minute"},"schema":{"@context":"https:\/\/schema.org","@graph":[{"@type":"WebPage","@id":"https:\/\/www.ritzbrasil.com\/en\/produtos\/ladders-platforms-and-insulated-scaffolding\/insulating-ladder-spacer\/","url":"https:\/\/www.ritzbrasil.com\/en\/produtos\/ladders-platforms-and-insulated-scaffolding\/insulating-ladder-spacer\/","name":"Insulating ladder spacer","isPartOf":{"@id":"https:\/\/www.ritzbrasil.com\/en\/#website"},"primaryImageOfPage":{"@id":"https:\/\/www.ritzbrasil.com\/en\/produtos\/ladders-platforms-and-insulated-scaffolding\/insulating-ladder-spacer\/#primaryimage"},"image":{"@id":"https:\/\/www.ritzbrasil.com\/en\/produtos\/ladders-platforms-and-insulated-scaffolding\/insulating-ladder-spacer\/#primaryimage"},"thumbnailUrl":"https:\/\/www.ritzbrasil.com\/wp-content\/uploads\/2024\/09\/flv30595-1-distanciador-isolante-escada.jpg","datePublished":"2024-09-10T20:10:37+00:00","dateModified":"2026-02-25T18:50:24+00:00","description":"Tool for moving insulating ladders away from live poles. Ideal for energized networks without access to vehicles with aerial baskets.","breadcrumb":{"@id":"https:\/\/www.ritzbrasil.com\/en\/produtos\/ladders-platforms-and-insulated-scaffolding\/insulating-ladder-spacer\/#breadcrumb"},"inLanguage":"en-US","potentialAction":[{"@type":"ReadAction","target":["https:\/\/www.ritzbrasil.com\/en\/produtos\/ladders-platforms-and-insulated-scaffolding\/insulating-ladder-spacer\/"]}]},{"@type":"ImageObject","inLanguage":"en-US","@id":"https:\/\/www.ritzbrasil.com\/en\/produtos\/ladders-platforms-and-insulated-scaffolding\/insulating-ladder-spacer\/#primaryimage","url":"https:\/\/www.ritzbrasil.com\/wp-content\/uploads\/2024\/09\/flv30595-1-distanciador-isolante-escada.jpg","contentUrl":"https:\/\/www.ritzbrasil.com\/wp-content\/uploads\/2024\/09\/flv30595-1-distanciador-isolante-escada.jpg","width":1200,"height":1200,"caption":"FLV30595-1 Insulating ladder spacer"},{"@type":"BreadcrumbList","@id":"https:\/\/www.ritzbrasil.com\/en\/produtos\/ladders-platforms-and-insulated-scaffolding\/insulating-ladder-spacer\/#breadcrumb","itemListElement":[{"@type":"ListItem","position":1,"name":"In\u00edcio","item":"https:\/\/www.ritzbrasil.com\/en\/"},{"@type":"ListItem","position":2,"name":"Shop","item":"https:\/\/www.ritzbrasil.com\/en\/shop\/"},{"@type":"ListItem","position":3,"name":"Insulating ladder spacer"}]},{"@type":"WebSite","@id":"https:\/\/www.ritzbrasil.com\/en\/#website","url":"https:\/\/www.ritzbrasil.com\/en\/","name":"Equipamentos de Manuten\u00e7\u00e3o e Seguran\u00e7a para o Setor El\u00e9trico - Ritz Brasil","description":"","potentialAction":[{"@type":"SearchAction","target":{"@type":"EntryPoint","urlTemplate":"https:\/\/www.ritzbrasil.com\/en\/?s={search_term_string}"},"query-input":{"@type":"PropertyValueSpecification","valueRequired":true,"valueName":"search_term_string"}}],"inLanguage":"en-US"}]}},"_links":{"self":[{"href":"https:\/\/www.ritzbrasil.com\/en\/wp-json\/wp\/v2\/product\/61249","targetHints":{"allow":["GET"]}}],"collection":[{"href":"https:\/\/www.ritzbrasil.com\/en\/wp-json\/wp\/v2\/product"}],"about":[{"href":"https:\/\/www.ritzbrasil.com\/en\/wp-json\/wp\/v2\/types\/product"}],"wp:featuredmedia":[{"embeddable":true,"href":"https:\/\/www.ritzbrasil.com\/en\/wp-json\/wp\/v2\/media\/58390"}],"wp:attachment":[{"href":"https:\/\/www.ritzbrasil.com\/en\/wp-json\/wp\/v2\/media?parent=61249"}],"wp:term":[{"taxonomy":"product_brand","embeddable":true,"href":"https:\/\/www.ritzbrasil.com\/en\/wp-json\/wp\/v2\/product_brand?post=61249"},{"taxonomy":"product_cat","embeddable":true,"href":"https:\/\/www.ritzbrasil.com\/en\/wp-json\/wp\/v2\/product_cat?post=61249"},{"taxonomy":"product_tag","embeddable":true,"href":"https:\/\/www.ritzbrasil.com\/en\/wp-json\/wp\/v2\/product_tag?post=61249"}],"curies":[{"name":"wp","href":"https:\/\/api.w.org\/{rel}","templated":true}]}}