{"id":61244,"date":"2024-09-17T14:38:59","date_gmt":"2024-09-17T17:38:59","guid":{"rendered":"https:\/\/www.ritzbrasil.com\/produtos\/uncategorized\/insulation-stick-for-hoists-and-jibs\/"},"modified":"2026-02-25T15:44:49","modified_gmt":"2026-02-25T18:44:49","slug":"insulation-stick-for-hoists-and-jibs","status":"publish","type":"product","link":"https:\/\/www.ritzbrasil.com\/en\/produtos\/tools-for-lifting-loads-and-accessories\/insulation-stick-for-hoists-and-jibs\/","title":{"rendered":"Insulation Stick for Hoists and Jibs"},"content":{"rendered":"<div class=\"wpb-content-wrapper\"><p>[vc_row][vc_column][vc_column_text css=&#8221;.vc_custom_1726594794701{margin-top: 20px !important;}&#8221;]<\/p>\n<h4><span style=\"color: #ff9900;\"><strong>Insulation Stick for Hoists and Jibs<\/strong><\/span><\/h4>\n<p>[\/vc_column_text][vc_column_text css=&#8221;.vc_custom_1726663683175{margin-top: -20px !important;}&#8221;]\n<div id=\"tablepress-Bastao-Isolante-Talhas-Moitoes-scroll-wrapper\" class=\"tablepress-scroll-wrapper\">\n<table id=\"tablepress-Bastao-Isolante-Talhas-Moitoes\" class=\"tablepress tablepress-id-Bastao-Isolante-Talhas-Moitoes tablepress-responsive\">\n<thead>\n<tr class=\"row-1\">\n\t<td class=\"column-1\"><\/td><th class=\"column-2\">  Refer\u00eancias<\/th><th class=\"column-3\">Caracter\u00edstica<\/th><td class=\"column-4\"><\/td><td class=\"column-5\"><\/td>\n<\/tr>\n<\/thead>\n<tbody class=\"row-striping row-hover\">\n<tr class=\"row-2\">\n\t<td class=\"column-1\"><img decoding=\"async\" src=\"https:\/\/www.ritzbrasil.com\/wp-content\/uploads\/2024\/09\/rc400-1175-bastao-isolante-talhas-moitoes-150x150-1.jpg\" \/><\/td><td class=\"column-2\">RC400-1175<\/td><td class=\"column-3\"><\/td><td class=\"column-4\">    <button class=\"add-to-budget\" data-table-id=\"Bastao-Isolante-Talhas-Moitoes\" data-reference=\"RC400-1175\" data-description=\"Bast\u00e3o Isolante para Talhas e Moit\u00f5es\" style=\"color:#ff4d00;\">\n        <img decoding=\"async\" src=\"https:\/\/www.ritzbrasil.com\/\/wp-content\/uploads\/2024\/07\/orcar-compras-tabela-new-1.png\" alt=\"Request quote\" title=\"Request quote\" \/>\n    <\/button>\n    <\/td><td class=\"column-5\"><a href=\"https:\/\/lojasritz.com.br\/catalogsearch\/result\/?q=RC400-1175\" target=\"_blank\" rel=\"noopener\"><img decoding=\"async\" src=\"https:\/\/www.ritzbrasil.com\/wp-content\/uploads\/2024\/07\/carrinho-compras-tabela.png\"  \/><\/a><\/td>\n<\/tr>\n<tr class=\"row-3\">\n\t<td class=\"column-1\"><img decoding=\"async\" src=\"https:\/\/www.ritzbrasil.com\/wp-content\/uploads\/2024\/09\/rc400-2399-bastao-isolante-talhas-moitoes-150x150-1.jpg\" \/><\/td><td class=\"column-2\">RC400-2399<\/td><td class=\"column-3\"><\/td><td class=\"column-4\">    <button class=\"add-to-budget\" data-table-id=\"Bastao-Isolante-Talhas-Moitoes\" data-reference=\"RC400-2399\" data-description=\"Bast\u00e3o Isolante para Talhas e Moit\u00f5es\" style=\"color:#ff4d00;\">\n        <img decoding=\"async\" src=\"https:\/\/www.ritzbrasil.com\/\/wp-content\/uploads\/2024\/07\/orcar-compras-tabela-new-1.png\" alt=\"Request quote\" title=\"Request quote\" \/>\n    <\/button>\n    <\/td><td class=\"column-5\"><a href=\"https:\/\/lojasritz.com.br\/catalogsearch\/result\/?q=RC400-2399\" target=\"_blank\" rel=\"noopener\"><img decoding=\"async\" src=\"https:\/\/www.ritzbrasil.com\/wp-content\/uploads\/2024\/07\/carrinho-compras-tabela.png\"  \/><\/a><\/td>\n<\/tr>\n<tr class=\"row-4\">\n\t<td class=\"column-1\"><img decoding=\"async\" src=\"https:\/\/www.ritzbrasil.com\/wp-content\/uploads\/2024\/09\/rc400-2399-bastao-isolante-talhas-moitoes-150x150-1.jpg\" \/><\/td><td class=\"column-2\">RC400-2400<\/td><td class=\"column-3\"><\/td><td class=\"column-4\">    <button class=\"add-to-budget\" data-table-id=\"Bastao-Isolante-Talhas-Moitoes\" data-reference=\"RC400-2400\" data-description=\"Bast\u00e3o Isolante para Talhas e Moit\u00f5es\" style=\"color:#ff4d00;\">\n        <img decoding=\"async\" src=\"https:\/\/www.ritzbrasil.com\/\/wp-content\/uploads\/2024\/07\/orcar-compras-tabela-new-1.png\" alt=\"Request quote\" title=\"Request quote\" \/>\n    <\/button>\n    <\/td><td class=\"column-5\"><a href=\"https:\/\/lojasritz.com.br\/catalogsearch\/result\/?q=RC400-2400\" target=\"_blank\" rel=\"noopener\"><img decoding=\"async\" src=\"https:\/\/www.ritzbrasil.com\/wp-content\/uploads\/2024\/07\/carrinho-compras-tabela.png\"  \/><\/a><\/td>\n<\/tr>\n<\/tbody>\n<\/table>\n<\/div>\n[\/vc_column_text][vc_separator border_width=&#8221;2&#8243; css=&#8221;&#8221;][\/vc_column][\/vc_row]<\/p>\n<\/div>","protected":false},"excerpt":{"rendered":"<h4><span style=\"color: #ff9900;\">Insulation Stick for Hoists and Jibs<\/span><\/h4>\n<p>They make it possible to safely transform a hoist with a nylon tie rod into insulated equipment and thus use it in energized installations.<\/p>\n<p>It has a steel safety hook at one end and a steel swivel eye at the other. The eye is attached to one of the hooks on the hoist or hooklift to ensure it is isolated from the grounded parts of the structure.<\/p>\n","protected":false},"featured_media":58666,"template":"","meta":[],"product_brand":[],"product_cat":[2661],"product_tag":[2913,2914,2915],"class_list":{"0":"post-61244","1":"product","2":"type-product","3":"status-publish","4":"has-post-thumbnail","6":"product_cat-tools-for-lifting-loads-and-accessories","7":"product_tag-rc400-1175-en","8":"product_tag-rc400-2399-en","9":"product_tag-rc400-2400-en","10":"description-off","12":"first","13":"instock","14":"virtual","15":"product-type-simple"},"yoast_head":"<!-- This site is optimized with the Yoast SEO plugin v27.1.1 - https:\/\/yoast.com\/product\/yoast-seo-wordpress\/ -->\n<title>Insulation Stick for Hoists and Jibs<\/title>\n<meta name=\"description\" content=\"Insulating pole for hoists and jibs, ideal for safe use in energized installations, with safety hook and swivel eye.\" \/>\n<meta name=\"robots\" content=\"index, follow, max-snippet:-1, max-image-preview:large, max-video-preview:-1\" \/>\n<link rel=\"canonical\" href=\"https:\/\/www.ritzbrasil.com\/en\/produtos\/tools-for-lifting-loads-and-accessories\/insulation-stick-for-hoists-and-jibs\/\" \/>\n<meta property=\"og:locale\" content=\"en_US\" \/>\n<meta property=\"og:type\" content=\"article\" \/>\n<meta property=\"og:title\" content=\"Insulation Stick for Hoists and Jibs\" \/>\n<meta property=\"og:description\" content=\"Insulating pole for hoists and jibs, ideal for safe use in energized installations, with safety hook and swivel eye.\" \/>\n<meta property=\"og:url\" content=\"https:\/\/www.ritzbrasil.com\/en\/produtos\/tools-for-lifting-loads-and-accessories\/insulation-stick-for-hoists-and-jibs\/\" \/>\n<meta property=\"og:site_name\" content=\"Equipamentos de Manuten\u00e7\u00e3o e Seguran\u00e7a para o Setor El\u00e9trico - Ritz Brasil\" \/>\n<meta property=\"article:modified_time\" content=\"2026-02-25T18:44:49+00:00\" \/>\n<meta property=\"og:image\" content=\"https:\/\/www.ritzbrasil.com\/wp-content\/uploads\/2024\/09\/rc400-1175-bastao-isolante-talhas-moitoes.jpg\" \/>\n\t<meta property=\"og:image:width\" content=\"1200\" \/>\n\t<meta property=\"og:image:height\" content=\"1200\" \/>\n\t<meta property=\"og:image:type\" content=\"image\/jpeg\" \/>\n<meta name=\"twitter:card\" content=\"summary_large_image\" \/>\n<meta name=\"twitter:label1\" content=\"Est. reading time\" \/>\n\t<meta name=\"twitter:data1\" content=\"1 minute\" \/>\n<script type=\"application\/ld+json\" class=\"yoast-schema-graph\">{\"@context\":\"https:\/\/schema.org\",\"@graph\":[{\"@type\":\"WebPage\",\"@id\":\"https:\/\/www.ritzbrasil.com\/en\/produtos\/tools-for-lifting-loads-and-accessories\/insulation-stick-for-hoists-and-jibs\/\",\"url\":\"https:\/\/www.ritzbrasil.com\/en\/produtos\/tools-for-lifting-loads-and-accessories\/insulation-stick-for-hoists-and-jibs\/\",\"name\":\"Insulation Stick for Hoists and Jibs\",\"isPartOf\":{\"@id\":\"https:\/\/www.ritzbrasil.com\/en\/#website\"},\"primaryImageOfPage\":{\"@id\":\"https:\/\/www.ritzbrasil.com\/en\/produtos\/tools-for-lifting-loads-and-accessories\/insulation-stick-for-hoists-and-jibs\/#primaryimage\"},\"image\":{\"@id\":\"https:\/\/www.ritzbrasil.com\/en\/produtos\/tools-for-lifting-loads-and-accessories\/insulation-stick-for-hoists-and-jibs\/#primaryimage\"},\"thumbnailUrl\":\"https:\/\/www.ritzbrasil.com\/wp-content\/uploads\/2024\/09\/rc400-1175-bastao-isolante-talhas-moitoes.jpg\",\"datePublished\":\"2024-09-17T17:38:59+00:00\",\"dateModified\":\"2026-02-25T18:44:49+00:00\",\"description\":\"Insulating pole for hoists and jibs, ideal for safe use in energized installations, with safety hook and swivel eye.\",\"breadcrumb\":{\"@id\":\"https:\/\/www.ritzbrasil.com\/en\/produtos\/tools-for-lifting-loads-and-accessories\/insulation-stick-for-hoists-and-jibs\/#breadcrumb\"},\"inLanguage\":\"en-US\",\"potentialAction\":[{\"@type\":\"ReadAction\",\"target\":[\"https:\/\/www.ritzbrasil.com\/en\/produtos\/tools-for-lifting-loads-and-accessories\/insulation-stick-for-hoists-and-jibs\/\"]}]},{\"@type\":\"ImageObject\",\"inLanguage\":\"en-US\",\"@id\":\"https:\/\/www.ritzbrasil.com\/en\/produtos\/tools-for-lifting-loads-and-accessories\/insulation-stick-for-hoists-and-jibs\/#primaryimage\",\"url\":\"https:\/\/www.ritzbrasil.com\/wp-content\/uploads\/2024\/09\/rc400-1175-bastao-isolante-talhas-moitoes.jpg\",\"contentUrl\":\"https:\/\/www.ritzbrasil.com\/wp-content\/uploads\/2024\/09\/rc400-1175-bastao-isolante-talhas-moitoes.jpg\",\"width\":1200,\"height\":1200,\"caption\":\"RC400-1175 Insulation Stick for Hoists and Jibs\"},{\"@type\":\"BreadcrumbList\",\"@id\":\"https:\/\/www.ritzbrasil.com\/en\/produtos\/tools-for-lifting-loads-and-accessories\/insulation-stick-for-hoists-and-jibs\/#breadcrumb\",\"itemListElement\":[{\"@type\":\"ListItem\",\"position\":1,\"name\":\"In\u00edcio\",\"item\":\"https:\/\/www.ritzbrasil.com\/en\/\"},{\"@type\":\"ListItem\",\"position\":2,\"name\":\"Shop\",\"item\":\"https:\/\/www.ritzbrasil.com\/en\/shop\/\"},{\"@type\":\"ListItem\",\"position\":3,\"name\":\"Insulation Stick for Hoists and Jibs\"}]},{\"@type\":\"WebSite\",\"@id\":\"https:\/\/www.ritzbrasil.com\/en\/#website\",\"url\":\"https:\/\/www.ritzbrasil.com\/en\/\",\"name\":\"Equipamentos de Manuten\u00e7\u00e3o e Seguran\u00e7a para o Setor El\u00e9trico - Ritz Brasil\",\"description\":\"\",\"potentialAction\":[{\"@type\":\"SearchAction\",\"target\":{\"@type\":\"EntryPoint\",\"urlTemplate\":\"https:\/\/www.ritzbrasil.com\/en\/?s={search_term_string}\"},\"query-input\":{\"@type\":\"PropertyValueSpecification\",\"valueRequired\":true,\"valueName\":\"search_term_string\"}}],\"inLanguage\":\"en-US\"}]}<\/script>\n<!-- \/ Yoast SEO plugin. -->","yoast_head_json":{"title":"Insulation Stick for Hoists and Jibs","description":"Insulating pole for hoists and jibs, ideal for safe use in energized installations, with safety hook and swivel eye.","robots":{"index":"index","follow":"follow","max-snippet":"max-snippet:-1","max-image-preview":"max-image-preview:large","max-video-preview":"max-video-preview:-1"},"canonical":"https:\/\/www.ritzbrasil.com\/en\/produtos\/tools-for-lifting-loads-and-accessories\/insulation-stick-for-hoists-and-jibs\/","og_locale":"en_US","og_type":"article","og_title":"Insulation Stick for Hoists and Jibs","og_description":"Insulating pole for hoists and jibs, ideal for safe use in energized installations, with safety hook and swivel eye.","og_url":"https:\/\/www.ritzbrasil.com\/en\/produtos\/tools-for-lifting-loads-and-accessories\/insulation-stick-for-hoists-and-jibs\/","og_site_name":"Equipamentos de Manuten\u00e7\u00e3o e Seguran\u00e7a para o Setor El\u00e9trico - Ritz Brasil","article_modified_time":"2026-02-25T18:44:49+00:00","og_image":[{"width":1200,"height":1200,"url":"https:\/\/www.ritzbrasil.com\/wp-content\/uploads\/2024\/09\/rc400-1175-bastao-isolante-talhas-moitoes.jpg","type":"image\/jpeg"}],"twitter_card":"summary_large_image","twitter_misc":{"Est. reading time":"1 minute"},"schema":{"@context":"https:\/\/schema.org","@graph":[{"@type":"WebPage","@id":"https:\/\/www.ritzbrasil.com\/en\/produtos\/tools-for-lifting-loads-and-accessories\/insulation-stick-for-hoists-and-jibs\/","url":"https:\/\/www.ritzbrasil.com\/en\/produtos\/tools-for-lifting-loads-and-accessories\/insulation-stick-for-hoists-and-jibs\/","name":"Insulation Stick for Hoists and Jibs","isPartOf":{"@id":"https:\/\/www.ritzbrasil.com\/en\/#website"},"primaryImageOfPage":{"@id":"https:\/\/www.ritzbrasil.com\/en\/produtos\/tools-for-lifting-loads-and-accessories\/insulation-stick-for-hoists-and-jibs\/#primaryimage"},"image":{"@id":"https:\/\/www.ritzbrasil.com\/en\/produtos\/tools-for-lifting-loads-and-accessories\/insulation-stick-for-hoists-and-jibs\/#primaryimage"},"thumbnailUrl":"https:\/\/www.ritzbrasil.com\/wp-content\/uploads\/2024\/09\/rc400-1175-bastao-isolante-talhas-moitoes.jpg","datePublished":"2024-09-17T17:38:59+00:00","dateModified":"2026-02-25T18:44:49+00:00","description":"Insulating pole for hoists and jibs, ideal for safe use in energized installations, with safety hook and swivel eye.","breadcrumb":{"@id":"https:\/\/www.ritzbrasil.com\/en\/produtos\/tools-for-lifting-loads-and-accessories\/insulation-stick-for-hoists-and-jibs\/#breadcrumb"},"inLanguage":"en-US","potentialAction":[{"@type":"ReadAction","target":["https:\/\/www.ritzbrasil.com\/en\/produtos\/tools-for-lifting-loads-and-accessories\/insulation-stick-for-hoists-and-jibs\/"]}]},{"@type":"ImageObject","inLanguage":"en-US","@id":"https:\/\/www.ritzbrasil.com\/en\/produtos\/tools-for-lifting-loads-and-accessories\/insulation-stick-for-hoists-and-jibs\/#primaryimage","url":"https:\/\/www.ritzbrasil.com\/wp-content\/uploads\/2024\/09\/rc400-1175-bastao-isolante-talhas-moitoes.jpg","contentUrl":"https:\/\/www.ritzbrasil.com\/wp-content\/uploads\/2024\/09\/rc400-1175-bastao-isolante-talhas-moitoes.jpg","width":1200,"height":1200,"caption":"RC400-1175 Insulation Stick for Hoists and Jibs"},{"@type":"BreadcrumbList","@id":"https:\/\/www.ritzbrasil.com\/en\/produtos\/tools-for-lifting-loads-and-accessories\/insulation-stick-for-hoists-and-jibs\/#breadcrumb","itemListElement":[{"@type":"ListItem","position":1,"name":"In\u00edcio","item":"https:\/\/www.ritzbrasil.com\/en\/"},{"@type":"ListItem","position":2,"name":"Shop","item":"https:\/\/www.ritzbrasil.com\/en\/shop\/"},{"@type":"ListItem","position":3,"name":"Insulation Stick for Hoists and Jibs"}]},{"@type":"WebSite","@id":"https:\/\/www.ritzbrasil.com\/en\/#website","url":"https:\/\/www.ritzbrasil.com\/en\/","name":"Equipamentos de Manuten\u00e7\u00e3o e Seguran\u00e7a para o Setor El\u00e9trico - Ritz Brasil","description":"","potentialAction":[{"@type":"SearchAction","target":{"@type":"EntryPoint","urlTemplate":"https:\/\/www.ritzbrasil.com\/en\/?s={search_term_string}"},"query-input":{"@type":"PropertyValueSpecification","valueRequired":true,"valueName":"search_term_string"}}],"inLanguage":"en-US"}]}},"_links":{"self":[{"href":"https:\/\/www.ritzbrasil.com\/en\/wp-json\/wp\/v2\/product\/61244","targetHints":{"allow":["GET"]}}],"collection":[{"href":"https:\/\/www.ritzbrasil.com\/en\/wp-json\/wp\/v2\/product"}],"about":[{"href":"https:\/\/www.ritzbrasil.com\/en\/wp-json\/wp\/v2\/types\/product"}],"wp:featuredmedia":[{"embeddable":true,"href":"https:\/\/www.ritzbrasil.com\/en\/wp-json\/wp\/v2\/media\/58666"}],"wp:attachment":[{"href":"https:\/\/www.ritzbrasil.com\/en\/wp-json\/wp\/v2\/media?parent=61244"}],"wp:term":[{"taxonomy":"product_brand","embeddable":true,"href":"https:\/\/www.ritzbrasil.com\/en\/wp-json\/wp\/v2\/product_brand?post=61244"},{"taxonomy":"product_cat","embeddable":true,"href":"https:\/\/www.ritzbrasil.com\/en\/wp-json\/wp\/v2\/product_cat?post=61244"},{"taxonomy":"product_tag","embeddable":true,"href":"https:\/\/www.ritzbrasil.com\/en\/wp-json\/wp\/v2\/product_tag?post=61244"}],"curies":[{"name":"wp","href":"https:\/\/api.w.org\/{rel}","templated":true}]}}