{"id":61232,"date":"2024-09-11T10:35:11","date_gmt":"2024-09-11T13:35:11","guid":{"rendered":"https:\/\/www.ritzbrasil.com\/produtos\/uncategorized\/auxiliary-step-for-pole\/"},"modified":"2026-02-25T15:50:08","modified_gmt":"2026-02-25T18:50:08","slug":"auxiliary-step-for-pole","status":"publish","type":"product","link":"https:\/\/www.ritzbrasil.com\/en\/produtos\/ladders-platforms-and-insulated-scaffolding\/auxiliary-step-for-pole\/","title":{"rendered":"Auxiliary step for pole"},"content":{"rendered":"<div class=\"wpb-content-wrapper\"><p>[vc_row][vc_column][vc_column_text css=&#8221;.vc_custom_1736358115272{margin-top: 20px !important;}&#8221;]<\/p>\n<h4><span style=\"color: #ff9900;\"><strong>Auxiliary step for pole<\/strong><\/span><\/h4>\n<p>[\/vc_column_text][vc_column_text css=&#8221;.vc_custom_1736357740163{margin-top: -20px !important;}&#8221;]\n<div id=\"tablepress-Degrau-Auxiliar-Poste-scroll-wrapper\" class=\"tablepress-scroll-wrapper\">\n<table id=\"tablepress-Degrau-Auxiliar-Poste\" class=\"tablepress tablepress-id-Degrau-Auxiliar-Poste tablepress-responsive\">\n<thead>\n<tr class=\"row-1\">\n\t<td class=\"column-1\"><\/td><th class=\"column-2\">  Refer\u00eancias<\/th><th class=\"column-3\">Caracter\u00edstica<\/th><td class=\"column-4\"><\/td><td class=\"column-5\"><\/td>\n<\/tr>\n<\/thead>\n<tbody class=\"row-striping row-hover\">\n<tr class=\"row-2\">\n\t<td class=\"column-1\"><img decoding=\"async\" src=\"https:\/\/www.ritzbrasil.com\/wp-content\/uploads\/2025\/01\/FLV31854-1-Degrau-Auxiliar-Poste-150x150-1.jpg\" \/><\/td><td class=\"column-2\">FLV31854-1<\/td><td class=\"column-3\">Degrau auxiliar para poste<br \/>\nPeso Aprox.: 0,6 kg (1,32 lb)<\/td><td class=\"column-4\">    <button class=\"add-to-budget\" data-table-id=\"Degrau-Auxiliar-Poste\" data-reference=\"FLV31854-1\" data-description=\"Degrau Auxiliar para Poste\" style=\"color:#ff4d00;\">\n        <img decoding=\"async\" src=\"https:\/\/www.ritzbrasil.com\/\/wp-content\/uploads\/2024\/07\/orcar-compras-tabela-new-1.png\" alt=\"Request quote\" title=\"Request quote\" \/>\n    <\/button>\n    <\/td><td class=\"column-5\"><a href=\"https:\/\/lojasritz.com.br\/catalogsearch\/result\/?q=FLV31854-1\" target=\"_blank\" rel=\"noopener\"><img decoding=\"async\" src=\"https:\/\/www.ritzbrasil.com\/wp-content\/uploads\/2024\/07\/carrinho-compras-tabela.png\"  \/><\/a><\/td>\n<\/tr>\n<\/tbody>\n<\/table>\n<\/div>\n[\/vc_column_text][vc_separator border_width=&#8221;2&#8243; css=&#8221;&#8221;][\/vc_column][\/vc_row]<\/p>\n<\/div>","protected":false},"excerpt":{"rendered":"<h4><span style=\"color: #ff9900;\"><strong>Auxiliary step for pole<\/strong><\/span><\/h4>\n<p>Designed for climbing circular poles, this equipment offers exceptional safety and reliability.<\/p>\n<p>Made of orange polyethylene, with a non-slip surface and a non-slip rubberized canvas on the back, ensuring maximum grip. The polyester fixing strap is equipped with a hook and loop made of steel, providing robustness and safety. In addition, the rubberized plastic shoulder pads ensure a firm hold on the pole.<\/p>\n<p>Rated working capacity: 160 daN<\/p>\n<p>Approx. weight: 0.6 kg (1.32 lb)<\/p>\n","protected":false},"featured_media":60516,"template":"","meta":[],"product_brand":[],"product_cat":[2777],"product_tag":[2778,2779],"class_list":{"0":"post-61232","1":"product","2":"type-product","3":"status-publish","4":"has-post-thumbnail","6":"product_cat-ladders-platforms-and-insulated-scaffolding","7":"product_tag-flv31854-1-en","8":"product_tag-step-post","9":"description-off","11":"first","12":"instock","13":"virtual","14":"product-type-simple"},"yoast_head":"<!-- This site is optimized with the Yoast SEO plugin v27.1.1 - https:\/\/yoast.com\/product\/yoast-seo-wordpress\/ -->\n<title>Insulating stool<\/title>\n<meta name=\"description\" content=\"Insulating stool for safe and durable interventions in substations, cubicles and electrical panels, guaranteeing effective protection.\" \/>\n<meta name=\"robots\" content=\"index, follow, max-snippet:-1, max-image-preview:large, max-video-preview:-1\" \/>\n<link rel=\"canonical\" href=\"https:\/\/www.ritzbrasil.com\/en\/produtos\/ladders-platforms-and-insulated-scaffolding\/auxiliary-step-for-pole\/\" \/>\n<meta property=\"og:locale\" content=\"en_US\" \/>\n<meta property=\"og:type\" content=\"article\" \/>\n<meta property=\"og:title\" content=\"Insulating stool\" \/>\n<meta property=\"og:description\" content=\"Insulating stool for safe and durable interventions in substations, cubicles and electrical panels, guaranteeing effective protection.\" \/>\n<meta property=\"og:url\" content=\"https:\/\/www.ritzbrasil.com\/en\/produtos\/ladders-platforms-and-insulated-scaffolding\/auxiliary-step-for-pole\/\" \/>\n<meta property=\"og:site_name\" content=\"Equipamentos de Manuten\u00e7\u00e3o e Seguran\u00e7a para o Setor El\u00e9trico - Ritz Brasil\" \/>\n<meta property=\"article:modified_time\" content=\"2026-02-25T18:50:08+00:00\" \/>\n<meta property=\"og:image\" content=\"https:\/\/www.ritzbrasil.com\/wp-content\/uploads\/2025\/01\/FLV31854-1-Degrau-Auxiliar-Poste.jpg\" \/>\n\t<meta property=\"og:image:width\" content=\"1200\" \/>\n\t<meta property=\"og:image:height\" content=\"1200\" \/>\n\t<meta property=\"og:image:type\" content=\"image\/jpeg\" \/>\n<meta name=\"twitter:card\" content=\"summary_large_image\" \/>\n<meta name=\"twitter:label1\" content=\"Est. reading time\" \/>\n\t<meta name=\"twitter:data1\" content=\"1 minute\" \/>\n<script type=\"application\/ld+json\" class=\"yoast-schema-graph\">{\"@context\":\"https:\/\/schema.org\",\"@graph\":[{\"@type\":\"WebPage\",\"@id\":\"https:\/\/www.ritzbrasil.com\/en\/produtos\/ladders-platforms-and-insulated-scaffolding\/auxiliary-step-for-pole\/\",\"url\":\"https:\/\/www.ritzbrasil.com\/en\/produtos\/ladders-platforms-and-insulated-scaffolding\/auxiliary-step-for-pole\/\",\"name\":\"Insulating stool\",\"isPartOf\":{\"@id\":\"https:\/\/www.ritzbrasil.com\/en\/#website\"},\"primaryImageOfPage\":{\"@id\":\"https:\/\/www.ritzbrasil.com\/en\/produtos\/ladders-platforms-and-insulated-scaffolding\/auxiliary-step-for-pole\/#primaryimage\"},\"image\":{\"@id\":\"https:\/\/www.ritzbrasil.com\/en\/produtos\/ladders-platforms-and-insulated-scaffolding\/auxiliary-step-for-pole\/#primaryimage\"},\"thumbnailUrl\":\"https:\/\/www.ritzbrasil.com\/wp-content\/uploads\/2025\/01\/FLV31854-1-Degrau-Auxiliar-Poste.jpg\",\"datePublished\":\"2024-09-11T13:35:11+00:00\",\"dateModified\":\"2026-02-25T18:50:08+00:00\",\"description\":\"Insulating stool for safe and durable interventions in substations, cubicles and electrical panels, guaranteeing effective protection.\",\"breadcrumb\":{\"@id\":\"https:\/\/www.ritzbrasil.com\/en\/produtos\/ladders-platforms-and-insulated-scaffolding\/auxiliary-step-for-pole\/#breadcrumb\"},\"inLanguage\":\"en-US\",\"potentialAction\":[{\"@type\":\"ReadAction\",\"target\":[\"https:\/\/www.ritzbrasil.com\/en\/produtos\/ladders-platforms-and-insulated-scaffolding\/auxiliary-step-for-pole\/\"]}]},{\"@type\":\"ImageObject\",\"inLanguage\":\"en-US\",\"@id\":\"https:\/\/www.ritzbrasil.com\/en\/produtos\/ladders-platforms-and-insulated-scaffolding\/auxiliary-step-for-pole\/#primaryimage\",\"url\":\"https:\/\/www.ritzbrasil.com\/wp-content\/uploads\/2025\/01\/FLV31854-1-Degrau-Auxiliar-Poste.jpg\",\"contentUrl\":\"https:\/\/www.ritzbrasil.com\/wp-content\/uploads\/2025\/01\/FLV31854-1-Degrau-Auxiliar-Poste.jpg\",\"width\":1200,\"height\":1200,\"caption\":\"FLV31854-1 Post Auxiliary Step\"},{\"@type\":\"BreadcrumbList\",\"@id\":\"https:\/\/www.ritzbrasil.com\/en\/produtos\/ladders-platforms-and-insulated-scaffolding\/auxiliary-step-for-pole\/#breadcrumb\",\"itemListElement\":[{\"@type\":\"ListItem\",\"position\":1,\"name\":\"In\u00edcio\",\"item\":\"https:\/\/www.ritzbrasil.com\/en\/\"},{\"@type\":\"ListItem\",\"position\":2,\"name\":\"Shop\",\"item\":\"https:\/\/www.ritzbrasil.com\/en\/shop\/\"},{\"@type\":\"ListItem\",\"position\":3,\"name\":\"Auxiliary step for pole\"}]},{\"@type\":\"WebSite\",\"@id\":\"https:\/\/www.ritzbrasil.com\/en\/#website\",\"url\":\"https:\/\/www.ritzbrasil.com\/en\/\",\"name\":\"Equipamentos de Manuten\u00e7\u00e3o e Seguran\u00e7a para o Setor El\u00e9trico - Ritz Brasil\",\"description\":\"\",\"potentialAction\":[{\"@type\":\"SearchAction\",\"target\":{\"@type\":\"EntryPoint\",\"urlTemplate\":\"https:\/\/www.ritzbrasil.com\/en\/?s={search_term_string}\"},\"query-input\":{\"@type\":\"PropertyValueSpecification\",\"valueRequired\":true,\"valueName\":\"search_term_string\"}}],\"inLanguage\":\"en-US\"}]}<\/script>\n<!-- \/ Yoast SEO plugin. -->","yoast_head_json":{"title":"Insulating stool","description":"Insulating stool for safe and durable interventions in substations, cubicles and electrical panels, guaranteeing effective protection.","robots":{"index":"index","follow":"follow","max-snippet":"max-snippet:-1","max-image-preview":"max-image-preview:large","max-video-preview":"max-video-preview:-1"},"canonical":"https:\/\/www.ritzbrasil.com\/en\/produtos\/ladders-platforms-and-insulated-scaffolding\/auxiliary-step-for-pole\/","og_locale":"en_US","og_type":"article","og_title":"Insulating stool","og_description":"Insulating stool for safe and durable interventions in substations, cubicles and electrical panels, guaranteeing effective protection.","og_url":"https:\/\/www.ritzbrasil.com\/en\/produtos\/ladders-platforms-and-insulated-scaffolding\/auxiliary-step-for-pole\/","og_site_name":"Equipamentos de Manuten\u00e7\u00e3o e Seguran\u00e7a para o Setor El\u00e9trico - Ritz Brasil","article_modified_time":"2026-02-25T18:50:08+00:00","og_image":[{"width":1200,"height":1200,"url":"https:\/\/www.ritzbrasil.com\/wp-content\/uploads\/2025\/01\/FLV31854-1-Degrau-Auxiliar-Poste.jpg","type":"image\/jpeg"}],"twitter_card":"summary_large_image","twitter_misc":{"Est. reading time":"1 minute"},"schema":{"@context":"https:\/\/schema.org","@graph":[{"@type":"WebPage","@id":"https:\/\/www.ritzbrasil.com\/en\/produtos\/ladders-platforms-and-insulated-scaffolding\/auxiliary-step-for-pole\/","url":"https:\/\/www.ritzbrasil.com\/en\/produtos\/ladders-platforms-and-insulated-scaffolding\/auxiliary-step-for-pole\/","name":"Insulating stool","isPartOf":{"@id":"https:\/\/www.ritzbrasil.com\/en\/#website"},"primaryImageOfPage":{"@id":"https:\/\/www.ritzbrasil.com\/en\/produtos\/ladders-platforms-and-insulated-scaffolding\/auxiliary-step-for-pole\/#primaryimage"},"image":{"@id":"https:\/\/www.ritzbrasil.com\/en\/produtos\/ladders-platforms-and-insulated-scaffolding\/auxiliary-step-for-pole\/#primaryimage"},"thumbnailUrl":"https:\/\/www.ritzbrasil.com\/wp-content\/uploads\/2025\/01\/FLV31854-1-Degrau-Auxiliar-Poste.jpg","datePublished":"2024-09-11T13:35:11+00:00","dateModified":"2026-02-25T18:50:08+00:00","description":"Insulating stool for safe and durable interventions in substations, cubicles and electrical panels, guaranteeing effective protection.","breadcrumb":{"@id":"https:\/\/www.ritzbrasil.com\/en\/produtos\/ladders-platforms-and-insulated-scaffolding\/auxiliary-step-for-pole\/#breadcrumb"},"inLanguage":"en-US","potentialAction":[{"@type":"ReadAction","target":["https:\/\/www.ritzbrasil.com\/en\/produtos\/ladders-platforms-and-insulated-scaffolding\/auxiliary-step-for-pole\/"]}]},{"@type":"ImageObject","inLanguage":"en-US","@id":"https:\/\/www.ritzbrasil.com\/en\/produtos\/ladders-platforms-and-insulated-scaffolding\/auxiliary-step-for-pole\/#primaryimage","url":"https:\/\/www.ritzbrasil.com\/wp-content\/uploads\/2025\/01\/FLV31854-1-Degrau-Auxiliar-Poste.jpg","contentUrl":"https:\/\/www.ritzbrasil.com\/wp-content\/uploads\/2025\/01\/FLV31854-1-Degrau-Auxiliar-Poste.jpg","width":1200,"height":1200,"caption":"FLV31854-1 Post Auxiliary Step"},{"@type":"BreadcrumbList","@id":"https:\/\/www.ritzbrasil.com\/en\/produtos\/ladders-platforms-and-insulated-scaffolding\/auxiliary-step-for-pole\/#breadcrumb","itemListElement":[{"@type":"ListItem","position":1,"name":"In\u00edcio","item":"https:\/\/www.ritzbrasil.com\/en\/"},{"@type":"ListItem","position":2,"name":"Shop","item":"https:\/\/www.ritzbrasil.com\/en\/shop\/"},{"@type":"ListItem","position":3,"name":"Auxiliary step for pole"}]},{"@type":"WebSite","@id":"https:\/\/www.ritzbrasil.com\/en\/#website","url":"https:\/\/www.ritzbrasil.com\/en\/","name":"Equipamentos de Manuten\u00e7\u00e3o e Seguran\u00e7a para o Setor El\u00e9trico - Ritz Brasil","description":"","potentialAction":[{"@type":"SearchAction","target":{"@type":"EntryPoint","urlTemplate":"https:\/\/www.ritzbrasil.com\/en\/?s={search_term_string}"},"query-input":{"@type":"PropertyValueSpecification","valueRequired":true,"valueName":"search_term_string"}}],"inLanguage":"en-US"}]}},"_links":{"self":[{"href":"https:\/\/www.ritzbrasil.com\/en\/wp-json\/wp\/v2\/product\/61232","targetHints":{"allow":["GET"]}}],"collection":[{"href":"https:\/\/www.ritzbrasil.com\/en\/wp-json\/wp\/v2\/product"}],"about":[{"href":"https:\/\/www.ritzbrasil.com\/en\/wp-json\/wp\/v2\/types\/product"}],"wp:featuredmedia":[{"embeddable":true,"href":"https:\/\/www.ritzbrasil.com\/en\/wp-json\/wp\/v2\/media\/60516"}],"wp:attachment":[{"href":"https:\/\/www.ritzbrasil.com\/en\/wp-json\/wp\/v2\/media?parent=61232"}],"wp:term":[{"taxonomy":"product_brand","embeddable":true,"href":"https:\/\/www.ritzbrasil.com\/en\/wp-json\/wp\/v2\/product_brand?post=61232"},{"taxonomy":"product_cat","embeddable":true,"href":"https:\/\/www.ritzbrasil.com\/en\/wp-json\/wp\/v2\/product_cat?post=61232"},{"taxonomy":"product_tag","embeddable":true,"href":"https:\/\/www.ritzbrasil.com\/en\/wp-json\/wp\/v2\/product_tag?post=61232"}],"curies":[{"name":"wp","href":"https:\/\/api.w.org\/{rel}","templated":true}]}}