{"id":61230,"date":"2024-09-18T08:57:34","date_gmt":"2024-09-18T11:57:34","guid":{"rendered":"https:\/\/www.ritzbrasil.com\/produtos\/uncategorized\/load-lifting-mast\/"},"modified":"2026-02-25T15:44:21","modified_gmt":"2026-02-25T18:44:21","slug":"load-lifting-mast","status":"publish","type":"product","link":"https:\/\/www.ritzbrasil.com\/en\/produtos\/tools-for-lifting-loads-and-accessories\/load-lifting-mast\/","title":{"rendered":"Load Lifting Mast"},"content":{"rendered":"<div class=\"wpb-content-wrapper\"><p>[vc_row][vc_column][vc_column_text css=&#8221;.vc_custom_1726664256980{margin-top: 20px !important;}&#8221;]<\/p>\n<h4><span style=\"color: #ff9900;\"><strong>Load Lifting Mast<\/strong><\/span><\/h4>\n<p>[\/vc_column_text][vc_column_text css=&#8221;.vc_custom_1726664384178{margin-top: -20px !important;}&#8221;]\n<div id=\"tablepress-Mastro-Icamento-Carga-scroll-wrapper\" class=\"tablepress-scroll-wrapper\">\n<table id=\"tablepress-Mastro-Icamento-Carga\" class=\"tablepress tablepress-id-Mastro-Icamento-Carga tablepress-responsive\">\n<thead>\n<tr class=\"row-1\">\n\t<td class=\"column-1\"><\/td><th class=\"column-2\">  Refer\u00eancias<\/th><th class=\"column-3\">Caracter\u00edstica<\/th><td class=\"column-4\"><\/td><td class=\"column-5\"><\/td>\n<\/tr>\n<\/thead>\n<tbody class=\"row-striping row-hover\">\n<tr class=\"row-2\">\n\t<td class=\"column-1\"><img decoding=\"async\" src=\"https:\/\/www.ritzbrasil.com\/wp-content\/uploads\/2024\/09\/rc400-0090-mastro-icamento-carga-150x150-1.jpg\" \/><\/td><td class=\"column-2\">RC400-0090<\/td><td class=\"column-3\">Com sela de fixa\u00e7\u00e3o ao poste atrav\u00e9s de corrente de 920 mm, permite<br \/>\nsomente montagens em \u00e1reas livres do poste (n\u00e3o possui sela<br \/>\ndistanciadora).<\/td><td class=\"column-4\">    <button class=\"add-to-budget\" data-table-id=\"Mastro-Icamento-Carga\" data-reference=\"RC400-0090\" data-description=\"Mastro para I\u00e7amento de Carga\" style=\"color:#ff4d00;\">\n        <img decoding=\"async\" src=\"https:\/\/www.ritzbrasil.com\/\/wp-content\/uploads\/2024\/07\/orcar-compras-tabela-new-1.png\" alt=\"Request quote\" title=\"Request quote\" \/>\n    <\/button>\n    <\/td><td class=\"column-5\"><a href=\"https:\/\/lojasritz.com.br\/catalogsearch\/result\/?q=RC400-0090\" target=\"_blank\" rel=\"noopener\"><img decoding=\"async\" src=\"https:\/\/www.ritzbrasil.com\/wp-content\/uploads\/2024\/07\/carrinho-compras-tabela.png\"  \/><\/a><\/td>\n<\/tr>\n<tr class=\"row-3\">\n\t<td class=\"column-1\"><img decoding=\"async\" src=\"https:\/\/www.ritzbrasil.com\/wp-content\/uploads\/2024\/09\/rc400-0315-mastro-icamento-carga-150x150-1.jpg\" \/><\/td><td class=\"column-2\">RC400-0315<\/td><td class=\"column-3\">Com sela distanciadora de 130 mm para fixa\u00e7\u00e3o ao poste atrav\u00e9s de corrente<br \/>\nde 920 mm, possui acoplamento com sela distanciadora, que permite a sua<br \/>\ninstala\u00e7\u00e3o inclusive ao lado de cruzetas. Seu acoplamento ao poste \u00e9 feito<br \/>\npor um esticador de corrente e aperto atrav\u00e9s de um volante manual.<\/td><td class=\"column-4\">    <button class=\"add-to-budget\" data-table-id=\"Mastro-Icamento-Carga\" data-reference=\"RC400-0315\" data-description=\"Mastro para I\u00e7amento de Carga\" style=\"color:#ff4d00;\">\n        <img decoding=\"async\" src=\"https:\/\/www.ritzbrasil.com\/\/wp-content\/uploads\/2024\/07\/orcar-compras-tabela-new-1.png\" alt=\"Request quote\" title=\"Request quote\" \/>\n    <\/button>\n    <\/td><td class=\"column-5\"><a href=\"https:\/\/lojasritz.com.br\/catalogsearch\/result\/?q=RC400-0315\" target=\"_blank\" rel=\"noopener\"><img decoding=\"async\" src=\"https:\/\/www.ritzbrasil.com\/wp-content\/uploads\/2024\/07\/carrinho-compras-tabela.png\"  \/><\/a><\/td>\n<\/tr>\n<tr class=\"row-4\">\n\t<td class=\"column-1\"><img decoding=\"async\" src=\"https:\/\/www.ritzbrasil.com\/wp-content\/uploads\/2024\/09\/rc400-0578-mastro-icamento-carga-150x150-1.jpg\" \/><\/td><td class=\"column-2\">RC400-0578<\/td><td class=\"column-3\">Com um sistema de fixa\u00e7\u00e3o direta, \u00e9 compat\u00edvel tanto com postes duplos \"T\"<br \/>\nquanto com postes circulares. Para postes duplos \"T\", a fixa\u00e7\u00e3o \u00e9 realizada<br \/>\natrav\u00e9s de dois parafusos com porca borboleta, utilizando os pr\u00f3prios furos<br \/>\ndo poste. Para postes circulares, a fixa\u00e7\u00e3o \u00e9 feita com o aux\u00edlio de duas cintas<br \/>\nmet\u00e1licas convencionais.<\/td><td class=\"column-4\">    <button class=\"add-to-budget\" data-table-id=\"Mastro-Icamento-Carga\" data-reference=\"RC400-0578\" data-description=\"Mastro para I\u00e7amento de Carga\" style=\"color:#ff4d00;\">\n        <img decoding=\"async\" src=\"https:\/\/www.ritzbrasil.com\/\/wp-content\/uploads\/2024\/07\/orcar-compras-tabela-new-1.png\" alt=\"Request quote\" title=\"Request quote\" \/>\n    <\/button>\n    <\/td><td class=\"column-5\"><a href=\"https:\/\/lojasritz.com.br\/catalogsearch\/result\/?q=RC400-0578\" target=\"_blank\" rel=\"noopener\"><img decoding=\"async\" src=\"https:\/\/www.ritzbrasil.com\/wp-content\/uploads\/2024\/07\/carrinho-compras-tabela.png\"  \/><\/a><\/td>\n<\/tr>\n<\/tbody>\n<\/table>\n<\/div>\n[\/vc_column_text][vc_separator border_width=&#8221;2&#8243; css=&#8221;&#8221;][\/vc_column][\/vc_row]<\/p>\n<\/div>","protected":false},"excerpt":{"rendered":"<h4><span style=\"color: #ff9900;\">Load Lifting Mast<\/span><\/h4>\n<p>Lightweight, mechanically resistant, easy-to-install tools that provide significant gains in safety and productivity when lifting equipment and materials. They are ideal for building and maintaining medium-voltage overhead networks.<\/p>\n<p>Made from cast aluminum metal components and RITZGLAS\u00ae insulating tubes, our masts are synonymous with durability and efficiency.<\/p>\n<p><strong>NOTES<\/strong><br \/>\n<em>&#8211; The masts are designed for vertical lifting applications. They are not suitable for lateral pulling on a hand rope or a misaligned load. The direction of force must always be parallel and aligned with the mast. <\/em><br \/>\n<em>&#8211; When calculating the load capacity, take into account a 10% loss due to friction in the pull ropes.<\/em><\/p>\n<p><em>Using a double hook hoist system, the maximum load to be hoisted will be 635 daN (1400 lb). A reel must be attached to the base of the structure to pass the hooklift&#8217;s hand rope through. <\/em><\/p>\n<p><em>With a simple lifting system, the maximum load will be 408 daN (900 lb).<\/em><br \/>\n<em>The load lifted plus the pulling force and the friction force equals the capacity of the mast.<\/em><\/p>\n<p>| <strong>RC400-0090<\/strong><br \/>\nWith a 920 mm chain saddle for fixing to the pole, it can only be mounted on free areas of the pole (it does not have a spacer saddle)<strong><br \/>\n<span style=\"color: #ff6600;\">.<\/span><br \/>\n<\/strong><\/p>\n<p>| <strong>RC400-0315<\/strong><br \/>\nWith 130 mm spacer saddle for attachment to the pole using a 920 mm chain, it is coupled with a spacer saddle, which allows it to be installed even next to crossarms. It is coupled to the pole using a chain tensioner and tightened using a handwheel.<\/p>\n<p>| <strong>RC400-0578<\/strong><br \/>\nWith a direct fixing system<strong><br \/>\n<span style=\"color: #ff6600;\">,<\/span><br \/>\n<\/strong> it is compatible with both double &#8220;T&#8221; posts and circular posts. For double &#8220;T&#8221; posts, fixing is done using two screws with a butterfly nut, using the post&#8217;s own holes. For circular posts, fixing is done using two conventional metal<br \/>\nstraps.<\/p>\n<p>With four fixing positions available, it is important to observe the following nominal working capacities for each position.<br \/>\n1st hole: 100 daN (220 lb) on the base side<br \/>\n2nd hole: 150 daN (330 lb)<br \/>\n3rd hole: 200 daN (440 lb)<br \/>\n4th hole: 250 daN (550 lb) on the top side<\/p>\n","protected":false},"featured_media":58690,"template":"","meta":[],"product_brand":[],"product_cat":[2661],"product_tag":[2771,2772,2773],"class_list":{"0":"post-61230","1":"product","2":"type-product","3":"status-publish","4":"has-post-thumbnail","6":"product_cat-tools-for-lifting-loads-and-accessories","7":"product_tag-rc400-0090-en","8":"product_tag-rc400-0315-en","9":"product_tag-rc400-0578-en","10":"description-off","12":"first","13":"instock","14":"virtual","15":"product-type-simple"},"yoast_head":"<!-- This site is optimized with the Yoast SEO plugin v27.1.1 - https:\/\/yoast.com\/product\/yoast-seo-wordpress\/ -->\n<title>Load Lifting Mast<\/title>\n<meta name=\"description\" content=\"Lightweight and sturdy mast for lifting loads, ideal for building and maintaining medium-voltage overhead networks. Easy installation and greater safety.\" \/>\n<meta name=\"robots\" content=\"index, follow, max-snippet:-1, max-image-preview:large, max-video-preview:-1\" \/>\n<link rel=\"canonical\" href=\"https:\/\/www.ritzbrasil.com\/en\/produtos\/tools-for-lifting-loads-and-accessories\/load-lifting-mast\/\" \/>\n<meta property=\"og:locale\" content=\"en_US\" \/>\n<meta property=\"og:type\" content=\"article\" \/>\n<meta property=\"og:title\" content=\"Load Lifting Mast\" \/>\n<meta property=\"og:description\" content=\"Lightweight and sturdy mast for lifting loads, ideal for building and maintaining medium-voltage overhead networks. Easy installation and greater safety.\" \/>\n<meta property=\"og:url\" content=\"https:\/\/www.ritzbrasil.com\/en\/produtos\/tools-for-lifting-loads-and-accessories\/load-lifting-mast\/\" \/>\n<meta property=\"og:site_name\" content=\"Equipamentos de Manuten\u00e7\u00e3o e Seguran\u00e7a para o Setor El\u00e9trico - Ritz Brasil\" \/>\n<meta property=\"article:modified_time\" content=\"2026-02-25T18:44:21+00:00\" \/>\n<meta property=\"og:image\" content=\"https:\/\/www.ritzbrasil.com\/wp-content\/uploads\/2024\/09\/rc400-0090-mastro-icamento-carga.jpg\" \/>\n\t<meta property=\"og:image:width\" content=\"1200\" \/>\n\t<meta property=\"og:image:height\" content=\"1200\" \/>\n\t<meta property=\"og:image:type\" content=\"image\/jpeg\" \/>\n<meta name=\"twitter:card\" content=\"summary_large_image\" \/>\n<meta name=\"twitter:label1\" content=\"Est. reading time\" \/>\n\t<meta name=\"twitter:data1\" content=\"1 minute\" \/>\n<script type=\"application\/ld+json\" class=\"yoast-schema-graph\">{\"@context\":\"https:\/\/schema.org\",\"@graph\":[{\"@type\":\"WebPage\",\"@id\":\"https:\/\/www.ritzbrasil.com\/en\/produtos\/tools-for-lifting-loads-and-accessories\/load-lifting-mast\/\",\"url\":\"https:\/\/www.ritzbrasil.com\/en\/produtos\/tools-for-lifting-loads-and-accessories\/load-lifting-mast\/\",\"name\":\"Load Lifting Mast\",\"isPartOf\":{\"@id\":\"https:\/\/www.ritzbrasil.com\/en\/#website\"},\"primaryImageOfPage\":{\"@id\":\"https:\/\/www.ritzbrasil.com\/en\/produtos\/tools-for-lifting-loads-and-accessories\/load-lifting-mast\/#primaryimage\"},\"image\":{\"@id\":\"https:\/\/www.ritzbrasil.com\/en\/produtos\/tools-for-lifting-loads-and-accessories\/load-lifting-mast\/#primaryimage\"},\"thumbnailUrl\":\"https:\/\/www.ritzbrasil.com\/wp-content\/uploads\/2024\/09\/rc400-0090-mastro-icamento-carga.jpg\",\"datePublished\":\"2024-09-18T11:57:34+00:00\",\"dateModified\":\"2026-02-25T18:44:21+00:00\",\"description\":\"Lightweight and sturdy mast for lifting loads, ideal for building and maintaining medium-voltage overhead networks. Easy installation and greater safety.\",\"breadcrumb\":{\"@id\":\"https:\/\/www.ritzbrasil.com\/en\/produtos\/tools-for-lifting-loads-and-accessories\/load-lifting-mast\/#breadcrumb\"},\"inLanguage\":\"en-US\",\"potentialAction\":[{\"@type\":\"ReadAction\",\"target\":[\"https:\/\/www.ritzbrasil.com\/en\/produtos\/tools-for-lifting-loads-and-accessories\/load-lifting-mast\/\"]}]},{\"@type\":\"ImageObject\",\"inLanguage\":\"en-US\",\"@id\":\"https:\/\/www.ritzbrasil.com\/en\/produtos\/tools-for-lifting-loads-and-accessories\/load-lifting-mast\/#primaryimage\",\"url\":\"https:\/\/www.ritzbrasil.com\/wp-content\/uploads\/2024\/09\/rc400-0090-mastro-icamento-carga.jpg\",\"contentUrl\":\"https:\/\/www.ritzbrasil.com\/wp-content\/uploads\/2024\/09\/rc400-0090-mastro-icamento-carga.jpg\",\"width\":1200,\"height\":1200,\"caption\":\"RC400-0090 Load Lifting Mast\"},{\"@type\":\"BreadcrumbList\",\"@id\":\"https:\/\/www.ritzbrasil.com\/en\/produtos\/tools-for-lifting-loads-and-accessories\/load-lifting-mast\/#breadcrumb\",\"itemListElement\":[{\"@type\":\"ListItem\",\"position\":1,\"name\":\"In\u00edcio\",\"item\":\"https:\/\/www.ritzbrasil.com\/en\/\"},{\"@type\":\"ListItem\",\"position\":2,\"name\":\"Shop\",\"item\":\"https:\/\/www.ritzbrasil.com\/en\/shop\/\"},{\"@type\":\"ListItem\",\"position\":3,\"name\":\"Load Lifting Mast\"}]},{\"@type\":\"WebSite\",\"@id\":\"https:\/\/www.ritzbrasil.com\/en\/#website\",\"url\":\"https:\/\/www.ritzbrasil.com\/en\/\",\"name\":\"Equipamentos de Manuten\u00e7\u00e3o e Seguran\u00e7a para o Setor El\u00e9trico - Ritz Brasil\",\"description\":\"\",\"potentialAction\":[{\"@type\":\"SearchAction\",\"target\":{\"@type\":\"EntryPoint\",\"urlTemplate\":\"https:\/\/www.ritzbrasil.com\/en\/?s={search_term_string}\"},\"query-input\":{\"@type\":\"PropertyValueSpecification\",\"valueRequired\":true,\"valueName\":\"search_term_string\"}}],\"inLanguage\":\"en-US\"}]}<\/script>\n<!-- \/ Yoast SEO plugin. -->","yoast_head_json":{"title":"Load Lifting Mast","description":"Lightweight and sturdy mast for lifting loads, ideal for building and maintaining medium-voltage overhead networks. Easy installation and greater safety.","robots":{"index":"index","follow":"follow","max-snippet":"max-snippet:-1","max-image-preview":"max-image-preview:large","max-video-preview":"max-video-preview:-1"},"canonical":"https:\/\/www.ritzbrasil.com\/en\/produtos\/tools-for-lifting-loads-and-accessories\/load-lifting-mast\/","og_locale":"en_US","og_type":"article","og_title":"Load Lifting Mast","og_description":"Lightweight and sturdy mast for lifting loads, ideal for building and maintaining medium-voltage overhead networks. Easy installation and greater safety.","og_url":"https:\/\/www.ritzbrasil.com\/en\/produtos\/tools-for-lifting-loads-and-accessories\/load-lifting-mast\/","og_site_name":"Equipamentos de Manuten\u00e7\u00e3o e Seguran\u00e7a para o Setor El\u00e9trico - Ritz Brasil","article_modified_time":"2026-02-25T18:44:21+00:00","og_image":[{"width":1200,"height":1200,"url":"https:\/\/www.ritzbrasil.com\/wp-content\/uploads\/2024\/09\/rc400-0090-mastro-icamento-carga.jpg","type":"image\/jpeg"}],"twitter_card":"summary_large_image","twitter_misc":{"Est. reading time":"1 minute"},"schema":{"@context":"https:\/\/schema.org","@graph":[{"@type":"WebPage","@id":"https:\/\/www.ritzbrasil.com\/en\/produtos\/tools-for-lifting-loads-and-accessories\/load-lifting-mast\/","url":"https:\/\/www.ritzbrasil.com\/en\/produtos\/tools-for-lifting-loads-and-accessories\/load-lifting-mast\/","name":"Load Lifting Mast","isPartOf":{"@id":"https:\/\/www.ritzbrasil.com\/en\/#website"},"primaryImageOfPage":{"@id":"https:\/\/www.ritzbrasil.com\/en\/produtos\/tools-for-lifting-loads-and-accessories\/load-lifting-mast\/#primaryimage"},"image":{"@id":"https:\/\/www.ritzbrasil.com\/en\/produtos\/tools-for-lifting-loads-and-accessories\/load-lifting-mast\/#primaryimage"},"thumbnailUrl":"https:\/\/www.ritzbrasil.com\/wp-content\/uploads\/2024\/09\/rc400-0090-mastro-icamento-carga.jpg","datePublished":"2024-09-18T11:57:34+00:00","dateModified":"2026-02-25T18:44:21+00:00","description":"Lightweight and sturdy mast for lifting loads, ideal for building and maintaining medium-voltage overhead networks. Easy installation and greater safety.","breadcrumb":{"@id":"https:\/\/www.ritzbrasil.com\/en\/produtos\/tools-for-lifting-loads-and-accessories\/load-lifting-mast\/#breadcrumb"},"inLanguage":"en-US","potentialAction":[{"@type":"ReadAction","target":["https:\/\/www.ritzbrasil.com\/en\/produtos\/tools-for-lifting-loads-and-accessories\/load-lifting-mast\/"]}]},{"@type":"ImageObject","inLanguage":"en-US","@id":"https:\/\/www.ritzbrasil.com\/en\/produtos\/tools-for-lifting-loads-and-accessories\/load-lifting-mast\/#primaryimage","url":"https:\/\/www.ritzbrasil.com\/wp-content\/uploads\/2024\/09\/rc400-0090-mastro-icamento-carga.jpg","contentUrl":"https:\/\/www.ritzbrasil.com\/wp-content\/uploads\/2024\/09\/rc400-0090-mastro-icamento-carga.jpg","width":1200,"height":1200,"caption":"RC400-0090 Load Lifting Mast"},{"@type":"BreadcrumbList","@id":"https:\/\/www.ritzbrasil.com\/en\/produtos\/tools-for-lifting-loads-and-accessories\/load-lifting-mast\/#breadcrumb","itemListElement":[{"@type":"ListItem","position":1,"name":"In\u00edcio","item":"https:\/\/www.ritzbrasil.com\/en\/"},{"@type":"ListItem","position":2,"name":"Shop","item":"https:\/\/www.ritzbrasil.com\/en\/shop\/"},{"@type":"ListItem","position":3,"name":"Load Lifting Mast"}]},{"@type":"WebSite","@id":"https:\/\/www.ritzbrasil.com\/en\/#website","url":"https:\/\/www.ritzbrasil.com\/en\/","name":"Equipamentos de Manuten\u00e7\u00e3o e Seguran\u00e7a para o Setor El\u00e9trico - Ritz Brasil","description":"","potentialAction":[{"@type":"SearchAction","target":{"@type":"EntryPoint","urlTemplate":"https:\/\/www.ritzbrasil.com\/en\/?s={search_term_string}"},"query-input":{"@type":"PropertyValueSpecification","valueRequired":true,"valueName":"search_term_string"}}],"inLanguage":"en-US"}]}},"_links":{"self":[{"href":"https:\/\/www.ritzbrasil.com\/en\/wp-json\/wp\/v2\/product\/61230","targetHints":{"allow":["GET"]}}],"collection":[{"href":"https:\/\/www.ritzbrasil.com\/en\/wp-json\/wp\/v2\/product"}],"about":[{"href":"https:\/\/www.ritzbrasil.com\/en\/wp-json\/wp\/v2\/types\/product"}],"wp:featuredmedia":[{"embeddable":true,"href":"https:\/\/www.ritzbrasil.com\/en\/wp-json\/wp\/v2\/media\/58690"}],"wp:attachment":[{"href":"https:\/\/www.ritzbrasil.com\/en\/wp-json\/wp\/v2\/media?parent=61230"}],"wp:term":[{"taxonomy":"product_brand","embeddable":true,"href":"https:\/\/www.ritzbrasil.com\/en\/wp-json\/wp\/v2\/product_brand?post=61230"},{"taxonomy":"product_cat","embeddable":true,"href":"https:\/\/www.ritzbrasil.com\/en\/wp-json\/wp\/v2\/product_cat?post=61230"},{"taxonomy":"product_tag","embeddable":true,"href":"https:\/\/www.ritzbrasil.com\/en\/wp-json\/wp\/v2\/product_tag?post=61230"}],"curies":[{"name":"wp","href":"https:\/\/api.w.org\/{rel}","templated":true}]}}