{"id":61227,"date":"2024-09-17T14:23:44","date_gmt":"2024-09-17T17:23:44","guid":{"rendered":"https:\/\/www.ritzbrasil.com\/produtos\/uncategorized\/hooked-stick-for-hoists-and-hoists\/"},"modified":"2026-02-25T15:45:12","modified_gmt":"2026-02-25T18:45:12","slug":"hooked-stick-for-hoists-and-hoists","status":"publish","type":"product","link":"https:\/\/www.ritzbrasil.com\/en\/produtos\/tools-for-lifting-loads-and-accessories\/hooked-stick-for-hoists-and-hoists\/","title":{"rendered":"Hooked Stick for Hoists and Hoists"},"content":{"rendered":"<div class=\"wpb-content-wrapper\"><p>[vc_row][vc_column][vc_column_text css=&#8221;.vc_custom_1726593770969{margin-top: 20px !important;}&#8221;]<\/p>\n<h4><span style=\"color: #ff9900;\"><strong>Hooked Stick for Hoists and Hoists<\/strong><\/span><\/h4>\n<p>[\/vc_column_text][vc_column_text css=&#8221;.vc_custom_1726663000428{margin-top: -20px !important;}&#8221;]\n<div id=\"tablepress-FLV30486-1-scroll-wrapper\" class=\"tablepress-scroll-wrapper\">\n<table id=\"tablepress-FLV30486-1\" class=\"tablepress tablepress-id-FLV30486-1 tablepress-responsive\">\n<thead>\n<tr class=\"row-1\">\n\t<td class=\"column-1\"><\/td><th class=\"column-2\">  Refer\u00eancias<\/th><th class=\"column-3\">Caracter\u00edstica<\/th><td class=\"column-4\"><\/td><td class=\"column-5\"><\/td>\n<\/tr>\n<\/thead>\n<tbody class=\"row-striping row-hover\">\n<tr class=\"row-2\">\n\t<td class=\"column-1\"><img decoding=\"async\" src=\"https:\/\/www.ritzbrasil.com\/wp-content\/uploads\/2024\/09\/flv30486-1-bastao-gancho-talhas-moitoes-150X150.jpg\" \/><\/td><td class=\"column-2\">FLV30486-1<\/td><td class=\"column-3\"><\/td><td class=\"column-4\">    <button class=\"add-to-budget\" data-table-id=\"FLV30486-1\" data-reference=\"FLV30486-1\" data-description=\"Bast\u00e3o com Gancho para Talhas e Moit\u00f5es\" style=\"color:#ff4d00;\">\n        <img decoding=\"async\" src=\"https:\/\/www.ritzbrasil.com\/\/wp-content\/uploads\/2024\/07\/orcar-compras-tabela-new-1.png\" alt=\"Request quote\" title=\"Request quote\" \/>\n    <\/button>\n    <\/td><td class=\"column-5\"><a href=\"https:\/\/lojasritz.com.br\/catalogsearch\/result\/?q=FLV30486-1\" target=\"_blank\" rel=\"noopener\"><img decoding=\"async\" src=\"https:\/\/www.ritzbrasil.com\/wp-content\/uploads\/2024\/07\/carrinho-compras-tabela.png\"  \/><\/a><\/td>\n<\/tr>\n<\/tbody>\n<\/table>\n<\/div>\n[\/vc_column_text][vc_separator border_width=&#8221;2&#8243; css=&#8221;&#8221;][\/vc_column][\/vc_row]<\/p>\n<\/div>","protected":false},"excerpt":{"rendered":"<h4><span style=\"color: #ff9900;\">Hooked Stick for Hoists and Hoists<\/span><\/h4>\n<p>They are used in various construction and maintenance services for electrical installations. It has a device.<\/p>\n<p>Equipment designed to attach to crossarms on distribution lines, making it easier to pull loads on the working structure. It is an indispensable tool for moving loads and pulling electrical and telephone cables.<\/p>\n<p>The hook pole is made from \u00d8 32 mm RITZGLAS\u00ae insulating tube, guaranteeing safety and durability. At one end, it has a \u00d8 3\/4&#8243; hook, made of sturdy steel and coated with black plastisol<br \/>\n(final diameter \u00d8 25 mm), with an opening of 127 mm, specifically designed to fit perfectly into distribution pole crossarms.<\/p>\n<p>At the other end, the pole is equipped with a swivel eye, made of galvanized steel, which allows it to be coupled to hoists and\/or trucks for pulling loads, providing greater flexibility and<br \/>\nadaptability in the workplace. In addition, the pole has a maneuvering pole eye, allowing the tool to be handled and positioned at a safe distance, ensuring that work can be carried out efficiently and safely.<\/p>\n","protected":false},"featured_media":58658,"template":"","meta":[],"product_brand":[],"product_cat":[2661],"product_tag":[2764],"class_list":{"0":"post-61227","1":"product","2":"type-product","3":"status-publish","4":"has-post-thumbnail","6":"product_cat-tools-for-lifting-loads-and-accessories","7":"product_tag-flv30486-1-en","8":"description-off","10":"first","11":"instock","12":"virtual","13":"product-type-simple"},"yoast_head":"<!-- This site is optimized with the Yoast SEO plugin v27.1.1 - https:\/\/yoast.com\/product\/yoast-seo-wordpress\/ -->\n<title>Hooked pole for ropes and mills<\/title>\n<meta name=\"description\" content=\"Hooked pole for hoists and jibs, ideal for attaching crossarms to distribution lines and making it easier to pull loads.\" \/>\n<meta name=\"robots\" content=\"index, follow, max-snippet:-1, max-image-preview:large, max-video-preview:-1\" \/>\n<link rel=\"canonical\" href=\"https:\/\/www.ritzbrasil.com\/en\/produtos\/tools-for-lifting-loads-and-accessories\/hooked-stick-for-hoists-and-hoists\/\" \/>\n<meta property=\"og:locale\" content=\"en_US\" \/>\n<meta property=\"og:type\" content=\"article\" \/>\n<meta property=\"og:title\" content=\"Hooked pole for ropes and mills\" \/>\n<meta property=\"og:description\" content=\"Hooked pole for hoists and jibs, ideal for attaching crossarms to distribution lines and making it easier to pull loads.\" \/>\n<meta property=\"og:url\" content=\"https:\/\/www.ritzbrasil.com\/en\/produtos\/tools-for-lifting-loads-and-accessories\/hooked-stick-for-hoists-and-hoists\/\" \/>\n<meta property=\"og:site_name\" content=\"Equipamentos de Manuten\u00e7\u00e3o e Seguran\u00e7a para o Setor El\u00e9trico - Ritz Brasil\" \/>\n<meta property=\"article:modified_time\" content=\"2026-02-25T18:45:12+00:00\" \/>\n<meta property=\"og:image\" content=\"https:\/\/www.ritzbrasil.com\/wp-content\/uploads\/2024\/09\/flv30486-1-bastao-gancho-talhas-moitoes.jpg\" \/>\n\t<meta property=\"og:image:width\" content=\"1200\" \/>\n\t<meta property=\"og:image:height\" content=\"1200\" \/>\n\t<meta property=\"og:image:type\" content=\"image\/jpeg\" \/>\n<meta name=\"twitter:card\" content=\"summary_large_image\" \/>\n<meta name=\"twitter:label1\" content=\"Est. reading time\" \/>\n\t<meta name=\"twitter:data1\" content=\"1 minute\" \/>\n<script type=\"application\/ld+json\" class=\"yoast-schema-graph\">{\"@context\":\"https:\/\/schema.org\",\"@graph\":[{\"@type\":\"WebPage\",\"@id\":\"https:\/\/www.ritzbrasil.com\/en\/produtos\/tools-for-lifting-loads-and-accessories\/hooked-stick-for-hoists-and-hoists\/\",\"url\":\"https:\/\/www.ritzbrasil.com\/en\/produtos\/tools-for-lifting-loads-and-accessories\/hooked-stick-for-hoists-and-hoists\/\",\"name\":\"Hooked pole for ropes and mills\",\"isPartOf\":{\"@id\":\"https:\/\/www.ritzbrasil.com\/en\/#website\"},\"primaryImageOfPage\":{\"@id\":\"https:\/\/www.ritzbrasil.com\/en\/produtos\/tools-for-lifting-loads-and-accessories\/hooked-stick-for-hoists-and-hoists\/#primaryimage\"},\"image\":{\"@id\":\"https:\/\/www.ritzbrasil.com\/en\/produtos\/tools-for-lifting-loads-and-accessories\/hooked-stick-for-hoists-and-hoists\/#primaryimage\"},\"thumbnailUrl\":\"https:\/\/www.ritzbrasil.com\/wp-content\/uploads\/2024\/09\/flv30486-1-bastao-gancho-talhas-moitoes.jpg\",\"datePublished\":\"2024-09-17T17:23:44+00:00\",\"dateModified\":\"2026-02-25T18:45:12+00:00\",\"description\":\"Hooked pole for hoists and jibs, ideal for attaching crossarms to distribution lines and making it easier to pull loads.\",\"breadcrumb\":{\"@id\":\"https:\/\/www.ritzbrasil.com\/en\/produtos\/tools-for-lifting-loads-and-accessories\/hooked-stick-for-hoists-and-hoists\/#breadcrumb\"},\"inLanguage\":\"en-US\",\"potentialAction\":[{\"@type\":\"ReadAction\",\"target\":[\"https:\/\/www.ritzbrasil.com\/en\/produtos\/tools-for-lifting-loads-and-accessories\/hooked-stick-for-hoists-and-hoists\/\"]}]},{\"@type\":\"ImageObject\",\"inLanguage\":\"en-US\",\"@id\":\"https:\/\/www.ritzbrasil.com\/en\/produtos\/tools-for-lifting-loads-and-accessories\/hooked-stick-for-hoists-and-hoists\/#primaryimage\",\"url\":\"https:\/\/www.ritzbrasil.com\/wp-content\/uploads\/2024\/09\/flv30486-1-bastao-gancho-talhas-moitoes.jpg\",\"contentUrl\":\"https:\/\/www.ritzbrasil.com\/wp-content\/uploads\/2024\/09\/flv30486-1-bastao-gancho-talhas-moitoes.jpg\",\"width\":1200,\"height\":1200,\"caption\":\"FLV30486-1 Hook Stick for Hoists and Jibs\"},{\"@type\":\"BreadcrumbList\",\"@id\":\"https:\/\/www.ritzbrasil.com\/en\/produtos\/tools-for-lifting-loads-and-accessories\/hooked-stick-for-hoists-and-hoists\/#breadcrumb\",\"itemListElement\":[{\"@type\":\"ListItem\",\"position\":1,\"name\":\"In\u00edcio\",\"item\":\"https:\/\/www.ritzbrasil.com\/en\/\"},{\"@type\":\"ListItem\",\"position\":2,\"name\":\"Shop\",\"item\":\"https:\/\/www.ritzbrasil.com\/en\/shop\/\"},{\"@type\":\"ListItem\",\"position\":3,\"name\":\"Hooked Stick for Hoists and Hoists\"}]},{\"@type\":\"WebSite\",\"@id\":\"https:\/\/www.ritzbrasil.com\/en\/#website\",\"url\":\"https:\/\/www.ritzbrasil.com\/en\/\",\"name\":\"Equipamentos de Manuten\u00e7\u00e3o e Seguran\u00e7a para o Setor El\u00e9trico - Ritz Brasil\",\"description\":\"\",\"potentialAction\":[{\"@type\":\"SearchAction\",\"target\":{\"@type\":\"EntryPoint\",\"urlTemplate\":\"https:\/\/www.ritzbrasil.com\/en\/?s={search_term_string}\"},\"query-input\":{\"@type\":\"PropertyValueSpecification\",\"valueRequired\":true,\"valueName\":\"search_term_string\"}}],\"inLanguage\":\"en-US\"}]}<\/script>\n<!-- \/ Yoast SEO plugin. -->","yoast_head_json":{"title":"Hooked pole for ropes and mills","description":"Hooked pole for hoists and jibs, ideal for attaching crossarms to distribution lines and making it easier to pull loads.","robots":{"index":"index","follow":"follow","max-snippet":"max-snippet:-1","max-image-preview":"max-image-preview:large","max-video-preview":"max-video-preview:-1"},"canonical":"https:\/\/www.ritzbrasil.com\/en\/produtos\/tools-for-lifting-loads-and-accessories\/hooked-stick-for-hoists-and-hoists\/","og_locale":"en_US","og_type":"article","og_title":"Hooked pole for ropes and mills","og_description":"Hooked pole for hoists and jibs, ideal for attaching crossarms to distribution lines and making it easier to pull loads.","og_url":"https:\/\/www.ritzbrasil.com\/en\/produtos\/tools-for-lifting-loads-and-accessories\/hooked-stick-for-hoists-and-hoists\/","og_site_name":"Equipamentos de Manuten\u00e7\u00e3o e Seguran\u00e7a para o Setor El\u00e9trico - Ritz Brasil","article_modified_time":"2026-02-25T18:45:12+00:00","og_image":[{"width":1200,"height":1200,"url":"https:\/\/www.ritzbrasil.com\/wp-content\/uploads\/2024\/09\/flv30486-1-bastao-gancho-talhas-moitoes.jpg","type":"image\/jpeg"}],"twitter_card":"summary_large_image","twitter_misc":{"Est. reading time":"1 minute"},"schema":{"@context":"https:\/\/schema.org","@graph":[{"@type":"WebPage","@id":"https:\/\/www.ritzbrasil.com\/en\/produtos\/tools-for-lifting-loads-and-accessories\/hooked-stick-for-hoists-and-hoists\/","url":"https:\/\/www.ritzbrasil.com\/en\/produtos\/tools-for-lifting-loads-and-accessories\/hooked-stick-for-hoists-and-hoists\/","name":"Hooked pole for ropes and mills","isPartOf":{"@id":"https:\/\/www.ritzbrasil.com\/en\/#website"},"primaryImageOfPage":{"@id":"https:\/\/www.ritzbrasil.com\/en\/produtos\/tools-for-lifting-loads-and-accessories\/hooked-stick-for-hoists-and-hoists\/#primaryimage"},"image":{"@id":"https:\/\/www.ritzbrasil.com\/en\/produtos\/tools-for-lifting-loads-and-accessories\/hooked-stick-for-hoists-and-hoists\/#primaryimage"},"thumbnailUrl":"https:\/\/www.ritzbrasil.com\/wp-content\/uploads\/2024\/09\/flv30486-1-bastao-gancho-talhas-moitoes.jpg","datePublished":"2024-09-17T17:23:44+00:00","dateModified":"2026-02-25T18:45:12+00:00","description":"Hooked pole for hoists and jibs, ideal for attaching crossarms to distribution lines and making it easier to pull loads.","breadcrumb":{"@id":"https:\/\/www.ritzbrasil.com\/en\/produtos\/tools-for-lifting-loads-and-accessories\/hooked-stick-for-hoists-and-hoists\/#breadcrumb"},"inLanguage":"en-US","potentialAction":[{"@type":"ReadAction","target":["https:\/\/www.ritzbrasil.com\/en\/produtos\/tools-for-lifting-loads-and-accessories\/hooked-stick-for-hoists-and-hoists\/"]}]},{"@type":"ImageObject","inLanguage":"en-US","@id":"https:\/\/www.ritzbrasil.com\/en\/produtos\/tools-for-lifting-loads-and-accessories\/hooked-stick-for-hoists-and-hoists\/#primaryimage","url":"https:\/\/www.ritzbrasil.com\/wp-content\/uploads\/2024\/09\/flv30486-1-bastao-gancho-talhas-moitoes.jpg","contentUrl":"https:\/\/www.ritzbrasil.com\/wp-content\/uploads\/2024\/09\/flv30486-1-bastao-gancho-talhas-moitoes.jpg","width":1200,"height":1200,"caption":"FLV30486-1 Hook Stick for Hoists and Jibs"},{"@type":"BreadcrumbList","@id":"https:\/\/www.ritzbrasil.com\/en\/produtos\/tools-for-lifting-loads-and-accessories\/hooked-stick-for-hoists-and-hoists\/#breadcrumb","itemListElement":[{"@type":"ListItem","position":1,"name":"In\u00edcio","item":"https:\/\/www.ritzbrasil.com\/en\/"},{"@type":"ListItem","position":2,"name":"Shop","item":"https:\/\/www.ritzbrasil.com\/en\/shop\/"},{"@type":"ListItem","position":3,"name":"Hooked Stick for Hoists and Hoists"}]},{"@type":"WebSite","@id":"https:\/\/www.ritzbrasil.com\/en\/#website","url":"https:\/\/www.ritzbrasil.com\/en\/","name":"Equipamentos de Manuten\u00e7\u00e3o e Seguran\u00e7a para o Setor El\u00e9trico - Ritz Brasil","description":"","potentialAction":[{"@type":"SearchAction","target":{"@type":"EntryPoint","urlTemplate":"https:\/\/www.ritzbrasil.com\/en\/?s={search_term_string}"},"query-input":{"@type":"PropertyValueSpecification","valueRequired":true,"valueName":"search_term_string"}}],"inLanguage":"en-US"}]}},"_links":{"self":[{"href":"https:\/\/www.ritzbrasil.com\/en\/wp-json\/wp\/v2\/product\/61227","targetHints":{"allow":["GET"]}}],"collection":[{"href":"https:\/\/www.ritzbrasil.com\/en\/wp-json\/wp\/v2\/product"}],"about":[{"href":"https:\/\/www.ritzbrasil.com\/en\/wp-json\/wp\/v2\/types\/product"}],"wp:featuredmedia":[{"embeddable":true,"href":"https:\/\/www.ritzbrasil.com\/en\/wp-json\/wp\/v2\/media\/58658"}],"wp:attachment":[{"href":"https:\/\/www.ritzbrasil.com\/en\/wp-json\/wp\/v2\/media?parent=61227"}],"wp:term":[{"taxonomy":"product_brand","embeddable":true,"href":"https:\/\/www.ritzbrasil.com\/en\/wp-json\/wp\/v2\/product_brand?post=61227"},{"taxonomy":"product_cat","embeddable":true,"href":"https:\/\/www.ritzbrasil.com\/en\/wp-json\/wp\/v2\/product_cat?post=61227"},{"taxonomy":"product_tag","embeddable":true,"href":"https:\/\/www.ritzbrasil.com\/en\/wp-json\/wp\/v2\/product_tag?post=61227"}],"curies":[{"name":"wp","href":"https:\/\/api.w.org\/{rel}","templated":true}]}}