{"id":61221,"date":"2024-09-19T11:09:35","date_gmt":"2024-09-19T14:09:35","guid":{"rendered":"https:\/\/www.ritzbrasil.com\/produtos\/uncategorized\/moitao\/"},"modified":"2026-02-25T15:43:19","modified_gmt":"2026-02-25T18:43:19","slug":"moitao","status":"publish","type":"product","link":"https:\/\/www.ritzbrasil.com\/en\/produtos\/tools-for-lifting-loads-and-accessories\/moitao\/","title":{"rendered":"Moit\u00e3o"},"content":{"rendered":"<div class=\"wpb-content-wrapper\"><p>[vc_row][vc_column]<div id=\"ult-carousel-337968875869dbbf042c2e0\" class=\"ult-carousel-wrapper   ult_horizontal\" data-gutter=\"15\" data-rtl=\"false\" ><div class=\"ult-carousel-290170141469dbbf042c22c \" >[vc_single_image image=&#8221;58772&#8243; add_caption=&#8221;yes&#8221; alignment=&#8221;center&#8221; onclick=&#8221;link_image&#8221; css=&#8221;&#8221;][vc_single_image image=&#8221;58776&#8243; add_caption=&#8221;yes&#8221; alignment=&#8221;center&#8221; onclick=&#8221;link_image&#8221; css=&#8221;&#8221;][vc_single_image image=&#8221;58780&#8243; add_caption=&#8221;yes&#8221; alignment=&#8221;center&#8221; onclick=&#8221;link_image&#8221; css=&#8221;&#8221;][vc_single_image image=&#8221;58784&#8243; add_caption=&#8221;yes&#8221; alignment=&#8221;center&#8221; onclick=&#8221;link_image&#8221; css=&#8221;&#8221;][vc_single_image image=&#8221;58788&#8243; add_caption=&#8221;yes&#8221; alignment=&#8221;center&#8221; onclick=&#8221;link_image&#8221; css=&#8221;&#8221;][vc_single_image image=&#8221;58792&#8243; add_caption=&#8221;yes&#8221; alignment=&#8221;center&#8221; onclick=&#8221;link_image&#8221; css=&#8221;&#8221;][vc_single_image image=&#8221;58796&#8243; add_caption=&#8221;yes&#8221; alignment=&#8221;center&#8221; onclick=&#8221;link_image&#8221; css=&#8221;&#8221;][vc_single_image image=&#8221;58800&#8243; add_caption=&#8221;yes&#8221; alignment=&#8221;center&#8221; onclick=&#8221;link_image&#8221; css=&#8221;&#8221;][vc_single_image image=&#8221;58804&#8243; add_caption=&#8221;yes&#8221; alignment=&#8221;center&#8221; onclick=&#8221;link_image&#8221; css=&#8221;&#8221;][vc_single_image image=&#8221;58808&#8243; add_caption=&#8221;yes&#8221; alignment=&#8221;center&#8221; onclick=&#8221;link_image&#8221; css=&#8221;&#8221;]<\/div><\/div>\t\t\t<script type=\"text\/javascript\">\n\t\t\t\tjQuery(document).ready(function ($) {\n\t\t\t\t\tif( typeof jQuery('.ult-carousel-290170141469dbbf042c22c').slick == \"function\"){\n\t\t\t\t\t\t$('.ult-carousel-290170141469dbbf042c22c').slick({dots: false,autoplay: true,autoplaySpeed: \"3000\",speed: \"300\",infinite: true,arrows: true,nextArrow: '<button type=\"button\" role=\"button\" aria-label=\"Next\" style=\"color:#ff4d00; font-size:30px;\" class=\"slick-next default\"><i class=\"ultsl-arrow-right4\"><\/i><\/button>',prevArrow: '<button type=\"button\" role=\"button\" aria-label=\"Previous\" style=\"color:#ff4d00; font-size:30px;\" class=\"slick-prev default\"><i class=\"ultsl-arrow-left4\"><\/i><\/button>',slidesToScroll:5,slidesToShow:5,swipe: true,draggable: true,touchMove: true,pauseOnHover: true,pauseOnFocus: false,responsive: [\n\t\t\t\t\t\t\t{\n\t\t\t\t\t\t\t  breakpoint: 1026,\n\t\t\t\t\t\t\t  settings: {\n\t\t\t\t\t\t\t\tslidesToShow: 5,\n\t\t\t\t\t\t\t\tslidesToScroll: 5,  \n\t\t\t\t\t\t\t  }\n\t\t\t\t\t\t\t},\n\t\t\t\t\t\t\t{\n\t\t\t\t\t\t\t  breakpoint: 1025,\n\t\t\t\t\t\t\t  settings: {\n\t\t\t\t\t\t\t\tslidesToShow: 3,\n\t\t\t\t\t\t\t\tslidesToScroll: 3\n\t\t\t\t\t\t\t  }\n\t\t\t\t\t\t\t},\n\t\t\t\t\t\t\t{\n\t\t\t\t\t\t\t  breakpoint: 760,\n\t\t\t\t\t\t\t  settings: {\n\t\t\t\t\t\t\t\tslidesToShow: 2,\n\t\t\t\t\t\t\t\tslidesToScroll: 2\n\t\t\t\t\t\t\t  }\n\t\t\t\t\t\t\t}\n\t\t\t\t\t\t],pauseOnDotsHover: true,customPaging: function(slider, i) {\n                   return '<i type=\"button\" style= \"color:#333333;\" class=\"ultsl-record\" data-role=\"none\"><\/i>';\n                },});\n\t\t\t\t\t}\n\t\t\t\t});\n\t\t\t<\/script>\n\t\t\t[\/vc_column][\/vc_row][vc_row][vc_column][vc_column_text css=&#8221;.vc_custom_1726755112597{margin-top: 20px !important;}&#8221;]<\/p>\n<h4><span style=\"color: #ff9900;\"><strong>Moit\u00f5es<\/strong><\/span><\/h4>\n<p>[\/vc_column_text][vc_column_text css=&#8221;.vc_custom_1726755091537{margin-top: -20px !important;}&#8221;]\n<div id=\"tablepress-Moitoes-scroll-wrapper\" class=\"tablepress-scroll-wrapper\">\n<table id=\"tablepress-Moitoes\" class=\"tablepress tablepress-id-Moitoes tablepress-responsive\">\n<thead>\n<tr class=\"row-1\">\n\t<td class=\"column-1\"><\/td><th class=\"column-2\">  Refer\u00eancias<\/th><th class=\"column-3\">Caracter\u00edstica<\/th><td class=\"column-4\"><\/td><td class=\"column-5\"><\/td>\n<\/tr>\n<\/thead>\n<tbody class=\"row-striping row-hover\">\n<tr class=\"row-2\">\n\t<td class=\"column-1\"><img decoding=\"async\" src=\"https:\/\/www.ritzbrasil.com\/wp-content\/uploads\/2024\/09\/rc400-0914-moitao-duplo-completo-150x150-1.jpg\" \/><\/td><td class=\"column-2\">RC400-0914<\/td><td class=\"column-3\">Moit\u00e3o duplo completo montado com<br \/>\n38 m de corda (RM1895-3)<\/td><td class=\"column-4\">    <button class=\"add-to-budget\" data-table-id=\"Moitoes\" data-reference=\"RC400-0914\" data-description=\"Moit\u00e3o\" style=\"color:#ff4d00;\">\n        <img decoding=\"async\" src=\"https:\/\/www.ritzbrasil.com\/\/wp-content\/uploads\/2024\/07\/orcar-compras-tabela-new-1.png\" alt=\"Request quote\" title=\"Request quote\" \/>\n    <\/button>\n    <\/td><td class=\"column-5\"><a href=\"https:\/\/lojasritz.com.br\/catalogsearch\/result\/?q=RC400-0914\" target=\"_blank\" rel=\"noopener\"><img decoding=\"async\" src=\"https:\/\/www.ritzbrasil.com\/wp-content\/uploads\/2024\/07\/carrinho-compras-tabela.png\"  \/><\/a><\/td>\n<\/tr>\n<tr class=\"row-3\">\n\t<td class=\"column-1\"><img decoding=\"async\" src=\"https:\/\/www.ritzbrasil.com\/wp-content\/uploads\/2024\/09\/rc400-0914-moitao-duplo-completo-150x150-1.jpg\" \/><\/td><td class=\"column-2\">RC400-0915<\/td><td class=\"column-3\">Moit\u00e3o triplo completo montado com<br \/>\n45 m de corda (RM1895-3)<\/td><td class=\"column-4\">    <button class=\"add-to-budget\" data-table-id=\"Moitoes\" data-reference=\"RC400-0915\" data-description=\"Moit\u00e3o\" style=\"color:#ff4d00;\">\n        <img decoding=\"async\" src=\"https:\/\/www.ritzbrasil.com\/\/wp-content\/uploads\/2024\/07\/orcar-compras-tabela-new-1.png\" alt=\"Request quote\" title=\"Request quote\" \/>\n    <\/button>\n    <\/td><td class=\"column-5\"><a href=\"https:\/\/lojasritz.com.br\/catalogsearch\/result\/?q=RC400-0915\" target=\"_blank\" rel=\"noopener\"><img decoding=\"async\" src=\"https:\/\/www.ritzbrasil.com\/wp-content\/uploads\/2024\/07\/carrinho-compras-tabela.png\"  \/><\/a><\/td>\n<\/tr>\n<tr class=\"row-4\">\n\t<td class=\"column-1\"><img decoding=\"async\" src=\"https:\/\/www.ritzbrasil.com\/wp-content\/uploads\/2024\/09\/rc400-0925-moitao-triplo-completo-150x150-1.jpg\" \/><\/td><td class=\"column-2\">RC400-0925<\/td><td class=\"column-3\">Moit\u00e3o triplo completo montado com<br \/>\n45 m de corda Polydracon (RM1896-3)<\/td><td class=\"column-4\">    <button class=\"add-to-budget\" data-table-id=\"Moitoes\" data-reference=\"RC400-0925\" data-description=\"Moit\u00e3o\" style=\"color:#ff4d00;\">\n        <img decoding=\"async\" src=\"https:\/\/www.ritzbrasil.com\/\/wp-content\/uploads\/2024\/07\/orcar-compras-tabela-new-1.png\" alt=\"Request quote\" title=\"Request quote\" \/>\n    <\/button>\n    <\/td><td class=\"column-5\"><a href=\"https:\/\/lojasritz.com.br\/catalogsearch\/result\/?q=RC400-0925\" target=\"_blank\" rel=\"noopener\"><img decoding=\"async\" src=\"https:\/\/www.ritzbrasil.com\/wp-content\/uploads\/2024\/07\/carrinho-compras-tabela.png\"  \/><\/a><\/td>\n<\/tr>\n<tr class=\"row-5\">\n\t<td class=\"column-1\"><img decoding=\"async\" src=\"https:\/\/www.ritzbrasil.com\/wp-content\/uploads\/2024\/09\/rc400-0916-bloco-moitao-simples-150x150-1.jpg\" \/><\/td><td class=\"column-2\">RC400-0916<\/td><td class=\"column-3\">Bloco para moit\u00e3o simples (1 gorne)<br \/>\nsem al\u00e7a para amarra<\/td><td class=\"column-4\">    <button class=\"add-to-budget\" data-table-id=\"Moitoes\" data-reference=\"RC400-0916\" data-description=\"Moit\u00e3o\" style=\"color:#ff4d00;\">\n        <img decoding=\"async\" src=\"https:\/\/www.ritzbrasil.com\/\/wp-content\/uploads\/2024\/07\/orcar-compras-tabela-new-1.png\" alt=\"Request quote\" title=\"Request quote\" \/>\n    <\/button>\n    <\/td><td class=\"column-5\"><a href=\"https:\/\/lojasritz.com.br\/catalogsearch\/result\/?q=RC400-0916\" target=\"_blank\" rel=\"noopener\"><img decoding=\"async\" src=\"https:\/\/www.ritzbrasil.com\/wp-content\/uploads\/2024\/07\/carrinho-compras-tabela.png\"  \/><\/a><\/td>\n<\/tr>\n<tr class=\"row-6\">\n\t<td class=\"column-1\"><img decoding=\"async\" src=\"https:\/\/www.ritzbrasil.com\/wp-content\/uploads\/2024\/09\/rc400-0917-bloco-moitao-simples-150x150-1.jpg\" \/><\/td><td class=\"column-2\">RC400-0917<\/td><td class=\"column-3\">Bloco para moit\u00e3o simples (1 gorne)<br \/>\ncom al\u00e7a para amarra<\/td><td class=\"column-4\">    <button class=\"add-to-budget\" data-table-id=\"Moitoes\" data-reference=\"RC400-0917\" data-description=\"Moit\u00e3o\" style=\"color:#ff4d00;\">\n        <img decoding=\"async\" src=\"https:\/\/www.ritzbrasil.com\/\/wp-content\/uploads\/2024\/07\/orcar-compras-tabela-new-1.png\" alt=\"Request quote\" title=\"Request quote\" \/>\n    <\/button>\n    <\/td><td class=\"column-5\"><a href=\"https:\/\/lojasritz.com.br\/catalogsearch\/result\/?q=RC400-0917\" target=\"_blank\" rel=\"noopener\"><img decoding=\"async\" src=\"https:\/\/www.ritzbrasil.com\/wp-content\/uploads\/2024\/07\/carrinho-compras-tabela.png\"  \/><\/a><\/td>\n<\/tr>\n<tr class=\"row-7\">\n\t<td class=\"column-1\"><img decoding=\"async\" src=\"https:\/\/www.ritzbrasil.com\/wp-content\/uploads\/2024\/09\/rc400-0918-bloco-moitao-triplo-150x150-1.jpg\" \/><\/td><td class=\"column-2\">RC400-0918<\/td><td class=\"column-3\">Bloco para moit\u00e3o triplo (3 gornes)<br \/>\nsem al\u00e7a para amarra<\/td><td class=\"column-4\">    <button class=\"add-to-budget\" data-table-id=\"Moitoes\" data-reference=\"RC400-0918\" data-description=\"Moit\u00e3o\" style=\"color:#ff4d00;\">\n        <img decoding=\"async\" src=\"https:\/\/www.ritzbrasil.com\/\/wp-content\/uploads\/2024\/07\/orcar-compras-tabela-new-1.png\" alt=\"Request quote\" title=\"Request quote\" \/>\n    <\/button>\n    <\/td><td class=\"column-5\"><a href=\"https:\/\/lojasritz.com.br\/catalogsearch\/result\/?q=RC400-0918\" target=\"_blank\" rel=\"noopener\"><img decoding=\"async\" src=\"https:\/\/www.ritzbrasil.com\/wp-content\/uploads\/2024\/07\/carrinho-compras-tabela.png\"  \/><\/a><\/td>\n<\/tr>\n<tr class=\"row-8\">\n\t<td class=\"column-1\"><img decoding=\"async\" src=\"https:\/\/www.ritzbrasil.com\/wp-content\/uploads\/2024\/09\/flv10893-1-bloco-moitao-triplo-150x150-1.jpg\" \/><\/td><td class=\"column-2\">FLV10893-1<\/td><td class=\"column-3\">Bloco para moit\u00e3o triplo (3 gornes)<br \/>\ncom al\u00e7a para amarra<\/td><td class=\"column-4\">    <button class=\"add-to-budget\" data-table-id=\"Moitoes\" data-reference=\"FLV10893-1\" data-description=\"Moit\u00e3o\" style=\"color:#ff4d00;\">\n        <img decoding=\"async\" src=\"https:\/\/www.ritzbrasil.com\/\/wp-content\/uploads\/2024\/07\/orcar-compras-tabela-new-1.png\" alt=\"Request quote\" title=\"Request quote\" \/>\n    <\/button>\n    <\/td><td class=\"column-5\"><a href=\"https:\/\/lojasritz.com.br\/catalogsearch\/result\/?q=FLV10893-1\" target=\"_blank\" rel=\"noopener\"><img decoding=\"async\" src=\"https:\/\/www.ritzbrasil.com\/wp-content\/uploads\/2024\/07\/carrinho-compras-tabela.png\"  \/><\/a><\/td>\n<\/tr>\n<tr class=\"row-9\">\n\t<td class=\"column-1\"><img decoding=\"async\" src=\"https:\/\/www.ritzbrasil.com\/wp-content\/uploads\/2024\/09\/rc400-0919-bloco-moitao-duplo-150x150-1.jpg\" \/><\/td><td class=\"column-2\">RC400-0919<\/td><td class=\"column-3\">Bloco para moit\u00e3o duplo (2 gornes)<br \/>\nsem al\u00e7a para amarra<\/td><td class=\"column-4\">    <button class=\"add-to-budget\" data-table-id=\"Moitoes\" data-reference=\"RC400-0919\" data-description=\"Moit\u00e3o\" style=\"color:#ff4d00;\">\n        <img decoding=\"async\" src=\"https:\/\/www.ritzbrasil.com\/\/wp-content\/uploads\/2024\/07\/orcar-compras-tabela-new-1.png\" alt=\"Request quote\" title=\"Request quote\" \/>\n    <\/button>\n    <\/td><td class=\"column-5\"><a href=\"https:\/\/lojasritz.com.br\/catalogsearch\/result\/?q=RC400-0919\" target=\"_blank\" rel=\"noopener\"><img decoding=\"async\" src=\"https:\/\/www.ritzbrasil.com\/wp-content\/uploads\/2024\/07\/carrinho-compras-tabela.png\"  \/><\/a><\/td>\n<\/tr>\n<tr class=\"row-10\">\n\t<td class=\"column-1\"><img decoding=\"async\" src=\"https:\/\/www.ritzbrasil.com\/wp-content\/uploads\/2024\/09\/flv16813-1-bloco-moitao-duplo-150x150-1.jpg\" \/><\/td><td class=\"column-2\">FLV16813-1<\/td><td class=\"column-3\">Bloco para moit\u00e3o duplo (2 gornes)<br \/>\ncom al\u00e7a para amarra<\/td><td class=\"column-4\">    <button class=\"add-to-budget\" data-table-id=\"Moitoes\" data-reference=\"FLV16813-1\" data-description=\"Moit\u00e3o\" style=\"color:#ff4d00;\">\n        <img decoding=\"async\" src=\"https:\/\/www.ritzbrasil.com\/\/wp-content\/uploads\/2024\/07\/orcar-compras-tabela-new-1.png\" alt=\"Request quote\" title=\"Request quote\" \/>\n    <\/button>\n    <\/td><td class=\"column-5\"><a href=\"https:\/\/lojasritz.com.br\/catalogsearch\/result\/?q=FLV16813-1\" target=\"_blank\" rel=\"noopener\"><img decoding=\"async\" src=\"https:\/\/www.ritzbrasil.com\/wp-content\/uploads\/2024\/07\/carrinho-compras-tabela.png\"  \/><\/a><\/td>\n<\/tr>\n<tr class=\"row-11\">\n\t<td class=\"column-1\"><img decoding=\"async\" src=\"https:\/\/www.ritzbrasil.com\/wp-content\/uploads\/2024\/09\/flv07777-1-moitao-duplo-leve-completo-150x150-1.jpg\" \/><\/td><td class=\"column-2\">FLV07777-1<\/td><td class=\"column-3\">Bloco para moit\u00e3o duplo (2 gornes)<br \/>\ncom al\u00e7a para amarra<\/td><td class=\"column-4\">    <button class=\"add-to-budget\" data-table-id=\"Moitoes\" data-reference=\"FLV07777-1\" data-description=\"Moit\u00e3o\" style=\"color:#ff4d00;\">\n        <img decoding=\"async\" src=\"https:\/\/www.ritzbrasil.com\/\/wp-content\/uploads\/2024\/07\/orcar-compras-tabela-new-1.png\" alt=\"Request quote\" title=\"Request quote\" \/>\n    <\/button>\n    <\/td><td class=\"column-5\"><a href=\"https:\/\/lojasritz.com.br\/catalogsearch\/result\/?q=FLV07777-1\" target=\"_blank\" rel=\"noopener\"><img decoding=\"async\" src=\"https:\/\/www.ritzbrasil.com\/wp-content\/uploads\/2024\/07\/carrinho-compras-tabela.png\"  \/><\/a><\/td>\n<\/tr>\n<\/tbody>\n<\/table>\n<\/div>\n<p>[\/vc_column_text][vc_separator border_width=&#8221;2&#8243; css=&#8221;&#8221;][\/vc_column][\/vc_row]<\/p>\n<\/div>","protected":false},"excerpt":{"rendered":"<h4><span style=\"color: #ff9900;\">Moit\u00e3o<\/span><\/h4>\n<p>With thermoplastic housings and pulleys, steel hooks with safety locks (which rotate continuously on their axis), it is easier to attach and align with the load.<\/p>\n<p>When only jib blocks are purchased, the pairs are made up of one block unit with a rope lashing device (FLV10893-1) and another without (RC400-0918).<\/p>\n<p>| <strong>Common block<\/strong><br \/>\nEquipped with an <strong><br \/>\n<span style=\"color: #ff6600;\"> eyebolt<\/span><br \/>\n<\/strong> for installation using the distance method. Dielectric strength of the block: 30 kV.<\/p>\n<p><strong><span style=\"color: #ff6600;\">|<\/span> Light<\/strong> Hoist<br \/>\nCompact and sturdy, this tool has been specially developed for use in electrical and telephone installations, lifting loads, pulling cables, guying masts, etc.<br \/>\nIt has 15 meters of rope (RM1895-2).<\/p>\n","protected":false},"featured_media":58768,"template":"","meta":[],"product_brand":[],"product_cat":[2661],"product_tag":[2729,2726,2728,2720,2721,2723,2724,2725,2727,2722,2719,2062,2730],"class_list":{"0":"post-61221","1":"product","2":"type-product","3":"status-publish","4":"has-post-thumbnail","6":"product_cat-tools-for-lifting-loads-and-accessories","7":"product_tag-flv07777-1-en","8":"product_tag-flv10893-1-en","9":"product_tag-flv16813-1-en","10":"product_tag-rc400-0914-en","11":"product_tag-rc400-0915-en","12":"product_tag-rc400-0916-en","13":"product_tag-rc400-0917-en","14":"product_tag-rc400-0918-en","15":"product_tag-rc400-0919-en","16":"product_tag-rc400-0925-en","17":"product_tag-rm1895-2-en","18":"product_tag-rm1895-3-en","19":"product_tag-rm1896-3-en","20":"description-off","22":"first","23":"instock","24":"virtual","25":"product-type-simple"},"yoast_head":"<!-- This site is optimized with the Yoast SEO plugin v27.1.1 - https:\/\/yoast.com\/product\/yoast-seo-wordpress\/ -->\n<title>Moit\u00e3o<\/title>\n<meta name=\"description\" content=\"Hoist with thermoplastic casings and steel hooks with safety locks and continuous rotation, making it easy to attach and align with the load.\" \/>\n<meta name=\"robots\" content=\"index, follow, max-snippet:-1, max-image-preview:large, max-video-preview:-1\" \/>\n<link rel=\"canonical\" href=\"https:\/\/www.ritzbrasil.com\/en\/produtos\/tools-for-lifting-loads-and-accessories\/moitao\/\" \/>\n<meta property=\"og:locale\" content=\"en_US\" \/>\n<meta property=\"og:type\" content=\"article\" \/>\n<meta property=\"og:title\" content=\"Moit\u00e3o\" \/>\n<meta property=\"og:description\" content=\"Hoist with thermoplastic casings and steel hooks with safety locks and continuous rotation, making it easy to attach and align with the load.\" \/>\n<meta property=\"og:url\" content=\"https:\/\/www.ritzbrasil.com\/en\/produtos\/tools-for-lifting-loads-and-accessories\/moitao\/\" \/>\n<meta property=\"og:site_name\" content=\"Equipamentos de Manuten\u00e7\u00e3o e Seguran\u00e7a para o Setor El\u00e9trico - Ritz Brasil\" \/>\n<meta property=\"article:modified_time\" content=\"2026-02-25T18:43:19+00:00\" \/>\n<meta property=\"og:image\" content=\"https:\/\/www.ritzbrasil.com\/wp-content\/uploads\/2024\/09\/rc400-0914-moitao-duplo-completo.jpg\" \/>\n\t<meta property=\"og:image:width\" content=\"1200\" \/>\n\t<meta property=\"og:image:height\" content=\"1200\" \/>\n\t<meta property=\"og:image:type\" content=\"image\/jpeg\" \/>\n<meta name=\"twitter:card\" content=\"summary_large_image\" \/>\n<meta name=\"twitter:label1\" content=\"Est. reading time\" \/>\n\t<meta name=\"twitter:data1\" content=\"1 minute\" \/>\n<script type=\"application\/ld+json\" class=\"yoast-schema-graph\">{\"@context\":\"https:\/\/schema.org\",\"@graph\":[{\"@type\":\"WebPage\",\"@id\":\"https:\/\/www.ritzbrasil.com\/en\/produtos\/tools-for-lifting-loads-and-accessories\/moitao\/\",\"url\":\"https:\/\/www.ritzbrasil.com\/en\/produtos\/tools-for-lifting-loads-and-accessories\/moitao\/\",\"name\":\"Moit\u00e3o\",\"isPartOf\":{\"@id\":\"https:\/\/www.ritzbrasil.com\/en\/#website\"},\"primaryImageOfPage\":{\"@id\":\"https:\/\/www.ritzbrasil.com\/en\/produtos\/tools-for-lifting-loads-and-accessories\/moitao\/#primaryimage\"},\"image\":{\"@id\":\"https:\/\/www.ritzbrasil.com\/en\/produtos\/tools-for-lifting-loads-and-accessories\/moitao\/#primaryimage\"},\"thumbnailUrl\":\"https:\/\/www.ritzbrasil.com\/wp-content\/uploads\/2024\/09\/rc400-0914-moitao-duplo-completo.jpg\",\"datePublished\":\"2024-09-19T14:09:35+00:00\",\"dateModified\":\"2026-02-25T18:43:19+00:00\",\"description\":\"Hoist with thermoplastic casings and steel hooks with safety locks and continuous rotation, making it easy to attach and align with the load.\",\"breadcrumb\":{\"@id\":\"https:\/\/www.ritzbrasil.com\/en\/produtos\/tools-for-lifting-loads-and-accessories\/moitao\/#breadcrumb\"},\"inLanguage\":\"en-US\",\"potentialAction\":[{\"@type\":\"ReadAction\",\"target\":[\"https:\/\/www.ritzbrasil.com\/en\/produtos\/tools-for-lifting-loads-and-accessories\/moitao\/\"]}]},{\"@type\":\"ImageObject\",\"inLanguage\":\"en-US\",\"@id\":\"https:\/\/www.ritzbrasil.com\/en\/produtos\/tools-for-lifting-loads-and-accessories\/moitao\/#primaryimage\",\"url\":\"https:\/\/www.ritzbrasil.com\/wp-content\/uploads\/2024\/09\/rc400-0914-moitao-duplo-completo.jpg\",\"contentUrl\":\"https:\/\/www.ritzbrasil.com\/wp-content\/uploads\/2024\/09\/rc400-0914-moitao-duplo-completo.jpg\",\"width\":1200,\"height\":1200,\"caption\":\"RC400-0914 Complete double rocker\"},{\"@type\":\"BreadcrumbList\",\"@id\":\"https:\/\/www.ritzbrasil.com\/en\/produtos\/tools-for-lifting-loads-and-accessories\/moitao\/#breadcrumb\",\"itemListElement\":[{\"@type\":\"ListItem\",\"position\":1,\"name\":\"In\u00edcio\",\"item\":\"https:\/\/www.ritzbrasil.com\/en\/\"},{\"@type\":\"ListItem\",\"position\":2,\"name\":\"Shop\",\"item\":\"https:\/\/www.ritzbrasil.com\/en\/shop\/\"},{\"@type\":\"ListItem\",\"position\":3,\"name\":\"Moit\u00e3o\"}]},{\"@type\":\"WebSite\",\"@id\":\"https:\/\/www.ritzbrasil.com\/en\/#website\",\"url\":\"https:\/\/www.ritzbrasil.com\/en\/\",\"name\":\"Equipamentos de Manuten\u00e7\u00e3o e Seguran\u00e7a para o Setor El\u00e9trico - Ritz Brasil\",\"description\":\"\",\"potentialAction\":[{\"@type\":\"SearchAction\",\"target\":{\"@type\":\"EntryPoint\",\"urlTemplate\":\"https:\/\/www.ritzbrasil.com\/en\/?s={search_term_string}\"},\"query-input\":{\"@type\":\"PropertyValueSpecification\",\"valueRequired\":true,\"valueName\":\"search_term_string\"}}],\"inLanguage\":\"en-US\"}]}<\/script>\n<!-- \/ Yoast SEO plugin. -->","yoast_head_json":{"title":"Moit\u00e3o","description":"Hoist with thermoplastic casings and steel hooks with safety locks and continuous rotation, making it easy to attach and align with the load.","robots":{"index":"index","follow":"follow","max-snippet":"max-snippet:-1","max-image-preview":"max-image-preview:large","max-video-preview":"max-video-preview:-1"},"canonical":"https:\/\/www.ritzbrasil.com\/en\/produtos\/tools-for-lifting-loads-and-accessories\/moitao\/","og_locale":"en_US","og_type":"article","og_title":"Moit\u00e3o","og_description":"Hoist with thermoplastic casings and steel hooks with safety locks and continuous rotation, making it easy to attach and align with the load.","og_url":"https:\/\/www.ritzbrasil.com\/en\/produtos\/tools-for-lifting-loads-and-accessories\/moitao\/","og_site_name":"Equipamentos de Manuten\u00e7\u00e3o e Seguran\u00e7a para o Setor El\u00e9trico - Ritz Brasil","article_modified_time":"2026-02-25T18:43:19+00:00","og_image":[{"width":1200,"height":1200,"url":"https:\/\/www.ritzbrasil.com\/wp-content\/uploads\/2024\/09\/rc400-0914-moitao-duplo-completo.jpg","type":"image\/jpeg"}],"twitter_card":"summary_large_image","twitter_misc":{"Est. reading time":"1 minute"},"schema":{"@context":"https:\/\/schema.org","@graph":[{"@type":"WebPage","@id":"https:\/\/www.ritzbrasil.com\/en\/produtos\/tools-for-lifting-loads-and-accessories\/moitao\/","url":"https:\/\/www.ritzbrasil.com\/en\/produtos\/tools-for-lifting-loads-and-accessories\/moitao\/","name":"Moit\u00e3o","isPartOf":{"@id":"https:\/\/www.ritzbrasil.com\/en\/#website"},"primaryImageOfPage":{"@id":"https:\/\/www.ritzbrasil.com\/en\/produtos\/tools-for-lifting-loads-and-accessories\/moitao\/#primaryimage"},"image":{"@id":"https:\/\/www.ritzbrasil.com\/en\/produtos\/tools-for-lifting-loads-and-accessories\/moitao\/#primaryimage"},"thumbnailUrl":"https:\/\/www.ritzbrasil.com\/wp-content\/uploads\/2024\/09\/rc400-0914-moitao-duplo-completo.jpg","datePublished":"2024-09-19T14:09:35+00:00","dateModified":"2026-02-25T18:43:19+00:00","description":"Hoist with thermoplastic casings and steel hooks with safety locks and continuous rotation, making it easy to attach and align with the load.","breadcrumb":{"@id":"https:\/\/www.ritzbrasil.com\/en\/produtos\/tools-for-lifting-loads-and-accessories\/moitao\/#breadcrumb"},"inLanguage":"en-US","potentialAction":[{"@type":"ReadAction","target":["https:\/\/www.ritzbrasil.com\/en\/produtos\/tools-for-lifting-loads-and-accessories\/moitao\/"]}]},{"@type":"ImageObject","inLanguage":"en-US","@id":"https:\/\/www.ritzbrasil.com\/en\/produtos\/tools-for-lifting-loads-and-accessories\/moitao\/#primaryimage","url":"https:\/\/www.ritzbrasil.com\/wp-content\/uploads\/2024\/09\/rc400-0914-moitao-duplo-completo.jpg","contentUrl":"https:\/\/www.ritzbrasil.com\/wp-content\/uploads\/2024\/09\/rc400-0914-moitao-duplo-completo.jpg","width":1200,"height":1200,"caption":"RC400-0914 Complete double rocker"},{"@type":"BreadcrumbList","@id":"https:\/\/www.ritzbrasil.com\/en\/produtos\/tools-for-lifting-loads-and-accessories\/moitao\/#breadcrumb","itemListElement":[{"@type":"ListItem","position":1,"name":"In\u00edcio","item":"https:\/\/www.ritzbrasil.com\/en\/"},{"@type":"ListItem","position":2,"name":"Shop","item":"https:\/\/www.ritzbrasil.com\/en\/shop\/"},{"@type":"ListItem","position":3,"name":"Moit\u00e3o"}]},{"@type":"WebSite","@id":"https:\/\/www.ritzbrasil.com\/en\/#website","url":"https:\/\/www.ritzbrasil.com\/en\/","name":"Equipamentos de Manuten\u00e7\u00e3o e Seguran\u00e7a para o Setor El\u00e9trico - Ritz Brasil","description":"","potentialAction":[{"@type":"SearchAction","target":{"@type":"EntryPoint","urlTemplate":"https:\/\/www.ritzbrasil.com\/en\/?s={search_term_string}"},"query-input":{"@type":"PropertyValueSpecification","valueRequired":true,"valueName":"search_term_string"}}],"inLanguage":"en-US"}]}},"_links":{"self":[{"href":"https:\/\/www.ritzbrasil.com\/en\/wp-json\/wp\/v2\/product\/61221","targetHints":{"allow":["GET"]}}],"collection":[{"href":"https:\/\/www.ritzbrasil.com\/en\/wp-json\/wp\/v2\/product"}],"about":[{"href":"https:\/\/www.ritzbrasil.com\/en\/wp-json\/wp\/v2\/types\/product"}],"wp:featuredmedia":[{"embeddable":true,"href":"https:\/\/www.ritzbrasil.com\/en\/wp-json\/wp\/v2\/media\/58768"}],"wp:attachment":[{"href":"https:\/\/www.ritzbrasil.com\/en\/wp-json\/wp\/v2\/media?parent=61221"}],"wp:term":[{"taxonomy":"product_brand","embeddable":true,"href":"https:\/\/www.ritzbrasil.com\/en\/wp-json\/wp\/v2\/product_brand?post=61221"},{"taxonomy":"product_cat","embeddable":true,"href":"https:\/\/www.ritzbrasil.com\/en\/wp-json\/wp\/v2\/product_cat?post=61221"},{"taxonomy":"product_tag","embeddable":true,"href":"https:\/\/www.ritzbrasil.com\/en\/wp-json\/wp\/v2\/product_tag?post=61221"}],"curies":[{"name":"wp","href":"https:\/\/api.w.org\/{rel}","templated":true}]}}