{"id":61210,"date":"2024-09-24T07:28:58","date_gmt":"2024-09-24T10:28:58","guid":{"rendered":"https:\/\/www.ritzbrasil.com\/produtos\/uncategorized\/cable-tensioner\/"},"modified":"2026-02-25T15:41:56","modified_gmt":"2026-02-25T18:41:56","slug":"cable-tensioner","status":"publish","type":"product","link":"https:\/\/www.ritzbrasil.com\/en\/produtos\/tools-for-lifting-loads-and-accessories\/cable-tensioner\/","title":{"rendered":"Cable tensioner"},"content":{"rendered":"<div class=\"wpb-content-wrapper\"><p>[vc_row][vc_column][vc_column_text css=&#8221;.vc_custom_1727173561332{margin-top: 20px !important;}&#8221;]<\/p>\n<h4><span style=\"color: #ff9900;\"><strong>Cable tensioner<\/strong><\/span><\/h4>\n<p>[\/vc_column_text][vc_column_text css=&#8221;.vc_custom_1727173580513{margin-top: -20px !important;}&#8221;]\n<div id=\"tablepress-Esticador-Cabo-scroll-wrapper\" class=\"tablepress-scroll-wrapper\">\n<table id=\"tablepress-Esticador-Cabo\" class=\"tablepress tablepress-id-Esticador-Cabo tablepress-responsive\">\n<thead>\n<tr class=\"row-1\">\n\t<td class=\"column-1\"><\/td><th class=\"column-2\">  Refer\u00eancias<\/th><th class=\"column-3\">Caracter\u00edstica<\/th><td class=\"column-4\"><\/td><td class=\"column-5\"><\/td>\n<\/tr>\n<\/thead>\n<tbody class=\"row-striping row-hover\">\n<tr class=\"row-2\">\n\t<td class=\"column-1\"><img decoding=\"async\" src=\"https:\/\/www.ritzbrasil.com\/wp-content\/uploads\/2024\/09\/51.e07.d20-ce-esticador-cabo-150x150-1.jpg\" \/><\/td><td class=\"column-2\">51.E07.D20-CE<\/td><td class=\"column-3\"><\/td><td class=\"column-4\">    <button class=\"add-to-budget\" data-table-id=\"Esticador-Cabo\" data-reference=\"51.E07.D20-CE\" data-description=\"Esticador de Cabo\" style=\"color:#ff4d00;\">\n        <img decoding=\"async\" src=\"https:\/\/www.ritzbrasil.com\/\/wp-content\/uploads\/2024\/07\/orcar-compras-tabela-new-1.png\" alt=\"Request quote\" title=\"Request quote\" \/>\n    <\/button>\n    <\/td><td class=\"column-5\"><a href=\"https:\/\/lojasritz.com.br\/catalogsearch\/result\/?q=51.E07.D20-CE\" target=\"_blank\" rel=\"noopener\"><img decoding=\"async\" src=\"https:\/\/www.ritzbrasil.com\/wp-content\/uploads\/2024\/07\/carrinho-compras-tabela.png\"  \/><\/a><\/td>\n<\/tr>\n<tr class=\"row-3\">\n\t<td class=\"column-1\"><img decoding=\"async\" src=\"https:\/\/www.ritzbrasil.com\/wp-content\/uploads\/2024\/09\/51.e07.d30-ce-esticador-cabo-150x150-1.jpg\" \/><\/td><td class=\"column-2\">51.E07.D30-CE<\/td><td class=\"column-3\"><\/td><td class=\"column-4\">    <button class=\"add-to-budget\" data-table-id=\"Esticador-Cabo\" data-reference=\"51.E07.D30-CE\" data-description=\"Esticador de Cabo\" style=\"color:#ff4d00;\">\n        <img decoding=\"async\" src=\"https:\/\/www.ritzbrasil.com\/\/wp-content\/uploads\/2024\/07\/orcar-compras-tabela-new-1.png\" alt=\"Request quote\" title=\"Request quote\" \/>\n    <\/button>\n    <\/td><td class=\"column-5\"><a href=\"https:\/\/lojasritz.com.br\/catalogsearch\/result\/?q=51.E07.D30-CE\" target=\"_blank\" rel=\"noopener\"><img decoding=\"async\" src=\"https:\/\/www.ritzbrasil.com\/wp-content\/uploads\/2024\/07\/carrinho-compras-tabela.png\"  \/><\/a><\/td>\n<\/tr>\n<tr class=\"row-4\">\n\t<td class=\"column-1\"><img decoding=\"async\" src=\"https:\/\/www.ritzbrasil.com\/wp-content\/uploads\/2024\/09\/51.e07.d40-ce-esticador-cabo-150x150-1.jpg\" \/><\/td><td class=\"column-2\">51.E07.D40-CE<\/td><td class=\"column-3\"><\/td><td class=\"column-4\">    <button class=\"add-to-budget\" data-table-id=\"Esticador-Cabo\" data-reference=\"51.E07.D40-CE\" data-description=\"Esticador de Cabo\" style=\"color:#ff4d00;\">\n        <img decoding=\"async\" src=\"https:\/\/www.ritzbrasil.com\/\/wp-content\/uploads\/2024\/07\/orcar-compras-tabela-new-1.png\" alt=\"Request quote\" title=\"Request quote\" \/>\n    <\/button>\n    <\/td><td class=\"column-5\"><a href=\"https:\/\/lojasritz.com.br\/catalogsearch\/result\/?q=51.E07.D40-CE\" target=\"_blank\" rel=\"noopener\"><img decoding=\"async\" src=\"https:\/\/www.ritzbrasil.com\/wp-content\/uploads\/2024\/07\/carrinho-compras-tabela.png\"  \/><\/a><\/td>\n<\/tr>\n<tr class=\"row-5\">\n\t<td class=\"column-1\"><img decoding=\"async\" src=\"https:\/\/www.ritzbrasil.com\/wp-content\/uploads\/2024\/09\/51.e07.d50-ce-esticador-cabo-150x150-1.jpg\" \/><\/td><td class=\"column-2\">51.E07.D50-CE<\/td><td class=\"column-3\"><\/td><td class=\"column-4\">    <button class=\"add-to-budget\" data-table-id=\"Esticador-Cabo\" data-reference=\"51.E07.D50-CE\" data-description=\"Esticador de Cabo\" style=\"color:#ff4d00;\">\n        <img decoding=\"async\" src=\"https:\/\/www.ritzbrasil.com\/\/wp-content\/uploads\/2024\/07\/orcar-compras-tabela-new-1.png\" alt=\"Request quote\" title=\"Request quote\" \/>\n    <\/button>\n    <\/td><td class=\"column-5\"><a href=\"https:\/\/lojasritz.com.br\/catalogsearch\/result\/?q=51.E07.D50-CE\" target=\"_blank\" rel=\"noopener\"><img decoding=\"async\" src=\"https:\/\/www.ritzbrasil.com\/wp-content\/uploads\/2024\/07\/carrinho-compras-tabela.png\"  \/><\/a><\/td>\n<\/tr>\n<\/tbody>\n<\/table>\n<\/div>\n[\/vc_column_text][vc_column_text css=&#8221;.vc_custom_1727173736145{margin-top: -20px !important;}&#8221;]<em>The DC (Double Circular) jaw shape is suitable for aluminum and copper cables.<\/em>[\/vc_column_text][vc_separator border_width=&#8221;2&#8243; css=&#8221;&#8221;][\/vc_column][\/vc_row]<\/p>\n<\/div>","protected":false},"excerpt":{"rendered":"<h4><span style=\"color: #ff9900;\">Cable tensioner<\/span><\/h4>\n<p>Intended for pulling live conductors.<\/p>\n<p>The movable handle at the top allows it to be installed remotely on the conductor with an insulating rod and, when released, acts as a lock, preventing it from falling accidentally.<\/p>\n","protected":false},"featured_media":58962,"template":"","meta":[],"product_brand":[],"product_cat":[2661],"product_tag":[2662,2663,2664,2665],"class_list":{"0":"post-61210","1":"product","2":"type-product","3":"status-publish","4":"has-post-thumbnail","6":"product_cat-tools-for-lifting-loads-and-accessories","7":"product_tag-51-e07-d20-ce-en","8":"product_tag-51-e07-d30-ce-en","9":"product_tag-51-e07-d40-ce-en","10":"product_tag-51-e07-d50-ce-en","11":"description-off","13":"first","14":"instock","15":"virtual","16":"product-type-simple"},"yoast_head":"<!-- This site is optimized with the Yoast SEO plugin v27.1.1 - https:\/\/yoast.com\/product\/yoast-seo-wordpress\/ -->\n<title>Cable tensioner<\/title>\n<meta name=\"description\" content=\"Cable tensioner for pulling live conductors. Remote installation with insulating pole and lock to prevent accidental falls.\" \/>\n<meta name=\"robots\" content=\"index, follow, max-snippet:-1, max-image-preview:large, max-video-preview:-1\" \/>\n<link rel=\"canonical\" href=\"https:\/\/www.ritzbrasil.com\/en\/produtos\/tools-for-lifting-loads-and-accessories\/cable-tensioner\/\" \/>\n<meta property=\"og:locale\" content=\"en_US\" \/>\n<meta property=\"og:type\" content=\"article\" \/>\n<meta property=\"og:title\" content=\"Cable tensioner\" \/>\n<meta property=\"og:description\" content=\"Cable tensioner for pulling live conductors. Remote installation with insulating pole and lock to prevent accidental falls.\" \/>\n<meta property=\"og:url\" content=\"https:\/\/www.ritzbrasil.com\/en\/produtos\/tools-for-lifting-loads-and-accessories\/cable-tensioner\/\" \/>\n<meta property=\"og:site_name\" content=\"Equipamentos de Manuten\u00e7\u00e3o e Seguran\u00e7a para o Setor El\u00e9trico - Ritz Brasil\" \/>\n<meta property=\"article:modified_time\" content=\"2026-02-25T18:41:56+00:00\" \/>\n<meta property=\"og:image\" content=\"https:\/\/www.ritzbrasil.com\/wp-content\/uploads\/2024\/09\/51.e07.d20-ce-esticador-cabo.jpg\" \/>\n\t<meta property=\"og:image:width\" content=\"1200\" \/>\n\t<meta property=\"og:image:height\" content=\"1200\" \/>\n\t<meta property=\"og:image:type\" content=\"image\/jpeg\" \/>\n<meta name=\"twitter:card\" content=\"summary_large_image\" \/>\n<meta name=\"twitter:label1\" content=\"Est. reading time\" \/>\n\t<meta name=\"twitter:data1\" content=\"1 minute\" \/>\n<script type=\"application\/ld+json\" class=\"yoast-schema-graph\">{\"@context\":\"https:\/\/schema.org\",\"@graph\":[{\"@type\":\"WebPage\",\"@id\":\"https:\/\/www.ritzbrasil.com\/en\/produtos\/tools-for-lifting-loads-and-accessories\/cable-tensioner\/\",\"url\":\"https:\/\/www.ritzbrasil.com\/en\/produtos\/tools-for-lifting-loads-and-accessories\/cable-tensioner\/\",\"name\":\"Cable tensioner\",\"isPartOf\":{\"@id\":\"https:\/\/www.ritzbrasil.com\/en\/#website\"},\"primaryImageOfPage\":{\"@id\":\"https:\/\/www.ritzbrasil.com\/en\/produtos\/tools-for-lifting-loads-and-accessories\/cable-tensioner\/#primaryimage\"},\"image\":{\"@id\":\"https:\/\/www.ritzbrasil.com\/en\/produtos\/tools-for-lifting-loads-and-accessories\/cable-tensioner\/#primaryimage\"},\"thumbnailUrl\":\"https:\/\/www.ritzbrasil.com\/wp-content\/uploads\/2024\/09\/51.e07.d20-ce-esticador-cabo.jpg\",\"datePublished\":\"2024-09-24T10:28:58+00:00\",\"dateModified\":\"2026-02-25T18:41:56+00:00\",\"description\":\"Cable tensioner for pulling live conductors. Remote installation with insulating pole and lock to prevent accidental falls.\",\"breadcrumb\":{\"@id\":\"https:\/\/www.ritzbrasil.com\/en\/produtos\/tools-for-lifting-loads-and-accessories\/cable-tensioner\/#breadcrumb\"},\"inLanguage\":\"en-US\",\"potentialAction\":[{\"@type\":\"ReadAction\",\"target\":[\"https:\/\/www.ritzbrasil.com\/en\/produtos\/tools-for-lifting-loads-and-accessories\/cable-tensioner\/\"]}]},{\"@type\":\"ImageObject\",\"inLanguage\":\"en-US\",\"@id\":\"https:\/\/www.ritzbrasil.com\/en\/produtos\/tools-for-lifting-loads-and-accessories\/cable-tensioner\/#primaryimage\",\"url\":\"https:\/\/www.ritzbrasil.com\/wp-content\/uploads\/2024\/09\/51.e07.d20-ce-esticador-cabo.jpg\",\"contentUrl\":\"https:\/\/www.ritzbrasil.com\/wp-content\/uploads\/2024\/09\/51.e07.d20-ce-esticador-cabo.jpg\",\"width\":1200,\"height\":1200,\"caption\":\"51.E07.D20-CE Cable tensioner\"},{\"@type\":\"BreadcrumbList\",\"@id\":\"https:\/\/www.ritzbrasil.com\/en\/produtos\/tools-for-lifting-loads-and-accessories\/cable-tensioner\/#breadcrumb\",\"itemListElement\":[{\"@type\":\"ListItem\",\"position\":1,\"name\":\"In\u00edcio\",\"item\":\"https:\/\/www.ritzbrasil.com\/en\/\"},{\"@type\":\"ListItem\",\"position\":2,\"name\":\"Shop\",\"item\":\"https:\/\/www.ritzbrasil.com\/en\/shop\/\"},{\"@type\":\"ListItem\",\"position\":3,\"name\":\"Cable tensioner\"}]},{\"@type\":\"WebSite\",\"@id\":\"https:\/\/www.ritzbrasil.com\/en\/#website\",\"url\":\"https:\/\/www.ritzbrasil.com\/en\/\",\"name\":\"Equipamentos de Manuten\u00e7\u00e3o e Seguran\u00e7a para o Setor El\u00e9trico - Ritz Brasil\",\"description\":\"\",\"potentialAction\":[{\"@type\":\"SearchAction\",\"target\":{\"@type\":\"EntryPoint\",\"urlTemplate\":\"https:\/\/www.ritzbrasil.com\/en\/?s={search_term_string}\"},\"query-input\":{\"@type\":\"PropertyValueSpecification\",\"valueRequired\":true,\"valueName\":\"search_term_string\"}}],\"inLanguage\":\"en-US\"}]}<\/script>\n<!-- \/ Yoast SEO plugin. -->","yoast_head_json":{"title":"Cable tensioner","description":"Cable tensioner for pulling live conductors. Remote installation with insulating pole and lock to prevent accidental falls.","robots":{"index":"index","follow":"follow","max-snippet":"max-snippet:-1","max-image-preview":"max-image-preview:large","max-video-preview":"max-video-preview:-1"},"canonical":"https:\/\/www.ritzbrasil.com\/en\/produtos\/tools-for-lifting-loads-and-accessories\/cable-tensioner\/","og_locale":"en_US","og_type":"article","og_title":"Cable tensioner","og_description":"Cable tensioner for pulling live conductors. Remote installation with insulating pole and lock to prevent accidental falls.","og_url":"https:\/\/www.ritzbrasil.com\/en\/produtos\/tools-for-lifting-loads-and-accessories\/cable-tensioner\/","og_site_name":"Equipamentos de Manuten\u00e7\u00e3o e Seguran\u00e7a para o Setor El\u00e9trico - Ritz Brasil","article_modified_time":"2026-02-25T18:41:56+00:00","og_image":[{"width":1200,"height":1200,"url":"https:\/\/www.ritzbrasil.com\/wp-content\/uploads\/2024\/09\/51.e07.d20-ce-esticador-cabo.jpg","type":"image\/jpeg"}],"twitter_card":"summary_large_image","twitter_misc":{"Est. reading time":"1 minute"},"schema":{"@context":"https:\/\/schema.org","@graph":[{"@type":"WebPage","@id":"https:\/\/www.ritzbrasil.com\/en\/produtos\/tools-for-lifting-loads-and-accessories\/cable-tensioner\/","url":"https:\/\/www.ritzbrasil.com\/en\/produtos\/tools-for-lifting-loads-and-accessories\/cable-tensioner\/","name":"Cable tensioner","isPartOf":{"@id":"https:\/\/www.ritzbrasil.com\/en\/#website"},"primaryImageOfPage":{"@id":"https:\/\/www.ritzbrasil.com\/en\/produtos\/tools-for-lifting-loads-and-accessories\/cable-tensioner\/#primaryimage"},"image":{"@id":"https:\/\/www.ritzbrasil.com\/en\/produtos\/tools-for-lifting-loads-and-accessories\/cable-tensioner\/#primaryimage"},"thumbnailUrl":"https:\/\/www.ritzbrasil.com\/wp-content\/uploads\/2024\/09\/51.e07.d20-ce-esticador-cabo.jpg","datePublished":"2024-09-24T10:28:58+00:00","dateModified":"2026-02-25T18:41:56+00:00","description":"Cable tensioner for pulling live conductors. Remote installation with insulating pole and lock to prevent accidental falls.","breadcrumb":{"@id":"https:\/\/www.ritzbrasil.com\/en\/produtos\/tools-for-lifting-loads-and-accessories\/cable-tensioner\/#breadcrumb"},"inLanguage":"en-US","potentialAction":[{"@type":"ReadAction","target":["https:\/\/www.ritzbrasil.com\/en\/produtos\/tools-for-lifting-loads-and-accessories\/cable-tensioner\/"]}]},{"@type":"ImageObject","inLanguage":"en-US","@id":"https:\/\/www.ritzbrasil.com\/en\/produtos\/tools-for-lifting-loads-and-accessories\/cable-tensioner\/#primaryimage","url":"https:\/\/www.ritzbrasil.com\/wp-content\/uploads\/2024\/09\/51.e07.d20-ce-esticador-cabo.jpg","contentUrl":"https:\/\/www.ritzbrasil.com\/wp-content\/uploads\/2024\/09\/51.e07.d20-ce-esticador-cabo.jpg","width":1200,"height":1200,"caption":"51.E07.D20-CE Cable tensioner"},{"@type":"BreadcrumbList","@id":"https:\/\/www.ritzbrasil.com\/en\/produtos\/tools-for-lifting-loads-and-accessories\/cable-tensioner\/#breadcrumb","itemListElement":[{"@type":"ListItem","position":1,"name":"In\u00edcio","item":"https:\/\/www.ritzbrasil.com\/en\/"},{"@type":"ListItem","position":2,"name":"Shop","item":"https:\/\/www.ritzbrasil.com\/en\/shop\/"},{"@type":"ListItem","position":3,"name":"Cable tensioner"}]},{"@type":"WebSite","@id":"https:\/\/www.ritzbrasil.com\/en\/#website","url":"https:\/\/www.ritzbrasil.com\/en\/","name":"Equipamentos de Manuten\u00e7\u00e3o e Seguran\u00e7a para o Setor El\u00e9trico - Ritz Brasil","description":"","potentialAction":[{"@type":"SearchAction","target":{"@type":"EntryPoint","urlTemplate":"https:\/\/www.ritzbrasil.com\/en\/?s={search_term_string}"},"query-input":{"@type":"PropertyValueSpecification","valueRequired":true,"valueName":"search_term_string"}}],"inLanguage":"en-US"}]}},"_links":{"self":[{"href":"https:\/\/www.ritzbrasil.com\/en\/wp-json\/wp\/v2\/product\/61210","targetHints":{"allow":["GET"]}}],"collection":[{"href":"https:\/\/www.ritzbrasil.com\/en\/wp-json\/wp\/v2\/product"}],"about":[{"href":"https:\/\/www.ritzbrasil.com\/en\/wp-json\/wp\/v2\/types\/product"}],"wp:featuredmedia":[{"embeddable":true,"href":"https:\/\/www.ritzbrasil.com\/en\/wp-json\/wp\/v2\/media\/58962"}],"wp:attachment":[{"href":"https:\/\/www.ritzbrasil.com\/en\/wp-json\/wp\/v2\/media?parent=61210"}],"wp:term":[{"taxonomy":"product_brand","embeddable":true,"href":"https:\/\/www.ritzbrasil.com\/en\/wp-json\/wp\/v2\/product_brand?post=61210"},{"taxonomy":"product_cat","embeddable":true,"href":"https:\/\/www.ritzbrasil.com\/en\/wp-json\/wp\/v2\/product_cat?post=61210"},{"taxonomy":"product_tag","embeddable":true,"href":"https:\/\/www.ritzbrasil.com\/en\/wp-json\/wp\/v2\/product_tag?post=61210"}],"curies":[{"name":"wp","href":"https:\/\/api.w.org\/{rel}","templated":true}]}}