{"id":61204,"date":"2024-09-25T07:17:08","date_gmt":"2024-09-25T10:17:08","guid":{"rendered":"https:\/\/www.ritzbrasil.com\/produtos\/uncategorized\/moita-collar\/"},"modified":"2026-02-25T15:41:06","modified_gmt":"2026-02-25T18:41:06","slug":"moita-collar","status":"publish","type":"product","link":"https:\/\/www.ritzbrasil.com\/en\/produtos\/traction-locomotion-and-support-tools\/moita-collar\/","title":{"rendered":"Moita collar"},"content":{"rendered":"<div class=\"wpb-content-wrapper\"><p>[vc_row][vc_column][vc_column_text css=&#8221;.vc_custom_1727259276983{margin-top: 20px !important;}&#8221;]<\/p>\n<h4><span style=\"color: #ff9900;\"><strong>Moita collar<\/strong><\/span><\/h4>\n<p>[\/vc_column_text][vc_column_text css=&#8221;.vc_custom_1727265096568{margin-top: -20px !important;}&#8221;]\n<div id=\"tablepress-Colarinho-Moitao-scroll-wrapper\" class=\"tablepress-scroll-wrapper\">\n<table id=\"tablepress-Colarinho-Moitao\" class=\"tablepress tablepress-id-Colarinho-Moitao tablepress-responsive\">\n<thead>\n<tr class=\"row-1\">\n\t<td class=\"column-1\"><\/td><th class=\"column-2\">  Refer\u00eancias<\/th><th class=\"column-3\">Caracter\u00edstica<\/th><td class=\"column-4\"><\/td><td class=\"column-5\"><\/td>\n<\/tr>\n<\/thead>\n<tbody class=\"row-striping row-hover\">\n<tr class=\"row-2\">\n\t<td class=\"column-1\"><img decoding=\"async\" src=\"https:\/\/www.ritzbrasil.com\/wp-content\/uploads\/2024\/09\/rm1729-colarinho-moitao-150x150-1.jpg\" \/><\/td><td class=\"column-2\">RM1729<\/td><td class=\"column-3\"><\/td><td class=\"column-4\">    <button class=\"add-to-budget\" data-table-id=\"Colarinho-Moitao\" data-reference=\"RM1729\" data-description=\"Colarinho para Moit\u00e3o\" style=\"color:#ff4d00;\">\n        <img decoding=\"async\" src=\"https:\/\/www.ritzbrasil.com\/\/wp-content\/uploads\/2024\/07\/orcar-compras-tabela-new-1.png\" alt=\"Request quote\" title=\"Request quote\" \/>\n    <\/button>\n    <\/td><td class=\"column-5\"><a href=\"https:\/\/lojasritz.com.br\/catalogsearch\/result\/?q=RM1729\" target=\"_blank\" rel=\"noopener\"><img decoding=\"async\" src=\"https:\/\/www.ritzbrasil.com\/wp-content\/uploads\/2024\/07\/carrinho-compras-tabela.png\"  \/><\/a><\/td>\n<\/tr>\n<tr class=\"row-3\">\n\t<td class=\"column-1\"><img decoding=\"async\" src=\"https:\/\/www.ritzbrasil.com\/wp-content\/uploads\/2024\/09\/rm1729-1-colarinho-moitao-150x150-1.jpg\" \/><\/td><td class=\"column-2\">RM1729-1<\/td><td class=\"column-3\"><\/td><td class=\"column-4\">    <button class=\"add-to-budget\" data-table-id=\"Colarinho-Moitao\" data-reference=\"RM1729-1\" data-description=\"Colarinho para Moit\u00e3o\" style=\"color:#ff4d00;\">\n        <img decoding=\"async\" src=\"https:\/\/www.ritzbrasil.com\/\/wp-content\/uploads\/2024\/07\/orcar-compras-tabela-new-1.png\" alt=\"Request quote\" title=\"Request quote\" \/>\n    <\/button>\n    <\/td><td class=\"column-5\"><a href=\"https:\/\/lojasritz.com.br\/catalogsearch\/result\/?q=RM1729-1\" target=\"_blank\" rel=\"noopener\"><img decoding=\"async\" src=\"https:\/\/www.ritzbrasil.com\/wp-content\/uploads\/2024\/07\/carrinho-compras-tabela.png\"  \/><\/a><\/td>\n<\/tr>\n<tr class=\"row-4\">\n\t<td class=\"column-1\"><img decoding=\"async\" src=\"https:\/\/www.ritzbrasil.com\/wp-content\/uploads\/2024\/09\/rm1729-2-colarinho-moitao-150x150-1.jpg\" \/><\/td><td class=\"column-2\">RM1729-2<\/td><td class=\"column-3\"><\/td><td class=\"column-4\">    <button class=\"add-to-budget\" data-table-id=\"Colarinho-Moitao\" data-reference=\"RM1729-2\" data-description=\"Colarinho para Moit\u00e3o\" style=\"color:#ff4d00;\">\n        <img decoding=\"async\" src=\"https:\/\/www.ritzbrasil.com\/\/wp-content\/uploads\/2024\/07\/orcar-compras-tabela-new-1.png\" alt=\"Request quote\" title=\"Request quote\" \/>\n    <\/button>\n    <\/td><td class=\"column-5\"><a href=\"https:\/\/lojasritz.com.br\/catalogsearch\/result\/?q=RM1729-2\" target=\"_blank\" rel=\"noopener\"><img decoding=\"async\" src=\"https:\/\/www.ritzbrasil.com\/wp-content\/uploads\/2024\/07\/carrinho-compras-tabela.png\"  \/><\/a><\/td>\n<\/tr>\n<tr class=\"row-5\">\n\t<td class=\"column-1\"><img decoding=\"async\" src=\"https:\/\/www.ritzbrasil.com\/wp-content\/uploads\/2024\/09\/rm1729-3-colarinho-moitao-150x150-1.jpg\" \/><\/td><td class=\"column-2\">RM1729-3<\/td><td class=\"column-3\"><\/td><td class=\"column-4\">    <button class=\"add-to-budget\" data-table-id=\"Colarinho-Moitao\" data-reference=\"RM1729-3\" data-description=\"Colarinho para Moit\u00e3o\" style=\"color:#ff4d00;\">\n        <img decoding=\"async\" src=\"https:\/\/www.ritzbrasil.com\/\/wp-content\/uploads\/2024\/07\/orcar-compras-tabela-new-1.png\" alt=\"Request quote\" title=\"Request quote\" \/>\n    <\/button>\n    <\/td><td class=\"column-5\"><a href=\"https:\/\/lojasritz.com.br\/catalogsearch\/result\/?q=RM1729-3\" target=\"_blank\" rel=\"noopener\"><img decoding=\"async\" src=\"https:\/\/www.ritzbrasil.com\/wp-content\/uploads\/2024\/07\/carrinho-compras-tabela.png\"  \/><\/a><\/td>\n<\/tr>\n<\/tbody>\n<\/table>\n<\/div>\n[\/vc_column_text][vc_separator border_width=&#8221;2&#8243; css=&#8221;&#8221;][\/vc_column][\/vc_row]<\/p>\n<\/div>","protected":false},"excerpt":{"rendered":"<h4><span style=\"color: #ff9900;\">Moita collar<\/span><\/h4>\n<p>They are installed on the stick to be used as a pulling point by the rider, allowing these sticks to be articulated when the rider moves away and then approaches.<\/p>\n<p>To ensure effective insulation between the bushing and energized conductors, the collar must be installed on the pole at a minimum distance according to its voltage class or further.<\/p>\n<p>This tool is made up of four different \u00d8, the ring in direct contact with the stick being made of aluminum alloy, which allows the stick to rotate freely once it has been fixed to it using two screws.<\/p>\n<p>The lifting eye is made of bronze alloy and has a joint to accompany the pulling tool in relation to the pole.<\/p>\n","protected":false},"featured_media":58988,"template":"","meta":[],"product_brand":[],"product_cat":[2101],"product_tag":[2588,2589,2590,2591],"class_list":{"0":"post-61204","1":"product","2":"type-product","3":"status-publish","4":"has-post-thumbnail","6":"product_cat-traction-locomotion-and-support-tools","7":"product_tag-rm1729-en","8":"product_tag-rm1729-1-en","9":"product_tag-rm1729-2-en","10":"product_tag-rm1729-3-en","11":"description-off","13":"first","14":"instock","15":"virtual","16":"product-type-simple"},"yoast_head":"<!-- This site is optimized with the Yoast SEO plugin v27.1.1 - https:\/\/yoast.com\/product\/yoast-seo-wordpress\/ -->\n<title>Millstone collar<\/title>\n<meta name=\"description\" content=\"Collar for the hook installed on the stick, used as a pulling point, allowing the driver to articulate and move.\" \/>\n<meta name=\"robots\" content=\"index, follow, max-snippet:-1, max-image-preview:large, max-video-preview:-1\" \/>\n<link rel=\"canonical\" href=\"https:\/\/www.ritzbrasil.com\/en\/produtos\/traction-locomotion-and-support-tools\/moita-collar\/\" \/>\n<meta property=\"og:locale\" content=\"en_US\" \/>\n<meta property=\"og:type\" content=\"article\" \/>\n<meta property=\"og:title\" content=\"Millstone collar\" \/>\n<meta property=\"og:description\" content=\"Collar for the hook installed on the stick, used as a pulling point, allowing the driver to articulate and move.\" \/>\n<meta property=\"og:url\" content=\"https:\/\/www.ritzbrasil.com\/en\/produtos\/traction-locomotion-and-support-tools\/moita-collar\/\" \/>\n<meta property=\"og:site_name\" content=\"Equipamentos de Manuten\u00e7\u00e3o e Seguran\u00e7a para o Setor El\u00e9trico - Ritz Brasil\" \/>\n<meta property=\"article:modified_time\" content=\"2026-02-25T18:41:06+00:00\" \/>\n<meta property=\"og:image\" content=\"https:\/\/www.ritzbrasil.com\/wp-content\/uploads\/2024\/09\/rm1729-colarinho-moitao.jpg\" \/>\n\t<meta property=\"og:image:width\" content=\"1200\" \/>\n\t<meta property=\"og:image:height\" content=\"1200\" \/>\n\t<meta property=\"og:image:type\" content=\"image\/jpeg\" \/>\n<meta name=\"twitter:card\" content=\"summary_large_image\" \/>\n<meta name=\"twitter:label1\" content=\"Est. reading time\" \/>\n\t<meta name=\"twitter:data1\" content=\"1 minute\" \/>\n<script type=\"application\/ld+json\" class=\"yoast-schema-graph\">{\"@context\":\"https:\/\/schema.org\",\"@graph\":[{\"@type\":\"WebPage\",\"@id\":\"https:\/\/www.ritzbrasil.com\/en\/produtos\/traction-locomotion-and-support-tools\/moita-collar\/\",\"url\":\"https:\/\/www.ritzbrasil.com\/en\/produtos\/traction-locomotion-and-support-tools\/moita-collar\/\",\"name\":\"Millstone collar\",\"isPartOf\":{\"@id\":\"https:\/\/www.ritzbrasil.com\/en\/#website\"},\"primaryImageOfPage\":{\"@id\":\"https:\/\/www.ritzbrasil.com\/en\/produtos\/traction-locomotion-and-support-tools\/moita-collar\/#primaryimage\"},\"image\":{\"@id\":\"https:\/\/www.ritzbrasil.com\/en\/produtos\/traction-locomotion-and-support-tools\/moita-collar\/#primaryimage\"},\"thumbnailUrl\":\"https:\/\/www.ritzbrasil.com\/wp-content\/uploads\/2024\/09\/rm1729-colarinho-moitao.jpg\",\"datePublished\":\"2024-09-25T10:17:08+00:00\",\"dateModified\":\"2026-02-25T18:41:06+00:00\",\"description\":\"Collar for the hook installed on the stick, used as a pulling point, allowing the driver to articulate and move.\",\"breadcrumb\":{\"@id\":\"https:\/\/www.ritzbrasil.com\/en\/produtos\/traction-locomotion-and-support-tools\/moita-collar\/#breadcrumb\"},\"inLanguage\":\"en-US\",\"potentialAction\":[{\"@type\":\"ReadAction\",\"target\":[\"https:\/\/www.ritzbrasil.com\/en\/produtos\/traction-locomotion-and-support-tools\/moita-collar\/\"]}]},{\"@type\":\"ImageObject\",\"inLanguage\":\"en-US\",\"@id\":\"https:\/\/www.ritzbrasil.com\/en\/produtos\/traction-locomotion-and-support-tools\/moita-collar\/#primaryimage\",\"url\":\"https:\/\/www.ritzbrasil.com\/wp-content\/uploads\/2024\/09\/rm1729-colarinho-moitao.jpg\",\"contentUrl\":\"https:\/\/www.ritzbrasil.com\/wp-content\/uploads\/2024\/09\/rm1729-colarinho-moitao.jpg\",\"width\":1200,\"height\":1200,\"caption\":\"RM1729 Millstone collar\"},{\"@type\":\"BreadcrumbList\",\"@id\":\"https:\/\/www.ritzbrasil.com\/en\/produtos\/traction-locomotion-and-support-tools\/moita-collar\/#breadcrumb\",\"itemListElement\":[{\"@type\":\"ListItem\",\"position\":1,\"name\":\"In\u00edcio\",\"item\":\"https:\/\/www.ritzbrasil.com\/en\/\"},{\"@type\":\"ListItem\",\"position\":2,\"name\":\"Shop\",\"item\":\"https:\/\/www.ritzbrasil.com\/en\/shop\/\"},{\"@type\":\"ListItem\",\"position\":3,\"name\":\"Moita collar\"}]},{\"@type\":\"WebSite\",\"@id\":\"https:\/\/www.ritzbrasil.com\/en\/#website\",\"url\":\"https:\/\/www.ritzbrasil.com\/en\/\",\"name\":\"Equipamentos de Manuten\u00e7\u00e3o e Seguran\u00e7a para o Setor El\u00e9trico - Ritz Brasil\",\"description\":\"\",\"potentialAction\":[{\"@type\":\"SearchAction\",\"target\":{\"@type\":\"EntryPoint\",\"urlTemplate\":\"https:\/\/www.ritzbrasil.com\/en\/?s={search_term_string}\"},\"query-input\":{\"@type\":\"PropertyValueSpecification\",\"valueRequired\":true,\"valueName\":\"search_term_string\"}}],\"inLanguage\":\"en-US\"}]}<\/script>\n<!-- \/ Yoast SEO plugin. -->","yoast_head_json":{"title":"Millstone collar","description":"Collar for the hook installed on the stick, used as a pulling point, allowing the driver to articulate and move.","robots":{"index":"index","follow":"follow","max-snippet":"max-snippet:-1","max-image-preview":"max-image-preview:large","max-video-preview":"max-video-preview:-1"},"canonical":"https:\/\/www.ritzbrasil.com\/en\/produtos\/traction-locomotion-and-support-tools\/moita-collar\/","og_locale":"en_US","og_type":"article","og_title":"Millstone collar","og_description":"Collar for the hook installed on the stick, used as a pulling point, allowing the driver to articulate and move.","og_url":"https:\/\/www.ritzbrasil.com\/en\/produtos\/traction-locomotion-and-support-tools\/moita-collar\/","og_site_name":"Equipamentos de Manuten\u00e7\u00e3o e Seguran\u00e7a para o Setor El\u00e9trico - Ritz Brasil","article_modified_time":"2026-02-25T18:41:06+00:00","og_image":[{"width":1200,"height":1200,"url":"https:\/\/www.ritzbrasil.com\/wp-content\/uploads\/2024\/09\/rm1729-colarinho-moitao.jpg","type":"image\/jpeg"}],"twitter_card":"summary_large_image","twitter_misc":{"Est. reading time":"1 minute"},"schema":{"@context":"https:\/\/schema.org","@graph":[{"@type":"WebPage","@id":"https:\/\/www.ritzbrasil.com\/en\/produtos\/traction-locomotion-and-support-tools\/moita-collar\/","url":"https:\/\/www.ritzbrasil.com\/en\/produtos\/traction-locomotion-and-support-tools\/moita-collar\/","name":"Millstone collar","isPartOf":{"@id":"https:\/\/www.ritzbrasil.com\/en\/#website"},"primaryImageOfPage":{"@id":"https:\/\/www.ritzbrasil.com\/en\/produtos\/traction-locomotion-and-support-tools\/moita-collar\/#primaryimage"},"image":{"@id":"https:\/\/www.ritzbrasil.com\/en\/produtos\/traction-locomotion-and-support-tools\/moita-collar\/#primaryimage"},"thumbnailUrl":"https:\/\/www.ritzbrasil.com\/wp-content\/uploads\/2024\/09\/rm1729-colarinho-moitao.jpg","datePublished":"2024-09-25T10:17:08+00:00","dateModified":"2026-02-25T18:41:06+00:00","description":"Collar for the hook installed on the stick, used as a pulling point, allowing the driver to articulate and move.","breadcrumb":{"@id":"https:\/\/www.ritzbrasil.com\/en\/produtos\/traction-locomotion-and-support-tools\/moita-collar\/#breadcrumb"},"inLanguage":"en-US","potentialAction":[{"@type":"ReadAction","target":["https:\/\/www.ritzbrasil.com\/en\/produtos\/traction-locomotion-and-support-tools\/moita-collar\/"]}]},{"@type":"ImageObject","inLanguage":"en-US","@id":"https:\/\/www.ritzbrasil.com\/en\/produtos\/traction-locomotion-and-support-tools\/moita-collar\/#primaryimage","url":"https:\/\/www.ritzbrasil.com\/wp-content\/uploads\/2024\/09\/rm1729-colarinho-moitao.jpg","contentUrl":"https:\/\/www.ritzbrasil.com\/wp-content\/uploads\/2024\/09\/rm1729-colarinho-moitao.jpg","width":1200,"height":1200,"caption":"RM1729 Millstone collar"},{"@type":"BreadcrumbList","@id":"https:\/\/www.ritzbrasil.com\/en\/produtos\/traction-locomotion-and-support-tools\/moita-collar\/#breadcrumb","itemListElement":[{"@type":"ListItem","position":1,"name":"In\u00edcio","item":"https:\/\/www.ritzbrasil.com\/en\/"},{"@type":"ListItem","position":2,"name":"Shop","item":"https:\/\/www.ritzbrasil.com\/en\/shop\/"},{"@type":"ListItem","position":3,"name":"Moita collar"}]},{"@type":"WebSite","@id":"https:\/\/www.ritzbrasil.com\/en\/#website","url":"https:\/\/www.ritzbrasil.com\/en\/","name":"Equipamentos de Manuten\u00e7\u00e3o e Seguran\u00e7a para o Setor El\u00e9trico - Ritz Brasil","description":"","potentialAction":[{"@type":"SearchAction","target":{"@type":"EntryPoint","urlTemplate":"https:\/\/www.ritzbrasil.com\/en\/?s={search_term_string}"},"query-input":{"@type":"PropertyValueSpecification","valueRequired":true,"valueName":"search_term_string"}}],"inLanguage":"en-US"}]}},"_links":{"self":[{"href":"https:\/\/www.ritzbrasil.com\/en\/wp-json\/wp\/v2\/product\/61204","targetHints":{"allow":["GET"]}}],"collection":[{"href":"https:\/\/www.ritzbrasil.com\/en\/wp-json\/wp\/v2\/product"}],"about":[{"href":"https:\/\/www.ritzbrasil.com\/en\/wp-json\/wp\/v2\/types\/product"}],"wp:featuredmedia":[{"embeddable":true,"href":"https:\/\/www.ritzbrasil.com\/en\/wp-json\/wp\/v2\/media\/58988"}],"wp:attachment":[{"href":"https:\/\/www.ritzbrasil.com\/en\/wp-json\/wp\/v2\/media?parent=61204"}],"wp:term":[{"taxonomy":"product_brand","embeddable":true,"href":"https:\/\/www.ritzbrasil.com\/en\/wp-json\/wp\/v2\/product_brand?post=61204"},{"taxonomy":"product_cat","embeddable":true,"href":"https:\/\/www.ritzbrasil.com\/en\/wp-json\/wp\/v2\/product_cat?post=61204"},{"taxonomy":"product_tag","embeddable":true,"href":"https:\/\/www.ritzbrasil.com\/en\/wp-json\/wp\/v2\/product_tag?post=61204"}],"curies":[{"name":"wp","href":"https:\/\/api.w.org\/{rel}","templated":true}]}}