{"id":61189,"date":"2024-10-08T17:00:05","date_gmt":"2024-10-08T20:00:05","guid":{"rendered":"https:\/\/www.ritzbrasil.com\/produtos\/uncategorized\/auxiliary-cross-support-for-aerial-baskets\/"},"modified":"2026-02-25T15:38:59","modified_gmt":"2026-02-25T18:38:59","slug":"auxiliary-cross-support-for-aerial-baskets","status":"publish","type":"product","link":"https:\/\/www.ritzbrasil.com\/en\/produtos\/traction-locomotion-and-support-tools\/auxiliary-cross-support-for-aerial-baskets\/","title":{"rendered":"Auxiliary cross support for aerial baskets"},"content":{"rendered":"<div class=\"wpb-content-wrapper\"><p>[vc_row][vc_column][vc_column_text css=&#8221;.vc_custom_1738094146344{margin-top: 20px !important;}&#8221;]<\/p>\n<h4><span style=\"color: #ff9900;\"><strong>Auxiliary cross support for aerial baskets<\/strong><\/span><\/h4>\n<p>[\/vc_column_text][vc_column_text css=&#8221;.vc_custom_1728416817810{margin-top: -20px !important;}&#8221;]\n<div id=\"tablepress-FLV30045-1-Suporte-Cruzeta-Auxiliar-Cesto-Aereo-scroll-wrapper\" class=\"tablepress-scroll-wrapper\">\n<table id=\"tablepress-FLV30045-1-Suporte-Cruzeta-Auxiliar-Cesto-Aereo\" class=\"tablepress tablepress-id-FLV30045-1-Suporte-Cruzeta-Auxiliar-Cesto-Aereo tablepress-responsive\">\n<thead>\n<tr class=\"row-1\">\n\t<td class=\"column-1\"><\/td><th class=\"column-2\">  Refer\u00eancias<\/th><th class=\"column-3\">Caracter\u00edstica<\/th><td class=\"column-4\"><\/td><td class=\"column-5\"><\/td>\n<\/tr>\n<\/thead>\n<tbody class=\"row-striping row-hover\">\n<tr class=\"row-2\">\n\t<td class=\"column-1\"><img decoding=\"async\" src=\"https:\/\/www.ritzbrasil.com\/wp-content\/uploads\/2024\/10\/flv30045-1-suporte-cruzeta-auxiliar-cesto-aereo-150x150-1.jpg\" \/><\/td><td class=\"column-2\">FLV30045-1<\/td><td class=\"column-3\"><\/td><td class=\"column-4\">    <button class=\"add-to-budget\" data-table-id=\"FLV30045-1-Suporte-Cruzeta-Auxiliar-Cesto-Aereo\" data-reference=\"FLV30045-1\" data-description=\"Suporte para Cruzeta Auxiliar para Cesto A\u00e9reo\" style=\"color:#ff4d00;\">\n        <img decoding=\"async\" src=\"https:\/\/www.ritzbrasil.com\/\/wp-content\/uploads\/2024\/07\/orcar-compras-tabela-new-1.png\" alt=\"Request quote\" title=\"Request quote\" \/>\n    <\/button>\n    <\/td><td class=\"column-5\"><a href=\"https:\/\/lojasritz.com.br\/catalogsearch\/result\/?q=FLV30045-1\" target=\"_blank\" rel=\"noopener\"><img decoding=\"async\" src=\"https:\/\/www.ritzbrasil.com\/wp-content\/uploads\/2024\/07\/carrinho-compras-tabela.png\"  \/><\/a><\/td>\n<\/tr>\n<\/tbody>\n<\/table>\n<\/div>\n[\/vc_column_text][vc_column_text css=&#8221;.vc_custom_1738094116465{margin-top: -20px !important;}&#8221;]<em>* The capacity of the air basket should be taken into account, and if it is less than this, it should be restricted.<\/em>[\/vc_column_text][vc_separator border_width=&#8221;2&#8243; css=&#8221;&#8221;][\/vc_column][\/vc_row]<\/p>\n<\/div>","protected":false},"excerpt":{"rendered":"<h4><span style=\"color: #ff9900;\">Auxiliary cross support for aerial baskets<\/span><\/h4>\n<p>Allows quick and safe operation, with the aid of an aerial basket, to replace crossarms, insulators or poles in short spans of energized aerial networks up to 34.5kV.<\/p>\n<p>It has collars for adapting and adjusting auxiliary crossheads for \u00d8 64mm tubes. It is also adaptable to various square or rectangular sections of aerial baskets.<\/p>\n<p>Installation and removal is simple and the tool can be easily stored and transported as it is a compact and lightweight solution for the type of operation it is intended for.<\/p>\n","protected":false},"featured_media":59264,"template":"","meta":[],"product_brand":[],"product_cat":[2101],"product_tag":[2508],"class_list":{"0":"post-61189","1":"product","2":"type-product","3":"status-publish","4":"has-post-thumbnail","6":"product_cat-traction-locomotion-and-support-tools","7":"product_tag-flv30045-1-en","8":"description-off","10":"first","11":"instock","12":"virtual","13":"product-type-simple"},"yoast_head":"<!-- This site is optimized with the Yoast SEO plugin v27.1.1 - https:\/\/yoast.com\/product\/yoast-seo-wordpress\/ -->\n<title>Auxiliary cross support for aerial baskets<\/title>\n<meta name=\"description\" content=\"Auxiliary crosshead support for aerial baskets, ideal for quick and safe replacement of crossheads, insulators or poles in energized networks up to 34.5 kV.\" \/>\n<meta name=\"robots\" content=\"index, follow, max-snippet:-1, max-image-preview:large, max-video-preview:-1\" \/>\n<link rel=\"canonical\" href=\"https:\/\/www.ritzbrasil.com\/en\/produtos\/traction-locomotion-and-support-tools\/auxiliary-cross-support-for-aerial-baskets\/\" \/>\n<meta property=\"og:locale\" content=\"en_US\" \/>\n<meta property=\"og:type\" content=\"article\" \/>\n<meta property=\"og:title\" content=\"Auxiliary cross support for aerial baskets\" \/>\n<meta property=\"og:description\" content=\"Auxiliary crosshead support for aerial baskets, ideal for quick and safe replacement of crossheads, insulators or poles in energized networks up to 34.5 kV.\" \/>\n<meta property=\"og:url\" content=\"https:\/\/www.ritzbrasil.com\/en\/produtos\/traction-locomotion-and-support-tools\/auxiliary-cross-support-for-aerial-baskets\/\" \/>\n<meta property=\"og:site_name\" content=\"Equipamentos de Manuten\u00e7\u00e3o e Seguran\u00e7a para o Setor El\u00e9trico - Ritz Brasil\" \/>\n<meta property=\"article:modified_time\" content=\"2026-02-25T18:38:59+00:00\" \/>\n<meta property=\"og:image\" content=\"https:\/\/www.ritzbrasil.com\/wp-content\/uploads\/2024\/10\/flv30045-1-suporte-cruzeta-auxiliar-cesto-aereo.jpg\" \/>\n\t<meta property=\"og:image:width\" content=\"1200\" \/>\n\t<meta property=\"og:image:height\" content=\"1200\" \/>\n\t<meta property=\"og:image:type\" content=\"image\/jpeg\" \/>\n<meta name=\"twitter:card\" content=\"summary_large_image\" \/>\n<meta name=\"twitter:label1\" content=\"Est. reading time\" \/>\n\t<meta name=\"twitter:data1\" content=\"1 minute\" \/>\n<script type=\"application\/ld+json\" class=\"yoast-schema-graph\">{\"@context\":\"https:\/\/schema.org\",\"@graph\":[{\"@type\":\"WebPage\",\"@id\":\"https:\/\/www.ritzbrasil.com\/en\/produtos\/traction-locomotion-and-support-tools\/auxiliary-cross-support-for-aerial-baskets\/\",\"url\":\"https:\/\/www.ritzbrasil.com\/en\/produtos\/traction-locomotion-and-support-tools\/auxiliary-cross-support-for-aerial-baskets\/\",\"name\":\"Auxiliary cross support for aerial baskets\",\"isPartOf\":{\"@id\":\"https:\/\/www.ritzbrasil.com\/en\/#website\"},\"primaryImageOfPage\":{\"@id\":\"https:\/\/www.ritzbrasil.com\/en\/produtos\/traction-locomotion-and-support-tools\/auxiliary-cross-support-for-aerial-baskets\/#primaryimage\"},\"image\":{\"@id\":\"https:\/\/www.ritzbrasil.com\/en\/produtos\/traction-locomotion-and-support-tools\/auxiliary-cross-support-for-aerial-baskets\/#primaryimage\"},\"thumbnailUrl\":\"https:\/\/www.ritzbrasil.com\/wp-content\/uploads\/2024\/10\/flv30045-1-suporte-cruzeta-auxiliar-cesto-aereo.jpg\",\"datePublished\":\"2024-10-08T20:00:05+00:00\",\"dateModified\":\"2026-02-25T18:38:59+00:00\",\"description\":\"Auxiliary crosshead support for aerial baskets, ideal for quick and safe replacement of crossheads, insulators or poles in energized networks up to 34.5 kV.\",\"breadcrumb\":{\"@id\":\"https:\/\/www.ritzbrasil.com\/en\/produtos\/traction-locomotion-and-support-tools\/auxiliary-cross-support-for-aerial-baskets\/#breadcrumb\"},\"inLanguage\":\"en-US\",\"potentialAction\":[{\"@type\":\"ReadAction\",\"target\":[\"https:\/\/www.ritzbrasil.com\/en\/produtos\/traction-locomotion-and-support-tools\/auxiliary-cross-support-for-aerial-baskets\/\"]}]},{\"@type\":\"ImageObject\",\"inLanguage\":\"en-US\",\"@id\":\"https:\/\/www.ritzbrasil.com\/en\/produtos\/traction-locomotion-and-support-tools\/auxiliary-cross-support-for-aerial-baskets\/#primaryimage\",\"url\":\"https:\/\/www.ritzbrasil.com\/wp-content\/uploads\/2024\/10\/flv30045-1-suporte-cruzeta-auxiliar-cesto-aereo.jpg\",\"contentUrl\":\"https:\/\/www.ritzbrasil.com\/wp-content\/uploads\/2024\/10\/flv30045-1-suporte-cruzeta-auxiliar-cesto-aereo.jpg\",\"width\":1200,\"height\":1200,\"caption\":\"FLV30045-1 Support for Auxiliary Crosshead for Aerial Basket\"},{\"@type\":\"BreadcrumbList\",\"@id\":\"https:\/\/www.ritzbrasil.com\/en\/produtos\/traction-locomotion-and-support-tools\/auxiliary-cross-support-for-aerial-baskets\/#breadcrumb\",\"itemListElement\":[{\"@type\":\"ListItem\",\"position\":1,\"name\":\"In\u00edcio\",\"item\":\"https:\/\/www.ritzbrasil.com\/en\/\"},{\"@type\":\"ListItem\",\"position\":2,\"name\":\"Shop\",\"item\":\"https:\/\/www.ritzbrasil.com\/en\/shop\/\"},{\"@type\":\"ListItem\",\"position\":3,\"name\":\"Auxiliary cross support for aerial baskets\"}]},{\"@type\":\"WebSite\",\"@id\":\"https:\/\/www.ritzbrasil.com\/en\/#website\",\"url\":\"https:\/\/www.ritzbrasil.com\/en\/\",\"name\":\"Equipamentos de Manuten\u00e7\u00e3o e Seguran\u00e7a para o Setor El\u00e9trico - Ritz Brasil\",\"description\":\"\",\"potentialAction\":[{\"@type\":\"SearchAction\",\"target\":{\"@type\":\"EntryPoint\",\"urlTemplate\":\"https:\/\/www.ritzbrasil.com\/en\/?s={search_term_string}\"},\"query-input\":{\"@type\":\"PropertyValueSpecification\",\"valueRequired\":true,\"valueName\":\"search_term_string\"}}],\"inLanguage\":\"en-US\"}]}<\/script>\n<!-- \/ Yoast SEO plugin. -->","yoast_head_json":{"title":"Auxiliary cross support for aerial baskets","description":"Auxiliary crosshead support for aerial baskets, ideal for quick and safe replacement of crossheads, insulators or poles in energized networks up to 34.5 kV.","robots":{"index":"index","follow":"follow","max-snippet":"max-snippet:-1","max-image-preview":"max-image-preview:large","max-video-preview":"max-video-preview:-1"},"canonical":"https:\/\/www.ritzbrasil.com\/en\/produtos\/traction-locomotion-and-support-tools\/auxiliary-cross-support-for-aerial-baskets\/","og_locale":"en_US","og_type":"article","og_title":"Auxiliary cross support for aerial baskets","og_description":"Auxiliary crosshead support for aerial baskets, ideal for quick and safe replacement of crossheads, insulators or poles in energized networks up to 34.5 kV.","og_url":"https:\/\/www.ritzbrasil.com\/en\/produtos\/traction-locomotion-and-support-tools\/auxiliary-cross-support-for-aerial-baskets\/","og_site_name":"Equipamentos de Manuten\u00e7\u00e3o e Seguran\u00e7a para o Setor El\u00e9trico - Ritz Brasil","article_modified_time":"2026-02-25T18:38:59+00:00","og_image":[{"width":1200,"height":1200,"url":"https:\/\/www.ritzbrasil.com\/wp-content\/uploads\/2024\/10\/flv30045-1-suporte-cruzeta-auxiliar-cesto-aereo.jpg","type":"image\/jpeg"}],"twitter_card":"summary_large_image","twitter_misc":{"Est. reading time":"1 minute"},"schema":{"@context":"https:\/\/schema.org","@graph":[{"@type":"WebPage","@id":"https:\/\/www.ritzbrasil.com\/en\/produtos\/traction-locomotion-and-support-tools\/auxiliary-cross-support-for-aerial-baskets\/","url":"https:\/\/www.ritzbrasil.com\/en\/produtos\/traction-locomotion-and-support-tools\/auxiliary-cross-support-for-aerial-baskets\/","name":"Auxiliary cross support for aerial baskets","isPartOf":{"@id":"https:\/\/www.ritzbrasil.com\/en\/#website"},"primaryImageOfPage":{"@id":"https:\/\/www.ritzbrasil.com\/en\/produtos\/traction-locomotion-and-support-tools\/auxiliary-cross-support-for-aerial-baskets\/#primaryimage"},"image":{"@id":"https:\/\/www.ritzbrasil.com\/en\/produtos\/traction-locomotion-and-support-tools\/auxiliary-cross-support-for-aerial-baskets\/#primaryimage"},"thumbnailUrl":"https:\/\/www.ritzbrasil.com\/wp-content\/uploads\/2024\/10\/flv30045-1-suporte-cruzeta-auxiliar-cesto-aereo.jpg","datePublished":"2024-10-08T20:00:05+00:00","dateModified":"2026-02-25T18:38:59+00:00","description":"Auxiliary crosshead support for aerial baskets, ideal for quick and safe replacement of crossheads, insulators or poles in energized networks up to 34.5 kV.","breadcrumb":{"@id":"https:\/\/www.ritzbrasil.com\/en\/produtos\/traction-locomotion-and-support-tools\/auxiliary-cross-support-for-aerial-baskets\/#breadcrumb"},"inLanguage":"en-US","potentialAction":[{"@type":"ReadAction","target":["https:\/\/www.ritzbrasil.com\/en\/produtos\/traction-locomotion-and-support-tools\/auxiliary-cross-support-for-aerial-baskets\/"]}]},{"@type":"ImageObject","inLanguage":"en-US","@id":"https:\/\/www.ritzbrasil.com\/en\/produtos\/traction-locomotion-and-support-tools\/auxiliary-cross-support-for-aerial-baskets\/#primaryimage","url":"https:\/\/www.ritzbrasil.com\/wp-content\/uploads\/2024\/10\/flv30045-1-suporte-cruzeta-auxiliar-cesto-aereo.jpg","contentUrl":"https:\/\/www.ritzbrasil.com\/wp-content\/uploads\/2024\/10\/flv30045-1-suporte-cruzeta-auxiliar-cesto-aereo.jpg","width":1200,"height":1200,"caption":"FLV30045-1 Support for Auxiliary Crosshead for Aerial Basket"},{"@type":"BreadcrumbList","@id":"https:\/\/www.ritzbrasil.com\/en\/produtos\/traction-locomotion-and-support-tools\/auxiliary-cross-support-for-aerial-baskets\/#breadcrumb","itemListElement":[{"@type":"ListItem","position":1,"name":"In\u00edcio","item":"https:\/\/www.ritzbrasil.com\/en\/"},{"@type":"ListItem","position":2,"name":"Shop","item":"https:\/\/www.ritzbrasil.com\/en\/shop\/"},{"@type":"ListItem","position":3,"name":"Auxiliary cross support for aerial baskets"}]},{"@type":"WebSite","@id":"https:\/\/www.ritzbrasil.com\/en\/#website","url":"https:\/\/www.ritzbrasil.com\/en\/","name":"Equipamentos de Manuten\u00e7\u00e3o e Seguran\u00e7a para o Setor El\u00e9trico - Ritz Brasil","description":"","potentialAction":[{"@type":"SearchAction","target":{"@type":"EntryPoint","urlTemplate":"https:\/\/www.ritzbrasil.com\/en\/?s={search_term_string}"},"query-input":{"@type":"PropertyValueSpecification","valueRequired":true,"valueName":"search_term_string"}}],"inLanguage":"en-US"}]}},"_links":{"self":[{"href":"https:\/\/www.ritzbrasil.com\/en\/wp-json\/wp\/v2\/product\/61189","targetHints":{"allow":["GET"]}}],"collection":[{"href":"https:\/\/www.ritzbrasil.com\/en\/wp-json\/wp\/v2\/product"}],"about":[{"href":"https:\/\/www.ritzbrasil.com\/en\/wp-json\/wp\/v2\/types\/product"}],"wp:featuredmedia":[{"embeddable":true,"href":"https:\/\/www.ritzbrasil.com\/en\/wp-json\/wp\/v2\/media\/59264"}],"wp:attachment":[{"href":"https:\/\/www.ritzbrasil.com\/en\/wp-json\/wp\/v2\/media?parent=61189"}],"wp:term":[{"taxonomy":"product_brand","embeddable":true,"href":"https:\/\/www.ritzbrasil.com\/en\/wp-json\/wp\/v2\/product_brand?post=61189"},{"taxonomy":"product_cat","embeddable":true,"href":"https:\/\/www.ritzbrasil.com\/en\/wp-json\/wp\/v2\/product_cat?post=61189"},{"taxonomy":"product_tag","embeddable":true,"href":"https:\/\/www.ritzbrasil.com\/en\/wp-json\/wp\/v2\/product_tag?post=61189"}],"curies":[{"name":"wp","href":"https:\/\/api.w.org\/{rel}","templated":true}]}}