{"id":61185,"date":"2024-10-08T11:18:43","date_gmt":"2024-10-08T14:18:43","guid":{"rendered":"https:\/\/www.ritzbrasil.com\/produtos\/uncategorized\/auxiliary-crosshead\/"},"modified":"2026-02-25T15:39:26","modified_gmt":"2026-02-25T18:39:26","slug":"auxiliary-crosshead","status":"publish","type":"product","link":"https:\/\/www.ritzbrasil.com\/en\/produtos\/traction-locomotion-and-support-tools\/auxiliary-crosshead\/","title":{"rendered":"Auxiliary crosshead"},"content":{"rendered":"<div class=\"wpb-content-wrapper\"><p>[vc_row][vc_column][vc_column_text css=&#8221;.vc_custom_1728397884776{margin-top: 20px !important;}&#8221;]<\/p>\n<h4><span style=\"color: #ff9900;\"><strong>RH4862-6 &#8211; Auxiliary crosshead<\/strong><\/span><\/h4>\n<p>[\/vc_column_text][vc_column_text css=&#8221;.vc_custom_1728476411955{margin-top: -20px !important;}&#8221;]\n<div id=\"tablepress-RH4862-6-Cruzeta-Auxiliar-scroll-wrapper\" class=\"tablepress-scroll-wrapper\">\n<table id=\"tablepress-RH4862-6-Cruzeta-Auxiliar\" class=\"tablepress tablepress-id-RH4862-6-Cruzeta-Auxiliar tablepress-responsive\">\n<thead>\n<tr class=\"row-1\">\n\t<td class=\"column-1\"><\/td><th class=\"column-2\">  Refer\u00eancias<\/th><th class=\"column-3\">Caracter\u00edstica<\/th><td class=\"column-4\"><\/td><td class=\"column-5\"><\/td>\n<\/tr>\n<\/thead>\n<tbody class=\"row-striping row-hover\">\n<tr class=\"row-2\">\n\t<td class=\"column-1\"><img decoding=\"async\" src=\"https:\/\/www.ritzbrasil.com\/wp-content\/uploads\/2024\/10\/rh4862-6-cruzeta-auxiliar-150x150-1.jpg\" \/><\/td><td class=\"column-2\">RH4862-6<\/td><td class=\"column-3\"><\/td><td class=\"column-4\">    <button class=\"add-to-budget\" data-table-id=\"RH4862-6-Cruzeta-Auxiliar\" data-reference=\"RH4862-6\" data-description=\"Cruzeta Auxiliar\" style=\"color:#ff4d00;\">\n        <img decoding=\"async\" src=\"https:\/\/www.ritzbrasil.com\/\/wp-content\/uploads\/2024\/07\/orcar-compras-tabela-new-1.png\" alt=\"Request quote\" title=\"Request quote\" \/>\n    <\/button>\n    <\/td><td class=\"column-5\"><a href=\"https:\/\/lojasritz.com.br\/catalogsearch\/result\/?q=RH4862-6\" target=\"_blank\" rel=\"noopener\"><img decoding=\"async\" src=\"https:\/\/www.ritzbrasil.com\/wp-content\/uploads\/2024\/07\/carrinho-compras-tabela.png\"  \/><\/a><\/td>\n<\/tr>\n<\/tbody>\n<\/table>\n<\/div>\n[\/vc_column_text][vc_column_text css=&#8221;.vc_custom_1728398130038{margin-top: -20px !important;}&#8221;]Set comprising: 01 pc FLV21310-1 Cross pole \u00d8 64 mm x 1.78 m insulating length; 01 pc FLV17928-1 Mast pole \u00d8 64 mm x 1.35 m insulating length; 01 pc FLV05613-1 Eye head for connecting the mast pole to the cross pole; 04 pc RM4805-16 Suspension clip without insulator.[\/vc_column_text][vc_separator border_width=&#8221;2&#8243; css=&#8221;&#8221;][\/vc_column][\/vc_row][vc_row][vc_column][vc_column_text css=&#8221;.vc_custom_1728412430419{margin-top: 20px !important;}&#8221;]<\/p>\n<h4><span style=\"color: #ff9900;\"><strong>RH4862-8 &#8211; Auxiliary crosshead<\/strong><\/span><\/h4>\n<p>[\/vc_column_text][vc_column_text css=&#8221;.vc_custom_1728412443046{margin-top: -20px !important;}&#8221;]\n<div id=\"tablepress-RH4862-8-Cruzeta-Auxiliar-scroll-wrapper\" class=\"tablepress-scroll-wrapper\">\n<table id=\"tablepress-RH4862-8-Cruzeta-Auxiliar\" class=\"tablepress tablepress-id-RH4862-8-Cruzeta-Auxiliar tablepress-responsive\">\n<thead>\n<tr class=\"row-1\">\n\t<td class=\"column-1\"><\/td><th class=\"column-2\">  Refer\u00eancias<\/th><th class=\"column-3\">Caracter\u00edstica<\/th><td class=\"column-4\"><\/td><td class=\"column-5\"><\/td>\n<\/tr>\n<\/thead>\n<tbody class=\"row-striping row-hover\">\n<tr class=\"row-2\">\n\t<td class=\"column-1\"><img decoding=\"async\" src=\"https:\/\/www.ritzbrasil.com\/wp-content\/uploads\/2024\/10\/rh4862-8-cruzeta-auxiliar-150x150-1.jpg\" \/><\/td><td class=\"column-2\">RH4862-8<\/td><td class=\"column-3\"><\/td><td class=\"column-4\">    <button class=\"add-to-budget\" data-table-id=\"RH4862-8-Cruzeta-Auxiliar\" data-reference=\"RH4862-8\" data-description=\"Cruzeta Auxiliar\" style=\"color:#ff4d00;\">\n        <img decoding=\"async\" src=\"https:\/\/www.ritzbrasil.com\/\/wp-content\/uploads\/2024\/07\/orcar-compras-tabela-new-1.png\" alt=\"Request quote\" title=\"Request quote\" \/>\n    <\/button>\n    <\/td><td class=\"column-5\"><a href=\"https:\/\/lojasritz.com.br\/catalogsearch\/result\/?q=RH4862-8\" target=\"_blank\" rel=\"noopener\"><img decoding=\"async\" src=\"https:\/\/www.ritzbrasil.com\/wp-content\/uploads\/2024\/07\/carrinho-compras-tabela.png\"  \/><\/a><\/td>\n<\/tr>\n<\/tbody>\n<\/table>\n<\/div>\n[\/vc_column_text][vc_column_text css=&#8221;.vc_custom_1728412920043{margin-top: -20px !important;}&#8221;]Set comprising: 01 pc FLV21310-2 Cross pole \u00d8 64 mm x 2.39 m insulating length; 01 pc FLV17928-1 Mast pole \u00d8 64 mm x 1.35 m insulating length; 01 pc FLV05613-1 Eye head for connecting the mast pole to the cross pole; 04 pc RM4805-16 Suspension clip without insulator.[\/vc_column_text][vc_separator border_width=&#8221;2&#8243; css=&#8221;&#8221;][\/vc_column][\/vc_row][vc_row][vc_column][vc_column_text css=&#8221;.vc_custom_1728412682563{margin-top: 20px !important;}&#8221;]<\/p>\n<h4><span style=\"color: #ff9900;\"><strong>RH4862-51 &#8211; Mast pole<\/strong><\/span><\/h4>\n<p>[\/vc_column_text][vc_column_text css=&#8221;.vc_custom_1728412708782{margin-top: -20px !important;}&#8221;]\n<div id=\"tablepress-RH4862-51-Bastao-Mastro-scroll-wrapper\" class=\"tablepress-scroll-wrapper\">\n<table id=\"tablepress-RH4862-51-Bastao-Mastro\" class=\"tablepress tablepress-id-RH4862-51-Bastao-Mastro tablepress-responsive\">\n<thead>\n<tr class=\"row-1\">\n\t<td class=\"column-1\"><\/td><th class=\"column-2\">  Refer\u00eancias<\/th><th class=\"column-3\">Caracter\u00edstica<\/th><td class=\"column-4\"><\/td><td class=\"column-5\"><\/td>\n<\/tr>\n<\/thead>\n<tbody class=\"row-striping row-hover\">\n<tr class=\"row-2\">\n\t<td class=\"column-1\"><img decoding=\"async\" src=\"https:\/\/www.ritzbrasil.com\/wp-content\/uploads\/2024\/10\/rh4862-51-bastao-mastro-150x150-1.jpg\" \/><\/td><td class=\"column-2\">RH4862-51<\/td><td class=\"column-3\"><\/td><td class=\"column-4\">    <button class=\"add-to-budget\" data-table-id=\"RH4862-51-Bastao-Mastro\" data-reference=\"RH4862-51\" data-description=\"Cruzeta Auxiliar\" style=\"color:#ff4d00;\">\n        <img decoding=\"async\" src=\"https:\/\/www.ritzbrasil.com\/\/wp-content\/uploads\/2024\/07\/orcar-compras-tabela-new-1.png\" alt=\"Request quote\" title=\"Request quote\" \/>\n    <\/button>\n    <\/td><td class=\"column-5\"><a href=\"https:\/\/lojasritz.com.br\/catalogsearch\/result\/?q=RH4862-51\" target=\"_blank\" rel=\"noopener\"><img decoding=\"async\" src=\"https:\/\/www.ritzbrasil.com\/wp-content\/uploads\/2024\/07\/carrinho-compras-tabela.png\"  \/><\/a><\/td>\n<\/tr>\n<\/tbody>\n<\/table>\n<\/div>\n[\/vc_column_text][vc_column_text css=&#8221;.vc_custom_1728412877365{margin-top: -20px !important;}&#8221;]Set comprising: 01 pc FLV17928-2 Mast pole \u00d8 64 mm x 2.83 m insulated length; 02 pc FLV03457-13 Bracket \u00d8 38 mm x 2.03 m insulated length; 02 pc RM4741-3 Collar \u00d8 64 mm; 01 pc RM1728-5 Strap \u00d8 64 mm for French hand; 01 pc FLV05613-1 Eye head for connecting the mast pole to the cross pole. [\/vc_column_text][vc_separator border_width=&#8221;2&#8243; css=&#8221;&#8221;][\/vc_column][\/vc_row][vc_row][vc_column][vc_column_text css=&#8221;.vc_custom_1728476463593{margin-top: 20px !important;}&#8221;]<\/p>\n<h4><span style=\"color: #ff9900;\"><strong>RH4863-10<\/strong><\/span><\/h4>\n<p>[\/vc_column_text][vc_column_text css=&#8221;.vc_custom_1728476479406{margin-top: -20px !important;}&#8221;]\n<div id=\"tablepress-RH4863-10-scroll-wrapper\" class=\"tablepress-scroll-wrapper\">\n<table id=\"tablepress-RH4863-10\" class=\"tablepress tablepress-id-RH4863-10 tablepress-responsive\">\n<thead>\n<tr class=\"row-1\">\n\t<td class=\"column-1\"><\/td><th class=\"column-2\">  Refer\u00eancias<\/th><th class=\"column-3\">Caracter\u00edstica<\/th><td class=\"column-4\"><\/td><td class=\"column-5\"><\/td>\n<\/tr>\n<\/thead>\n<tbody class=\"row-striping row-hover\">\n<tr class=\"row-2\">\n\t<td class=\"column-1\"><img decoding=\"async\" src=\"https:\/\/www.ritzbrasil.com\/wp-content\/uploads\/2024\/10\/rh4863-10-cruzeta-auxiliar-150x150-1.jpg\" \/><\/td><td class=\"column-2\">RH4863-10<\/td><td class=\"column-3\"><\/td><td class=\"column-4\">    <button class=\"add-to-budget\" data-table-id=\"RH4863-10\" data-reference=\"RH4863-10\" data-description=\"Cruzeta Auxiliar\" style=\"color:#ff4d00;\">\n        <img decoding=\"async\" src=\"https:\/\/www.ritzbrasil.com\/\/wp-content\/uploads\/2024\/07\/orcar-compras-tabela-new-1.png\" alt=\"Request quote\" title=\"Request quote\" \/>\n    <\/button>\n    <\/td><td class=\"column-5\"><a href=\"https:\/\/lojasritz.com.br\/catalogsearch\/result\/?q=RH4863-10\" target=\"_blank\" rel=\"noopener\"><img decoding=\"async\" src=\"https:\/\/www.ritzbrasil.com\/wp-content\/uploads\/2024\/07\/carrinho-compras-tabela.png\"  \/><\/a><\/td>\n<\/tr>\n<\/tbody>\n<\/table>\n<\/div>\n[\/vc_column_text][vc_separator border_width=&#8221;2&#8243; css=&#8221;&#8221;][\/vc_column][\/vc_row][vc_row][vc_column][vc_column_text css=&#8221;.vc_custom_1728413324702{margin-top: 20px !important;}&#8221;]<\/p>\n<h4><span style=\"color: #ff9900;\"><strong>Accessories<\/strong><\/span><\/h4>\n<p>[\/vc_column_text][vc_column_text css=&#8221;.vc_custom_1728413363548{margin-top: -20px !important;}&#8221;]\n<div id=\"tablepress-Acessorios-cruzeta-auxiliar-scroll-wrapper\" class=\"tablepress-scroll-wrapper\">\n<table id=\"tablepress-Acessorios-cruzeta-auxiliar\" class=\"tablepress tablepress-id-Acessorios-cruzeta-auxiliar tablepress-responsive\">\n<thead>\n<tr class=\"row-1\">\n\t<td class=\"column-1\"><\/td><th class=\"column-2\">  Refer\u00eancias<\/th><th class=\"column-3\">Caracter\u00edstica<\/th><td class=\"column-4\"><\/td><td class=\"column-5\"><\/td>\n<\/tr>\n<\/thead>\n<tbody class=\"row-striping row-hover\">\n<tr class=\"row-2\">\n\t<td class=\"column-1\"><img decoding=\"async\" src=\"https:\/\/www.ritzbrasil.com\/wp-content\/uploads\/2024\/10\/rc400-0268-presilha-elevacao-150x150-1.jpg\" \/><\/td><td class=\"column-2\">RC400-0268<\/td><td class=\"column-3\">Presilha de eleva\u00e7\u00e3o com roletes para instala\u00e7\u00e3o na<br \/>\ncruzeta auxiliar do guindauto ou outro ve\u00edculo<br \/>\nsemelhante abertura 1-3\/4\"<\/td><td class=\"column-4\">    <button class=\"add-to-budget\" data-table-id=\"Acessorios-cruzeta-auxiliar\" data-reference=\"RC400-0268\" data-description=\"Cruzeta Auxiliar Acess\u00f3rios\" style=\"color:#ff4d00;\">\n        <img decoding=\"async\" src=\"https:\/\/www.ritzbrasil.com\/\/wp-content\/uploads\/2024\/07\/orcar-compras-tabela-new-1.png\" alt=\"Request quote\" title=\"Request quote\" \/>\n    <\/button>\n    <\/td><td class=\"column-5\"><a href=\"https:\/\/lojasritz.com.br\/catalogsearch\/result\/?q=RC400-0268\" target=\"_blank\" rel=\"noopener\"><img decoding=\"async\" src=\"https:\/\/www.ritzbrasil.com\/wp-content\/uploads\/2024\/07\/carrinho-compras-tabela.png\"  \/><\/a><\/td>\n<\/tr>\n<tr class=\"row-3\">\n\t<td class=\"column-1\"><img decoding=\"async\" src=\"https:\/\/www.ritzbrasil.com\/wp-content\/uploads\/2024\/10\/RC400-0269-presilha-elevacao-150x150-1.jpg\" \/><\/td><td class=\"column-2\">RC400-0269<\/td><td class=\"column-3\">Presilha de eleva\u00e7\u00e3o com roletes para instala\u00e7\u00e3o na<br \/>\ncruzeta auxiliar com isolador RM4805-7, abertura 2\"<\/td><td class=\"column-4\">    <button class=\"add-to-budget\" data-table-id=\"Acessorios-cruzeta-auxiliar\" data-reference=\"RC400-0269\" data-description=\"Cruzeta Auxiliar Acess\u00f3rios\" style=\"color:#ff4d00;\">\n        <img decoding=\"async\" src=\"https:\/\/www.ritzbrasil.com\/\/wp-content\/uploads\/2024\/07\/orcar-compras-tabela-new-1.png\" alt=\"Request quote\" title=\"Request quote\" \/>\n    <\/button>\n    <\/td><td class=\"column-5\"><a href=\"https:\/\/lojasritz.com.br\/catalogsearch\/result\/?q=RC400-0269\" target=\"_blank\" rel=\"noopener\"><img decoding=\"async\" src=\"https:\/\/www.ritzbrasil.com\/wp-content\/uploads\/2024\/07\/carrinho-compras-tabela.png\"  \/><\/a><\/td>\n<\/tr>\n<\/tbody>\n<\/table>\n<\/div>\n[\/vc_column_text][vc_separator border_width=&#8221;2&#8243; css=&#8221;&#8221;][\/vc_column][\/vc_row]<\/p>\n<\/div>","protected":false},"excerpt":{"rendered":"<h4><span style=\"color: #ff9900;\">Auxiliary crosshead<\/span><\/h4>\n<p>Equipment used in construction or maintenance to handle conductors when replacing crossarms, insulators or poles in short spans of medium-voltage overhead networks up to 15 kV phase\/phase.<\/p>\n<p>For models RH4862-6, RH4862-8 and RH4862-51, it is necessary to add two saddles (FLV4740-5W) to install the auxiliary cross mast to the pole. The saddles must be purchased separately.<\/p>\n<p>It has a load capacity of 272 daN (600 lb) with all four conductors in balance and 68 daN (150 lb) on each clip in the unbalanced condition.<\/p>\n<p>| <strong>RH4863-10<\/strong><br \/>\nConstructed with a special RITZGLAS\u00ae mast<strong><br \/>\n<span style=\"color: #ff6600;\">,<\/span><br \/>\n<\/strong> consisting of two \u00d8 64 mm support poles, fixed to a saddle with tilt adjustment through 7 holes, spaced at 15 degrees, for coupling to square or rectangular booms adjustable for dimensions from 127 x 178 mm to 254 x 254 mm of the aerial basket or similar equipment.<\/p>\n<p>The maximum vertical load capacity balanced on the three crosshead cleats is 454 daN (1000 lb).<\/p>\n<p>Designed to withstand a maximum unbalanced load of 90 daN (200 lb) on each of the cleats. Each<br \/>\nroller lifting cleat (RC400-0268) used on this auxiliary crosshead has a lateral load capacity of 45 daN (100 lb). It is therefore essential that this auxiliary crosshead is only fitted to equipment with a load lifting capacity of more than 907 daN (2000 lb).<\/p>\n<p>Approx. weight: 48 kg (105.8 lb)<\/p>\n","protected":false},"featured_media":59212,"template":"","meta":[],"product_brand":[],"product_cat":[2101],"product_tag":[2495,2489,2488,2494,2487,2492,2497,2498,2491,2493,2486,2496,2485,2484,2490],"class_list":{"0":"post-61185","1":"product","2":"type-product","3":"status-publish","4":"has-post-thumbnail","6":"product_cat-traction-locomotion-and-support-tools","7":"product_tag-flv03457-13-en","8":"product_tag-flv05613-1-en","9":"product_tag-flv17928-1-en","10":"product_tag-flv17928-2-en","11":"product_tag-flv21310-1-en","12":"product_tag-flv21310-2-en","13":"product_tag-rc400-0268-en","14":"product_tag-rc400-0269-en","15":"product_tag-rh4862-en","16":"product_tag-rh4862-51-en","17":"product_tag-rh4862-6-en","18":"product_tag-rh4863-10-en","19":"product_tag-rm1728-5-en","20":"product_tag-rm4741-3-en","21":"product_tag-rm4805-16-en","22":"description-off","24":"first","25":"instock","26":"virtual","27":"product-type-simple"},"yoast_head":"<!-- This site is optimized with the Yoast SEO plugin v27.1.1 - https:\/\/yoast.com\/product\/yoast-seo-wordpress\/ -->\n<title>Auxiliary crosshead<\/title>\n<meta name=\"description\" content=\"Auxiliary crossbar for maintenance and construction in short spans of overhead networks up to 15 kV, used for handling conductors, insulators and poles.\" \/>\n<meta name=\"robots\" content=\"index, follow, max-snippet:-1, max-image-preview:large, max-video-preview:-1\" \/>\n<link rel=\"canonical\" href=\"https:\/\/www.ritzbrasil.com\/en\/produtos\/traction-locomotion-and-support-tools\/auxiliary-crosshead\/\" \/>\n<meta property=\"og:locale\" content=\"en_US\" \/>\n<meta property=\"og:type\" content=\"article\" \/>\n<meta property=\"og:title\" content=\"Auxiliary crosshead\" \/>\n<meta property=\"og:description\" content=\"Auxiliary crossbar for maintenance and construction in short spans of overhead networks up to 15 kV, used for handling conductors, insulators and poles.\" \/>\n<meta property=\"og:url\" content=\"https:\/\/www.ritzbrasil.com\/en\/produtos\/traction-locomotion-and-support-tools\/auxiliary-crosshead\/\" \/>\n<meta property=\"og:site_name\" content=\"Equipamentos de Manuten\u00e7\u00e3o e Seguran\u00e7a para o Setor El\u00e9trico - Ritz Brasil\" \/>\n<meta property=\"article:modified_time\" content=\"2026-02-25T18:39:26+00:00\" \/>\n<meta property=\"og:image\" content=\"https:\/\/www.ritzbrasil.com\/wp-content\/uploads\/2024\/10\/rh4862-6-cruzeta-auxiliar.jpg\" \/>\n\t<meta property=\"og:image:width\" content=\"1200\" \/>\n\t<meta property=\"og:image:height\" content=\"1200\" \/>\n\t<meta property=\"og:image:type\" content=\"image\/jpeg\" \/>\n<meta name=\"twitter:card\" content=\"summary_large_image\" \/>\n<meta name=\"twitter:label1\" content=\"Est. reading time\" \/>\n\t<meta name=\"twitter:data1\" content=\"2 minutes\" \/>\n<script type=\"application\/ld+json\" class=\"yoast-schema-graph\">{\"@context\":\"https:\/\/schema.org\",\"@graph\":[{\"@type\":\"WebPage\",\"@id\":\"https:\/\/www.ritzbrasil.com\/en\/produtos\/traction-locomotion-and-support-tools\/auxiliary-crosshead\/\",\"url\":\"https:\/\/www.ritzbrasil.com\/en\/produtos\/traction-locomotion-and-support-tools\/auxiliary-crosshead\/\",\"name\":\"Auxiliary crosshead\",\"isPartOf\":{\"@id\":\"https:\/\/www.ritzbrasil.com\/en\/#website\"},\"primaryImageOfPage\":{\"@id\":\"https:\/\/www.ritzbrasil.com\/en\/produtos\/traction-locomotion-and-support-tools\/auxiliary-crosshead\/#primaryimage\"},\"image\":{\"@id\":\"https:\/\/www.ritzbrasil.com\/en\/produtos\/traction-locomotion-and-support-tools\/auxiliary-crosshead\/#primaryimage\"},\"thumbnailUrl\":\"https:\/\/www.ritzbrasil.com\/wp-content\/uploads\/2024\/10\/rh4862-6-cruzeta-auxiliar.jpg\",\"datePublished\":\"2024-10-08T14:18:43+00:00\",\"dateModified\":\"2026-02-25T18:39:26+00:00\",\"description\":\"Auxiliary crossbar for maintenance and construction in short spans of overhead networks up to 15 kV, used for handling conductors, insulators and poles.\",\"breadcrumb\":{\"@id\":\"https:\/\/www.ritzbrasil.com\/en\/produtos\/traction-locomotion-and-support-tools\/auxiliary-crosshead\/#breadcrumb\"},\"inLanguage\":\"en-US\",\"potentialAction\":[{\"@type\":\"ReadAction\",\"target\":[\"https:\/\/www.ritzbrasil.com\/en\/produtos\/traction-locomotion-and-support-tools\/auxiliary-crosshead\/\"]}]},{\"@type\":\"ImageObject\",\"inLanguage\":\"en-US\",\"@id\":\"https:\/\/www.ritzbrasil.com\/en\/produtos\/traction-locomotion-and-support-tools\/auxiliary-crosshead\/#primaryimage\",\"url\":\"https:\/\/www.ritzbrasil.com\/wp-content\/uploads\/2024\/10\/rh4862-6-cruzeta-auxiliar.jpg\",\"contentUrl\":\"https:\/\/www.ritzbrasil.com\/wp-content\/uploads\/2024\/10\/rh4862-6-cruzeta-auxiliar.jpg\",\"width\":1200,\"height\":1200,\"caption\":\"RH4862-6 Auxiliary crosshead\"},{\"@type\":\"BreadcrumbList\",\"@id\":\"https:\/\/www.ritzbrasil.com\/en\/produtos\/traction-locomotion-and-support-tools\/auxiliary-crosshead\/#breadcrumb\",\"itemListElement\":[{\"@type\":\"ListItem\",\"position\":1,\"name\":\"In\u00edcio\",\"item\":\"https:\/\/www.ritzbrasil.com\/en\/\"},{\"@type\":\"ListItem\",\"position\":2,\"name\":\"Shop\",\"item\":\"https:\/\/www.ritzbrasil.com\/en\/shop\/\"},{\"@type\":\"ListItem\",\"position\":3,\"name\":\"Auxiliary crosshead\"}]},{\"@type\":\"WebSite\",\"@id\":\"https:\/\/www.ritzbrasil.com\/en\/#website\",\"url\":\"https:\/\/www.ritzbrasil.com\/en\/\",\"name\":\"Equipamentos de Manuten\u00e7\u00e3o e Seguran\u00e7a para o Setor El\u00e9trico - Ritz Brasil\",\"description\":\"\",\"potentialAction\":[{\"@type\":\"SearchAction\",\"target\":{\"@type\":\"EntryPoint\",\"urlTemplate\":\"https:\/\/www.ritzbrasil.com\/en\/?s={search_term_string}\"},\"query-input\":{\"@type\":\"PropertyValueSpecification\",\"valueRequired\":true,\"valueName\":\"search_term_string\"}}],\"inLanguage\":\"en-US\"}]}<\/script>\n<!-- \/ Yoast SEO plugin. -->","yoast_head_json":{"title":"Auxiliary crosshead","description":"Auxiliary crossbar for maintenance and construction in short spans of overhead networks up to 15 kV, used for handling conductors, insulators and poles.","robots":{"index":"index","follow":"follow","max-snippet":"max-snippet:-1","max-image-preview":"max-image-preview:large","max-video-preview":"max-video-preview:-1"},"canonical":"https:\/\/www.ritzbrasil.com\/en\/produtos\/traction-locomotion-and-support-tools\/auxiliary-crosshead\/","og_locale":"en_US","og_type":"article","og_title":"Auxiliary crosshead","og_description":"Auxiliary crossbar for maintenance and construction in short spans of overhead networks up to 15 kV, used for handling conductors, insulators and poles.","og_url":"https:\/\/www.ritzbrasil.com\/en\/produtos\/traction-locomotion-and-support-tools\/auxiliary-crosshead\/","og_site_name":"Equipamentos de Manuten\u00e7\u00e3o e Seguran\u00e7a para o Setor El\u00e9trico - Ritz Brasil","article_modified_time":"2026-02-25T18:39:26+00:00","og_image":[{"width":1200,"height":1200,"url":"https:\/\/www.ritzbrasil.com\/wp-content\/uploads\/2024\/10\/rh4862-6-cruzeta-auxiliar.jpg","type":"image\/jpeg"}],"twitter_card":"summary_large_image","twitter_misc":{"Est. reading time":"2 minutes"},"schema":{"@context":"https:\/\/schema.org","@graph":[{"@type":"WebPage","@id":"https:\/\/www.ritzbrasil.com\/en\/produtos\/traction-locomotion-and-support-tools\/auxiliary-crosshead\/","url":"https:\/\/www.ritzbrasil.com\/en\/produtos\/traction-locomotion-and-support-tools\/auxiliary-crosshead\/","name":"Auxiliary crosshead","isPartOf":{"@id":"https:\/\/www.ritzbrasil.com\/en\/#website"},"primaryImageOfPage":{"@id":"https:\/\/www.ritzbrasil.com\/en\/produtos\/traction-locomotion-and-support-tools\/auxiliary-crosshead\/#primaryimage"},"image":{"@id":"https:\/\/www.ritzbrasil.com\/en\/produtos\/traction-locomotion-and-support-tools\/auxiliary-crosshead\/#primaryimage"},"thumbnailUrl":"https:\/\/www.ritzbrasil.com\/wp-content\/uploads\/2024\/10\/rh4862-6-cruzeta-auxiliar.jpg","datePublished":"2024-10-08T14:18:43+00:00","dateModified":"2026-02-25T18:39:26+00:00","description":"Auxiliary crossbar for maintenance and construction in short spans of overhead networks up to 15 kV, used for handling conductors, insulators and poles.","breadcrumb":{"@id":"https:\/\/www.ritzbrasil.com\/en\/produtos\/traction-locomotion-and-support-tools\/auxiliary-crosshead\/#breadcrumb"},"inLanguage":"en-US","potentialAction":[{"@type":"ReadAction","target":["https:\/\/www.ritzbrasil.com\/en\/produtos\/traction-locomotion-and-support-tools\/auxiliary-crosshead\/"]}]},{"@type":"ImageObject","inLanguage":"en-US","@id":"https:\/\/www.ritzbrasil.com\/en\/produtos\/traction-locomotion-and-support-tools\/auxiliary-crosshead\/#primaryimage","url":"https:\/\/www.ritzbrasil.com\/wp-content\/uploads\/2024\/10\/rh4862-6-cruzeta-auxiliar.jpg","contentUrl":"https:\/\/www.ritzbrasil.com\/wp-content\/uploads\/2024\/10\/rh4862-6-cruzeta-auxiliar.jpg","width":1200,"height":1200,"caption":"RH4862-6 Auxiliary crosshead"},{"@type":"BreadcrumbList","@id":"https:\/\/www.ritzbrasil.com\/en\/produtos\/traction-locomotion-and-support-tools\/auxiliary-crosshead\/#breadcrumb","itemListElement":[{"@type":"ListItem","position":1,"name":"In\u00edcio","item":"https:\/\/www.ritzbrasil.com\/en\/"},{"@type":"ListItem","position":2,"name":"Shop","item":"https:\/\/www.ritzbrasil.com\/en\/shop\/"},{"@type":"ListItem","position":3,"name":"Auxiliary crosshead"}]},{"@type":"WebSite","@id":"https:\/\/www.ritzbrasil.com\/en\/#website","url":"https:\/\/www.ritzbrasil.com\/en\/","name":"Equipamentos de Manuten\u00e7\u00e3o e Seguran\u00e7a para o Setor El\u00e9trico - Ritz Brasil","description":"","potentialAction":[{"@type":"SearchAction","target":{"@type":"EntryPoint","urlTemplate":"https:\/\/www.ritzbrasil.com\/en\/?s={search_term_string}"},"query-input":{"@type":"PropertyValueSpecification","valueRequired":true,"valueName":"search_term_string"}}],"inLanguage":"en-US"}]}},"_links":{"self":[{"href":"https:\/\/www.ritzbrasil.com\/en\/wp-json\/wp\/v2\/product\/61185","targetHints":{"allow":["GET"]}}],"collection":[{"href":"https:\/\/www.ritzbrasil.com\/en\/wp-json\/wp\/v2\/product"}],"about":[{"href":"https:\/\/www.ritzbrasil.com\/en\/wp-json\/wp\/v2\/types\/product"}],"wp:featuredmedia":[{"embeddable":true,"href":"https:\/\/www.ritzbrasil.com\/en\/wp-json\/wp\/v2\/media\/59212"}],"wp:attachment":[{"href":"https:\/\/www.ritzbrasil.com\/en\/wp-json\/wp\/v2\/media?parent=61185"}],"wp:term":[{"taxonomy":"product_brand","embeddable":true,"href":"https:\/\/www.ritzbrasil.com\/en\/wp-json\/wp\/v2\/product_brand?post=61185"},{"taxonomy":"product_cat","embeddable":true,"href":"https:\/\/www.ritzbrasil.com\/en\/wp-json\/wp\/v2\/product_cat?post=61185"},{"taxonomy":"product_tag","embeddable":true,"href":"https:\/\/www.ritzbrasil.com\/en\/wp-json\/wp\/v2\/product_tag?post=61185"}],"curies":[{"name":"wp","href":"https:\/\/api.w.org\/{rel}","templated":true}]}}