{"id":61179,"date":"2024-10-10T17:34:26","date_gmt":"2024-10-10T20:34:26","guid":{"rendered":"https:\/\/www.ritzbrasil.com\/produtos\/uncategorized\/sectionable-tensioning-rod-with-splice-sleeve\/"},"modified":"2026-02-25T15:37:52","modified_gmt":"2026-02-25T18:37:52","slug":"sectionable-tensioning-rod-with-splice-sleeve","status":"publish","type":"product","link":"https:\/\/www.ritzbrasil.com\/en\/produtos\/traction-locomotion-and-support-tools\/sectionable-tensioning-rod-with-splice-sleeve\/","title":{"rendered":"Sectionable Tensioning Rod (With Splice Sleeve)"},"content":{"rendered":"<div class=\"wpb-content-wrapper\"><p>[vc_row][vc_column][vc_column_text css=&#8221;.vc_custom_1728592299200{margin-top: 20px !important;}&#8221;]<\/p>\n<h4><span style=\"color: #ff9900;\"><strong>Sectionable Tensioning Rod (With Splice Sleeve)<\/strong><\/span><\/h4>\n<p>[\/vc_column_text][vc_column_text css=&#8221;.vc_custom_1728592879740{margin-top: -20px !important;}&#8221;]\n<div id=\"tablepress-RC401-0758-Bastao-Tensor-Secionavel-Luva-Emenda-scroll-wrapper\" class=\"tablepress-scroll-wrapper\">\n<table id=\"tablepress-RC401-0758-Bastao-Tensor-Secionavel-Luva-Emenda\" class=\"tablepress tablepress-id-RC401-0758-Bastao-Tensor-Secionavel-Luva-Emenda tablepress-responsive\">\n<thead>\n<tr class=\"row-1\">\n\t<td class=\"column-1\"><\/td><th class=\"column-2\">  Refer\u00eancias<\/th><th class=\"column-3\">Caracter\u00edstica<\/th><td class=\"column-4\"><\/td><td class=\"column-5\"><\/td>\n<\/tr>\n<\/thead>\n<tbody class=\"row-striping row-hover\">\n<tr class=\"row-2\">\n\t<td class=\"column-1\"><img decoding=\"async\" src=\"https:\/\/www.ritzbrasil.com\/wp-content\/uploads\/2024\/10\/rc401-0758-bastao-tensor-secionavel-com-luva-emenda-150x150-1.jpg\" \/><\/td><td class=\"column-2\">RC401-0758<\/td><td class=\"column-3\">Comprimento: m\u00ednimo 3,15 m | m\u00e1ximo 3,75 m<br \/>\nCapacidade nominal de trabalho: 4536 daN (10000 lb)<br \/>\nPeso aprox.: 13,90 kg (30,64 lb)<\/td><td class=\"column-4\">    <button class=\"add-to-budget\" data-table-id=\"RC401-0758-Bastao-Tensor-Secionavel-Luva-Emenda\" data-reference=\"RC401-0758\" data-description=\"Bast\u00e3o Tensor Secion\u00e1vel (Com Luva de Emenda)\" style=\"color:#ff4d00;\">\n        <img decoding=\"async\" src=\"https:\/\/www.ritzbrasil.com\/\/wp-content\/uploads\/2024\/07\/orcar-compras-tabela-new-1.png\" alt=\"Request quote\" title=\"Request quote\" \/>\n    <\/button>\n    <\/td><td class=\"column-5\"><a href=\"https:\/\/lojasritz.com.br\/catalogsearch\/result\/?q=RC401-0758\" target=\"_blank\" rel=\"noopener\"><img decoding=\"async\" src=\"https:\/\/www.ritzbrasil.com\/wp-content\/uploads\/2024\/07\/carrinho-compras-tabela.png\"  \/><\/a><\/td>\n<\/tr>\n<\/tbody>\n<\/table>\n<\/div>\n[\/vc_column_text][vc_separator border_width=&#8221;2&#8243; css=&#8221;&#8221;][\/vc_column][\/vc_row]<\/p>\n<\/div>","protected":false},"excerpt":{"rendered":"<h4><span style=\"color: #ff9900;\">Sectionable Tensioning Rod (With Splice Sleeve)<\/span><\/h4>\n<p>Designed to support the mechanical traction of conductor cables during the maintenance of suspension or anchoring insulator chains, where their lengths differ from conventional standards.<\/p>\n<p>This rod is made up of three parts: the live (energized) rod, the dead (de-energized) rod and the fiberglass splice sleeve, which is the central tube responsible for joining the live and dead rods.<\/p>\n<p>Made from RITZGLAS\u00ae \u00d8 51 mm tube, each has a fork-type bronze alloy head for connection to the yokes. The splice sleeve is manufactured by a special process, with reinforced fiberglass, \u00d8 76 mm external and has 8 equidistant holes every 100 mm, making it possible to mount the poles live and dead, within the pre-established lengths.<\/p>\n<p>The poles can also be combined with tensioning bolts in lengths of 305, 610 and 915 mm for an additional gain in overall length.<\/p>\n<p>Live or dead side rods, splice sleeves, tensioning screws or cotter pins can be purchased separately as spare parts.<\/p>\n<p>Length: minimum 3.15 m | maximum 3.75 m<br \/>\nNominal working capacity: 4536 daN (10000 lb)<br \/>\nApprox. weight: 13.90 kg (30.64 lb)<\/p>\n<p><strong>NOTE<\/strong><br \/>\n<em>Although the splice sleeve is manufactured to a standard length of 1.12 m, the live and dead poles can be purchased in special lengths to suit the types and voltages of each company&#8217;s networks. For such supplies, which will depend on the chain arrangements, the drawings of the chains must be sent to our engineering department so that a technical feasibility analysis can be carried out. <\/em><\/p>\n<p><strong>COMPOSITION OF SET<\/strong><br \/>\n&#8211; 01 RITZGLAS\u00ae rod, live side, with fork-type bronze alloy head and steel pin and cotter pin;<br \/>\n&#8211; 01 RITZGLAS\u00ae rod, dead side, with fork-type bronze alloy head and steel pin and cotter pin;<br \/>\n&#8211; 01 fiberglass splice sleeve, 1.12 m long and two sets of steel pins and cotter pins.<\/p>\n","protected":false},"featured_media":59414,"template":"","meta":[],"product_brand":[],"product_cat":[2101],"product_tag":[],"class_list":{"0":"post-61179","1":"product","2":"type-product","3":"status-publish","4":"has-post-thumbnail","6":"product_cat-traction-locomotion-and-support-tools","7":"description-off","9":"first","10":"instock","11":"virtual","12":"product-type-simple"},"yoast_head":"<!-- This site is optimized with the Yoast SEO plugin v27.1.1 - https:\/\/yoast.com\/product\/yoast-seo-wordpress\/ -->\n<title>Sectionable Tensioning Rod (With Splice Sleeve)<\/title>\n<meta name=\"description\" content=\"Sectionable tensioning rod with splice sleeve, designed to support cable traction when maintaining suspension or anchoring insulators.\" \/>\n<meta name=\"robots\" content=\"index, follow, max-snippet:-1, max-image-preview:large, max-video-preview:-1\" \/>\n<link rel=\"canonical\" href=\"https:\/\/www.ritzbrasil.com\/en\/produtos\/traction-locomotion-and-support-tools\/sectionable-tensioning-rod-with-splice-sleeve\/\" \/>\n<meta property=\"og:locale\" content=\"en_US\" \/>\n<meta property=\"og:type\" content=\"article\" \/>\n<meta property=\"og:title\" content=\"Sectionable Tensioning Rod (With Splice Sleeve)\" \/>\n<meta property=\"og:description\" content=\"Sectionable tensioning rod with splice sleeve, designed to support cable traction when maintaining suspension or anchoring insulators.\" \/>\n<meta property=\"og:url\" content=\"https:\/\/www.ritzbrasil.com\/en\/produtos\/traction-locomotion-and-support-tools\/sectionable-tensioning-rod-with-splice-sleeve\/\" \/>\n<meta property=\"og:site_name\" content=\"Equipamentos de Manuten\u00e7\u00e3o e Seguran\u00e7a para o Setor El\u00e9trico - Ritz Brasil\" \/>\n<meta property=\"article:modified_time\" content=\"2026-02-25T18:37:52+00:00\" \/>\n<meta property=\"og:image\" content=\"https:\/\/www.ritzbrasil.com\/wp-content\/uploads\/2024\/10\/rc401-0758-bastao-tensor-secionavel-com-luva-emenda.jpg\" \/>\n\t<meta property=\"og:image:width\" content=\"1200\" \/>\n\t<meta property=\"og:image:height\" content=\"1200\" \/>\n\t<meta property=\"og:image:type\" content=\"image\/jpeg\" \/>\n<meta name=\"twitter:card\" content=\"summary_large_image\" \/>\n<meta name=\"twitter:label1\" content=\"Est. reading time\" \/>\n\t<meta name=\"twitter:data1\" content=\"1 minute\" \/>\n<script type=\"application\/ld+json\" class=\"yoast-schema-graph\">{\"@context\":\"https:\/\/schema.org\",\"@graph\":[{\"@type\":\"WebPage\",\"@id\":\"https:\/\/www.ritzbrasil.com\/en\/produtos\/traction-locomotion-and-support-tools\/sectionable-tensioning-rod-with-splice-sleeve\/\",\"url\":\"https:\/\/www.ritzbrasil.com\/en\/produtos\/traction-locomotion-and-support-tools\/sectionable-tensioning-rod-with-splice-sleeve\/\",\"name\":\"Sectionable Tensioning Rod (With Splice Sleeve)\",\"isPartOf\":{\"@id\":\"https:\/\/www.ritzbrasil.com\/en\/#website\"},\"primaryImageOfPage\":{\"@id\":\"https:\/\/www.ritzbrasil.com\/en\/produtos\/traction-locomotion-and-support-tools\/sectionable-tensioning-rod-with-splice-sleeve\/#primaryimage\"},\"image\":{\"@id\":\"https:\/\/www.ritzbrasil.com\/en\/produtos\/traction-locomotion-and-support-tools\/sectionable-tensioning-rod-with-splice-sleeve\/#primaryimage\"},\"thumbnailUrl\":\"https:\/\/www.ritzbrasil.com\/wp-content\/uploads\/2024\/10\/rc401-0758-bastao-tensor-secionavel-com-luva-emenda.jpg\",\"datePublished\":\"2024-10-10T20:34:26+00:00\",\"dateModified\":\"2026-02-25T18:37:52+00:00\",\"description\":\"Sectionable tensioning rod with splice sleeve, designed to support cable traction when maintaining suspension or anchoring insulators.\",\"breadcrumb\":{\"@id\":\"https:\/\/www.ritzbrasil.com\/en\/produtos\/traction-locomotion-and-support-tools\/sectionable-tensioning-rod-with-splice-sleeve\/#breadcrumb\"},\"inLanguage\":\"en-US\",\"potentialAction\":[{\"@type\":\"ReadAction\",\"target\":[\"https:\/\/www.ritzbrasil.com\/en\/produtos\/traction-locomotion-and-support-tools\/sectionable-tensioning-rod-with-splice-sleeve\/\"]}]},{\"@type\":\"ImageObject\",\"inLanguage\":\"en-US\",\"@id\":\"https:\/\/www.ritzbrasil.com\/en\/produtos\/traction-locomotion-and-support-tools\/sectionable-tensioning-rod-with-splice-sleeve\/#primaryimage\",\"url\":\"https:\/\/www.ritzbrasil.com\/wp-content\/uploads\/2024\/10\/rc401-0758-bastao-tensor-secionavel-com-luva-emenda.jpg\",\"contentUrl\":\"https:\/\/www.ritzbrasil.com\/wp-content\/uploads\/2024\/10\/rc401-0758-bastao-tensor-secionavel-com-luva-emenda.jpg\",\"width\":1200,\"height\":1200,\"caption\":\"RC401-0758 Sectionable Tensioning Rod (With Splice Sleeve)\"},{\"@type\":\"BreadcrumbList\",\"@id\":\"https:\/\/www.ritzbrasil.com\/en\/produtos\/traction-locomotion-and-support-tools\/sectionable-tensioning-rod-with-splice-sleeve\/#breadcrumb\",\"itemListElement\":[{\"@type\":\"ListItem\",\"position\":1,\"name\":\"In\u00edcio\",\"item\":\"https:\/\/www.ritzbrasil.com\/en\/\"},{\"@type\":\"ListItem\",\"position\":2,\"name\":\"Shop\",\"item\":\"https:\/\/www.ritzbrasil.com\/en\/shop\/\"},{\"@type\":\"ListItem\",\"position\":3,\"name\":\"Sectionable Tensioning Rod (With Splice Sleeve)\"}]},{\"@type\":\"WebSite\",\"@id\":\"https:\/\/www.ritzbrasil.com\/en\/#website\",\"url\":\"https:\/\/www.ritzbrasil.com\/en\/\",\"name\":\"Equipamentos de Manuten\u00e7\u00e3o e Seguran\u00e7a para o Setor El\u00e9trico - Ritz Brasil\",\"description\":\"\",\"potentialAction\":[{\"@type\":\"SearchAction\",\"target\":{\"@type\":\"EntryPoint\",\"urlTemplate\":\"https:\/\/www.ritzbrasil.com\/en\/?s={search_term_string}\"},\"query-input\":{\"@type\":\"PropertyValueSpecification\",\"valueRequired\":true,\"valueName\":\"search_term_string\"}}],\"inLanguage\":\"en-US\"}]}<\/script>\n<!-- \/ Yoast SEO plugin. -->","yoast_head_json":{"title":"Sectionable Tensioning Rod (With Splice Sleeve)","description":"Sectionable tensioning rod with splice sleeve, designed to support cable traction when maintaining suspension or anchoring insulators.","robots":{"index":"index","follow":"follow","max-snippet":"max-snippet:-1","max-image-preview":"max-image-preview:large","max-video-preview":"max-video-preview:-1"},"canonical":"https:\/\/www.ritzbrasil.com\/en\/produtos\/traction-locomotion-and-support-tools\/sectionable-tensioning-rod-with-splice-sleeve\/","og_locale":"en_US","og_type":"article","og_title":"Sectionable Tensioning Rod (With Splice Sleeve)","og_description":"Sectionable tensioning rod with splice sleeve, designed to support cable traction when maintaining suspension or anchoring insulators.","og_url":"https:\/\/www.ritzbrasil.com\/en\/produtos\/traction-locomotion-and-support-tools\/sectionable-tensioning-rod-with-splice-sleeve\/","og_site_name":"Equipamentos de Manuten\u00e7\u00e3o e Seguran\u00e7a para o Setor El\u00e9trico - Ritz Brasil","article_modified_time":"2026-02-25T18:37:52+00:00","og_image":[{"width":1200,"height":1200,"url":"https:\/\/www.ritzbrasil.com\/wp-content\/uploads\/2024\/10\/rc401-0758-bastao-tensor-secionavel-com-luva-emenda.jpg","type":"image\/jpeg"}],"twitter_card":"summary_large_image","twitter_misc":{"Est. reading time":"1 minute"},"schema":{"@context":"https:\/\/schema.org","@graph":[{"@type":"WebPage","@id":"https:\/\/www.ritzbrasil.com\/en\/produtos\/traction-locomotion-and-support-tools\/sectionable-tensioning-rod-with-splice-sleeve\/","url":"https:\/\/www.ritzbrasil.com\/en\/produtos\/traction-locomotion-and-support-tools\/sectionable-tensioning-rod-with-splice-sleeve\/","name":"Sectionable Tensioning Rod (With Splice Sleeve)","isPartOf":{"@id":"https:\/\/www.ritzbrasil.com\/en\/#website"},"primaryImageOfPage":{"@id":"https:\/\/www.ritzbrasil.com\/en\/produtos\/traction-locomotion-and-support-tools\/sectionable-tensioning-rod-with-splice-sleeve\/#primaryimage"},"image":{"@id":"https:\/\/www.ritzbrasil.com\/en\/produtos\/traction-locomotion-and-support-tools\/sectionable-tensioning-rod-with-splice-sleeve\/#primaryimage"},"thumbnailUrl":"https:\/\/www.ritzbrasil.com\/wp-content\/uploads\/2024\/10\/rc401-0758-bastao-tensor-secionavel-com-luva-emenda.jpg","datePublished":"2024-10-10T20:34:26+00:00","dateModified":"2026-02-25T18:37:52+00:00","description":"Sectionable tensioning rod with splice sleeve, designed to support cable traction when maintaining suspension or anchoring insulators.","breadcrumb":{"@id":"https:\/\/www.ritzbrasil.com\/en\/produtos\/traction-locomotion-and-support-tools\/sectionable-tensioning-rod-with-splice-sleeve\/#breadcrumb"},"inLanguage":"en-US","potentialAction":[{"@type":"ReadAction","target":["https:\/\/www.ritzbrasil.com\/en\/produtos\/traction-locomotion-and-support-tools\/sectionable-tensioning-rod-with-splice-sleeve\/"]}]},{"@type":"ImageObject","inLanguage":"en-US","@id":"https:\/\/www.ritzbrasil.com\/en\/produtos\/traction-locomotion-and-support-tools\/sectionable-tensioning-rod-with-splice-sleeve\/#primaryimage","url":"https:\/\/www.ritzbrasil.com\/wp-content\/uploads\/2024\/10\/rc401-0758-bastao-tensor-secionavel-com-luva-emenda.jpg","contentUrl":"https:\/\/www.ritzbrasil.com\/wp-content\/uploads\/2024\/10\/rc401-0758-bastao-tensor-secionavel-com-luva-emenda.jpg","width":1200,"height":1200,"caption":"RC401-0758 Sectionable Tensioning Rod (With Splice Sleeve)"},{"@type":"BreadcrumbList","@id":"https:\/\/www.ritzbrasil.com\/en\/produtos\/traction-locomotion-and-support-tools\/sectionable-tensioning-rod-with-splice-sleeve\/#breadcrumb","itemListElement":[{"@type":"ListItem","position":1,"name":"In\u00edcio","item":"https:\/\/www.ritzbrasil.com\/en\/"},{"@type":"ListItem","position":2,"name":"Shop","item":"https:\/\/www.ritzbrasil.com\/en\/shop\/"},{"@type":"ListItem","position":3,"name":"Sectionable Tensioning Rod (With Splice Sleeve)"}]},{"@type":"WebSite","@id":"https:\/\/www.ritzbrasil.com\/en\/#website","url":"https:\/\/www.ritzbrasil.com\/en\/","name":"Equipamentos de Manuten\u00e7\u00e3o e Seguran\u00e7a para o Setor El\u00e9trico - Ritz Brasil","description":"","potentialAction":[{"@type":"SearchAction","target":{"@type":"EntryPoint","urlTemplate":"https:\/\/www.ritzbrasil.com\/en\/?s={search_term_string}"},"query-input":{"@type":"PropertyValueSpecification","valueRequired":true,"valueName":"search_term_string"}}],"inLanguage":"en-US"}]}},"_links":{"self":[{"href":"https:\/\/www.ritzbrasil.com\/en\/wp-json\/wp\/v2\/product\/61179","targetHints":{"allow":["GET"]}}],"collection":[{"href":"https:\/\/www.ritzbrasil.com\/en\/wp-json\/wp\/v2\/product"}],"about":[{"href":"https:\/\/www.ritzbrasil.com\/en\/wp-json\/wp\/v2\/types\/product"}],"wp:featuredmedia":[{"embeddable":true,"href":"https:\/\/www.ritzbrasil.com\/en\/wp-json\/wp\/v2\/media\/59414"}],"wp:attachment":[{"href":"https:\/\/www.ritzbrasil.com\/en\/wp-json\/wp\/v2\/media?parent=61179"}],"wp:term":[{"taxonomy":"product_brand","embeddable":true,"href":"https:\/\/www.ritzbrasil.com\/en\/wp-json\/wp\/v2\/product_brand?post=61179"},{"taxonomy":"product_cat","embeddable":true,"href":"https:\/\/www.ritzbrasil.com\/en\/wp-json\/wp\/v2\/product_cat?post=61179"},{"taxonomy":"product_tag","embeddable":true,"href":"https:\/\/www.ritzbrasil.com\/en\/wp-json\/wp\/v2\/product_tag?post=61179"}],"curies":[{"name":"wp","href":"https:\/\/api.w.org\/{rel}","templated":true}]}}