{"id":61175,"date":"2024-10-09T13:56:23","date_gmt":"2024-10-09T16:56:23","guid":{"rendered":"https:\/\/www.ritzbrasil.com\/produtos\/uncategorized\/fork-eye-tensioning-stick-fork-garp\/"},"modified":"2026-02-25T15:38:19","modified_gmt":"2026-02-25T18:38:19","slug":"fork-eye-tensioning-stick-fork-garp","status":"publish","type":"product","link":"https:\/\/www.ritzbrasil.com\/en\/produtos\/traction-locomotion-and-support-tools\/fork-eye-tensioning-stick-fork-garp\/","title":{"rendered":"Fork-Eye Tensioning Stick \/ Fork-Garp"},"content":{"rendered":"<div class=\"wpb-content-wrapper\"><p>[vc_row][vc_column][vc_column_text css=&#8221;.vc_custom_1728493237016{margin-top: 20px !important;}&#8221;]<\/p>\n<h4><span style=\"color: #ff9900;\"><strong>Fork-Eye Tensioning Stick<\/strong><\/span><\/h4>\n<p>[\/vc_column_text][vc_column_text css=&#8221;.vc_custom_1728493274989{margin-top: -20px !important;}&#8221;]\n<div id=\"tablepress-Bastao-Tensor-Garfo-Olhal-scroll-wrapper\" class=\"tablepress-scroll-wrapper\">\n<table id=\"tablepress-Bastao-Tensor-Garfo-Olhal\" class=\"tablepress tablepress-id-Bastao-Tensor-Garfo-Olhal tablepress-responsive\">\n<thead>\n<tr class=\"row-1\">\n\t<td class=\"column-1\"><\/td><th class=\"column-2\">  Refer\u00eancias<\/th><th class=\"column-3\">Caracter\u00edstica<\/th><td class=\"column-4\"><\/td><td class=\"column-5\"><\/td>\n<\/tr>\n<\/thead>\n<tbody class=\"row-striping row-hover\">\n<tr class=\"row-2\">\n\t<td class=\"column-1\"><img decoding=\"async\" src=\"https:\/\/www.ritzbrasil.com\/wp-content\/uploads\/2024\/10\/rc400-0612-bastao-tensor-garfo-olhal-150x150-1.jpg\" \/><\/td><td class=\"column-2\">RC400-0612<\/td><td class=\"column-3\">Com cabe\u00e7ote garfo em liga de bronze (tipo forquilha),<br \/>\nabertura interna 27 mm e pino olhal para travamento<\/td><td class=\"column-4\">    <button class=\"add-to-budget\" data-table-id=\"Bastao-Tensor-Garfo-Olhal\" data-reference=\"RC400-0612\" data-description=\"Bast\u00e3o Tensor Garfo-Olhal\" style=\"color:#ff4d00;\">\n        <img decoding=\"async\" src=\"https:\/\/www.ritzbrasil.com\/\/wp-content\/uploads\/2024\/07\/orcar-compras-tabela-new-1.png\" alt=\"Request quote\" title=\"Request quote\" \/>\n    <\/button>\n    <\/td><td class=\"column-5\"><a href=\"https:\/\/lojasritz.com.br\/catalogsearch\/result\/?q=RC400-0612\" target=\"_blank\" rel=\"noopener\"><img decoding=\"async\" src=\"https:\/\/www.ritzbrasil.com\/wp-content\/uploads\/2024\/07\/carrinho-compras-tabela.png\"  \/><\/a><\/td>\n<\/tr>\n<tr class=\"row-3\">\n\t<td class=\"column-1\"><img decoding=\"async\" src=\"https:\/\/www.ritzbrasil.com\/wp-content\/uploads\/2024\/10\/rc400-0613-bastao-tensor-garfo-olhal-150x150-1.jpg\" \/><\/td><td class=\"column-2\">RC400-0613<\/td><td class=\"column-3\">Com cabe\u00e7ote garfo em liga de bronze (tipo forquilha),<br \/>\nabertura interna 27 mm e pino olhal para travamento<\/td><td class=\"column-4\">    <button class=\"add-to-budget\" data-table-id=\"Bastao-Tensor-Garfo-Olhal\" data-reference=\"RC400-0613\" data-description=\"Bast\u00e3o Tensor Garfo-Olhal\" style=\"color:#ff4d00;\">\n        <img decoding=\"async\" src=\"https:\/\/www.ritzbrasil.com\/\/wp-content\/uploads\/2024\/07\/orcar-compras-tabela-new-1.png\" alt=\"Request quote\" title=\"Request quote\" \/>\n    <\/button>\n    <\/td><td class=\"column-5\"><a href=\"https:\/\/lojasritz.com.br\/catalogsearch\/result\/?q=RC400-0613\" target=\"_blank\" rel=\"noopener\"><img decoding=\"async\" src=\"https:\/\/www.ritzbrasil.com\/wp-content\/uploads\/2024\/07\/carrinho-compras-tabela.png\"  \/><\/a><\/td>\n<\/tr>\n<\/tbody>\n<\/table>\n<\/div>\n[\/vc_column_text][vc_separator border_width=&#8221;2&#8243; css=&#8221;&#8221;][\/vc_column][\/vc_row][vc_row][vc_column][vc_column_text css=&#8221;.vc_custom_1728493298286{margin-top: 20px !important;}&#8221;]<\/p>\n<h4><span style=\"color: #ff9900;\"><strong>Fork Tensioning Stick<\/strong><\/span><\/h4>\n<p>[\/vc_column_text][vc_column_text css=&#8221;.vc_custom_1728493324909{margin-top: -20px !important;}&#8221;]\n<div id=\"tablepress-Bastao-Tensor-Garfo-Garfo-scroll-wrapper\" class=\"tablepress-scroll-wrapper\">\n<table id=\"tablepress-Bastao-Tensor-Garfo-Garfo\" class=\"tablepress tablepress-id-Bastao-Tensor-Garfo-Garfo tablepress-responsive\">\n<thead>\n<tr class=\"row-1\">\n\t<td class=\"column-1\"><\/td><th class=\"column-2\">  Refer\u00eancias<\/th><th class=\"column-3\">Caracter\u00edstica<\/th><td class=\"column-4\"><\/td><td class=\"column-5\"><\/td>\n<\/tr>\n<\/thead>\n<tbody class=\"row-striping row-hover\">\n<tr class=\"row-2\">\n\t<td class=\"column-1\"><img decoding=\"async\" src=\"https:\/\/www.ritzbrasil.com\/wp-content\/uploads\/2024\/10\/flv29023-1-bastao-tensor-garfo-garfo-150x150-1.jpg\" \/><\/td><td class=\"column-2\">FLV29023-1<\/td><td class=\"column-3\">Com cabe\u00e7ote garfo em liga de bronze (tipo forquilha),<br \/>\nabertura interna 27 mm e pino olhal para travamento<\/td><td class=\"column-4\">    <button class=\"add-to-budget\" data-table-id=\"Bastao-Tensor-Garfo-Garfo\" data-reference=\"FLV29023-1\" data-description=\"Bast\u00e3o Tensor Garfo-Garfo\" style=\"color:#ff4d00;\">\n        <img decoding=\"async\" src=\"https:\/\/www.ritzbrasil.com\/\/wp-content\/uploads\/2024\/07\/orcar-compras-tabela-new-1.png\" alt=\"Request quote\" title=\"Request quote\" \/>\n    <\/button>\n    <\/td><td class=\"column-5\"><a href=\"https:\/\/lojasritz.com.br\/catalogsearch\/result\/?q=FLV29023-1\" target=\"_blank\" rel=\"noopener\"><img decoding=\"async\" src=\"https:\/\/www.ritzbrasil.com\/wp-content\/uploads\/2024\/07\/carrinho-compras-tabela.png\"  \/><\/a><\/td>\n<\/tr>\n<tr class=\"row-3\">\n\t<td class=\"column-1\"><img decoding=\"async\" src=\"https:\/\/www.ritzbrasil.com\/wp-content\/uploads\/2024\/10\/flv29023-2-bastao-tensor-garfo-garfo-150x150-1.jpg\" \/><\/td><td class=\"column-2\">FLV29023-2<\/td><td class=\"column-3\">Com cabe\u00e7ote garfo em liga de bronze (tipo forquilha),<br \/>\nabertura interna 27 mm e pino olhal para travamento<\/td><td class=\"column-4\">    <button class=\"add-to-budget\" data-table-id=\"Bastao-Tensor-Garfo-Garfo\" data-reference=\"FLV29023-2\" data-description=\"Bast\u00e3o Tensor Garfo-Garfo\" style=\"color:#ff4d00;\">\n        <img decoding=\"async\" src=\"https:\/\/www.ritzbrasil.com\/\/wp-content\/uploads\/2024\/07\/orcar-compras-tabela-new-1.png\" alt=\"Request quote\" title=\"Request quote\" \/>\n    <\/button>\n    <\/td><td class=\"column-5\"><a href=\"https:\/\/lojasritz.com.br\/catalogsearch\/result\/?q=FLV29023-2\" target=\"_blank\" rel=\"noopener\"><img decoding=\"async\" src=\"https:\/\/www.ritzbrasil.com\/wp-content\/uploads\/2024\/07\/carrinho-compras-tabela.png\"  \/><\/a><\/td>\n<\/tr>\n<tr class=\"row-4\">\n\t<td class=\"column-1\"><img decoding=\"async\" src=\"https:\/\/www.ritzbrasil.com\/wp-content\/uploads\/2024\/10\/flv29023-3-bastao-tensor-garfo-garfo-150x150-1.jpg\" \/><\/td><td class=\"column-2\">FLV29023-3<\/td><td class=\"column-3\">Com cabe\u00e7ote garfo em liga de bronze (tipo forquilha),<br \/>\nabertura interna 27 mm e pino olhal para travamento<\/td><td class=\"column-4\">    <button class=\"add-to-budget\" data-table-id=\"Bastao-Tensor-Garfo-Garfo\" data-reference=\"FLV29023-3\" data-description=\"Bast\u00e3o Tensor Garfo-Garfo\" style=\"color:#ff4d00;\">\n        <img decoding=\"async\" src=\"https:\/\/www.ritzbrasil.com\/\/wp-content\/uploads\/2024\/07\/orcar-compras-tabela-new-1.png\" alt=\"Request quote\" title=\"Request quote\" \/>\n    <\/button>\n    <\/td><td class=\"column-5\"><a href=\"https:\/\/lojasritz.com.br\/catalogsearch\/result\/?q=FLV29023-3\" target=\"_blank\" rel=\"noopener\"><img decoding=\"async\" src=\"https:\/\/www.ritzbrasil.com\/wp-content\/uploads\/2024\/07\/carrinho-compras-tabela.png\"  \/><\/a><\/td>\n<\/tr>\n<tr class=\"row-5\">\n\t<td class=\"column-1\"><img decoding=\"async\" src=\"https:\/\/www.ritzbrasil.com\/wp-content\/uploads\/2024\/10\/flv29023-4-bastao-tensor-garfo-garfo-150x150-1.jpg\" \/><\/td><td class=\"column-2\">FLV29023-4<\/td><td class=\"column-3\">Com cabe\u00e7ote garfo em liga de bronze (tipo forquilha),<br \/>\nabertura interna 27 mm e pino olhal para travamento<\/td><td class=\"column-4\">    <button class=\"add-to-budget\" data-table-id=\"Bastao-Tensor-Garfo-Garfo\" data-reference=\"FLV29023-4\" data-description=\"Bast\u00e3o Tensor Garfo-Garfo\" style=\"color:#ff4d00;\">\n        <img decoding=\"async\" src=\"https:\/\/www.ritzbrasil.com\/\/wp-content\/uploads\/2024\/07\/orcar-compras-tabela-new-1.png\" alt=\"Request quote\" title=\"Request quote\" \/>\n    <\/button>\n    <\/td><td class=\"column-5\"><a href=\"https:\/\/lojasritz.com.br\/catalogsearch\/result\/?q=FLV29023-4\" target=\"_blank\" rel=\"noopener\"><img decoding=\"async\" src=\"https:\/\/www.ritzbrasil.com\/wp-content\/uploads\/2024\/07\/carrinho-compras-tabela.png\"  \/><\/a><\/td>\n<\/tr>\n<tr class=\"row-6\">\n\t<td class=\"column-1\"><img decoding=\"async\" src=\"https:\/\/www.ritzbrasil.com\/wp-content\/uploads\/2024\/10\/flv29023-5-bastao-tensor-garfo-garfo-150x150-1.jpg\" \/><\/td><td class=\"column-2\">FLV29023-5<\/td><td class=\"column-3\">Com cabe\u00e7ote garfo em liga de bronze (tipo forquilha),<br \/>\nabertura interna 27 mm e pino olhal para travamento<\/td><td class=\"column-4\">    <button class=\"add-to-budget\" data-table-id=\"Bastao-Tensor-Garfo-Garfo\" data-reference=\"FLV29023-5\" data-description=\"Bast\u00e3o Tensor Garfo-Garfo\" style=\"color:#ff4d00;\">\n        <img decoding=\"async\" src=\"https:\/\/www.ritzbrasil.com\/\/wp-content\/uploads\/2024\/07\/orcar-compras-tabela-new-1.png\" alt=\"Request quote\" title=\"Request quote\" \/>\n    <\/button>\n    <\/td><td class=\"column-5\"><a href=\"https:\/\/lojasritz.com.br\/catalogsearch\/result\/?q=FLV29023-5\" target=\"_blank\" rel=\"noopener\"><img decoding=\"async\" src=\"https:\/\/www.ritzbrasil.com\/wp-content\/uploads\/2024\/07\/carrinho-compras-tabela.png\"  \/><\/a><\/td>\n<\/tr>\n<\/tbody>\n<\/table>\n<\/div>\n[\/vc_column_text][vc_separator border_width=&#8221;2&#8243; css=&#8221;&#8221;][\/vc_column][\/vc_row]<\/p>\n<\/div>","protected":false},"excerpt":{"rendered":"<h4><span style=\"color: #ff9900;\">Fork-Eye Tensioning Stick \/ Fork-Garp<\/span><\/h4>\n<p>They are designed to be used on suspension or anchor chains, single or multiple arrangements. Also used on &#8220;V&#8221; chains, coupled directly to the rocker hole, they allow the load of both chains to be relieved simultaneously.<\/p>\n<p>Made from RITZGLAS\u00ae tubing, they have a non-rotating aluminum alloy eye head and can be adapted to a wide range of aluminum sheet yoke shapes by means of bronze alloy fork heads.<\/p>\n","protected":false},"featured_media":59356,"template":"","meta":[],"product_brand":[],"product_cat":[2101],"product_tag":[2416,2417,2418,2419,2420,2414,2415],"class_list":{"0":"post-61175","1":"product","2":"type-product","3":"status-publish","4":"has-post-thumbnail","6":"product_cat-traction-locomotion-and-support-tools","7":"product_tag-flv29023-1-en","8":"product_tag-flv29023-2-en","9":"product_tag-flv29023-3-en","10":"product_tag-flv29023-4-en","11":"product_tag-flv29023-5-en","12":"product_tag-rc400-0612-en","13":"product_tag-rc400-0613-en","14":"description-off","16":"first","17":"instock","18":"virtual","19":"product-type-simple"},"yoast_head":"<!-- This site is optimized with the Yoast SEO plugin v27.1.1 - https:\/\/yoast.com\/product\/yoast-seo-wordpress\/ -->\n<title>Fork-Eye Tensioning Stick \/ Fork-Garp<\/title>\n<meta name=\"description\" content=\"Fork-link \/ fork-link tensioning rod for suspension or anchor chains, ideal for single, multiple or &#039;V&#039; arrangements, relieving simultaneous load\" \/>\n<meta name=\"robots\" content=\"index, follow, max-snippet:-1, max-image-preview:large, max-video-preview:-1\" \/>\n<link rel=\"canonical\" href=\"https:\/\/www.ritzbrasil.com\/en\/produtos\/traction-locomotion-and-support-tools\/fork-eye-tensioning-stick-fork-garp\/\" \/>\n<meta property=\"og:locale\" content=\"en_US\" \/>\n<meta property=\"og:type\" content=\"article\" \/>\n<meta property=\"og:title\" content=\"Fork-Eye Tensioning Stick \/ Fork-Garp\" \/>\n<meta property=\"og:description\" content=\"Fork-link \/ fork-link tensioning rod for suspension or anchor chains, ideal for single, multiple or &#039;V&#039; arrangements, relieving simultaneous load\" \/>\n<meta property=\"og:url\" content=\"https:\/\/www.ritzbrasil.com\/en\/produtos\/traction-locomotion-and-support-tools\/fork-eye-tensioning-stick-fork-garp\/\" \/>\n<meta property=\"og:site_name\" content=\"Equipamentos de Manuten\u00e7\u00e3o e Seguran\u00e7a para o Setor El\u00e9trico - Ritz Brasil\" \/>\n<meta property=\"article:modified_time\" content=\"2026-02-25T18:38:19+00:00\" \/>\n<meta property=\"og:image\" content=\"https:\/\/www.ritzbrasil.com\/wp-content\/uploads\/2024\/10\/rc400-0612-bastao-tensor-garfo-olhal.jpg\" \/>\n\t<meta property=\"og:image:width\" content=\"1200\" \/>\n\t<meta property=\"og:image:height\" content=\"1200\" \/>\n\t<meta property=\"og:image:type\" content=\"image\/jpeg\" \/>\n<meta name=\"twitter:card\" content=\"summary_large_image\" \/>\n<meta name=\"twitter:label1\" content=\"Est. reading time\" \/>\n\t<meta name=\"twitter:data1\" content=\"1 minute\" \/>\n<script type=\"application\/ld+json\" class=\"yoast-schema-graph\">{\"@context\":\"https:\/\/schema.org\",\"@graph\":[{\"@type\":\"WebPage\",\"@id\":\"https:\/\/www.ritzbrasil.com\/en\/produtos\/traction-locomotion-and-support-tools\/fork-eye-tensioning-stick-fork-garp\/\",\"url\":\"https:\/\/www.ritzbrasil.com\/en\/produtos\/traction-locomotion-and-support-tools\/fork-eye-tensioning-stick-fork-garp\/\",\"name\":\"Fork-Eye Tensioning Stick \/ Fork-Garp\",\"isPartOf\":{\"@id\":\"https:\/\/www.ritzbrasil.com\/en\/#website\"},\"primaryImageOfPage\":{\"@id\":\"https:\/\/www.ritzbrasil.com\/en\/produtos\/traction-locomotion-and-support-tools\/fork-eye-tensioning-stick-fork-garp\/#primaryimage\"},\"image\":{\"@id\":\"https:\/\/www.ritzbrasil.com\/en\/produtos\/traction-locomotion-and-support-tools\/fork-eye-tensioning-stick-fork-garp\/#primaryimage\"},\"thumbnailUrl\":\"https:\/\/www.ritzbrasil.com\/wp-content\/uploads\/2024\/10\/rc400-0612-bastao-tensor-garfo-olhal.jpg\",\"datePublished\":\"2024-10-09T16:56:23+00:00\",\"dateModified\":\"2026-02-25T18:38:19+00:00\",\"description\":\"Fork-link \/ fork-link tensioning rod for suspension or anchor chains, ideal for single, multiple or 'V' arrangements, relieving simultaneous load\",\"breadcrumb\":{\"@id\":\"https:\/\/www.ritzbrasil.com\/en\/produtos\/traction-locomotion-and-support-tools\/fork-eye-tensioning-stick-fork-garp\/#breadcrumb\"},\"inLanguage\":\"en-US\",\"potentialAction\":[{\"@type\":\"ReadAction\",\"target\":[\"https:\/\/www.ritzbrasil.com\/en\/produtos\/traction-locomotion-and-support-tools\/fork-eye-tensioning-stick-fork-garp\/\"]}]},{\"@type\":\"ImageObject\",\"inLanguage\":\"en-US\",\"@id\":\"https:\/\/www.ritzbrasil.com\/en\/produtos\/traction-locomotion-and-support-tools\/fork-eye-tensioning-stick-fork-garp\/#primaryimage\",\"url\":\"https:\/\/www.ritzbrasil.com\/wp-content\/uploads\/2024\/10\/rc400-0612-bastao-tensor-garfo-olhal.jpg\",\"contentUrl\":\"https:\/\/www.ritzbrasil.com\/wp-content\/uploads\/2024\/10\/rc400-0612-bastao-tensor-garfo-olhal.jpg\",\"width\":1200,\"height\":1200,\"caption\":\"RC400-0612 Fork-Eye Tensioning Stick\"},{\"@type\":\"BreadcrumbList\",\"@id\":\"https:\/\/www.ritzbrasil.com\/en\/produtos\/traction-locomotion-and-support-tools\/fork-eye-tensioning-stick-fork-garp\/#breadcrumb\",\"itemListElement\":[{\"@type\":\"ListItem\",\"position\":1,\"name\":\"In\u00edcio\",\"item\":\"https:\/\/www.ritzbrasil.com\/en\/\"},{\"@type\":\"ListItem\",\"position\":2,\"name\":\"Shop\",\"item\":\"https:\/\/www.ritzbrasil.com\/en\/shop\/\"},{\"@type\":\"ListItem\",\"position\":3,\"name\":\"Fork-Eye Tensioning Stick \/ Fork-Garp\"}]},{\"@type\":\"WebSite\",\"@id\":\"https:\/\/www.ritzbrasil.com\/en\/#website\",\"url\":\"https:\/\/www.ritzbrasil.com\/en\/\",\"name\":\"Equipamentos de Manuten\u00e7\u00e3o e Seguran\u00e7a para o Setor El\u00e9trico - Ritz Brasil\",\"description\":\"\",\"potentialAction\":[{\"@type\":\"SearchAction\",\"target\":{\"@type\":\"EntryPoint\",\"urlTemplate\":\"https:\/\/www.ritzbrasil.com\/en\/?s={search_term_string}\"},\"query-input\":{\"@type\":\"PropertyValueSpecification\",\"valueRequired\":true,\"valueName\":\"search_term_string\"}}],\"inLanguage\":\"en-US\"}]}<\/script>\n<!-- \/ Yoast SEO plugin. -->","yoast_head_json":{"title":"Fork-Eye Tensioning Stick \/ Fork-Garp","description":"Fork-link \/ fork-link tensioning rod for suspension or anchor chains, ideal for single, multiple or 'V' arrangements, relieving simultaneous load","robots":{"index":"index","follow":"follow","max-snippet":"max-snippet:-1","max-image-preview":"max-image-preview:large","max-video-preview":"max-video-preview:-1"},"canonical":"https:\/\/www.ritzbrasil.com\/en\/produtos\/traction-locomotion-and-support-tools\/fork-eye-tensioning-stick-fork-garp\/","og_locale":"en_US","og_type":"article","og_title":"Fork-Eye Tensioning Stick \/ Fork-Garp","og_description":"Fork-link \/ fork-link tensioning rod for suspension or anchor chains, ideal for single, multiple or 'V' arrangements, relieving simultaneous load","og_url":"https:\/\/www.ritzbrasil.com\/en\/produtos\/traction-locomotion-and-support-tools\/fork-eye-tensioning-stick-fork-garp\/","og_site_name":"Equipamentos de Manuten\u00e7\u00e3o e Seguran\u00e7a para o Setor El\u00e9trico - Ritz Brasil","article_modified_time":"2026-02-25T18:38:19+00:00","og_image":[{"width":1200,"height":1200,"url":"https:\/\/www.ritzbrasil.com\/wp-content\/uploads\/2024\/10\/rc400-0612-bastao-tensor-garfo-olhal.jpg","type":"image\/jpeg"}],"twitter_card":"summary_large_image","twitter_misc":{"Est. reading time":"1 minute"},"schema":{"@context":"https:\/\/schema.org","@graph":[{"@type":"WebPage","@id":"https:\/\/www.ritzbrasil.com\/en\/produtos\/traction-locomotion-and-support-tools\/fork-eye-tensioning-stick-fork-garp\/","url":"https:\/\/www.ritzbrasil.com\/en\/produtos\/traction-locomotion-and-support-tools\/fork-eye-tensioning-stick-fork-garp\/","name":"Fork-Eye Tensioning Stick \/ Fork-Garp","isPartOf":{"@id":"https:\/\/www.ritzbrasil.com\/en\/#website"},"primaryImageOfPage":{"@id":"https:\/\/www.ritzbrasil.com\/en\/produtos\/traction-locomotion-and-support-tools\/fork-eye-tensioning-stick-fork-garp\/#primaryimage"},"image":{"@id":"https:\/\/www.ritzbrasil.com\/en\/produtos\/traction-locomotion-and-support-tools\/fork-eye-tensioning-stick-fork-garp\/#primaryimage"},"thumbnailUrl":"https:\/\/www.ritzbrasil.com\/wp-content\/uploads\/2024\/10\/rc400-0612-bastao-tensor-garfo-olhal.jpg","datePublished":"2024-10-09T16:56:23+00:00","dateModified":"2026-02-25T18:38:19+00:00","description":"Fork-link \/ fork-link tensioning rod for suspension or anchor chains, ideal for single, multiple or 'V' arrangements, relieving simultaneous load","breadcrumb":{"@id":"https:\/\/www.ritzbrasil.com\/en\/produtos\/traction-locomotion-and-support-tools\/fork-eye-tensioning-stick-fork-garp\/#breadcrumb"},"inLanguage":"en-US","potentialAction":[{"@type":"ReadAction","target":["https:\/\/www.ritzbrasil.com\/en\/produtos\/traction-locomotion-and-support-tools\/fork-eye-tensioning-stick-fork-garp\/"]}]},{"@type":"ImageObject","inLanguage":"en-US","@id":"https:\/\/www.ritzbrasil.com\/en\/produtos\/traction-locomotion-and-support-tools\/fork-eye-tensioning-stick-fork-garp\/#primaryimage","url":"https:\/\/www.ritzbrasil.com\/wp-content\/uploads\/2024\/10\/rc400-0612-bastao-tensor-garfo-olhal.jpg","contentUrl":"https:\/\/www.ritzbrasil.com\/wp-content\/uploads\/2024\/10\/rc400-0612-bastao-tensor-garfo-olhal.jpg","width":1200,"height":1200,"caption":"RC400-0612 Fork-Eye Tensioning Stick"},{"@type":"BreadcrumbList","@id":"https:\/\/www.ritzbrasil.com\/en\/produtos\/traction-locomotion-and-support-tools\/fork-eye-tensioning-stick-fork-garp\/#breadcrumb","itemListElement":[{"@type":"ListItem","position":1,"name":"In\u00edcio","item":"https:\/\/www.ritzbrasil.com\/en\/"},{"@type":"ListItem","position":2,"name":"Shop","item":"https:\/\/www.ritzbrasil.com\/en\/shop\/"},{"@type":"ListItem","position":3,"name":"Fork-Eye Tensioning Stick \/ Fork-Garp"}]},{"@type":"WebSite","@id":"https:\/\/www.ritzbrasil.com\/en\/#website","url":"https:\/\/www.ritzbrasil.com\/en\/","name":"Equipamentos de Manuten\u00e7\u00e3o e Seguran\u00e7a para o Setor El\u00e9trico - Ritz Brasil","description":"","potentialAction":[{"@type":"SearchAction","target":{"@type":"EntryPoint","urlTemplate":"https:\/\/www.ritzbrasil.com\/en\/?s={search_term_string}"},"query-input":{"@type":"PropertyValueSpecification","valueRequired":true,"valueName":"search_term_string"}}],"inLanguage":"en-US"}]}},"_links":{"self":[{"href":"https:\/\/www.ritzbrasil.com\/en\/wp-json\/wp\/v2\/product\/61175","targetHints":{"allow":["GET"]}}],"collection":[{"href":"https:\/\/www.ritzbrasil.com\/en\/wp-json\/wp\/v2\/product"}],"about":[{"href":"https:\/\/www.ritzbrasil.com\/en\/wp-json\/wp\/v2\/types\/product"}],"wp:featuredmedia":[{"embeddable":true,"href":"https:\/\/www.ritzbrasil.com\/en\/wp-json\/wp\/v2\/media\/59356"}],"wp:attachment":[{"href":"https:\/\/www.ritzbrasil.com\/en\/wp-json\/wp\/v2\/media?parent=61175"}],"wp:term":[{"taxonomy":"product_brand","embeddable":true,"href":"https:\/\/www.ritzbrasil.com\/en\/wp-json\/wp\/v2\/product_brand?post=61175"},{"taxonomy":"product_cat","embeddable":true,"href":"https:\/\/www.ritzbrasil.com\/en\/wp-json\/wp\/v2\/product_cat?post=61175"},{"taxonomy":"product_tag","embeddable":true,"href":"https:\/\/www.ritzbrasil.com\/en\/wp-json\/wp\/v2\/product_tag?post=61175"}],"curies":[{"name":"wp","href":"https:\/\/api.w.org\/{rel}","templated":true}]}}