{"id":61166,"date":"2024-10-17T14:49:32","date_gmt":"2024-10-17T17:49:32","guid":{"rendered":"https:\/\/www.ritzbrasil.com\/produtos\/uncategorized\/auxiliary-tensioner\/"},"modified":"2026-02-25T15:36:56","modified_gmt":"2026-02-25T18:36:56","slug":"auxiliary-tensioner","status":"publish","type":"product","link":"https:\/\/www.ritzbrasil.com\/en\/produtos\/traction-locomotion-and-support-tools\/auxiliary-tensioner\/","title":{"rendered":"Auxiliary tensioner"},"content":{"rendered":"<div class=\"wpb-content-wrapper\"><p>[vc_row][vc_column][vc_column_text css=&#8221;.vc_custom_1729187286195{margin-top: 20px !important;}&#8221;]<\/p>\n<h4><span style=\"color: #ff9900;\"><strong>Auxiliary tensioner<\/strong><\/span><\/h4>\n<p>[\/vc_column_text][vc_column_text css=&#8221;.vc_custom_1729508630094{margin-top: -20px !important;}&#8221;]\n<div id=\"tablepress-Tensionador-Auxiliar-scroll-wrapper\" class=\"tablepress-scroll-wrapper\">\n<table id=\"tablepress-Tensionador-Auxiliar\" class=\"tablepress tablepress-id-Tensionador-Auxiliar tablepress-responsive\">\n<thead>\n<tr class=\"row-1\">\n\t<td class=\"column-1\"><\/td><th class=\"column-2\">  Refer\u00eancias<\/th><th class=\"column-3\">Caracter\u00edstica<\/th><td class=\"column-4\"><\/td><td class=\"column-5\"><\/td>\n<\/tr>\n<\/thead>\n<tbody class=\"row-striping row-hover\">\n<tr class=\"row-2\">\n\t<td class=\"column-1\"><img decoding=\"async\" src=\"https:\/\/www.ritzbrasil.com\/wp-content\/uploads\/2024\/10\/flv11537-1-tensionador-auxiliar-150x150-1.jpg\" \/><\/td><td class=\"column-2\">FLV11537-1<\/td><td class=\"column-3\">Possui jugos em alum\u00ednio fundido, dois munh\u00f5es e dois parafusos tensores.<br \/>\nCapacidade nominal de trabalho: 600 daN (1322 lb)<br \/>\nPeso aprox.: 8,15 kg (17,95 lb)<\/td><td class=\"column-4\">    <button class=\"add-to-budget\" data-table-id=\"Tensionador-Auxiliar\" data-reference=\"FLV11537-1\" data-description=\"Tensionador Auxiliar\" style=\"color:#ff4d00;\">\n        <img decoding=\"async\" src=\"https:\/\/www.ritzbrasil.com\/\/wp-content\/uploads\/2024\/07\/orcar-compras-tabela-new-1.png\" alt=\"Request quote\" title=\"Request quote\" \/>\n    <\/button>\n    <\/td><td class=\"column-5\"><a href=\"https:\/\/lojasritz.com.br\/catalogsearch\/result\/?q=FLV11537-1\" target=\"_blank\" rel=\"noopener\"><img decoding=\"async\" src=\"https:\/\/www.ritzbrasil.com\/wp-content\/uploads\/2024\/07\/carrinho-compras-tabela.png\"  \/><\/a><\/td>\n<\/tr>\n<tr class=\"row-3\">\n\t<td class=\"column-1\"><img decoding=\"async\" src=\"https:\/\/www.ritzbrasil.com\/wp-content\/uploads\/2024\/10\/flv30577-3-tensionador-auxiliar-150x150-1.jpg\" \/><\/td><td class=\"column-2\">FLV30577-3<\/td><td class=\"column-3\">Possui dois jugos que se acoplam nas respectivas camp\u00e2nula dos isoladores<br \/>\ncom o aux\u00edlio de castanhas (adquiridas separadamente) de acordo com o<br \/>\nmodelo do isolador, fabricados em liga de alum\u00ednio fundida, al\u00e9m de dois<br \/>\nmunh\u00f5es e dois parafusos tensores.<br \/>\nCapacidade nominal de trabalho: 600 daN (1322 lb)<br \/>\nPeso aprox.: 10,40 kg (22,92 lb)<\/td><td class=\"column-4\">    <button class=\"add-to-budget\" data-table-id=\"Tensionador-Auxiliar\" data-reference=\"FLV30577-3\" data-description=\"Tensionador Auxiliar\" style=\"color:#ff4d00;\">\n        <img decoding=\"async\" src=\"https:\/\/www.ritzbrasil.com\/\/wp-content\/uploads\/2024\/07\/orcar-compras-tabela-new-1.png\" alt=\"Request quote\" title=\"Request quote\" \/>\n    <\/button>\n    <\/td><td class=\"column-5\"><a href=\"https:\/\/lojasritz.com.br\/catalogsearch\/result\/?q=FLV30577-3\" target=\"_blank\" rel=\"noopener\"><img decoding=\"async\" src=\"https:\/\/www.ritzbrasil.com\/wp-content\/uploads\/2024\/07\/carrinho-compras-tabela.png\"  \/><\/a><\/td>\n<\/tr>\n<tr class=\"row-4\">\n\t<td class=\"column-1\"><img decoding=\"async\" src=\"https:\/\/www.ritzbrasil.com\/wp-content\/uploads\/2024\/10\/flv30577-4-tensionador-auxiliar-150x150-1.jpg\" \/><\/td><td class=\"column-2\">FLV30577-4<\/td><td class=\"column-3\">Possui dois jugos que se acoplam nas respectivas camp\u00e2nula dos isoladores<br \/>\ncom o aux\u00edlio de castanhas (adquiridas separadamente) de acordo com o<br \/>\nmodelo do isolador, fabricados em liga de alum\u00ednio fundida, al\u00e9m de dois<br \/>\nmunh\u00f5es e dois parafusos tensores.<br \/>\nCapacidade nominal de trabalho: 600 daN (1322 lb)<br \/>\nPeso aprox.: 10,20 kg (22,48 lb)<\/td><td class=\"column-4\">    <button class=\"add-to-budget\" data-table-id=\"Tensionador-Auxiliar\" data-reference=\"FLV30577-4\" data-description=\"Tensionador Auxiliar\" style=\"color:#ff4d00;\">\n        <img decoding=\"async\" src=\"https:\/\/www.ritzbrasil.com\/\/wp-content\/uploads\/2024\/07\/orcar-compras-tabela-new-1.png\" alt=\"Request quote\" title=\"Request quote\" \/>\n    <\/button>\n    <\/td><td class=\"column-5\"><a href=\"https:\/\/lojasritz.com.br\/catalogsearch\/result\/?q=FLV30577-4\" target=\"_blank\" rel=\"noopener\"><img decoding=\"async\" src=\"https:\/\/www.ritzbrasil.com\/wp-content\/uploads\/2024\/07\/carrinho-compras-tabela.png\"  \/><\/a><\/td>\n<\/tr>\n<\/tbody>\n<\/table>\n<\/div>\n[\/vc_column_text][vc_column_text css=&#8221;.vc_custom_1729161424238{margin-top: -20px !important;}&#8221;]<em>Rated working capacity: 6804 daN (15000 lb)<\/em>[\/vc_column_text][vc_separator border_width=&#8221;2&#8243; css=&#8221;&#8221;][\/vc_column][\/vc_row][vc_row][vc_column][vc_column_text css=&#8221;.vc_custom_1729188638325{margin-top: 20px !important;}&#8221;]<\/p>\n<h4><span style=\"color: #ff9900;\"><strong>Chestnuts<\/strong><\/span><\/h4>\n<p>[\/vc_column_text][vc_column_text css=&#8221;.vc_custom_1729188705690{margin-top: -20px !important;}&#8221;]\n<div id=\"tablepress-Castanhas-Tensionador-Auxiliar-scroll-wrapper\" class=\"tablepress-scroll-wrapper\">\n<table id=\"tablepress-Castanhas-Tensionador-Auxiliar\" class=\"tablepress tablepress-id-Castanhas-Tensionador-Auxiliar tablepress-responsive\">\n<thead>\n<tr class=\"row-1\">\n\t<td class=\"column-1\"><\/td><th class=\"column-2\">  Refer\u00eancias<\/th><th class=\"column-3\">Caracter\u00edstica<\/th><td class=\"column-4\"><\/td><td class=\"column-5\"><\/td>\n<\/tr>\n<\/thead>\n<tbody class=\"row-striping row-hover\">\n<tr class=\"row-2\">\n\t<td class=\"column-1\"><img decoding=\"async\" src=\"https:\/\/www.ritzbrasil.com\/wp-content\/uploads\/2024\/10\/flv30669-1-castanha.jpg\" \/><\/td><td class=\"column-2\">FLV30669-1<\/td><td class=\"column-3\"><\/td><td class=\"column-4\">    <button class=\"add-to-budget\" data-table-id=\"Castanhas-Tensionador-Auxiliar\" data-reference=\"FLV30669-1\" data-description=\"Castanhas - Tensionador Auxiliar\" style=\"color:#ff4d00;\">\n        <img decoding=\"async\" src=\"https:\/\/www.ritzbrasil.com\/\/wp-content\/uploads\/2024\/07\/orcar-compras-tabela-new-1.png\" alt=\"Request quote\" title=\"Request quote\" \/>\n    <\/button>\n    <\/td><td class=\"column-5\"><a href=\"https:\/\/lojasritz.com.br\/catalogsearch\/result\/?q=FLV30669-1\" target=\"_blank\" rel=\"noopener\"><img decoding=\"async\" src=\"https:\/\/www.ritzbrasil.com\/wp-content\/uploads\/2024\/07\/carrinho-compras-tabela.png\"  \/><\/a><\/td>\n<\/tr>\n<tr class=\"row-3\">\n\t<td class=\"column-1\"><img decoding=\"async\" src=\"https:\/\/www.ritzbrasil.com\/wp-content\/uploads\/2024\/10\/flv31349-1-castanha-150x150-1.jpg\" \/><\/td><td class=\"column-2\">FLV31349-1<\/td><td class=\"column-3\"><\/td><td class=\"column-4\">    <button class=\"add-to-budget\" data-table-id=\"Castanhas-Tensionador-Auxiliar\" data-reference=\"FLV31349-1\" data-description=\"Castanhas - Tensionador Auxiliar\" style=\"color:#ff4d00;\">\n        <img decoding=\"async\" src=\"https:\/\/www.ritzbrasil.com\/\/wp-content\/uploads\/2024\/07\/orcar-compras-tabela-new-1.png\" alt=\"Request quote\" title=\"Request quote\" \/>\n    <\/button>\n    <\/td><td class=\"column-5\"><a href=\"https:\/\/lojasritz.com.br\/catalogsearch\/result\/?q=FLV31349-1\" target=\"_blank\" rel=\"noopener\"><img decoding=\"async\" src=\"https:\/\/www.ritzbrasil.com\/wp-content\/uploads\/2024\/07\/carrinho-compras-tabela.png\"  \/><\/a><\/td>\n<\/tr>\n<tr class=\"row-4\">\n\t<td class=\"column-1\"><img decoding=\"async\" src=\"https:\/\/www.ritzbrasil.com\/wp-content\/uploads\/2024\/10\/flv31351-1-castanha-150x150-1.jpg\" \/><\/td><td class=\"column-2\">FLV31351-1<\/td><td class=\"column-3\"><\/td><td class=\"column-4\">    <button class=\"add-to-budget\" data-table-id=\"Castanhas-Tensionador-Auxiliar\" data-reference=\"FLV31351-1\" data-description=\"Castanhas - Tensionador Auxiliar\" style=\"color:#ff4d00;\">\n        <img decoding=\"async\" src=\"https:\/\/www.ritzbrasil.com\/\/wp-content\/uploads\/2024\/07\/orcar-compras-tabela-new-1.png\" alt=\"Request quote\" title=\"Request quote\" \/>\n    <\/button>\n    <\/td><td class=\"column-5\"><a href=\"https:\/\/lojasritz.com.br\/catalogsearch\/result\/?q=FLV31351-1\" target=\"_blank\" rel=\"noopener\"><img decoding=\"async\" src=\"https:\/\/www.ritzbrasil.com\/wp-content\/uploads\/2024\/07\/carrinho-compras-tabela.png\"  \/><\/a><\/td>\n<\/tr>\n<\/tbody>\n<\/table>\n<\/div>\n[\/vc_column_text][vc_column_text css=&#8221;.vc_custom_1729188679800{margin-top: -20px !important;}&#8221;]<strong>NOTE<\/strong><br \/>\n<em>The removable nuts (purchased separately) can be altered to fit different types of insulators. When the models available in this catalog do not meet the insulator&#8217;s specifications, the insulator&#8217;s drawing must be provided for evaluation by our engineering department to develop the appropriate nut. <\/em>[\/vc_column_text][vc_separator border_width=&#8221;2&#8243; css=&#8221;&#8221;][\/vc_column][\/vc_row]<\/p>\n<\/div>","protected":false},"excerpt":{"rendered":"<h4><span style=\"color: #ff9900;\">Auxiliary tensioner<\/span><\/h4>\n<p>Lightweight, portable tool designed to speed up the replacement of damaged insulators in de-energized suspension chains, especially when the number of damaged insulators does not justify removing and lowering the entire chain for replacement on the ground.<\/p>\n<p><strong>SAFETY PROCEDURES<\/strong><br \/>\nWhen changing insulators on de-energized suspension chains, handling the Auxiliary Tensioner requires special attention with regard to its installation in the network, in order to avoid accidents.<br \/>\n1 This tool is only used in de-energized networks.<br \/>\n2. Before installing the Auxiliary Tensioner, the electrician will first need to install a complete tensioner set (yoke and tensioning rods) suitable for the insulator chain to be worked on, in order to relieve the chain&#8217;s mechanical tension and allow the insulator to be decoupled.<br \/>\n3. After this, the nut and the Auxiliary Tensioner will be mounted on the insulator immediately above the one to be replaced (the replacement is carried out on one insulator at a time).<br \/>\n4. When coupling, make sure that the bell of the insulator only rests on the upper base of the yoke when using the<br \/>\nFLV11537-1 model, or on the nut when using the FLV30577 models.<\/p>\n","protected":false},"featured_media":59544,"template":"","meta":[],"product_brand":[],"product_cat":[2101],"product_tag":[2323,2324,2325,2326,2327,2328],"class_list":{"0":"post-61166","1":"product","2":"type-product","3":"status-publish","4":"has-post-thumbnail","6":"product_cat-traction-locomotion-and-support-tools","7":"product_tag-flv11537-1-en","8":"product_tag-flv30577-3-en","9":"product_tag-flv30577-4-en","10":"product_tag-flv30669-1-en","11":"product_tag-flv31349-1-en","12":"product_tag-flv31351-1-en","13":"description-off","15":"first","16":"instock","17":"virtual","18":"product-type-simple"},"yoast_head":"<!-- This site is optimized with the Yoast SEO plugin v27.1.1 - https:\/\/yoast.com\/product\/yoast-seo-wordpress\/ -->\n<title>Auxiliary tensioner<\/title>\n<meta name=\"description\" content=\"Lightweight and portable auxiliary tensioner, it speeds up the replacement of damaged insulators on de-energized suspension chains without dismantling the entire chain.\" \/>\n<meta name=\"robots\" content=\"index, follow, max-snippet:-1, max-image-preview:large, max-video-preview:-1\" \/>\n<link rel=\"canonical\" href=\"https:\/\/www.ritzbrasil.com\/en\/produtos\/traction-locomotion-and-support-tools\/auxiliary-tensioner\/\" \/>\n<meta property=\"og:locale\" content=\"en_US\" \/>\n<meta property=\"og:type\" content=\"article\" \/>\n<meta property=\"og:title\" content=\"Auxiliary tensioner\" \/>\n<meta property=\"og:description\" content=\"Lightweight and portable auxiliary tensioner, it speeds up the replacement of damaged insulators on de-energized suspension chains without dismantling the entire chain.\" \/>\n<meta property=\"og:url\" content=\"https:\/\/www.ritzbrasil.com\/en\/produtos\/traction-locomotion-and-support-tools\/auxiliary-tensioner\/\" \/>\n<meta property=\"og:site_name\" content=\"Equipamentos de Manuten\u00e7\u00e3o e Seguran\u00e7a para o Setor El\u00e9trico - Ritz Brasil\" \/>\n<meta property=\"article:modified_time\" content=\"2026-02-25T18:36:56+00:00\" \/>\n<meta property=\"og:image\" content=\"https:\/\/www.ritzbrasil.com\/wp-content\/uploads\/2024\/10\/flv11537-1-tensionador-auxiliar.jpg\" \/>\n\t<meta property=\"og:image:width\" content=\"1200\" \/>\n\t<meta property=\"og:image:height\" content=\"1200\" \/>\n\t<meta property=\"og:image:type\" content=\"image\/jpeg\" \/>\n<meta name=\"twitter:card\" content=\"summary_large_image\" \/>\n<meta name=\"twitter:label1\" content=\"Est. reading time\" \/>\n\t<meta name=\"twitter:data1\" content=\"1 minute\" \/>\n<script type=\"application\/ld+json\" class=\"yoast-schema-graph\">{\"@context\":\"https:\/\/schema.org\",\"@graph\":[{\"@type\":\"WebPage\",\"@id\":\"https:\/\/www.ritzbrasil.com\/en\/produtos\/traction-locomotion-and-support-tools\/auxiliary-tensioner\/\",\"url\":\"https:\/\/www.ritzbrasil.com\/en\/produtos\/traction-locomotion-and-support-tools\/auxiliary-tensioner\/\",\"name\":\"Auxiliary tensioner\",\"isPartOf\":{\"@id\":\"https:\/\/www.ritzbrasil.com\/en\/#website\"},\"primaryImageOfPage\":{\"@id\":\"https:\/\/www.ritzbrasil.com\/en\/produtos\/traction-locomotion-and-support-tools\/auxiliary-tensioner\/#primaryimage\"},\"image\":{\"@id\":\"https:\/\/www.ritzbrasil.com\/en\/produtos\/traction-locomotion-and-support-tools\/auxiliary-tensioner\/#primaryimage\"},\"thumbnailUrl\":\"https:\/\/www.ritzbrasil.com\/wp-content\/uploads\/2024\/10\/flv11537-1-tensionador-auxiliar.jpg\",\"datePublished\":\"2024-10-17T17:49:32+00:00\",\"dateModified\":\"2026-02-25T18:36:56+00:00\",\"description\":\"Lightweight and portable auxiliary tensioner, it speeds up the replacement of damaged insulators on de-energized suspension chains without dismantling the entire chain.\",\"breadcrumb\":{\"@id\":\"https:\/\/www.ritzbrasil.com\/en\/produtos\/traction-locomotion-and-support-tools\/auxiliary-tensioner\/#breadcrumb\"},\"inLanguage\":\"en-US\",\"potentialAction\":[{\"@type\":\"ReadAction\",\"target\":[\"https:\/\/www.ritzbrasil.com\/en\/produtos\/traction-locomotion-and-support-tools\/auxiliary-tensioner\/\"]}]},{\"@type\":\"ImageObject\",\"inLanguage\":\"en-US\",\"@id\":\"https:\/\/www.ritzbrasil.com\/en\/produtos\/traction-locomotion-and-support-tools\/auxiliary-tensioner\/#primaryimage\",\"url\":\"https:\/\/www.ritzbrasil.com\/wp-content\/uploads\/2024\/10\/flv11537-1-tensionador-auxiliar.jpg\",\"contentUrl\":\"https:\/\/www.ritzbrasil.com\/wp-content\/uploads\/2024\/10\/flv11537-1-tensionador-auxiliar.jpg\",\"width\":1200,\"height\":1200,\"caption\":\"FLV11537-1 Auxiliary tensioner\"},{\"@type\":\"BreadcrumbList\",\"@id\":\"https:\/\/www.ritzbrasil.com\/en\/produtos\/traction-locomotion-and-support-tools\/auxiliary-tensioner\/#breadcrumb\",\"itemListElement\":[{\"@type\":\"ListItem\",\"position\":1,\"name\":\"In\u00edcio\",\"item\":\"https:\/\/www.ritzbrasil.com\/en\/\"},{\"@type\":\"ListItem\",\"position\":2,\"name\":\"Shop\",\"item\":\"https:\/\/www.ritzbrasil.com\/en\/shop\/\"},{\"@type\":\"ListItem\",\"position\":3,\"name\":\"Auxiliary tensioner\"}]},{\"@type\":\"WebSite\",\"@id\":\"https:\/\/www.ritzbrasil.com\/en\/#website\",\"url\":\"https:\/\/www.ritzbrasil.com\/en\/\",\"name\":\"Equipamentos de Manuten\u00e7\u00e3o e Seguran\u00e7a para o Setor El\u00e9trico - Ritz Brasil\",\"description\":\"\",\"potentialAction\":[{\"@type\":\"SearchAction\",\"target\":{\"@type\":\"EntryPoint\",\"urlTemplate\":\"https:\/\/www.ritzbrasil.com\/en\/?s={search_term_string}\"},\"query-input\":{\"@type\":\"PropertyValueSpecification\",\"valueRequired\":true,\"valueName\":\"search_term_string\"}}],\"inLanguage\":\"en-US\"}]}<\/script>\n<!-- \/ Yoast SEO plugin. -->","yoast_head_json":{"title":"Auxiliary tensioner","description":"Lightweight and portable auxiliary tensioner, it speeds up the replacement of damaged insulators on de-energized suspension chains without dismantling the entire chain.","robots":{"index":"index","follow":"follow","max-snippet":"max-snippet:-1","max-image-preview":"max-image-preview:large","max-video-preview":"max-video-preview:-1"},"canonical":"https:\/\/www.ritzbrasil.com\/en\/produtos\/traction-locomotion-and-support-tools\/auxiliary-tensioner\/","og_locale":"en_US","og_type":"article","og_title":"Auxiliary tensioner","og_description":"Lightweight and portable auxiliary tensioner, it speeds up the replacement of damaged insulators on de-energized suspension chains without dismantling the entire chain.","og_url":"https:\/\/www.ritzbrasil.com\/en\/produtos\/traction-locomotion-and-support-tools\/auxiliary-tensioner\/","og_site_name":"Equipamentos de Manuten\u00e7\u00e3o e Seguran\u00e7a para o Setor El\u00e9trico - Ritz Brasil","article_modified_time":"2026-02-25T18:36:56+00:00","og_image":[{"width":1200,"height":1200,"url":"https:\/\/www.ritzbrasil.com\/wp-content\/uploads\/2024\/10\/flv11537-1-tensionador-auxiliar.jpg","type":"image\/jpeg"}],"twitter_card":"summary_large_image","twitter_misc":{"Est. reading time":"1 minute"},"schema":{"@context":"https:\/\/schema.org","@graph":[{"@type":"WebPage","@id":"https:\/\/www.ritzbrasil.com\/en\/produtos\/traction-locomotion-and-support-tools\/auxiliary-tensioner\/","url":"https:\/\/www.ritzbrasil.com\/en\/produtos\/traction-locomotion-and-support-tools\/auxiliary-tensioner\/","name":"Auxiliary tensioner","isPartOf":{"@id":"https:\/\/www.ritzbrasil.com\/en\/#website"},"primaryImageOfPage":{"@id":"https:\/\/www.ritzbrasil.com\/en\/produtos\/traction-locomotion-and-support-tools\/auxiliary-tensioner\/#primaryimage"},"image":{"@id":"https:\/\/www.ritzbrasil.com\/en\/produtos\/traction-locomotion-and-support-tools\/auxiliary-tensioner\/#primaryimage"},"thumbnailUrl":"https:\/\/www.ritzbrasil.com\/wp-content\/uploads\/2024\/10\/flv11537-1-tensionador-auxiliar.jpg","datePublished":"2024-10-17T17:49:32+00:00","dateModified":"2026-02-25T18:36:56+00:00","description":"Lightweight and portable auxiliary tensioner, it speeds up the replacement of damaged insulators on de-energized suspension chains without dismantling the entire chain.","breadcrumb":{"@id":"https:\/\/www.ritzbrasil.com\/en\/produtos\/traction-locomotion-and-support-tools\/auxiliary-tensioner\/#breadcrumb"},"inLanguage":"en-US","potentialAction":[{"@type":"ReadAction","target":["https:\/\/www.ritzbrasil.com\/en\/produtos\/traction-locomotion-and-support-tools\/auxiliary-tensioner\/"]}]},{"@type":"ImageObject","inLanguage":"en-US","@id":"https:\/\/www.ritzbrasil.com\/en\/produtos\/traction-locomotion-and-support-tools\/auxiliary-tensioner\/#primaryimage","url":"https:\/\/www.ritzbrasil.com\/wp-content\/uploads\/2024\/10\/flv11537-1-tensionador-auxiliar.jpg","contentUrl":"https:\/\/www.ritzbrasil.com\/wp-content\/uploads\/2024\/10\/flv11537-1-tensionador-auxiliar.jpg","width":1200,"height":1200,"caption":"FLV11537-1 Auxiliary tensioner"},{"@type":"BreadcrumbList","@id":"https:\/\/www.ritzbrasil.com\/en\/produtos\/traction-locomotion-and-support-tools\/auxiliary-tensioner\/#breadcrumb","itemListElement":[{"@type":"ListItem","position":1,"name":"In\u00edcio","item":"https:\/\/www.ritzbrasil.com\/en\/"},{"@type":"ListItem","position":2,"name":"Shop","item":"https:\/\/www.ritzbrasil.com\/en\/shop\/"},{"@type":"ListItem","position":3,"name":"Auxiliary tensioner"}]},{"@type":"WebSite","@id":"https:\/\/www.ritzbrasil.com\/en\/#website","url":"https:\/\/www.ritzbrasil.com\/en\/","name":"Equipamentos de Manuten\u00e7\u00e3o e Seguran\u00e7a para o Setor El\u00e9trico - Ritz Brasil","description":"","potentialAction":[{"@type":"SearchAction","target":{"@type":"EntryPoint","urlTemplate":"https:\/\/www.ritzbrasil.com\/en\/?s={search_term_string}"},"query-input":{"@type":"PropertyValueSpecification","valueRequired":true,"valueName":"search_term_string"}}],"inLanguage":"en-US"}]}},"_links":{"self":[{"href":"https:\/\/www.ritzbrasil.com\/en\/wp-json\/wp\/v2\/product\/61166","targetHints":{"allow":["GET"]}}],"collection":[{"href":"https:\/\/www.ritzbrasil.com\/en\/wp-json\/wp\/v2\/product"}],"about":[{"href":"https:\/\/www.ritzbrasil.com\/en\/wp-json\/wp\/v2\/types\/product"}],"wp:featuredmedia":[{"embeddable":true,"href":"https:\/\/www.ritzbrasil.com\/en\/wp-json\/wp\/v2\/media\/59544"}],"wp:attachment":[{"href":"https:\/\/www.ritzbrasil.com\/en\/wp-json\/wp\/v2\/media?parent=61166"}],"wp:term":[{"taxonomy":"product_brand","embeddable":true,"href":"https:\/\/www.ritzbrasil.com\/en\/wp-json\/wp\/v2\/product_brand?post=61166"},{"taxonomy":"product_cat","embeddable":true,"href":"https:\/\/www.ritzbrasil.com\/en\/wp-json\/wp\/v2\/product_cat?post=61166"},{"taxonomy":"product_tag","embeddable":true,"href":"https:\/\/www.ritzbrasil.com\/en\/wp-json\/wp\/v2\/product_tag?post=61166"}],"curies":[{"name":"wp","href":"https:\/\/api.w.org\/{rel}","templated":true}]}}