{"id":61163,"date":"2025-07-29T12:12:05","date_gmt":"2025-07-29T15:12:05","guid":{"rendered":"https:\/\/www.ritzbrasil.com\/produtos\/uncategorized\/terminal-block\/"},"modified":"2026-04-16T15:32:34","modified_gmt":"2026-04-16T18:32:34","slug":"barrier-terminal-block","status":"publish","type":"product","link":"https:\/\/www.ritzbrasil.com\/en\/produtos\/measurement-system\/barrier-terminal-block\/","title":{"rendered":"Barrier Terminal Block"},"content":{"rendered":"<div class=\"wpb-content-wrapper\"><p>[vc_row][vc_column][vc_column_text css=&#8221;.vc_custom_1776364327318{margin-top: 20px !important;}&#8221;]<\/p>\n<h4><span style=\"color: #ff9900;\"><strong>Barrier Terminal Block<\/strong><\/span><\/h4>\n<p>[\/vc_column_text][vc_column_text css=&#8221;.vc_custom_1753821282858{margin-top: -20px !important;}&#8221;]\n<div id=\"tablepress-BlocoTerminal-BTR-scroll-wrapper\" class=\"tablepress-scroll-wrapper\">\n<table id=\"tablepress-BlocoTerminal-BTR\" class=\"tablepress tablepress-id-BlocoTerminal-BTR tablepress-responsive\">\n<thead>\n<tr class=\"row-1\">\n\t<td class=\"column-1\"><\/td><th class=\"column-2\">  Refer\u00eancias<\/th><th class=\"column-3\">Caracter\u00edstica<\/th><td class=\"column-4\"><\/td><td class=\"column-5\"><\/td>\n<\/tr>\n<\/thead>\n<tbody class=\"row-striping row-hover\">\n<tr class=\"row-2\">\n\t<td class=\"column-1\"><img decoding=\"async\" src=\"https:\/\/www.ritzbrasil.com\/wp-content\/uploads\/2025\/07\/bloco-terminal-btr32681-1-150x150-1.jpg\" \/><\/td><td class=\"column-2\">BTR32681-1<\/td><td class=\"column-3\">Bloco Terminal com 12 vias, classe de tens\u00e3o de 600V e Corrente Nominal de 30A<\/td><td class=\"column-4\">    <button class=\"add-to-budget\" data-table-id=\"Bloco Terminal - BTR\" data-reference=\"BTR32681-1\" data-description=\"Bloco Terminal\" style=\"color:#ff4d00;\">\n        <img decoding=\"async\" src=\"https:\/\/www.ritzbrasil.com\/\/wp-content\/uploads\/2024\/07\/orcar-compras-tabela-new-1.png\" alt=\"Request quote\" title=\"Request quote\" \/>\n    <\/button>\n    <\/td><td class=\"column-5\"><a href=\"https:\/\/lojasritz.com.br\/catalogsearch\/result\/?q=LS-80\" target=\"_blank\" rel=\"noopener\"><img decoding=\"async\" src=\"https:\/\/www.ritzbrasil.com\/wp-content\/uploads\/2024\/07\/carrinho-compras-tabela.png\"  \/><\/a><\/td>\n<\/tr>\n<tr class=\"row-3\">\n\t<td class=\"column-1\"><img decoding=\"async\" src=\"https:\/\/www.ritzbrasil.com\/wp-content\/uploads\/2025\/07\/bloco-terminal-btr32685-1-150x150-1.jpg\" \/><\/td><td class=\"column-2\">BTR32685-1<\/td><td class=\"column-3\">Bloco Terminal com 6 vias, classe de tens\u00e3o de 600V e Corrente Nominal de 30A<\/td><td class=\"column-4\">    <button class=\"add-to-budget\" data-table-id=\"BlocoTerminal-BTR\" data-reference=\"BTR32685-1\" data-description=\"Bloco Terminal\" style=\"color:#ff4d00;\">\n        <img decoding=\"async\" src=\"https:\/\/www.ritzbrasil.com\/\/wp-content\/uploads\/2024\/07\/orcar-compras-tabela-new-1.png\" alt=\"Request quote\" title=\"Request quote\" \/>\n    <\/button>\n    <\/td><td class=\"column-5\"><a href=\"https:\/\/lojasritz.com.br\/catalogsearch\/result\/?q=LS-81\" target=\"_blank\" rel=\"noopener\"><img decoding=\"async\" src=\"https:\/\/www.ritzbrasil.com\/wp-content\/uploads\/2024\/07\/carrinho-compras-tabela.png\"  \/><\/a><\/td>\n<\/tr>\n<\/tbody>\n<\/table>\n<\/div>\n[\/vc_column_text][vc_separator border_width=&#8221;2&#8243; css=&#8221;&#8221;][\/vc_column][\/vc_row]<\/p>\n<\/div>","protected":false},"excerpt":{"rendered":"<div style=\"font-family: Arial, sans-serif; font-size: 15px; color: #000000; line-height: 1.6;\">\n<p><strong>The terminal block<\/strong> is designed for control and signaling connections in industrial plants, substations, switchboards, cubicles and other electrical installations. It is a reliable technical component, widely used in systems that require organization, isolation and robustness in electrical connections. <\/p>\n<p>Made from special high-strength resin, the terminal block strictly meets the mechanical and electrical requirements of the main utilities and equipment manufacturers. Available in versions with 6 or 12 contact points, it provides flexibility for different interconnection configurations. <\/p>\n<p>The product features tin-plated copper connectors, which offer excellent conductivity and corrosion resistance, as well as slim three-point galvanized steel screws, which ensure the conductors are securely fastened. Its simplified construction allows for quick installation and reduces maintenance time in the field. <\/p>\n<p>For more information on compliance with electrical standards and safety, consult the technical guidelines issued by <a style=\"color: #47215e; text-decoration: underline;\" href=\"https:\/\/www.aneel.gov.br\/\" target=\"_blank\" rel=\"noopener\">ANEEL<\/a>, the sector&#8217;s regulatory body in Brazil.<\/p>\n<p><a style=\"color: #47215e; text-decoration: underline;\" href=\"https:\/\/www.ritzbrasil.com\/contato\/\">Contact our team<\/a> for detailed technical specifications or to request a personalized quote.<\/p>\n<\/div>\n","protected":false},"featured_media":61032,"template":"","meta":[],"product_brand":[],"product_cat":[2310],"product_tag":[],"class_list":{"0":"post-61163","1":"product","2":"type-product","3":"status-publish","4":"has-post-thumbnail","6":"product_cat-measurement-system","7":"description-off","9":"first","10":"instock","11":"featured","12":"virtual","13":"product-type-simple"},"yoast_head":"<!-- This site is optimized with the Yoast SEO plugin v27.1.1 - https:\/\/yoast.com\/product\/yoast-seo-wordpress\/ -->\n<title>Barrier Terminal Block<\/title>\n<meta name=\"description\" content=\"Terminal block with 6 or 12 points for safe and robust connections in control, signaling and electrical interconnection systems.Barrier Terminal Block\" \/>\n<meta name=\"robots\" content=\"index, follow, max-snippet:-1, max-image-preview:large, max-video-preview:-1\" \/>\n<link rel=\"canonical\" href=\"https:\/\/www.ritzbrasil.com\/en\/produtos\/measurement-system\/barrier-terminal-block\/\" \/>\n<meta property=\"og:locale\" content=\"en_US\" \/>\n<meta property=\"og:type\" content=\"article\" \/>\n<meta property=\"og:title\" content=\"Barrier Terminal Block\" \/>\n<meta property=\"og:description\" content=\"Terminal block with 6 or 12 points for safe and robust connections in control, signaling and electrical interconnection systems.Barrier Terminal Block\" \/>\n<meta property=\"og:url\" content=\"https:\/\/www.ritzbrasil.com\/en\/produtos\/measurement-system\/barrier-terminal-block\/\" \/>\n<meta property=\"og:site_name\" content=\"Equipamentos de Manuten\u00e7\u00e3o e Seguran\u00e7a para o Setor El\u00e9trico - Ritz Brasil\" \/>\n<meta property=\"article:modified_time\" content=\"2026-04-16T18:32:34+00:00\" \/>\n<meta property=\"og:image\" content=\"https:\/\/www.ritzbrasil.com\/wp-content\/uploads\/2025\/07\/bloco-terminal-btr32681-1.jpg\" \/>\n\t<meta property=\"og:image:width\" content=\"1200\" \/>\n\t<meta property=\"og:image:height\" content=\"1200\" \/>\n\t<meta property=\"og:image:type\" content=\"image\/jpeg\" \/>\n<meta name=\"twitter:card\" content=\"summary_large_image\" \/>\n<meta name=\"twitter:label1\" content=\"Est. reading time\" \/>\n\t<meta name=\"twitter:data1\" content=\"1 minute\" \/>\n<script type=\"application\/ld+json\" class=\"yoast-schema-graph\">{\"@context\":\"https:\/\/schema.org\",\"@graph\":[{\"@type\":\"WebPage\",\"@id\":\"https:\/\/www.ritzbrasil.com\/en\/produtos\/measurement-system\/barrier-terminal-block\/\",\"url\":\"https:\/\/www.ritzbrasil.com\/en\/produtos\/measurement-system\/barrier-terminal-block\/\",\"name\":\"Barrier Terminal Block\",\"isPartOf\":{\"@id\":\"https:\/\/www.ritzbrasil.com\/en\/#website\"},\"primaryImageOfPage\":{\"@id\":\"https:\/\/www.ritzbrasil.com\/en\/produtos\/measurement-system\/barrier-terminal-block\/#primaryimage\"},\"image\":{\"@id\":\"https:\/\/www.ritzbrasil.com\/en\/produtos\/measurement-system\/barrier-terminal-block\/#primaryimage\"},\"thumbnailUrl\":\"https:\/\/www.ritzbrasil.com\/wp-content\/uploads\/2025\/07\/bloco-terminal-btr32681-1.jpg\",\"datePublished\":\"2025-07-29T15:12:05+00:00\",\"dateModified\":\"2026-04-16T18:32:34+00:00\",\"description\":\"Terminal block with 6 or 12 points for safe and robust connections in control, signaling and electrical interconnection systems.Barrier Terminal Block\",\"breadcrumb\":{\"@id\":\"https:\/\/www.ritzbrasil.com\/en\/produtos\/measurement-system\/barrier-terminal-block\/#breadcrumb\"},\"inLanguage\":\"en-US\",\"potentialAction\":[{\"@type\":\"ReadAction\",\"target\":[\"https:\/\/www.ritzbrasil.com\/en\/produtos\/measurement-system\/barrier-terminal-block\/\"]}]},{\"@type\":\"ImageObject\",\"inLanguage\":\"en-US\",\"@id\":\"https:\/\/www.ritzbrasil.com\/en\/produtos\/measurement-system\/barrier-terminal-block\/#primaryimage\",\"url\":\"https:\/\/www.ritzbrasil.com\/wp-content\/uploads\/2025\/07\/bloco-terminal-btr32681-1.jpg\",\"contentUrl\":\"https:\/\/www.ritzbrasil.com\/wp-content\/uploads\/2025\/07\/bloco-terminal-btr32681-1.jpg\",\"width\":1200,\"height\":1200,\"caption\":\"Terminal Block BTR32681-1\"},{\"@type\":\"BreadcrumbList\",\"@id\":\"https:\/\/www.ritzbrasil.com\/en\/produtos\/measurement-system\/barrier-terminal-block\/#breadcrumb\",\"itemListElement\":[{\"@type\":\"ListItem\",\"position\":1,\"name\":\"In\u00edcio\",\"item\":\"https:\/\/www.ritzbrasil.com\/en\/\"},{\"@type\":\"ListItem\",\"position\":2,\"name\":\"Shop\",\"item\":\"https:\/\/www.ritzbrasil.com\/en\/shop\/\"},{\"@type\":\"ListItem\",\"position\":3,\"name\":\"Barrier Terminal Block\"}]},{\"@type\":\"WebSite\",\"@id\":\"https:\/\/www.ritzbrasil.com\/en\/#website\",\"url\":\"https:\/\/www.ritzbrasil.com\/en\/\",\"name\":\"Equipamentos de Manuten\u00e7\u00e3o e Seguran\u00e7a para o Setor El\u00e9trico - Ritz Brasil\",\"description\":\"\",\"potentialAction\":[{\"@type\":\"SearchAction\",\"target\":{\"@type\":\"EntryPoint\",\"urlTemplate\":\"https:\/\/www.ritzbrasil.com\/en\/?s={search_term_string}\"},\"query-input\":{\"@type\":\"PropertyValueSpecification\",\"valueRequired\":true,\"valueName\":\"search_term_string\"}}],\"inLanguage\":\"en-US\"}]}<\/script>\n<!-- \/ Yoast SEO plugin. -->","yoast_head_json":{"title":"Barrier Terminal Block","description":"Terminal block with 6 or 12 points for safe and robust connections in control, signaling and electrical interconnection systems.Barrier Terminal Block","robots":{"index":"index","follow":"follow","max-snippet":"max-snippet:-1","max-image-preview":"max-image-preview:large","max-video-preview":"max-video-preview:-1"},"canonical":"https:\/\/www.ritzbrasil.com\/en\/produtos\/measurement-system\/barrier-terminal-block\/","og_locale":"en_US","og_type":"article","og_title":"Barrier Terminal Block","og_description":"Terminal block with 6 or 12 points for safe and robust connections in control, signaling and electrical interconnection systems.Barrier Terminal Block","og_url":"https:\/\/www.ritzbrasil.com\/en\/produtos\/measurement-system\/barrier-terminal-block\/","og_site_name":"Equipamentos de Manuten\u00e7\u00e3o e Seguran\u00e7a para o Setor El\u00e9trico - Ritz Brasil","article_modified_time":"2026-04-16T18:32:34+00:00","og_image":[{"width":1200,"height":1200,"url":"https:\/\/www.ritzbrasil.com\/wp-content\/uploads\/2025\/07\/bloco-terminal-btr32681-1.jpg","type":"image\/jpeg"}],"twitter_card":"summary_large_image","twitter_misc":{"Est. reading time":"1 minute"},"schema":{"@context":"https:\/\/schema.org","@graph":[{"@type":"WebPage","@id":"https:\/\/www.ritzbrasil.com\/en\/produtos\/measurement-system\/barrier-terminal-block\/","url":"https:\/\/www.ritzbrasil.com\/en\/produtos\/measurement-system\/barrier-terminal-block\/","name":"Barrier Terminal Block","isPartOf":{"@id":"https:\/\/www.ritzbrasil.com\/en\/#website"},"primaryImageOfPage":{"@id":"https:\/\/www.ritzbrasil.com\/en\/produtos\/measurement-system\/barrier-terminal-block\/#primaryimage"},"image":{"@id":"https:\/\/www.ritzbrasil.com\/en\/produtos\/measurement-system\/barrier-terminal-block\/#primaryimage"},"thumbnailUrl":"https:\/\/www.ritzbrasil.com\/wp-content\/uploads\/2025\/07\/bloco-terminal-btr32681-1.jpg","datePublished":"2025-07-29T15:12:05+00:00","dateModified":"2026-04-16T18:32:34+00:00","description":"Terminal block with 6 or 12 points for safe and robust connections in control, signaling and electrical interconnection systems.Barrier Terminal Block","breadcrumb":{"@id":"https:\/\/www.ritzbrasil.com\/en\/produtos\/measurement-system\/barrier-terminal-block\/#breadcrumb"},"inLanguage":"en-US","potentialAction":[{"@type":"ReadAction","target":["https:\/\/www.ritzbrasil.com\/en\/produtos\/measurement-system\/barrier-terminal-block\/"]}]},{"@type":"ImageObject","inLanguage":"en-US","@id":"https:\/\/www.ritzbrasil.com\/en\/produtos\/measurement-system\/barrier-terminal-block\/#primaryimage","url":"https:\/\/www.ritzbrasil.com\/wp-content\/uploads\/2025\/07\/bloco-terminal-btr32681-1.jpg","contentUrl":"https:\/\/www.ritzbrasil.com\/wp-content\/uploads\/2025\/07\/bloco-terminal-btr32681-1.jpg","width":1200,"height":1200,"caption":"Terminal Block BTR32681-1"},{"@type":"BreadcrumbList","@id":"https:\/\/www.ritzbrasil.com\/en\/produtos\/measurement-system\/barrier-terminal-block\/#breadcrumb","itemListElement":[{"@type":"ListItem","position":1,"name":"In\u00edcio","item":"https:\/\/www.ritzbrasil.com\/en\/"},{"@type":"ListItem","position":2,"name":"Shop","item":"https:\/\/www.ritzbrasil.com\/en\/shop\/"},{"@type":"ListItem","position":3,"name":"Barrier Terminal Block"}]},{"@type":"WebSite","@id":"https:\/\/www.ritzbrasil.com\/en\/#website","url":"https:\/\/www.ritzbrasil.com\/en\/","name":"Equipamentos de Manuten\u00e7\u00e3o e Seguran\u00e7a para o Setor El\u00e9trico - Ritz Brasil","description":"","potentialAction":[{"@type":"SearchAction","target":{"@type":"EntryPoint","urlTemplate":"https:\/\/www.ritzbrasil.com\/en\/?s={search_term_string}"},"query-input":{"@type":"PropertyValueSpecification","valueRequired":true,"valueName":"search_term_string"}}],"inLanguage":"en-US"}]}},"_links":{"self":[{"href":"https:\/\/www.ritzbrasil.com\/en\/wp-json\/wp\/v2\/product\/61163","targetHints":{"allow":["GET"]}}],"collection":[{"href":"https:\/\/www.ritzbrasil.com\/en\/wp-json\/wp\/v2\/product"}],"about":[{"href":"https:\/\/www.ritzbrasil.com\/en\/wp-json\/wp\/v2\/types\/product"}],"wp:featuredmedia":[{"embeddable":true,"href":"https:\/\/www.ritzbrasil.com\/en\/wp-json\/wp\/v2\/media\/61032"}],"wp:attachment":[{"href":"https:\/\/www.ritzbrasil.com\/en\/wp-json\/wp\/v2\/media?parent=61163"}],"wp:term":[{"taxonomy":"product_brand","embeddable":true,"href":"https:\/\/www.ritzbrasil.com\/en\/wp-json\/wp\/v2\/product_brand?post=61163"},{"taxonomy":"product_cat","embeddable":true,"href":"https:\/\/www.ritzbrasil.com\/en\/wp-json\/wp\/v2\/product_cat?post=61163"},{"taxonomy":"product_tag","embeddable":true,"href":"https:\/\/www.ritzbrasil.com\/en\/wp-json\/wp\/v2\/product_tag?post=61163"}],"curies":[{"name":"wp","href":"https:\/\/api.w.org\/{rel}","templated":true}]}}