{"id":60987,"date":"2024-10-28T15:08:19","date_gmt":"2024-10-28T18:08:19","guid":{"rendered":"https:\/\/bisque-bison-688002.hostingersite.com\/produtos\/uncategorized\/j-hook-baton\/"},"modified":"2026-02-03T10:34:39","modified_gmt":"2026-02-03T13:34:39","slug":"j-hook-baton","status":"publish","type":"product","link":"https:\/\/www.ritzbrasil.com\/en\/produtos\/traction-locomotion-and-support-tools\/j-hook-baton\/","title":{"rendered":"J-hook baton"},"content":{"rendered":"<div class=\"wpb-content-wrapper\"><p>[vc_row][vc_column][vc_column_text css=&#8221;.vc_custom_1730140620507{margin-top: 20px !important;}&#8221;]<\/p>\n<h4><span style=\"color: #ff9900;\"><strong>Cradle pole with &#8220;J&#8221; hook<\/strong><\/span><\/h4>\n<p>[\/vc_column_text][vc_column_text css=&#8221;.vc_custom_1770125213343{margin-top: -20px !important;}&#8221;]\n<div id=\"tablepress-Bastao-Berco-Gancho-Tipo-J-EN-scroll-wrapper\" class=\"tablepress-scroll-wrapper\">\n<table id=\"tablepress-Bastao-Berco-Gancho-Tipo-J-EN\" class=\"tablepress tablepress-id-Bastao-Berco-Gancho-Tipo-J-EN tablepress-responsive\">\n<thead>\n<tr class=\"row-1\">\n\t<td class=\"column-1\"><\/td><th class=\"column-2\">References<\/th><th class=\"column-3\">Features<\/th><td class=\"column-4\"><\/td>\n<\/tr>\n<\/thead>\n<tbody class=\"row-striping row-hover\">\n<tr class=\"row-2\">\n\t<td class=\"column-1\"><img decoding=\"async\" src=\"https:\/\/www.ritzbrasil.com\/wp-content\/uploads\/2024\/10\/rc402-0790-bastao-gancho-tipo-j-150x150-1.jpg\" \/><\/td><td class=\"column-2\">RC402-0790<\/td><td class=\"column-3\">J-type hook stick<\/td><td class=\"column-4\">    <button class=\"add-to-budget\" data-table-id=\"Bastao-Berco-Gancho-Tipo-J\" data-reference=\"RC402-0790\" data-description=\"Cradle pole with \u201cJ\u201d hook\" style=\"color:#ff4d00;\">\n        <img decoding=\"async\" src=\"https:\/\/www.ritzbrasil.com\/\/wp-content\/uploads\/2024\/07\/orcar-compras-tabela-new-1.png\" alt=\"Request quote\" title=\"Request quote\" \/>\n    <\/button>\n    <\/td>\n<\/tr>\n<\/tbody>\n<\/table>\n<\/div>\n[\/vc_column_text][vc_separator border_width=&#8221;2&#8243; css=&#8221;&#8221;][\/vc_column][\/vc_row][vc_row][vc_column][vc_column_text css=&#8221;.vc_custom_1730140705902{margin-top: 20px !important;}&#8221;]<\/p>\n<h4><span style=\"color: #ff9900;\"><strong>Cradle with J-hook<\/strong><\/span><\/h4>\n<p>[\/vc_column_text][vc_column_text css=&#8221;.vc_custom_1770125673407{margin-top: -20px !important;}&#8221;]\n<div id=\"tablepress-Berco-Gancho-Tipo-J-EN-scroll-wrapper\" class=\"tablepress-scroll-wrapper\">\n<table id=\"tablepress-Berco-Gancho-Tipo-J-EN\" class=\"tablepress tablepress-id-Berco-Gancho-Tipo-J-EN tablepress-responsive\">\n<thead>\n<tr class=\"row-1\">\n\t<td class=\"column-1\"><\/td><th class=\"column-2\">References<\/th><th class=\"column-3\">Features<\/th><td class=\"column-4\"><\/td>\n<\/tr>\n<\/thead>\n<tbody class=\"row-striping row-hover\">\n<tr class=\"row-2\">\n\t<td class=\"column-1\"><img decoding=\"async\" src=\"\" \/><\/td><td class=\"column-2\">FLV03457-2<\/td><td class=\"column-3\">Smaller strap for crib<\/td><td class=\"column-4\">    <button class=\"add-to-budget\" data-table-id=\"Bastao-Berco-Gancho-Tipo-J\" data-reference=\"FLV03457-2\" data-description=\"Cradle with J-hook&lt;br \/&gt;\n\" style=\"color:#ff4d00;\">\n        <img decoding=\"async\" src=\"https:\/\/www.ritzbrasil.com\/\/wp-content\/uploads\/2024\/07\/orcar-compras-tabela-new-1.png\" alt=\"Request quote\" title=\"Request quote\" \/>\n    <\/button>\n    <\/td>\n<\/tr>\n<tr class=\"row-3\">\n\t<td class=\"column-1\"><img decoding=\"async\" src=\"https:\/\/www.ritzbrasil.com\/wp-content\/uploads\/2024\/10\/rc402-0790-bastao-gancho-tipo-j-150x150-1.jpg\" \/><\/td><td class=\"column-2\">RC402-0790<\/td><td class=\"column-3\">\u00d8 64 mm tube with plastic terminal and eyelet for cradle<\/td><td class=\"column-4\">    <button class=\"add-to-budget\" data-table-id=\"Bastao-Berco-Gancho-Tipo-J\" data-reference=\"RC402-0790\" data-description=\"Cradle with J-hook&lt;br \/&gt;\n\" style=\"color:#ff4d00;\">\n        <img decoding=\"async\" src=\"https:\/\/www.ritzbrasil.com\/\/wp-content\/uploads\/2024\/07\/orcar-compras-tabela-new-1.png\" alt=\"Request quote\" title=\"Request quote\" \/>\n    <\/button>\n    <\/td>\n<\/tr>\n<tr class=\"row-4\">\n\t<td class=\"column-1\"><img decoding=\"async\" src=\"\" \/><\/td><td class=\"column-2\">FLV18595-1<\/td><td class=\"column-3\">\u00d8 64 mm tube with plastic terminal and eyelet for cradle<\/td><td class=\"column-4\">    <button class=\"add-to-budget\" data-table-id=\"Bastao-Berco-Gancho-Tipo-J\" data-reference=\"FLV18595-1\" data-description=\"Cradle with J-hook&lt;br \/&gt;\n\" style=\"color:#ff4d00;\">\n        <img decoding=\"async\" src=\"https:\/\/www.ritzbrasil.com\/\/wp-content\/uploads\/2024\/07\/orcar-compras-tabela-new-1.png\" alt=\"Request quote\" title=\"Request quote\" \/>\n    <\/button>\n    <\/td>\n<\/tr>\n<tr class=\"row-5\">\n\t<td class=\"column-1\"><img decoding=\"async\" src=\"https:\/\/www.ritzbrasil.com\/wp-content\/uploads\/2024\/09\/re402-0138-colar-64mm-tirante-150x150-1.jpg\" \/><\/td><td class=\"column-2\">RE402-0138<\/td><td class=\"column-3\">\u00d8 64 mm collar for tie rod<\/td><td class=\"column-4\">    <button class=\"add-to-budget\" data-table-id=\"Bastao-Berco-Gancho-Tipo-J\" data-reference=\"RE402-0138\" data-description=\"Cradle with J-hook&lt;br \/&gt;\n\" style=\"color:#ff4d00;\">\n        <img decoding=\"async\" src=\"https:\/\/www.ritzbrasil.com\/\/wp-content\/uploads\/2024\/07\/orcar-compras-tabela-new-1.png\" alt=\"Request quote\" title=\"Request quote\" \/>\n    <\/button>\n    <\/td>\n<\/tr>\n<tr class=\"row-6\">\n\t<td class=\"column-1\"><img decoding=\"async\" src=\"\" \/><\/td><td class=\"column-2\">FLV03457-6<\/td><td class=\"column-3\">\u00d8 64 mm collar for tie rod<\/td><td class=\"column-4\">    <button class=\"add-to-budget\" data-table-id=\"Bastao-Berco-Gancho-Tipo-J\" data-reference=\"FLV03457-6\" data-description=\"Cradle with J-hook&lt;br \/&gt;\n\" style=\"color:#ff4d00;\">\n        <img decoding=\"async\" src=\"https:\/\/www.ritzbrasil.com\/\/wp-content\/uploads\/2024\/07\/orcar-compras-tabela-new-1.png\" alt=\"Request quote\" title=\"Request quote\" \/>\n    <\/button>\n    <\/td>\n<\/tr>\n<tr class=\"row-7\">\n\t<td class=\"column-1\"><img decoding=\"async\" src=\"https:\/\/www.ritzbrasil.com\/wp-content\/uploads\/2024\/10\/flv01852-1-suporte-berco-150x150-1.jpg\" \/><\/td><td class=\"column-2\">FLV01852-1<\/td><td class=\"column-3\">Crib strap support<\/td><td class=\"column-4\">    <button class=\"add-to-budget\" data-table-id=\"Bastao-Berco-Gancho-Tipo-J\" data-reference=\"FLV01852-1\" data-description=\"Cradle with J-hook&lt;br \/&gt;\n\" style=\"color:#ff4d00;\">\n        <img decoding=\"async\" src=\"https:\/\/www.ritzbrasil.com\/\/wp-content\/uploads\/2024\/07\/orcar-compras-tabela-new-1.png\" alt=\"Request quote\" title=\"Request quote\" \/>\n    <\/button>\n    <\/td>\n<\/tr>\n<\/tbody>\n<\/table>\n<\/div>\n[\/vc_column_text][vc_separator border_width=&#8221;2&#8243; css=&#8221;&#8221;][\/vc_column][\/vc_row]<\/p>\n<\/div>","protected":false},"excerpt":{"rendered":"<h4><span style=\"color: #ff9900;\">J-hook baton<\/span><\/h4>\n<p>Used as an efficient alternative solution for removing the lower insulators in a triple chain.<\/p>\n<p>Made from RITZGLAS\u00ae tube, one end has a steel hook, which swivels freely to allow quick and easy adjustment on the chain. To ensure the insulators are protected, the hook has a plastic coating along its entire length. <\/p>\n<p>To fully form the cradle with the &#8220;J&#8221; hook, it is necessary to attach the main support assembly of the RC401-0354 to RC401-0359 series cradles.<\/p>\n","protected":false},"featured_media":59788,"template":"","meta":[],"product_brand":[],"product_cat":[2101],"product_tag":[2178,2189,2192,2183,2199,2159],"class_list":{"0":"post-60987","1":"product","2":"type-product","3":"status-publish","4":"has-post-thumbnail","6":"product_cat-traction-locomotion-and-support-tools","7":"product_tag-flv01852-1-en","8":"product_tag-flv03457-2-en","9":"product_tag-flv03457-6-en","10":"product_tag-flv18595-1-en","11":"product_tag-rc402-0790-en","12":"product_tag-re402-0138-en","13":"description-off","15":"first","16":"instock","17":"virtual","18":"product-type-simple"},"yoast_head":"<!-- This site is optimized with the Yoast SEO plugin v27.1.1 - https:\/\/yoast.com\/product\/yoast-seo-wordpress\/ -->\n<title>J-hook baton<\/title>\n<meta name=\"description\" content=\"Stick with &#039;J&#039; hook for efficient removal of insulators in triple chains, offering practicality in safe interventions.\" \/>\n<meta name=\"robots\" content=\"index, follow, max-snippet:-1, max-image-preview:large, max-video-preview:-1\" \/>\n<link rel=\"canonical\" href=\"https:\/\/www.ritzbrasil.com\/en\/produtos\/traction-locomotion-and-support-tools\/j-hook-baton\/\" \/>\n<meta property=\"og:locale\" content=\"en_US\" \/>\n<meta property=\"og:type\" content=\"article\" \/>\n<meta property=\"og:title\" content=\"J-hook baton\" \/>\n<meta property=\"og:description\" content=\"Stick with &#039;J&#039; hook for efficient removal of insulators in triple chains, offering practicality in safe interventions.\" \/>\n<meta property=\"og:url\" content=\"https:\/\/www.ritzbrasil.com\/en\/produtos\/traction-locomotion-and-support-tools\/j-hook-baton\/\" \/>\n<meta property=\"og:site_name\" content=\"Equipamentos de Manuten\u00e7\u00e3o e Seguran\u00e7a para o Setor El\u00e9trico - Ritz Brasil\" \/>\n<meta property=\"article:modified_time\" content=\"2026-02-03T13:34:39+00:00\" \/>\n<meta property=\"og:image\" content=\"https:\/\/www.ritzbrasil.com\/wp-content\/uploads\/2024\/10\/rc402-0790-bastao-gancho-tipo-j.jpg\" \/>\n\t<meta property=\"og:image:width\" content=\"1200\" \/>\n\t<meta property=\"og:image:height\" content=\"1200\" \/>\n\t<meta property=\"og:image:type\" content=\"image\/jpeg\" \/>\n<meta name=\"twitter:card\" content=\"summary_large_image\" \/>\n<meta name=\"twitter:label1\" content=\"Est. reading time\" \/>\n\t<meta name=\"twitter:data1\" content=\"1 minute\" \/>\n<script type=\"application\/ld+json\" class=\"yoast-schema-graph\">{\"@context\":\"https:\/\/schema.org\",\"@graph\":[{\"@type\":\"WebPage\",\"@id\":\"https:\/\/www.ritzbrasil.com\/en\/produtos\/traction-locomotion-and-support-tools\/j-hook-baton\/\",\"url\":\"https:\/\/www.ritzbrasil.com\/en\/produtos\/traction-locomotion-and-support-tools\/j-hook-baton\/\",\"name\":\"J-hook baton\",\"isPartOf\":{\"@id\":\"https:\/\/www.ritzbrasil.com\/en\/#website\"},\"primaryImageOfPage\":{\"@id\":\"https:\/\/www.ritzbrasil.com\/en\/produtos\/traction-locomotion-and-support-tools\/j-hook-baton\/#primaryimage\"},\"image\":{\"@id\":\"https:\/\/www.ritzbrasil.com\/en\/produtos\/traction-locomotion-and-support-tools\/j-hook-baton\/#primaryimage\"},\"thumbnailUrl\":\"https:\/\/www.ritzbrasil.com\/wp-content\/uploads\/2024\/10\/rc402-0790-bastao-gancho-tipo-j.jpg\",\"datePublished\":\"2024-10-28T18:08:19+00:00\",\"dateModified\":\"2026-02-03T13:34:39+00:00\",\"description\":\"Stick with 'J' hook for efficient removal of insulators in triple chains, offering practicality in safe interventions.\",\"breadcrumb\":{\"@id\":\"https:\/\/www.ritzbrasil.com\/en\/produtos\/traction-locomotion-and-support-tools\/j-hook-baton\/#breadcrumb\"},\"inLanguage\":\"en-US\",\"potentialAction\":[{\"@type\":\"ReadAction\",\"target\":[\"https:\/\/www.ritzbrasil.com\/en\/produtos\/traction-locomotion-and-support-tools\/j-hook-baton\/\"]}]},{\"@type\":\"ImageObject\",\"inLanguage\":\"en-US\",\"@id\":\"https:\/\/www.ritzbrasil.com\/en\/produtos\/traction-locomotion-and-support-tools\/j-hook-baton\/#primaryimage\",\"url\":\"https:\/\/www.ritzbrasil.com\/wp-content\/uploads\/2024\/10\/rc402-0790-bastao-gancho-tipo-j.jpg\",\"contentUrl\":\"https:\/\/www.ritzbrasil.com\/wp-content\/uploads\/2024\/10\/rc402-0790-bastao-gancho-tipo-j.jpg\",\"width\":1200,\"height\":1200,\"caption\":\"RC402-0790 J-hook wand\"},{\"@type\":\"BreadcrumbList\",\"@id\":\"https:\/\/www.ritzbrasil.com\/en\/produtos\/traction-locomotion-and-support-tools\/j-hook-baton\/#breadcrumb\",\"itemListElement\":[{\"@type\":\"ListItem\",\"position\":1,\"name\":\"In\u00edcio\",\"item\":\"https:\/\/www.ritzbrasil.com\/en\/\"},{\"@type\":\"ListItem\",\"position\":2,\"name\":\"Shop\",\"item\":\"https:\/\/www.ritzbrasil.com\/en\/shop\/\"},{\"@type\":\"ListItem\",\"position\":3,\"name\":\"J-hook baton\"}]},{\"@type\":\"WebSite\",\"@id\":\"https:\/\/www.ritzbrasil.com\/en\/#website\",\"url\":\"https:\/\/www.ritzbrasil.com\/en\/\",\"name\":\"Equipamentos de Manuten\u00e7\u00e3o e Seguran\u00e7a para o Setor El\u00e9trico - Ritz Brasil\",\"description\":\"\",\"potentialAction\":[{\"@type\":\"SearchAction\",\"target\":{\"@type\":\"EntryPoint\",\"urlTemplate\":\"https:\/\/www.ritzbrasil.com\/en\/?s={search_term_string}\"},\"query-input\":{\"@type\":\"PropertyValueSpecification\",\"valueRequired\":true,\"valueName\":\"search_term_string\"}}],\"inLanguage\":\"en-US\"}]}<\/script>\n<!-- \/ Yoast SEO plugin. -->","yoast_head_json":{"title":"J-hook baton","description":"Stick with 'J' hook for efficient removal of insulators in triple chains, offering practicality in safe interventions.","robots":{"index":"index","follow":"follow","max-snippet":"max-snippet:-1","max-image-preview":"max-image-preview:large","max-video-preview":"max-video-preview:-1"},"canonical":"https:\/\/www.ritzbrasil.com\/en\/produtos\/traction-locomotion-and-support-tools\/j-hook-baton\/","og_locale":"en_US","og_type":"article","og_title":"J-hook baton","og_description":"Stick with 'J' hook for efficient removal of insulators in triple chains, offering practicality in safe interventions.","og_url":"https:\/\/www.ritzbrasil.com\/en\/produtos\/traction-locomotion-and-support-tools\/j-hook-baton\/","og_site_name":"Equipamentos de Manuten\u00e7\u00e3o e Seguran\u00e7a para o Setor El\u00e9trico - Ritz Brasil","article_modified_time":"2026-02-03T13:34:39+00:00","og_image":[{"width":1200,"height":1200,"url":"https:\/\/www.ritzbrasil.com\/wp-content\/uploads\/2024\/10\/rc402-0790-bastao-gancho-tipo-j.jpg","type":"image\/jpeg"}],"twitter_card":"summary_large_image","twitter_misc":{"Est. reading time":"1 minute"},"schema":{"@context":"https:\/\/schema.org","@graph":[{"@type":"WebPage","@id":"https:\/\/www.ritzbrasil.com\/en\/produtos\/traction-locomotion-and-support-tools\/j-hook-baton\/","url":"https:\/\/www.ritzbrasil.com\/en\/produtos\/traction-locomotion-and-support-tools\/j-hook-baton\/","name":"J-hook baton","isPartOf":{"@id":"https:\/\/www.ritzbrasil.com\/en\/#website"},"primaryImageOfPage":{"@id":"https:\/\/www.ritzbrasil.com\/en\/produtos\/traction-locomotion-and-support-tools\/j-hook-baton\/#primaryimage"},"image":{"@id":"https:\/\/www.ritzbrasil.com\/en\/produtos\/traction-locomotion-and-support-tools\/j-hook-baton\/#primaryimage"},"thumbnailUrl":"https:\/\/www.ritzbrasil.com\/wp-content\/uploads\/2024\/10\/rc402-0790-bastao-gancho-tipo-j.jpg","datePublished":"2024-10-28T18:08:19+00:00","dateModified":"2026-02-03T13:34:39+00:00","description":"Stick with 'J' hook for efficient removal of insulators in triple chains, offering practicality in safe interventions.","breadcrumb":{"@id":"https:\/\/www.ritzbrasil.com\/en\/produtos\/traction-locomotion-and-support-tools\/j-hook-baton\/#breadcrumb"},"inLanguage":"en-US","potentialAction":[{"@type":"ReadAction","target":["https:\/\/www.ritzbrasil.com\/en\/produtos\/traction-locomotion-and-support-tools\/j-hook-baton\/"]}]},{"@type":"ImageObject","inLanguage":"en-US","@id":"https:\/\/www.ritzbrasil.com\/en\/produtos\/traction-locomotion-and-support-tools\/j-hook-baton\/#primaryimage","url":"https:\/\/www.ritzbrasil.com\/wp-content\/uploads\/2024\/10\/rc402-0790-bastao-gancho-tipo-j.jpg","contentUrl":"https:\/\/www.ritzbrasil.com\/wp-content\/uploads\/2024\/10\/rc402-0790-bastao-gancho-tipo-j.jpg","width":1200,"height":1200,"caption":"RC402-0790 J-hook wand"},{"@type":"BreadcrumbList","@id":"https:\/\/www.ritzbrasil.com\/en\/produtos\/traction-locomotion-and-support-tools\/j-hook-baton\/#breadcrumb","itemListElement":[{"@type":"ListItem","position":1,"name":"In\u00edcio","item":"https:\/\/www.ritzbrasil.com\/en\/"},{"@type":"ListItem","position":2,"name":"Shop","item":"https:\/\/www.ritzbrasil.com\/en\/shop\/"},{"@type":"ListItem","position":3,"name":"J-hook baton"}]},{"@type":"WebSite","@id":"https:\/\/www.ritzbrasil.com\/en\/#website","url":"https:\/\/www.ritzbrasil.com\/en\/","name":"Equipamentos de Manuten\u00e7\u00e3o e Seguran\u00e7a para o Setor El\u00e9trico - Ritz Brasil","description":"","potentialAction":[{"@type":"SearchAction","target":{"@type":"EntryPoint","urlTemplate":"https:\/\/www.ritzbrasil.com\/en\/?s={search_term_string}"},"query-input":{"@type":"PropertyValueSpecification","valueRequired":true,"valueName":"search_term_string"}}],"inLanguage":"en-US"}]}},"_links":{"self":[{"href":"https:\/\/www.ritzbrasil.com\/en\/wp-json\/wp\/v2\/product\/60987","targetHints":{"allow":["GET"]}}],"collection":[{"href":"https:\/\/www.ritzbrasil.com\/en\/wp-json\/wp\/v2\/product"}],"about":[{"href":"https:\/\/www.ritzbrasil.com\/en\/wp-json\/wp\/v2\/types\/product"}],"wp:featuredmedia":[{"embeddable":true,"href":"https:\/\/www.ritzbrasil.com\/en\/wp-json\/wp\/v2\/media\/59788"}],"wp:attachment":[{"href":"https:\/\/www.ritzbrasil.com\/en\/wp-json\/wp\/v2\/media?parent=60987"}],"wp:term":[{"taxonomy":"product_brand","embeddable":true,"href":"https:\/\/www.ritzbrasil.com\/en\/wp-json\/wp\/v2\/product_brand?post=60987"},{"taxonomy":"product_cat","embeddable":true,"href":"https:\/\/www.ritzbrasil.com\/en\/wp-json\/wp\/v2\/product_cat?post=60987"},{"taxonomy":"product_tag","embeddable":true,"href":"https:\/\/www.ritzbrasil.com\/en\/wp-json\/wp\/v2\/product_tag?post=60987"}],"curies":[{"name":"wp","href":"https:\/\/api.w.org\/{rel}","templated":true}]}}