{"id":60974,"date":"2024-10-29T14:47:48","date_gmt":"2024-10-29T17:47:48","guid":{"rendered":"https:\/\/bisque-bison-688002.hostingersite.com\/produtos\/uncategorized\/instrument-for-testing-insulators-insulometer\/"},"modified":"2026-02-02T10:53:59","modified_gmt":"2026-02-02T13:53:59","slug":"instrument-for-testing-insulators-insulometer","status":"publish","type":"product","link":"https:\/\/www.ritzbrasil.com\/en\/produtos\/test-and-detection-instruments\/instrument-for-testing-insulators-insulometer\/","title":{"rendered":"Instrument for Testing Insulators &#8211; Insulometer"},"content":{"rendered":"<div class=\"wpb-content-wrapper\"><p>[vc_row][vc_column][vc_column_text css=&#8221;.vc_custom_1730222985762{margin-top: 20px !important;}&#8221;]<\/p>\n<h4><span style=\"color: #ff9900;\"><strong>Instrument for Testing Insulators &#8211; Insulometer<\/strong><\/span><\/h4>\n<p>[\/vc_column_text][vc_column_text css=&#8221;.vc_custom_1770040297220{margin-top: -20px !important;}&#8221;]\n<div id=\"tablepress-TILV-16DT-ISOLOMETRO-EN-scroll-wrapper\" class=\"tablepress-scroll-wrapper\">\n<table id=\"tablepress-TILV-16DT-ISOLOMETRO-EN\" class=\"tablepress tablepress-id-TILV-16DT-ISOLOMETRO-EN tablepress-responsive\">\n<thead>\n<tr class=\"row-1\">\n\t<td class=\"column-1\"><\/td><th class=\"column-2\">References<\/th><th class=\"column-3\">Features<\/th><td class=\"column-4\"><\/td>\n<\/tr>\n<\/thead>\n<tbody class=\"row-striping row-hover\">\n<tr class=\"row-2\">\n\t<td class=\"column-1\"><img decoding=\"async\" src=\"https:\/\/www.ritzbrasil.com\/wp-content\/uploads\/2024\/10\/tilv-16-dt-instrumento-teste-isoladores-isolometro-150x150-1.jpg\" \/><\/td><td class=\"column-2\">TILV-16\/DT<\/td><td class=\"column-3\">Approx Weight: 1,13 kg (2,49 lb)<\/td><td class=\"column-4\">    <button class=\"add-to-budget\" data-table-id=\"TILV-16DT-ISOLOMETRO\" data-reference=\"TILV-16\/DT\" data-description=\"Instrument for Testing Insulators \u2013 Insulometer\" style=\"color:#ff4d00;\">\n        <img decoding=\"async\" src=\"https:\/\/www.ritzbrasil.com\/\/wp-content\/uploads\/2024\/07\/orcar-compras-tabela-new-1.png\" alt=\"Request quote\" title=\"Request quote\" \/>\n    <\/button>\n    <\/td>\n<\/tr>\n<\/tbody>\n<\/table>\n<\/div>\n[\/vc_column_text][vc_separator border_width=&#8221;2&#8243; css=&#8221;&#8221;][\/vc_column][\/vc_row][vc_row][vc_column][vc_column_text css=&#8221;.vc_custom_1730223895888{margin-top: 20px !important;}&#8221;]<\/p>\n<h4><span style=\"color: #ff9900;\"><strong>TILV-16\/AFT<\/strong><\/span><\/h4>\n<p>[\/vc_column_text][vc_column_text css=&#8221;.vc_custom_1770040443374{margin-top: -20px !important;}&#8221;]\n<div id=\"tablepress-TILV-16AFT-Aferidor-EN-scroll-wrapper\" class=\"tablepress-scroll-wrapper\">\n<table id=\"tablepress-TILV-16AFT-Aferidor-EN\" class=\"tablepress tablepress-id-TILV-16AFT-Aferidor-EN tablepress-responsive\">\n<thead>\n<tr class=\"row-1\">\n\t<td class=\"column-1\"><\/td><th class=\"column-2\">References<\/th><th class=\"column-3\">Features<\/th><td class=\"column-4\"><\/td>\n<\/tr>\n<\/thead>\n<tbody class=\"row-striping row-hover\">\n<tr class=\"row-2\">\n\t<td class=\"column-1\"><img decoding=\"async\" src=\"https:\/\/www.ritzbrasil.com\/wp-content\/uploads\/2024\/10\/tilv-16-aft-instrumento-aferidor-150x150-1.jpg\" \/><\/td><td class=\"column-2\">TILV-16\/AFT<\/td><td class=\"column-3\">Approx Weight: 1,00 kg (2,20 lb)<\/td><td class=\"column-4\">    <button class=\"add-to-budget\" data-table-id=\"TILV-16AFT-Aferidor\" data-reference=\"TILV-16\/AFT\" data-description=\"TILV-16\/AFT\" style=\"color:#ff4d00;\">\n        <img decoding=\"async\" src=\"https:\/\/www.ritzbrasil.com\/\/wp-content\/uploads\/2024\/07\/orcar-compras-tabela-new-1.png\" alt=\"Request quote\" title=\"Request quote\" \/>\n    <\/button>\n    <\/td>\n<\/tr>\n<\/tbody>\n<\/table>\n<\/div>\n[\/vc_column_text][vc_separator border_width=&#8221;2&#8243; css=&#8221;&#8221;][\/vc_column][\/vc_row]<\/p>\n<\/div>","protected":false},"excerpt":{"rendered":"<h4><span style=\"color: #ff9900;\">Instrument for Testing Insulators &#8211; Insulometer<\/span><\/h4>\n<p>Portable device that allows you to quickly locate a faulty insulator in the chain of insulators in energized distribution and transmission circuits up to 500 kV.<br \/>\nApprox. weight: 1.13 kg (2.49 lb)<\/p>\n<p>Its working principle is based on measuring the potential difference across the insulator disk under test. A high-impedance galvanometer indicates this potential difference, allowing comparisons to be made with other insulator disks in the same system. Thus, the faulty insulator will have a reading considerably lower than the others.<\/p>\n<p>It can be used to evaluate pin insulators, single-piece insulators, multi-part pin insulators and disk insulators.<\/p>\n<p>It is made of fiberglass tubes and housing, with quick, multi-angle adjustment of the contact tips. The isolometer can be used to test any size of insulator, as well as allowing other adjustments for better visualization by the electrician.<\/p>\n<p>On the back of the instrument housing is a 3-position switch that varies the sensitivity of the meter to allow better selection of the pointer deflection.<\/p>\n","protected":false},"featured_media":59892,"template":"","meta":[],"product_brand":[],"product_cat":[1671],"product_tag":[2086,2085],"class_list":{"0":"post-60974","1":"product","2":"type-product","3":"status-publish","4":"has-post-thumbnail","6":"product_cat-test-and-detection-instruments","7":"product_tag-tilv-16-aft-en","8":"product_tag-tilv-16-dt-en","9":"description-off","11":"first","12":"instock","13":"virtual","14":"product-type-simple"},"yoast_head":"<!-- This site is optimized with the Yoast SEO plugin v27.1.1 - https:\/\/yoast.com\/product\/yoast-seo-wordpress\/ -->\n<title>Phase Tester<\/title>\n<meta name=\"description\" content=\"Portable isolometer that locates faulty insulators in chains of insulators in energized distribution and transmission circuits up to 500 kV.\" \/>\n<meta name=\"robots\" content=\"index, follow, max-snippet:-1, max-image-preview:large, max-video-preview:-1\" \/>\n<link rel=\"canonical\" href=\"https:\/\/www.ritzbrasil.com\/en\/produtos\/test-and-detection-instruments\/instrument-for-testing-insulators-insulometer\/\" \/>\n<meta property=\"og:locale\" content=\"en_US\" \/>\n<meta property=\"og:type\" content=\"article\" \/>\n<meta property=\"og:title\" content=\"Phase Tester\" \/>\n<meta property=\"og:description\" content=\"Portable isolometer that locates faulty insulators in chains of insulators in energized distribution and transmission circuits up to 500 kV.\" \/>\n<meta property=\"og:url\" content=\"https:\/\/www.ritzbrasil.com\/en\/produtos\/test-and-detection-instruments\/instrument-for-testing-insulators-insulometer\/\" \/>\n<meta property=\"og:site_name\" content=\"Equipamentos de Manuten\u00e7\u00e3o e Seguran\u00e7a para o Setor El\u00e9trico - Ritz Brasil\" \/>\n<meta property=\"article:modified_time\" content=\"2026-02-02T13:53:59+00:00\" \/>\n<meta property=\"og:image\" content=\"https:\/\/www.ritzbrasil.com\/wp-content\/uploads\/2024\/10\/tilv-16-dt-instrumento-teste-isoladores-isolometro.jpg\" \/>\n\t<meta property=\"og:image:width\" content=\"1200\" \/>\n\t<meta property=\"og:image:height\" content=\"1200\" \/>\n\t<meta property=\"og:image:type\" content=\"image\/jpeg\" \/>\n<meta name=\"twitter:card\" content=\"summary_large_image\" \/>\n<meta name=\"twitter:label1\" content=\"Est. reading time\" \/>\n\t<meta name=\"twitter:data1\" content=\"1 minute\" \/>\n<script type=\"application\/ld+json\" class=\"yoast-schema-graph\">{\"@context\":\"https:\/\/schema.org\",\"@graph\":[{\"@type\":\"WebPage\",\"@id\":\"https:\/\/www.ritzbrasil.com\/en\/produtos\/test-and-detection-instruments\/instrument-for-testing-insulators-insulometer\/\",\"url\":\"https:\/\/www.ritzbrasil.com\/en\/produtos\/test-and-detection-instruments\/instrument-for-testing-insulators-insulometer\/\",\"name\":\"Phase Tester\",\"isPartOf\":{\"@id\":\"https:\/\/www.ritzbrasil.com\/en\/#website\"},\"primaryImageOfPage\":{\"@id\":\"https:\/\/www.ritzbrasil.com\/en\/produtos\/test-and-detection-instruments\/instrument-for-testing-insulators-insulometer\/#primaryimage\"},\"image\":{\"@id\":\"https:\/\/www.ritzbrasil.com\/en\/produtos\/test-and-detection-instruments\/instrument-for-testing-insulators-insulometer\/#primaryimage\"},\"thumbnailUrl\":\"https:\/\/www.ritzbrasil.com\/wp-content\/uploads\/2024\/10\/tilv-16-dt-instrumento-teste-isoladores-isolometro.jpg\",\"datePublished\":\"2024-10-29T17:47:48+00:00\",\"dateModified\":\"2026-02-02T13:53:59+00:00\",\"description\":\"Portable isolometer that locates faulty insulators in chains of insulators in energized distribution and transmission circuits up to 500 kV.\",\"breadcrumb\":{\"@id\":\"https:\/\/www.ritzbrasil.com\/en\/produtos\/test-and-detection-instruments\/instrument-for-testing-insulators-insulometer\/#breadcrumb\"},\"inLanguage\":\"en-US\",\"potentialAction\":[{\"@type\":\"ReadAction\",\"target\":[\"https:\/\/www.ritzbrasil.com\/en\/produtos\/test-and-detection-instruments\/instrument-for-testing-insulators-insulometer\/\"]}]},{\"@type\":\"ImageObject\",\"inLanguage\":\"en-US\",\"@id\":\"https:\/\/www.ritzbrasil.com\/en\/produtos\/test-and-detection-instruments\/instrument-for-testing-insulators-insulometer\/#primaryimage\",\"url\":\"https:\/\/www.ritzbrasil.com\/wp-content\/uploads\/2024\/10\/tilv-16-dt-instrumento-teste-isoladores-isolometro.jpg\",\"contentUrl\":\"https:\/\/www.ritzbrasil.com\/wp-content\/uploads\/2024\/10\/tilv-16-dt-instrumento-teste-isoladores-isolometro.jpg\",\"width\":1200,\"height\":1200,\"caption\":\"TILV-16\/DT Insulator Testing Instrument - Insulometer\"},{\"@type\":\"BreadcrumbList\",\"@id\":\"https:\/\/www.ritzbrasil.com\/en\/produtos\/test-and-detection-instruments\/instrument-for-testing-insulators-insulometer\/#breadcrumb\",\"itemListElement\":[{\"@type\":\"ListItem\",\"position\":1,\"name\":\"In\u00edcio\",\"item\":\"https:\/\/www.ritzbrasil.com\/en\/\"},{\"@type\":\"ListItem\",\"position\":2,\"name\":\"Shop\",\"item\":\"https:\/\/www.ritzbrasil.com\/en\/shop\/\"},{\"@type\":\"ListItem\",\"position\":3,\"name\":\"Instrument for Testing Insulators &#8211; Insulometer\"}]},{\"@type\":\"WebSite\",\"@id\":\"https:\/\/www.ritzbrasil.com\/en\/#website\",\"url\":\"https:\/\/www.ritzbrasil.com\/en\/\",\"name\":\"Equipamentos de Manuten\u00e7\u00e3o e Seguran\u00e7a para o Setor El\u00e9trico - Ritz Brasil\",\"description\":\"\",\"potentialAction\":[{\"@type\":\"SearchAction\",\"target\":{\"@type\":\"EntryPoint\",\"urlTemplate\":\"https:\/\/www.ritzbrasil.com\/en\/?s={search_term_string}\"},\"query-input\":{\"@type\":\"PropertyValueSpecification\",\"valueRequired\":true,\"valueName\":\"search_term_string\"}}],\"inLanguage\":\"en-US\"}]}<\/script>\n<!-- \/ Yoast SEO plugin. -->","yoast_head_json":{"title":"Phase Tester","description":"Portable isolometer that locates faulty insulators in chains of insulators in energized distribution and transmission circuits up to 500 kV.","robots":{"index":"index","follow":"follow","max-snippet":"max-snippet:-1","max-image-preview":"max-image-preview:large","max-video-preview":"max-video-preview:-1"},"canonical":"https:\/\/www.ritzbrasil.com\/en\/produtos\/test-and-detection-instruments\/instrument-for-testing-insulators-insulometer\/","og_locale":"en_US","og_type":"article","og_title":"Phase Tester","og_description":"Portable isolometer that locates faulty insulators in chains of insulators in energized distribution and transmission circuits up to 500 kV.","og_url":"https:\/\/www.ritzbrasil.com\/en\/produtos\/test-and-detection-instruments\/instrument-for-testing-insulators-insulometer\/","og_site_name":"Equipamentos de Manuten\u00e7\u00e3o e Seguran\u00e7a para o Setor El\u00e9trico - Ritz Brasil","article_modified_time":"2026-02-02T13:53:59+00:00","og_image":[{"width":1200,"height":1200,"url":"https:\/\/www.ritzbrasil.com\/wp-content\/uploads\/2024\/10\/tilv-16-dt-instrumento-teste-isoladores-isolometro.jpg","type":"image\/jpeg"}],"twitter_card":"summary_large_image","twitter_misc":{"Est. reading time":"1 minute"},"schema":{"@context":"https:\/\/schema.org","@graph":[{"@type":"WebPage","@id":"https:\/\/www.ritzbrasil.com\/en\/produtos\/test-and-detection-instruments\/instrument-for-testing-insulators-insulometer\/","url":"https:\/\/www.ritzbrasil.com\/en\/produtos\/test-and-detection-instruments\/instrument-for-testing-insulators-insulometer\/","name":"Phase Tester","isPartOf":{"@id":"https:\/\/www.ritzbrasil.com\/en\/#website"},"primaryImageOfPage":{"@id":"https:\/\/www.ritzbrasil.com\/en\/produtos\/test-and-detection-instruments\/instrument-for-testing-insulators-insulometer\/#primaryimage"},"image":{"@id":"https:\/\/www.ritzbrasil.com\/en\/produtos\/test-and-detection-instruments\/instrument-for-testing-insulators-insulometer\/#primaryimage"},"thumbnailUrl":"https:\/\/www.ritzbrasil.com\/wp-content\/uploads\/2024\/10\/tilv-16-dt-instrumento-teste-isoladores-isolometro.jpg","datePublished":"2024-10-29T17:47:48+00:00","dateModified":"2026-02-02T13:53:59+00:00","description":"Portable isolometer that locates faulty insulators in chains of insulators in energized distribution and transmission circuits up to 500 kV.","breadcrumb":{"@id":"https:\/\/www.ritzbrasil.com\/en\/produtos\/test-and-detection-instruments\/instrument-for-testing-insulators-insulometer\/#breadcrumb"},"inLanguage":"en-US","potentialAction":[{"@type":"ReadAction","target":["https:\/\/www.ritzbrasil.com\/en\/produtos\/test-and-detection-instruments\/instrument-for-testing-insulators-insulometer\/"]}]},{"@type":"ImageObject","inLanguage":"en-US","@id":"https:\/\/www.ritzbrasil.com\/en\/produtos\/test-and-detection-instruments\/instrument-for-testing-insulators-insulometer\/#primaryimage","url":"https:\/\/www.ritzbrasil.com\/wp-content\/uploads\/2024\/10\/tilv-16-dt-instrumento-teste-isoladores-isolometro.jpg","contentUrl":"https:\/\/www.ritzbrasil.com\/wp-content\/uploads\/2024\/10\/tilv-16-dt-instrumento-teste-isoladores-isolometro.jpg","width":1200,"height":1200,"caption":"TILV-16\/DT Insulator Testing Instrument - Insulometer"},{"@type":"BreadcrumbList","@id":"https:\/\/www.ritzbrasil.com\/en\/produtos\/test-and-detection-instruments\/instrument-for-testing-insulators-insulometer\/#breadcrumb","itemListElement":[{"@type":"ListItem","position":1,"name":"In\u00edcio","item":"https:\/\/www.ritzbrasil.com\/en\/"},{"@type":"ListItem","position":2,"name":"Shop","item":"https:\/\/www.ritzbrasil.com\/en\/shop\/"},{"@type":"ListItem","position":3,"name":"Instrument for Testing Insulators &#8211; Insulometer"}]},{"@type":"WebSite","@id":"https:\/\/www.ritzbrasil.com\/en\/#website","url":"https:\/\/www.ritzbrasil.com\/en\/","name":"Equipamentos de Manuten\u00e7\u00e3o e Seguran\u00e7a para o Setor El\u00e9trico - Ritz Brasil","description":"","potentialAction":[{"@type":"SearchAction","target":{"@type":"EntryPoint","urlTemplate":"https:\/\/www.ritzbrasil.com\/en\/?s={search_term_string}"},"query-input":{"@type":"PropertyValueSpecification","valueRequired":true,"valueName":"search_term_string"}}],"inLanguage":"en-US"}]}},"_links":{"self":[{"href":"https:\/\/www.ritzbrasil.com\/en\/wp-json\/wp\/v2\/product\/60974","targetHints":{"allow":["GET"]}}],"collection":[{"href":"https:\/\/www.ritzbrasil.com\/en\/wp-json\/wp\/v2\/product"}],"about":[{"href":"https:\/\/www.ritzbrasil.com\/en\/wp-json\/wp\/v2\/types\/product"}],"wp:featuredmedia":[{"embeddable":true,"href":"https:\/\/www.ritzbrasil.com\/en\/wp-json\/wp\/v2\/media\/59892"}],"wp:attachment":[{"href":"https:\/\/www.ritzbrasil.com\/en\/wp-json\/wp\/v2\/media?parent=60974"}],"wp:term":[{"taxonomy":"product_brand","embeddable":true,"href":"https:\/\/www.ritzbrasil.com\/en\/wp-json\/wp\/v2\/product_brand?post=60974"},{"taxonomy":"product_cat","embeddable":true,"href":"https:\/\/www.ritzbrasil.com\/en\/wp-json\/wp\/v2\/product_cat?post=60974"},{"taxonomy":"product_tag","embeddable":true,"href":"https:\/\/www.ritzbrasil.com\/en\/wp-json\/wp\/v2\/product_tag?post=60974"}],"curies":[{"name":"wp","href":"https:\/\/api.w.org\/{rel}","templated":true}]}}