{"id":60972,"date":"2024-10-29T15:38:18","date_gmt":"2024-10-29T18:38:18","guid":{"rendered":"https:\/\/bisque-bison-688002.hostingersite.com\/produtos\/uncategorized\/microammeter\/"},"modified":"2026-02-02T10:26:42","modified_gmt":"2026-02-02T13:26:42","slug":"microammeter","status":"publish","type":"product","link":"https:\/\/www.ritzbrasil.com\/en\/produtos\/test-and-detection-instruments\/microammeter\/","title":{"rendered":"Microammeter"},"content":{"rendered":"<div class=\"wpb-content-wrapper\"><p>[vc_row][vc_column][vc_column_text css=&#8221;.vc_custom_1730226578568{margin-top: 20px !important;}&#8221;]<\/p>\n<h4><span style=\"color: #ff9900;\"><strong>RC402-0288 Analog Micro Ammeter<\/strong><\/span><\/h4>\n<p>[\/vc_column_text][vc_column_text css=&#8221;.vc_custom_1770038671712{margin-top: -20px !important;}&#8221;]\n<div id=\"tablepress-RC402-0288-Micro-Amperimetro-analogico-EN-scroll-wrapper\" class=\"tablepress-scroll-wrapper\">\n<table id=\"tablepress-RC402-0288-Micro-Amperimetro-analogico-EN\" class=\"tablepress tablepress-id-RC402-0288-Micro-Amperimetro-analogico-EN tablepress-responsive\">\n<thead>\n<tr class=\"row-1\">\n\t<td class=\"column-1\"><\/td><th class=\"column-2\">References<\/th><th class=\"column-3\">Characteristics<\/th><td class=\"column-4\"><\/td>\n<\/tr>\n<\/thead>\n<tbody class=\"row-striping row-hover\">\n<tr class=\"row-2\">\n\t<td class=\"column-1\"><img decoding=\"async\" src=\"https:\/\/www.ritzbrasil.com\/wp-content\/uploads\/2024\/09\/rc402-0288-micro-tester-microamperimetro-150x150-1.jpg\" \/><\/td><td class=\"column-2\">RC402-0288<\/td><td class=\"column-3\">Performs leakage current measurements up to 200 \u03bcA.<br \/>\nApprox. Weight: 1.50 kg (3.30 lb)<\/td><td class=\"column-4\">    <button class=\"add-to-budget\" data-table-id=\"RC402-0288-Micro-Amperimetro-analogico\" data-reference=\"RC402-0288\" data-description=\"RC402-0288 Analog Micro Ammeter\" style=\"color:#ff4d00;\">\n        <img decoding=\"async\" src=\"https:\/\/www.ritzbrasil.com\/\/wp-content\/uploads\/2024\/07\/orcar-compras-tabela-new-1.png\" alt=\"Request quote\" title=\"Request quote\" \/>\n    <\/button>\n    <\/td>\n<\/tr>\n<\/tbody>\n<\/table>\n<\/div>\n[\/vc_column_text][vc_column_text css=&#8221;.vc_custom_1730226766573{margin-top: -20px !important;}&#8221;]Measures leakage currents up to 200 \u03bcA.<br \/>\nApprox. weight: 1.50 kg (3.30 lb)[\/vc_column_text][vc_separator border_width=&#8221;2&#8243; css=&#8221;&#8221;][\/vc_column][\/vc_row][vc_row][vc_column][vc_column_text css=&#8221;.vc_custom_1730226642549{margin-top: 20px !important;}&#8221;]<\/p>\n<h4><span style=\"color: #ff9900;\"><strong>MD800 Digital Micro Ammeter<\/strong><\/span><\/h4>\n<p>[\/vc_column_text][vc_column_text css=&#8221;.vc_custom_1770038810393{margin-top: -20px !important;}&#8221;]\n<div id=\"tablepress-MD800-Micro-Amperimetro-digital-EN-scroll-wrapper\" class=\"tablepress-scroll-wrapper\">\n<table id=\"tablepress-MD800-Micro-Amperimetro-digital-EN\" class=\"tablepress tablepress-id-MD800-Micro-Amperimetro-digital-EN tablepress-responsive\">\n<thead>\n<tr class=\"row-1\">\n\t<td class=\"column-1\"><\/td><th class=\"column-2\">References<\/th><th class=\"column-3\">Features<\/th><td class=\"column-4\"><\/td>\n<\/tr>\n<\/thead>\n<tbody class=\"row-striping row-hover\">\n<tr class=\"row-2\">\n\t<td class=\"column-1\"><img decoding=\"async\" src=\"https:\/\/www.ritzbrasil.com\/wp-content\/uploads\/2024\/09\/md800-micro-tester-microamperimetro-digital-150x150-1.jpg\" \/><\/td><td class=\"column-2\">MD800<\/td><td class=\"column-3\">Performs measurements and monitoring of leakage currents up to 800 \u03bcA.<br \/>\nApprox. Weight: 3.12 kg (6.88 lb)<\/td><td class=\"column-4\">    <button class=\"add-to-budget\" data-table-id=\"MD800-Micro-Amperimetro-digital\" data-reference=\"MD800\" data-description=\"MD800 Micro Amper\u00edmetro digital\" style=\"color:#ff4d00;\">\n        <img decoding=\"async\" src=\"https:\/\/www.ritzbrasil.com\/\/wp-content\/uploads\/2024\/07\/orcar-compras-tabela-new-1.png\" alt=\"Request quote\" title=\"Request quote\" \/>\n    <\/button>\n    <\/td>\n<\/tr>\n<\/tbody>\n<\/table>\n<\/div>\n[\/vc_column_text][vc_column_text css=&#8221;.vc_custom_1730226804213{margin-top: -20px !important;}&#8221;]It measures and monitors leakage currents of up to 800 \u03bcA.<br \/>\nApprox. weight: 3.12 kg (6.88 lb)<\/p>\n<p>The maximum leakage current value allowed for the structure to be monitored can be set on the MD800 and audible and light signals will be emitted when the leakage current value exceeds the value set on the device.<\/p>\n<p>Designed to operate on insulating structures that are in contact with transmission lines of up to 500 kV.[\/vc_column_text][vc_separator border_width=&#8221;2&#8243; css=&#8221;&#8221;][\/vc_column][\/vc_row]<\/p>\n<\/div>","protected":false},"excerpt":{"rendered":"<h4><span style=\"color: #ff9900;\">Microammeter<\/span><\/h4>\n<p>Leakage current meter in insulating structures that are in direct contact with the energized line.<\/p>\n<p>It is used to measure and monitor leakage current in insulating structures such as ladders, scaffolding, insulating arms of aerial baskets, among others.<\/p>\n","protected":false},"featured_media":59920,"template":"","meta":[],"product_brand":[],"product_cat":[1671],"product_tag":[2082,2081],"class_list":{"0":"post-60972","1":"product","2":"type-product","3":"status-publish","4":"has-post-thumbnail","6":"product_cat-test-and-detection-instruments","7":"product_tag-md800-en","8":"product_tag-rc402-0288-en","9":"description-off","11":"first","12":"instock","13":"virtual","14":"product-type-simple"},"yoast_head":"<!-- This site is optimized with the Yoast SEO plugin v27.1.1 - https:\/\/yoast.com\/product\/yoast-seo-wordpress\/ -->\n<title>Microammeter<\/title>\n<meta name=\"description\" content=\"Microammeter for measuring leakage current in insulating structures in contact with live lines, such as ladders, scaffolding and insulating arms.\" \/>\n<meta name=\"robots\" content=\"index, follow, max-snippet:-1, max-image-preview:large, max-video-preview:-1\" \/>\n<link rel=\"canonical\" href=\"https:\/\/www.ritzbrasil.com\/en\/produtos\/test-and-detection-instruments\/microammeter\/\" \/>\n<meta property=\"og:locale\" content=\"en_US\" \/>\n<meta property=\"og:type\" content=\"article\" \/>\n<meta property=\"og:title\" content=\"Microammeter\" \/>\n<meta property=\"og:description\" content=\"Microammeter for measuring leakage current in insulating structures in contact with live lines, such as ladders, scaffolding and insulating arms.\" \/>\n<meta property=\"og:url\" content=\"https:\/\/www.ritzbrasil.com\/en\/produtos\/test-and-detection-instruments\/microammeter\/\" \/>\n<meta property=\"og:site_name\" content=\"Equipamentos de Manuten\u00e7\u00e3o e Seguran\u00e7a para o Setor El\u00e9trico - Ritz Brasil\" \/>\n<meta property=\"article:modified_time\" content=\"2026-02-02T13:26:42+00:00\" \/>\n<meta property=\"og:image\" content=\"https:\/\/www.ritzbrasil.com\/wp-content\/uploads\/2024\/10\/rc402-0288-micro-amperimetro-analogico.jpg\" \/>\n\t<meta property=\"og:image:width\" content=\"1200\" \/>\n\t<meta property=\"og:image:height\" content=\"1200\" \/>\n\t<meta property=\"og:image:type\" content=\"image\/jpeg\" \/>\n<meta name=\"twitter:card\" content=\"summary_large_image\" \/>\n<meta name=\"twitter:label1\" content=\"Est. reading time\" \/>\n\t<meta name=\"twitter:data1\" content=\"1 minute\" \/>\n<script type=\"application\/ld+json\" class=\"yoast-schema-graph\">{\"@context\":\"https:\/\/schema.org\",\"@graph\":[{\"@type\":\"WebPage\",\"@id\":\"https:\/\/www.ritzbrasil.com\/en\/produtos\/test-and-detection-instruments\/microammeter\/\",\"url\":\"https:\/\/www.ritzbrasil.com\/en\/produtos\/test-and-detection-instruments\/microammeter\/\",\"name\":\"Microammeter\",\"isPartOf\":{\"@id\":\"https:\/\/www.ritzbrasil.com\/en\/#website\"},\"primaryImageOfPage\":{\"@id\":\"https:\/\/www.ritzbrasil.com\/en\/produtos\/test-and-detection-instruments\/microammeter\/#primaryimage\"},\"image\":{\"@id\":\"https:\/\/www.ritzbrasil.com\/en\/produtos\/test-and-detection-instruments\/microammeter\/#primaryimage\"},\"thumbnailUrl\":\"https:\/\/www.ritzbrasil.com\/wp-content\/uploads\/2024\/10\/rc402-0288-micro-amperimetro-analogico.jpg\",\"datePublished\":\"2024-10-29T18:38:18+00:00\",\"dateModified\":\"2026-02-02T13:26:42+00:00\",\"description\":\"Microammeter for measuring leakage current in insulating structures in contact with live lines, such as ladders, scaffolding and insulating arms.\",\"breadcrumb\":{\"@id\":\"https:\/\/www.ritzbrasil.com\/en\/produtos\/test-and-detection-instruments\/microammeter\/#breadcrumb\"},\"inLanguage\":\"en-US\",\"potentialAction\":[{\"@type\":\"ReadAction\",\"target\":[\"https:\/\/www.ritzbrasil.com\/en\/produtos\/test-and-detection-instruments\/microammeter\/\"]}]},{\"@type\":\"ImageObject\",\"inLanguage\":\"en-US\",\"@id\":\"https:\/\/www.ritzbrasil.com\/en\/produtos\/test-and-detection-instruments\/microammeter\/#primaryimage\",\"url\":\"https:\/\/www.ritzbrasil.com\/wp-content\/uploads\/2024\/10\/rc402-0288-micro-amperimetro-analogico.jpg\",\"contentUrl\":\"https:\/\/www.ritzbrasil.com\/wp-content\/uploads\/2024\/10\/rc402-0288-micro-amperimetro-analogico.jpg\",\"width\":1200,\"height\":1200,\"caption\":\"RC402-0288 Analog Micro Ammeter\"},{\"@type\":\"BreadcrumbList\",\"@id\":\"https:\/\/www.ritzbrasil.com\/en\/produtos\/test-and-detection-instruments\/microammeter\/#breadcrumb\",\"itemListElement\":[{\"@type\":\"ListItem\",\"position\":1,\"name\":\"In\u00edcio\",\"item\":\"https:\/\/www.ritzbrasil.com\/en\/\"},{\"@type\":\"ListItem\",\"position\":2,\"name\":\"Shop\",\"item\":\"https:\/\/www.ritzbrasil.com\/en\/shop\/\"},{\"@type\":\"ListItem\",\"position\":3,\"name\":\"Microammeter\"}]},{\"@type\":\"WebSite\",\"@id\":\"https:\/\/www.ritzbrasil.com\/en\/#website\",\"url\":\"https:\/\/www.ritzbrasil.com\/en\/\",\"name\":\"Equipamentos de Manuten\u00e7\u00e3o e Seguran\u00e7a para o Setor El\u00e9trico - Ritz Brasil\",\"description\":\"\",\"potentialAction\":[{\"@type\":\"SearchAction\",\"target\":{\"@type\":\"EntryPoint\",\"urlTemplate\":\"https:\/\/www.ritzbrasil.com\/en\/?s={search_term_string}\"},\"query-input\":{\"@type\":\"PropertyValueSpecification\",\"valueRequired\":true,\"valueName\":\"search_term_string\"}}],\"inLanguage\":\"en-US\"}]}<\/script>\n<!-- \/ Yoast SEO plugin. -->","yoast_head_json":{"title":"Microammeter","description":"Microammeter for measuring leakage current in insulating structures in contact with live lines, such as ladders, scaffolding and insulating arms.","robots":{"index":"index","follow":"follow","max-snippet":"max-snippet:-1","max-image-preview":"max-image-preview:large","max-video-preview":"max-video-preview:-1"},"canonical":"https:\/\/www.ritzbrasil.com\/en\/produtos\/test-and-detection-instruments\/microammeter\/","og_locale":"en_US","og_type":"article","og_title":"Microammeter","og_description":"Microammeter for measuring leakage current in insulating structures in contact with live lines, such as ladders, scaffolding and insulating arms.","og_url":"https:\/\/www.ritzbrasil.com\/en\/produtos\/test-and-detection-instruments\/microammeter\/","og_site_name":"Equipamentos de Manuten\u00e7\u00e3o e Seguran\u00e7a para o Setor El\u00e9trico - Ritz Brasil","article_modified_time":"2026-02-02T13:26:42+00:00","og_image":[{"width":1200,"height":1200,"url":"https:\/\/www.ritzbrasil.com\/wp-content\/uploads\/2024\/10\/rc402-0288-micro-amperimetro-analogico.jpg","type":"image\/jpeg"}],"twitter_card":"summary_large_image","twitter_misc":{"Est. reading time":"1 minute"},"schema":{"@context":"https:\/\/schema.org","@graph":[{"@type":"WebPage","@id":"https:\/\/www.ritzbrasil.com\/en\/produtos\/test-and-detection-instruments\/microammeter\/","url":"https:\/\/www.ritzbrasil.com\/en\/produtos\/test-and-detection-instruments\/microammeter\/","name":"Microammeter","isPartOf":{"@id":"https:\/\/www.ritzbrasil.com\/en\/#website"},"primaryImageOfPage":{"@id":"https:\/\/www.ritzbrasil.com\/en\/produtos\/test-and-detection-instruments\/microammeter\/#primaryimage"},"image":{"@id":"https:\/\/www.ritzbrasil.com\/en\/produtos\/test-and-detection-instruments\/microammeter\/#primaryimage"},"thumbnailUrl":"https:\/\/www.ritzbrasil.com\/wp-content\/uploads\/2024\/10\/rc402-0288-micro-amperimetro-analogico.jpg","datePublished":"2024-10-29T18:38:18+00:00","dateModified":"2026-02-02T13:26:42+00:00","description":"Microammeter for measuring leakage current in insulating structures in contact with live lines, such as ladders, scaffolding and insulating arms.","breadcrumb":{"@id":"https:\/\/www.ritzbrasil.com\/en\/produtos\/test-and-detection-instruments\/microammeter\/#breadcrumb"},"inLanguage":"en-US","potentialAction":[{"@type":"ReadAction","target":["https:\/\/www.ritzbrasil.com\/en\/produtos\/test-and-detection-instruments\/microammeter\/"]}]},{"@type":"ImageObject","inLanguage":"en-US","@id":"https:\/\/www.ritzbrasil.com\/en\/produtos\/test-and-detection-instruments\/microammeter\/#primaryimage","url":"https:\/\/www.ritzbrasil.com\/wp-content\/uploads\/2024\/10\/rc402-0288-micro-amperimetro-analogico.jpg","contentUrl":"https:\/\/www.ritzbrasil.com\/wp-content\/uploads\/2024\/10\/rc402-0288-micro-amperimetro-analogico.jpg","width":1200,"height":1200,"caption":"RC402-0288 Analog Micro Ammeter"},{"@type":"BreadcrumbList","@id":"https:\/\/www.ritzbrasil.com\/en\/produtos\/test-and-detection-instruments\/microammeter\/#breadcrumb","itemListElement":[{"@type":"ListItem","position":1,"name":"In\u00edcio","item":"https:\/\/www.ritzbrasil.com\/en\/"},{"@type":"ListItem","position":2,"name":"Shop","item":"https:\/\/www.ritzbrasil.com\/en\/shop\/"},{"@type":"ListItem","position":3,"name":"Microammeter"}]},{"@type":"WebSite","@id":"https:\/\/www.ritzbrasil.com\/en\/#website","url":"https:\/\/www.ritzbrasil.com\/en\/","name":"Equipamentos de Manuten\u00e7\u00e3o e Seguran\u00e7a para o Setor El\u00e9trico - Ritz Brasil","description":"","potentialAction":[{"@type":"SearchAction","target":{"@type":"EntryPoint","urlTemplate":"https:\/\/www.ritzbrasil.com\/en\/?s={search_term_string}"},"query-input":{"@type":"PropertyValueSpecification","valueRequired":true,"valueName":"search_term_string"}}],"inLanguage":"en-US"}]}},"_links":{"self":[{"href":"https:\/\/www.ritzbrasil.com\/en\/wp-json\/wp\/v2\/product\/60972","targetHints":{"allow":["GET"]}}],"collection":[{"href":"https:\/\/www.ritzbrasil.com\/en\/wp-json\/wp\/v2\/product"}],"about":[{"href":"https:\/\/www.ritzbrasil.com\/en\/wp-json\/wp\/v2\/types\/product"}],"wp:featuredmedia":[{"embeddable":true,"href":"https:\/\/www.ritzbrasil.com\/en\/wp-json\/wp\/v2\/media\/59920"}],"wp:attachment":[{"href":"https:\/\/www.ritzbrasil.com\/en\/wp-json\/wp\/v2\/media?parent=60972"}],"wp:term":[{"taxonomy":"product_brand","embeddable":true,"href":"https:\/\/www.ritzbrasil.com\/en\/wp-json\/wp\/v2\/product_brand?post=60972"},{"taxonomy":"product_cat","embeddable":true,"href":"https:\/\/www.ritzbrasil.com\/en\/wp-json\/wp\/v2\/product_cat?post=60972"},{"taxonomy":"product_tag","embeddable":true,"href":"https:\/\/www.ritzbrasil.com\/en\/wp-json\/wp\/v2\/product_tag?post=60972"}],"curies":[{"name":"wp","href":"https:\/\/api.w.org\/{rel}","templated":true}]}}