{"id":60971,"date":"2024-10-29T14:04:25","date_gmt":"2024-10-29T17:04:25","guid":{"rendered":"https:\/\/bisque-bison-688002.hostingersite.com\/produtos\/uncategorized\/phase-tester\/"},"modified":"2026-02-02T11:02:07","modified_gmt":"2026-02-02T14:02:07","slug":"phase-tester","status":"publish","type":"product","link":"https:\/\/www.ritzbrasil.com\/en\/produtos\/test-and-detection-instruments\/phase-tester\/","title":{"rendered":"Phase Tester"},"content":{"rendered":"<div class=\"wpb-content-wrapper\"><p>[vc_row][vc_column][vc_column_text css=&#8221;.vc_custom_1730221065809{margin-top: 20px !important;}&#8221;]<\/p>\n<h4><span style=\"color: #ff9900;\"><strong>Phase Tester<\/strong><\/span><\/h4>\n<p>[\/vc_column_text][vc_column_text css=&#8221;.vc_custom_1770040766767{margin-top: -20px !important;}&#8221;]\n<div id=\"tablepress-Testador-Fase-EN-scroll-wrapper\" class=\"tablepress-scroll-wrapper\">\n<table id=\"tablepress-Testador-Fase-EN\" class=\"tablepress tablepress-id-Testador-Fase-EN tablepress-responsive\">\n<thead>\n<tr class=\"row-1\">\n\t<td class=\"column-1\"><\/td><th class=\"column-2\">References<\/th><th class=\"column-3\">Features<\/th><td class=\"column-4\"><\/td>\n<\/tr>\n<\/thead>\n<tbody class=\"row-striping row-hover\">\n<tr class=\"row-2\">\n\t<td class=\"column-1\"><img decoding=\"async\" src=\"https:\/\/www.ritzbrasil.com\/wp-content\/uploads\/2024\/10\/rh1876-1-testador-fase-150x150-1.jpg\" \/><\/td><td class=\"column-2\">RH1876<\/td><td class=\"column-3\">Complete kit for phase testing up to 16 kV, including tester, case, two universal sticks, bag for the universal sticks.<\/td><td class=\"column-4\">    <button class=\"add-to-budget\" data-table-id=\"Testador-Fase\" data-reference=\"RH1876\" data-description=\"Phase Tester\" style=\"color:#ff4d00;\">\n        <img decoding=\"async\" src=\"https:\/\/www.ritzbrasil.com\/\/wp-content\/uploads\/2024\/07\/orcar-compras-tabela-new-1.png\" alt=\"Request quote\" title=\"Request quote\" \/>\n    <\/button>\n    <\/td>\n<\/tr>\n<tr class=\"row-3\">\n\t<td class=\"column-1\"><img decoding=\"async\" src=\"https:\/\/www.ritzbrasil.com\/wp-content\/uploads\/2024\/10\/itr-e-00863-testador-fase-150x150-1.jpg\" \/><\/td><td class=\"column-2\">ITR-E-00863<\/td><td class=\"column-3\">Complete phase test kit, including tester,<br \/>\nextension kit with 48 kV resistor, carrying case, two universal test sticks, bag for the universal test sticks.<\/td><td class=\"column-4\">    <button class=\"add-to-budget\" data-table-id=\"Testador-Fase\" data-reference=\"ITR-E-00863\" data-description=\"TPhase Tester\" style=\"color:#ff4d00;\">\n        <img decoding=\"async\" src=\"https:\/\/www.ritzbrasil.com\/\/wp-content\/uploads\/2024\/07\/orcar-compras-tabela-new-1.png\" alt=\"Request quote\" title=\"Request quote\" \/>\n    <\/button>\n    <\/td>\n<\/tr>\n<tr class=\"row-4\">\n\t<td class=\"column-1\"><img decoding=\"async\" src=\"https:\/\/www.ritzbrasil.com\/wp-content\/uploads\/2024\/10\/rh1876-1-testador-fase-150x150-1.jpg\" \/><\/td><td class=\"column-2\">RH1876-1<\/td><td class=\"column-3\">Only the 16 kV tester with case<\/td><td class=\"column-4\">    <button class=\"add-to-budget\" data-table-id=\"Testador-Fase\" data-reference=\"RH1876-1\" data-description=\"Phase Tester\" style=\"color:#ff4d00;\">\n        <img decoding=\"async\" src=\"https:\/\/www.ritzbrasil.com\/\/wp-content\/uploads\/2024\/07\/orcar-compras-tabela-new-1.png\" alt=\"Request quote\" title=\"Request quote\" \/>\n    <\/button>\n    <\/td>\n<\/tr>\n<tr class=\"row-5\">\n\t<td class=\"column-1\"><img decoding=\"async\" src=\"https:\/\/www.ritzbrasil.com\/wp-content\/uploads\/2024\/10\/rh1876-2-kit-extensao-testador-fase-150x150-1.jpg\" \/><\/td><td class=\"column-2\">RH1876-2<\/td><td class=\"column-3\">Extension kit with resistor for the 80 kV Phase Tester<\/td><td class=\"column-4\">    <button class=\"add-to-budget\" data-table-id=\"Testador-Fase\" data-reference=\"RH1876-2\" data-description=\"Phase Tester\" style=\"color:#ff4d00;\">\n        <img decoding=\"async\" src=\"https:\/\/www.ritzbrasil.com\/\/wp-content\/uploads\/2024\/07\/orcar-compras-tabela-new-1.png\" alt=\"Request quote\" title=\"Request quote\" \/>\n    <\/button>\n    <\/td>\n<\/tr>\n<tr class=\"row-6\">\n\t<td class=\"column-1\"><img decoding=\"async\" src=\"https:\/\/www.ritzbrasil.com\/wp-content\/uploads\/2024\/10\/rh1876-4-kit-extensao-testador-fase-150x150-1.jpg\" \/><\/td><td class=\"column-2\">RH1876-4<\/td><td class=\"column-3\">Extension kit with resistor for the 48 kV Phase Tester<\/td><td class=\"column-4\">    <button class=\"add-to-budget\" data-table-id=\"Testador-Fase\" data-reference=\"RH1876-4\" data-description=\"TPhase Tester\" style=\"color:#ff4d00;\">\n        <img decoding=\"async\" src=\"https:\/\/www.ritzbrasil.com\/\/wp-content\/uploads\/2024\/07\/orcar-compras-tabela-new-1.png\" alt=\"Request quote\" title=\"Request quote\" \/>\n    <\/button>\n    <\/td>\n<\/tr>\n<tr class=\"row-7\">\n\t<td class=\"column-1\"><img decoding=\"async\" src=\"https:\/\/www.ritzbrasil.com\/wp-content\/uploads\/2024\/10\/h1876-b-aft-instrumento-aferidor-fase-tester-150x150-1.jpg\" \/><\/td><td class=\"column-2\">H1876\/B-AFT<\/td><td class=\"column-3\">Phase tester measuring instrument<\/td><td class=\"column-4\">    <button class=\"add-to-budget\" data-table-id=\"Testador-Fase\" data-reference=\"H1876\/B-AFT\" data-description=\"Phase Tester\" style=\"color:#ff4d00;\">\n        <img decoding=\"async\" src=\"https:\/\/www.ritzbrasil.com\/\/wp-content\/uploads\/2024\/07\/orcar-compras-tabela-new-1.png\" alt=\"Request quote\" title=\"Request quote\" \/>\n    <\/button>\n    <\/td>\n<\/tr>\n<\/tbody>\n<\/table>\n<\/div>\n[\/vc_column_text][vc_separator border_width=&#8221;2&#8243; css=&#8221;&#8221;][\/vc_column][\/vc_row][vc_row][vc_column][vc_column_text css=&#8221;.vc_custom_1730221441534{margin-top: 20px !important;}&#8221;]<\/p>\n<h4><span style=\"color: #ff9900;\"><strong>Accessories<\/strong><\/span><\/h4>\n<p>[\/vc_column_text][vc_column_text css=&#8221;.vc_custom_1770040935028{margin-top: -20px !important;}&#8221;]\n<div id=\"tablepress-Acessorio-Testador-Fase-EN-scroll-wrapper\" class=\"tablepress-scroll-wrapper\">\n<table id=\"tablepress-Acessorio-Testador-Fase-EN\" class=\"tablepress tablepress-id-Acessorio-Testador-Fase-EN tablepress-responsive\">\n<thead>\n<tr class=\"row-1\">\n\t<td class=\"column-1\"><\/td><th class=\"column-2\">References<\/th><th class=\"column-3\">Characteristics<\/th><td class=\"column-4\"><\/td>\n<\/tr>\n<\/thead>\n<tbody class=\"row-striping row-hover\">\n<tr class=\"row-2\">\n\t<td class=\"column-1\"><img decoding=\"async\" src=\"https:\/\/www.ritzbrasil.com\/wp-content\/uploads\/2024\/10\/rh1760-1-bastao-universal-150x150-1.jpg\" \/><\/td><td class=\"column-2\">RH1760-1<\/td><td class=\"column-3\">Universal rod \u00d8 32 mm and insulating length 1.75 m<\/td><td class=\"column-4\">    <button class=\"add-to-budget\" data-table-id=\"Acessorio-Testador-Fase\" data-reference=\"RH1760-1\" data-description=\"Testador de Fase - Acess\u00f3rio\" style=\"color:#ff4d00;\">\n        <img decoding=\"async\" src=\"https:\/\/www.ritzbrasil.com\/\/wp-content\/uploads\/2024\/07\/orcar-compras-tabela-new-1.png\" alt=\"Request quote\" title=\"Request quote\" \/>\n    <\/button>\n    <\/td>\n<\/tr>\n<\/tbody>\n<\/table>\n<\/div>\n[\/vc_column_text][vc_separator border_width=&#8221;2&#8243; css=&#8221;&#8221;][\/vc_column][\/vc_row]<\/p>\n<\/div>","protected":false},"excerpt":{"rendered":"<h4><span style=\"color: #ff9900;\">Phase Tester<\/span><\/h4>\n<p>Portable equipment that allows you to easily and safely determine rotation and phase comparison, as well as AC, phase-to-phase or phase-to-ground voltage readings on transmission and distribution circuits from 1 kV to 80 kV.<\/p>\n<p>The basic unit consists of a galvanometer that takes direct readings from 1 kV to 16 kV and a reel with 6.50 m of shielded cable, mounted on two RITZGLAS\u00ae poles, which are the high-impedance units needed to enable the instrument to take readings.<\/p>\n<p>For voltages above 16 kV it is necessary to use extensions (RH1876-4 for 48 kV and RH1876-2 for 80 kV). These extensions are screwed onto the end of the instrument&#8217;s pole and the reading becomes indirect, i.e. for 48 kV &#8211; full scale x3 and for 80 kV &#8211; full scale x5. <\/p>\n<p>For 48 kV (RH1876-4) use one pair of extensions and for 80 kV (RH1876-2) two pairs. Length of each unit: 630 mm. <\/p>\n<p>The purpose of the calibrator instrument (H1876\/B-AFT) is to calibrate the phase tester before use, especially after a long period of inactivity. It generates a digital signal for the phase tester so that the user can compare the galvanometer reading with the value indicated on the tester&#8217;s display. <\/p>\n<p>This gauge must be purchased as a separate product.<br \/>\nIts power source: 9 V battery.<\/p>\n","protected":false},"featured_media":59944,"template":"","meta":[],"product_brand":[],"product_cat":[1671],"product_tag":[2080,2076,2074,2075,2077,2078,2079],"class_list":{"0":"post-60971","1":"product","2":"type-product","3":"status-publish","4":"has-post-thumbnail","6":"product_cat-test-and-detection-instruments","7":"product_tag-h1876-b-aft-en","8":"product_tag-itr-e-00863-en","9":"product_tag-rh1760-1-en","10":"product_tag-rh1876-en","11":"product_tag-rh1876-1-en","12":"product_tag-rh1876-2-en","13":"product_tag-rh1876-4-en","14":"description-off","16":"first","17":"instock","18":"virtual","19":"product-type-simple"},"yoast_head":"<!-- This site is optimized with the Yoast SEO plugin v27.1.1 - https:\/\/yoast.com\/product\/yoast-seo-wordpress\/ -->\n<title>Phase Tester<\/title>\n<meta name=\"description\" content=\"Portable phase tester for rotation, phase comparison and AC voltage readings on circuits from 1 kV to 80 kV, safely and accurately.\" \/>\n<meta name=\"robots\" content=\"index, follow, max-snippet:-1, max-image-preview:large, max-video-preview:-1\" \/>\n<link rel=\"canonical\" href=\"https:\/\/www.ritzbrasil.com\/en\/produtos\/test-and-detection-instruments\/phase-tester\/\" \/>\n<meta property=\"og:locale\" content=\"en_US\" \/>\n<meta property=\"og:type\" content=\"article\" \/>\n<meta property=\"og:title\" content=\"Phase Tester\" \/>\n<meta property=\"og:description\" content=\"Portable phase tester for rotation, phase comparison and AC voltage readings on circuits from 1 kV to 80 kV, safely and accurately.\" \/>\n<meta property=\"og:url\" content=\"https:\/\/www.ritzbrasil.com\/en\/produtos\/test-and-detection-instruments\/phase-tester\/\" \/>\n<meta property=\"og:site_name\" content=\"Equipamentos de Manuten\u00e7\u00e3o e Seguran\u00e7a para o Setor El\u00e9trico - Ritz Brasil\" \/>\n<meta property=\"article:modified_time\" content=\"2026-02-02T14:02:07+00:00\" \/>\n<meta property=\"og:image\" content=\"https:\/\/www.ritzbrasil.com\/wp-content\/uploads\/2024\/10\/Testador-de-Fase.jpg\" \/>\n\t<meta property=\"og:image:width\" content=\"1200\" \/>\n\t<meta property=\"og:image:height\" content=\"1200\" \/>\n\t<meta property=\"og:image:type\" content=\"image\/jpeg\" \/>\n<meta name=\"twitter:card\" content=\"summary_large_image\" \/>\n<meta name=\"twitter:label1\" content=\"Est. reading time\" \/>\n\t<meta name=\"twitter:data1\" content=\"1 minute\" \/>\n<script type=\"application\/ld+json\" class=\"yoast-schema-graph\">{\"@context\":\"https:\/\/schema.org\",\"@graph\":[{\"@type\":\"WebPage\",\"@id\":\"https:\/\/www.ritzbrasil.com\/en\/produtos\/test-and-detection-instruments\/phase-tester\/\",\"url\":\"https:\/\/www.ritzbrasil.com\/en\/produtos\/test-and-detection-instruments\/phase-tester\/\",\"name\":\"Phase Tester\",\"isPartOf\":{\"@id\":\"https:\/\/www.ritzbrasil.com\/en\/#website\"},\"primaryImageOfPage\":{\"@id\":\"https:\/\/www.ritzbrasil.com\/en\/produtos\/test-and-detection-instruments\/phase-tester\/#primaryimage\"},\"image\":{\"@id\":\"https:\/\/www.ritzbrasil.com\/en\/produtos\/test-and-detection-instruments\/phase-tester\/#primaryimage\"},\"thumbnailUrl\":\"https:\/\/www.ritzbrasil.com\/wp-content\/uploads\/2024\/10\/Testador-de-Fase.jpg\",\"datePublished\":\"2024-10-29T17:04:25+00:00\",\"dateModified\":\"2026-02-02T14:02:07+00:00\",\"description\":\"Portable phase tester for rotation, phase comparison and AC voltage readings on circuits from 1 kV to 80 kV, safely and accurately.\",\"breadcrumb\":{\"@id\":\"https:\/\/www.ritzbrasil.com\/en\/produtos\/test-and-detection-instruments\/phase-tester\/#breadcrumb\"},\"inLanguage\":\"en-US\",\"potentialAction\":[{\"@type\":\"ReadAction\",\"target\":[\"https:\/\/www.ritzbrasil.com\/en\/produtos\/test-and-detection-instruments\/phase-tester\/\"]}]},{\"@type\":\"ImageObject\",\"inLanguage\":\"en-US\",\"@id\":\"https:\/\/www.ritzbrasil.com\/en\/produtos\/test-and-detection-instruments\/phase-tester\/#primaryimage\",\"url\":\"https:\/\/www.ritzbrasil.com\/wp-content\/uploads\/2024\/10\/Testador-de-Fase.jpg\",\"contentUrl\":\"https:\/\/www.ritzbrasil.com\/wp-content\/uploads\/2024\/10\/Testador-de-Fase.jpg\",\"width\":1200,\"height\":1200,\"caption\":\"Phase Tester\"},{\"@type\":\"BreadcrumbList\",\"@id\":\"https:\/\/www.ritzbrasil.com\/en\/produtos\/test-and-detection-instruments\/phase-tester\/#breadcrumb\",\"itemListElement\":[{\"@type\":\"ListItem\",\"position\":1,\"name\":\"In\u00edcio\",\"item\":\"https:\/\/www.ritzbrasil.com\/en\/\"},{\"@type\":\"ListItem\",\"position\":2,\"name\":\"Shop\",\"item\":\"https:\/\/www.ritzbrasil.com\/en\/shop\/\"},{\"@type\":\"ListItem\",\"position\":3,\"name\":\"Phase Tester\"}]},{\"@type\":\"WebSite\",\"@id\":\"https:\/\/www.ritzbrasil.com\/en\/#website\",\"url\":\"https:\/\/www.ritzbrasil.com\/en\/\",\"name\":\"Equipamentos de Manuten\u00e7\u00e3o e Seguran\u00e7a para o Setor El\u00e9trico - Ritz Brasil\",\"description\":\"\",\"potentialAction\":[{\"@type\":\"SearchAction\",\"target\":{\"@type\":\"EntryPoint\",\"urlTemplate\":\"https:\/\/www.ritzbrasil.com\/en\/?s={search_term_string}\"},\"query-input\":{\"@type\":\"PropertyValueSpecification\",\"valueRequired\":true,\"valueName\":\"search_term_string\"}}],\"inLanguage\":\"en-US\"}]}<\/script>\n<!-- \/ Yoast SEO plugin. -->","yoast_head_json":{"title":"Phase Tester","description":"Portable phase tester for rotation, phase comparison and AC voltage readings on circuits from 1 kV to 80 kV, safely and accurately.","robots":{"index":"index","follow":"follow","max-snippet":"max-snippet:-1","max-image-preview":"max-image-preview:large","max-video-preview":"max-video-preview:-1"},"canonical":"https:\/\/www.ritzbrasil.com\/en\/produtos\/test-and-detection-instruments\/phase-tester\/","og_locale":"en_US","og_type":"article","og_title":"Phase Tester","og_description":"Portable phase tester for rotation, phase comparison and AC voltage readings on circuits from 1 kV to 80 kV, safely and accurately.","og_url":"https:\/\/www.ritzbrasil.com\/en\/produtos\/test-and-detection-instruments\/phase-tester\/","og_site_name":"Equipamentos de Manuten\u00e7\u00e3o e Seguran\u00e7a para o Setor El\u00e9trico - Ritz Brasil","article_modified_time":"2026-02-02T14:02:07+00:00","og_image":[{"width":1200,"height":1200,"url":"https:\/\/www.ritzbrasil.com\/wp-content\/uploads\/2024\/10\/Testador-de-Fase.jpg","type":"image\/jpeg"}],"twitter_card":"summary_large_image","twitter_misc":{"Est. reading time":"1 minute"},"schema":{"@context":"https:\/\/schema.org","@graph":[{"@type":"WebPage","@id":"https:\/\/www.ritzbrasil.com\/en\/produtos\/test-and-detection-instruments\/phase-tester\/","url":"https:\/\/www.ritzbrasil.com\/en\/produtos\/test-and-detection-instruments\/phase-tester\/","name":"Phase Tester","isPartOf":{"@id":"https:\/\/www.ritzbrasil.com\/en\/#website"},"primaryImageOfPage":{"@id":"https:\/\/www.ritzbrasil.com\/en\/produtos\/test-and-detection-instruments\/phase-tester\/#primaryimage"},"image":{"@id":"https:\/\/www.ritzbrasil.com\/en\/produtos\/test-and-detection-instruments\/phase-tester\/#primaryimage"},"thumbnailUrl":"https:\/\/www.ritzbrasil.com\/wp-content\/uploads\/2024\/10\/Testador-de-Fase.jpg","datePublished":"2024-10-29T17:04:25+00:00","dateModified":"2026-02-02T14:02:07+00:00","description":"Portable phase tester for rotation, phase comparison and AC voltage readings on circuits from 1 kV to 80 kV, safely and accurately.","breadcrumb":{"@id":"https:\/\/www.ritzbrasil.com\/en\/produtos\/test-and-detection-instruments\/phase-tester\/#breadcrumb"},"inLanguage":"en-US","potentialAction":[{"@type":"ReadAction","target":["https:\/\/www.ritzbrasil.com\/en\/produtos\/test-and-detection-instruments\/phase-tester\/"]}]},{"@type":"ImageObject","inLanguage":"en-US","@id":"https:\/\/www.ritzbrasil.com\/en\/produtos\/test-and-detection-instruments\/phase-tester\/#primaryimage","url":"https:\/\/www.ritzbrasil.com\/wp-content\/uploads\/2024\/10\/Testador-de-Fase.jpg","contentUrl":"https:\/\/www.ritzbrasil.com\/wp-content\/uploads\/2024\/10\/Testador-de-Fase.jpg","width":1200,"height":1200,"caption":"Phase Tester"},{"@type":"BreadcrumbList","@id":"https:\/\/www.ritzbrasil.com\/en\/produtos\/test-and-detection-instruments\/phase-tester\/#breadcrumb","itemListElement":[{"@type":"ListItem","position":1,"name":"In\u00edcio","item":"https:\/\/www.ritzbrasil.com\/en\/"},{"@type":"ListItem","position":2,"name":"Shop","item":"https:\/\/www.ritzbrasil.com\/en\/shop\/"},{"@type":"ListItem","position":3,"name":"Phase Tester"}]},{"@type":"WebSite","@id":"https:\/\/www.ritzbrasil.com\/en\/#website","url":"https:\/\/www.ritzbrasil.com\/en\/","name":"Equipamentos de Manuten\u00e7\u00e3o e Seguran\u00e7a para o Setor El\u00e9trico - Ritz Brasil","description":"","potentialAction":[{"@type":"SearchAction","target":{"@type":"EntryPoint","urlTemplate":"https:\/\/www.ritzbrasil.com\/en\/?s={search_term_string}"},"query-input":{"@type":"PropertyValueSpecification","valueRequired":true,"valueName":"search_term_string"}}],"inLanguage":"en-US"}]}},"_links":{"self":[{"href":"https:\/\/www.ritzbrasil.com\/en\/wp-json\/wp\/v2\/product\/60971","targetHints":{"allow":["GET"]}}],"collection":[{"href":"https:\/\/www.ritzbrasil.com\/en\/wp-json\/wp\/v2\/product"}],"about":[{"href":"https:\/\/www.ritzbrasil.com\/en\/wp-json\/wp\/v2\/types\/product"}],"wp:featuredmedia":[{"embeddable":true,"href":"https:\/\/www.ritzbrasil.com\/en\/wp-json\/wp\/v2\/media\/59944"}],"wp:attachment":[{"href":"https:\/\/www.ritzbrasil.com\/en\/wp-json\/wp\/v2\/media?parent=60971"}],"wp:term":[{"taxonomy":"product_brand","embeddable":true,"href":"https:\/\/www.ritzbrasil.com\/en\/wp-json\/wp\/v2\/product_brand?post=60971"},{"taxonomy":"product_cat","embeddable":true,"href":"https:\/\/www.ritzbrasil.com\/en\/wp-json\/wp\/v2\/product_cat?post=60971"},{"taxonomy":"product_tag","embeddable":true,"href":"https:\/\/www.ritzbrasil.com\/en\/wp-json\/wp\/v2\/product_tag?post=60971"}],"curies":[{"name":"wp","href":"https:\/\/api.w.org\/{rel}","templated":true}]}}