{"id":60969,"date":"2024-10-29T13:23:54","date_gmt":"2024-10-29T16:23:54","guid":{"rendered":"https:\/\/bisque-bison-688002.hostingersite.com\/produtos\/uncategorized\/potential-contact-stick\/"},"modified":"2026-02-02T11:23:41","modified_gmt":"2026-02-02T14:23:41","slug":"potential-contact-stick","status":"publish","type":"product","link":"https:\/\/www.ritzbrasil.com\/en\/produtos\/equipment-for-working-to-potential\/potential-contact-stick\/","title":{"rendered":"Potential Contact Stick"},"content":{"rendered":"<div class=\"wpb-content-wrapper\"><p>[vc_row][vc_column][vc_column_text css=&#8221;.vc_custom_1730218692866{margin-top: 20px !important;}&#8221;]<\/p>\n<h4><span style=\"color: #ff9900;\"><strong>Potential Contact Stick<\/strong><\/span><\/h4>\n<p>[\/vc_column_text][vc_column_text css=&#8221;.vc_custom_1770042220081{margin-top: -20px !important;}&#8221;]\n<div id=\"tablepress-FLV02544-1-Bastao-Contato-Potencial-EN-scroll-wrapper\" class=\"tablepress-scroll-wrapper\">\n<table id=\"tablepress-FLV02544-1-Bastao-Contato-Potencial-EN\" class=\"tablepress tablepress-id-FLV02544-1-Bastao-Contato-Potencial-EN tablepress-responsive\">\n<thead>\n<tr class=\"row-1\">\n\t<td class=\"column-1\"><\/td><th class=\"column-2\">References<\/th><th class=\"column-3\">Features<\/th><td class=\"column-4\"><\/td>\n<\/tr>\n<\/thead>\n<tbody class=\"row-striping row-hover\">\n<tr class=\"row-2\">\n\t<td class=\"column-1\"><img decoding=\"async\" src=\"https:\/\/www.ritzbrasil.com\/wp-content\/uploads\/2024\/10\/flv02544-1-bastao-contato-potencial-150x150-1.jpg\" \/><\/td><td class=\"column-2\">FLV02544-1<\/td><td class=\"column-3\">Approx. Weight: 1.60 kg (5.53 lb)<br \/>\nMinimum Opening: 12 mm Maximum: 48 mm<\/td><td class=\"column-4\">    <button class=\"add-to-budget\" data-table-id=\"FLV02544-1-Bastao-Contato-Potencial\" data-reference=\"FLV02544-1\" data-description=\"Potential Contact Stick&lt;br \/&gt;\n\" style=\"color:#ff4d00;\">\n        <img decoding=\"async\" src=\"https:\/\/www.ritzbrasil.com\/\/wp-content\/uploads\/2024\/07\/orcar-compras-tabela-new-1.png\" alt=\"Request quote\" title=\"Request quote\" \/>\n    <\/button>\n    <\/td>\n<\/tr>\n<\/tbody>\n<\/table>\n<\/div>\n[\/vc_column_text][vc_separator border_width=&#8221;2&#8243; css=&#8221;&#8221;][\/vc_column][\/vc_row]<\/p>\n<\/div>","protected":false},"excerpt":{"rendered":"<h4><span style=\"color: #ff9900;\">Potential Contact Stick<\/span><\/h4>\n<p>Used to connect the tail of the conductive clothing to the energized conductor, in order to equalize the potential, avoiding any discomfort for the electrician when carrying out the work.<\/p>\n<p>It is through the potential contact rod that (during maintenance using the potential work method) the electrician&#8217;s first contact with the energized conductor will be made. Likewise, at the end of the work, it will be the last to be disconnected, thus avoiding the occurrence of an arc flash on the electrician. <\/p>\n<p>When returning to ground potential, the rod must first touch the structure in order to discharge the static energy.<\/p>\n<p>Made from RITZGLAS\u00ae \u00d8 32 mm tubing with an insulating length of 340 mm, it has a resting handle for the pole and a connection for the &#8220;tail&#8221; of the conductive clothing.<\/p>\n<p>Approx. weight: 1.60 kg (5.53 lb)<\/p>\n<p><strong>TYPE OF CONNECTION<\/strong><br \/>\nMobile clamp: its installation is done by twisting the pole, but allows the electrician to choose to remove the pole, leaving only the clamp installed. (This clamp has a head with a quick coupling device, which will hold the clamp eye firmly and securely). <\/p>\n<p>Minimum opening: 12 mm Maximum: 48 mm<\/p>\n","protected":false},"featured_media":59866,"template":"","meta":[],"product_brand":[],"product_cat":[2034],"product_tag":[2066],"class_list":{"0":"post-60969","1":"product","2":"type-product","3":"status-publish","4":"has-post-thumbnail","6":"product_cat-equipment-for-working-to-potential","7":"product_tag-flv02544-1-en","8":"description-off","10":"first","11":"instock","12":"virtual","13":"product-type-simple"},"yoast_head":"<!-- This site is optimized with the Yoast SEO plugin v27.1.1 - https:\/\/yoast.com\/product\/yoast-seo-wordpress\/ -->\n<title>Potential Contact Stick<\/title>\n<meta name=\"description\" content=\"Potential contact stick, connects the conductive clothing to the energized conductor, equalizing the potential for comfort and safety.\" \/>\n<meta name=\"robots\" content=\"index, follow, max-snippet:-1, max-image-preview:large, max-video-preview:-1\" \/>\n<link rel=\"canonical\" href=\"https:\/\/www.ritzbrasil.com\/en\/produtos\/equipment-for-working-to-potential\/potential-contact-stick\/\" \/>\n<meta property=\"og:locale\" content=\"en_US\" \/>\n<meta property=\"og:type\" content=\"article\" \/>\n<meta property=\"og:title\" content=\"Potential Contact Stick\" \/>\n<meta property=\"og:description\" content=\"Potential contact stick, connects the conductive clothing to the energized conductor, equalizing the potential for comfort and safety.\" \/>\n<meta property=\"og:url\" content=\"https:\/\/www.ritzbrasil.com\/en\/produtos\/equipment-for-working-to-potential\/potential-contact-stick\/\" \/>\n<meta property=\"og:site_name\" content=\"Equipamentos de Manuten\u00e7\u00e3o e Seguran\u00e7a para o Setor El\u00e9trico - Ritz Brasil\" \/>\n<meta property=\"article:modified_time\" content=\"2026-02-02T14:23:41+00:00\" \/>\n<meta property=\"og:image\" content=\"https:\/\/www.ritzbrasil.com\/wp-content\/uploads\/2024\/10\/flv02544-1-bastao-contato-potencial.jpg\" \/>\n\t<meta property=\"og:image:width\" content=\"1200\" \/>\n\t<meta property=\"og:image:height\" content=\"1200\" \/>\n\t<meta property=\"og:image:type\" content=\"image\/jpeg\" \/>\n<meta name=\"twitter:card\" content=\"summary_large_image\" \/>\n<meta name=\"twitter:label1\" content=\"Est. reading time\" \/>\n\t<meta name=\"twitter:data1\" content=\"1 minute\" \/>\n<script type=\"application\/ld+json\" class=\"yoast-schema-graph\">{\"@context\":\"https:\/\/schema.org\",\"@graph\":[{\"@type\":\"WebPage\",\"@id\":\"https:\/\/www.ritzbrasil.com\/en\/produtos\/equipment-for-working-to-potential\/potential-contact-stick\/\",\"url\":\"https:\/\/www.ritzbrasil.com\/en\/produtos\/equipment-for-working-to-potential\/potential-contact-stick\/\",\"name\":\"Potential Contact Stick\",\"isPartOf\":{\"@id\":\"https:\/\/www.ritzbrasil.com\/en\/#website\"},\"primaryImageOfPage\":{\"@id\":\"https:\/\/www.ritzbrasil.com\/en\/produtos\/equipment-for-working-to-potential\/potential-contact-stick\/#primaryimage\"},\"image\":{\"@id\":\"https:\/\/www.ritzbrasil.com\/en\/produtos\/equipment-for-working-to-potential\/potential-contact-stick\/#primaryimage\"},\"thumbnailUrl\":\"https:\/\/www.ritzbrasil.com\/wp-content\/uploads\/2024\/10\/flv02544-1-bastao-contato-potencial.jpg\",\"datePublished\":\"2024-10-29T16:23:54+00:00\",\"dateModified\":\"2026-02-02T14:23:41+00:00\",\"description\":\"Potential contact stick, connects the conductive clothing to the energized conductor, equalizing the potential for comfort and safety.\",\"breadcrumb\":{\"@id\":\"https:\/\/www.ritzbrasil.com\/en\/produtos\/equipment-for-working-to-potential\/potential-contact-stick\/#breadcrumb\"},\"inLanguage\":\"en-US\",\"potentialAction\":[{\"@type\":\"ReadAction\",\"target\":[\"https:\/\/www.ritzbrasil.com\/en\/produtos\/equipment-for-working-to-potential\/potential-contact-stick\/\"]}]},{\"@type\":\"ImageObject\",\"inLanguage\":\"en-US\",\"@id\":\"https:\/\/www.ritzbrasil.com\/en\/produtos\/equipment-for-working-to-potential\/potential-contact-stick\/#primaryimage\",\"url\":\"https:\/\/www.ritzbrasil.com\/wp-content\/uploads\/2024\/10\/flv02544-1-bastao-contato-potencial.jpg\",\"contentUrl\":\"https:\/\/www.ritzbrasil.com\/wp-content\/uploads\/2024\/10\/flv02544-1-bastao-contato-potencial.jpg\",\"width\":1200,\"height\":1200,\"caption\":\"FLV02544-1 Potential Contact Stick\"},{\"@type\":\"BreadcrumbList\",\"@id\":\"https:\/\/www.ritzbrasil.com\/en\/produtos\/equipment-for-working-to-potential\/potential-contact-stick\/#breadcrumb\",\"itemListElement\":[{\"@type\":\"ListItem\",\"position\":1,\"name\":\"In\u00edcio\",\"item\":\"https:\/\/www.ritzbrasil.com\/en\/\"},{\"@type\":\"ListItem\",\"position\":2,\"name\":\"Shop\",\"item\":\"https:\/\/www.ritzbrasil.com\/en\/shop\/\"},{\"@type\":\"ListItem\",\"position\":3,\"name\":\"Potential Contact Stick\"}]},{\"@type\":\"WebSite\",\"@id\":\"https:\/\/www.ritzbrasil.com\/en\/#website\",\"url\":\"https:\/\/www.ritzbrasil.com\/en\/\",\"name\":\"Equipamentos de Manuten\u00e7\u00e3o e Seguran\u00e7a para o Setor El\u00e9trico - Ritz Brasil\",\"description\":\"\",\"potentialAction\":[{\"@type\":\"SearchAction\",\"target\":{\"@type\":\"EntryPoint\",\"urlTemplate\":\"https:\/\/www.ritzbrasil.com\/en\/?s={search_term_string}\"},\"query-input\":{\"@type\":\"PropertyValueSpecification\",\"valueRequired\":true,\"valueName\":\"search_term_string\"}}],\"inLanguage\":\"en-US\"}]}<\/script>\n<!-- \/ Yoast SEO plugin. -->","yoast_head_json":{"title":"Potential Contact Stick","description":"Potential contact stick, connects the conductive clothing to the energized conductor, equalizing the potential for comfort and safety.","robots":{"index":"index","follow":"follow","max-snippet":"max-snippet:-1","max-image-preview":"max-image-preview:large","max-video-preview":"max-video-preview:-1"},"canonical":"https:\/\/www.ritzbrasil.com\/en\/produtos\/equipment-for-working-to-potential\/potential-contact-stick\/","og_locale":"en_US","og_type":"article","og_title":"Potential Contact Stick","og_description":"Potential contact stick, connects the conductive clothing to the energized conductor, equalizing the potential for comfort and safety.","og_url":"https:\/\/www.ritzbrasil.com\/en\/produtos\/equipment-for-working-to-potential\/potential-contact-stick\/","og_site_name":"Equipamentos de Manuten\u00e7\u00e3o e Seguran\u00e7a para o Setor El\u00e9trico - Ritz Brasil","article_modified_time":"2026-02-02T14:23:41+00:00","og_image":[{"width":1200,"height":1200,"url":"https:\/\/www.ritzbrasil.com\/wp-content\/uploads\/2024\/10\/flv02544-1-bastao-contato-potencial.jpg","type":"image\/jpeg"}],"twitter_card":"summary_large_image","twitter_misc":{"Est. reading time":"1 minute"},"schema":{"@context":"https:\/\/schema.org","@graph":[{"@type":"WebPage","@id":"https:\/\/www.ritzbrasil.com\/en\/produtos\/equipment-for-working-to-potential\/potential-contact-stick\/","url":"https:\/\/www.ritzbrasil.com\/en\/produtos\/equipment-for-working-to-potential\/potential-contact-stick\/","name":"Potential Contact Stick","isPartOf":{"@id":"https:\/\/www.ritzbrasil.com\/en\/#website"},"primaryImageOfPage":{"@id":"https:\/\/www.ritzbrasil.com\/en\/produtos\/equipment-for-working-to-potential\/potential-contact-stick\/#primaryimage"},"image":{"@id":"https:\/\/www.ritzbrasil.com\/en\/produtos\/equipment-for-working-to-potential\/potential-contact-stick\/#primaryimage"},"thumbnailUrl":"https:\/\/www.ritzbrasil.com\/wp-content\/uploads\/2024\/10\/flv02544-1-bastao-contato-potencial.jpg","datePublished":"2024-10-29T16:23:54+00:00","dateModified":"2026-02-02T14:23:41+00:00","description":"Potential contact stick, connects the conductive clothing to the energized conductor, equalizing the potential for comfort and safety.","breadcrumb":{"@id":"https:\/\/www.ritzbrasil.com\/en\/produtos\/equipment-for-working-to-potential\/potential-contact-stick\/#breadcrumb"},"inLanguage":"en-US","potentialAction":[{"@type":"ReadAction","target":["https:\/\/www.ritzbrasil.com\/en\/produtos\/equipment-for-working-to-potential\/potential-contact-stick\/"]}]},{"@type":"ImageObject","inLanguage":"en-US","@id":"https:\/\/www.ritzbrasil.com\/en\/produtos\/equipment-for-working-to-potential\/potential-contact-stick\/#primaryimage","url":"https:\/\/www.ritzbrasil.com\/wp-content\/uploads\/2024\/10\/flv02544-1-bastao-contato-potencial.jpg","contentUrl":"https:\/\/www.ritzbrasil.com\/wp-content\/uploads\/2024\/10\/flv02544-1-bastao-contato-potencial.jpg","width":1200,"height":1200,"caption":"FLV02544-1 Potential Contact Stick"},{"@type":"BreadcrumbList","@id":"https:\/\/www.ritzbrasil.com\/en\/produtos\/equipment-for-working-to-potential\/potential-contact-stick\/#breadcrumb","itemListElement":[{"@type":"ListItem","position":1,"name":"In\u00edcio","item":"https:\/\/www.ritzbrasil.com\/en\/"},{"@type":"ListItem","position":2,"name":"Shop","item":"https:\/\/www.ritzbrasil.com\/en\/shop\/"},{"@type":"ListItem","position":3,"name":"Potential Contact Stick"}]},{"@type":"WebSite","@id":"https:\/\/www.ritzbrasil.com\/en\/#website","url":"https:\/\/www.ritzbrasil.com\/en\/","name":"Equipamentos de Manuten\u00e7\u00e3o e Seguran\u00e7a para o Setor El\u00e9trico - Ritz Brasil","description":"","potentialAction":[{"@type":"SearchAction","target":{"@type":"EntryPoint","urlTemplate":"https:\/\/www.ritzbrasil.com\/en\/?s={search_term_string}"},"query-input":{"@type":"PropertyValueSpecification","valueRequired":true,"valueName":"search_term_string"}}],"inLanguage":"en-US"}]}},"_links":{"self":[{"href":"https:\/\/www.ritzbrasil.com\/en\/wp-json\/wp\/v2\/product\/60969","targetHints":{"allow":["GET"]}}],"collection":[{"href":"https:\/\/www.ritzbrasil.com\/en\/wp-json\/wp\/v2\/product"}],"about":[{"href":"https:\/\/www.ritzbrasil.com\/en\/wp-json\/wp\/v2\/types\/product"}],"wp:featuredmedia":[{"embeddable":true,"href":"https:\/\/www.ritzbrasil.com\/en\/wp-json\/wp\/v2\/media\/59866"}],"wp:attachment":[{"href":"https:\/\/www.ritzbrasil.com\/en\/wp-json\/wp\/v2\/media?parent=60969"}],"wp:term":[{"taxonomy":"product_brand","embeddable":true,"href":"https:\/\/www.ritzbrasil.com\/en\/wp-json\/wp\/v2\/product_brand?post=60969"},{"taxonomy":"product_cat","embeddable":true,"href":"https:\/\/www.ritzbrasil.com\/en\/wp-json\/wp\/v2\/product_cat?post=60969"},{"taxonomy":"product_tag","embeddable":true,"href":"https:\/\/www.ritzbrasil.com\/en\/wp-json\/wp\/v2\/product_tag?post=60969"}],"curies":[{"name":"wp","href":"https:\/\/api.w.org\/{rel}","templated":true}]}}