{"id":60965,"date":"2024-10-29T11:06:37","date_gmt":"2024-10-29T14:06:37","guid":{"rendered":"https:\/\/bisque-bison-688002.hostingersite.com\/produtos\/uncategorized\/access-to-potential-chair\/"},"modified":"2026-02-02T11:40:18","modified_gmt":"2026-02-02T14:40:18","slug":"access-to-potential-chair","status":"publish","type":"product","link":"https:\/\/www.ritzbrasil.com\/en\/produtos\/equipment-for-working-to-potential\/access-to-potential-chair\/","title":{"rendered":"Access to Potential Chair"},"content":{"rendered":"<div class=\"wpb-content-wrapper\"><p>[vc_row][vc_column][vc_column_text css=&#8221;.vc_custom_1730210258050{margin-top: 20px !important;}&#8221;]<\/p>\n<h4><span style=\"color: #ff9900;\"><strong>Access to Potential Chair<\/strong><\/span><\/h4>\n<p>[\/vc_column_text][vc_column_text css=&#8221;.vc_custom_1770043223365{margin-top: -20px !important;}&#8221;]\n<div id=\"tablepress-Cadeira-Acesso-Potencial-EN-scroll-wrapper\" class=\"tablepress-scroll-wrapper\">\n<table id=\"tablepress-Cadeira-Acesso-Potencial-EN\" class=\"tablepress tablepress-id-Cadeira-Acesso-Potencial-EN tablepress-responsive\">\n<thead>\n<tr class=\"row-1\">\n\t<td class=\"column-1\"><\/td><th class=\"column-2\">References<\/th><th class=\"column-3\">Features<\/th><td class=\"column-4\"><\/td>\n<\/tr>\n<\/thead>\n<tbody class=\"row-striping row-hover\">\n<tr class=\"row-2\">\n\t<td class=\"column-1\"><img decoding=\"async\" src=\"https:\/\/www.ritzbrasil.com\/wp-content\/uploads\/2024\/10\/flv12563-1-cadeira-acesso-potencial-150x150-1.jpg\" \/><\/td><td class=\"column-2\">FLV12563-1<\/td><td class=\"column-3\">Maximum working load capacity: 120 daN (265 lb)<br \/>\nApproximate Weight: 19.80 kg (43.65 lb)<\/td><td class=\"column-4\">    <button class=\"add-to-budget\" data-table-id=\"Cadeira-Acesso-Potencial\" data-reference=\"FLV12563-1\" data-description=\"Access to Potential Chair\" style=\"color:#ff4d00;\">\n        <img decoding=\"async\" src=\"https:\/\/www.ritzbrasil.com\/\/wp-content\/uploads\/2024\/07\/orcar-compras-tabela-new-1.png\" alt=\"Request quote\" title=\"Request quote\" \/>\n    <\/button>\n    <\/td>\n<\/tr>\n<\/tbody>\n<\/table>\n<\/div>\n[\/vc_column_text][vc_separator border_width=&#8221;2&#8243; css=&#8221;&#8221;][\/vc_column][\/vc_row]<\/p>\n<\/div>","protected":false},"excerpt":{"rendered":"<h4><span style=\"color: #ff9900;\">Access to Potential Chair<\/span><\/h4>\n<p>Designed to facilitate and speed up the electrician&#8217;s transportation from the ground to the maintenance areas in the structure or their approach to the potential, in a safe, fast and comfortable way.<\/p>\n<p>Its anatomically designed, lightweight and sturdy construction with RITZGLAS\u00ae rods and aluminum connections allows for vertical and horizontal displacement operations with absolute precision when approaching potential.<\/p>\n<p>It has a device that allows it to rotate continuously from the connection point with the boom, enabling the electrician to be better positioned when transitioning from the chair to the conductor. This device comes with the chair and can be used as an option. <\/p>\n<p>The chair is collapsible and has a bag for easy transportation, packaging and storage.<\/p>\n<p>Maximum working load capacity: 120 daN (265 lb)<br \/>\nApprox. weight: 19.80 kg (43.65 lb)<\/p>\n","protected":false},"featured_media":59848,"template":"","meta":[],"product_brand":[],"product_cat":[2034],"product_tag":[2056],"class_list":{"0":"post-60965","1":"product","2":"type-product","3":"status-publish","4":"has-post-thumbnail","6":"product_cat-equipment-for-working-to-potential","7":"product_tag-flv12563-1-en","8":"description-off","10":"first","11":"instock","12":"featured","13":"virtual","14":"product-type-simple"},"yoast_head":"<!-- This site is optimized with the Yoast SEO plugin v27.1.1 - https:\/\/yoast.com\/product\/yoast-seo-wordpress\/ -->\n<title>Access to Potential Chair<\/title>\n<meta name=\"description\" content=\"Potential access chair, designed for safe and agile transport of electricians to maintenance areas in energized structures.\" \/>\n<meta name=\"robots\" content=\"index, follow, max-snippet:-1, max-image-preview:large, max-video-preview:-1\" \/>\n<link rel=\"canonical\" href=\"https:\/\/www.ritzbrasil.com\/en\/produtos\/equipment-for-working-to-potential\/access-to-potential-chair\/\" \/>\n<meta property=\"og:locale\" content=\"en_US\" \/>\n<meta property=\"og:type\" content=\"article\" \/>\n<meta property=\"og:title\" content=\"Access to Potential Chair\" \/>\n<meta property=\"og:description\" content=\"Potential access chair, designed for safe and agile transport of electricians to maintenance areas in energized structures.\" \/>\n<meta property=\"og:url\" content=\"https:\/\/www.ritzbrasil.com\/en\/produtos\/equipment-for-working-to-potential\/access-to-potential-chair\/\" \/>\n<meta property=\"og:site_name\" content=\"Equipamentos de Manuten\u00e7\u00e3o e Seguran\u00e7a para o Setor El\u00e9trico - Ritz Brasil\" \/>\n<meta property=\"article:modified_time\" content=\"2026-02-02T14:40:18+00:00\" \/>\n<meta property=\"og:image\" content=\"https:\/\/www.ritzbrasil.com\/wp-content\/uploads\/2024\/10\/flv12563-1-cadeira-acesso-potencial-pratica.jpg\" \/>\n\t<meta property=\"og:image:width\" content=\"1200\" \/>\n\t<meta property=\"og:image:height\" content=\"1200\" \/>\n\t<meta property=\"og:image:type\" content=\"image\/jpeg\" \/>\n<meta name=\"twitter:card\" content=\"summary_large_image\" \/>\n<meta name=\"twitter:label1\" content=\"Est. reading time\" \/>\n\t<meta name=\"twitter:data1\" content=\"1 minute\" \/>\n<script type=\"application\/ld+json\" class=\"yoast-schema-graph\">{\"@context\":\"https:\/\/schema.org\",\"@graph\":[{\"@type\":\"WebPage\",\"@id\":\"https:\/\/www.ritzbrasil.com\/en\/produtos\/equipment-for-working-to-potential\/access-to-potential-chair\/\",\"url\":\"https:\/\/www.ritzbrasil.com\/en\/produtos\/equipment-for-working-to-potential\/access-to-potential-chair\/\",\"name\":\"Access to Potential Chair\",\"isPartOf\":{\"@id\":\"https:\/\/www.ritzbrasil.com\/en\/#website\"},\"primaryImageOfPage\":{\"@id\":\"https:\/\/www.ritzbrasil.com\/en\/produtos\/equipment-for-working-to-potential\/access-to-potential-chair\/#primaryimage\"},\"image\":{\"@id\":\"https:\/\/www.ritzbrasil.com\/en\/produtos\/equipment-for-working-to-potential\/access-to-potential-chair\/#primaryimage\"},\"thumbnailUrl\":\"https:\/\/www.ritzbrasil.com\/wp-content\/uploads\/2024\/10\/flv12563-1-cadeira-acesso-potencial-pratica.jpg\",\"datePublished\":\"2024-10-29T14:06:37+00:00\",\"dateModified\":\"2026-02-02T14:40:18+00:00\",\"description\":\"Potential access chair, designed for safe and agile transport of electricians to maintenance areas in energized structures.\",\"breadcrumb\":{\"@id\":\"https:\/\/www.ritzbrasil.com\/en\/produtos\/equipment-for-working-to-potential\/access-to-potential-chair\/#breadcrumb\"},\"inLanguage\":\"en-US\",\"potentialAction\":[{\"@type\":\"ReadAction\",\"target\":[\"https:\/\/www.ritzbrasil.com\/en\/produtos\/equipment-for-working-to-potential\/access-to-potential-chair\/\"]}]},{\"@type\":\"ImageObject\",\"inLanguage\":\"en-US\",\"@id\":\"https:\/\/www.ritzbrasil.com\/en\/produtos\/equipment-for-working-to-potential\/access-to-potential-chair\/#primaryimage\",\"url\":\"https:\/\/www.ritzbrasil.com\/wp-content\/uploads\/2024\/10\/flv12563-1-cadeira-acesso-potencial-pratica.jpg\",\"contentUrl\":\"https:\/\/www.ritzbrasil.com\/wp-content\/uploads\/2024\/10\/flv12563-1-cadeira-acesso-potencial-pratica.jpg\",\"width\":1200,\"height\":1200,\"caption\":\"FLV12563-1 Chair of Access to Potential in practice\"},{\"@type\":\"BreadcrumbList\",\"@id\":\"https:\/\/www.ritzbrasil.com\/en\/produtos\/equipment-for-working-to-potential\/access-to-potential-chair\/#breadcrumb\",\"itemListElement\":[{\"@type\":\"ListItem\",\"position\":1,\"name\":\"In\u00edcio\",\"item\":\"https:\/\/www.ritzbrasil.com\/en\/\"},{\"@type\":\"ListItem\",\"position\":2,\"name\":\"Shop\",\"item\":\"https:\/\/www.ritzbrasil.com\/en\/shop\/\"},{\"@type\":\"ListItem\",\"position\":3,\"name\":\"Access to Potential Chair\"}]},{\"@type\":\"WebSite\",\"@id\":\"https:\/\/www.ritzbrasil.com\/en\/#website\",\"url\":\"https:\/\/www.ritzbrasil.com\/en\/\",\"name\":\"Equipamentos de Manuten\u00e7\u00e3o e Seguran\u00e7a para o Setor El\u00e9trico - Ritz Brasil\",\"description\":\"\",\"potentialAction\":[{\"@type\":\"SearchAction\",\"target\":{\"@type\":\"EntryPoint\",\"urlTemplate\":\"https:\/\/www.ritzbrasil.com\/en\/?s={search_term_string}\"},\"query-input\":{\"@type\":\"PropertyValueSpecification\",\"valueRequired\":true,\"valueName\":\"search_term_string\"}}],\"inLanguage\":\"en-US\"}]}<\/script>\n<!-- \/ Yoast SEO plugin. -->","yoast_head_json":{"title":"Access to Potential Chair","description":"Potential access chair, designed for safe and agile transport of electricians to maintenance areas in energized structures.","robots":{"index":"index","follow":"follow","max-snippet":"max-snippet:-1","max-image-preview":"max-image-preview:large","max-video-preview":"max-video-preview:-1"},"canonical":"https:\/\/www.ritzbrasil.com\/en\/produtos\/equipment-for-working-to-potential\/access-to-potential-chair\/","og_locale":"en_US","og_type":"article","og_title":"Access to Potential Chair","og_description":"Potential access chair, designed for safe and agile transport of electricians to maintenance areas in energized structures.","og_url":"https:\/\/www.ritzbrasil.com\/en\/produtos\/equipment-for-working-to-potential\/access-to-potential-chair\/","og_site_name":"Equipamentos de Manuten\u00e7\u00e3o e Seguran\u00e7a para o Setor El\u00e9trico - Ritz Brasil","article_modified_time":"2026-02-02T14:40:18+00:00","og_image":[{"width":1200,"height":1200,"url":"https:\/\/www.ritzbrasil.com\/wp-content\/uploads\/2024\/10\/flv12563-1-cadeira-acesso-potencial-pratica.jpg","type":"image\/jpeg"}],"twitter_card":"summary_large_image","twitter_misc":{"Est. reading time":"1 minute"},"schema":{"@context":"https:\/\/schema.org","@graph":[{"@type":"WebPage","@id":"https:\/\/www.ritzbrasil.com\/en\/produtos\/equipment-for-working-to-potential\/access-to-potential-chair\/","url":"https:\/\/www.ritzbrasil.com\/en\/produtos\/equipment-for-working-to-potential\/access-to-potential-chair\/","name":"Access to Potential Chair","isPartOf":{"@id":"https:\/\/www.ritzbrasil.com\/en\/#website"},"primaryImageOfPage":{"@id":"https:\/\/www.ritzbrasil.com\/en\/produtos\/equipment-for-working-to-potential\/access-to-potential-chair\/#primaryimage"},"image":{"@id":"https:\/\/www.ritzbrasil.com\/en\/produtos\/equipment-for-working-to-potential\/access-to-potential-chair\/#primaryimage"},"thumbnailUrl":"https:\/\/www.ritzbrasil.com\/wp-content\/uploads\/2024\/10\/flv12563-1-cadeira-acesso-potencial-pratica.jpg","datePublished":"2024-10-29T14:06:37+00:00","dateModified":"2026-02-02T14:40:18+00:00","description":"Potential access chair, designed for safe and agile transport of electricians to maintenance areas in energized structures.","breadcrumb":{"@id":"https:\/\/www.ritzbrasil.com\/en\/produtos\/equipment-for-working-to-potential\/access-to-potential-chair\/#breadcrumb"},"inLanguage":"en-US","potentialAction":[{"@type":"ReadAction","target":["https:\/\/www.ritzbrasil.com\/en\/produtos\/equipment-for-working-to-potential\/access-to-potential-chair\/"]}]},{"@type":"ImageObject","inLanguage":"en-US","@id":"https:\/\/www.ritzbrasil.com\/en\/produtos\/equipment-for-working-to-potential\/access-to-potential-chair\/#primaryimage","url":"https:\/\/www.ritzbrasil.com\/wp-content\/uploads\/2024\/10\/flv12563-1-cadeira-acesso-potencial-pratica.jpg","contentUrl":"https:\/\/www.ritzbrasil.com\/wp-content\/uploads\/2024\/10\/flv12563-1-cadeira-acesso-potencial-pratica.jpg","width":1200,"height":1200,"caption":"FLV12563-1 Chair of Access to Potential in practice"},{"@type":"BreadcrumbList","@id":"https:\/\/www.ritzbrasil.com\/en\/produtos\/equipment-for-working-to-potential\/access-to-potential-chair\/#breadcrumb","itemListElement":[{"@type":"ListItem","position":1,"name":"In\u00edcio","item":"https:\/\/www.ritzbrasil.com\/en\/"},{"@type":"ListItem","position":2,"name":"Shop","item":"https:\/\/www.ritzbrasil.com\/en\/shop\/"},{"@type":"ListItem","position":3,"name":"Access to Potential Chair"}]},{"@type":"WebSite","@id":"https:\/\/www.ritzbrasil.com\/en\/#website","url":"https:\/\/www.ritzbrasil.com\/en\/","name":"Equipamentos de Manuten\u00e7\u00e3o e Seguran\u00e7a para o Setor El\u00e9trico - Ritz Brasil","description":"","potentialAction":[{"@type":"SearchAction","target":{"@type":"EntryPoint","urlTemplate":"https:\/\/www.ritzbrasil.com\/en\/?s={search_term_string}"},"query-input":{"@type":"PropertyValueSpecification","valueRequired":true,"valueName":"search_term_string"}}],"inLanguage":"en-US"}]}},"_links":{"self":[{"href":"https:\/\/www.ritzbrasil.com\/en\/wp-json\/wp\/v2\/product\/60965","targetHints":{"allow":["GET"]}}],"collection":[{"href":"https:\/\/www.ritzbrasil.com\/en\/wp-json\/wp\/v2\/product"}],"about":[{"href":"https:\/\/www.ritzbrasil.com\/en\/wp-json\/wp\/v2\/types\/product"}],"wp:featuredmedia":[{"embeddable":true,"href":"https:\/\/www.ritzbrasil.com\/en\/wp-json\/wp\/v2\/media\/59848"}],"wp:attachment":[{"href":"https:\/\/www.ritzbrasil.com\/en\/wp-json\/wp\/v2\/media?parent=60965"}],"wp:term":[{"taxonomy":"product_brand","embeddable":true,"href":"https:\/\/www.ritzbrasil.com\/en\/wp-json\/wp\/v2\/product_brand?post=60965"},{"taxonomy":"product_cat","embeddable":true,"href":"https:\/\/www.ritzbrasil.com\/en\/wp-json\/wp\/v2\/product_cat?post=60965"},{"taxonomy":"product_tag","embeddable":true,"href":"https:\/\/www.ritzbrasil.com\/en\/wp-json\/wp\/v2\/product_tag?post=60965"}],"curies":[{"name":"wp","href":"https:\/\/api.w.org\/{rel}","templated":true}]}}