{"id":60959,"date":"2024-10-30T08:08:23","date_gmt":"2024-10-30T11:08:23","guid":{"rendered":"https:\/\/bisque-bison-688002.hostingersite.com\/produtos\/uncategorized\/contact-tester-for-underground-networks\/"},"modified":"2026-01-26T10:25:23","modified_gmt":"2026-01-26T13:25:23","slug":"contact-tester-for-underground-networks","status":"publish","type":"product","link":"https:\/\/www.ritzbrasil.com\/en\/produtos\/test-and-detection-instruments\/contact-tester-for-underground-networks\/","title":{"rendered":"Contact Tester for Underground Networks"},"content":{"rendered":"<div class=\"wpb-content-wrapper\"><p>[vc_row][vc_column][vc_column_text css=&#8221;.vc_custom_1730285812684{margin-top: 20px !important;}&#8221;]<\/p>\n<h4><span style=\"color: #ff9900;\"><strong>Contact Tester for Underground Networks <\/strong><\/span><\/h4>\n<p>[\/vc_column_text][vc_column_text css=&#8221;.vc_custom_1769433859458{margin-top: -20px !important;}&#8221;]\n<div id=\"tablepress-Contact-Tester-rede-subterranea-EN-scroll-wrapper\" class=\"tablepress-scroll-wrapper\">\n<table id=\"tablepress-Contact-Tester-rede-subterranea-EN\" class=\"tablepress tablepress-id-Contact-Tester-rede-subterranea-EN tablepress-responsive\">\n<thead>\n<tr class=\"row-1\">\n\t<td class=\"column-1\"><\/td><th class=\"column-2\">  Refer\u00eancias<\/th><th class=\"column-3\">Caracter\u00edstica<\/th><td class=\"column-4\"><\/td>\n<\/tr>\n<\/thead>\n<tbody class=\"row-striping row-hover\">\n<tr class=\"row-2\">\n\t<td class=\"column-1\"><img decoding=\"async\" src=\"https:\/\/www.ritzbrasil.com\/wp-content\/uploads\/2024\/10\/detector-tensao-rede-subterranea-150-150.jpg\" \/><\/td><td class=\"column-2\">CT-RS\/C 2-6<\/td><td class=\"column-3\"><\/td><td class=\"column-4\">    <button class=\"add-to-budget\" data-table-id=\"Contact-Tester-rede-subterranea\" data-reference=\"CT-RS\/C 2-6\" data-description=\"Contact Tester for Underground Networks\" style=\"color:#ff4d00;\">\n        <img decoding=\"async\" src=\"https:\/\/www.ritzbrasil.com\/\/wp-content\/uploads\/2024\/07\/orcar-compras-tabela-new-1.png\" alt=\"Request quote\" title=\"Request quote\" \/>\n    <\/button>\n    <\/td>\n<\/tr>\n<tr class=\"row-3\">\n\t<td class=\"column-1\"><img decoding=\"async\" src=\"https:\/\/www.ritzbrasil.com\/wp-content\/uploads\/2024\/10\/detector-tensao-rede-subterranea-150-150.jpg\" \/><\/td><td class=\"column-2\">CT-RS\/C 3,8-36<\/td><td class=\"column-3\"><\/td><td class=\"column-4\">    <button class=\"add-to-budget\" data-table-id=\"Contact-Tester-rede-subterranea\" data-reference=\"CT-RS\/C 3,8-36\" data-description=\"Contact Tester for Underground Networks\" style=\"color:#ff4d00;\">\n        <img decoding=\"async\" src=\"https:\/\/www.ritzbrasil.com\/\/wp-content\/uploads\/2024\/07\/orcar-compras-tabela-new-1.png\" alt=\"Request quote\" title=\"Request quote\" \/>\n    <\/button>\n    <\/td>\n<\/tr>\n<\/tbody>\n<\/table>\n<\/div>\n[\/vc_column_text][vc_separator border_width=&#8221;2&#8243; css=&#8221;&#8221;][\/vc_column][\/vc_row]<\/p>\n<\/div>","protected":false},"excerpt":{"rendered":"<h4><span style=\"color: #ff9900;\">Contact Tester for Underground Networks<\/span><\/h4>\n<p>AC voltage detector used to detect voltage in TCC&#8217;s (elbow-type disconnectable terminal) and TDR&#8217;s (straight-type disconnectable terminal) in underground networks.<\/p>\n<p>Its contact electrode has been designed to allow you to remove and place the cover on these terminals to carry out tests.<\/p>\n<p>Operating frequency: 60 Hz<\/p>\n<p><strong>TECHNICAL CHARACTERISTICS &#8211; CT-RS\/C 2-6 | CT-RS\/C 3,8-36<\/strong><br \/>\n&#8211; Stand-by equipment;<br \/>\n&#8211; Light and sound indication of the presence of voltage;<br \/>\n&#8211; Built-in self-test circuit;<br \/>\n&#8211; Curved contact electrode;<br \/>\n&#8211; Universal adapter for pole or manoeuvring stick.<\/p>\n","protected":false},"featured_media":59992,"template":"","meta":[],"product_brand":[],"product_cat":[1671],"product_tag":[2009,2010],"class_list":{"0":"post-60959","1":"product","2":"type-product","3":"status-publish","4":"has-post-thumbnail","6":"product_cat-test-and-detection-instruments","7":"product_tag-ct-rs-c-2-6-en","8":"product_tag-ct-rs-c-3-8-36-en","9":"description-off","11":"first","12":"instock","13":"virtual","14":"product-type-simple"},"yoast_head":"<!-- This site is optimized with the Yoast SEO plugin v27.1.1 - https:\/\/yoast.com\/product\/yoast-seo-wordpress\/ -->\n<title>Contact Tester for Underground Networks<\/title>\n<meta name=\"description\" content=\"Contact Tester for underground networks, AC voltage detector in TCCs and TDRs, with contact electrode that allows terminal covers to be removed and replaced.\" \/>\n<meta name=\"robots\" content=\"index, follow, max-snippet:-1, max-image-preview:large, max-video-preview:-1\" \/>\n<link rel=\"canonical\" href=\"https:\/\/www.ritzbrasil.com\/en\/produtos\/test-and-detection-instruments\/contact-tester-for-underground-networks\/\" \/>\n<meta property=\"og:locale\" content=\"en_US\" \/>\n<meta property=\"og:type\" content=\"article\" \/>\n<meta property=\"og:title\" content=\"Contact Tester for Underground Networks\" \/>\n<meta property=\"og:description\" content=\"Contact Tester for underground networks, AC voltage detector in TCCs and TDRs, with contact electrode that allows terminal covers to be removed and replaced.\" \/>\n<meta property=\"og:url\" content=\"https:\/\/www.ritzbrasil.com\/en\/produtos\/test-and-detection-instruments\/contact-tester-for-underground-networks\/\" \/>\n<meta property=\"og:site_name\" content=\"Equipamentos de Manuten\u00e7\u00e3o e Seguran\u00e7a para o Setor El\u00e9trico - Ritz Brasil\" \/>\n<meta property=\"article:modified_time\" content=\"2026-01-26T13:25:23+00:00\" \/>\n<meta property=\"og:image\" content=\"https:\/\/www.ritzbrasil.com\/wp-content\/uploads\/2024\/10\/detector-tensao-rede-subterranea.jpg\" \/>\n\t<meta property=\"og:image:width\" content=\"1200\" \/>\n\t<meta property=\"og:image:height\" content=\"1200\" \/>\n\t<meta property=\"og:image:type\" content=\"image\/jpeg\" \/>\n<meta name=\"twitter:card\" content=\"summary_large_image\" \/>\n<meta name=\"twitter:label1\" content=\"Est. reading time\" \/>\n\t<meta name=\"twitter:data1\" content=\"1 minute\" \/>\n<script type=\"application\/ld+json\" class=\"yoast-schema-graph\">{\"@context\":\"https:\/\/schema.org\",\"@graph\":[{\"@type\":\"WebPage\",\"@id\":\"https:\/\/www.ritzbrasil.com\/en\/produtos\/test-and-detection-instruments\/contact-tester-for-underground-networks\/\",\"url\":\"https:\/\/www.ritzbrasil.com\/en\/produtos\/test-and-detection-instruments\/contact-tester-for-underground-networks\/\",\"name\":\"Contact Tester for Underground Networks\",\"isPartOf\":{\"@id\":\"https:\/\/www.ritzbrasil.com\/en\/#website\"},\"primaryImageOfPage\":{\"@id\":\"https:\/\/www.ritzbrasil.com\/en\/produtos\/test-and-detection-instruments\/contact-tester-for-underground-networks\/#primaryimage\"},\"image\":{\"@id\":\"https:\/\/www.ritzbrasil.com\/en\/produtos\/test-and-detection-instruments\/contact-tester-for-underground-networks\/#primaryimage\"},\"thumbnailUrl\":\"https:\/\/www.ritzbrasil.com\/wp-content\/uploads\/2024\/10\/detector-tensao-rede-subterranea.jpg\",\"datePublished\":\"2024-10-30T11:08:23+00:00\",\"dateModified\":\"2026-01-26T13:25:23+00:00\",\"description\":\"Contact Tester for underground networks, AC voltage detector in TCCs and TDRs, with contact electrode that allows terminal covers to be removed and replaced.\",\"breadcrumb\":{\"@id\":\"https:\/\/www.ritzbrasil.com\/en\/produtos\/test-and-detection-instruments\/contact-tester-for-underground-networks\/#breadcrumb\"},\"inLanguage\":\"en-US\",\"potentialAction\":[{\"@type\":\"ReadAction\",\"target\":[\"https:\/\/www.ritzbrasil.com\/en\/produtos\/test-and-detection-instruments\/contact-tester-for-underground-networks\/\"]}]},{\"@type\":\"ImageObject\",\"inLanguage\":\"en-US\",\"@id\":\"https:\/\/www.ritzbrasil.com\/en\/produtos\/test-and-detection-instruments\/contact-tester-for-underground-networks\/#primaryimage\",\"url\":\"https:\/\/www.ritzbrasil.com\/wp-content\/uploads\/2024\/10\/detector-tensao-rede-subterranea.jpg\",\"contentUrl\":\"https:\/\/www.ritzbrasil.com\/wp-content\/uploads\/2024\/10\/detector-tensao-rede-subterranea.jpg\",\"width\":1200,\"height\":1200,\"caption\":\"Underground Voltage Detector\"},{\"@type\":\"BreadcrumbList\",\"@id\":\"https:\/\/www.ritzbrasil.com\/en\/produtos\/test-and-detection-instruments\/contact-tester-for-underground-networks\/#breadcrumb\",\"itemListElement\":[{\"@type\":\"ListItem\",\"position\":1,\"name\":\"In\u00edcio\",\"item\":\"https:\/\/www.ritzbrasil.com\/en\/\"},{\"@type\":\"ListItem\",\"position\":2,\"name\":\"Shop\",\"item\":\"https:\/\/www.ritzbrasil.com\/en\/shop\/\"},{\"@type\":\"ListItem\",\"position\":3,\"name\":\"Contact Tester for Underground Networks\"}]},{\"@type\":\"WebSite\",\"@id\":\"https:\/\/www.ritzbrasil.com\/en\/#website\",\"url\":\"https:\/\/www.ritzbrasil.com\/en\/\",\"name\":\"Equipamentos de Manuten\u00e7\u00e3o e Seguran\u00e7a para o Setor El\u00e9trico - Ritz Brasil\",\"description\":\"\",\"potentialAction\":[{\"@type\":\"SearchAction\",\"target\":{\"@type\":\"EntryPoint\",\"urlTemplate\":\"https:\/\/www.ritzbrasil.com\/en\/?s={search_term_string}\"},\"query-input\":{\"@type\":\"PropertyValueSpecification\",\"valueRequired\":true,\"valueName\":\"search_term_string\"}}],\"inLanguage\":\"en-US\"}]}<\/script>\n<!-- \/ Yoast SEO plugin. -->","yoast_head_json":{"title":"Contact Tester for Underground Networks","description":"Contact Tester for underground networks, AC voltage detector in TCCs and TDRs, with contact electrode that allows terminal covers to be removed and replaced.","robots":{"index":"index","follow":"follow","max-snippet":"max-snippet:-1","max-image-preview":"max-image-preview:large","max-video-preview":"max-video-preview:-1"},"canonical":"https:\/\/www.ritzbrasil.com\/en\/produtos\/test-and-detection-instruments\/contact-tester-for-underground-networks\/","og_locale":"en_US","og_type":"article","og_title":"Contact Tester for Underground Networks","og_description":"Contact Tester for underground networks, AC voltage detector in TCCs and TDRs, with contact electrode that allows terminal covers to be removed and replaced.","og_url":"https:\/\/www.ritzbrasil.com\/en\/produtos\/test-and-detection-instruments\/contact-tester-for-underground-networks\/","og_site_name":"Equipamentos de Manuten\u00e7\u00e3o e Seguran\u00e7a para o Setor El\u00e9trico - Ritz Brasil","article_modified_time":"2026-01-26T13:25:23+00:00","og_image":[{"width":1200,"height":1200,"url":"https:\/\/www.ritzbrasil.com\/wp-content\/uploads\/2024\/10\/detector-tensao-rede-subterranea.jpg","type":"image\/jpeg"}],"twitter_card":"summary_large_image","twitter_misc":{"Est. reading time":"1 minute"},"schema":{"@context":"https:\/\/schema.org","@graph":[{"@type":"WebPage","@id":"https:\/\/www.ritzbrasil.com\/en\/produtos\/test-and-detection-instruments\/contact-tester-for-underground-networks\/","url":"https:\/\/www.ritzbrasil.com\/en\/produtos\/test-and-detection-instruments\/contact-tester-for-underground-networks\/","name":"Contact Tester for Underground Networks","isPartOf":{"@id":"https:\/\/www.ritzbrasil.com\/en\/#website"},"primaryImageOfPage":{"@id":"https:\/\/www.ritzbrasil.com\/en\/produtos\/test-and-detection-instruments\/contact-tester-for-underground-networks\/#primaryimage"},"image":{"@id":"https:\/\/www.ritzbrasil.com\/en\/produtos\/test-and-detection-instruments\/contact-tester-for-underground-networks\/#primaryimage"},"thumbnailUrl":"https:\/\/www.ritzbrasil.com\/wp-content\/uploads\/2024\/10\/detector-tensao-rede-subterranea.jpg","datePublished":"2024-10-30T11:08:23+00:00","dateModified":"2026-01-26T13:25:23+00:00","description":"Contact Tester for underground networks, AC voltage detector in TCCs and TDRs, with contact electrode that allows terminal covers to be removed and replaced.","breadcrumb":{"@id":"https:\/\/www.ritzbrasil.com\/en\/produtos\/test-and-detection-instruments\/contact-tester-for-underground-networks\/#breadcrumb"},"inLanguage":"en-US","potentialAction":[{"@type":"ReadAction","target":["https:\/\/www.ritzbrasil.com\/en\/produtos\/test-and-detection-instruments\/contact-tester-for-underground-networks\/"]}]},{"@type":"ImageObject","inLanguage":"en-US","@id":"https:\/\/www.ritzbrasil.com\/en\/produtos\/test-and-detection-instruments\/contact-tester-for-underground-networks\/#primaryimage","url":"https:\/\/www.ritzbrasil.com\/wp-content\/uploads\/2024\/10\/detector-tensao-rede-subterranea.jpg","contentUrl":"https:\/\/www.ritzbrasil.com\/wp-content\/uploads\/2024\/10\/detector-tensao-rede-subterranea.jpg","width":1200,"height":1200,"caption":"Underground Voltage Detector"},{"@type":"BreadcrumbList","@id":"https:\/\/www.ritzbrasil.com\/en\/produtos\/test-and-detection-instruments\/contact-tester-for-underground-networks\/#breadcrumb","itemListElement":[{"@type":"ListItem","position":1,"name":"In\u00edcio","item":"https:\/\/www.ritzbrasil.com\/en\/"},{"@type":"ListItem","position":2,"name":"Shop","item":"https:\/\/www.ritzbrasil.com\/en\/shop\/"},{"@type":"ListItem","position":3,"name":"Contact Tester for Underground Networks"}]},{"@type":"WebSite","@id":"https:\/\/www.ritzbrasil.com\/en\/#website","url":"https:\/\/www.ritzbrasil.com\/en\/","name":"Equipamentos de Manuten\u00e7\u00e3o e Seguran\u00e7a para o Setor El\u00e9trico - Ritz Brasil","description":"","potentialAction":[{"@type":"SearchAction","target":{"@type":"EntryPoint","urlTemplate":"https:\/\/www.ritzbrasil.com\/en\/?s={search_term_string}"},"query-input":{"@type":"PropertyValueSpecification","valueRequired":true,"valueName":"search_term_string"}}],"inLanguage":"en-US"}]}},"_links":{"self":[{"href":"https:\/\/www.ritzbrasil.com\/en\/wp-json\/wp\/v2\/product\/60959","targetHints":{"allow":["GET"]}}],"collection":[{"href":"https:\/\/www.ritzbrasil.com\/en\/wp-json\/wp\/v2\/product"}],"about":[{"href":"https:\/\/www.ritzbrasil.com\/en\/wp-json\/wp\/v2\/types\/product"}],"wp:featuredmedia":[{"embeddable":true,"href":"https:\/\/www.ritzbrasil.com\/en\/wp-json\/wp\/v2\/media\/59992"}],"wp:attachment":[{"href":"https:\/\/www.ritzbrasil.com\/en\/wp-json\/wp\/v2\/media?parent=60959"}],"wp:term":[{"taxonomy":"product_brand","embeddable":true,"href":"https:\/\/www.ritzbrasil.com\/en\/wp-json\/wp\/v2\/product_brand?post=60959"},{"taxonomy":"product_cat","embeddable":true,"href":"https:\/\/www.ritzbrasil.com\/en\/wp-json\/wp\/v2\/product_cat?post=60959"},{"taxonomy":"product_tag","embeddable":true,"href":"https:\/\/www.ritzbrasil.com\/en\/wp-json\/wp\/v2\/product_tag?post=60959"}],"curies":[{"name":"wp","href":"https:\/\/api.w.org\/{rel}","templated":true}]}}