{"id":60955,"date":"2024-10-29T16:40:00","date_gmt":"2024-10-29T19:40:00","guid":{"rendered":"https:\/\/bisque-bison-688002.hostingersite.com\/produtos\/uncategorized\/contact-tester\/"},"modified":"2026-02-02T10:03:02","modified_gmt":"2026-02-02T13:03:02","slug":"contact-tester","status":"publish","type":"product","link":"https:\/\/www.ritzbrasil.com\/en\/produtos\/test-and-detection-instruments\/contact-tester\/","title":{"rendered":"Contact Tester"},"content":{"rendered":"<div class=\"wpb-content-wrapper\"><p>[vc_row][vc_column][vc_column_text css=&#8221;.vc_custom_1730290735619{margin-top: 20px !important;}&#8221;]<\/p>\n<h4><span style=\"color: #ff9900;\"><strong>Low Voltage Contact Tester<\/strong><\/span><\/h4>\n<p>[\/vc_column_text][vc_column_text css=&#8221;.vc_custom_1770036926354{margin-top: -20px !important;}&#8221;]\n<div id=\"tablepress-ContactTesterBaixaTenso-EN-scroll-wrapper\" class=\"tablepress-scroll-wrapper\">\n<table id=\"tablepress-ContactTesterBaixaTenso-EN\" class=\"tablepress tablepress-id-ContactTesterBaixaTenso-EN tablepress-responsive\">\n<thead>\n<tr class=\"row-1\">\n\t<td class=\"column-1\"><\/td><th class=\"column-2\">References<\/th><th class=\"column-3\">Characteristics<\/th><td class=\"column-4\"><\/td>\n<\/tr>\n<\/thead>\n<tbody class=\"row-striping row-hover\">\n<tr class=\"row-2\">\n\t<td class=\"column-1\"><img decoding=\"async\" src=\"https:\/\/www.ritzbrasil.com\/wp-content\/uploads\/2024\/10\/ct-005-1-contact-tester-baixa-tensao-150x150-1.jpg\" \/><\/td><td class=\"column-2\">CT 0,05-1<\/td><td class=\"column-3\"><\/td><td class=\"column-4\">    <button class=\"add-to-budget\" data-table-id=\"Contact-Tester-Baixa-Tensao\" data-reference=\"CT 0,05-1\" data-description=\"Low Voltage Contact Tester\" style=\"color:#ff4d00;\">\n        <img decoding=\"async\" src=\"https:\/\/www.ritzbrasil.com\/\/wp-content\/uploads\/2024\/07\/orcar-compras-tabela-new-1.png\" alt=\"Request quote\" title=\"Request quote\" \/>\n    <\/button>\n    <\/td>\n<\/tr>\n<tr class=\"row-3\">\n\t<td class=\"column-1\"><img decoding=\"async\" src=\"https:\/\/www.ritzbrasil.com\/wp-content\/uploads\/2024\/10\/ct-007-1-contact-tester-baixa-tensao-150x150-1.jpg\" \/><\/td><td class=\"column-2\">CT 0,07-1<\/td><td class=\"column-3\"><\/td><td class=\"column-4\">    <button class=\"add-to-budget\" data-table-id=\"Contact-Tester-Baixa-Tensao\" data-reference=\"CT 0,07-1\" data-description=\"Low Voltage Contact Tester\" style=\"color:#ff4d00;\">\n        <img decoding=\"async\" src=\"https:\/\/www.ritzbrasil.com\/\/wp-content\/uploads\/2024\/07\/orcar-compras-tabela-new-1.png\" alt=\"Request quote\" title=\"Request quote\" \/>\n    <\/button>\n    <\/td>\n<\/tr>\n<\/tbody>\n<\/table>\n<\/div>\n[\/vc_column_text][vc_column_text css=&#8221;.vc_custom_1730230128100{margin-top: -20px !important;}&#8221;]Operating frequency: 60 Hz[\/vc_column_text][vc_separator border_width=&#8221;2&#8243; css=&#8221;&#8221;][\/vc_column][\/vc_row][vc_row][vc_column][vc_column_text css=&#8221;.vc_custom_1730230796964{margin-top: 20px !important;}&#8221;]<\/p>\n<h4><span style=\"color: #ff9900;\"><strong>Contact Tester Medium and High Voltage <span style=\"color: #ffffff;\">CT 3.8-36<\/span><\/strong><\/span><\/h4>\n<p>[\/vc_column_text][vc_column_text css=&#8221;.vc_custom_1770037385362{margin-top: -20px !important;}&#8221;]\n<div id=\"tablepress-Contact-Tester-Media-Alta-Tensao-EN-scroll-wrapper\" class=\"tablepress-scroll-wrapper\">\n<table id=\"tablepress-Contact-Tester-Media-Alta-Tensao-EN\" class=\"tablepress tablepress-id-Contact-Tester-Media-Alta-Tensao-EN tablepress-responsive\">\n<thead>\n<tr class=\"row-1\">\n\t<td class=\"column-1\"><\/td><th class=\"column-2\">References<\/th><th class=\"column-3\">Characteristics<\/th><td class=\"column-4\"><\/td>\n<\/tr>\n<\/thead>\n<tbody class=\"row-striping row-hover\">\n<tr class=\"row-2\">\n\t<td class=\"column-1\"><img decoding=\"async\" src=\"https:\/\/www.ritzbrasil.com\/wp-content\/uploads\/2024\/10\/ct-5-15-contact-tester-media-tensao-150x150-1.jpg\" \/><\/td><td class=\"column-2\">CT 5-15<\/td><td class=\"column-3\"><\/td><td class=\"column-4\">    <button class=\"add-to-budget\" data-table-id=\"Contact-Tester-Media-Alta-Tensao\" data-reference=\"CT 5-15\" data-description=\"Contact Tester Medium and High Voltage\" style=\"color:#ff4d00;\">\n        <img decoding=\"async\" src=\"https:\/\/www.ritzbrasil.com\/\/wp-content\/uploads\/2024\/07\/orcar-compras-tabela-new-1.png\" alt=\"Request quote\" title=\"Request quote\" \/>\n    <\/button>\n    <\/td>\n<\/tr>\n<tr class=\"row-3\">\n\t<td class=\"column-1\"><img decoding=\"async\" src=\"https:\/\/www.ritzbrasil.com\/wp-content\/uploads\/2024\/10\/ct-38-36-contact-tester-media-tensao-150x150-1.jpg\" \/><\/td><td class=\"column-2\">CT 3,8-36<\/td><td class=\"column-3\"><\/td><td class=\"column-4\">    <button class=\"add-to-budget\" data-table-id=\"Contact-Tester-Media-Alta-Tensao\" data-reference=\"CT 3,8-36\" data-description=\"Contact Tester Medium and High Voltage\" style=\"color:#ff4d00;\">\n        <img decoding=\"async\" src=\"https:\/\/www.ritzbrasil.com\/\/wp-content\/uploads\/2024\/07\/orcar-compras-tabela-new-1.png\" alt=\"Request quote\" title=\"Request quote\" \/>\n    <\/button>\n    <\/td>\n<\/tr>\n<tr class=\"row-4\">\n\t<td class=\"column-1\"><img decoding=\"async\" src=\"https:\/\/www.ritzbrasil.com\/wp-content\/uploads\/2024\/10\/ct-12-36-contact-tester-media-tensao-150x150-1.jpg\" \/><\/td><td class=\"column-2\">CT 12-36<\/td><td class=\"column-3\"><\/td><td class=\"column-4\">    <button class=\"add-to-budget\" data-table-id=\"Contact-Tester-Media-Alta-Tensao\" data-reference=\"CT 12-36\" data-description=\"Contact Tester Medium and High Voltage\" style=\"color:#ff4d00;\">\n        <img decoding=\"async\" src=\"https:\/\/www.ritzbrasil.com\/\/wp-content\/uploads\/2024\/07\/orcar-compras-tabela-new-1.png\" alt=\"Request quote\" title=\"Request quote\" \/>\n    <\/button>\n    <\/td>\n<\/tr>\n<tr class=\"row-5\">\n\t<td class=\"column-1\"><img decoding=\"async\" src=\"https:\/\/www.ritzbrasil.com\/wp-content\/uploads\/2024\/10\/ct-10-40-contact-tester-media-tensao-150x150-1.jpg\" \/><\/td><td class=\"column-2\">CT 10-40<\/td><td class=\"column-3\"><\/td><td class=\"column-4\">    <button class=\"add-to-budget\" data-table-id=\"Contact-Tester-Media-Alta-Tensao\" data-reference=\"CT 10-40\" data-description=\"Contact Tester Medium and High Voltage\" style=\"color:#ff4d00;\">\n        <img decoding=\"async\" src=\"https:\/\/www.ritzbrasil.com\/\/wp-content\/uploads\/2024\/07\/orcar-compras-tabela-new-1.png\" alt=\"Request quote\" title=\"Request quote\" \/>\n    <\/button>\n    <\/td>\n<\/tr>\n<tr class=\"row-6\">\n\t<td class=\"column-1\"><img decoding=\"async\" src=\"https:\/\/www.ritzbrasil.com\/wp-content\/uploads\/2024\/10\/ct-60-180-contact-tester-alta-tensao-150x150-1.jpg\" \/><\/td><td class=\"column-2\">CT 60-180<\/td><td class=\"column-3\"><\/td><td class=\"column-4\">    <button class=\"add-to-budget\" data-table-id=\"Contact-Tester-Media-Alta-Tensao\" data-reference=\"CT 60-180\" data-description=\"Contact Tester Medium and High Voltage\" style=\"color:#ff4d00;\">\n        <img decoding=\"async\" src=\"https:\/\/www.ritzbrasil.com\/\/wp-content\/uploads\/2024\/07\/orcar-compras-tabela-new-1.png\" alt=\"Request quote\" title=\"Request quote\" \/>\n    <\/button>\n    <\/td>\n<\/tr>\n<tr class=\"row-7\">\n\t<td class=\"column-1\"><img decoding=\"async\" src=\"https:\/\/www.ritzbrasil.com\/wp-content\/uploads\/2024\/10\/ct-60-240-contact-tester-alta-tensao-150x150-1.jpg\" \/><\/td><td class=\"column-2\">CT 60-240<\/td><td class=\"column-3\"><\/td><td class=\"column-4\">    <button class=\"add-to-budget\" data-table-id=\"Contact-Tester-Media-Alta-Tensao\" data-reference=\"CT 60-240\" data-description=\"Contact Tester Medium and High Voltage\" style=\"color:#ff4d00;\">\n        <img decoding=\"async\" src=\"https:\/\/www.ritzbrasil.com\/\/wp-content\/uploads\/2024\/07\/orcar-compras-tabela-new-1.png\" alt=\"Request quote\" title=\"Request quote\" \/>\n    <\/button>\n    <\/td>\n<\/tr>\n<tr class=\"row-8\">\n\t<td class=\"column-1\"><img decoding=\"async\" src=\"https:\/\/www.ritzbrasil.com\/wp-content\/uploads\/2024\/10\/ct-225-450-contact-tester-alta-tensao-150x150-1.jpg\" \/><\/td><td class=\"column-2\">CT 225-450<\/td><td class=\"column-3\"><\/td><td class=\"column-4\">    <button class=\"add-to-budget\" data-table-id=\"Contact-Tester-Media-Alta-Tensao\" data-reference=\"CT 225-450\" data-description=\"Contact Tester Medium and High Voltage\" style=\"color:#ff4d00;\">\n        <img decoding=\"async\" src=\"https:\/\/www.ritzbrasil.com\/\/wp-content\/uploads\/2024\/07\/orcar-compras-tabela-new-1.png\" alt=\"Request quote\" title=\"Request quote\" \/>\n    <\/button>\n    <\/td>\n<\/tr>\n<tr class=\"row-9\">\n\t<td class=\"column-1\"><img decoding=\"async\" src=\"https:\/\/www.ritzbrasil.com\/wp-content\/uploads\/2024\/10\/ct-180-540-contact-tester-alta-tensao-150x150-1.jpg\" \/><\/td><td class=\"column-2\">CT 180-540*<\/td><td class=\"column-3\"><\/td><td class=\"column-4\">    <button class=\"add-to-budget\" data-table-id=\"Contact-Tester-Media-Alta-Tensao\" data-reference=\"CT 180-540\" data-description=\"Contact Tester Medium and High Voltage\" style=\"color:#ff4d00;\">\n        <img decoding=\"async\" src=\"https:\/\/www.ritzbrasil.com\/\/wp-content\/uploads\/2024\/07\/orcar-compras-tabela-new-1.png\" alt=\"Request quote\" title=\"Request quote\" \/>\n    <\/button>\n    <\/td>\n<\/tr>\n<\/tbody>\n<\/table>\n<\/div>\n[\/vc_column_text][vc_column_text css=&#8221;.vc_custom_1730230202613{margin-top: -20px !important;}&#8221;]Operating frequency: 50-60 Hz[\/vc_column_text][vc_column_text css=&#8221;.vc_custom_1730230231111{margin-top: -20px !important;}&#8221;]<em>*Meets the requirements of standard NBR IEC61243-1 2020, except for the test called influence of the phase opposition interference field.<\/em>[\/vc_column_text][vc_separator border_width=&#8221;2&#8243; css=&#8221;&#8221;][\/vc_column][\/vc_row]<\/p>\n<\/div>","protected":false},"excerpt":{"rendered":"<h4><span style=\"color: #ff9900;\">Contact Tester<\/span><\/h4>\n<p>The contact AC voltage detector is designed to detect the presence of voltage in alternating current installations in transmission and distribution lines, substations and cubicles with phase-to-phase voltage and bare conductors.<\/p>\n<p>Its advanced electronic circuitry guarantees a safe and precise response, providing light and sound indications to ensure an effective response.<\/p>\n<p>In compliance with the requirements of the Regulatory Standard for Safety in Electrical Installations and Services NR-10 (item 10.5.1 &#8211; C &#8211; Verification of the absence of voltage), we have models tested in accordance with ABNT NBR IEC 61243-1:2020 and the international standard IEC 61243:2021, specially designed for use with voltages<br \/>\nhigher than 1 kV AC.<\/p>\n<p>Find out more in our article: <a href=\"https:\/\/www.ritzbrasil.com\/detector-tensao-contato-iec-61243\/\">Capacitive Contact Voltage Detector: The Importance of IEC Standard 61243-1:2021 for Safety and Reliability &#8211; Maintenance and Safety Equipment for the Electrical Sector &#8211; Ritz Brasil<\/a><\/p>\n<p>The instruments are designed with an external compartment for changing the battery, providing safety during the replacement process and guaranteeing protection of the electronic board against possible damage from static electricity. They also feature a high degree of protection and sealing against variations in temperature and humidity, resistance to impact, vibration and improved shielding.<\/p>\n<p>References: CT 0.05-1 | CT 0.07-1 | CT 3.8-36<\/p>\n","protected":false},"featured_media":59948,"template":"","meta":[],"product_brand":[],"product_cat":[1671],"product_tag":[2000,1999,2004,2003,1998,2001,2002],"class_list":{"0":"post-60955","1":"product","2":"type-product","3":"status-publish","4":"has-post-thumbnail","6":"product_cat-test-and-detection-instruments","7":"product_tag-ct-10-40-en","8":"product_tag-ct-12-36-en","9":"product_tag-ct-180-540-en","10":"product_tag-ct-225-450-en","11":"product_tag-ct-5-15-en","12":"product_tag-ct-60-180-en","13":"product_tag-ct-60-240-en","14":"description-off","16":"first","17":"instock","18":"virtual","19":"product-type-simple"},"yoast_head":"<!-- This site is optimized with the Yoast SEO plugin v27.1.1 - https:\/\/yoast.com\/product\/yoast-seo-wordpress\/ -->\n<title>Contact Tester<\/title>\n<meta name=\"description\" content=\"Contact Tester for detecting AC voltage in transmission lines and substations, with light and sound indication for safe and accurate response.\" \/>\n<meta name=\"robots\" content=\"index, follow, max-snippet:-1, max-image-preview:large, max-video-preview:-1\" \/>\n<link rel=\"canonical\" href=\"https:\/\/www.ritzbrasil.com\/en\/produtos\/test-and-detection-instruments\/contact-tester\/\" \/>\n<meta property=\"og:locale\" content=\"en_US\" \/>\n<meta property=\"og:type\" content=\"article\" \/>\n<meta property=\"og:title\" content=\"Contact Tester\" \/>\n<meta property=\"og:description\" content=\"Contact Tester for detecting AC voltage in transmission lines and substations, with light and sound indication for safe and accurate response.\" \/>\n<meta property=\"og:url\" content=\"https:\/\/www.ritzbrasil.com\/en\/produtos\/test-and-detection-instruments\/contact-tester\/\" \/>\n<meta property=\"og:site_name\" content=\"Equipamentos de Manuten\u00e7\u00e3o e Seguran\u00e7a para o Setor El\u00e9trico - Ritz Brasil\" \/>\n<meta property=\"article:modified_time\" content=\"2026-02-02T13:03:02+00:00\" \/>\n<meta property=\"og:image\" content=\"https:\/\/www.ritzbrasil.com\/wp-content\/uploads\/2024\/10\/ct-005-1-contact-tester-baixa-tensao.jpg\" \/>\n\t<meta property=\"og:image:width\" content=\"1200\" \/>\n\t<meta property=\"og:image:height\" content=\"1200\" \/>\n\t<meta property=\"og:image:type\" content=\"image\/jpeg\" \/>\n<meta name=\"twitter:card\" content=\"summary_large_image\" \/>\n<meta name=\"twitter:label1\" content=\"Est. reading time\" \/>\n\t<meta name=\"twitter:data1\" content=\"1 minute\" \/>\n<script type=\"application\/ld+json\" class=\"yoast-schema-graph\">{\"@context\":\"https:\/\/schema.org\",\"@graph\":[{\"@type\":\"WebPage\",\"@id\":\"https:\/\/www.ritzbrasil.com\/en\/produtos\/test-and-detection-instruments\/contact-tester\/\",\"url\":\"https:\/\/www.ritzbrasil.com\/en\/produtos\/test-and-detection-instruments\/contact-tester\/\",\"name\":\"Contact Tester\",\"isPartOf\":{\"@id\":\"https:\/\/www.ritzbrasil.com\/en\/#website\"},\"primaryImageOfPage\":{\"@id\":\"https:\/\/www.ritzbrasil.com\/en\/produtos\/test-and-detection-instruments\/contact-tester\/#primaryimage\"},\"image\":{\"@id\":\"https:\/\/www.ritzbrasil.com\/en\/produtos\/test-and-detection-instruments\/contact-tester\/#primaryimage\"},\"thumbnailUrl\":\"https:\/\/www.ritzbrasil.com\/wp-content\/uploads\/2024\/10\/ct-005-1-contact-tester-baixa-tensao.jpg\",\"datePublished\":\"2024-10-29T19:40:00+00:00\",\"dateModified\":\"2026-02-02T13:03:02+00:00\",\"description\":\"Contact Tester for detecting AC voltage in transmission lines and substations, with light and sound indication for safe and accurate response.\",\"breadcrumb\":{\"@id\":\"https:\/\/www.ritzbrasil.com\/en\/produtos\/test-and-detection-instruments\/contact-tester\/#breadcrumb\"},\"inLanguage\":\"en-US\",\"potentialAction\":[{\"@type\":\"ReadAction\",\"target\":[\"https:\/\/www.ritzbrasil.com\/en\/produtos\/test-and-detection-instruments\/contact-tester\/\"]}]},{\"@type\":\"ImageObject\",\"inLanguage\":\"en-US\",\"@id\":\"https:\/\/www.ritzbrasil.com\/en\/produtos\/test-and-detection-instruments\/contact-tester\/#primaryimage\",\"url\":\"https:\/\/www.ritzbrasil.com\/wp-content\/uploads\/2024\/10\/ct-005-1-contact-tester-baixa-tensao.jpg\",\"contentUrl\":\"https:\/\/www.ritzbrasil.com\/wp-content\/uploads\/2024\/10\/ct-005-1-contact-tester-baixa-tensao.jpg\",\"width\":1200,\"height\":1200,\"caption\":\"CT 0.05-1 Contact Tester Low Voltage\"},{\"@type\":\"BreadcrumbList\",\"@id\":\"https:\/\/www.ritzbrasil.com\/en\/produtos\/test-and-detection-instruments\/contact-tester\/#breadcrumb\",\"itemListElement\":[{\"@type\":\"ListItem\",\"position\":1,\"name\":\"In\u00edcio\",\"item\":\"https:\/\/www.ritzbrasil.com\/en\/\"},{\"@type\":\"ListItem\",\"position\":2,\"name\":\"Shop\",\"item\":\"https:\/\/www.ritzbrasil.com\/en\/shop\/\"},{\"@type\":\"ListItem\",\"position\":3,\"name\":\"Contact Tester\"}]},{\"@type\":\"WebSite\",\"@id\":\"https:\/\/www.ritzbrasil.com\/en\/#website\",\"url\":\"https:\/\/www.ritzbrasil.com\/en\/\",\"name\":\"Equipamentos de Manuten\u00e7\u00e3o e Seguran\u00e7a para o Setor El\u00e9trico - Ritz Brasil\",\"description\":\"\",\"potentialAction\":[{\"@type\":\"SearchAction\",\"target\":{\"@type\":\"EntryPoint\",\"urlTemplate\":\"https:\/\/www.ritzbrasil.com\/en\/?s={search_term_string}\"},\"query-input\":{\"@type\":\"PropertyValueSpecification\",\"valueRequired\":true,\"valueName\":\"search_term_string\"}}],\"inLanguage\":\"en-US\"}]}<\/script>\n<!-- \/ Yoast SEO plugin. -->","yoast_head_json":{"title":"Contact Tester","description":"Contact Tester for detecting AC voltage in transmission lines and substations, with light and sound indication for safe and accurate response.","robots":{"index":"index","follow":"follow","max-snippet":"max-snippet:-1","max-image-preview":"max-image-preview:large","max-video-preview":"max-video-preview:-1"},"canonical":"https:\/\/www.ritzbrasil.com\/en\/produtos\/test-and-detection-instruments\/contact-tester\/","og_locale":"en_US","og_type":"article","og_title":"Contact Tester","og_description":"Contact Tester for detecting AC voltage in transmission lines and substations, with light and sound indication for safe and accurate response.","og_url":"https:\/\/www.ritzbrasil.com\/en\/produtos\/test-and-detection-instruments\/contact-tester\/","og_site_name":"Equipamentos de Manuten\u00e7\u00e3o e Seguran\u00e7a para o Setor El\u00e9trico - Ritz Brasil","article_modified_time":"2026-02-02T13:03:02+00:00","og_image":[{"width":1200,"height":1200,"url":"https:\/\/www.ritzbrasil.com\/wp-content\/uploads\/2024\/10\/ct-005-1-contact-tester-baixa-tensao.jpg","type":"image\/jpeg"}],"twitter_card":"summary_large_image","twitter_misc":{"Est. reading time":"1 minute"},"schema":{"@context":"https:\/\/schema.org","@graph":[{"@type":"WebPage","@id":"https:\/\/www.ritzbrasil.com\/en\/produtos\/test-and-detection-instruments\/contact-tester\/","url":"https:\/\/www.ritzbrasil.com\/en\/produtos\/test-and-detection-instruments\/contact-tester\/","name":"Contact Tester","isPartOf":{"@id":"https:\/\/www.ritzbrasil.com\/en\/#website"},"primaryImageOfPage":{"@id":"https:\/\/www.ritzbrasil.com\/en\/produtos\/test-and-detection-instruments\/contact-tester\/#primaryimage"},"image":{"@id":"https:\/\/www.ritzbrasil.com\/en\/produtos\/test-and-detection-instruments\/contact-tester\/#primaryimage"},"thumbnailUrl":"https:\/\/www.ritzbrasil.com\/wp-content\/uploads\/2024\/10\/ct-005-1-contact-tester-baixa-tensao.jpg","datePublished":"2024-10-29T19:40:00+00:00","dateModified":"2026-02-02T13:03:02+00:00","description":"Contact Tester for detecting AC voltage in transmission lines and substations, with light and sound indication for safe and accurate response.","breadcrumb":{"@id":"https:\/\/www.ritzbrasil.com\/en\/produtos\/test-and-detection-instruments\/contact-tester\/#breadcrumb"},"inLanguage":"en-US","potentialAction":[{"@type":"ReadAction","target":["https:\/\/www.ritzbrasil.com\/en\/produtos\/test-and-detection-instruments\/contact-tester\/"]}]},{"@type":"ImageObject","inLanguage":"en-US","@id":"https:\/\/www.ritzbrasil.com\/en\/produtos\/test-and-detection-instruments\/contact-tester\/#primaryimage","url":"https:\/\/www.ritzbrasil.com\/wp-content\/uploads\/2024\/10\/ct-005-1-contact-tester-baixa-tensao.jpg","contentUrl":"https:\/\/www.ritzbrasil.com\/wp-content\/uploads\/2024\/10\/ct-005-1-contact-tester-baixa-tensao.jpg","width":1200,"height":1200,"caption":"CT 0.05-1 Contact Tester Low Voltage"},{"@type":"BreadcrumbList","@id":"https:\/\/www.ritzbrasil.com\/en\/produtos\/test-and-detection-instruments\/contact-tester\/#breadcrumb","itemListElement":[{"@type":"ListItem","position":1,"name":"In\u00edcio","item":"https:\/\/www.ritzbrasil.com\/en\/"},{"@type":"ListItem","position":2,"name":"Shop","item":"https:\/\/www.ritzbrasil.com\/en\/shop\/"},{"@type":"ListItem","position":3,"name":"Contact Tester"}]},{"@type":"WebSite","@id":"https:\/\/www.ritzbrasil.com\/en\/#website","url":"https:\/\/www.ritzbrasil.com\/en\/","name":"Equipamentos de Manuten\u00e7\u00e3o e Seguran\u00e7a para o Setor El\u00e9trico - Ritz Brasil","description":"","potentialAction":[{"@type":"SearchAction","target":{"@type":"EntryPoint","urlTemplate":"https:\/\/www.ritzbrasil.com\/en\/?s={search_term_string}"},"query-input":{"@type":"PropertyValueSpecification","valueRequired":true,"valueName":"search_term_string"}}],"inLanguage":"en-US"}]}},"_links":{"self":[{"href":"https:\/\/www.ritzbrasil.com\/en\/wp-json\/wp\/v2\/product\/60955","targetHints":{"allow":["GET"]}}],"collection":[{"href":"https:\/\/www.ritzbrasil.com\/en\/wp-json\/wp\/v2\/product"}],"about":[{"href":"https:\/\/www.ritzbrasil.com\/en\/wp-json\/wp\/v2\/types\/product"}],"wp:featuredmedia":[{"embeddable":true,"href":"https:\/\/www.ritzbrasil.com\/en\/wp-json\/wp\/v2\/media\/59948"}],"wp:attachment":[{"href":"https:\/\/www.ritzbrasil.com\/en\/wp-json\/wp\/v2\/media?parent=60955"}],"wp:term":[{"taxonomy":"product_brand","embeddable":true,"href":"https:\/\/www.ritzbrasil.com\/en\/wp-json\/wp\/v2\/product_brand?post=60955"},{"taxonomy":"product_cat","embeddable":true,"href":"https:\/\/www.ritzbrasil.com\/en\/wp-json\/wp\/v2\/product_cat?post=60955"},{"taxonomy":"product_tag","embeddable":true,"href":"https:\/\/www.ritzbrasil.com\/en\/wp-json\/wp\/v2\/product_tag?post=60955"}],"curies":[{"name":"wp","href":"https:\/\/api.w.org\/{rel}","templated":true}]}}