{"id":60949,"date":"2024-10-30T15:17:51","date_gmt":"2024-10-30T18:17:51","guid":{"rendered":"https:\/\/bisque-bison-688002.hostingersite.com\/produtos\/uncategorized\/protected-cable\/"},"modified":"2026-01-26T09:50:39","modified_gmt":"2026-01-26T12:50:39","slug":"protected-cable","status":"publish","type":"product","link":"https:\/\/www.ritzbrasil.com\/en\/produtos\/temporary-jumpers\/protected-cable\/","title":{"rendered":"Protected Cable"},"content":{"rendered":"<div class=\"wpb-content-wrapper\"><p>[vc_row][vc_column][vc_column_text css=&#8221;.vc_custom_1730372060914{margin-top: 20px !important;}&#8221;]<\/p>\n<h4><span style=\"color: #ff9900;\"><strong>Protected Cable &#8211; Type I<\/strong><\/span><\/h4>\n<p>[\/vc_column_text][vc_column_text css=&#8221;.vc_custom_1769431553154{margin-top: -20px !important;}&#8221;]\n<div id=\"tablepress-Cabo-Protegido-Tipo-1-EN-scroll-wrapper\" class=\"tablepress-scroll-wrapper\">\n<table id=\"tablepress-Cabo-Protegido-Tipo-1-EN\" class=\"tablepress tablepress-id-Cabo-Protegido-Tipo-1-EN tablepress-responsive\">\n<thead>\n<tr class=\"row-1\">\n\t<td class=\"column-1\"><\/td><th class=\"column-2\">  Refer\u00eancias<\/th><th class=\"column-3\">Caracter\u00edstica<\/th><td class=\"column-4\"><\/td>\n<\/tr>\n<\/thead>\n<tbody class=\"row-striping row-hover\">\n<tr class=\"row-2\">\n\t<td class=\"column-1\"><img decoding=\"async\" src=\"https:\/\/www.ritzbrasil.com\/wp-content\/uploads\/2024\/10\/r3751-cabo-protegido-tipo1-150X150.jpg\" \/><\/td><td class=\"column-2\">R3751<\/td><td class=\"column-3\"><\/td><td class=\"column-4\">    <button class=\"add-to-budget\" data-table-id=\"Cabo-Protegido-Tipo-1\" data-reference=\"R3751\" data-description=\"Protected Cable - Type I\" style=\"color:#ff4d00;\">\n        <img decoding=\"async\" src=\"https:\/\/www.ritzbrasil.com\/\/wp-content\/uploads\/2024\/07\/orcar-compras-tabela-new-1.png\" alt=\"Request quote\" title=\"Request quote\" \/>\n    <\/button>\n    <\/td>\n<\/tr>\n<tr class=\"row-3\">\n\t<td class=\"column-1\"><img decoding=\"async\" src=\"https:\/\/www.ritzbrasil.com\/wp-content\/uploads\/2024\/10\/r3771-cabo-protegido-tipo-1-150X150.jpg\" \/><\/td><td class=\"column-2\">R3771<\/td><td class=\"column-3\"><\/td><td class=\"column-4\">    <button class=\"add-to-budget\" data-table-id=\"Cabo-Protegido-Tipo-1\" data-reference=\"R3771\" data-description=\"Protected Cable - Type I\" style=\"color:#ff4d00;\">\n        <img decoding=\"async\" src=\"https:\/\/www.ritzbrasil.com\/\/wp-content\/uploads\/2024\/07\/orcar-compras-tabela-new-1.png\" alt=\"Request quote\" title=\"Request quote\" \/>\n    <\/button>\n    <\/td>\n<\/tr>\n<tr class=\"row-4\">\n\t<td class=\"column-1\"><img decoding=\"async\" src=\"https:\/\/www.ritzbrasil.com\/wp-content\/uploads\/2024\/10\/r3773-cabo-protegido-tipo-1-150X150.jpg\" \/><\/td><td class=\"column-2\">R3773<\/td><td class=\"column-3\"><\/td><td class=\"column-4\">    <button class=\"add-to-budget\" data-table-id=\"Cabo-Protegido-Tipo-1\" data-reference=\"R3773\" data-description=\"Protected Cable - Type I\" style=\"color:#ff4d00;\">\n        <img decoding=\"async\" src=\"https:\/\/www.ritzbrasil.com\/\/wp-content\/uploads\/2024\/07\/orcar-compras-tabela-new-1.png\" alt=\"Request quote\" title=\"Request quote\" \/>\n    <\/button>\n    <\/td>\n<\/tr>\n<tr class=\"row-5\">\n\t<td class=\"column-1\"><img decoding=\"async\" src=\"https:\/\/www.ritzbrasil.com\/wp-content\/uploads\/2024\/10\/r3776-cabo-protegido-tipo-1-150X150.jpg\" \/><\/td><td class=\"column-2\">R3776<\/td><td class=\"column-3\"><\/td><td class=\"column-4\">    <button class=\"add-to-budget\" data-table-id=\"Cabo-Protegido-Tipo-1\" data-reference=\"R3776\" data-description=\"Protected Cable - Type I\" style=\"color:#ff4d00;\">\n        <img decoding=\"async\" src=\"https:\/\/www.ritzbrasil.com\/\/wp-content\/uploads\/2024\/07\/orcar-compras-tabela-new-1.png\" alt=\"Request quote\" title=\"Request quote\" \/>\n    <\/button>\n    <\/td>\n<\/tr>\n<tr class=\"row-6\">\n\t<td class=\"column-1\"><img decoding=\"async\" src=\"https:\/\/www.ritzbrasil.com\/wp-content\/uploads\/2024\/10\/flv30463-4-cabo-protegido-tipo-1-150X150.jpg\" \/><\/td><td class=\"column-2\">FLV30463-4<\/td><td class=\"column-3\"><\/td><td class=\"column-4\">    <button class=\"add-to-budget\" data-table-id=\"Cabo-Protegido-Tipo-1\" data-reference=\"FLV30463-4\" data-description=\"Protected Cable - Type I\" style=\"color:#ff4d00;\">\n        <img decoding=\"async\" src=\"https:\/\/www.ritzbrasil.com\/\/wp-content\/uploads\/2024\/07\/orcar-compras-tabela-new-1.png\" alt=\"Request quote\" title=\"Request quote\" \/>\n    <\/button>\n    <\/td>\n<\/tr>\n<tr class=\"row-7\">\n\t<td class=\"column-1\"><img decoding=\"async\" src=\"https:\/\/www.ritzbrasil.com\/wp-content\/uploads\/2024\/10\/flv30463-5-cabo-protegido-tipo-1-150X150.jpg\" \/><\/td><td class=\"column-2\">FLV30463-5<\/td><td class=\"column-3\"><\/td><td class=\"column-4\">    <button class=\"add-to-budget\" data-table-id=\"Cabo-Protegido-Tipo-1\" data-reference=\"FLV30463-5\" data-description=\"Protected Cable - Type I\" style=\"color:#ff4d00;\">\n        <img decoding=\"async\" src=\"https:\/\/www.ritzbrasil.com\/\/wp-content\/uploads\/2024\/07\/orcar-compras-tabela-new-1.png\" alt=\"Request quote\" title=\"Request quote\" \/>\n    <\/button>\n    <\/td>\n<\/tr>\n<tr class=\"row-8\">\n\t<td class=\"column-1\"><img decoding=\"async\" src=\"https:\/\/www.ritzbrasil.com\/wp-content\/uploads\/2024\/10\/flv30463-6-cabo-protegido-tipo-1-150X150.jpg\" \/><\/td><td class=\"column-2\">FLV30463-6<\/td><td class=\"column-3\"><\/td><td class=\"column-4\">    <button class=\"add-to-budget\" data-table-id=\"Cabo-Protegido-Tipo-1\" data-reference=\"FLV30463-6\" data-description=\"Protected Cable - Type I\" style=\"color:#ff4d00;\">\n        <img decoding=\"async\" src=\"https:\/\/www.ritzbrasil.com\/\/wp-content\/uploads\/2024\/07\/orcar-compras-tabela-new-1.png\" alt=\"Request quote\" title=\"Request quote\" \/>\n    <\/button>\n    <\/td>\n<\/tr>\n<tr class=\"row-9\">\n\t<td class=\"column-1\"><img decoding=\"async\" src=\"https:\/\/www.ritzbrasil.com\/wp-content\/uploads\/2024\/10\/FLV30182-4-cabo-protegido-tipo-1-150X150.jpg\" \/><\/td><td class=\"column-2\">FLV30182-4<\/td><td class=\"column-3\"><\/td><td class=\"column-4\">    <button class=\"add-to-budget\" data-table-id=\"Cabo-Protegido-Tipo-1\" data-reference=\"FLV30182-4\" data-description=\"Protected Cable - Type I\" style=\"color:#ff4d00;\">\n        <img decoding=\"async\" src=\"https:\/\/www.ritzbrasil.com\/\/wp-content\/uploads\/2024\/07\/orcar-compras-tabela-new-1.png\" alt=\"Request quote\" title=\"Request quote\" \/>\n    <\/button>\n    <\/td>\n<\/tr>\n<tr class=\"row-10\">\n\t<td class=\"column-1\"><img decoding=\"async\" src=\"https:\/\/www.ritzbrasil.com\/wp-content\/uploads\/2024\/10\/flv30182-5-cabo-protegido-tipo-1-150X150.jpg\" \/><\/td><td class=\"column-2\">FLV30182-5<\/td><td class=\"column-3\"><\/td><td class=\"column-4\">    <button class=\"add-to-budget\" data-table-id=\"Cabo-Protegido-Tipo-1\" data-reference=\"FLV30182-5\" data-description=\"Protected Cable - Type I\" style=\"color:#ff4d00;\">\n        <img decoding=\"async\" src=\"https:\/\/www.ritzbrasil.com\/\/wp-content\/uploads\/2024\/07\/orcar-compras-tabela-new-1.png\" alt=\"Request quote\" title=\"Request quote\" \/>\n    <\/button>\n    <\/td>\n<\/tr>\n<tr class=\"row-11\">\n\t<td class=\"column-1\"><img decoding=\"async\" src=\"https:\/\/www.ritzbrasil.com\/wp-content\/uploads\/2024\/10\/flv30182-6-cabo-protegido-tipo-1-150X150.jpg\" \/><\/td><td class=\"column-2\">FLV30182-6<\/td><td class=\"column-3\"><\/td><td class=\"column-4\">    <button class=\"add-to-budget\" data-table-id=\"Cabo-Protegido-Tipo-1\" data-reference=\"FLV30182-6\" data-description=\"Protected Cable - Type I\" style=\"color:#ff4d00;\">\n        <img decoding=\"async\" src=\"https:\/\/www.ritzbrasil.com\/\/wp-content\/uploads\/2024\/07\/orcar-compras-tabela-new-1.png\" alt=\"Request quote\" title=\"Request quote\" \/>\n    <\/button>\n    <\/td>\n<\/tr>\n<\/tbody>\n<\/table>\n<\/div>\n[\/vc_column_text][vc_separator border_width=&#8221;2&#8243; css=&#8221;&#8221;][\/vc_column][\/vc_row][vc_row][vc_column][vc_column_text css=&#8221;.vc_custom_1730372109701{margin-top: 20px !important;}&#8221;]<\/p>\n<h4><span style=\"color: #ff9900;\"><strong>Protected Cable &#8211; Type I<\/strong><\/span><span style=\"color: #ff9900;\"><strong>I<\/strong><\/span><\/h4>\n<p>[\/vc_column_text][vc_column_text css=&#8221;.vc_custom_1769431815057{margin-top: -20px !important;}&#8221;]\n<div id=\"tablepress-Cabo-Protegido-Tipo-2-EN-scroll-wrapper\" class=\"tablepress-scroll-wrapper\">\n<table id=\"tablepress-Cabo-Protegido-Tipo-2-EN\" class=\"tablepress tablepress-id-Cabo-Protegido-Tipo-2-EN tablepress-responsive\">\n<thead>\n<tr class=\"row-1\">\n\t<td class=\"column-1\"><\/td><th class=\"column-2\">  Refer\u00eancias<\/th><th class=\"column-3\">Caracter\u00edstica<\/th><td class=\"column-4\"><\/td>\n<\/tr>\n<\/thead>\n<tbody class=\"row-striping row-hover\">\n<tr class=\"row-2\">\n\t<td class=\"column-1\"><img decoding=\"async\" src=\"https:\/\/www.ritzbrasil.com\/wp-content\/uploads\/2024\/10\/r3641-cabo-protegido-tipo-2.jpg\" \/><\/td><td class=\"column-2\">R3641<\/td><td class=\"column-3\"><\/td><td class=\"column-4\">    <button class=\"add-to-budget\" data-table-id=\"Cabo-Protegido-Tipo-2\" data-reference=\"R3641\" data-description=\"Protected Cable \u2013 Type II\" style=\"color:#ff4d00;\">\n        <img decoding=\"async\" src=\"https:\/\/www.ritzbrasil.com\/\/wp-content\/uploads\/2024\/07\/orcar-compras-tabela-new-1.png\" alt=\"Request quote\" title=\"Request quote\" \/>\n    <\/button>\n    <\/td>\n<\/tr>\n<tr class=\"row-3\">\n\t<td class=\"column-1\"><img decoding=\"async\" src=\"https:\/\/www.ritzbrasil.com\/wp-content\/uploads\/2024\/10\/r3861-cabo-protegido-tipo-2.jpg\" \/><\/td><td class=\"column-2\">R3861<\/td><td class=\"column-3\"><\/td><td class=\"column-4\">    <button class=\"add-to-budget\" data-table-id=\"Cabo-Protegido-Tipo-2\" data-reference=\"R3861\" data-description=\"Protected Cable \u2013 Type II\" style=\"color:#ff4d00;\">\n        <img decoding=\"async\" src=\"https:\/\/www.ritzbrasil.com\/\/wp-content\/uploads\/2024\/07\/orcar-compras-tabela-new-1.png\" alt=\"Request quote\" title=\"Request quote\" \/>\n    <\/button>\n    <\/td>\n<\/tr>\n<tr class=\"row-4\">\n\t<td class=\"column-1\"><img decoding=\"async\" src=\"https:\/\/www.ritzbrasil.com\/wp-content\/uploads\/2024\/10\/r3863-cabo-protegido-tipo-2.jpg\" \/><\/td><td class=\"column-2\">R3863<\/td><td class=\"column-3\"><\/td><td class=\"column-4\">    <button class=\"add-to-budget\" data-table-id=\"Cabo-Protegido-Tipo-2\" data-reference=\"R3863\" data-description=\"Protected Cable \u2013 Type II\" style=\"color:#ff4d00;\">\n        <img decoding=\"async\" src=\"https:\/\/www.ritzbrasil.com\/\/wp-content\/uploads\/2024\/07\/orcar-compras-tabela-new-1.png\" alt=\"Request quote\" title=\"Request quote\" \/>\n    <\/button>\n    <\/td>\n<\/tr>\n<tr class=\"row-5\">\n\t<td class=\"column-1\"><img decoding=\"async\" src=\"https:\/\/www.ritzbrasil.com\/wp-content\/uploads\/2024\/10\/r3866-cabo-protegido-tipo-2-150X150.jpg\" \/><\/td><td class=\"column-2\">R3866<\/td><td class=\"column-3\"><\/td><td class=\"column-4\">    <button class=\"add-to-budget\" data-table-id=\"Cabo-Protegido-Tipo-2\" data-reference=\"R3866\" data-description=\"Protected Cable \u2013 Type II\" style=\"color:#ff4d00;\">\n        <img decoding=\"async\" src=\"https:\/\/www.ritzbrasil.com\/\/wp-content\/uploads\/2024\/07\/orcar-compras-tabela-new-1.png\" alt=\"Request quote\" title=\"Request quote\" \/>\n    <\/button>\n    <\/td>\n<\/tr>\n<tr class=\"row-6\">\n\t<td class=\"column-1\"><img decoding=\"async\" src=\"https:\/\/www.ritzbrasil.com\/wp-content\/uploads\/2024\/10\/flv30463-1-cabo-protegido-tipo-2-150X150.jpg\" \/><\/td><td class=\"column-2\">FLV30463-1<\/td><td class=\"column-3\"><\/td><td class=\"column-4\">    <button class=\"add-to-budget\" data-table-id=\"Cabo-Protegido-Tipo-2\" data-reference=\"FLV30463-1\" data-description=\"Protected Cable \u2013 Type II\" style=\"color:#ff4d00;\">\n        <img decoding=\"async\" src=\"https:\/\/www.ritzbrasil.com\/\/wp-content\/uploads\/2024\/07\/orcar-compras-tabela-new-1.png\" alt=\"Request quote\" title=\"Request quote\" \/>\n    <\/button>\n    <\/td>\n<\/tr>\n<tr class=\"row-7\">\n\t<td class=\"column-1\"><img decoding=\"async\" src=\"https:\/\/www.ritzbrasil.com\/wp-content\/uploads\/2024\/10\/flv30463-2-cabo-protegido-tipo-2-150X150.jpg\" \/><\/td><td class=\"column-2\">FLV30463-2<\/td><td class=\"column-3\"><\/td><td class=\"column-4\">    <button class=\"add-to-budget\" data-table-id=\"Cabo-Protegido-Tipo-2\" data-reference=\"FLV30463-2\" data-description=\"Protected Cable \u2013 Type II\" style=\"color:#ff4d00;\">\n        <img decoding=\"async\" src=\"https:\/\/www.ritzbrasil.com\/\/wp-content\/uploads\/2024\/07\/orcar-compras-tabela-new-1.png\" alt=\"Request quote\" title=\"Request quote\" \/>\n    <\/button>\n    <\/td>\n<\/tr>\n<tr class=\"row-8\">\n\t<td class=\"column-1\"><img decoding=\"async\" src=\"https:\/\/www.ritzbrasil.com\/wp-content\/uploads\/2024\/10\/flv30463-3-cabo-protegido-tipo-2-150X150.jpg\" \/><\/td><td class=\"column-2\">FLV30463-3<\/td><td class=\"column-3\"><\/td><td class=\"column-4\">    <button class=\"add-to-budget\" data-table-id=\"Cabo-Protegido-Tipo-2\" data-reference=\"FLV30463-3\" data-description=\"Protected Cable \u2013 Type II\" style=\"color:#ff4d00;\">\n        <img decoding=\"async\" src=\"https:\/\/www.ritzbrasil.com\/\/wp-content\/uploads\/2024\/07\/orcar-compras-tabela-new-1.png\" alt=\"Request quote\" title=\"Request quote\" \/>\n    <\/button>\n    <\/td>\n<\/tr>\n<tr class=\"row-9\">\n\t<td class=\"column-1\"><img decoding=\"async\" src=\"https:\/\/www.ritzbrasil.com\/wp-content\/uploads\/2024\/10\/flv30182-1-cabo-protegido-tipo-2-150X150.jpg\" \/><\/td><td class=\"column-2\">FLV30182-1<\/td><td class=\"column-3\"><\/td><td class=\"column-4\">    <button class=\"add-to-budget\" data-table-id=\"Cabo-Protegido-Tipo-2\" data-reference=\"FLV30182-1\" data-description=\"Protected Cable \u2013 Type II\" style=\"color:#ff4d00;\">\n        <img decoding=\"async\" src=\"https:\/\/www.ritzbrasil.com\/\/wp-content\/uploads\/2024\/07\/orcar-compras-tabela-new-1.png\" alt=\"Request quote\" title=\"Request quote\" \/>\n    <\/button>\n    <\/td>\n<\/tr>\n<tr class=\"row-10\">\n\t<td class=\"column-1\"><img decoding=\"async\" src=\"https:\/\/www.ritzbrasil.com\/wp-content\/uploads\/2024\/10\/flv30182-2-cabo-protegido-tipo-2-150X150.jpg\" \/><\/td><td class=\"column-2\">FLV30182-2<\/td><td class=\"column-3\"><\/td><td class=\"column-4\">    <button class=\"add-to-budget\" data-table-id=\"Cabo-Protegido-Tipo-2\" data-reference=\"FLV30182-2\" data-description=\"Protected Cable \u2013 Type II\" style=\"color:#ff4d00;\">\n        <img decoding=\"async\" src=\"https:\/\/www.ritzbrasil.com\/\/wp-content\/uploads\/2024\/07\/orcar-compras-tabela-new-1.png\" alt=\"Request quote\" title=\"Request quote\" \/>\n    <\/button>\n    <\/td>\n<\/tr>\n<tr class=\"row-11\">\n\t<td class=\"column-1\"><img decoding=\"async\" src=\"https:\/\/www.ritzbrasil.com\/wp-content\/uploads\/2024\/10\/FLV30182-3-cabo-protegido-tipo-2-150X150.jpg\" \/><\/td><td class=\"column-2\">FLV30182-3<\/td><td class=\"column-3\"><\/td><td class=\"column-4\">    <button class=\"add-to-budget\" data-table-id=\"Cabo-Protegido-Tipo-2\" data-reference=\"FLV30182-3\" data-description=\"Protected Cable \u2013 Type II\" style=\"color:#ff4d00;\">\n        <img decoding=\"async\" src=\"https:\/\/www.ritzbrasil.com\/\/wp-content\/uploads\/2024\/07\/orcar-compras-tabela-new-1.png\" alt=\"Request quote\" title=\"Request quote\" \/>\n    <\/button>\n    <\/td>\n<\/tr>\n<\/tbody>\n<\/table>\n<\/div>\n[\/vc_column_text][vc_separator border_width=&#8221;2&#8243; css=&#8221;&#8221;][\/vc_column][\/vc_row]<\/p>\n<\/div>","protected":false},"excerpt":{"rendered":"<h4><span style=\"color: #ff9900;\">Protected Cable<\/span><\/h4>\n<p><strong>Protected Cable &#8211; Type I<\/strong><br \/>\nUsed in the assembly of jumper sets for use in temporary power bypasses in AC networks.<\/p>\n<p>Conductor made up of flexible copper filaments, with insulating protection of ethylene-propylene based thermosetting compound (EPR).<\/p>\n<p>For easy identification and classification, the voltage and gauge (in AWG) are engraved along the entire length of the cable at regular spacings.<\/p>\n<p>Protected <strong>Cable &#8211; Type II<\/strong><br \/>\nThe Type II protected cable consists of a flexible copper filament conductor with ethylene-propylene (EPR)-based thermosetting compound insulation protection.<\/p>\n<p>In addition, it has an outer covering layer made of SE-6 polychloroprene-based thermosetting compound, offering high resistance to abrasion, oil, heat, humidity and ozone. This outer layer is essential to guarantee the cable&#8217;s protection in aggressive environments.<\/p>\n","protected":false},"featured_media":60028,"template":"","meta":[],"product_brand":[],"product_cat":[1680],"product_tag":[1972,1973,1974,1962,1963,1964,1969,1970,1971,1959,1960,1961,1965,1813,1956,1957,1958,1966,1967,1968],"class_list":{"0":"post-60949","1":"product","2":"type-product","3":"status-publish","4":"has-post-thumbnail","6":"product_cat-temporary-jumpers","7":"product_tag-flv30182-1-en","8":"product_tag-flv30182-2-en","9":"product_tag-flv30182-3-en","10":"product_tag-flv30182-4-en","11":"product_tag-flv30182-5-en","12":"product_tag-flv30182-6-en","13":"product_tag-flv30463-1-en","14":"product_tag-flv30463-2-en","15":"product_tag-flv30463-3-en","16":"product_tag-flv30463-4-en","17":"product_tag-flv30463-5-en","18":"product_tag-flv30463-6-en","19":"product_tag-r3641-en","20":"product_tag-r3751-en","21":"product_tag-r3771-en","22":"product_tag-r3773-en","23":"product_tag-r3776-en","24":"product_tag-r3861-en","25":"product_tag-r3863-en","26":"product_tag-r3866-en","27":"description-off","29":"first","30":"instock","31":"virtual","32":"product-type-simple"},"yoast_head":"<!-- This site is optimized with the Yoast SEO plugin v27.1.1 - https:\/\/yoast.com\/product\/yoast-seo-wordpress\/ -->\n<title>Protected Cable<\/title>\n<meta name=\"description\" content=\"Protected cable for jumpers in temporary AC mains connections, with flexible copper conductor and EPR insulation, marked with voltage and gauge.\" \/>\n<meta name=\"robots\" content=\"index, follow, max-snippet:-1, max-image-preview:large, max-video-preview:-1\" \/>\n<link rel=\"canonical\" href=\"https:\/\/www.ritzbrasil.com\/en\/produtos\/temporary-jumpers\/protected-cable\/\" \/>\n<meta property=\"og:locale\" content=\"en_US\" \/>\n<meta property=\"og:type\" content=\"article\" \/>\n<meta property=\"og:title\" content=\"Protected Cable\" \/>\n<meta property=\"og:description\" content=\"Protected cable for jumpers in temporary AC mains connections, with flexible copper conductor and EPR insulation, marked with voltage and gauge.\" \/>\n<meta property=\"og:url\" content=\"https:\/\/www.ritzbrasil.com\/en\/produtos\/temporary-jumpers\/protected-cable\/\" \/>\n<meta property=\"og:site_name\" content=\"Equipamentos de Manuten\u00e7\u00e3o e Seguran\u00e7a para o Setor El\u00e9trico - Ritz Brasil\" \/>\n<meta property=\"article:modified_time\" content=\"2026-01-26T12:50:39+00:00\" \/>\n<meta property=\"og:image\" content=\"https:\/\/www.ritzbrasil.com\/wp-content\/uploads\/2024\/10\/cabo-protegido-tipo-1.jpg\" \/>\n\t<meta property=\"og:image:width\" content=\"1200\" \/>\n\t<meta property=\"og:image:height\" content=\"1200\" \/>\n\t<meta property=\"og:image:type\" content=\"image\/jpeg\" \/>\n<meta name=\"twitter:card\" content=\"summary_large_image\" \/>\n<meta name=\"twitter:label1\" content=\"Est. reading time\" \/>\n\t<meta name=\"twitter:data1\" content=\"1 minute\" \/>\n<script type=\"application\/ld+json\" class=\"yoast-schema-graph\">{\"@context\":\"https:\/\/schema.org\",\"@graph\":[{\"@type\":\"WebPage\",\"@id\":\"https:\/\/www.ritzbrasil.com\/en\/produtos\/temporary-jumpers\/protected-cable\/\",\"url\":\"https:\/\/www.ritzbrasil.com\/en\/produtos\/temporary-jumpers\/protected-cable\/\",\"name\":\"Protected Cable\",\"isPartOf\":{\"@id\":\"https:\/\/www.ritzbrasil.com\/en\/#website\"},\"primaryImageOfPage\":{\"@id\":\"https:\/\/www.ritzbrasil.com\/en\/produtos\/temporary-jumpers\/protected-cable\/#primaryimage\"},\"image\":{\"@id\":\"https:\/\/www.ritzbrasil.com\/en\/produtos\/temporary-jumpers\/protected-cable\/#primaryimage\"},\"thumbnailUrl\":\"https:\/\/www.ritzbrasil.com\/wp-content\/uploads\/2024\/10\/cabo-protegido-tipo-1.jpg\",\"datePublished\":\"2024-10-30T18:17:51+00:00\",\"dateModified\":\"2026-01-26T12:50:39+00:00\",\"description\":\"Protected cable for jumpers in temporary AC mains connections, with flexible copper conductor and EPR insulation, marked with voltage and gauge.\",\"breadcrumb\":{\"@id\":\"https:\/\/www.ritzbrasil.com\/en\/produtos\/temporary-jumpers\/protected-cable\/#breadcrumb\"},\"inLanguage\":\"en-US\",\"potentialAction\":[{\"@type\":\"ReadAction\",\"target\":[\"https:\/\/www.ritzbrasil.com\/en\/produtos\/temporary-jumpers\/protected-cable\/\"]}]},{\"@type\":\"ImageObject\",\"inLanguage\":\"en-US\",\"@id\":\"https:\/\/www.ritzbrasil.com\/en\/produtos\/temporary-jumpers\/protected-cable\/#primaryimage\",\"url\":\"https:\/\/www.ritzbrasil.com\/wp-content\/uploads\/2024\/10\/cabo-protegido-tipo-1.jpg\",\"contentUrl\":\"https:\/\/www.ritzbrasil.com\/wp-content\/uploads\/2024\/10\/cabo-protegido-tipo-1.jpg\",\"width\":1200,\"height\":1200,\"caption\":\"Protected Cable - Type I\"},{\"@type\":\"BreadcrumbList\",\"@id\":\"https:\/\/www.ritzbrasil.com\/en\/produtos\/temporary-jumpers\/protected-cable\/#breadcrumb\",\"itemListElement\":[{\"@type\":\"ListItem\",\"position\":1,\"name\":\"In\u00edcio\",\"item\":\"https:\/\/www.ritzbrasil.com\/en\/\"},{\"@type\":\"ListItem\",\"position\":2,\"name\":\"Shop\",\"item\":\"https:\/\/www.ritzbrasil.com\/en\/shop\/\"},{\"@type\":\"ListItem\",\"position\":3,\"name\":\"Protected Cable\"}]},{\"@type\":\"WebSite\",\"@id\":\"https:\/\/www.ritzbrasil.com\/en\/#website\",\"url\":\"https:\/\/www.ritzbrasil.com\/en\/\",\"name\":\"Equipamentos de Manuten\u00e7\u00e3o e Seguran\u00e7a para o Setor El\u00e9trico - Ritz Brasil\",\"description\":\"\",\"potentialAction\":[{\"@type\":\"SearchAction\",\"target\":{\"@type\":\"EntryPoint\",\"urlTemplate\":\"https:\/\/www.ritzbrasil.com\/en\/?s={search_term_string}\"},\"query-input\":{\"@type\":\"PropertyValueSpecification\",\"valueRequired\":true,\"valueName\":\"search_term_string\"}}],\"inLanguage\":\"en-US\"}]}<\/script>\n<!-- \/ Yoast SEO plugin. -->","yoast_head_json":{"title":"Protected Cable","description":"Protected cable for jumpers in temporary AC mains connections, with flexible copper conductor and EPR insulation, marked with voltage and gauge.","robots":{"index":"index","follow":"follow","max-snippet":"max-snippet:-1","max-image-preview":"max-image-preview:large","max-video-preview":"max-video-preview:-1"},"canonical":"https:\/\/www.ritzbrasil.com\/en\/produtos\/temporary-jumpers\/protected-cable\/","og_locale":"en_US","og_type":"article","og_title":"Protected Cable","og_description":"Protected cable for jumpers in temporary AC mains connections, with flexible copper conductor and EPR insulation, marked with voltage and gauge.","og_url":"https:\/\/www.ritzbrasil.com\/en\/produtos\/temporary-jumpers\/protected-cable\/","og_site_name":"Equipamentos de Manuten\u00e7\u00e3o e Seguran\u00e7a para o Setor El\u00e9trico - Ritz Brasil","article_modified_time":"2026-01-26T12:50:39+00:00","og_image":[{"width":1200,"height":1200,"url":"https:\/\/www.ritzbrasil.com\/wp-content\/uploads\/2024\/10\/cabo-protegido-tipo-1.jpg","type":"image\/jpeg"}],"twitter_card":"summary_large_image","twitter_misc":{"Est. reading time":"1 minute"},"schema":{"@context":"https:\/\/schema.org","@graph":[{"@type":"WebPage","@id":"https:\/\/www.ritzbrasil.com\/en\/produtos\/temporary-jumpers\/protected-cable\/","url":"https:\/\/www.ritzbrasil.com\/en\/produtos\/temporary-jumpers\/protected-cable\/","name":"Protected Cable","isPartOf":{"@id":"https:\/\/www.ritzbrasil.com\/en\/#website"},"primaryImageOfPage":{"@id":"https:\/\/www.ritzbrasil.com\/en\/produtos\/temporary-jumpers\/protected-cable\/#primaryimage"},"image":{"@id":"https:\/\/www.ritzbrasil.com\/en\/produtos\/temporary-jumpers\/protected-cable\/#primaryimage"},"thumbnailUrl":"https:\/\/www.ritzbrasil.com\/wp-content\/uploads\/2024\/10\/cabo-protegido-tipo-1.jpg","datePublished":"2024-10-30T18:17:51+00:00","dateModified":"2026-01-26T12:50:39+00:00","description":"Protected cable for jumpers in temporary AC mains connections, with flexible copper conductor and EPR insulation, marked with voltage and gauge.","breadcrumb":{"@id":"https:\/\/www.ritzbrasil.com\/en\/produtos\/temporary-jumpers\/protected-cable\/#breadcrumb"},"inLanguage":"en-US","potentialAction":[{"@type":"ReadAction","target":["https:\/\/www.ritzbrasil.com\/en\/produtos\/temporary-jumpers\/protected-cable\/"]}]},{"@type":"ImageObject","inLanguage":"en-US","@id":"https:\/\/www.ritzbrasil.com\/en\/produtos\/temporary-jumpers\/protected-cable\/#primaryimage","url":"https:\/\/www.ritzbrasil.com\/wp-content\/uploads\/2024\/10\/cabo-protegido-tipo-1.jpg","contentUrl":"https:\/\/www.ritzbrasil.com\/wp-content\/uploads\/2024\/10\/cabo-protegido-tipo-1.jpg","width":1200,"height":1200,"caption":"Protected Cable - Type I"},{"@type":"BreadcrumbList","@id":"https:\/\/www.ritzbrasil.com\/en\/produtos\/temporary-jumpers\/protected-cable\/#breadcrumb","itemListElement":[{"@type":"ListItem","position":1,"name":"In\u00edcio","item":"https:\/\/www.ritzbrasil.com\/en\/"},{"@type":"ListItem","position":2,"name":"Shop","item":"https:\/\/www.ritzbrasil.com\/en\/shop\/"},{"@type":"ListItem","position":3,"name":"Protected Cable"}]},{"@type":"WebSite","@id":"https:\/\/www.ritzbrasil.com\/en\/#website","url":"https:\/\/www.ritzbrasil.com\/en\/","name":"Equipamentos de Manuten\u00e7\u00e3o e Seguran\u00e7a para o Setor El\u00e9trico - Ritz Brasil","description":"","potentialAction":[{"@type":"SearchAction","target":{"@type":"EntryPoint","urlTemplate":"https:\/\/www.ritzbrasil.com\/en\/?s={search_term_string}"},"query-input":{"@type":"PropertyValueSpecification","valueRequired":true,"valueName":"search_term_string"}}],"inLanguage":"en-US"}]}},"_links":{"self":[{"href":"https:\/\/www.ritzbrasil.com\/en\/wp-json\/wp\/v2\/product\/60949","targetHints":{"allow":["GET"]}}],"collection":[{"href":"https:\/\/www.ritzbrasil.com\/en\/wp-json\/wp\/v2\/product"}],"about":[{"href":"https:\/\/www.ritzbrasil.com\/en\/wp-json\/wp\/v2\/types\/product"}],"wp:featuredmedia":[{"embeddable":true,"href":"https:\/\/www.ritzbrasil.com\/en\/wp-json\/wp\/v2\/media\/60028"}],"wp:attachment":[{"href":"https:\/\/www.ritzbrasil.com\/en\/wp-json\/wp\/v2\/media?parent=60949"}],"wp:term":[{"taxonomy":"product_brand","embeddable":true,"href":"https:\/\/www.ritzbrasil.com\/en\/wp-json\/wp\/v2\/product_brand?post=60949"},{"taxonomy":"product_cat","embeddable":true,"href":"https:\/\/www.ritzbrasil.com\/en\/wp-json\/wp\/v2\/product_cat?post=60949"},{"taxonomy":"product_tag","embeddable":true,"href":"https:\/\/www.ritzbrasil.com\/en\/wp-json\/wp\/v2\/product_tag?post=60949"}],"curies":[{"name":"wp","href":"https:\/\/api.w.org\/{rel}","templated":true}]}}