{"id":60945,"date":"2024-10-30T10:13:26","date_gmt":"2024-10-30T13:13:26","guid":{"rendered":"https:\/\/bisque-bison-688002.hostingersite.com\/produtos\/uncategorized\/super-tester\/"},"modified":"2026-01-26T10:05:35","modified_gmt":"2026-01-26T13:05:35","slug":"super-tester","status":"publish","type":"product","link":"https:\/\/www.ritzbrasil.com\/en\/produtos\/test-and-detection-instruments\/super-tester\/","title":{"rendered":"Super Tester"},"content":{"rendered":"<div class=\"wpb-content-wrapper\"><p>[vc_row][vc_column][vc_column_text css=&#8221;.vc_custom_1730293621919{margin-top: 20px !important;}&#8221;]<\/p>\n<h4><span style=\"color: #ff9900;\"><strong>Super Tester<\/strong><\/span><\/h4>\n<p>[\/vc_column_text][vc_column_text css=&#8221;.vc_custom_1769432732472{margin-top: -20px !important;}&#8221;]\n<div id=\"tablepress-Super-Tester-EN-scroll-wrapper\" class=\"tablepress-scroll-wrapper\">\n<table id=\"tablepress-Super-Tester-EN\" class=\"tablepress tablepress-id-Super-Tester-EN tablepress-responsive\">\n<thead>\n<tr class=\"row-1\">\n\t<td class=\"column-1\"><\/td><th class=\"column-2\">  Refer\u00eancias<\/th><th class=\"column-3\">Caracter\u00edstica<\/th><td class=\"column-4\"><\/td>\n<\/tr>\n<\/thead>\n<tbody class=\"row-striping row-hover\">\n<tr class=\"row-2\">\n\t<td class=\"column-1\"><img decoding=\"async\" src=\"https:\/\/www.ritzbrasil.com\/wp-content\/uploads\/2024\/10\/h1990-st-138-super-tester-150x150-1.jpg\" \/><\/td><td class=\"column-2\">H1990\/ST-138<\/td><td class=\"column-3\">High-voltage unipolar proximity detector in the range of 1 to 138 kV<\/td><td class=\"column-4\">    <button class=\"add-to-budget\" data-table-id=\"Super-Tester\" data-reference=\"H1990\/ST-138\" data-description=\"Super Tester\" style=\"color:#ff4d00;\">\n        <img decoding=\"async\" src=\"https:\/\/www.ritzbrasil.com\/\/wp-content\/uploads\/2024\/07\/orcar-compras-tabela-new-1.png\" alt=\"Request quote\" title=\"Request quote\" \/>\n    <\/button>\n    <\/td>\n<\/tr>\n<tr class=\"row-3\">\n\t<td class=\"column-1\"><img decoding=\"async\" src=\"https:\/\/www.ritzbrasil.com\/wp-content\/uploads\/2024\/10\/h1990-st-800-super-tester-150x150-1.jpg\" \/><\/td><td class=\"column-2\">H1990\/ST-800<\/td><td class=\"column-3\">High-voltage unipolar proximity detector in the range of 1 to 800 kV<\/td><td class=\"column-4\">    <button class=\"add-to-budget\" data-table-id=\"Super-Tester\" data-reference=\"H1990\/ST-800\" data-description=\"Super Tester\" style=\"color:#ff4d00;\">\n        <img decoding=\"async\" src=\"https:\/\/www.ritzbrasil.com\/\/wp-content\/uploads\/2024\/07\/orcar-compras-tabela-new-1.png\" alt=\"Request quote\" title=\"Request quote\" \/>\n    <\/button>\n    <\/td>\n<\/tr>\n<\/tbody>\n<\/table>\n<\/div>\n[\/vc_column_text][vc_separator border_width=&#8221;2&#8243; css=&#8221;&#8221;][\/vc_column][\/vc_row]<\/p>\n<\/div>","protected":false},"excerpt":{"rendered":"<h4><span style=\"color: #ff9900;\">Super Tester<\/span><\/h4>\n<p>Proximity voltage detector, to be used with a shunt pole or shunt rod. The electronic circuit provides precise and reliable indications via visual and audible signals.<\/p>\n<p>This device can reliably detect the presence of voltage from 1 kV in alternating current installations such as transmission and distribution lines, substations, cubicles, etc. with unshielded conductors.<\/p>\n<p>Its use is indispensable in the maintenance of electrical installations to allow the electrician to make sure that the workplace is de-energized, thus enabling the installation of the temporary grounding set, which will guarantee the necessary safety to carry out the tasks.<\/p>\n<p><strong>TECHNICAL CHARACTERISTICS<\/strong><br \/>\n&#8211; Suitable for indoor and outdoor use;<br \/>\n&#8211; Built-in function test;<br \/>\n&#8211; Double signal, sound and light operated simultaneously;<br \/>\n&#8211; Encapsulated electronic circuit immune to temperature differences from &#8211; 10\u00b0 C to 60\u00b0 C;<br \/>\n&#8211; Pilot LED that indicates the perfect functioning of the device and the battery charge condition;<br \/>\n&#8211; Packaging: synthetic material case;<br \/>\n&#8211; Universal adapter for handling pole;<br \/>\n&#8211; Dimensions: 180 x 100 x 90 mm;<br \/>\n&#8211; Operation: By approaching the electromagnetic field;<br \/>\n&#8211; Alarm Signal:<br \/>\nLuminous &#8211; via 4 front LEDs;<br \/>\nSonorous &#8211; via electric piezo transducer;<br \/>\n&#8211; Working Frequency: 50 \/ 60 Hz;<br \/>\n&#8211; Power Supply: 9 V battery &#8211; average duration in uninterrupted work 15 h.<\/p>\n","protected":false},"featured_media":60014,"template":"","meta":[],"product_brand":[],"product_cat":[1671],"product_tag":[1933,1934],"class_list":{"0":"post-60945","1":"product","2":"type-product","3":"status-publish","4":"has-post-thumbnail","6":"product_cat-test-and-detection-instruments","7":"product_tag-h1990-st-138-en","8":"product_tag-h1990-st-800-en","9":"description-off","11":"first","12":"instock","13":"virtual","14":"product-type-simple"},"yoast_head":"<!-- This site is optimized with the Yoast SEO plugin v27.1.1 - https:\/\/yoast.com\/product\/yoast-seo-wordpress\/ -->\n<title>Super Tester<\/title>\n<meta name=\"description\" content=\"Super Tester for proximity voltage detection with operating rod, provides visual and audible signals for accurate and reliable indication.\" \/>\n<meta name=\"robots\" content=\"index, follow, max-snippet:-1, max-image-preview:large, max-video-preview:-1\" \/>\n<link rel=\"canonical\" href=\"https:\/\/www.ritzbrasil.com\/en\/produtos\/test-and-detection-instruments\/super-tester\/\" \/>\n<meta property=\"og:locale\" content=\"en_US\" \/>\n<meta property=\"og:type\" content=\"article\" \/>\n<meta property=\"og:title\" content=\"Super Tester\" \/>\n<meta property=\"og:description\" content=\"Super Tester for proximity voltage detection with operating rod, provides visual and audible signals for accurate and reliable indication.\" \/>\n<meta property=\"og:url\" content=\"https:\/\/www.ritzbrasil.com\/en\/produtos\/test-and-detection-instruments\/super-tester\/\" \/>\n<meta property=\"og:site_name\" content=\"Equipamentos de Manuten\u00e7\u00e3o e Seguran\u00e7a para o Setor El\u00e9trico - Ritz Brasil\" \/>\n<meta property=\"article:modified_time\" content=\"2026-01-26T13:05:35+00:00\" \/>\n<meta property=\"og:image\" content=\"https:\/\/www.ritzbrasil.com\/wp-content\/uploads\/2024\/10\/h1990-st-138-super-tester.jpg\" \/>\n\t<meta property=\"og:image:width\" content=\"1200\" \/>\n\t<meta property=\"og:image:height\" content=\"1200\" \/>\n\t<meta property=\"og:image:type\" content=\"image\/jpeg\" \/>\n<meta name=\"twitter:card\" content=\"summary_large_image\" \/>\n<meta name=\"twitter:label1\" content=\"Est. reading time\" \/>\n\t<meta name=\"twitter:data1\" content=\"1 minute\" \/>\n<script type=\"application\/ld+json\" class=\"yoast-schema-graph\">{\"@context\":\"https:\/\/schema.org\",\"@graph\":[{\"@type\":\"WebPage\",\"@id\":\"https:\/\/www.ritzbrasil.com\/en\/produtos\/test-and-detection-instruments\/super-tester\/\",\"url\":\"https:\/\/www.ritzbrasil.com\/en\/produtos\/test-and-detection-instruments\/super-tester\/\",\"name\":\"Super Tester\",\"isPartOf\":{\"@id\":\"https:\/\/www.ritzbrasil.com\/en\/#website\"},\"primaryImageOfPage\":{\"@id\":\"https:\/\/www.ritzbrasil.com\/en\/produtos\/test-and-detection-instruments\/super-tester\/#primaryimage\"},\"image\":{\"@id\":\"https:\/\/www.ritzbrasil.com\/en\/produtos\/test-and-detection-instruments\/super-tester\/#primaryimage\"},\"thumbnailUrl\":\"https:\/\/www.ritzbrasil.com\/wp-content\/uploads\/2024\/10\/h1990-st-138-super-tester.jpg\",\"datePublished\":\"2024-10-30T13:13:26+00:00\",\"dateModified\":\"2026-01-26T13:05:35+00:00\",\"description\":\"Super Tester for proximity voltage detection with operating rod, provides visual and audible signals for accurate and reliable indication.\",\"breadcrumb\":{\"@id\":\"https:\/\/www.ritzbrasil.com\/en\/produtos\/test-and-detection-instruments\/super-tester\/#breadcrumb\"},\"inLanguage\":\"en-US\",\"potentialAction\":[{\"@type\":\"ReadAction\",\"target\":[\"https:\/\/www.ritzbrasil.com\/en\/produtos\/test-and-detection-instruments\/super-tester\/\"]}]},{\"@type\":\"ImageObject\",\"inLanguage\":\"en-US\",\"@id\":\"https:\/\/www.ritzbrasil.com\/en\/produtos\/test-and-detection-instruments\/super-tester\/#primaryimage\",\"url\":\"https:\/\/www.ritzbrasil.com\/wp-content\/uploads\/2024\/10\/h1990-st-138-super-tester.jpg\",\"contentUrl\":\"https:\/\/www.ritzbrasil.com\/wp-content\/uploads\/2024\/10\/h1990-st-138-super-tester.jpg\",\"width\":1200,\"height\":1200,\"caption\":\"H1990\/ST-138 Super Tester\"},{\"@type\":\"BreadcrumbList\",\"@id\":\"https:\/\/www.ritzbrasil.com\/en\/produtos\/test-and-detection-instruments\/super-tester\/#breadcrumb\",\"itemListElement\":[{\"@type\":\"ListItem\",\"position\":1,\"name\":\"In\u00edcio\",\"item\":\"https:\/\/www.ritzbrasil.com\/en\/\"},{\"@type\":\"ListItem\",\"position\":2,\"name\":\"Shop\",\"item\":\"https:\/\/www.ritzbrasil.com\/en\/shop\/\"},{\"@type\":\"ListItem\",\"position\":3,\"name\":\"Super Tester\"}]},{\"@type\":\"WebSite\",\"@id\":\"https:\/\/www.ritzbrasil.com\/en\/#website\",\"url\":\"https:\/\/www.ritzbrasil.com\/en\/\",\"name\":\"Equipamentos de Manuten\u00e7\u00e3o e Seguran\u00e7a para o Setor El\u00e9trico - Ritz Brasil\",\"description\":\"\",\"potentialAction\":[{\"@type\":\"SearchAction\",\"target\":{\"@type\":\"EntryPoint\",\"urlTemplate\":\"https:\/\/www.ritzbrasil.com\/en\/?s={search_term_string}\"},\"query-input\":{\"@type\":\"PropertyValueSpecification\",\"valueRequired\":true,\"valueName\":\"search_term_string\"}}],\"inLanguage\":\"en-US\"}]}<\/script>\n<!-- \/ Yoast SEO plugin. -->","yoast_head_json":{"title":"Super Tester","description":"Super Tester for proximity voltage detection with operating rod, provides visual and audible signals for accurate and reliable indication.","robots":{"index":"index","follow":"follow","max-snippet":"max-snippet:-1","max-image-preview":"max-image-preview:large","max-video-preview":"max-video-preview:-1"},"canonical":"https:\/\/www.ritzbrasil.com\/en\/produtos\/test-and-detection-instruments\/super-tester\/","og_locale":"en_US","og_type":"article","og_title":"Super Tester","og_description":"Super Tester for proximity voltage detection with operating rod, provides visual and audible signals for accurate and reliable indication.","og_url":"https:\/\/www.ritzbrasil.com\/en\/produtos\/test-and-detection-instruments\/super-tester\/","og_site_name":"Equipamentos de Manuten\u00e7\u00e3o e Seguran\u00e7a para o Setor El\u00e9trico - Ritz Brasil","article_modified_time":"2026-01-26T13:05:35+00:00","og_image":[{"width":1200,"height":1200,"url":"https:\/\/www.ritzbrasil.com\/wp-content\/uploads\/2024\/10\/h1990-st-138-super-tester.jpg","type":"image\/jpeg"}],"twitter_card":"summary_large_image","twitter_misc":{"Est. reading time":"1 minute"},"schema":{"@context":"https:\/\/schema.org","@graph":[{"@type":"WebPage","@id":"https:\/\/www.ritzbrasil.com\/en\/produtos\/test-and-detection-instruments\/super-tester\/","url":"https:\/\/www.ritzbrasil.com\/en\/produtos\/test-and-detection-instruments\/super-tester\/","name":"Super Tester","isPartOf":{"@id":"https:\/\/www.ritzbrasil.com\/en\/#website"},"primaryImageOfPage":{"@id":"https:\/\/www.ritzbrasil.com\/en\/produtos\/test-and-detection-instruments\/super-tester\/#primaryimage"},"image":{"@id":"https:\/\/www.ritzbrasil.com\/en\/produtos\/test-and-detection-instruments\/super-tester\/#primaryimage"},"thumbnailUrl":"https:\/\/www.ritzbrasil.com\/wp-content\/uploads\/2024\/10\/h1990-st-138-super-tester.jpg","datePublished":"2024-10-30T13:13:26+00:00","dateModified":"2026-01-26T13:05:35+00:00","description":"Super Tester for proximity voltage detection with operating rod, provides visual and audible signals for accurate and reliable indication.","breadcrumb":{"@id":"https:\/\/www.ritzbrasil.com\/en\/produtos\/test-and-detection-instruments\/super-tester\/#breadcrumb"},"inLanguage":"en-US","potentialAction":[{"@type":"ReadAction","target":["https:\/\/www.ritzbrasil.com\/en\/produtos\/test-and-detection-instruments\/super-tester\/"]}]},{"@type":"ImageObject","inLanguage":"en-US","@id":"https:\/\/www.ritzbrasil.com\/en\/produtos\/test-and-detection-instruments\/super-tester\/#primaryimage","url":"https:\/\/www.ritzbrasil.com\/wp-content\/uploads\/2024\/10\/h1990-st-138-super-tester.jpg","contentUrl":"https:\/\/www.ritzbrasil.com\/wp-content\/uploads\/2024\/10\/h1990-st-138-super-tester.jpg","width":1200,"height":1200,"caption":"H1990\/ST-138 Super Tester"},{"@type":"BreadcrumbList","@id":"https:\/\/www.ritzbrasil.com\/en\/produtos\/test-and-detection-instruments\/super-tester\/#breadcrumb","itemListElement":[{"@type":"ListItem","position":1,"name":"In\u00edcio","item":"https:\/\/www.ritzbrasil.com\/en\/"},{"@type":"ListItem","position":2,"name":"Shop","item":"https:\/\/www.ritzbrasil.com\/en\/shop\/"},{"@type":"ListItem","position":3,"name":"Super Tester"}]},{"@type":"WebSite","@id":"https:\/\/www.ritzbrasil.com\/en\/#website","url":"https:\/\/www.ritzbrasil.com\/en\/","name":"Equipamentos de Manuten\u00e7\u00e3o e Seguran\u00e7a para o Setor El\u00e9trico - Ritz Brasil","description":"","potentialAction":[{"@type":"SearchAction","target":{"@type":"EntryPoint","urlTemplate":"https:\/\/www.ritzbrasil.com\/en\/?s={search_term_string}"},"query-input":{"@type":"PropertyValueSpecification","valueRequired":true,"valueName":"search_term_string"}}],"inLanguage":"en-US"}]}},"_links":{"self":[{"href":"https:\/\/www.ritzbrasil.com\/en\/wp-json\/wp\/v2\/product\/60945","targetHints":{"allow":["GET"]}}],"collection":[{"href":"https:\/\/www.ritzbrasil.com\/en\/wp-json\/wp\/v2\/product"}],"about":[{"href":"https:\/\/www.ritzbrasil.com\/en\/wp-json\/wp\/v2\/types\/product"}],"wp:featuredmedia":[{"embeddable":true,"href":"https:\/\/www.ritzbrasil.com\/en\/wp-json\/wp\/v2\/media\/60014"}],"wp:attachment":[{"href":"https:\/\/www.ritzbrasil.com\/en\/wp-json\/wp\/v2\/media?parent=60945"}],"wp:term":[{"taxonomy":"product_brand","embeddable":true,"href":"https:\/\/www.ritzbrasil.com\/en\/wp-json\/wp\/v2\/product_brand?post=60945"},{"taxonomy":"product_cat","embeddable":true,"href":"https:\/\/www.ritzbrasil.com\/en\/wp-json\/wp\/v2\/product_cat?post=60945"},{"taxonomy":"product_tag","embeddable":true,"href":"https:\/\/www.ritzbrasil.com\/en\/wp-json\/wp\/v2\/product_tag?post=60945"}],"curies":[{"name":"wp","href":"https:\/\/api.w.org\/{rel}","templated":true}]}}