{"id":60943,"date":"2024-10-30T09:54:41","date_gmt":"2024-10-30T12:54:41","guid":{"rendered":"https:\/\/bisque-bison-688002.hostingersite.com\/produtos\/uncategorized\/multi-use-tester\/"},"modified":"2026-01-26T10:12:54","modified_gmt":"2026-01-26T13:12:54","slug":"multi-use-tester","status":"publish","type":"product","link":"https:\/\/www.ritzbrasil.com\/en\/produtos\/test-and-detection-instruments\/multi-use-tester\/","title":{"rendered":"Multi-Use Tester"},"content":{"rendered":"<div class=\"wpb-content-wrapper\"><p>[vc_row][vc_column][vc_column_text css=&#8221;.vc_custom_1730292775713{margin-top: 20px !important;}&#8221;]<\/p>\n<h4><span style=\"color: #ff9900;\"><strong>Multi-Use Tester<\/strong><\/span><\/h4>\n<p>[\/vc_column_text][vc_column_text css=&#8221;.vc_custom_1769433049886{margin-top: -20px !important;}&#8221;]\n<div id=\"tablepress-Multi-Uso-Tester-EN-scroll-wrapper\" class=\"tablepress-scroll-wrapper\">\n<table id=\"tablepress-Multi-Uso-Tester-EN\" class=\"tablepress tablepress-id-Multi-Uso-Tester-EN tablepress-responsive\">\n<thead>\n<tr class=\"row-1\">\n\t<td class=\"column-1\"><\/td><th class=\"column-2\">  Refer\u00eancias<\/th><th class=\"column-3\">Caracter\u00edstica<\/th><td class=\"column-4\"><\/td>\n<\/tr>\n<\/thead>\n<tbody class=\"row-striping row-hover\">\n<tr class=\"row-2\">\n\t<td class=\"column-1\"><img decoding=\"async\" src=\"https:\/\/www.ritzbrasil.com\/wp-content\/uploads\/2024\/10\/dmu-15-multi-uso-tester-150x150-1.jpg\" \/><\/td><td class=\"column-2\">DMU-15<\/td><td class=\"column-3\">with on\/off switch<\/td><td class=\"column-4\">    <button class=\"add-to-budget\" data-table-id=\"Multi-Uso-Tester\" data-reference=\"DMU-15\" data-description=\"Multi-Use Tester\" style=\"color:#ff4d00;\">\n        <img decoding=\"async\" src=\"https:\/\/www.ritzbrasil.com\/\/wp-content\/uploads\/2024\/07\/orcar-compras-tabela-new-1.png\" alt=\"Request quote\" title=\"Request quote\" \/>\n    <\/button>\n    <\/td>\n<\/tr>\n<tr class=\"row-3\">\n\t<td class=\"column-1\"><img decoding=\"async\" src=\"https:\/\/www.ritzbrasil.com\/wp-content\/uploads\/2024\/10\/dmu-25-multi-uso-tester-150x150-1.jpg\" \/><\/td><td class=\"column-2\">DMU-25<\/td><td class=\"column-3\">with on\/off switch<\/td><td class=\"column-4\">    <button class=\"add-to-budget\" data-table-id=\"Multi-Uso-Tester\" data-reference=\"DMU-25\" data-description=\"Multi-Use Tester\" style=\"color:#ff4d00;\">\n        <img decoding=\"async\" src=\"https:\/\/www.ritzbrasil.com\/\/wp-content\/uploads\/2024\/07\/orcar-compras-tabela-new-1.png\" alt=\"Request quote\" title=\"Request quote\" \/>\n    <\/button>\n    <\/td>\n<\/tr>\n<tr class=\"row-4\">\n\t<td class=\"column-1\"><img decoding=\"async\" src=\"https:\/\/www.ritzbrasil.com\/wp-content\/uploads\/2024\/10\/dmu-36-sb-multi-uso-tester-150x150-1.jpg\" \/><\/td><td class=\"column-2\">DMU-36\/SB<\/td><td class=\"column-3\">stand-by<\/td><td class=\"column-4\">    <button class=\"add-to-budget\" data-table-id=\"Multi-Uso-Tester\" data-reference=\"DMU-36\/SB\" data-description=\"Multi-Use Tester\" style=\"color:#ff4d00;\">\n        <img decoding=\"async\" src=\"https:\/\/www.ritzbrasil.com\/\/wp-content\/uploads\/2024\/07\/orcar-compras-tabela-new-1.png\" alt=\"Request quote\" title=\"Request quote\" \/>\n    <\/button>\n    <\/td>\n<\/tr>\n<\/tbody>\n<\/table>\n<\/div>\n[\/vc_column_text][vc_separator border_width=&#8221;2&#8243; css=&#8221;&#8221;][\/vc_column][\/vc_row]<\/p>\n<\/div>","protected":false},"excerpt":{"rendered":"<h4><span style=\"color: #ff9900;\">Multi-Use Tester<\/span><\/h4>\n<p>Designed to reliably detect the presence of voltage both by contact and by approach in alternating current electrical installations with unshielded conductors. It is ideal for use in distribution lines, substations and cubicles.<\/p>\n","protected":false},"featured_media":60004,"template":"","meta":[],"product_brand":[],"product_cat":[1671],"product_tag":[1928,1929,1930],"class_list":{"0":"post-60943","1":"product","2":"type-product","3":"status-publish","4":"has-post-thumbnail","6":"product_cat-test-and-detection-instruments","7":"product_tag-dmu-15-en","8":"product_tag-dmu-25-en","9":"product_tag-dmu-36-sb-en","10":"description-off","12":"first","13":"instock","14":"virtual","15":"product-type-simple"},"yoast_head":"<!-- This site is optimized with the Yoast SEO plugin v27.1.1 - https:\/\/yoast.com\/product\/yoast-seo-wordpress\/ -->\n<title>Multi-Use Tester<\/title>\n<meta name=\"description\" content=\"Multi-Use Tester for safe voltage detection by contact or proximity in AC installations, ideal for distribution lines and substations.\" \/>\n<meta name=\"robots\" content=\"index, follow, max-snippet:-1, max-image-preview:large, max-video-preview:-1\" \/>\n<link rel=\"canonical\" href=\"https:\/\/www.ritzbrasil.com\/en\/produtos\/test-and-detection-instruments\/multi-use-tester\/\" \/>\n<meta property=\"og:locale\" content=\"en_US\" \/>\n<meta property=\"og:type\" content=\"article\" \/>\n<meta property=\"og:title\" content=\"Multi-Use Tester\" \/>\n<meta property=\"og:description\" content=\"Multi-Use Tester for safe voltage detection by contact or proximity in AC installations, ideal for distribution lines and substations.\" \/>\n<meta property=\"og:url\" content=\"https:\/\/www.ritzbrasil.com\/en\/produtos\/test-and-detection-instruments\/multi-use-tester\/\" \/>\n<meta property=\"og:site_name\" content=\"Equipamentos de Manuten\u00e7\u00e3o e Seguran\u00e7a para o Setor El\u00e9trico - Ritz Brasil\" \/>\n<meta property=\"article:modified_time\" content=\"2026-01-26T13:12:54+00:00\" \/>\n<meta property=\"og:image\" content=\"https:\/\/www.ritzbrasil.com\/wp-content\/uploads\/2024\/10\/dmu-15-multi-uso-tester.jpg\" \/>\n\t<meta property=\"og:image:width\" content=\"1200\" \/>\n\t<meta property=\"og:image:height\" content=\"1200\" \/>\n\t<meta property=\"og:image:type\" content=\"image\/jpeg\" \/>\n<meta name=\"twitter:card\" content=\"summary_large_image\" \/>\n<meta name=\"twitter:label1\" content=\"Est. reading time\" \/>\n\t<meta name=\"twitter:data1\" content=\"1 minute\" \/>\n<script type=\"application\/ld+json\" class=\"yoast-schema-graph\">{\"@context\":\"https:\/\/schema.org\",\"@graph\":[{\"@type\":\"WebPage\",\"@id\":\"https:\/\/www.ritzbrasil.com\/en\/produtos\/test-and-detection-instruments\/multi-use-tester\/\",\"url\":\"https:\/\/www.ritzbrasil.com\/en\/produtos\/test-and-detection-instruments\/multi-use-tester\/\",\"name\":\"Multi-Use Tester\",\"isPartOf\":{\"@id\":\"https:\/\/www.ritzbrasil.com\/en\/#website\"},\"primaryImageOfPage\":{\"@id\":\"https:\/\/www.ritzbrasil.com\/en\/produtos\/test-and-detection-instruments\/multi-use-tester\/#primaryimage\"},\"image\":{\"@id\":\"https:\/\/www.ritzbrasil.com\/en\/produtos\/test-and-detection-instruments\/multi-use-tester\/#primaryimage\"},\"thumbnailUrl\":\"https:\/\/www.ritzbrasil.com\/wp-content\/uploads\/2024\/10\/dmu-15-multi-uso-tester.jpg\",\"datePublished\":\"2024-10-30T12:54:41+00:00\",\"dateModified\":\"2026-01-26T13:12:54+00:00\",\"description\":\"Multi-Use Tester for safe voltage detection by contact or proximity in AC installations, ideal for distribution lines and substations.\",\"breadcrumb\":{\"@id\":\"https:\/\/www.ritzbrasil.com\/en\/produtos\/test-and-detection-instruments\/multi-use-tester\/#breadcrumb\"},\"inLanguage\":\"en-US\",\"potentialAction\":[{\"@type\":\"ReadAction\",\"target\":[\"https:\/\/www.ritzbrasil.com\/en\/produtos\/test-and-detection-instruments\/multi-use-tester\/\"]}]},{\"@type\":\"ImageObject\",\"inLanguage\":\"en-US\",\"@id\":\"https:\/\/www.ritzbrasil.com\/en\/produtos\/test-and-detection-instruments\/multi-use-tester\/#primaryimage\",\"url\":\"https:\/\/www.ritzbrasil.com\/wp-content\/uploads\/2024\/10\/dmu-15-multi-uso-tester.jpg\",\"contentUrl\":\"https:\/\/www.ritzbrasil.com\/wp-content\/uploads\/2024\/10\/dmu-15-multi-uso-tester.jpg\",\"width\":1200,\"height\":1200,\"caption\":\"DMU-15 Multi-Use Tester\"},{\"@type\":\"BreadcrumbList\",\"@id\":\"https:\/\/www.ritzbrasil.com\/en\/produtos\/test-and-detection-instruments\/multi-use-tester\/#breadcrumb\",\"itemListElement\":[{\"@type\":\"ListItem\",\"position\":1,\"name\":\"In\u00edcio\",\"item\":\"https:\/\/www.ritzbrasil.com\/en\/\"},{\"@type\":\"ListItem\",\"position\":2,\"name\":\"Shop\",\"item\":\"https:\/\/www.ritzbrasil.com\/en\/shop\/\"},{\"@type\":\"ListItem\",\"position\":3,\"name\":\"Multi-Use Tester\"}]},{\"@type\":\"WebSite\",\"@id\":\"https:\/\/www.ritzbrasil.com\/en\/#website\",\"url\":\"https:\/\/www.ritzbrasil.com\/en\/\",\"name\":\"Equipamentos de Manuten\u00e7\u00e3o e Seguran\u00e7a para o Setor El\u00e9trico - Ritz Brasil\",\"description\":\"\",\"potentialAction\":[{\"@type\":\"SearchAction\",\"target\":{\"@type\":\"EntryPoint\",\"urlTemplate\":\"https:\/\/www.ritzbrasil.com\/en\/?s={search_term_string}\"},\"query-input\":{\"@type\":\"PropertyValueSpecification\",\"valueRequired\":true,\"valueName\":\"search_term_string\"}}],\"inLanguage\":\"en-US\"}]}<\/script>\n<!-- \/ Yoast SEO plugin. -->","yoast_head_json":{"title":"Multi-Use Tester","description":"Multi-Use Tester for safe voltage detection by contact or proximity in AC installations, ideal for distribution lines and substations.","robots":{"index":"index","follow":"follow","max-snippet":"max-snippet:-1","max-image-preview":"max-image-preview:large","max-video-preview":"max-video-preview:-1"},"canonical":"https:\/\/www.ritzbrasil.com\/en\/produtos\/test-and-detection-instruments\/multi-use-tester\/","og_locale":"en_US","og_type":"article","og_title":"Multi-Use Tester","og_description":"Multi-Use Tester for safe voltage detection by contact or proximity in AC installations, ideal for distribution lines and substations.","og_url":"https:\/\/www.ritzbrasil.com\/en\/produtos\/test-and-detection-instruments\/multi-use-tester\/","og_site_name":"Equipamentos de Manuten\u00e7\u00e3o e Seguran\u00e7a para o Setor El\u00e9trico - Ritz Brasil","article_modified_time":"2026-01-26T13:12:54+00:00","og_image":[{"width":1200,"height":1200,"url":"https:\/\/www.ritzbrasil.com\/wp-content\/uploads\/2024\/10\/dmu-15-multi-uso-tester.jpg","type":"image\/jpeg"}],"twitter_card":"summary_large_image","twitter_misc":{"Est. reading time":"1 minute"},"schema":{"@context":"https:\/\/schema.org","@graph":[{"@type":"WebPage","@id":"https:\/\/www.ritzbrasil.com\/en\/produtos\/test-and-detection-instruments\/multi-use-tester\/","url":"https:\/\/www.ritzbrasil.com\/en\/produtos\/test-and-detection-instruments\/multi-use-tester\/","name":"Multi-Use Tester","isPartOf":{"@id":"https:\/\/www.ritzbrasil.com\/en\/#website"},"primaryImageOfPage":{"@id":"https:\/\/www.ritzbrasil.com\/en\/produtos\/test-and-detection-instruments\/multi-use-tester\/#primaryimage"},"image":{"@id":"https:\/\/www.ritzbrasil.com\/en\/produtos\/test-and-detection-instruments\/multi-use-tester\/#primaryimage"},"thumbnailUrl":"https:\/\/www.ritzbrasil.com\/wp-content\/uploads\/2024\/10\/dmu-15-multi-uso-tester.jpg","datePublished":"2024-10-30T12:54:41+00:00","dateModified":"2026-01-26T13:12:54+00:00","description":"Multi-Use Tester for safe voltage detection by contact or proximity in AC installations, ideal for distribution lines and substations.","breadcrumb":{"@id":"https:\/\/www.ritzbrasil.com\/en\/produtos\/test-and-detection-instruments\/multi-use-tester\/#breadcrumb"},"inLanguage":"en-US","potentialAction":[{"@type":"ReadAction","target":["https:\/\/www.ritzbrasil.com\/en\/produtos\/test-and-detection-instruments\/multi-use-tester\/"]}]},{"@type":"ImageObject","inLanguage":"en-US","@id":"https:\/\/www.ritzbrasil.com\/en\/produtos\/test-and-detection-instruments\/multi-use-tester\/#primaryimage","url":"https:\/\/www.ritzbrasil.com\/wp-content\/uploads\/2024\/10\/dmu-15-multi-uso-tester.jpg","contentUrl":"https:\/\/www.ritzbrasil.com\/wp-content\/uploads\/2024\/10\/dmu-15-multi-uso-tester.jpg","width":1200,"height":1200,"caption":"DMU-15 Multi-Use Tester"},{"@type":"BreadcrumbList","@id":"https:\/\/www.ritzbrasil.com\/en\/produtos\/test-and-detection-instruments\/multi-use-tester\/#breadcrumb","itemListElement":[{"@type":"ListItem","position":1,"name":"In\u00edcio","item":"https:\/\/www.ritzbrasil.com\/en\/"},{"@type":"ListItem","position":2,"name":"Shop","item":"https:\/\/www.ritzbrasil.com\/en\/shop\/"},{"@type":"ListItem","position":3,"name":"Multi-Use Tester"}]},{"@type":"WebSite","@id":"https:\/\/www.ritzbrasil.com\/en\/#website","url":"https:\/\/www.ritzbrasil.com\/en\/","name":"Equipamentos de Manuten\u00e7\u00e3o e Seguran\u00e7a para o Setor El\u00e9trico - Ritz Brasil","description":"","potentialAction":[{"@type":"SearchAction","target":{"@type":"EntryPoint","urlTemplate":"https:\/\/www.ritzbrasil.com\/en\/?s={search_term_string}"},"query-input":{"@type":"PropertyValueSpecification","valueRequired":true,"valueName":"search_term_string"}}],"inLanguage":"en-US"}]}},"_links":{"self":[{"href":"https:\/\/www.ritzbrasil.com\/en\/wp-json\/wp\/v2\/product\/60943","targetHints":{"allow":["GET"]}}],"collection":[{"href":"https:\/\/www.ritzbrasil.com\/en\/wp-json\/wp\/v2\/product"}],"about":[{"href":"https:\/\/www.ritzbrasil.com\/en\/wp-json\/wp\/v2\/types\/product"}],"wp:featuredmedia":[{"embeddable":true,"href":"https:\/\/www.ritzbrasil.com\/en\/wp-json\/wp\/v2\/media\/60004"}],"wp:attachment":[{"href":"https:\/\/www.ritzbrasil.com\/en\/wp-json\/wp\/v2\/media?parent=60943"}],"wp:term":[{"taxonomy":"product_brand","embeddable":true,"href":"https:\/\/www.ritzbrasil.com\/en\/wp-json\/wp\/v2\/product_brand?post=60943"},{"taxonomy":"product_cat","embeddable":true,"href":"https:\/\/www.ritzbrasil.com\/en\/wp-json\/wp\/v2\/product_cat?post=60943"},{"taxonomy":"product_tag","embeddable":true,"href":"https:\/\/www.ritzbrasil.com\/en\/wp-json\/wp\/v2\/product_tag?post=60943"}],"curies":[{"name":"wp","href":"https:\/\/api.w.org\/{rel}","templated":true}]}}