{"id":60908,"date":"2024-10-31T08:14:32","date_gmt":"2024-10-31T11:14:32","guid":{"rendered":"https:\/\/bisque-bison-688002.hostingersite.com\/produtos\/uncategorized\/twist-clamp-for-by-pass\/"},"modified":"2025-12-09T09:29:11","modified_gmt":"2025-12-09T12:29:11","slug":"twist-clamp-for-by-pass","status":"publish","type":"product","link":"https:\/\/www.ritzbrasil.com\/en\/produtos\/temporary-jumpers\/twist-clamp-for-by-pass\/","title":{"rendered":"Twist clamp for By-Pass"},"content":{"rendered":"<div class=\"wpb-content-wrapper\"><p>[vc_row][vc_column][vc_column_text css=&#8221;.vc_custom_1730373162366{margin-top: 20px !important;}&#8221;]<\/p>\n<h4><span style=\"color: #ff9900;\"><strong>Twist clamp for By-Pass<\/strong><\/span><\/h4>\n<p>[\/vc_column_text][vc_column_text css=&#8221;.vc_custom_1765283348063{margin-top: -20px !important;}&#8221;]\n<div id=\"tablepress-Grampo-Torcao-By-Pass-EN-scroll-wrapper\" class=\"tablepress-scroll-wrapper\">\n<table id=\"tablepress-Grampo-Torcao-By-Pass-EN\" class=\"tablepress tablepress-id-Grampo-Torcao-By-Pass-EN tablepress-responsive\">\n<thead>\n<tr class=\"row-1\">\n\t<td class=\"column-1\"><\/td><th class=\"column-2\">References<\/th><th class=\"column-3\">Feature<\/th><td class=\"column-4\"><\/td>\n<\/tr>\n<\/thead>\n<tbody class=\"row-striping row-hover\">\n<tr class=\"row-2\">\n\t<td class=\"column-1\"><img decoding=\"async\" src=\"https:\/\/www.ritzbrasil.com\/wp-content\/uploads\/2024\/07\/RC600-1743-grampo-olhal-150x150-1.jpg\" \/><\/td><td class=\"column-2\">RC600-1743<\/td><td class=\"column-3\">Aluminum body; Smooth biting surface; Eyelet-type tightening screw; Cable connection through threaded terminal without flange<\/td><td class=\"column-4\">    <button class=\"add-to-budget\" data-table-id=\"Grampo-Torcao-By-Pass\" data-reference=\"RC600-1743\" data-description=\"Twist clamp for By-Pass\" style=\"color:#ff4d00;\">\n        <img decoding=\"async\" src=\"https:\/\/www.ritzbrasil.com\/\/wp-content\/uploads\/2024\/07\/orcar-compras-tabela-new-1.png\" alt=\"Request quote\" title=\"Request quote\" \/>\n    <\/button>\n    <\/td>\n<\/tr>\n<tr class=\"row-3\">\n\t<td class=\"column-1\"><img decoding=\"async\" src=\"https:\/\/www.ritzbrasil.com\/wp-content\/uploads\/2024\/07\/RG3622-1-grampo-olhal-150x150-1.jpg\" \/><\/td><td class=\"column-2\">RG3622-1<\/td><td class=\"column-3\">Aluminum body; Smooth jaw; Eyelet-type tightening screw; Cable connection through a smooth terminal<\/td><td class=\"column-4\">    <button class=\"add-to-budget\" data-table-id=\"Grampo-Torcao-By-Pass\" data-reference=\"RG3622-1\" data-description=\"Twist clamp for By-Pass\" style=\"color:#ff4d00;\">\n        <img decoding=\"async\" src=\"https:\/\/www.ritzbrasil.com\/\/wp-content\/uploads\/2024\/07\/orcar-compras-tabela-new-1.png\" alt=\"Request quote\" title=\"Request quote\" \/>\n    <\/button>\n    <\/td>\n<\/tr>\n<tr class=\"row-4\">\n\t<td class=\"column-1\"><img decoding=\"async\" src=\"https:\/\/www.ritzbrasil.com\/wp-content\/uploads\/2024\/10\/rg3622-2-grampo-torcao-by-pass-150x150-1.jpg\" \/><\/td><td class=\"column-2\">RG3622-2<\/td><td class=\"column-3\">Aluminum body; Smooth jaws; Steel clamp for securing the cable, protected with a perimeter of 51 to 70 mm; Eyebolt-type tightening screw; Cable connection through a threaded terminal For protected cables of 25 kV and 35 kV<\/td><td class=\"column-4\">    <button class=\"add-to-budget\" data-table-id=\"Grampo-Torcao-By-Pass\" data-reference=\"RG3622-2\" data-description=\"Twist clamp for By-Pass\" style=\"color:#ff4d00;\">\n        <img decoding=\"async\" src=\"https:\/\/www.ritzbrasil.com\/\/wp-content\/uploads\/2024\/07\/orcar-compras-tabela-new-1.png\" alt=\"Request quote\" title=\"Request quote\" \/>\n    <\/button>\n    <\/td>\n<\/tr>\n<\/tbody>\n<\/table>\n<\/div>\n[\/vc_column_text][vc_separator border_width=&#8221;2&#8243; css=&#8221;&#8221;][\/vc_column][\/vc_row]<\/p>\n<\/div>","protected":false},"excerpt":{"rendered":"<h4><span style=\"color: #ff9900;\">Twist clamp for By-Pass<\/span><\/h4>\n<p>Made of aluminum alloy and bronze alloy eye bolts, suitable for remote working using the RITZGLAS\u00ae maneuvering stick.<\/p>\n","protected":false},"featured_media":60084,"template":"","meta":[],"product_brand":[],"product_cat":[1680],"product_tag":[1839,1812,1840],"class_list":{"0":"post-60908","1":"product","2":"type-product","3":"status-publish","4":"has-post-thumbnail","6":"product_cat-temporary-jumpers","7":"product_tag-rc600-1743-en","8":"product_tag-rg3622-1-en","9":"product_tag-rg3622-2-en","10":"description-off","12":"first","13":"instock","14":"virtual","15":"product-type-simple"},"yoast_head":"<!-- This site is optimized with the Yoast SEO plugin v27.1.1 - https:\/\/yoast.com\/product\/yoast-seo-wordpress\/ -->\n<title>Twist clamp for By-Pass<\/title>\n<meta name=\"description\" content=\"Torsion clamp for aluminum by-pass, with bronze eye bolts, ideal for use with RITZGLAS\u00ae maneuvering sticks in the distance method.\" \/>\n<meta name=\"robots\" content=\"index, follow, max-snippet:-1, max-image-preview:large, max-video-preview:-1\" \/>\n<link rel=\"canonical\" href=\"https:\/\/www.ritzbrasil.com\/en\/produtos\/temporary-jumpers\/twist-clamp-for-by-pass\/\" \/>\n<meta property=\"og:locale\" content=\"en_US\" \/>\n<meta property=\"og:type\" content=\"article\" \/>\n<meta property=\"og:title\" content=\"Twist clamp for By-Pass\" \/>\n<meta property=\"og:description\" content=\"Torsion clamp for aluminum by-pass, with bronze eye bolts, ideal for use with RITZGLAS\u00ae maneuvering sticks in the distance method.\" \/>\n<meta property=\"og:url\" content=\"https:\/\/www.ritzbrasil.com\/en\/produtos\/temporary-jumpers\/twist-clamp-for-by-pass\/\" \/>\n<meta property=\"og:site_name\" content=\"Equipamentos de Manuten\u00e7\u00e3o e Seguran\u00e7a para o Setor El\u00e9trico - Ritz Brasil\" \/>\n<meta property=\"article:modified_time\" content=\"2025-12-09T12:29:11+00:00\" \/>\n<meta property=\"og:image\" content=\"https:\/\/www.ritzbrasil.com\/wp-content\/uploads\/2024\/10\/rc600-1743-grampo-torcao-by-pass.jpg\" \/>\n\t<meta property=\"og:image:width\" content=\"1200\" \/>\n\t<meta property=\"og:image:height\" content=\"1200\" \/>\n\t<meta property=\"og:image:type\" content=\"image\/jpeg\" \/>\n<meta name=\"twitter:card\" content=\"summary_large_image\" \/>\n<meta name=\"twitter:label1\" content=\"Est. reading time\" \/>\n\t<meta name=\"twitter:data1\" content=\"1 minute\" \/>\n<script type=\"application\/ld+json\" class=\"yoast-schema-graph\">{\"@context\":\"https:\/\/schema.org\",\"@graph\":[{\"@type\":\"WebPage\",\"@id\":\"https:\/\/www.ritzbrasil.com\/en\/produtos\/temporary-jumpers\/twist-clamp-for-by-pass\/\",\"url\":\"https:\/\/www.ritzbrasil.com\/en\/produtos\/temporary-jumpers\/twist-clamp-for-by-pass\/\",\"name\":\"Twist clamp for By-Pass\",\"isPartOf\":{\"@id\":\"https:\/\/www.ritzbrasil.com\/en\/#website\"},\"primaryImageOfPage\":{\"@id\":\"https:\/\/www.ritzbrasil.com\/en\/produtos\/temporary-jumpers\/twist-clamp-for-by-pass\/#primaryimage\"},\"image\":{\"@id\":\"https:\/\/www.ritzbrasil.com\/en\/produtos\/temporary-jumpers\/twist-clamp-for-by-pass\/#primaryimage\"},\"thumbnailUrl\":\"https:\/\/www.ritzbrasil.com\/wp-content\/uploads\/2024\/10\/rc600-1743-grampo-torcao-by-pass.jpg\",\"datePublished\":\"2024-10-31T11:14:32+00:00\",\"dateModified\":\"2025-12-09T12:29:11+00:00\",\"description\":\"Torsion clamp for aluminum by-pass, with bronze eye bolts, ideal for use with RITZGLAS\u00ae maneuvering sticks in the distance method.\",\"breadcrumb\":{\"@id\":\"https:\/\/www.ritzbrasil.com\/en\/produtos\/temporary-jumpers\/twist-clamp-for-by-pass\/#breadcrumb\"},\"inLanguage\":\"en-US\",\"potentialAction\":[{\"@type\":\"ReadAction\",\"target\":[\"https:\/\/www.ritzbrasil.com\/en\/produtos\/temporary-jumpers\/twist-clamp-for-by-pass\/\"]}]},{\"@type\":\"ImageObject\",\"inLanguage\":\"en-US\",\"@id\":\"https:\/\/www.ritzbrasil.com\/en\/produtos\/temporary-jumpers\/twist-clamp-for-by-pass\/#primaryimage\",\"url\":\"https:\/\/www.ritzbrasil.com\/wp-content\/uploads\/2024\/10\/rc600-1743-grampo-torcao-by-pass.jpg\",\"contentUrl\":\"https:\/\/www.ritzbrasil.com\/wp-content\/uploads\/2024\/10\/rc600-1743-grampo-torcao-by-pass.jpg\",\"width\":1200,\"height\":1200,\"caption\":\"RC600-1743 Twist clamp for By-Pass\"},{\"@type\":\"BreadcrumbList\",\"@id\":\"https:\/\/www.ritzbrasil.com\/en\/produtos\/temporary-jumpers\/twist-clamp-for-by-pass\/#breadcrumb\",\"itemListElement\":[{\"@type\":\"ListItem\",\"position\":1,\"name\":\"In\u00edcio\",\"item\":\"https:\/\/www.ritzbrasil.com\/en\/\"},{\"@type\":\"ListItem\",\"position\":2,\"name\":\"Shop\",\"item\":\"https:\/\/www.ritzbrasil.com\/en\/shop\/\"},{\"@type\":\"ListItem\",\"position\":3,\"name\":\"Twist clamp for By-Pass\"}]},{\"@type\":\"WebSite\",\"@id\":\"https:\/\/www.ritzbrasil.com\/en\/#website\",\"url\":\"https:\/\/www.ritzbrasil.com\/en\/\",\"name\":\"Equipamentos de Manuten\u00e7\u00e3o e Seguran\u00e7a para o Setor El\u00e9trico - Ritz Brasil\",\"description\":\"\",\"potentialAction\":[{\"@type\":\"SearchAction\",\"target\":{\"@type\":\"EntryPoint\",\"urlTemplate\":\"https:\/\/www.ritzbrasil.com\/en\/?s={search_term_string}\"},\"query-input\":{\"@type\":\"PropertyValueSpecification\",\"valueRequired\":true,\"valueName\":\"search_term_string\"}}],\"inLanguage\":\"en-US\"}]}<\/script>\n<!-- \/ Yoast SEO plugin. -->","yoast_head_json":{"title":"Twist clamp for By-Pass","description":"Torsion clamp for aluminum by-pass, with bronze eye bolts, ideal for use with RITZGLAS\u00ae maneuvering sticks in the distance method.","robots":{"index":"index","follow":"follow","max-snippet":"max-snippet:-1","max-image-preview":"max-image-preview:large","max-video-preview":"max-video-preview:-1"},"canonical":"https:\/\/www.ritzbrasil.com\/en\/produtos\/temporary-jumpers\/twist-clamp-for-by-pass\/","og_locale":"en_US","og_type":"article","og_title":"Twist clamp for By-Pass","og_description":"Torsion clamp for aluminum by-pass, with bronze eye bolts, ideal for use with RITZGLAS\u00ae maneuvering sticks in the distance method.","og_url":"https:\/\/www.ritzbrasil.com\/en\/produtos\/temporary-jumpers\/twist-clamp-for-by-pass\/","og_site_name":"Equipamentos de Manuten\u00e7\u00e3o e Seguran\u00e7a para o Setor El\u00e9trico - Ritz Brasil","article_modified_time":"2025-12-09T12:29:11+00:00","og_image":[{"width":1200,"height":1200,"url":"https:\/\/www.ritzbrasil.com\/wp-content\/uploads\/2024\/10\/rc600-1743-grampo-torcao-by-pass.jpg","type":"image\/jpeg"}],"twitter_card":"summary_large_image","twitter_misc":{"Est. reading time":"1 minute"},"schema":{"@context":"https:\/\/schema.org","@graph":[{"@type":"WebPage","@id":"https:\/\/www.ritzbrasil.com\/en\/produtos\/temporary-jumpers\/twist-clamp-for-by-pass\/","url":"https:\/\/www.ritzbrasil.com\/en\/produtos\/temporary-jumpers\/twist-clamp-for-by-pass\/","name":"Twist clamp for By-Pass","isPartOf":{"@id":"https:\/\/www.ritzbrasil.com\/en\/#website"},"primaryImageOfPage":{"@id":"https:\/\/www.ritzbrasil.com\/en\/produtos\/temporary-jumpers\/twist-clamp-for-by-pass\/#primaryimage"},"image":{"@id":"https:\/\/www.ritzbrasil.com\/en\/produtos\/temporary-jumpers\/twist-clamp-for-by-pass\/#primaryimage"},"thumbnailUrl":"https:\/\/www.ritzbrasil.com\/wp-content\/uploads\/2024\/10\/rc600-1743-grampo-torcao-by-pass.jpg","datePublished":"2024-10-31T11:14:32+00:00","dateModified":"2025-12-09T12:29:11+00:00","description":"Torsion clamp for aluminum by-pass, with bronze eye bolts, ideal for use with RITZGLAS\u00ae maneuvering sticks in the distance method.","breadcrumb":{"@id":"https:\/\/www.ritzbrasil.com\/en\/produtos\/temporary-jumpers\/twist-clamp-for-by-pass\/#breadcrumb"},"inLanguage":"en-US","potentialAction":[{"@type":"ReadAction","target":["https:\/\/www.ritzbrasil.com\/en\/produtos\/temporary-jumpers\/twist-clamp-for-by-pass\/"]}]},{"@type":"ImageObject","inLanguage":"en-US","@id":"https:\/\/www.ritzbrasil.com\/en\/produtos\/temporary-jumpers\/twist-clamp-for-by-pass\/#primaryimage","url":"https:\/\/www.ritzbrasil.com\/wp-content\/uploads\/2024\/10\/rc600-1743-grampo-torcao-by-pass.jpg","contentUrl":"https:\/\/www.ritzbrasil.com\/wp-content\/uploads\/2024\/10\/rc600-1743-grampo-torcao-by-pass.jpg","width":1200,"height":1200,"caption":"RC600-1743 Twist clamp for By-Pass"},{"@type":"BreadcrumbList","@id":"https:\/\/www.ritzbrasil.com\/en\/produtos\/temporary-jumpers\/twist-clamp-for-by-pass\/#breadcrumb","itemListElement":[{"@type":"ListItem","position":1,"name":"In\u00edcio","item":"https:\/\/www.ritzbrasil.com\/en\/"},{"@type":"ListItem","position":2,"name":"Shop","item":"https:\/\/www.ritzbrasil.com\/en\/shop\/"},{"@type":"ListItem","position":3,"name":"Twist clamp for By-Pass"}]},{"@type":"WebSite","@id":"https:\/\/www.ritzbrasil.com\/en\/#website","url":"https:\/\/www.ritzbrasil.com\/en\/","name":"Equipamentos de Manuten\u00e7\u00e3o e Seguran\u00e7a para o Setor El\u00e9trico - Ritz Brasil","description":"","potentialAction":[{"@type":"SearchAction","target":{"@type":"EntryPoint","urlTemplate":"https:\/\/www.ritzbrasil.com\/en\/?s={search_term_string}"},"query-input":{"@type":"PropertyValueSpecification","valueRequired":true,"valueName":"search_term_string"}}],"inLanguage":"en-US"}]}},"_links":{"self":[{"href":"https:\/\/www.ritzbrasil.com\/en\/wp-json\/wp\/v2\/product\/60908","targetHints":{"allow":["GET"]}}],"collection":[{"href":"https:\/\/www.ritzbrasil.com\/en\/wp-json\/wp\/v2\/product"}],"about":[{"href":"https:\/\/www.ritzbrasil.com\/en\/wp-json\/wp\/v2\/types\/product"}],"wp:featuredmedia":[{"embeddable":true,"href":"https:\/\/www.ritzbrasil.com\/en\/wp-json\/wp\/v2\/media\/60084"}],"wp:attachment":[{"href":"https:\/\/www.ritzbrasil.com\/en\/wp-json\/wp\/v2\/media?parent=60908"}],"wp:term":[{"taxonomy":"product_brand","embeddable":true,"href":"https:\/\/www.ritzbrasil.com\/en\/wp-json\/wp\/v2\/product_brand?post=60908"},{"taxonomy":"product_cat","embeddable":true,"href":"https:\/\/www.ritzbrasil.com\/en\/wp-json\/wp\/v2\/product_cat?post=60908"},{"taxonomy":"product_tag","embeddable":true,"href":"https:\/\/www.ritzbrasil.com\/en\/wp-json\/wp\/v2\/product_tag?post=60908"}],"curies":[{"name":"wp","href":"https:\/\/api.w.org\/{rel}","templated":true}]}}