{"id":60900,"date":"2024-11-04T14:31:06","date_gmt":"2024-11-04T17:31:06","guid":{"rendered":"https:\/\/bisque-bison-688002.hostingersite.com\/produtos\/uncategorized\/transformer-bushing-clamp\/"},"modified":"2025-10-10T09:49:43","modified_gmt":"2025-10-10T12:49:43","slug":"transformer-bushing-clamp","status":"publish","type":"product","link":"https:\/\/www.ritzbrasil.com\/en\/produtos\/featured-products\/transformer-bushing-clamp\/","title":{"rendered":"Transformer bushing clamp"},"content":{"rendered":"<div class=\"wpb-content-wrapper\"><p>[vc_row][vc_column][vc_column_text css=&#8221;.vc_custom_1730740920137{margin-top: 20px !important;}&#8221;]<\/p>\n<h4><span style=\"color: #ff9900;\"><strong>Transformer bushing clamp<\/strong><\/span><\/h4>\n<p>[\/vc_column_text][vc_column_text css=&#8221;.vc_custom_1760099621128{margin-top: -20px !important;}&#8221;]\n<div id=\"tablepress-Grampo-Bucha-Transformador-EN-scroll-wrapper\" class=\"tablepress-scroll-wrapper\">\n<table id=\"tablepress-Grampo-Bucha-Transformador-EN\" class=\"tablepress tablepress-id-Grampo-Bucha-Transformador-EN tablepress-responsive\">\n<thead>\n<tr class=\"row-1\">\n\t<td class=\"column-1\"><\/td><th class=\"column-2\">References<\/th><th class=\"column-3\">Feature<\/th><td class=\"column-4\"><\/td>\n<\/tr>\n<\/thead>\n<tbody class=\"row-striping row-hover\">\n<tr class=\"row-2\">\n\t<td class=\"column-1\"><img decoding=\"async\" src=\"https:\/\/www.ritzbrasil.com\/wp-content\/uploads\/2024\/11\/flv11179-1-grampo-bucha-transformador-150x150-1.jpg\" \/><\/td><td class=\"column-2\">FLV11179-1<\/td><td class=\"column-3\">It has an eyebolt and the clamp is tightened remotely using the maneuvering stick.<br \/>\nApprox. weight: 0.80 kg (1.76 lb)<\/td><td class=\"column-4\">    <button class=\"add-to-budget\" data-table-id=\"Grampo-Bucha-Transformador\" data-reference=\"FLV11179-1\" data-description=\"Transformer Bushing Clamp\" style=\"color:#ff4d00;\">\n        <img decoding=\"async\" src=\"https:\/\/www.ritzbrasil.com\/\/wp-content\/uploads\/2024\/07\/orcar-compras-tabela-new-1.png\" alt=\"Request quote\" title=\"Request quote\" \/>\n    <\/button>\n    <\/td>\n<\/tr>\n<tr class=\"row-3\">\n\t<td class=\"column-1\"><img decoding=\"async\" src=\"https:\/\/www.ritzbrasil.com\/wp-content\/uploads\/2024\/11\/flv11179-3-grampo-bucha-transformador-150x150-1.jpg\" \/><\/td><td class=\"column-2\">FLV11179-3<\/td><td class=\"column-3\">The jaws are actuated by a \"T\" screw using the contact method.<br \/>\nApprox. weight: 0.80 kg (1.76 lb)<\/td><td class=\"column-4\">    <button class=\"add-to-budget\" data-table-id=\"Grampo-Bucha-Transformador\" data-reference=\"FLV11179-3\" data-description=\"Transformer Bushing Clamp\" style=\"color:#ff4d00;\">\n        <img decoding=\"async\" src=\"https:\/\/www.ritzbrasil.com\/\/wp-content\/uploads\/2024\/07\/orcar-compras-tabela-new-1.png\" alt=\"Request quote\" title=\"Request quote\" \/>\n    <\/button>\n    <\/td>\n<\/tr>\n<tr class=\"row-4\">\n\t<td class=\"column-1\"><img decoding=\"async\" src=\"https:\/\/www.ritzbrasil.com\/wp-content\/uploads\/2024\/11\/flv30130-1-grampo-bucha-transformador-150x150-1.jpg\" \/><\/td><td class=\"column-2\">FLV30130-1<\/td><td class=\"column-3\">The jaws are actuated by a \"T\" screw using the contact method.<br \/>\nThe clamp has two \u00d83\/8\" copper rods in an \"L\" shape with a<br \/>\ngroove at one end.<br \/>\nOne rod is attached to the clamp, while<br \/>\nthe other is separate for attachment to the bypass protection device.<br \/>\nApprox. Weight: 0.95 kg (2.09 lb)<\/td><td class=\"column-4\">    <button class=\"add-to-budget\" data-table-id=\"Grampo-Bucha-Transformador\" data-reference=\"FLV30130-1\" data-description=\"Transformer Bushing Clamp\" style=\"color:#ff4d00;\">\n        <img decoding=\"async\" src=\"https:\/\/www.ritzbrasil.com\/\/wp-content\/uploads\/2024\/07\/orcar-compras-tabela-new-1.png\" alt=\"Request quote\" title=\"Request quote\" \/>\n    <\/button>\n    <\/td>\n<\/tr>\n<tr class=\"row-5\">\n\t<td class=\"column-1\"><img decoding=\"async\" src=\"https:\/\/www.ritzbrasil.com\/wp-content\/uploads\/2024\/11\/flv11179-2-grampo-bucha-transformador-150x150-1.jpg\" \/><\/td><td class=\"column-2\">FLV11179-2<\/td><td class=\"column-3\">It features a \u00d8 25 x 210 mm RITZGLASS\u00ae insulating handle with a rubber drip tray. Installation is done by the contact method. Approximate weight: 0.80 kg (1.76 lb)<\/td><td class=\"column-4\">    <button class=\"add-to-budget\" data-table-id=\"Grampo-Bucha-Transformador\" data-reference=\"FLV11179-2\" data-description=\"Transformer Bushing Clamp\" style=\"color:#ff4d00;\">\n        <img decoding=\"async\" src=\"https:\/\/www.ritzbrasil.com\/\/wp-content\/uploads\/2024\/07\/orcar-compras-tabela-new-1.png\" alt=\"Request quote\" title=\"Request quote\" \/>\n    <\/button>\n    <\/td>\n<\/tr>\n<\/tbody>\n<\/table>\n<\/div>\n[\/vc_column_text][vc_separator border_width=&#8221;2&#8243; css=&#8221;&#8221;][\/vc_column][\/vc_row]<\/p>\n<\/div>","protected":false},"excerpt":{"rendered":"<h4><span style=\"color: #ff9900;\">Transformer bushing clamp<\/span><\/h4>\n<p>Designed to be installed directly on the transformer bushing in energized installations, to replace and\/or repair components installed between the transformer bushings and the network.<\/p>\n","protected":false},"featured_media":60252,"template":"","meta":[],"product_brand":[],"product_cat":[1674,1680],"product_tag":[1827,1815,1828,1829],"class_list":{"0":"post-60900","1":"product","2":"type-product","3":"status-publish","4":"has-post-thumbnail","6":"product_cat-featured-products","7":"product_cat-temporary-jumpers","8":"product_tag-flv11179-1-en","9":"product_tag-flv11179-2-en","10":"product_tag-flv11179-3-en","11":"product_tag-flv30130-1-en","12":"description-off","14":"first","15":"instock","16":"virtual","17":"product-type-simple"},"yoast_head":"<!-- This site is optimized with the Yoast SEO plugin v27.1.1 - https:\/\/yoast.com\/product\/yoast-seo-wordpress\/ -->\n<title>Transformer bushing clamp<\/title>\n<meta name=\"description\" content=\"Clamp for direct installation on the transformer bushing in energized interventions, ideal for replacing or repairing components between bushings and the network.\" \/>\n<meta name=\"robots\" content=\"index, follow, max-snippet:-1, max-image-preview:large, max-video-preview:-1\" \/>\n<link rel=\"canonical\" href=\"https:\/\/www.ritzbrasil.com\/en\/produtos\/featured-products\/transformer-bushing-clamp\/\" \/>\n<meta property=\"og:locale\" content=\"en_US\" \/>\n<meta property=\"og:type\" content=\"article\" \/>\n<meta property=\"og:title\" content=\"Transformer bushing clamp\" \/>\n<meta property=\"og:description\" content=\"Clamp for direct installation on the transformer bushing in energized interventions, ideal for replacing or repairing components between bushings and the network.\" \/>\n<meta property=\"og:url\" content=\"https:\/\/www.ritzbrasil.com\/en\/produtos\/featured-products\/transformer-bushing-clamp\/\" \/>\n<meta property=\"og:site_name\" content=\"Equipamentos de Manuten\u00e7\u00e3o e Seguran\u00e7a para o Setor El\u00e9trico - Ritz Brasil\" \/>\n<meta property=\"article:modified_time\" content=\"2025-10-10T12:49:43+00:00\" \/>\n<meta property=\"og:image\" content=\"https:\/\/www.ritzbrasil.com\/wp-content\/uploads\/2024\/11\/flv11179-1-grampo-bucha-transformador.jpg\" \/>\n\t<meta property=\"og:image:width\" content=\"1200\" \/>\n\t<meta property=\"og:image:height\" content=\"1200\" \/>\n\t<meta property=\"og:image:type\" content=\"image\/jpeg\" \/>\n<meta name=\"twitter:card\" content=\"summary_large_image\" \/>\n<meta name=\"twitter:label1\" content=\"Est. reading time\" \/>\n\t<meta name=\"twitter:data1\" content=\"1 minute\" \/>\n<script type=\"application\/ld+json\" class=\"yoast-schema-graph\">{\"@context\":\"https:\/\/schema.org\",\"@graph\":[{\"@type\":\"WebPage\",\"@id\":\"https:\/\/www.ritzbrasil.com\/en\/produtos\/featured-products\/transformer-bushing-clamp\/\",\"url\":\"https:\/\/www.ritzbrasil.com\/en\/produtos\/featured-products\/transformer-bushing-clamp\/\",\"name\":\"Transformer bushing clamp\",\"isPartOf\":{\"@id\":\"https:\/\/www.ritzbrasil.com\/en\/#website\"},\"primaryImageOfPage\":{\"@id\":\"https:\/\/www.ritzbrasil.com\/en\/produtos\/featured-products\/transformer-bushing-clamp\/#primaryimage\"},\"image\":{\"@id\":\"https:\/\/www.ritzbrasil.com\/en\/produtos\/featured-products\/transformer-bushing-clamp\/#primaryimage\"},\"thumbnailUrl\":\"https:\/\/www.ritzbrasil.com\/wp-content\/uploads\/2024\/11\/flv11179-1-grampo-bucha-transformador.jpg\",\"datePublished\":\"2024-11-04T17:31:06+00:00\",\"dateModified\":\"2025-10-10T12:49:43+00:00\",\"description\":\"Clamp for direct installation on the transformer bushing in energized interventions, ideal for replacing or repairing components between bushings and the network.\",\"breadcrumb\":{\"@id\":\"https:\/\/www.ritzbrasil.com\/en\/produtos\/featured-products\/transformer-bushing-clamp\/#breadcrumb\"},\"inLanguage\":\"en-US\",\"potentialAction\":[{\"@type\":\"ReadAction\",\"target\":[\"https:\/\/www.ritzbrasil.com\/en\/produtos\/featured-products\/transformer-bushing-clamp\/\"]}]},{\"@type\":\"ImageObject\",\"inLanguage\":\"en-US\",\"@id\":\"https:\/\/www.ritzbrasil.com\/en\/produtos\/featured-products\/transformer-bushing-clamp\/#primaryimage\",\"url\":\"https:\/\/www.ritzbrasil.com\/wp-content\/uploads\/2024\/11\/flv11179-1-grampo-bucha-transformador.jpg\",\"contentUrl\":\"https:\/\/www.ritzbrasil.com\/wp-content\/uploads\/2024\/11\/flv11179-1-grampo-bucha-transformador.jpg\",\"width\":1200,\"height\":1200,\"caption\":\"FLV11179-1 Transformer bushing clamp\"},{\"@type\":\"BreadcrumbList\",\"@id\":\"https:\/\/www.ritzbrasil.com\/en\/produtos\/featured-products\/transformer-bushing-clamp\/#breadcrumb\",\"itemListElement\":[{\"@type\":\"ListItem\",\"position\":1,\"name\":\"In\u00edcio\",\"item\":\"https:\/\/www.ritzbrasil.com\/en\/\"},{\"@type\":\"ListItem\",\"position\":2,\"name\":\"Shop\",\"item\":\"https:\/\/www.ritzbrasil.com\/en\/shop\/\"},{\"@type\":\"ListItem\",\"position\":3,\"name\":\"Transformer bushing clamp\"}]},{\"@type\":\"WebSite\",\"@id\":\"https:\/\/www.ritzbrasil.com\/en\/#website\",\"url\":\"https:\/\/www.ritzbrasil.com\/en\/\",\"name\":\"Equipamentos de Manuten\u00e7\u00e3o e Seguran\u00e7a para o Setor El\u00e9trico - Ritz Brasil\",\"description\":\"\",\"potentialAction\":[{\"@type\":\"SearchAction\",\"target\":{\"@type\":\"EntryPoint\",\"urlTemplate\":\"https:\/\/www.ritzbrasil.com\/en\/?s={search_term_string}\"},\"query-input\":{\"@type\":\"PropertyValueSpecification\",\"valueRequired\":true,\"valueName\":\"search_term_string\"}}],\"inLanguage\":\"en-US\"}]}<\/script>\n<!-- \/ Yoast SEO plugin. -->","yoast_head_json":{"title":"Transformer bushing clamp","description":"Clamp for direct installation on the transformer bushing in energized interventions, ideal for replacing or repairing components between bushings and the network.","robots":{"index":"index","follow":"follow","max-snippet":"max-snippet:-1","max-image-preview":"max-image-preview:large","max-video-preview":"max-video-preview:-1"},"canonical":"https:\/\/www.ritzbrasil.com\/en\/produtos\/featured-products\/transformer-bushing-clamp\/","og_locale":"en_US","og_type":"article","og_title":"Transformer bushing clamp","og_description":"Clamp for direct installation on the transformer bushing in energized interventions, ideal for replacing or repairing components between bushings and the network.","og_url":"https:\/\/www.ritzbrasil.com\/en\/produtos\/featured-products\/transformer-bushing-clamp\/","og_site_name":"Equipamentos de Manuten\u00e7\u00e3o e Seguran\u00e7a para o Setor El\u00e9trico - Ritz Brasil","article_modified_time":"2025-10-10T12:49:43+00:00","og_image":[{"width":1200,"height":1200,"url":"https:\/\/www.ritzbrasil.com\/wp-content\/uploads\/2024\/11\/flv11179-1-grampo-bucha-transformador.jpg","type":"image\/jpeg"}],"twitter_card":"summary_large_image","twitter_misc":{"Est. reading time":"1 minute"},"schema":{"@context":"https:\/\/schema.org","@graph":[{"@type":"WebPage","@id":"https:\/\/www.ritzbrasil.com\/en\/produtos\/featured-products\/transformer-bushing-clamp\/","url":"https:\/\/www.ritzbrasil.com\/en\/produtos\/featured-products\/transformer-bushing-clamp\/","name":"Transformer bushing clamp","isPartOf":{"@id":"https:\/\/www.ritzbrasil.com\/en\/#website"},"primaryImageOfPage":{"@id":"https:\/\/www.ritzbrasil.com\/en\/produtos\/featured-products\/transformer-bushing-clamp\/#primaryimage"},"image":{"@id":"https:\/\/www.ritzbrasil.com\/en\/produtos\/featured-products\/transformer-bushing-clamp\/#primaryimage"},"thumbnailUrl":"https:\/\/www.ritzbrasil.com\/wp-content\/uploads\/2024\/11\/flv11179-1-grampo-bucha-transformador.jpg","datePublished":"2024-11-04T17:31:06+00:00","dateModified":"2025-10-10T12:49:43+00:00","description":"Clamp for direct installation on the transformer bushing in energized interventions, ideal for replacing or repairing components between bushings and the network.","breadcrumb":{"@id":"https:\/\/www.ritzbrasil.com\/en\/produtos\/featured-products\/transformer-bushing-clamp\/#breadcrumb"},"inLanguage":"en-US","potentialAction":[{"@type":"ReadAction","target":["https:\/\/www.ritzbrasil.com\/en\/produtos\/featured-products\/transformer-bushing-clamp\/"]}]},{"@type":"ImageObject","inLanguage":"en-US","@id":"https:\/\/www.ritzbrasil.com\/en\/produtos\/featured-products\/transformer-bushing-clamp\/#primaryimage","url":"https:\/\/www.ritzbrasil.com\/wp-content\/uploads\/2024\/11\/flv11179-1-grampo-bucha-transformador.jpg","contentUrl":"https:\/\/www.ritzbrasil.com\/wp-content\/uploads\/2024\/11\/flv11179-1-grampo-bucha-transformador.jpg","width":1200,"height":1200,"caption":"FLV11179-1 Transformer bushing clamp"},{"@type":"BreadcrumbList","@id":"https:\/\/www.ritzbrasil.com\/en\/produtos\/featured-products\/transformer-bushing-clamp\/#breadcrumb","itemListElement":[{"@type":"ListItem","position":1,"name":"In\u00edcio","item":"https:\/\/www.ritzbrasil.com\/en\/"},{"@type":"ListItem","position":2,"name":"Shop","item":"https:\/\/www.ritzbrasil.com\/en\/shop\/"},{"@type":"ListItem","position":3,"name":"Transformer bushing clamp"}]},{"@type":"WebSite","@id":"https:\/\/www.ritzbrasil.com\/en\/#website","url":"https:\/\/www.ritzbrasil.com\/en\/","name":"Equipamentos de Manuten\u00e7\u00e3o e Seguran\u00e7a para o Setor El\u00e9trico - Ritz Brasil","description":"","potentialAction":[{"@type":"SearchAction","target":{"@type":"EntryPoint","urlTemplate":"https:\/\/www.ritzbrasil.com\/en\/?s={search_term_string}"},"query-input":{"@type":"PropertyValueSpecification","valueRequired":true,"valueName":"search_term_string"}}],"inLanguage":"en-US"}]}},"_links":{"self":[{"href":"https:\/\/www.ritzbrasil.com\/en\/wp-json\/wp\/v2\/product\/60900","targetHints":{"allow":["GET"]}}],"collection":[{"href":"https:\/\/www.ritzbrasil.com\/en\/wp-json\/wp\/v2\/product"}],"about":[{"href":"https:\/\/www.ritzbrasil.com\/en\/wp-json\/wp\/v2\/types\/product"}],"wp:featuredmedia":[{"embeddable":true,"href":"https:\/\/www.ritzbrasil.com\/en\/wp-json\/wp\/v2\/media\/60252"}],"wp:attachment":[{"href":"https:\/\/www.ritzbrasil.com\/en\/wp-json\/wp\/v2\/media?parent=60900"}],"wp:term":[{"taxonomy":"product_brand","embeddable":true,"href":"https:\/\/www.ritzbrasil.com\/en\/wp-json\/wp\/v2\/product_brand?post=60900"},{"taxonomy":"product_cat","embeddable":true,"href":"https:\/\/www.ritzbrasil.com\/en\/wp-json\/wp\/v2\/product_cat?post=60900"},{"taxonomy":"product_tag","embeddable":true,"href":"https:\/\/www.ritzbrasil.com\/en\/wp-json\/wp\/v2\/product_tag?post=60900"}],"curies":[{"name":"wp","href":"https:\/\/api.w.org\/{rel}","templated":true}]}}