{"id":60898,"date":"2024-11-04T14:16:11","date_gmt":"2024-11-04T17:16:11","guid":{"rendered":"https:\/\/bisque-bison-688002.hostingersite.com\/produtos\/uncategorized\/jumper-holder\/"},"modified":"2025-10-10T09:57:44","modified_gmt":"2025-10-10T12:57:44","slug":"jumper-holder","status":"publish","type":"product","link":"https:\/\/www.ritzbrasil.com\/en\/produtos\/featured-products\/jumper-holder\/","title":{"rendered":"Jumper holder"},"content":{"rendered":"<div class=\"wpb-content-wrapper\"><p>[vc_row][vc_column][vc_column_text css=&#8221;.vc_custom_1730740215406{margin-top: 20px !important;}&#8221;]<\/p>\n<h4><span style=\"color: #ff9900;\"><strong>Jumper holder<\/strong><\/span><\/h4>\n<p>[\/vc_column_text][vc_column_text css=&#8221;.vc_custom_1760101060781{margin-top: -20px !important;}&#8221;]\n<div id=\"tablepress-RC601-0013-Suporte-Jumper-EN-scroll-wrapper\" class=\"tablepress-scroll-wrapper\">\n<table id=\"tablepress-RC601-0013-Suporte-Jumper-EN\" class=\"tablepress tablepress-id-RC601-0013-Suporte-Jumper-EN tablepress-responsive\">\n<thead>\n<tr class=\"row-1\">\n\t<td class=\"column-1\"><\/td><th class=\"column-2\">References<\/th><th class=\"column-3\">Feature<\/th><td class=\"column-4\"><\/td>\n<\/tr>\n<\/thead>\n<tbody class=\"row-striping row-hover\">\n<tr class=\"row-2\">\n\t<td class=\"column-1\"><img decoding=\"async\" src=\"https:\/\/www.ritzbrasil.com\/wp-content\/uploads\/2024\/11\/rc601-0013-suporte-jumper-150x150-1.jpg\" \/><\/td><td class=\"column-2\">RC601-0013<\/td><td class=\"column-3\">Rated working capacity per collar: 34 daN (75 lb)<br \/>\nApprox. weight: 11.30 kg (24.91 lb)<\/td><td class=\"column-4\">    <button class=\"add-to-budget\" data-table-id=\"RC601-0013-Suporte-Jumper\" data-reference=\"RC601-0013\" data-description=\"Jumper Support\" style=\"color:#ff4d00;\">\n        <img decoding=\"async\" src=\"https:\/\/www.ritzbrasil.com\/\/wp-content\/uploads\/2024\/07\/orcar-compras-tabela-new-1.png\" alt=\"Request quote\" title=\"Request quote\" \/>\n    <\/button>\n    <\/td>\n<\/tr>\n<\/tbody>\n<\/table>\n<\/div>\n[\/vc_column_text][vc_separator border_width=&#8221;2&#8243; css=&#8221;&#8221;][\/vc_column][\/vc_row]<\/p>\n<\/div>","protected":false},"excerpt":{"rendered":"<h4><span style=\"color: #ff9900;\">Jumper holder<\/span><\/h4>\n<p>It can be attached to a pole using a chain tensioner and is used to support the jumper cables.<\/p>\n<p>Made of RITZGLAS\u00ae \u00d8 64 x 1.22 m tube, it consists of four collar-type clamps (each collar has a capacity for fixing cables, with<br \/>\ndiameters ranging from 19 to 38 mm), with a rotating action, fitted with an internal device to prevent the jumper from slipping, preventing it from coming into contact with the ground.<\/p>\n<p>Nominal working capacity on each collar: 34 daN (75 lb)<br \/>\nApprox. weight: 11.30 kg (24.91 lb)<\/p>\n","protected":false},"featured_media":60248,"template":"","meta":[],"product_brand":[],"product_cat":[1674,1680],"product_tag":[1823],"class_list":{"0":"post-60898","1":"product","2":"type-product","3":"status-publish","4":"has-post-thumbnail","6":"product_cat-featured-products","7":"product_cat-temporary-jumpers","8":"product_tag-rc601-0013-en","9":"description-off","11":"first","12":"instock","13":"virtual","14":"product-type-simple"},"yoast_head":"<!-- This site is optimized with the Yoast SEO plugin v27.1.1 - https:\/\/yoast.com\/product\/yoast-seo-wordpress\/ -->\n<title>Jumper holder<\/title>\n<meta name=\"description\" content=\"Jumper bracket attachable to pole with RITZGLAS\u00ae tube and swivel clamps, prevents jumper slipping and contact with the ground.\" \/>\n<meta name=\"robots\" content=\"index, follow, max-snippet:-1, max-image-preview:large, max-video-preview:-1\" \/>\n<link rel=\"canonical\" href=\"https:\/\/www.ritzbrasil.com\/en\/produtos\/featured-products\/jumper-holder\/\" \/>\n<meta property=\"og:locale\" content=\"en_US\" \/>\n<meta property=\"og:type\" content=\"article\" \/>\n<meta property=\"og:title\" content=\"Jumper holder\" \/>\n<meta property=\"og:description\" content=\"Jumper bracket attachable to pole with RITZGLAS\u00ae tube and swivel clamps, prevents jumper slipping and contact with the ground.\" \/>\n<meta property=\"og:url\" content=\"https:\/\/www.ritzbrasil.com\/en\/produtos\/featured-products\/jumper-holder\/\" \/>\n<meta property=\"og:site_name\" content=\"Equipamentos de Manuten\u00e7\u00e3o e Seguran\u00e7a para o Setor El\u00e9trico - Ritz Brasil\" \/>\n<meta property=\"article:modified_time\" content=\"2025-10-10T12:57:44+00:00\" \/>\n<meta property=\"og:image\" content=\"https:\/\/www.ritzbrasil.com\/wp-content\/uploads\/2024\/11\/rc601-0013-suporte-jumper.jpg\" \/>\n\t<meta property=\"og:image:width\" content=\"1200\" \/>\n\t<meta property=\"og:image:height\" content=\"1200\" \/>\n\t<meta property=\"og:image:type\" content=\"image\/jpeg\" \/>\n<meta name=\"twitter:card\" content=\"summary_large_image\" \/>\n<meta name=\"twitter:label1\" content=\"Est. reading time\" \/>\n\t<meta name=\"twitter:data1\" content=\"1 minute\" \/>\n<script type=\"application\/ld+json\" class=\"yoast-schema-graph\">{\"@context\":\"https:\/\/schema.org\",\"@graph\":[{\"@type\":\"WebPage\",\"@id\":\"https:\/\/www.ritzbrasil.com\/en\/produtos\/featured-products\/jumper-holder\/\",\"url\":\"https:\/\/www.ritzbrasil.com\/en\/produtos\/featured-products\/jumper-holder\/\",\"name\":\"Jumper holder\",\"isPartOf\":{\"@id\":\"https:\/\/www.ritzbrasil.com\/en\/#website\"},\"primaryImageOfPage\":{\"@id\":\"https:\/\/www.ritzbrasil.com\/en\/produtos\/featured-products\/jumper-holder\/#primaryimage\"},\"image\":{\"@id\":\"https:\/\/www.ritzbrasil.com\/en\/produtos\/featured-products\/jumper-holder\/#primaryimage\"},\"thumbnailUrl\":\"https:\/\/www.ritzbrasil.com\/wp-content\/uploads\/2024\/11\/rc601-0013-suporte-jumper.jpg\",\"datePublished\":\"2024-11-04T17:16:11+00:00\",\"dateModified\":\"2025-10-10T12:57:44+00:00\",\"description\":\"Jumper bracket attachable to pole with RITZGLAS\u00ae tube and swivel clamps, prevents jumper slipping and contact with the ground.\",\"breadcrumb\":{\"@id\":\"https:\/\/www.ritzbrasil.com\/en\/produtos\/featured-products\/jumper-holder\/#breadcrumb\"},\"inLanguage\":\"en-US\",\"potentialAction\":[{\"@type\":\"ReadAction\",\"target\":[\"https:\/\/www.ritzbrasil.com\/en\/produtos\/featured-products\/jumper-holder\/\"]}]},{\"@type\":\"ImageObject\",\"inLanguage\":\"en-US\",\"@id\":\"https:\/\/www.ritzbrasil.com\/en\/produtos\/featured-products\/jumper-holder\/#primaryimage\",\"url\":\"https:\/\/www.ritzbrasil.com\/wp-content\/uploads\/2024\/11\/rc601-0013-suporte-jumper.jpg\",\"contentUrl\":\"https:\/\/www.ritzbrasil.com\/wp-content\/uploads\/2024\/11\/rc601-0013-suporte-jumper.jpg\",\"width\":1200,\"height\":1200,\"caption\":\"RC601-0013 Jumper holder\"},{\"@type\":\"BreadcrumbList\",\"@id\":\"https:\/\/www.ritzbrasil.com\/en\/produtos\/featured-products\/jumper-holder\/#breadcrumb\",\"itemListElement\":[{\"@type\":\"ListItem\",\"position\":1,\"name\":\"In\u00edcio\",\"item\":\"https:\/\/www.ritzbrasil.com\/en\/\"},{\"@type\":\"ListItem\",\"position\":2,\"name\":\"Shop\",\"item\":\"https:\/\/www.ritzbrasil.com\/en\/shop\/\"},{\"@type\":\"ListItem\",\"position\":3,\"name\":\"Jumper holder\"}]},{\"@type\":\"WebSite\",\"@id\":\"https:\/\/www.ritzbrasil.com\/en\/#website\",\"url\":\"https:\/\/www.ritzbrasil.com\/en\/\",\"name\":\"Equipamentos de Manuten\u00e7\u00e3o e Seguran\u00e7a para o Setor El\u00e9trico - Ritz Brasil\",\"description\":\"\",\"potentialAction\":[{\"@type\":\"SearchAction\",\"target\":{\"@type\":\"EntryPoint\",\"urlTemplate\":\"https:\/\/www.ritzbrasil.com\/en\/?s={search_term_string}\"},\"query-input\":{\"@type\":\"PropertyValueSpecification\",\"valueRequired\":true,\"valueName\":\"search_term_string\"}}],\"inLanguage\":\"en-US\"}]}<\/script>\n<!-- \/ Yoast SEO plugin. -->","yoast_head_json":{"title":"Jumper holder","description":"Jumper bracket attachable to pole with RITZGLAS\u00ae tube and swivel clamps, prevents jumper slipping and contact with the ground.","robots":{"index":"index","follow":"follow","max-snippet":"max-snippet:-1","max-image-preview":"max-image-preview:large","max-video-preview":"max-video-preview:-1"},"canonical":"https:\/\/www.ritzbrasil.com\/en\/produtos\/featured-products\/jumper-holder\/","og_locale":"en_US","og_type":"article","og_title":"Jumper holder","og_description":"Jumper bracket attachable to pole with RITZGLAS\u00ae tube and swivel clamps, prevents jumper slipping and contact with the ground.","og_url":"https:\/\/www.ritzbrasil.com\/en\/produtos\/featured-products\/jumper-holder\/","og_site_name":"Equipamentos de Manuten\u00e7\u00e3o e Seguran\u00e7a para o Setor El\u00e9trico - Ritz Brasil","article_modified_time":"2025-10-10T12:57:44+00:00","og_image":[{"width":1200,"height":1200,"url":"https:\/\/www.ritzbrasil.com\/wp-content\/uploads\/2024\/11\/rc601-0013-suporte-jumper.jpg","type":"image\/jpeg"}],"twitter_card":"summary_large_image","twitter_misc":{"Est. reading time":"1 minute"},"schema":{"@context":"https:\/\/schema.org","@graph":[{"@type":"WebPage","@id":"https:\/\/www.ritzbrasil.com\/en\/produtos\/featured-products\/jumper-holder\/","url":"https:\/\/www.ritzbrasil.com\/en\/produtos\/featured-products\/jumper-holder\/","name":"Jumper holder","isPartOf":{"@id":"https:\/\/www.ritzbrasil.com\/en\/#website"},"primaryImageOfPage":{"@id":"https:\/\/www.ritzbrasil.com\/en\/produtos\/featured-products\/jumper-holder\/#primaryimage"},"image":{"@id":"https:\/\/www.ritzbrasil.com\/en\/produtos\/featured-products\/jumper-holder\/#primaryimage"},"thumbnailUrl":"https:\/\/www.ritzbrasil.com\/wp-content\/uploads\/2024\/11\/rc601-0013-suporte-jumper.jpg","datePublished":"2024-11-04T17:16:11+00:00","dateModified":"2025-10-10T12:57:44+00:00","description":"Jumper bracket attachable to pole with RITZGLAS\u00ae tube and swivel clamps, prevents jumper slipping and contact with the ground.","breadcrumb":{"@id":"https:\/\/www.ritzbrasil.com\/en\/produtos\/featured-products\/jumper-holder\/#breadcrumb"},"inLanguage":"en-US","potentialAction":[{"@type":"ReadAction","target":["https:\/\/www.ritzbrasil.com\/en\/produtos\/featured-products\/jumper-holder\/"]}]},{"@type":"ImageObject","inLanguage":"en-US","@id":"https:\/\/www.ritzbrasil.com\/en\/produtos\/featured-products\/jumper-holder\/#primaryimage","url":"https:\/\/www.ritzbrasil.com\/wp-content\/uploads\/2024\/11\/rc601-0013-suporte-jumper.jpg","contentUrl":"https:\/\/www.ritzbrasil.com\/wp-content\/uploads\/2024\/11\/rc601-0013-suporte-jumper.jpg","width":1200,"height":1200,"caption":"RC601-0013 Jumper holder"},{"@type":"BreadcrumbList","@id":"https:\/\/www.ritzbrasil.com\/en\/produtos\/featured-products\/jumper-holder\/#breadcrumb","itemListElement":[{"@type":"ListItem","position":1,"name":"In\u00edcio","item":"https:\/\/www.ritzbrasil.com\/en\/"},{"@type":"ListItem","position":2,"name":"Shop","item":"https:\/\/www.ritzbrasil.com\/en\/shop\/"},{"@type":"ListItem","position":3,"name":"Jumper holder"}]},{"@type":"WebSite","@id":"https:\/\/www.ritzbrasil.com\/en\/#website","url":"https:\/\/www.ritzbrasil.com\/en\/","name":"Equipamentos de Manuten\u00e7\u00e3o e Seguran\u00e7a para o Setor El\u00e9trico - Ritz Brasil","description":"","potentialAction":[{"@type":"SearchAction","target":{"@type":"EntryPoint","urlTemplate":"https:\/\/www.ritzbrasil.com\/en\/?s={search_term_string}"},"query-input":{"@type":"PropertyValueSpecification","valueRequired":true,"valueName":"search_term_string"}}],"inLanguage":"en-US"}]}},"_links":{"self":[{"href":"https:\/\/www.ritzbrasil.com\/en\/wp-json\/wp\/v2\/product\/60898","targetHints":{"allow":["GET"]}}],"collection":[{"href":"https:\/\/www.ritzbrasil.com\/en\/wp-json\/wp\/v2\/product"}],"about":[{"href":"https:\/\/www.ritzbrasil.com\/en\/wp-json\/wp\/v2\/types\/product"}],"wp:featuredmedia":[{"embeddable":true,"href":"https:\/\/www.ritzbrasil.com\/en\/wp-json\/wp\/v2\/media\/60248"}],"wp:attachment":[{"href":"https:\/\/www.ritzbrasil.com\/en\/wp-json\/wp\/v2\/media?parent=60898"}],"wp:term":[{"taxonomy":"product_brand","embeddable":true,"href":"https:\/\/www.ritzbrasil.com\/en\/wp-json\/wp\/v2\/product_brand?post=60898"},{"taxonomy":"product_cat","embeddable":true,"href":"https:\/\/www.ritzbrasil.com\/en\/wp-json\/wp\/v2\/product_cat?post=60898"},{"taxonomy":"product_tag","embeddable":true,"href":"https:\/\/www.ritzbrasil.com\/en\/wp-json\/wp\/v2\/product_tag?post=60898"}],"curies":[{"name":"wp","href":"https:\/\/api.w.org\/{rel}","templated":true}]}}