{"id":60896,"date":"2024-11-04T11:22:45","date_gmt":"2024-11-04T14:22:45","guid":{"rendered":"https:\/\/bisque-bison-688002.hostingersite.com\/produtos\/uncategorized\/temporary-jumper-for-transformer-bushing\/"},"modified":"2025-10-20T10:50:10","modified_gmt":"2025-10-20T13:50:10","slug":"temporary-jumper-for-transformer-bushing","status":"publish","type":"product","link":"https:\/\/www.ritzbrasil.com\/en\/produtos\/temporary-jumpers\/temporary-jumper-for-transformer-bushing\/","title":{"rendered":"Temporary Jumper for Transformer Bushing"},"content":{"rendered":"<div class=\"wpb-content-wrapper\"><p>[vc_row][vc_column][vc_column_text css=&#8221;.vc_custom_1730727297434{margin-top: 20px !important;}&#8221;]<\/p>\n<h4><span style=\"color: #ff9900;\"><strong>FLV30750-1 &#8211; Type I cable<\/strong><\/span><\/h4>\n<p>[\/vc_column_text][vc_column_text css=&#8221;.vc_custom_1760967799120{margin-top: -20px !important;}&#8221;]\n<div id=\"tablepress-FLV30750-1-Cabo-Tipo-I-EN-scroll-wrapper\" class=\"tablepress-scroll-wrapper\">\n<table id=\"tablepress-FLV30750-1-Cabo-Tipo-I-EN\" class=\"tablepress tablepress-id-FLV30750-1-Cabo-Tipo-I-EN tablepress-responsive\">\n<thead>\n<tr class=\"row-1\">\n\t<td class=\"column-1\"><\/td><th class=\"column-2\">References<\/th><th class=\"column-3\">Feature<\/th><td class=\"column-4\"><\/td>\n<\/tr>\n<\/thead>\n<tbody class=\"row-striping row-hover\">\n<tr class=\"row-2\">\n\t<td class=\"column-1\"><img decoding=\"async\" src=\"https:\/\/www.ritzbrasil.com\/wp-content\/uploads\/2024\/11\/flv11179-2-grampo-bucha-transformador-150x150-1.jpg\" \/><\/td><td class=\"column-2\">FLV11179-2<\/td><td class=\"column-3\">Clamp for transformer bushing<\/td><td class=\"column-4\">    <button class=\"add-to-budget\" data-table-id=\"FLV30750-1-Cabo-Tipo-I\" data-reference=\"FLV11179-2\" data-description=\"FLV30750-1 - Type I cable\" style=\"color:#ff4d00;\">\n        <img decoding=\"async\" src=\"https:\/\/www.ritzbrasil.com\/\/wp-content\/uploads\/2024\/07\/orcar-compras-tabela-new-1.png\" alt=\"Request quote\" title=\"Request quote\" \/>\n    <\/button>\n    <\/td>\n<\/tr>\n<tr class=\"row-3\">\n\t<td class=\"column-1\"><img decoding=\"async\" src=\"https:\/\/www.ritzbrasil.com\/wp-content\/uploads\/2024\/10\/rg3622-1-grampo-torcao-by-pass-150x150-1.jpg\" \/><\/td><td class=\"column-2\">RG3622-1<\/td><td class=\"column-3\">Twist clamp<\/td><td class=\"column-4\">    <button class=\"add-to-budget\" data-table-id=\"FLV30750-1-Cabo-Tipo-I\" data-reference=\"RG3622-1\" data-description=\"FLV30750-1 - Type I cable\" style=\"color:#ff4d00;\">\n        <img decoding=\"async\" src=\"https:\/\/www.ritzbrasil.com\/\/wp-content\/uploads\/2024\/07\/orcar-compras-tabela-new-1.png\" alt=\"Request quote\" title=\"Request quote\" \/>\n    <\/button>\n    <\/td>\n<\/tr>\n<tr class=\"row-4\">\n\t<td class=\"column-1\"><img decoding=\"async\" src=\"https:\/\/www.ritzbrasil.com\/wp-content\/uploads\/2024\/10\/r3751-cabo-protegido-tipo1-150X150.jpg\" \/><\/td><td class=\"column-2\">R3751<\/td><td class=\"column-3\">Type I insulated cable for 15 kV, 2 AWG<\/td><td class=\"column-4\">    <button class=\"add-to-budget\" data-table-id=\"FLV30750-1-Cabo-Tipo-I\" data-reference=\"R3751\" data-description=\"FLV30750-1 - Type I cable\" style=\"color:#ff4d00;\">\n        <img decoding=\"async\" src=\"https:\/\/www.ritzbrasil.com\/\/wp-content\/uploads\/2024\/07\/orcar-compras-tabela-new-1.png\" alt=\"Request quote\" title=\"Request quote\" \/>\n    <\/button>\n    <\/td>\n<\/tr>\n<tr class=\"row-5\">\n\t<td class=\"column-1\"><img decoding=\"async\" src=\"https:\/\/www.ritzbrasil.com\/wp-content\/uploads\/2024\/11\/flv05784-1-dispositivo-protecao-jumper-150x150-1.jpg\" \/><\/td><td class=\"column-2\">FLV05784-1<\/td><td class=\"column-3\">Protection device for jumper<\/td><td class=\"column-4\">    <button class=\"add-to-budget\" data-table-id=\"FLV30750-1-Cabo-Tipo-I\" data-reference=\"FLV05784-1\" data-description=\"FLV30750-1 - Type I cable\" style=\"color:#ff4d00;\">\n        <img decoding=\"async\" src=\"https:\/\/www.ritzbrasil.com\/\/wp-content\/uploads\/2024\/07\/orcar-compras-tabela-new-1.png\" alt=\"Request quote\" title=\"Request quote\" \/>\n    <\/button>\n    <\/td>\n<\/tr>\n<tr class=\"row-6\">\n\t<td class=\"column-1\"><img decoding=\"async\" src=\"https:\/\/www.ritzbrasil.com\/wp-content\/uploads\/2024\/11\/rs1600-7-suporte-isolado-150x150-1.jpg\" \/><\/td><td class=\"column-2\">RS1600-7<\/td><td class=\"column-3\">Isolated support<\/td><td class=\"column-4\">    <button class=\"add-to-budget\" data-table-id=\"FLV30750-1-Cabo-Tipo-I\" data-reference=\"RS1600-7\" data-description=\"FLV30750-1 - Type I cable\" style=\"color:#ff4d00;\">\n        <img decoding=\"async\" src=\"https:\/\/www.ritzbrasil.com\/\/wp-content\/uploads\/2024\/07\/orcar-compras-tabela-new-1.png\" alt=\"Request quote\" title=\"Request quote\" \/>\n    <\/button>\n    <\/td>\n<\/tr>\n<\/tbody>\n<\/table>\n<\/div>\n[\/vc_column_text][vc_column_text css=&#8221;.vc_custom_1730727382045{margin-top: -20px !important;}&#8221;]<em>Approx. weight: 5.80 kg (12.79 lb)<\/em>[\/vc_column_text][vc_separator border_width=&#8221;2&#8243; css=&#8221;&#8221;][\/vc_column][\/vc_row][vc_row][vc_column][vc_column_text css=&#8221;.vc_custom_1730727349997{margin-top: 20px !important;}&#8221;]<\/p>\n<h4><span style=\"color: #ff9900;\"><strong>FLV30751-1 &#8211; Type I cable<\/strong><\/span><\/h4>\n<p>[\/vc_column_text][vc_column_text css=&#8221;.vc_custom_1760967813106{margin-top: -20px !important;}&#8221;]\n<div id=\"tablepress-FLV30751-1-Cabo-Tipo-I-EN-scroll-wrapper\" class=\"tablepress-scroll-wrapper\">\n<table id=\"tablepress-FLV30751-1-Cabo-Tipo-I-EN\" class=\"tablepress tablepress-id-FLV30751-1-Cabo-Tipo-I-EN tablepress-responsive\">\n<thead>\n<tr class=\"row-1\">\n\t<td class=\"column-1\"><\/td><th class=\"column-2\">References<\/th><th class=\"column-3\">Feature<\/th><td class=\"column-4\"><\/td>\n<\/tr>\n<\/thead>\n<tbody class=\"row-striping row-hover\">\n<tr class=\"row-2\">\n\t<td class=\"column-1\"><img decoding=\"async\" src=\"https:\/\/www.ritzbrasil.com\/wp-content\/uploads\/2024\/11\/flv11179-2-grampo-bucha-transformador-150x150-1.jpg\" \/><\/td><td class=\"column-2\">FLV11179-2<\/td><td class=\"column-3\">Clamp for transformer bushing<\/td><td class=\"column-4\">    <button class=\"add-to-budget\" data-table-id=\"FLV30751-1-Cabo-Tipo-I\" data-reference=\"FLV11179-2\" data-description=\"FLV30751-1 - Type I cable\" style=\"color:#ff4d00;\">\n        <img decoding=\"async\" src=\"https:\/\/www.ritzbrasil.com\/\/wp-content\/uploads\/2024\/07\/orcar-compras-tabela-new-1.png\" alt=\"Request quote\" title=\"Request quote\" \/>\n    <\/button>\n    <\/td>\n<\/tr>\n<tr class=\"row-3\">\n\t<td class=\"column-1\"><img decoding=\"async\" src=\"https:\/\/www.ritzbrasil.com\/wp-content\/uploads\/2024\/08\/rg3622-1t-grampo-aterramento-ponto-terra-150x150-1.jpg\" \/><\/td><td class=\"column-2\">RG3622-1<\/td><td class=\"column-3\">Twist clamp<\/td><td class=\"column-4\">    <button class=\"add-to-budget\" data-table-id=\"FLV30751-1-Cabo-Tipo-I\" data-reference=\"RG3622-1\" data-description=\"FLV30751-1 - Type I cable\" style=\"color:#ff4d00;\">\n        <img decoding=\"async\" src=\"https:\/\/www.ritzbrasil.com\/\/wp-content\/uploads\/2024\/07\/orcar-compras-tabela-new-1.png\" alt=\"Request quote\" title=\"Request quote\" \/>\n    <\/button>\n    <\/td>\n<\/tr>\n<tr class=\"row-4\">\n\t<td class=\"column-1\"><img decoding=\"async\" src=\"https:\/\/www.ritzbrasil.com\/wp-content\/uploads\/2024\/10\/r3751-cabo-protegido-tipo1-150X150.jpg\" \/><\/td><td class=\"column-2\">R3751<\/td><td class=\"column-3\">Type I insulated cable for 15 kV, 2 AWG<\/td><td class=\"column-4\">    <button class=\"add-to-budget\" data-table-id=\"FLV30751-1-Cabo-Tipo-I\" data-reference=\"R3751\" data-description=\"FLV30751-1 - Type I cable\" style=\"color:#ff4d00;\">\n        <img decoding=\"async\" src=\"https:\/\/www.ritzbrasil.com\/\/wp-content\/uploads\/2024\/07\/orcar-compras-tabela-new-1.png\" alt=\"Request quote\" title=\"Request quote\" \/>\n    <\/button>\n    <\/td>\n<\/tr>\n<tr class=\"row-5\">\n\t<td class=\"column-1\"><img decoding=\"async\" src=\"https:\/\/www.ritzbrasil.com\/wp-content\/uploads\/2024\/11\/rc600-1895-chave-fusivel-150x150-1.jpg\" \/><\/td><td class=\"column-2\">RC600-1895<\/td><td class=\"column-3\">Fuse switch<\/td><td class=\"column-4\">    <button class=\"add-to-budget\" data-table-id=\"FLV30751-1-Cabo-Tipo-I\" data-reference=\"RC600-1895\" data-description=\"FLV30751-1 - Type I cable\" style=\"color:#ff4d00;\">\n        <img decoding=\"async\" src=\"https:\/\/www.ritzbrasil.com\/\/wp-content\/uploads\/2024\/07\/orcar-compras-tabela-new-1.png\" alt=\"Request quote\" title=\"Request quote\" \/>\n    <\/button>\n    <\/td>\n<\/tr>\n<\/tbody>\n<\/table>\n<\/div>\n[\/vc_column_text][vc_column_text css=&#8221;.vc_custom_1730727405025{margin-top: -20px !important;}&#8221;]<em>Approx. weight: 8.10 kg (17.86 lb)<\/em>[\/vc_column_text][vc_separator border_width=&#8221;2&#8243; css=&#8221;&#8221;][\/vc_column][\/vc_row]<\/p>\n<\/div>","protected":false},"excerpt":{"rendered":"<h4><span style=\"color: #ff9900;\">Temporary Jumper for Transformer Bushing<\/span><\/h4>\n<p>The use of this tool is common practice when working on energized medium-voltage installations to replace and\/or repair components installed between the transformer bushings and the mains, which can be carried out using the contact or remote method.<\/p>\n<p>Available in two mounting versions (both built with 14.6 kV protected cables &#8211; 2 AWG gauge).<\/p>\n<p>Rated Current Capacity: 100A<\/p>\n","protected":false},"featured_media":60208,"template":"","meta":[],"product_brand":[],"product_cat":[1680],"product_tag":[1816,1815,1814,1817,1813,1818,1812,1760],"class_list":{"0":"post-60896","1":"product","2":"type-product","3":"status-publish","4":"has-post-thumbnail","6":"product_cat-temporary-jumpers","7":"product_tag-flv05784-1-en","8":"product_tag-flv11179-2-en","9":"product_tag-flv30750-1-en","10":"product_tag-flv30751-1-en","11":"product_tag-r3751-en","12":"product_tag-rc600-1895-en","13":"product_tag-rg3622-1-en","14":"product_tag-rs1600-7-en","15":"description-off","17":"first","18":"instock","19":"virtual","20":"product-type-simple"},"yoast_head":"<!-- This site is optimized with the Yoast SEO plugin v27.1.1 - https:\/\/yoast.com\/product\/yoast-seo-wordpress\/ -->\n<title>Temporary Jumper for Transformer Bushing<\/title>\n<meta name=\"description\" content=\"Temporary jumper for transformer bushings, ideal for medium-voltage interventions, allows safe replacement and repair of components.\" \/>\n<meta name=\"robots\" content=\"index, follow, max-snippet:-1, max-image-preview:large, max-video-preview:-1\" \/>\n<link rel=\"canonical\" href=\"https:\/\/www.ritzbrasil.com\/en\/produtos\/temporary-jumpers\/temporary-jumper-for-transformer-bushing\/\" \/>\n<meta property=\"og:locale\" content=\"en_US\" \/>\n<meta property=\"og:type\" content=\"article\" \/>\n<meta property=\"og:title\" content=\"Temporary Jumper for Transformer Bushing\" \/>\n<meta property=\"og:description\" content=\"Temporary jumper for transformer bushings, ideal for medium-voltage interventions, allows safe replacement and repair of components.\" \/>\n<meta property=\"og:url\" content=\"https:\/\/www.ritzbrasil.com\/en\/produtos\/temporary-jumpers\/temporary-jumper-for-transformer-bushing\/\" \/>\n<meta property=\"og:site_name\" content=\"Equipamentos de Manuten\u00e7\u00e3o e Seguran\u00e7a para o Setor El\u00e9trico - Ritz Brasil\" \/>\n<meta property=\"article:modified_time\" content=\"2025-10-20T13:50:10+00:00\" \/>\n<meta property=\"og:image\" content=\"https:\/\/www.ritzbrasil.com\/wp-content\/uploads\/2024\/11\/flv30750-1-jumper-temporario-bucha-transformador.jpg\" \/>\n\t<meta property=\"og:image:width\" content=\"1200\" \/>\n\t<meta property=\"og:image:height\" content=\"1200\" \/>\n\t<meta property=\"og:image:type\" content=\"image\/jpeg\" \/>\n<meta name=\"twitter:card\" content=\"summary_large_image\" \/>\n<meta name=\"twitter:label1\" content=\"Est. reading time\" \/>\n\t<meta name=\"twitter:data1\" content=\"1 minute\" \/>\n<script type=\"application\/ld+json\" class=\"yoast-schema-graph\">{\"@context\":\"https:\/\/schema.org\",\"@graph\":[{\"@type\":\"WebPage\",\"@id\":\"https:\/\/www.ritzbrasil.com\/en\/produtos\/temporary-jumpers\/temporary-jumper-for-transformer-bushing\/\",\"url\":\"https:\/\/www.ritzbrasil.com\/en\/produtos\/temporary-jumpers\/temporary-jumper-for-transformer-bushing\/\",\"name\":\"Temporary Jumper for Transformer Bushing\",\"isPartOf\":{\"@id\":\"https:\/\/www.ritzbrasil.com\/en\/#website\"},\"primaryImageOfPage\":{\"@id\":\"https:\/\/www.ritzbrasil.com\/en\/produtos\/temporary-jumpers\/temporary-jumper-for-transformer-bushing\/#primaryimage\"},\"image\":{\"@id\":\"https:\/\/www.ritzbrasil.com\/en\/produtos\/temporary-jumpers\/temporary-jumper-for-transformer-bushing\/#primaryimage\"},\"thumbnailUrl\":\"https:\/\/www.ritzbrasil.com\/wp-content\/uploads\/2024\/11\/flv30750-1-jumper-temporario-bucha-transformador.jpg\",\"datePublished\":\"2024-11-04T14:22:45+00:00\",\"dateModified\":\"2025-10-20T13:50:10+00:00\",\"description\":\"Temporary jumper for transformer bushings, ideal for medium-voltage interventions, allows safe replacement and repair of components.\",\"breadcrumb\":{\"@id\":\"https:\/\/www.ritzbrasil.com\/en\/produtos\/temporary-jumpers\/temporary-jumper-for-transformer-bushing\/#breadcrumb\"},\"inLanguage\":\"en-US\",\"potentialAction\":[{\"@type\":\"ReadAction\",\"target\":[\"https:\/\/www.ritzbrasil.com\/en\/produtos\/temporary-jumpers\/temporary-jumper-for-transformer-bushing\/\"]}]},{\"@type\":\"ImageObject\",\"inLanguage\":\"en-US\",\"@id\":\"https:\/\/www.ritzbrasil.com\/en\/produtos\/temporary-jumpers\/temporary-jumper-for-transformer-bushing\/#primaryimage\",\"url\":\"https:\/\/www.ritzbrasil.com\/wp-content\/uploads\/2024\/11\/flv30750-1-jumper-temporario-bucha-transformador.jpg\",\"contentUrl\":\"https:\/\/www.ritzbrasil.com\/wp-content\/uploads\/2024\/11\/flv30750-1-jumper-temporario-bucha-transformador.jpg\",\"width\":1200,\"height\":1200,\"caption\":\"FLV30750-1 Temporary Jumper for Transformer Bushing\"},{\"@type\":\"BreadcrumbList\",\"@id\":\"https:\/\/www.ritzbrasil.com\/en\/produtos\/temporary-jumpers\/temporary-jumper-for-transformer-bushing\/#breadcrumb\",\"itemListElement\":[{\"@type\":\"ListItem\",\"position\":1,\"name\":\"In\u00edcio\",\"item\":\"https:\/\/www.ritzbrasil.com\/en\/\"},{\"@type\":\"ListItem\",\"position\":2,\"name\":\"Shop\",\"item\":\"https:\/\/www.ritzbrasil.com\/en\/shop\/\"},{\"@type\":\"ListItem\",\"position\":3,\"name\":\"Temporary Jumper for Transformer Bushing\"}]},{\"@type\":\"WebSite\",\"@id\":\"https:\/\/www.ritzbrasil.com\/en\/#website\",\"url\":\"https:\/\/www.ritzbrasil.com\/en\/\",\"name\":\"Equipamentos de Manuten\u00e7\u00e3o e Seguran\u00e7a para o Setor El\u00e9trico - Ritz Brasil\",\"description\":\"\",\"potentialAction\":[{\"@type\":\"SearchAction\",\"target\":{\"@type\":\"EntryPoint\",\"urlTemplate\":\"https:\/\/www.ritzbrasil.com\/en\/?s={search_term_string}\"},\"query-input\":{\"@type\":\"PropertyValueSpecification\",\"valueRequired\":true,\"valueName\":\"search_term_string\"}}],\"inLanguage\":\"en-US\"}]}<\/script>\n<!-- \/ Yoast SEO plugin. -->","yoast_head_json":{"title":"Temporary Jumper for Transformer Bushing","description":"Temporary jumper for transformer bushings, ideal for medium-voltage interventions, allows safe replacement and repair of components.","robots":{"index":"index","follow":"follow","max-snippet":"max-snippet:-1","max-image-preview":"max-image-preview:large","max-video-preview":"max-video-preview:-1"},"canonical":"https:\/\/www.ritzbrasil.com\/en\/produtos\/temporary-jumpers\/temporary-jumper-for-transformer-bushing\/","og_locale":"en_US","og_type":"article","og_title":"Temporary Jumper for Transformer Bushing","og_description":"Temporary jumper for transformer bushings, ideal for medium-voltage interventions, allows safe replacement and repair of components.","og_url":"https:\/\/www.ritzbrasil.com\/en\/produtos\/temporary-jumpers\/temporary-jumper-for-transformer-bushing\/","og_site_name":"Equipamentos de Manuten\u00e7\u00e3o e Seguran\u00e7a para o Setor El\u00e9trico - Ritz Brasil","article_modified_time":"2025-10-20T13:50:10+00:00","og_image":[{"width":1200,"height":1200,"url":"https:\/\/www.ritzbrasil.com\/wp-content\/uploads\/2024\/11\/flv30750-1-jumper-temporario-bucha-transformador.jpg","type":"image\/jpeg"}],"twitter_card":"summary_large_image","twitter_misc":{"Est. reading time":"1 minute"},"schema":{"@context":"https:\/\/schema.org","@graph":[{"@type":"WebPage","@id":"https:\/\/www.ritzbrasil.com\/en\/produtos\/temporary-jumpers\/temporary-jumper-for-transformer-bushing\/","url":"https:\/\/www.ritzbrasil.com\/en\/produtos\/temporary-jumpers\/temporary-jumper-for-transformer-bushing\/","name":"Temporary Jumper for Transformer Bushing","isPartOf":{"@id":"https:\/\/www.ritzbrasil.com\/en\/#website"},"primaryImageOfPage":{"@id":"https:\/\/www.ritzbrasil.com\/en\/produtos\/temporary-jumpers\/temporary-jumper-for-transformer-bushing\/#primaryimage"},"image":{"@id":"https:\/\/www.ritzbrasil.com\/en\/produtos\/temporary-jumpers\/temporary-jumper-for-transformer-bushing\/#primaryimage"},"thumbnailUrl":"https:\/\/www.ritzbrasil.com\/wp-content\/uploads\/2024\/11\/flv30750-1-jumper-temporario-bucha-transformador.jpg","datePublished":"2024-11-04T14:22:45+00:00","dateModified":"2025-10-20T13:50:10+00:00","description":"Temporary jumper for transformer bushings, ideal for medium-voltage interventions, allows safe replacement and repair of components.","breadcrumb":{"@id":"https:\/\/www.ritzbrasil.com\/en\/produtos\/temporary-jumpers\/temporary-jumper-for-transformer-bushing\/#breadcrumb"},"inLanguage":"en-US","potentialAction":[{"@type":"ReadAction","target":["https:\/\/www.ritzbrasil.com\/en\/produtos\/temporary-jumpers\/temporary-jumper-for-transformer-bushing\/"]}]},{"@type":"ImageObject","inLanguage":"en-US","@id":"https:\/\/www.ritzbrasil.com\/en\/produtos\/temporary-jumpers\/temporary-jumper-for-transformer-bushing\/#primaryimage","url":"https:\/\/www.ritzbrasil.com\/wp-content\/uploads\/2024\/11\/flv30750-1-jumper-temporario-bucha-transformador.jpg","contentUrl":"https:\/\/www.ritzbrasil.com\/wp-content\/uploads\/2024\/11\/flv30750-1-jumper-temporario-bucha-transformador.jpg","width":1200,"height":1200,"caption":"FLV30750-1 Temporary Jumper for Transformer Bushing"},{"@type":"BreadcrumbList","@id":"https:\/\/www.ritzbrasil.com\/en\/produtos\/temporary-jumpers\/temporary-jumper-for-transformer-bushing\/#breadcrumb","itemListElement":[{"@type":"ListItem","position":1,"name":"In\u00edcio","item":"https:\/\/www.ritzbrasil.com\/en\/"},{"@type":"ListItem","position":2,"name":"Shop","item":"https:\/\/www.ritzbrasil.com\/en\/shop\/"},{"@type":"ListItem","position":3,"name":"Temporary Jumper for Transformer Bushing"}]},{"@type":"WebSite","@id":"https:\/\/www.ritzbrasil.com\/en\/#website","url":"https:\/\/www.ritzbrasil.com\/en\/","name":"Equipamentos de Manuten\u00e7\u00e3o e Seguran\u00e7a para o Setor El\u00e9trico - Ritz Brasil","description":"","potentialAction":[{"@type":"SearchAction","target":{"@type":"EntryPoint","urlTemplate":"https:\/\/www.ritzbrasil.com\/en\/?s={search_term_string}"},"query-input":{"@type":"PropertyValueSpecification","valueRequired":true,"valueName":"search_term_string"}}],"inLanguage":"en-US"}]}},"_links":{"self":[{"href":"https:\/\/www.ritzbrasil.com\/en\/wp-json\/wp\/v2\/product\/60896","targetHints":{"allow":["GET"]}}],"collection":[{"href":"https:\/\/www.ritzbrasil.com\/en\/wp-json\/wp\/v2\/product"}],"about":[{"href":"https:\/\/www.ritzbrasil.com\/en\/wp-json\/wp\/v2\/types\/product"}],"wp:featuredmedia":[{"embeddable":true,"href":"https:\/\/www.ritzbrasil.com\/en\/wp-json\/wp\/v2\/media\/60208"}],"wp:attachment":[{"href":"https:\/\/www.ritzbrasil.com\/en\/wp-json\/wp\/v2\/media?parent=60896"}],"wp:term":[{"taxonomy":"product_brand","embeddable":true,"href":"https:\/\/www.ritzbrasil.com\/en\/wp-json\/wp\/v2\/product_brand?post=60896"},{"taxonomy":"product_cat","embeddable":true,"href":"https:\/\/www.ritzbrasil.com\/en\/wp-json\/wp\/v2\/product_cat?post=60896"},{"taxonomy":"product_tag","embeddable":true,"href":"https:\/\/www.ritzbrasil.com\/en\/wp-json\/wp\/v2\/product_tag?post=60896"}],"curies":[{"name":"wp","href":"https:\/\/api.w.org\/{rel}","templated":true}]}}