{"id":60894,"date":"2024-11-04T13:48:49","date_gmt":"2024-11-04T16:48:49","guid":{"rendered":"https:\/\/bisque-bison-688002.hostingersite.com\/produtos\/uncategorized\/jumper-for-low-voltage-three-phase-secondary-distribution-network-circuits\/"},"modified":"2025-10-20T10:37:44","modified_gmt":"2025-10-20T13:37:44","slug":"jumper-for-low-voltage-three-phase-secondary-distribution-network-circuits","status":"publish","type":"product","link":"https:\/\/www.ritzbrasil.com\/en\/produtos\/temporary-jumpers\/jumper-for-low-voltage-three-phase-secondary-distribution-network-circuits\/","title":{"rendered":"Jumper for Low Voltage Three-Phase Secondary Distribution Network Circuits"},"content":{"rendered":"<div class=\"wpb-content-wrapper\"><p>[vc_row][vc_column][vc_column_text css=&#8221;.vc_custom_1730738729715{margin-top: 20px !important;}&#8221;]<\/p>\n<h4><span style=\"color: #ff9900;\"><strong>FLV31299-1 Jumper for Low Voltage Three-Phase Secondary Distribution Network Circuits<\/strong><\/span><\/h4>\n<p>[\/vc_column_text][vc_column_text css=&#8221;.vc_custom_1760967315310{margin-top: -20px !important;}&#8221;]\n<div id=\"tablepress-FLV31299-1-Jumper-Circuitos-Rede-Secundaria-EN-scroll-wrapper\" class=\"tablepress-scroll-wrapper\">\n<table id=\"tablepress-FLV31299-1-Jumper-Circuitos-Rede-Secundaria-EN\" class=\"tablepress tablepress-id-FLV31299-1-Jumper-Circuitos-Rede-Secundaria-EN tablepress-responsive\">\n<thead>\n<tr class=\"row-1\">\n\t<td class=\"column-1\"><\/td><th class=\"column-2\">References<\/th><th class=\"column-3\">Feature<\/th><td class=\"column-4\"><\/td>\n<\/tr>\n<\/thead>\n<tbody class=\"row-striping row-hover\">\n<tr class=\"row-2\">\n\t<td class=\"column-1\"><img decoding=\"async\" src=\"https:\/\/www.ritzbrasil.com\/wp-content\/uploads\/2024\/11\/flv31299-1-jumper-circuitos-rede-secundaria-distribuicao-trifasica-baixa-tensao-150x150-1.jpg\" \/><\/td><td class=\"column-2\">FLV31299-1<\/td><td class=\"column-3\">Maximum rated operating voltage: 400V ACApprox. Weight: 20.00 kg (44.09 lb)<\/td><td class=\"column-4\">    <button class=\"add-to-budget\" data-table-id=\"FLV31299-1-Jumper-Circuitos-Rede-Secundaria\" data-reference=\"FLV31299-1\" data-description=\"FLV31299-1 Jumper for Low Voltage Three-Phase Secondary Distribution Network Circuits\" style=\"color:#ff4d00;\">\n        <img decoding=\"async\" src=\"https:\/\/www.ritzbrasil.com\/\/wp-content\/uploads\/2024\/07\/orcar-compras-tabela-new-1.png\" alt=\"Request quote\" title=\"Request quote\" \/>\n    <\/button>\n    <\/td>\n<\/tr>\n<\/tbody>\n<\/table>\n<\/div>\n[\/vc_column_text][vc_column_text css=&#8221;.vc_custom_1730738679136{margin-top: -20px !important;}&#8221;]Set comprising: 06 clamps protected with orange polystyrene insulating protection up to 25kV (RT601-0039); 01 junction box with 3x250A 415V 20kA circuit breaker; 10.2 Type I 35mm\u00b2 (200 A) copper cable with EPR insulation up to 15kV, with 2 flights of 1.5; 2 lengths of 1.7m and 2 lengths of 1.9m (R3751); 06 threaded and tinned copper terminals (RC600-2622); retractable term (ATR17923); 06 long tinned copper terminals (ATR26446-4); 06 phase A blue retractable term (1000976); 01<br \/>\nRed retractable thermos phase B (1000977); 01 white retractable thermos phase C (1000978); 01 U-type holder (1000015); 01 holder handle (5002518).[\/vc_column_text][vc_separator border_width=&#8221;2&#8243; css=&#8221;&#8221;][\/vc_column][\/vc_row]<\/p>\n<\/div>","protected":false},"excerpt":{"rendered":"<h4><span style=\"color: #ff9900;\">Jumper for Secondary Low Voltage Three-Phase Networks<\/span><\/h4>\n<p>Versatile application as a temporary jumper and shunt in low-voltage three-phase energized circuits (220V\/200A).<\/p>\n<p>It also stands out as a jumper in secondary circuits of transformers up to 75kVA in electricity distribution networks. It is also an efficient solution for temporarily transporting power between points during corrective or preventive maintenance procedures. The integrated circuit breaker provides additional protection against overloads and short circuits.<\/p>\n<p>Equipped with a U-type bracket that simplifies installation and makes it possible to attach it to pole handles.<br \/>\nMaximum rated working voltage: 400Vac<br \/>\nApprox. weight: 20.00 kg (44.09 lb)<\/p>\n","protected":false},"featured_media":60232,"template":"","meta":[],"product_brand":[],"product_cat":[1680],"product_tag":[1804],"class_list":{"0":"post-60894","1":"product","2":"type-product","3":"status-publish","4":"has-post-thumbnail","6":"product_cat-temporary-jumpers","7":"product_tag-flv31299-1-en","8":"description-off","10":"first","11":"instock","12":"virtual","13":"product-type-simple"},"yoast_head":"<!-- This site is optimized with the Yoast SEO plugin v27.1.1 - https:\/\/yoast.com\/product\/yoast-seo-wordpress\/ -->\n<title>Jumper for Secondary Low Voltage Three-Phase Networks<\/title>\n<meta name=\"description\" content=\"Jumper for three-phase low-voltage networks (220V\/200A), ideal for bypassing and temporary use in energized circuits and transformers up to 75kVA.\" \/>\n<meta name=\"robots\" content=\"index, follow, max-snippet:-1, max-image-preview:large, max-video-preview:-1\" \/>\n<link rel=\"canonical\" href=\"https:\/\/www.ritzbrasil.com\/en\/produtos\/temporary-jumpers\/jumper-for-low-voltage-three-phase-secondary-distribution-network-circuits\/\" \/>\n<meta property=\"og:locale\" content=\"en_US\" \/>\n<meta property=\"og:type\" content=\"article\" \/>\n<meta property=\"og:title\" content=\"Jumper for Secondary Low Voltage Three-Phase Networks\" \/>\n<meta property=\"og:description\" content=\"Jumper for three-phase low-voltage networks (220V\/200A), ideal for bypassing and temporary use in energized circuits and transformers up to 75kVA.\" \/>\n<meta property=\"og:url\" content=\"https:\/\/www.ritzbrasil.com\/en\/produtos\/temporary-jumpers\/jumper-for-low-voltage-three-phase-secondary-distribution-network-circuits\/\" \/>\n<meta property=\"og:site_name\" content=\"Equipamentos de Manuten\u00e7\u00e3o e Seguran\u00e7a para o Setor El\u00e9trico - Ritz Brasil\" \/>\n<meta property=\"article:modified_time\" content=\"2025-10-20T13:37:44+00:00\" \/>\n<meta property=\"og:image\" content=\"https:\/\/www.ritzbrasil.com\/wp-content\/uploads\/2024\/11\/flv31299-1-jumper-circuitos-rede-secundaria-distribuicao-trifasica-baixa-tensao.jpg\" \/>\n\t<meta property=\"og:image:width\" content=\"1200\" \/>\n\t<meta property=\"og:image:height\" content=\"1200\" \/>\n\t<meta property=\"og:image:type\" content=\"image\/jpeg\" \/>\n<meta name=\"twitter:card\" content=\"summary_large_image\" \/>\n<meta name=\"twitter:label1\" content=\"Est. reading time\" \/>\n\t<meta name=\"twitter:data1\" content=\"1 minute\" \/>\n<script type=\"application\/ld+json\" class=\"yoast-schema-graph\">{\"@context\":\"https:\/\/schema.org\",\"@graph\":[{\"@type\":\"WebPage\",\"@id\":\"https:\/\/www.ritzbrasil.com\/en\/produtos\/temporary-jumpers\/jumper-for-low-voltage-three-phase-secondary-distribution-network-circuits\/\",\"url\":\"https:\/\/www.ritzbrasil.com\/en\/produtos\/temporary-jumpers\/jumper-for-low-voltage-three-phase-secondary-distribution-network-circuits\/\",\"name\":\"Jumper for Secondary Low Voltage Three-Phase Networks\",\"isPartOf\":{\"@id\":\"https:\/\/www.ritzbrasil.com\/en\/#website\"},\"primaryImageOfPage\":{\"@id\":\"https:\/\/www.ritzbrasil.com\/en\/produtos\/temporary-jumpers\/jumper-for-low-voltage-three-phase-secondary-distribution-network-circuits\/#primaryimage\"},\"image\":{\"@id\":\"https:\/\/www.ritzbrasil.com\/en\/produtos\/temporary-jumpers\/jumper-for-low-voltage-three-phase-secondary-distribution-network-circuits\/#primaryimage\"},\"thumbnailUrl\":\"https:\/\/www.ritzbrasil.com\/wp-content\/uploads\/2024\/11\/flv31299-1-jumper-circuitos-rede-secundaria-distribuicao-trifasica-baixa-tensao.jpg\",\"datePublished\":\"2024-11-04T16:48:49+00:00\",\"dateModified\":\"2025-10-20T13:37:44+00:00\",\"description\":\"Jumper for three-phase low-voltage networks (220V\/200A), ideal for bypassing and temporary use in energized circuits and transformers up to 75kVA.\",\"breadcrumb\":{\"@id\":\"https:\/\/www.ritzbrasil.com\/en\/produtos\/temporary-jumpers\/jumper-for-low-voltage-three-phase-secondary-distribution-network-circuits\/#breadcrumb\"},\"inLanguage\":\"en-US\",\"potentialAction\":[{\"@type\":\"ReadAction\",\"target\":[\"https:\/\/www.ritzbrasil.com\/en\/produtos\/temporary-jumpers\/jumper-for-low-voltage-three-phase-secondary-distribution-network-circuits\/\"]}]},{\"@type\":\"ImageObject\",\"inLanguage\":\"en-US\",\"@id\":\"https:\/\/www.ritzbrasil.com\/en\/produtos\/temporary-jumpers\/jumper-for-low-voltage-three-phase-secondary-distribution-network-circuits\/#primaryimage\",\"url\":\"https:\/\/www.ritzbrasil.com\/wp-content\/uploads\/2024\/11\/flv31299-1-jumper-circuitos-rede-secundaria-distribuicao-trifasica-baixa-tensao.jpg\",\"contentUrl\":\"https:\/\/www.ritzbrasil.com\/wp-content\/uploads\/2024\/11\/flv31299-1-jumper-circuitos-rede-secundaria-distribuicao-trifasica-baixa-tensao.jpg\",\"width\":1200,\"height\":1200,\"caption\":\"FLV31299-1 Jumper for Low Voltage Three-Phase Secondary Distribution Network Circuits\"},{\"@type\":\"BreadcrumbList\",\"@id\":\"https:\/\/www.ritzbrasil.com\/en\/produtos\/temporary-jumpers\/jumper-for-low-voltage-three-phase-secondary-distribution-network-circuits\/#breadcrumb\",\"itemListElement\":[{\"@type\":\"ListItem\",\"position\":1,\"name\":\"In\u00edcio\",\"item\":\"https:\/\/www.ritzbrasil.com\/en\/\"},{\"@type\":\"ListItem\",\"position\":2,\"name\":\"Shop\",\"item\":\"https:\/\/www.ritzbrasil.com\/en\/shop\/\"},{\"@type\":\"ListItem\",\"position\":3,\"name\":\"Jumper for Low Voltage Three-Phase Secondary Distribution Network Circuits\"}]},{\"@type\":\"WebSite\",\"@id\":\"https:\/\/www.ritzbrasil.com\/en\/#website\",\"url\":\"https:\/\/www.ritzbrasil.com\/en\/\",\"name\":\"Equipamentos de Manuten\u00e7\u00e3o e Seguran\u00e7a para o Setor El\u00e9trico - Ritz Brasil\",\"description\":\"\",\"potentialAction\":[{\"@type\":\"SearchAction\",\"target\":{\"@type\":\"EntryPoint\",\"urlTemplate\":\"https:\/\/www.ritzbrasil.com\/en\/?s={search_term_string}\"},\"query-input\":{\"@type\":\"PropertyValueSpecification\",\"valueRequired\":true,\"valueName\":\"search_term_string\"}}],\"inLanguage\":\"en-US\"}]}<\/script>\n<!-- \/ Yoast SEO plugin. -->","yoast_head_json":{"title":"Jumper for Secondary Low Voltage Three-Phase Networks","description":"Jumper for three-phase low-voltage networks (220V\/200A), ideal for bypassing and temporary use in energized circuits and transformers up to 75kVA.","robots":{"index":"index","follow":"follow","max-snippet":"max-snippet:-1","max-image-preview":"max-image-preview:large","max-video-preview":"max-video-preview:-1"},"canonical":"https:\/\/www.ritzbrasil.com\/en\/produtos\/temporary-jumpers\/jumper-for-low-voltage-three-phase-secondary-distribution-network-circuits\/","og_locale":"en_US","og_type":"article","og_title":"Jumper for Secondary Low Voltage Three-Phase Networks","og_description":"Jumper for three-phase low-voltage networks (220V\/200A), ideal for bypassing and temporary use in energized circuits and transformers up to 75kVA.","og_url":"https:\/\/www.ritzbrasil.com\/en\/produtos\/temporary-jumpers\/jumper-for-low-voltage-three-phase-secondary-distribution-network-circuits\/","og_site_name":"Equipamentos de Manuten\u00e7\u00e3o e Seguran\u00e7a para o Setor El\u00e9trico - Ritz Brasil","article_modified_time":"2025-10-20T13:37:44+00:00","og_image":[{"width":1200,"height":1200,"url":"https:\/\/www.ritzbrasil.com\/wp-content\/uploads\/2024\/11\/flv31299-1-jumper-circuitos-rede-secundaria-distribuicao-trifasica-baixa-tensao.jpg","type":"image\/jpeg"}],"twitter_card":"summary_large_image","twitter_misc":{"Est. reading time":"1 minute"},"schema":{"@context":"https:\/\/schema.org","@graph":[{"@type":"WebPage","@id":"https:\/\/www.ritzbrasil.com\/en\/produtos\/temporary-jumpers\/jumper-for-low-voltage-three-phase-secondary-distribution-network-circuits\/","url":"https:\/\/www.ritzbrasil.com\/en\/produtos\/temporary-jumpers\/jumper-for-low-voltage-three-phase-secondary-distribution-network-circuits\/","name":"Jumper for Secondary Low Voltage Three-Phase Networks","isPartOf":{"@id":"https:\/\/www.ritzbrasil.com\/en\/#website"},"primaryImageOfPage":{"@id":"https:\/\/www.ritzbrasil.com\/en\/produtos\/temporary-jumpers\/jumper-for-low-voltage-three-phase-secondary-distribution-network-circuits\/#primaryimage"},"image":{"@id":"https:\/\/www.ritzbrasil.com\/en\/produtos\/temporary-jumpers\/jumper-for-low-voltage-three-phase-secondary-distribution-network-circuits\/#primaryimage"},"thumbnailUrl":"https:\/\/www.ritzbrasil.com\/wp-content\/uploads\/2024\/11\/flv31299-1-jumper-circuitos-rede-secundaria-distribuicao-trifasica-baixa-tensao.jpg","datePublished":"2024-11-04T16:48:49+00:00","dateModified":"2025-10-20T13:37:44+00:00","description":"Jumper for three-phase low-voltage networks (220V\/200A), ideal for bypassing and temporary use in energized circuits and transformers up to 75kVA.","breadcrumb":{"@id":"https:\/\/www.ritzbrasil.com\/en\/produtos\/temporary-jumpers\/jumper-for-low-voltage-three-phase-secondary-distribution-network-circuits\/#breadcrumb"},"inLanguage":"en-US","potentialAction":[{"@type":"ReadAction","target":["https:\/\/www.ritzbrasil.com\/en\/produtos\/temporary-jumpers\/jumper-for-low-voltage-three-phase-secondary-distribution-network-circuits\/"]}]},{"@type":"ImageObject","inLanguage":"en-US","@id":"https:\/\/www.ritzbrasil.com\/en\/produtos\/temporary-jumpers\/jumper-for-low-voltage-three-phase-secondary-distribution-network-circuits\/#primaryimage","url":"https:\/\/www.ritzbrasil.com\/wp-content\/uploads\/2024\/11\/flv31299-1-jumper-circuitos-rede-secundaria-distribuicao-trifasica-baixa-tensao.jpg","contentUrl":"https:\/\/www.ritzbrasil.com\/wp-content\/uploads\/2024\/11\/flv31299-1-jumper-circuitos-rede-secundaria-distribuicao-trifasica-baixa-tensao.jpg","width":1200,"height":1200,"caption":"FLV31299-1 Jumper for Low Voltage Three-Phase Secondary Distribution Network Circuits"},{"@type":"BreadcrumbList","@id":"https:\/\/www.ritzbrasil.com\/en\/produtos\/temporary-jumpers\/jumper-for-low-voltage-three-phase-secondary-distribution-network-circuits\/#breadcrumb","itemListElement":[{"@type":"ListItem","position":1,"name":"In\u00edcio","item":"https:\/\/www.ritzbrasil.com\/en\/"},{"@type":"ListItem","position":2,"name":"Shop","item":"https:\/\/www.ritzbrasil.com\/en\/shop\/"},{"@type":"ListItem","position":3,"name":"Jumper for Low Voltage Three-Phase Secondary Distribution Network Circuits"}]},{"@type":"WebSite","@id":"https:\/\/www.ritzbrasil.com\/en\/#website","url":"https:\/\/www.ritzbrasil.com\/en\/","name":"Equipamentos de Manuten\u00e7\u00e3o e Seguran\u00e7a para o Setor El\u00e9trico - Ritz Brasil","description":"","potentialAction":[{"@type":"SearchAction","target":{"@type":"EntryPoint","urlTemplate":"https:\/\/www.ritzbrasil.com\/en\/?s={search_term_string}"},"query-input":{"@type":"PropertyValueSpecification","valueRequired":true,"valueName":"search_term_string"}}],"inLanguage":"en-US"}]}},"_links":{"self":[{"href":"https:\/\/www.ritzbrasil.com\/en\/wp-json\/wp\/v2\/product\/60894","targetHints":{"allow":["GET"]}}],"collection":[{"href":"https:\/\/www.ritzbrasil.com\/en\/wp-json\/wp\/v2\/product"}],"about":[{"href":"https:\/\/www.ritzbrasil.com\/en\/wp-json\/wp\/v2\/types\/product"}],"wp:featuredmedia":[{"embeddable":true,"href":"https:\/\/www.ritzbrasil.com\/en\/wp-json\/wp\/v2\/media\/60232"}],"wp:attachment":[{"href":"https:\/\/www.ritzbrasil.com\/en\/wp-json\/wp\/v2\/media?parent=60894"}],"wp:term":[{"taxonomy":"product_brand","embeddable":true,"href":"https:\/\/www.ritzbrasil.com\/en\/wp-json\/wp\/v2\/product_brand?post=60894"},{"taxonomy":"product_cat","embeddable":true,"href":"https:\/\/www.ritzbrasil.com\/en\/wp-json\/wp\/v2\/product_cat?post=60894"},{"taxonomy":"product_tag","embeddable":true,"href":"https:\/\/www.ritzbrasil.com\/en\/wp-json\/wp\/v2\/product_tag?post=60894"}],"curies":[{"name":"wp","href":"https:\/\/api.w.org\/{rel}","templated":true}]}}