{"id":60892,"date":"2024-11-05T19:09:41","date_gmt":"2024-11-05T22:09:41","guid":{"rendered":"https:\/\/bisque-bison-688002.hostingersite.com\/produtos\/uncategorized\/mobile-disconnector\/"},"modified":"2025-07-23T10:07:48","modified_gmt":"2025-07-23T13:07:48","slug":"mobile-disconnector","status":"publish","type":"product","link":"https:\/\/www.ritzbrasil.com\/en\/produtos\/temporary-jumpers\/mobile-disconnector\/","title":{"rendered":"Mobile disconnector"},"content":{"rendered":"<div class=\"wpb-content-wrapper\"><p>[vc_row][vc_column][vc_column_text css=&#8221;.vc_custom_1730842028113{margin-top: 20px !important;}&#8221;]<\/p>\n<h4><span style=\"color: #ff9900;\"><strong>Mobile disconnector<\/strong><\/span><\/h4>\n<p>[\/vc_column_text][vc_column_text css=&#8221;.vc_custom_1753276050677{margin-top: -20px !important;}&#8221;]\n<div id=\"tablepress-Seccionador-Movel-EN-scroll-wrapper\" class=\"tablepress-scroll-wrapper\">\n<table id=\"tablepress-Seccionador-Movel-EN\" class=\"tablepress tablepress-id-Seccionador-Movel-EN tablepress-responsive\">\n<thead>\n<tr class=\"row-1\">\n\t<td class=\"column-1\"><\/td><th class=\"column-2\">References<\/th><th class=\"column-3\">Feature<\/th><td class=\"column-4\"><\/td>\n<\/tr>\n<\/thead>\n<tbody class=\"row-striping row-hover\">\n<tr class=\"row-2\">\n\t<td class=\"column-1\"><img decoding=\"async\" src=\"https:\/\/www.ritzbrasil.com\/wp-content\/uploads\/2024\/11\/FLV28201-1-Secionador-movel-150x150-1.jpg\" \/><\/td><td class=\"column-2\">FLV28201-1<\/td><td class=\"column-3\">Mobile disconnector for intervention on energized lines with voltages from 69 a 230 kV<\/td><td class=\"column-4\">    <button class=\"add-to-budget\" data-table-id=\"Seccionador-Movel\" data-reference=\"FLV28201-1\" data-description=\"Mobile disconnector\" style=\"color:#ff4d00;\">\n        <img decoding=\"async\" src=\"https:\/\/www.ritzbrasil.com\/\/wp-content\/uploads\/2024\/07\/orcar-compras-tabela-new-1.png\" alt=\"Request quote\" title=\"Request quote\" \/>\n    <\/button>\n    <\/td>\n<\/tr>\n<tr class=\"row-3\">\n\t<td class=\"column-1\"><img decoding=\"async\" src=\"https:\/\/www.ritzbrasil.com\/wp-content\/uploads\/2024\/11\/FLV18171-1-Secionador-movel-150x150-1.jpg\" \/><\/td><td class=\"column-2\">FLV18171-1<\/td><td class=\"column-3\">Mobile disconnector for intervention on energized lines with voltages from 230 to 500 kV<br \/>\n<\/td><td class=\"column-4\">    <button class=\"add-to-budget\" data-table-id=\"Seccionador-Movel\" data-reference=\"FLV18171-1\" data-description=\"Mobile disconnector\" style=\"color:#ff4d00;\">\n        <img decoding=\"async\" src=\"https:\/\/www.ritzbrasil.com\/\/wp-content\/uploads\/2024\/07\/orcar-compras-tabela-new-1.png\" alt=\"Request quote\" title=\"Request quote\" \/>\n    <\/button>\n    <\/td>\n<\/tr>\n<\/tbody>\n<\/table>\n<\/div>\n[\/vc_column_text][vc_separator border_width=&#8221;2&#8243; css=&#8221;&#8221;][\/vc_column][\/vc_row][vc_row][vc_column][vc_column_text css=&#8221;.vc_custom_1730843738962{margin-top: 20px !important;}&#8221;]<\/p>\n<h4><span style=\"color: #ff9900;\"><strong>Components<\/strong><\/span><\/h4>\n<p>[\/vc_column_text][vc_column_text css=&#8221;.vc_custom_1753276060844{margin-top: -20px !important;}&#8221;]\n<div id=\"tablepress-Seccionador-Movel-componentes-EN-scroll-wrapper\" class=\"tablepress-scroll-wrapper\">\n<table id=\"tablepress-Seccionador-Movel-componentes-EN\" class=\"tablepress tablepress-id-Seccionador-Movel-componentes-EN tablepress-responsive\">\n<thead>\n<tr class=\"row-1\">\n\t<td class=\"column-1\"><\/td><th class=\"column-2\">References<\/th><th class=\"column-3\">Feature<\/th><td class=\"column-4\"><\/td>\n<\/tr>\n<\/thead>\n<tbody class=\"row-striping row-hover\">\n<tr class=\"row-2\">\n\t<td class=\"column-1\"><img decoding=\"async\" src=\"https:\/\/www.ritzbrasil.com\/wp-content\/uploads\/2024\/09\/flv18169-1-suporte-icamento-andaime-isolante-150x150-1.jpg\" \/><\/td><td class=\"column-2\">FLV18169-1<\/td><td class=\"column-3\">Lifting support<\/td><td class=\"column-4\">    <button class=\"add-to-budget\" data-table-id=\"Seccionador-Movel-componentes-EN\" data-reference=\"FLV18169-1\" data-description=\"Mobile Disconnector&lt;br \/&gt;\n- Components\" style=\"color:#ff4d00;\">\n        <img decoding=\"async\" src=\"https:\/\/www.ritzbrasil.com\/\/wp-content\/uploads\/2024\/07\/orcar-compras-tabela-new-1.png\" alt=\"Request quote\" title=\"Request quote\" \/>\n    <\/button>\n    <\/td>\n<\/tr>\n<tr class=\"row-3\">\n\t<td class=\"column-1\"><img decoding=\"async\" src=\"https:\/\/www.ritzbrasil.com\/wp-content\/uploads\/2024\/09\/flv18169-2-suporte-icamento-andaime-isolante-150x150-1.jpg\" \/><\/td><td class=\"column-2\">FLV18169-2<\/td><td class=\"column-3\">Lifting support<\/td><td class=\"column-4\">    <button class=\"add-to-budget\" data-table-id=\"Seccionador-Movel-componentes\" data-reference=\"FLV18169-2\" data-description=\"Mobile Disconnector&lt;br \/&gt;\n- Components\" style=\"color:#ff4d00;\">\n        <img decoding=\"async\" src=\"https:\/\/www.ritzbrasil.com\/\/wp-content\/uploads\/2024\/07\/orcar-compras-tabela-new-1.png\" alt=\"Request quote\" title=\"Request quote\" \/>\n    <\/button>\n    <\/td>\n<\/tr>\n<tr class=\"row-4\">\n\t<td class=\"column-1\"><img decoding=\"async\" src=\"https:\/\/www.ritzbrasil.com\/wp-content\/uploads\/2024\/11\/flv25726-1-parte-ativa-10x150-1.jpg\" \/><\/td><td class=\"column-2\">FLV25726-1<\/td><td class=\"column-3\">Active part<\/td><td class=\"column-4\">    <button class=\"add-to-budget\" data-table-id=\"Seccionador-Movel-componentes\" data-reference=\"FLV25726-1\" data-description=\"Mobile Disconnector&lt;br \/&gt;\n- Components\" style=\"color:#ff4d00;\">\n        <img decoding=\"async\" src=\"https:\/\/www.ritzbrasil.com\/\/wp-content\/uploads\/2024\/07\/orcar-compras-tabela-new-1.png\" alt=\"Request quote\" title=\"Request quote\" \/>\n    <\/button>\n    <\/td>\n<\/tr>\n<tr class=\"row-5\">\n\t<td class=\"column-1\"><img decoding=\"async\" src=\"https:\/\/www.ritzbrasil.com\/wp-content\/uploads\/2024\/11\/flv17173-1-parte-ativa-150x150-1.jpg\" \/><\/td><td class=\"column-2\">FLV17173-1<\/td><td class=\"column-3\">Active part<\/td><td class=\"column-4\">    <button class=\"add-to-budget\" data-table-id=\"Seccionador-Movel-componentes\" data-reference=\"FLV17173-1\" data-description=\"Mobile Disconnector&lt;br \/&gt;\n- Components\" style=\"color:#ff4d00;\">\n        <img decoding=\"async\" src=\"https:\/\/www.ritzbrasil.com\/\/wp-content\/uploads\/2024\/07\/orcar-compras-tabela-new-1.png\" alt=\"Request quote\" title=\"Request quote\" \/>\n    <\/button>\n    <\/td>\n<\/tr>\n<tr class=\"row-6\">\n\t<td class=\"column-1\"><img decoding=\"async\" src=\"https:\/\/www.ritzbrasil.com\/wp-content\/uploads\/2024\/11\/flv18158-1-hastes-manobra-inferior-150x150-1.jpg\" \/><\/td><td class=\"column-2\">FLV18158-1<\/td><td class=\"column-3\">Lower maneuver rods<\/td><td class=\"column-4\">    <button class=\"add-to-budget\" data-table-id=\"Seccionador-Movel-componentes\" data-reference=\"FLV18158-1\" data-description=\"Mobile Disconnector&lt;br \/&gt;\n- Components\" style=\"color:#ff4d00;\">\n        <img decoding=\"async\" src=\"https:\/\/www.ritzbrasil.com\/\/wp-content\/uploads\/2024\/07\/orcar-compras-tabela-new-1.png\" alt=\"Request quote\" title=\"Request quote\" \/>\n    <\/button>\n    <\/td>\n<\/tr>\n<tr class=\"row-7\">\n\t<td class=\"column-1\"><img decoding=\"async\" src=\"https:\/\/www.ritzbrasil.com\/wp-content\/uploads\/2024\/11\/flv18158-2-hastes-manobra-inferior-150x150-1.jpg\" \/><\/td><td class=\"column-2\">FLV18158-2<\/td><td class=\"column-3\">Intermediate maneuver rods<\/td><td class=\"column-4\">    <button class=\"add-to-budget\" data-table-id=\"Seccionador-Movel-componentes\" data-reference=\"FLV18158-2\" data-description=\"Mobile Disconnector&lt;br \/&gt;\n- Components\" style=\"color:#ff4d00;\">\n        <img decoding=\"async\" src=\"https:\/\/www.ritzbrasil.com\/\/wp-content\/uploads\/2024\/07\/orcar-compras-tabela-new-1.png\" alt=\"Request quote\" title=\"Request quote\" \/>\n    <\/button>\n    <\/td>\n<\/tr>\n<tr class=\"row-8\">\n\t<td class=\"column-1\"><img decoding=\"async\" src=\"https:\/\/www.ritzbrasil.com\/wp-content\/uploads\/2024\/11\/flv18158-4-hastes-manobra-intermediario-150x150-1.jpg\" \/><\/td><td class=\"column-2\">FLV18158-5<\/td><td class=\"column-3\">Upper maneuver rods<\/td><td class=\"column-4\">    <button class=\"add-to-budget\" data-table-id=\"Seccionador-Movel-componentes\" data-reference=\"FLV18158-5\" data-description=\"Mobile Disconnector&lt;br \/&gt;\n- Components\" style=\"color:#ff4d00;\">\n        <img decoding=\"async\" src=\"https:\/\/www.ritzbrasil.com\/\/wp-content\/uploads\/2024\/07\/orcar-compras-tabela-new-1.png\" alt=\"Request quote\" title=\"Request quote\" \/>\n    <\/button>\n    <\/td>\n<\/tr>\n<tr class=\"row-9\">\n\t<td class=\"column-1\"><img decoding=\"async\" src=\"https:\/\/www.ritzbrasil.com\/wp-content\/uploads\/2024\/11\/flv18158-3-hastes-manobra-inferior-150x150-1.jpg\" \/><\/td><td class=\"column-2\">FLV18158-3<\/td><td class=\"column-3\">Lower maneuver rods<\/td><td class=\"column-4\">    <button class=\"add-to-budget\" data-table-id=\"Seccionador-Movel-componentes\" data-reference=\"FLV18158-3\" data-description=\"Mobile Disconnector&lt;br \/&gt;\n- Components\" style=\"color:#ff4d00;\">\n        <img decoding=\"async\" src=\"https:\/\/www.ritzbrasil.com\/\/wp-content\/uploads\/2024\/07\/orcar-compras-tabela-new-1.png\" alt=\"Request quote\" title=\"Request quote\" \/>\n    <\/button>\n    <\/td>\n<\/tr>\n<tr class=\"row-10\">\n\t<td class=\"column-1\"><img decoding=\"async\" src=\"https:\/\/www.ritzbrasil.com\/wp-content\/uploads\/2024\/11\/flv18158-4-hastes-manobra-intermediario-150x150-1.jpg\" \/><\/td><td class=\"column-2\">FLV18158-4<\/td><td class=\"column-3\">Intermediate maneuver rods<\/td><td class=\"column-4\">    <button class=\"add-to-budget\" data-table-id=\"Seccionador-Movel-componentes\" data-reference=\"FLV18158-4\" data-description=\"Mobile Disconnector&lt;br \/&gt;\n- Components\" style=\"color:#ff4d00;\">\n        <img decoding=\"async\" src=\"https:\/\/www.ritzbrasil.com\/\/wp-content\/uploads\/2024\/07\/orcar-compras-tabela-new-1.png\" alt=\"Request quote\" title=\"Request quote\" \/>\n    <\/button>\n    <\/td>\n<\/tr>\n<tr class=\"row-11\">\n\t<td class=\"column-1\"><img decoding=\"async\" src=\"https:\/\/www.ritzbrasil.com\/wp-content\/uploads\/2024\/11\/flv18158-6-hastes-manobra-superior-150x150-1.jpg\" \/><\/td><td class=\"column-2\">FLV18158-6<\/td><td class=\"column-3\">Intermediate maneuver rods<\/td><td class=\"column-4\">    <button class=\"add-to-budget\" data-table-id=\"Seccionador-Movel-componentes\" data-reference=\"FLV18158-6\" data-description=\"Mobile Disconnector&lt;br \/&gt;\n- Components\" style=\"color:#ff4d00;\">\n        <img decoding=\"async\" src=\"https:\/\/www.ritzbrasil.com\/\/wp-content\/uploads\/2024\/07\/orcar-compras-tabela-new-1.png\" alt=\"Request quote\" title=\"Request quote\" \/>\n    <\/button>\n    <\/td>\n<\/tr>\n<tr class=\"row-12\">\n\t<td class=\"column-1\"><img decoding=\"async\" src=\"https:\/\/www.ritzbrasil.com\/wp-content\/uploads\/2024\/11\/flv17172-1-mancal-apoio-haste-150x150-1.jpg\" \/><\/td><td class=\"column-2\">FLV17172-1<\/td><td class=\"column-3\">Rod support bearing<br \/>\n<\/td><td class=\"column-4\">    <button class=\"add-to-budget\" data-table-id=\"Seccionador-Movel-componentes\" data-reference=\"FLV17172-1\" data-description=\"Mobile Disconnector&lt;br \/&gt;\n- Components\" style=\"color:#ff4d00;\">\n        <img decoding=\"async\" src=\"https:\/\/www.ritzbrasil.com\/\/wp-content\/uploads\/2024\/07\/orcar-compras-tabela-new-1.png\" alt=\"Request quote\" title=\"Request quote\" \/>\n    <\/button>\n    <\/td>\n<\/tr>\n<tr class=\"row-13\">\n\t<td class=\"column-1\"><img decoding=\"async\" src=\"https:\/\/www.ritzbrasil.com\/wp-content\/uploads\/2024\/11\/flv18170-1-motoredutor-150x150-1.jpg\" \/><\/td><td class=\"column-2\">FLV18170-1<\/td><td class=\"column-3\">Gearmotor<\/td><td class=\"column-4\">    <button class=\"add-to-budget\" data-table-id=\"Seccionador-Movel-componentes\" data-reference=\"FLV18170-1\" data-description=\"Mobile Disconnector&lt;br \/&gt;\n- Components\" style=\"color:#ff4d00;\">\n        <img decoding=\"async\" src=\"https:\/\/www.ritzbrasil.com\/\/wp-content\/uploads\/2024\/07\/orcar-compras-tabela-new-1.png\" alt=\"Request quote\" title=\"Request quote\" \/>\n    <\/button>\n    <\/td>\n<\/tr>\n<tr class=\"row-14\">\n\t<td class=\"column-1\"><img decoding=\"async\" src=\"https:\/\/www.ritzbrasil.com\/wp-content\/uploads\/2024\/11\/flv18161-1-caixa-comando-150x150-1.jpg\" \/><\/td><td class=\"column-2\">FLV18161-1<\/td><td class=\"column-3\">Control box<\/td><td class=\"column-4\">    <button class=\"add-to-budget\" data-table-id=\"Seccionador-Movel-componentes\" data-reference=\"FLV18161-1\" data-description=\"Mobile Disconnector&lt;br \/&gt;\n- Components\" style=\"color:#ff4d00;\">\n        <img decoding=\"async\" src=\"https:\/\/www.ritzbrasil.com\/\/wp-content\/uploads\/2024\/07\/orcar-compras-tabela-new-1.png\" alt=\"Request quote\" title=\"Request quote\" \/>\n    <\/button>\n    <\/td>\n<\/tr>\n<tr class=\"row-15\">\n\t<td class=\"column-1\"><img decoding=\"async\" src=\"\" \/><\/td><td class=\"column-2\">FLV25886-1<\/td><td class=\"column-3\">Packaging for<br \/>\ndisconnector<\/td><td class=\"column-4\">    <button class=\"add-to-budget\" data-table-id=\"Seccionador-Movel-componentes\" data-reference=\"FLV25886-1\" data-description=\"Mobile Disconnector&lt;br \/&gt;\n- Components\" style=\"color:#ff4d00;\">\n        <img decoding=\"async\" src=\"https:\/\/www.ritzbrasil.com\/\/wp-content\/uploads\/2024\/07\/orcar-compras-tabela-new-1.png\" alt=\"Request quote\" title=\"Request quote\" \/>\n    <\/button>\n    <\/td>\n<\/tr>\n<tr class=\"row-16\">\n\t<td class=\"column-1\"><img decoding=\"async\" src=\"\" \/><\/td><td class=\"column-2\">FLV21133-1<\/td><td class=\"column-3\">Packaging for<br \/>\ndisconnector<\/td><td class=\"column-4\">    <button class=\"add-to-budget\" data-table-id=\"Seccionador-Movel-componentes\" data-reference=\"FLV21133-1\" data-description=\"Mobile Disconnector&lt;br \/&gt;\n- Components\" style=\"color:#ff4d00;\">\n        <img decoding=\"async\" src=\"https:\/\/www.ritzbrasil.com\/\/wp-content\/uploads\/2024\/07\/orcar-compras-tabela-new-1.png\" alt=\"Request quote\" title=\"Request quote\" \/>\n    <\/button>\n    <\/td>\n<\/tr>\n<tr class=\"row-17\">\n\t<td class=\"column-1\"><img decoding=\"async\" src=\"\" \/><\/td><td class=\"column-2\">FLV21130-1<\/td><td class=\"column-3\">Gearmotor Packaging<\/td><td class=\"column-4\">    <button class=\"add-to-budget\" data-table-id=\"Seccionador-Movel-componentes\" data-reference=\"FLV21130-1\" data-description=\"SMobile Disconnector&lt;br \/&gt;\n- Components\" style=\"color:#ff4d00;\">\n        <img decoding=\"async\" src=\"https:\/\/www.ritzbrasil.com\/\/wp-content\/uploads\/2024\/07\/orcar-compras-tabela-new-1.png\" alt=\"Request quote\" title=\"Request quote\" \/>\n    <\/button>\n    <\/td>\n<\/tr>\n<\/tbody>\n<\/table>\n<\/div>\n[\/vc_column_text][vc_column_text css=&#8221;.vc_custom_1730843852932{margin-top: -20px !important;}&#8221;]<span style=\"color: #ff0000;\"><strong>IMAGES MISSING | FLV25886-1 | FLV21133-1 | FLV21130-1<\/strong><\/span>[\/vc_column_text][vc_separator border_width=&#8221;2&#8243; css=&#8221;&#8221;][\/vc_column][\/vc_row]<\/p>\n<\/div>","protected":false},"excerpt":{"rendered":"<h4><span style=\"color: #ff9900;\">Mobile disconnector<\/span><\/h4>\n<p>Equipment with an insulating structure and remote control that enables the disconnection and connection of TPCs (Capacitive Potential Transformers) and PRs (Lightning Rods) on busbars and terminals of energized transmission lines in substations from 69 to 500kV, which, combined with live line techniques, allows maintenance or replacement of the equipment without the need to disconnect the circuits.<\/p>\n<p>Developed to facilitate assembly in the field by live line crews, while maintaining the routine use of insulating scaffolding and its safety distances.<\/p>\n<p>For use, an insulated modular scaffold is required, which must be purchased separately.<\/p>\n<p><strong>MAIN ADVANTAGES<\/strong><br \/>\n&#8211; Increased energy availability for utilities.<br \/>\n&#8211; Increased operational flexibility for maintenance teams.<br \/>\n&#8211; Reduced labor costs.<br \/>\n&#8211; Reduced downtime for equipment in the electricity system.<\/p>\n<p><strong>BASIC FEATURES<\/strong><br \/>\n&#8211; Rated operating voltage: 69 to 500 kV<br \/>\n&#8211; Rated contact current: 1200 A<br \/>\n&#8211; Atmospheric impulse withstand voltage: 1050 kV<br \/>\n&#8211; Opening and closing time: 1.5 s<br \/>\n&#8211; Supply voltage: 220 V<br \/>\n&#8211; Typical capacitive opening current: 1A<br \/>\n&#8211; Remote opening and closing with radio frequency control<br \/>\n&#8211; Lever for manual emergency maneuvering<\/p>\n","protected":false},"featured_media":60360,"template":"","meta":[],"product_brand":[],"product_cat":[1680],"product_tag":[1797,1790,1791,1792,1794,1795,1793,1796,1799,1785,1786,1798,1788,1802,1801,1789,1800,1787],"class_list":{"0":"post-60892","1":"product","2":"type-product","3":"status-publish","4":"has-post-thumbnail","6":"product_cat-temporary-jumpers","7":"product_tag-flv17172-1-en","8":"product_tag-flv17173-1-en","9":"product_tag-flv18158-1-en","10":"product_tag-flv18158-2-en","11":"product_tag-flv18158-3-en","12":"product_tag-flv18158-4-en","13":"product_tag-flv18158-5-en","14":"product_tag-flv18158-6-en","15":"product_tag-flv18161-1-en","16":"product_tag-flv18169-1-en","17":"product_tag-flv18169-2-en","18":"product_tag-flv18170-1-en","19":"product_tag-flv18171-1-en","20":"product_tag-flv21130-1-en","21":"product_tag-flv21133-1-en","22":"product_tag-flv25726-1-en","23":"product_tag-flv25886-1-en","24":"product_tag-flv28201-1-en","25":"description-off","27":"first","28":"instock","29":"featured","30":"virtual","31":"product-type-simple"},"yoast_head":"<!-- This site is optimized with the Yoast SEO plugin v27.1.1 - https:\/\/yoast.com\/product\/yoast-seo-wordpress\/ -->\n<title>Mobile disconnector<\/title>\n<meta name=\"description\" content=\"Mobile disconnector for TPC and lightning arresters, allows maintenance in substations from 69 to 500 kV without disconnection, with insulating structure and remote control.\" \/>\n<meta name=\"robots\" content=\"index, follow, max-snippet:-1, max-image-preview:large, max-video-preview:-1\" \/>\n<link rel=\"canonical\" href=\"https:\/\/www.ritzbrasil.com\/en\/produtos\/temporary-jumpers\/mobile-disconnector\/\" \/>\n<meta property=\"og:locale\" content=\"en_US\" \/>\n<meta property=\"og:type\" content=\"article\" \/>\n<meta property=\"og:title\" content=\"Mobile disconnector\" \/>\n<meta property=\"og:description\" content=\"Mobile disconnector for TPC and lightning arresters, allows maintenance in substations from 69 to 500 kV without disconnection, with insulating structure and remote control.\" \/>\n<meta property=\"og:url\" content=\"https:\/\/www.ritzbrasil.com\/en\/produtos\/temporary-jumpers\/mobile-disconnector\/\" \/>\n<meta property=\"og:site_name\" content=\"Equipamentos de Manuten\u00e7\u00e3o e Seguran\u00e7a para o Setor El\u00e9trico - Ritz Brasil\" \/>\n<meta property=\"article:modified_time\" content=\"2025-07-23T13:07:48+00:00\" \/>\n<meta property=\"og:image\" content=\"https:\/\/www.ritzbrasil.com\/wp-content\/uploads\/2024\/11\/FLV18171-1-Secionador-movel-2.jpg\" \/>\n\t<meta property=\"og:image:width\" content=\"1200\" \/>\n\t<meta property=\"og:image:height\" content=\"1200\" \/>\n\t<meta property=\"og:image:type\" content=\"image\/jpeg\" \/>\n<meta name=\"twitter:card\" content=\"summary_large_image\" \/>\n<meta name=\"twitter:label1\" content=\"Est. reading time\" \/>\n\t<meta name=\"twitter:data1\" content=\"1 minute\" \/>\n<script type=\"application\/ld+json\" class=\"yoast-schema-graph\">{\"@context\":\"https:\/\/schema.org\",\"@graph\":[{\"@type\":\"WebPage\",\"@id\":\"https:\/\/www.ritzbrasil.com\/en\/produtos\/temporary-jumpers\/mobile-disconnector\/\",\"url\":\"https:\/\/www.ritzbrasil.com\/en\/produtos\/temporary-jumpers\/mobile-disconnector\/\",\"name\":\"Mobile disconnector\",\"isPartOf\":{\"@id\":\"https:\/\/www.ritzbrasil.com\/en\/#website\"},\"primaryImageOfPage\":{\"@id\":\"https:\/\/www.ritzbrasil.com\/en\/produtos\/temporary-jumpers\/mobile-disconnector\/#primaryimage\"},\"image\":{\"@id\":\"https:\/\/www.ritzbrasil.com\/en\/produtos\/temporary-jumpers\/mobile-disconnector\/#primaryimage\"},\"thumbnailUrl\":\"https:\/\/www.ritzbrasil.com\/wp-content\/uploads\/2024\/11\/FLV18171-1-Secionador-movel-2.jpg\",\"datePublished\":\"2024-11-05T22:09:41+00:00\",\"dateModified\":\"2025-07-23T13:07:48+00:00\",\"description\":\"Mobile disconnector for TPC and lightning arresters, allows maintenance in substations from 69 to 500 kV without disconnection, with insulating structure and remote control.\",\"breadcrumb\":{\"@id\":\"https:\/\/www.ritzbrasil.com\/en\/produtos\/temporary-jumpers\/mobile-disconnector\/#breadcrumb\"},\"inLanguage\":\"en-US\",\"potentialAction\":[{\"@type\":\"ReadAction\",\"target\":[\"https:\/\/www.ritzbrasil.com\/en\/produtos\/temporary-jumpers\/mobile-disconnector\/\"]}]},{\"@type\":\"ImageObject\",\"inLanguage\":\"en-US\",\"@id\":\"https:\/\/www.ritzbrasil.com\/en\/produtos\/temporary-jumpers\/mobile-disconnector\/#primaryimage\",\"url\":\"https:\/\/www.ritzbrasil.com\/wp-content\/uploads\/2024\/11\/FLV18171-1-Secionador-movel-2.jpg\",\"contentUrl\":\"https:\/\/www.ritzbrasil.com\/wp-content\/uploads\/2024\/11\/FLV18171-1-Secionador-movel-2.jpg\",\"width\":1200,\"height\":1200},{\"@type\":\"BreadcrumbList\",\"@id\":\"https:\/\/www.ritzbrasil.com\/en\/produtos\/temporary-jumpers\/mobile-disconnector\/#breadcrumb\",\"itemListElement\":[{\"@type\":\"ListItem\",\"position\":1,\"name\":\"In\u00edcio\",\"item\":\"https:\/\/www.ritzbrasil.com\/en\/\"},{\"@type\":\"ListItem\",\"position\":2,\"name\":\"Shop\",\"item\":\"https:\/\/www.ritzbrasil.com\/en\/shop\/\"},{\"@type\":\"ListItem\",\"position\":3,\"name\":\"Mobile disconnector\"}]},{\"@type\":\"WebSite\",\"@id\":\"https:\/\/www.ritzbrasil.com\/en\/#website\",\"url\":\"https:\/\/www.ritzbrasil.com\/en\/\",\"name\":\"Equipamentos de Manuten\u00e7\u00e3o e Seguran\u00e7a para o Setor El\u00e9trico - Ritz Brasil\",\"description\":\"\",\"potentialAction\":[{\"@type\":\"SearchAction\",\"target\":{\"@type\":\"EntryPoint\",\"urlTemplate\":\"https:\/\/www.ritzbrasil.com\/en\/?s={search_term_string}\"},\"query-input\":{\"@type\":\"PropertyValueSpecification\",\"valueRequired\":true,\"valueName\":\"search_term_string\"}}],\"inLanguage\":\"en-US\"}]}<\/script>\n<!-- \/ Yoast SEO plugin. -->","yoast_head_json":{"title":"Mobile disconnector","description":"Mobile disconnector for TPC and lightning arresters, allows maintenance in substations from 69 to 500 kV without disconnection, with insulating structure and remote control.","robots":{"index":"index","follow":"follow","max-snippet":"max-snippet:-1","max-image-preview":"max-image-preview:large","max-video-preview":"max-video-preview:-1"},"canonical":"https:\/\/www.ritzbrasil.com\/en\/produtos\/temporary-jumpers\/mobile-disconnector\/","og_locale":"en_US","og_type":"article","og_title":"Mobile disconnector","og_description":"Mobile disconnector for TPC and lightning arresters, allows maintenance in substations from 69 to 500 kV without disconnection, with insulating structure and remote control.","og_url":"https:\/\/www.ritzbrasil.com\/en\/produtos\/temporary-jumpers\/mobile-disconnector\/","og_site_name":"Equipamentos de Manuten\u00e7\u00e3o e Seguran\u00e7a para o Setor El\u00e9trico - Ritz Brasil","article_modified_time":"2025-07-23T13:07:48+00:00","og_image":[{"width":1200,"height":1200,"url":"https:\/\/www.ritzbrasil.com\/wp-content\/uploads\/2024\/11\/FLV18171-1-Secionador-movel-2.jpg","type":"image\/jpeg"}],"twitter_card":"summary_large_image","twitter_misc":{"Est. reading time":"1 minute"},"schema":{"@context":"https:\/\/schema.org","@graph":[{"@type":"WebPage","@id":"https:\/\/www.ritzbrasil.com\/en\/produtos\/temporary-jumpers\/mobile-disconnector\/","url":"https:\/\/www.ritzbrasil.com\/en\/produtos\/temporary-jumpers\/mobile-disconnector\/","name":"Mobile disconnector","isPartOf":{"@id":"https:\/\/www.ritzbrasil.com\/en\/#website"},"primaryImageOfPage":{"@id":"https:\/\/www.ritzbrasil.com\/en\/produtos\/temporary-jumpers\/mobile-disconnector\/#primaryimage"},"image":{"@id":"https:\/\/www.ritzbrasil.com\/en\/produtos\/temporary-jumpers\/mobile-disconnector\/#primaryimage"},"thumbnailUrl":"https:\/\/www.ritzbrasil.com\/wp-content\/uploads\/2024\/11\/FLV18171-1-Secionador-movel-2.jpg","datePublished":"2024-11-05T22:09:41+00:00","dateModified":"2025-07-23T13:07:48+00:00","description":"Mobile disconnector for TPC and lightning arresters, allows maintenance in substations from 69 to 500 kV without disconnection, with insulating structure and remote control.","breadcrumb":{"@id":"https:\/\/www.ritzbrasil.com\/en\/produtos\/temporary-jumpers\/mobile-disconnector\/#breadcrumb"},"inLanguage":"en-US","potentialAction":[{"@type":"ReadAction","target":["https:\/\/www.ritzbrasil.com\/en\/produtos\/temporary-jumpers\/mobile-disconnector\/"]}]},{"@type":"ImageObject","inLanguage":"en-US","@id":"https:\/\/www.ritzbrasil.com\/en\/produtos\/temporary-jumpers\/mobile-disconnector\/#primaryimage","url":"https:\/\/www.ritzbrasil.com\/wp-content\/uploads\/2024\/11\/FLV18171-1-Secionador-movel-2.jpg","contentUrl":"https:\/\/www.ritzbrasil.com\/wp-content\/uploads\/2024\/11\/FLV18171-1-Secionador-movel-2.jpg","width":1200,"height":1200},{"@type":"BreadcrumbList","@id":"https:\/\/www.ritzbrasil.com\/en\/produtos\/temporary-jumpers\/mobile-disconnector\/#breadcrumb","itemListElement":[{"@type":"ListItem","position":1,"name":"In\u00edcio","item":"https:\/\/www.ritzbrasil.com\/en\/"},{"@type":"ListItem","position":2,"name":"Shop","item":"https:\/\/www.ritzbrasil.com\/en\/shop\/"},{"@type":"ListItem","position":3,"name":"Mobile disconnector"}]},{"@type":"WebSite","@id":"https:\/\/www.ritzbrasil.com\/en\/#website","url":"https:\/\/www.ritzbrasil.com\/en\/","name":"Equipamentos de Manuten\u00e7\u00e3o e Seguran\u00e7a para o Setor El\u00e9trico - Ritz Brasil","description":"","potentialAction":[{"@type":"SearchAction","target":{"@type":"EntryPoint","urlTemplate":"https:\/\/www.ritzbrasil.com\/en\/?s={search_term_string}"},"query-input":{"@type":"PropertyValueSpecification","valueRequired":true,"valueName":"search_term_string"}}],"inLanguage":"en-US"}]}},"_links":{"self":[{"href":"https:\/\/www.ritzbrasil.com\/en\/wp-json\/wp\/v2\/product\/60892","targetHints":{"allow":["GET"]}}],"collection":[{"href":"https:\/\/www.ritzbrasil.com\/en\/wp-json\/wp\/v2\/product"}],"about":[{"href":"https:\/\/www.ritzbrasil.com\/en\/wp-json\/wp\/v2\/types\/product"}],"wp:featuredmedia":[{"embeddable":true,"href":"https:\/\/www.ritzbrasil.com\/en\/wp-json\/wp\/v2\/media\/60360"}],"wp:attachment":[{"href":"https:\/\/www.ritzbrasil.com\/en\/wp-json\/wp\/v2\/media?parent=60892"}],"wp:term":[{"taxonomy":"product_brand","embeddable":true,"href":"https:\/\/www.ritzbrasil.com\/en\/wp-json\/wp\/v2\/product_brand?post=60892"},{"taxonomy":"product_cat","embeddable":true,"href":"https:\/\/www.ritzbrasil.com\/en\/wp-json\/wp\/v2\/product_cat?post=60892"},{"taxonomy":"product_tag","embeddable":true,"href":"https:\/\/www.ritzbrasil.com\/en\/wp-json\/wp\/v2\/product_tag?post=60892"}],"curies":[{"name":"wp","href":"https:\/\/api.w.org\/{rel}","templated":true}]}}