{"id":60883,"date":"2024-11-05T17:49:44","date_gmt":"2024-11-05T20:49:44","guid":{"rendered":"https:\/\/bisque-bison-688002.hostingersite.com\/produtos\/uncategorized\/temporary-crosshead-for-big-jumper-circular-or-double-t-post\/"},"modified":"2026-02-03T16:02:18","modified_gmt":"2026-02-03T19:02:18","slug":"temporary-crosshead-for-big-jumper-circular-or-double-t-post","status":"publish","type":"product","link":"https:\/\/www.ritzbrasil.com\/en\/produtos\/temporary-jumpers\/temporary-crosshead-for-big-jumper-circular-or-double-t-post\/","title":{"rendered":"Temporary Crosshead for Big Jumper Circular or Double &#8220;T&#8221; Post"},"content":{"rendered":"<div class=\"wpb-content-wrapper\"><p>[vc_row][vc_column][vc_column_text css=&#8221;.vc_custom_1730838743294{margin-top: 20px !important;}&#8221;]<\/p>\n<h4><span style=\"color: #ff9900;\"><strong>Temporary crosshead for Big Jumper<\/strong><\/span><\/h4>\n<p>[\/vc_column_text][vc_column_text css=&#8221;.vc_custom_1759322316310{margin-top: -20px !important;}&#8221;]\n<div id=\"tablepress-FLV29780-1-cruzeta-temporaria-big-jumper-poste-circular-duplo-t-EN-scroll-wrapper\" class=\"tablepress-scroll-wrapper\">\n<table id=\"tablepress-FLV29780-1-cruzeta-temporaria-big-jumper-poste-circular-duplo-t-EN\" class=\"tablepress tablepress-id-FLV29780-1-cruzeta-temporaria-big-jumper-poste-circular-duplo-t-EN tablepress-responsive\">\n<thead>\n<tr class=\"row-1\">\n\t<td class=\"column-1\"><\/td><th class=\"column-2\">References<\/th><th class=\"column-3\">Feature<\/th><td class=\"column-4\"><\/td>\n<\/tr>\n<\/thead>\n<tbody class=\"row-striping row-hover\">\n<tr class=\"row-2\">\n\t<td class=\"column-1\"><img decoding=\"async\" src=\"https:\/\/www.ritzbrasil.com\/wp-content\/uploads\/2024\/11\/flv29780-1-cruzeta-temporaria-big-jumper-poste-circular-duplo-t-150x150-1.jpg\" \/><\/td><td class=\"column-2\">FLV29780-1<\/td><td class=\"column-3\">It has three fuse switches, with a maximum current capacity of 100 A.<br \/>\nIt can also be used in installations up to 27 kV.<br \/>\nApprox. weight: 26.40 kg (58.20 lb)<\/td><td class=\"column-4\">    <button class=\"add-to-budget\" data-table-id=\"FLV29780-1-cruzeta-temporaria-big-jumper-poste-circular-duplo-t\" data-reference=\"FLV29780-1\" data-description=\"Temporary Crossbar for Big Jumper\" style=\"color:#ff4d00;\">\n        <img decoding=\"async\" src=\"https:\/\/www.ritzbrasil.com\/\/wp-content\/uploads\/2024\/07\/orcar-compras-tabela-new-1.png\" alt=\"Request quote\" title=\"Request quote\" \/>\n    <\/button>\n    <\/td>\n<\/tr>\n<\/tbody>\n<\/table>\n<\/div>\n[\/vc_column_text][vc_column_text css=&#8221;.vc_custom_1730839727666{margin-top: -20px !important;}&#8221;]It has three fuses, with a maximum current capacity of 100 A. It can also be used in installations up to 27 kV.<\/p>\n<p>Approx. weight: 26.40 kg (58.20 lb)[\/vc_column_text][vc_separator border_width=&#8221;2&#8243; css=&#8221;&#8221;][\/vc_column][\/vc_row][vc_row][vc_column][vc_column_text css=&#8221;.vc_custom_1730838743294{margin-top: 20px !important;}&#8221;]<\/p>\n<h4><span style=\"color: #ff9900;\"><strong>Temporary crosshead for Big Jumper<\/strong><\/span><\/h4>\n<p>[\/vc_column_text][vc_column_text css=&#8221;.vc_custom_1759322332899{margin-top: -20px !important;}&#8221;]\n<div id=\"tablepress-FLV30049-1-cruzeta-temporaria-big-jumper-poste-circular-duplo-t-EN-scroll-wrapper\" class=\"tablepress-scroll-wrapper\">\n<table id=\"tablepress-FLV30049-1-cruzeta-temporaria-big-jumper-poste-circular-duplo-t-EN\" class=\"tablepress tablepress-id-FLV30049-1-cruzeta-temporaria-big-jumper-poste-circular-duplo-t-EN tablepress-responsive\">\n<thead>\n<tr class=\"row-1\">\n\t<td class=\"column-1\"><\/td><th class=\"column-2\">  References<\/th><th class=\"column-3\">Feature<\/th><td class=\"column-4\"><\/td>\n<\/tr>\n<\/thead>\n<tbody class=\"row-striping row-hover\">\n<tr class=\"row-2\">\n\t<td class=\"column-1\"><img decoding=\"async\" src=\"https:\/\/www.ritzbrasil.com\/wp-content\/uploads\/2024\/11\/flv30049-1-cruzeta-temporaria-big-jumper-poste-circular-duplo-t-150x150-1.jpg\" \/><\/td><td class=\"column-2\">FLV30049-1<\/td><td class=\"column-3\">It has three knife switches with a maximum current capacity of 400 A and three insulated jumpers with three meters of 95 mm\u00b2 cable and a maximum capacity of 400 A. It can also be used in installations up to 27 kV.<br \/>\nApprox. weight: 45.00 kg (99.20 lb)<\/td><td class=\"column-4\">    <button class=\"add-to-budget\" data-table-id=\"FLV30049-1-cruzeta-temporaria-big-jumper-poste-circular-duplo-t\" data-reference=\"FLV30049-1\" data-description=\"&lt;br \/&gt;\nTemporary Crossbar for Big Jumper\" style=\"color:#ff4d00;\">\n        <img decoding=\"async\" src=\"https:\/\/www.ritzbrasil.com\/\/wp-content\/uploads\/2024\/07\/orcar-compras-tabela-new-1.png\" alt=\"Request quote\" title=\"Request quote\" \/>\n    <\/button>\n    <\/td>\n<\/tr>\n<\/tbody>\n<\/table>\n<\/div>\n[\/vc_column_text][vc_column_text css=&#8221;.vc_custom_1730839761088{margin-top: -20px !important;}&#8221;]It has three knife switches with a maximum current capacity of 400 A and three insulated jumpers, with three meters of 95mm\u00b2 gauge cable and a maximum capacity of 400 A. It can also be used in installations up to 27 kV. It can also be used in installations up to 27 kV.<\/p>\n<p>Approx. weight: 45.00 kg (99.20 lb)[\/vc_column_text][vc_separator border_width=&#8221;2&#8243; css=&#8221;&#8221;][\/vc_column][\/vc_row]<\/p>\n<\/div>","protected":false},"excerpt":{"rendered":"<h4><span style=\"color: #ff9900;\">Temporary Crosshead for Big Jumper Circular or Double &#8220;T&#8221; Post<\/span><\/h4>\n<p>Designed for use in emergency situations or to supply energy to temporary consumers for a fixed period of time.<\/p>\n<p>It also has a fixing system for circular or double &#8220;T&#8221; posts.<\/p>\n","protected":false},"featured_media":60286,"template":"","meta":[],"product_brand":[],"product_cat":[1680],"product_tag":[1749,1750],"class_list":{"0":"post-60883","1":"product","2":"type-product","3":"status-publish","4":"has-post-thumbnail","6":"product_cat-temporary-jumpers","7":"product_tag-flv29780-1-en","8":"product_tag-flv30049-1-en","9":"description-off","11":"first","12":"instock","13":"virtual","14":"product-type-simple"},"yoast_head":"<!-- This site is optimized with the Yoast SEO plugin v27.1.1 - https:\/\/yoast.com\/product\/yoast-seo-wordpress\/ -->\n<title>Temporary Crosshead for Big Jumper Circular or Double &quot;T&quot; Post<\/title>\n<meta name=\"description\" content=\"Temporary crossbar for big jumper with circular or double &quot;T&quot; pole attachment, ideal for emergencies and temporary power supply.\" \/>\n<meta name=\"robots\" content=\"index, follow, max-snippet:-1, max-image-preview:large, max-video-preview:-1\" \/>\n<link rel=\"canonical\" href=\"https:\/\/www.ritzbrasil.com\/en\/produtos\/temporary-jumpers\/temporary-crosshead-for-big-jumper-circular-or-double-t-post\/\" \/>\n<meta property=\"og:locale\" content=\"en_US\" \/>\n<meta property=\"og:type\" content=\"article\" \/>\n<meta property=\"og:title\" content=\"Temporary Crosshead for Big Jumper Circular or Double &quot;T&quot; Post\" \/>\n<meta property=\"og:description\" content=\"Temporary crossbar for big jumper with circular or double &quot;T&quot; pole attachment, ideal for emergencies and temporary power supply.\" \/>\n<meta property=\"og:url\" content=\"https:\/\/www.ritzbrasil.com\/en\/produtos\/temporary-jumpers\/temporary-crosshead-for-big-jumper-circular-or-double-t-post\/\" \/>\n<meta property=\"og:site_name\" content=\"Equipamentos de Manuten\u00e7\u00e3o e Seguran\u00e7a para o Setor El\u00e9trico - Ritz Brasil\" \/>\n<meta property=\"article:modified_time\" content=\"2026-02-03T19:02:18+00:00\" \/>\n<meta property=\"og:image\" content=\"https:\/\/www.ritzbrasil.com\/wp-content\/uploads\/2024\/11\/flv29780-1-cruzeta-temporaria-big-jumper-poste-circular-duplo-t.jpg\" \/>\n\t<meta property=\"og:image:width\" content=\"1200\" \/>\n\t<meta property=\"og:image:height\" content=\"1200\" \/>\n\t<meta property=\"og:image:type\" content=\"image\/jpeg\" \/>\n<meta name=\"twitter:card\" content=\"summary_large_image\" \/>\n<meta name=\"twitter:label1\" content=\"Est. reading time\" \/>\n\t<meta name=\"twitter:data1\" content=\"1 minute\" \/>\n<script type=\"application\/ld+json\" class=\"yoast-schema-graph\">{\"@context\":\"https:\/\/schema.org\",\"@graph\":[{\"@type\":\"WebPage\",\"@id\":\"https:\/\/www.ritzbrasil.com\/en\/produtos\/temporary-jumpers\/temporary-crosshead-for-big-jumper-circular-or-double-t-post\/\",\"url\":\"https:\/\/www.ritzbrasil.com\/en\/produtos\/temporary-jumpers\/temporary-crosshead-for-big-jumper-circular-or-double-t-post\/\",\"name\":\"Temporary Crosshead for Big Jumper Circular or Double \\\"T\\\" Post\",\"isPartOf\":{\"@id\":\"https:\/\/www.ritzbrasil.com\/en\/#website\"},\"primaryImageOfPage\":{\"@id\":\"https:\/\/www.ritzbrasil.com\/en\/produtos\/temporary-jumpers\/temporary-crosshead-for-big-jumper-circular-or-double-t-post\/#primaryimage\"},\"image\":{\"@id\":\"https:\/\/www.ritzbrasil.com\/en\/produtos\/temporary-jumpers\/temporary-crosshead-for-big-jumper-circular-or-double-t-post\/#primaryimage\"},\"thumbnailUrl\":\"https:\/\/www.ritzbrasil.com\/wp-content\/uploads\/2024\/11\/flv29780-1-cruzeta-temporaria-big-jumper-poste-circular-duplo-t.jpg\",\"datePublished\":\"2024-11-05T20:49:44+00:00\",\"dateModified\":\"2026-02-03T19:02:18+00:00\",\"description\":\"Temporary crossbar for big jumper with circular or double \\\"T\\\" pole attachment, ideal for emergencies and temporary power supply.\",\"breadcrumb\":{\"@id\":\"https:\/\/www.ritzbrasil.com\/en\/produtos\/temporary-jumpers\/temporary-crosshead-for-big-jumper-circular-or-double-t-post\/#breadcrumb\"},\"inLanguage\":\"en-US\",\"potentialAction\":[{\"@type\":\"ReadAction\",\"target\":[\"https:\/\/www.ritzbrasil.com\/en\/produtos\/temporary-jumpers\/temporary-crosshead-for-big-jumper-circular-or-double-t-post\/\"]}]},{\"@type\":\"ImageObject\",\"inLanguage\":\"en-US\",\"@id\":\"https:\/\/www.ritzbrasil.com\/en\/produtos\/temporary-jumpers\/temporary-crosshead-for-big-jumper-circular-or-double-t-post\/#primaryimage\",\"url\":\"https:\/\/www.ritzbrasil.com\/wp-content\/uploads\/2024\/11\/flv29780-1-cruzeta-temporaria-big-jumper-poste-circular-duplo-t.jpg\",\"contentUrl\":\"https:\/\/www.ritzbrasil.com\/wp-content\/uploads\/2024\/11\/flv29780-1-cruzeta-temporaria-big-jumper-poste-circular-duplo-t.jpg\",\"width\":1200,\"height\":1200,\"caption\":\"FLV29780-1 Temporary Crosshead for Big Jumper Circular or Double \\\"T\\\" Post\"},{\"@type\":\"BreadcrumbList\",\"@id\":\"https:\/\/www.ritzbrasil.com\/en\/produtos\/temporary-jumpers\/temporary-crosshead-for-big-jumper-circular-or-double-t-post\/#breadcrumb\",\"itemListElement\":[{\"@type\":\"ListItem\",\"position\":1,\"name\":\"In\u00edcio\",\"item\":\"https:\/\/www.ritzbrasil.com\/en\/\"},{\"@type\":\"ListItem\",\"position\":2,\"name\":\"Shop\",\"item\":\"https:\/\/www.ritzbrasil.com\/en\/shop\/\"},{\"@type\":\"ListItem\",\"position\":3,\"name\":\"Temporary Crosshead for Big Jumper Circular or Double &#8220;T&#8221; Post\"}]},{\"@type\":\"WebSite\",\"@id\":\"https:\/\/www.ritzbrasil.com\/en\/#website\",\"url\":\"https:\/\/www.ritzbrasil.com\/en\/\",\"name\":\"Equipamentos de Manuten\u00e7\u00e3o e Seguran\u00e7a para o Setor El\u00e9trico - Ritz Brasil\",\"description\":\"\",\"potentialAction\":[{\"@type\":\"SearchAction\",\"target\":{\"@type\":\"EntryPoint\",\"urlTemplate\":\"https:\/\/www.ritzbrasil.com\/en\/?s={search_term_string}\"},\"query-input\":{\"@type\":\"PropertyValueSpecification\",\"valueRequired\":true,\"valueName\":\"search_term_string\"}}],\"inLanguage\":\"en-US\"}]}<\/script>\n<!-- \/ Yoast SEO plugin. -->","yoast_head_json":{"title":"Temporary Crosshead for Big Jumper Circular or Double \"T\" Post","description":"Temporary crossbar for big jumper with circular or double \"T\" pole attachment, ideal for emergencies and temporary power supply.","robots":{"index":"index","follow":"follow","max-snippet":"max-snippet:-1","max-image-preview":"max-image-preview:large","max-video-preview":"max-video-preview:-1"},"canonical":"https:\/\/www.ritzbrasil.com\/en\/produtos\/temporary-jumpers\/temporary-crosshead-for-big-jumper-circular-or-double-t-post\/","og_locale":"en_US","og_type":"article","og_title":"Temporary Crosshead for Big Jumper Circular or Double \"T\" Post","og_description":"Temporary crossbar for big jumper with circular or double \"T\" pole attachment, ideal for emergencies and temporary power supply.","og_url":"https:\/\/www.ritzbrasil.com\/en\/produtos\/temporary-jumpers\/temporary-crosshead-for-big-jumper-circular-or-double-t-post\/","og_site_name":"Equipamentos de Manuten\u00e7\u00e3o e Seguran\u00e7a para o Setor El\u00e9trico - Ritz Brasil","article_modified_time":"2026-02-03T19:02:18+00:00","og_image":[{"width":1200,"height":1200,"url":"https:\/\/www.ritzbrasil.com\/wp-content\/uploads\/2024\/11\/flv29780-1-cruzeta-temporaria-big-jumper-poste-circular-duplo-t.jpg","type":"image\/jpeg"}],"twitter_card":"summary_large_image","twitter_misc":{"Est. reading time":"1 minute"},"schema":{"@context":"https:\/\/schema.org","@graph":[{"@type":"WebPage","@id":"https:\/\/www.ritzbrasil.com\/en\/produtos\/temporary-jumpers\/temporary-crosshead-for-big-jumper-circular-or-double-t-post\/","url":"https:\/\/www.ritzbrasil.com\/en\/produtos\/temporary-jumpers\/temporary-crosshead-for-big-jumper-circular-or-double-t-post\/","name":"Temporary Crosshead for Big Jumper Circular or Double \"T\" Post","isPartOf":{"@id":"https:\/\/www.ritzbrasil.com\/en\/#website"},"primaryImageOfPage":{"@id":"https:\/\/www.ritzbrasil.com\/en\/produtos\/temporary-jumpers\/temporary-crosshead-for-big-jumper-circular-or-double-t-post\/#primaryimage"},"image":{"@id":"https:\/\/www.ritzbrasil.com\/en\/produtos\/temporary-jumpers\/temporary-crosshead-for-big-jumper-circular-or-double-t-post\/#primaryimage"},"thumbnailUrl":"https:\/\/www.ritzbrasil.com\/wp-content\/uploads\/2024\/11\/flv29780-1-cruzeta-temporaria-big-jumper-poste-circular-duplo-t.jpg","datePublished":"2024-11-05T20:49:44+00:00","dateModified":"2026-02-03T19:02:18+00:00","description":"Temporary crossbar for big jumper with circular or double \"T\" pole attachment, ideal for emergencies and temporary power supply.","breadcrumb":{"@id":"https:\/\/www.ritzbrasil.com\/en\/produtos\/temporary-jumpers\/temporary-crosshead-for-big-jumper-circular-or-double-t-post\/#breadcrumb"},"inLanguage":"en-US","potentialAction":[{"@type":"ReadAction","target":["https:\/\/www.ritzbrasil.com\/en\/produtos\/temporary-jumpers\/temporary-crosshead-for-big-jumper-circular-or-double-t-post\/"]}]},{"@type":"ImageObject","inLanguage":"en-US","@id":"https:\/\/www.ritzbrasil.com\/en\/produtos\/temporary-jumpers\/temporary-crosshead-for-big-jumper-circular-or-double-t-post\/#primaryimage","url":"https:\/\/www.ritzbrasil.com\/wp-content\/uploads\/2024\/11\/flv29780-1-cruzeta-temporaria-big-jumper-poste-circular-duplo-t.jpg","contentUrl":"https:\/\/www.ritzbrasil.com\/wp-content\/uploads\/2024\/11\/flv29780-1-cruzeta-temporaria-big-jumper-poste-circular-duplo-t.jpg","width":1200,"height":1200,"caption":"FLV29780-1 Temporary Crosshead for Big Jumper Circular or Double \"T\" Post"},{"@type":"BreadcrumbList","@id":"https:\/\/www.ritzbrasil.com\/en\/produtos\/temporary-jumpers\/temporary-crosshead-for-big-jumper-circular-or-double-t-post\/#breadcrumb","itemListElement":[{"@type":"ListItem","position":1,"name":"In\u00edcio","item":"https:\/\/www.ritzbrasil.com\/en\/"},{"@type":"ListItem","position":2,"name":"Shop","item":"https:\/\/www.ritzbrasil.com\/en\/shop\/"},{"@type":"ListItem","position":3,"name":"Temporary Crosshead for Big Jumper Circular or Double &#8220;T&#8221; Post"}]},{"@type":"WebSite","@id":"https:\/\/www.ritzbrasil.com\/en\/#website","url":"https:\/\/www.ritzbrasil.com\/en\/","name":"Equipamentos de Manuten\u00e7\u00e3o e Seguran\u00e7a para o Setor El\u00e9trico - Ritz Brasil","description":"","potentialAction":[{"@type":"SearchAction","target":{"@type":"EntryPoint","urlTemplate":"https:\/\/www.ritzbrasil.com\/en\/?s={search_term_string}"},"query-input":{"@type":"PropertyValueSpecification","valueRequired":true,"valueName":"search_term_string"}}],"inLanguage":"en-US"}]}},"_links":{"self":[{"href":"https:\/\/www.ritzbrasil.com\/en\/wp-json\/wp\/v2\/product\/60883","targetHints":{"allow":["GET"]}}],"collection":[{"href":"https:\/\/www.ritzbrasil.com\/en\/wp-json\/wp\/v2\/product"}],"about":[{"href":"https:\/\/www.ritzbrasil.com\/en\/wp-json\/wp\/v2\/types\/product"}],"wp:featuredmedia":[{"embeddable":true,"href":"https:\/\/www.ritzbrasil.com\/en\/wp-json\/wp\/v2\/media\/60286"}],"wp:attachment":[{"href":"https:\/\/www.ritzbrasil.com\/en\/wp-json\/wp\/v2\/media?parent=60883"}],"wp:term":[{"taxonomy":"product_brand","embeddable":true,"href":"https:\/\/www.ritzbrasil.com\/en\/wp-json\/wp\/v2\/product_brand?post=60883"},{"taxonomy":"product_cat","embeddable":true,"href":"https:\/\/www.ritzbrasil.com\/en\/wp-json\/wp\/v2\/product_cat?post=60883"},{"taxonomy":"product_tag","embeddable":true,"href":"https:\/\/www.ritzbrasil.com\/en\/wp-json\/wp\/v2\/product_tag?post=60883"}],"curies":[{"name":"wp","href":"https:\/\/api.w.org\/{rel}","templated":true}]}}