{"id":60881,"date":"2024-11-05T17:43:54","date_gmt":"2024-11-05T20:43:54","guid":{"rendered":"https:\/\/bisque-bison-688002.hostingersite.com\/produtos\/uncategorized\/temporary-crosshead-for-big-jumper\/"},"modified":"2025-10-01T10:38:15","modified_gmt":"2025-10-01T13:38:15","slug":"temporary-crosshead-for-big-jumper","status":"publish","type":"product","link":"https:\/\/www.ritzbrasil.com\/en\/produtos\/temporary-jumpers\/temporary-crosshead-for-big-jumper\/","title":{"rendered":"Temporary crosshead for Big Jumper"},"content":{"rendered":"<div class=\"wpb-content-wrapper\"><p>[vc_row][vc_column][vc_column_text css=&#8221;.vc_custom_1730838743294{margin-top: 20px !important;}&#8221;]<\/p>\n<h4><span style=\"color: #ff9900;\"><strong>Temporary crosshead for Big Jumper<\/strong><\/span><\/h4>\n<p>[\/vc_column_text][vc_column_text css=&#8221;.vc_custom_1759325873525{margin-top: -20px !important;}&#8221;]\n<div id=\"tablepress-FLV13033-1-cruzeta-temporaria-big-jumper-EN-scroll-wrapper\" class=\"tablepress-scroll-wrapper\">\n<table id=\"tablepress-FLV13033-1-cruzeta-temporaria-big-jumper-EN\" class=\"tablepress tablepress-id-FLV13033-1-cruzeta-temporaria-big-jumper-EN tablepress-responsive\">\n<thead>\n<tr class=\"row-1\">\n\t<td class=\"column-1\"><\/td><th class=\"column-2\">References<\/th><th class=\"column-3\">Feature<\/th><td class=\"column-4\"><\/td>\n<\/tr>\n<\/thead>\n<tbody class=\"row-striping row-hover\">\n<tr class=\"row-2\">\n\t<td class=\"column-1\"><img decoding=\"async\" src=\"https:\/\/www.ritzbrasil.com\/wp-content\/uploads\/2024\/11\/flv13033-1-cruzeta-temporaria-big-jumper-150x150-1.jpg\" \/><\/td><td class=\"column-2\">FLV13033-1<\/td><td class=\"column-3\">Approx. Weight: 22.60 kg (49.80 lb)<\/td><td class=\"column-4\">    <button class=\"add-to-budget\" data-table-id=\"FLV13033-1-cruzeta-temporaria-big-jumper\" data-reference=\"FLV13033-1\" data-description=\"Temporary Crosspiece for Big Jumper\" style=\"color:#ff4d00;\">\n        <img decoding=\"async\" src=\"https:\/\/www.ritzbrasil.com\/\/wp-content\/uploads\/2024\/07\/orcar-compras-tabela-new-1.png\" alt=\"Request quote\" title=\"Request quote\" \/>\n    <\/button>\n    <\/td>\n<\/tr>\n<\/tbody>\n<\/table>\n<\/div>\n[\/vc_column_text][vc_separator border_width=&#8221;2&#8243; css=&#8221;&#8221;][\/vc_column][\/vc_row][vc_row][vc_column][vc_column_text css=&#8221;.vc_custom_1730839096170{margin-top: 20px !important;}&#8221;]<\/p>\n<h4><span style=\"color: #ff9900;\"><strong>Accessories<\/strong><\/span><\/h4>\n<p>[\/vc_column_text][vc_column_text css=&#8221;.vc_custom_1759325891186{margin-top: -20px !important;}&#8221;]\n<div id=\"tablepress-FLV13045-1-acessorio-cruzeta-temporaria-big-jumper-EN-scroll-wrapper\" class=\"tablepress-scroll-wrapper\">\n<table id=\"tablepress-FLV13045-1-acessorio-cruzeta-temporaria-big-jumper-EN\" class=\"tablepress tablepress-id-FLV13045-1-acessorio-cruzeta-temporaria-big-jumper-EN tablepress-responsive\">\n<thead>\n<tr class=\"row-1\">\n\t<td class=\"column-1\"><\/td><th class=\"column-2\">References<\/th><th class=\"column-3\">Feature<\/th><td class=\"column-4\"><\/td>\n<\/tr>\n<\/thead>\n<tbody class=\"row-striping row-hover\">\n<tr class=\"row-2\">\n\t<td class=\"column-1\"><img decoding=\"async\" src=\"https:\/\/www.ritzbrasil.com\/wp-content\/uploads\/2024\/11\/flv13045-1-chave-fusivel-temporaria-150x150-1.jpg\" \/><\/td><td class=\"column-2\">FLV13045-1<\/td><td class=\"column-3\">Temporary fuse switch for big jumper up to 27 kV<\/td><td class=\"column-4\">    <button class=\"add-to-budget\" data-table-id=\"FLV13033-1-cruzeta-temporaria-big-jumper\" data-reference=\"FLV13045-1\" data-description=\"Accessory - Temporary Crossbar for Big Jumper\" style=\"color:#ff4d00;\">\n        <img decoding=\"async\" src=\"https:\/\/www.ritzbrasil.com\/\/wp-content\/uploads\/2024\/07\/orcar-compras-tabela-new-1.png\" alt=\"Request quote\" title=\"Request quote\" \/>\n    <\/button>\n    <\/td>\n<\/tr>\n<\/tbody>\n<\/table>\n<\/div>\n[\/vc_column_text][vc_separator border_width=&#8221;2&#8243; css=&#8221;&#8221;][\/vc_column][\/vc_row]<\/p>\n<\/div>","protected":false},"excerpt":{"rendered":"<h4><span style=\"color: #ff9900;\">Temporary crosshead for Big Jumper<\/span><\/h4>\n<p>The temporary crosshead for big jumper is designed for use in emergency interventions or supplying power to temporary consumers for a fixed period.<\/p>\n<p>Made from RITZGLAS\u00ae \u00d8 64 mm x 1.30 m tube, it has three fuses with a maximum current capacity of 100 A, and is fixed to the pole using two steel screws and a wing nut. It can be used in installations up to 27 kV.<\/p>\n<p>Approx. weight: 22.60 kg (49.80 lb)<\/p>\n<p><strong>NOTE<\/strong><br \/>\n<em>The fuse link is not included and must be selected and installed by the user. The use of high-performance fusible links is recommended. <\/em><\/p>\n","protected":false},"featured_media":60278,"template":"","meta":[],"product_brand":[],"product_cat":[1680],"product_tag":[1745,1746],"class_list":{"0":"post-60881","1":"product","2":"type-product","3":"status-publish","4":"has-post-thumbnail","6":"product_cat-temporary-jumpers","7":"product_tag-flv13033-1-en","8":"product_tag-flv13045-1-en","9":"description-off","11":"first","12":"instock","13":"virtual","14":"product-type-simple"},"yoast_head":"<!-- This site is optimized with the Yoast SEO plugin v27.1.1 - https:\/\/yoast.com\/product\/yoast-seo-wordpress\/ -->\n<title>Temporary crosshead for Big Jumper<\/title>\n<meta name=\"description\" content=\"Temporary crosshead for big jumper, ideal for emergencies or temporary power supply to consumers for a fixed period.\" \/>\n<meta name=\"robots\" content=\"index, follow, max-snippet:-1, max-image-preview:large, max-video-preview:-1\" \/>\n<link rel=\"canonical\" href=\"https:\/\/www.ritzbrasil.com\/en\/produtos\/temporary-jumpers\/temporary-crosshead-for-big-jumper\/\" \/>\n<meta property=\"og:locale\" content=\"en_US\" \/>\n<meta property=\"og:type\" content=\"article\" \/>\n<meta property=\"og:title\" content=\"Temporary crosshead for Big Jumper\" \/>\n<meta property=\"og:description\" content=\"Temporary crosshead for big jumper, ideal for emergencies or temporary power supply to consumers for a fixed period.\" \/>\n<meta property=\"og:url\" content=\"https:\/\/www.ritzbrasil.com\/en\/produtos\/temporary-jumpers\/temporary-crosshead-for-big-jumper\/\" \/>\n<meta property=\"og:site_name\" content=\"Equipamentos de Manuten\u00e7\u00e3o e Seguran\u00e7a para o Setor El\u00e9trico - Ritz Brasil\" \/>\n<meta property=\"article:modified_time\" content=\"2025-10-01T13:38:15+00:00\" \/>\n<meta property=\"og:image\" content=\"https:\/\/www.ritzbrasil.com\/wp-content\/uploads\/2024\/11\/flv13033-1-cruzeta-temporaria-big-jumper.jpg\" \/>\n\t<meta property=\"og:image:width\" content=\"1200\" \/>\n\t<meta property=\"og:image:height\" content=\"1200\" \/>\n\t<meta property=\"og:image:type\" content=\"image\/jpeg\" \/>\n<meta name=\"twitter:card\" content=\"summary_large_image\" \/>\n<meta name=\"twitter:label1\" content=\"Est. reading time\" \/>\n\t<meta name=\"twitter:data1\" content=\"1 minute\" \/>\n<script type=\"application\/ld+json\" class=\"yoast-schema-graph\">{\"@context\":\"https:\/\/schema.org\",\"@graph\":[{\"@type\":\"WebPage\",\"@id\":\"https:\/\/www.ritzbrasil.com\/en\/produtos\/temporary-jumpers\/temporary-crosshead-for-big-jumper\/\",\"url\":\"https:\/\/www.ritzbrasil.com\/en\/produtos\/temporary-jumpers\/temporary-crosshead-for-big-jumper\/\",\"name\":\"Temporary crosshead for Big Jumper\",\"isPartOf\":{\"@id\":\"https:\/\/www.ritzbrasil.com\/en\/#website\"},\"primaryImageOfPage\":{\"@id\":\"https:\/\/www.ritzbrasil.com\/en\/produtos\/temporary-jumpers\/temporary-crosshead-for-big-jumper\/#primaryimage\"},\"image\":{\"@id\":\"https:\/\/www.ritzbrasil.com\/en\/produtos\/temporary-jumpers\/temporary-crosshead-for-big-jumper\/#primaryimage\"},\"thumbnailUrl\":\"https:\/\/www.ritzbrasil.com\/wp-content\/uploads\/2024\/11\/flv13033-1-cruzeta-temporaria-big-jumper.jpg\",\"datePublished\":\"2024-11-05T20:43:54+00:00\",\"dateModified\":\"2025-10-01T13:38:15+00:00\",\"description\":\"Temporary crosshead for big jumper, ideal for emergencies or temporary power supply to consumers for a fixed period.\",\"breadcrumb\":{\"@id\":\"https:\/\/www.ritzbrasil.com\/en\/produtos\/temporary-jumpers\/temporary-crosshead-for-big-jumper\/#breadcrumb\"},\"inLanguage\":\"en-US\",\"potentialAction\":[{\"@type\":\"ReadAction\",\"target\":[\"https:\/\/www.ritzbrasil.com\/en\/produtos\/temporary-jumpers\/temporary-crosshead-for-big-jumper\/\"]}]},{\"@type\":\"ImageObject\",\"inLanguage\":\"en-US\",\"@id\":\"https:\/\/www.ritzbrasil.com\/en\/produtos\/temporary-jumpers\/temporary-crosshead-for-big-jumper\/#primaryimage\",\"url\":\"https:\/\/www.ritzbrasil.com\/wp-content\/uploads\/2024\/11\/flv13033-1-cruzeta-temporaria-big-jumper.jpg\",\"contentUrl\":\"https:\/\/www.ritzbrasil.com\/wp-content\/uploads\/2024\/11\/flv13033-1-cruzeta-temporaria-big-jumper.jpg\",\"width\":1200,\"height\":1200,\"caption\":\"FLV13033-1 Temporary crosshead for Big Jumper - Application\"},{\"@type\":\"BreadcrumbList\",\"@id\":\"https:\/\/www.ritzbrasil.com\/en\/produtos\/temporary-jumpers\/temporary-crosshead-for-big-jumper\/#breadcrumb\",\"itemListElement\":[{\"@type\":\"ListItem\",\"position\":1,\"name\":\"In\u00edcio\",\"item\":\"https:\/\/www.ritzbrasil.com\/en\/\"},{\"@type\":\"ListItem\",\"position\":2,\"name\":\"Shop\",\"item\":\"https:\/\/www.ritzbrasil.com\/en\/shop\/\"},{\"@type\":\"ListItem\",\"position\":3,\"name\":\"Temporary crosshead for Big Jumper\"}]},{\"@type\":\"WebSite\",\"@id\":\"https:\/\/www.ritzbrasil.com\/en\/#website\",\"url\":\"https:\/\/www.ritzbrasil.com\/en\/\",\"name\":\"Equipamentos de Manuten\u00e7\u00e3o e Seguran\u00e7a para o Setor El\u00e9trico - Ritz Brasil\",\"description\":\"\",\"potentialAction\":[{\"@type\":\"SearchAction\",\"target\":{\"@type\":\"EntryPoint\",\"urlTemplate\":\"https:\/\/www.ritzbrasil.com\/en\/?s={search_term_string}\"},\"query-input\":{\"@type\":\"PropertyValueSpecification\",\"valueRequired\":true,\"valueName\":\"search_term_string\"}}],\"inLanguage\":\"en-US\"}]}<\/script>\n<!-- \/ Yoast SEO plugin. -->","yoast_head_json":{"title":"Temporary crosshead for Big Jumper","description":"Temporary crosshead for big jumper, ideal for emergencies or temporary power supply to consumers for a fixed period.","robots":{"index":"index","follow":"follow","max-snippet":"max-snippet:-1","max-image-preview":"max-image-preview:large","max-video-preview":"max-video-preview:-1"},"canonical":"https:\/\/www.ritzbrasil.com\/en\/produtos\/temporary-jumpers\/temporary-crosshead-for-big-jumper\/","og_locale":"en_US","og_type":"article","og_title":"Temporary crosshead for Big Jumper","og_description":"Temporary crosshead for big jumper, ideal for emergencies or temporary power supply to consumers for a fixed period.","og_url":"https:\/\/www.ritzbrasil.com\/en\/produtos\/temporary-jumpers\/temporary-crosshead-for-big-jumper\/","og_site_name":"Equipamentos de Manuten\u00e7\u00e3o e Seguran\u00e7a para o Setor El\u00e9trico - Ritz Brasil","article_modified_time":"2025-10-01T13:38:15+00:00","og_image":[{"width":1200,"height":1200,"url":"https:\/\/www.ritzbrasil.com\/wp-content\/uploads\/2024\/11\/flv13033-1-cruzeta-temporaria-big-jumper.jpg","type":"image\/jpeg"}],"twitter_card":"summary_large_image","twitter_misc":{"Est. reading time":"1 minute"},"schema":{"@context":"https:\/\/schema.org","@graph":[{"@type":"WebPage","@id":"https:\/\/www.ritzbrasil.com\/en\/produtos\/temporary-jumpers\/temporary-crosshead-for-big-jumper\/","url":"https:\/\/www.ritzbrasil.com\/en\/produtos\/temporary-jumpers\/temporary-crosshead-for-big-jumper\/","name":"Temporary crosshead for Big Jumper","isPartOf":{"@id":"https:\/\/www.ritzbrasil.com\/en\/#website"},"primaryImageOfPage":{"@id":"https:\/\/www.ritzbrasil.com\/en\/produtos\/temporary-jumpers\/temporary-crosshead-for-big-jumper\/#primaryimage"},"image":{"@id":"https:\/\/www.ritzbrasil.com\/en\/produtos\/temporary-jumpers\/temporary-crosshead-for-big-jumper\/#primaryimage"},"thumbnailUrl":"https:\/\/www.ritzbrasil.com\/wp-content\/uploads\/2024\/11\/flv13033-1-cruzeta-temporaria-big-jumper.jpg","datePublished":"2024-11-05T20:43:54+00:00","dateModified":"2025-10-01T13:38:15+00:00","description":"Temporary crosshead for big jumper, ideal for emergencies or temporary power supply to consumers for a fixed period.","breadcrumb":{"@id":"https:\/\/www.ritzbrasil.com\/en\/produtos\/temporary-jumpers\/temporary-crosshead-for-big-jumper\/#breadcrumb"},"inLanguage":"en-US","potentialAction":[{"@type":"ReadAction","target":["https:\/\/www.ritzbrasil.com\/en\/produtos\/temporary-jumpers\/temporary-crosshead-for-big-jumper\/"]}]},{"@type":"ImageObject","inLanguage":"en-US","@id":"https:\/\/www.ritzbrasil.com\/en\/produtos\/temporary-jumpers\/temporary-crosshead-for-big-jumper\/#primaryimage","url":"https:\/\/www.ritzbrasil.com\/wp-content\/uploads\/2024\/11\/flv13033-1-cruzeta-temporaria-big-jumper.jpg","contentUrl":"https:\/\/www.ritzbrasil.com\/wp-content\/uploads\/2024\/11\/flv13033-1-cruzeta-temporaria-big-jumper.jpg","width":1200,"height":1200,"caption":"FLV13033-1 Temporary crosshead for Big Jumper - Application"},{"@type":"BreadcrumbList","@id":"https:\/\/www.ritzbrasil.com\/en\/produtos\/temporary-jumpers\/temporary-crosshead-for-big-jumper\/#breadcrumb","itemListElement":[{"@type":"ListItem","position":1,"name":"In\u00edcio","item":"https:\/\/www.ritzbrasil.com\/en\/"},{"@type":"ListItem","position":2,"name":"Shop","item":"https:\/\/www.ritzbrasil.com\/en\/shop\/"},{"@type":"ListItem","position":3,"name":"Temporary crosshead for Big Jumper"}]},{"@type":"WebSite","@id":"https:\/\/www.ritzbrasil.com\/en\/#website","url":"https:\/\/www.ritzbrasil.com\/en\/","name":"Equipamentos de Manuten\u00e7\u00e3o e Seguran\u00e7a para o Setor El\u00e9trico - Ritz Brasil","description":"","potentialAction":[{"@type":"SearchAction","target":{"@type":"EntryPoint","urlTemplate":"https:\/\/www.ritzbrasil.com\/en\/?s={search_term_string}"},"query-input":{"@type":"PropertyValueSpecification","valueRequired":true,"valueName":"search_term_string"}}],"inLanguage":"en-US"}]}},"_links":{"self":[{"href":"https:\/\/www.ritzbrasil.com\/en\/wp-json\/wp\/v2\/product\/60881","targetHints":{"allow":["GET"]}}],"collection":[{"href":"https:\/\/www.ritzbrasil.com\/en\/wp-json\/wp\/v2\/product"}],"about":[{"href":"https:\/\/www.ritzbrasil.com\/en\/wp-json\/wp\/v2\/types\/product"}],"wp:featuredmedia":[{"embeddable":true,"href":"https:\/\/www.ritzbrasil.com\/en\/wp-json\/wp\/v2\/media\/60278"}],"wp:attachment":[{"href":"https:\/\/www.ritzbrasil.com\/en\/wp-json\/wp\/v2\/media?parent=60881"}],"wp:term":[{"taxonomy":"product_brand","embeddable":true,"href":"https:\/\/www.ritzbrasil.com\/en\/wp-json\/wp\/v2\/product_brand?post=60881"},{"taxonomy":"product_cat","embeddable":true,"href":"https:\/\/www.ritzbrasil.com\/en\/wp-json\/wp\/v2\/product_cat?post=60881"},{"taxonomy":"product_tag","embeddable":true,"href":"https:\/\/www.ritzbrasil.com\/en\/wp-json\/wp\/v2\/product_tag?post=60881"}],"curies":[{"name":"wp","href":"https:\/\/api.w.org\/{rel}","templated":true}]}}