{"id":62564,"date":"2025-07-30T14:42:37","date_gmt":"2025-07-30T17:42:37","guid":{"rendered":"https:\/\/www.ritzbrasil.com\/products\/measurement-system\/"},"modified":"2026-04-16T15:02:24","modified_gmt":"2026-04-16T18:02:24","slug":"measurement-system","status":"publish","type":"page","link":"https:\/\/www.ritzbrasil.com\/en\/products\/measurement-system\/","title":{"rendered":"Measurement System"},"content":{"rendered":"<div class=\"wpb-content-wrapper\"><p>[vc_row][vc_column]<style type=\"text\/css\" data-type=\"the7_shortcodes-inline-css\">.products-shortcode.products-masonry-shortcode-id-67fa9e1ea941b7881f5b5c086ee770e8 .filter {\n  margin-bottom: 25px;\n}\n.products-shortcode.products-masonry-shortcode-id-67fa9e1ea941b7881f5b5c086ee770e8 .filter-bg-decoration .filter-categories a.act {\n  color: #fff;\n}\n.products-shortcode.products-masonry-shortcode-id-67fa9e1ea941b7881f5b5c086ee770e8:not(.resize-by-browser-width) .dt-css-grid {\n  grid-row-gap: 50px;\n  grid-column-gap: 50px;\n  grid-template-columns: repeat(auto-fill,minmax(,1fr));\n}\n.cssgridlegacy.no-cssgrid .products-shortcode.products-masonry-shortcode-id-67fa9e1ea941b7881f5b5c086ee770e8:not(.resize-by-browser-width) .dt-css-grid,\n.no-cssgridlegacy.no-cssgrid .products-shortcode.products-masonry-shortcode-id-67fa9e1ea941b7881f5b5c086ee770e8:not(.resize-by-browser-width) .dt-css-grid {\n  display: flex;\n  flex-flow: row wrap;\n  margin: -25px;\n}\n.cssgridlegacy.no-cssgrid .products-shortcode.products-masonry-shortcode-id-67fa9e1ea941b7881f5b5c086ee770e8:not(.resize-by-browser-width) .dt-css-grid .wf-cell,\n.no-cssgridlegacy.no-cssgrid .products-shortcode.products-masonry-shortcode-id-67fa9e1ea941b7881f5b5c086ee770e8:not(.resize-by-browser-width) .dt-css-grid .wf-cell {\n  flex: 1 0 ;\n  max-width: 100%;\n  padding: 25px;\n  box-sizing: border-box;\n}\n.products-shortcode.products-masonry-shortcode-id-67fa9e1ea941b7881f5b5c086ee770e8.resize-by-browser-width .dt-css-grid {\n  grid-template-columns: repeat(3,1fr);\n  grid-template-rows: auto;\n  grid-column-gap: 50px;\n  grid-row-gap: 50px;\n}\n.cssgridlegacy.no-cssgrid .products-shortcode.products-masonry-shortcode-id-67fa9e1ea941b7881f5b5c086ee770e8.resize-by-browser-width .dt-css-grid,\n.no-cssgridlegacy.no-cssgrid .products-shortcode.products-masonry-shortcode-id-67fa9e1ea941b7881f5b5c086ee770e8.resize-by-browser-width .dt-css-grid {\n  margin: -25px;\n}\n.cssgridlegacy.no-cssgrid .products-shortcode.products-masonry-shortcode-id-67fa9e1ea941b7881f5b5c086ee770e8.resize-by-browser-width .dt-css-grid .wf-cell,\n.no-cssgridlegacy.no-cssgrid .products-shortcode.products-masonry-shortcode-id-67fa9e1ea941b7881f5b5c086ee770e8.resize-by-browser-width .dt-css-grid .wf-cell {\n  width: 33.333333333333%;\n  padding: 25px;\n}\n@media screen and (max-width: 1199px) {\n  .products-shortcode.products-masonry-shortcode-id-67fa9e1ea941b7881f5b5c086ee770e8.resize-by-browser-width .dt-css-grid {\n    grid-template-columns: repeat(3,1fr);\n  }\n  .cssgridlegacy.no-cssgrid .products-shortcode.products-masonry-shortcode-id-67fa9e1ea941b7881f5b5c086ee770e8.resize-by-browser-width .dt-css-grid .wf-cell,\n  .no-cssgridlegacy.no-cssgrid .products-shortcode.products-masonry-shortcode-id-67fa9e1ea941b7881f5b5c086ee770e8.resize-by-browser-width .dt-css-grid .wf-cell {\n    width: 33.333333333333%;\n  }\n}\n@media screen and (max-width: 991px) {\n  .products-shortcode.products-masonry-shortcode-id-67fa9e1ea941b7881f5b5c086ee770e8.resize-by-browser-width .dt-css-grid {\n    grid-template-columns: repeat(2,1fr);\n  }\n  .cssgridlegacy.no-cssgrid .products-shortcode.products-masonry-shortcode-id-67fa9e1ea941b7881f5b5c086ee770e8.resize-by-browser-width .dt-css-grid .wf-cell,\n  .no-cssgridlegacy.no-cssgrid .products-shortcode.products-masonry-shortcode-id-67fa9e1ea941b7881f5b5c086ee770e8.resize-by-browser-width .dt-css-grid .wf-cell {\n    width: 50%;\n  }\n}\n@media screen and (max-width: 767px) {\n  .products-shortcode.products-masonry-shortcode-id-67fa9e1ea941b7881f5b5c086ee770e8.resize-by-browser-width .dt-css-grid {\n    grid-template-columns: repeat(1,1fr);\n  }\n  .cssgridlegacy.no-cssgrid .products-shortcode.products-masonry-shortcode-id-67fa9e1ea941b7881f5b5c086ee770e8.resize-by-browser-width .dt-css-grid .wf-cell,\n  .no-cssgridlegacy.no-cssgrid .products-shortcode.products-masonry-shortcode-id-67fa9e1ea941b7881f5b5c086ee770e8.resize-by-browser-width .dt-css-grid .wf-cell {\n    width: 100%;\n  }\n}<\/style><div class=\"products-shortcode products-masonry-shortcode-id-67fa9e1ea941b7881f5b5c086ee770e8 mode-grid cart-btn-below-img hide-description jquery-filter lazy-loading-mode wc-img-hover dt-css-grid-wrap resize-by-browser-width loading-effect-none description-under-image content-align-centre\" data-padding=\"25px\" data-cur-page=\"1\" data-post-limit=\"10\" data-pagination-mode=\"load-more\" aria-live=\"assertive\" data-desktop-columns-num=\"3\" data-v-tablet-columns-num=\"2\" data-h-tablet-columns-num=\"3\" data-phone-columns-num=\"1\" data-width=\"0px\" data-columns=\"0\"><div class=\"dt-css-grid\" ><div class=\"visible wf-cell visible\" data-post-id=\"61163\" data-date=\"2025-07-29T12:12:05-03:00\" data-name=\"Barrier Terminal Block\"><article class=\"post project-odd visible description-off product type-product post-61163 status-publish first instock product_cat-measurement-system has-post-thumbnail featured virtual product-type-simple\" ><figure class=\"woocom-project\">\n\t<div class=\"woo-buttons-on-img\">\n\n\t\t<a href=\"https:\/\/www.ritzbrasil.com\/en\/produtos\/measurement-system\/barrier-terminal-block\/\" class=\"alignnone layzr-bg\"><img loading=\"lazy\" decoding=\"async\" width=\"300\" height=\"300\" src=\"data:image\/svg+xml;charset=utf-8,%3Csvg xmlns%3D&#039;http%3A%2F%2Fwww.w3.org%2F2000%2Fsvg&#039; viewBox%3D&#039;0 0 300 300&#039;%2F%3E\" class=\"attachment-woocommerce_thumbnail size-woocommerce_thumbnail iso-lazy-load preload-me\" alt=\"Terminal Block BTR32681-1\" data-src=\"https:\/\/www.ritzbrasil.com\/wp-content\/uploads\/2025\/07\/bloco-terminal-btr32681-1-300x300.jpg\" data-srcset=\"https:\/\/www.ritzbrasil.com\/wp-content\/uploads\/2025\/07\/bloco-terminal-btr32681-1-300x300.jpg 300w, https:\/\/www.ritzbrasil.com\/wp-content\/uploads\/2025\/07\/bloco-terminal-btr32681-1-200x200.jpg 200w, https:\/\/www.ritzbrasil.com\/wp-content\/uploads\/2025\/07\/bloco-terminal-btr32681-1-600x600.jpg 600w, https:\/\/www.ritzbrasil.com\/wp-content\/uploads\/2025\/07\/bloco-terminal-btr32681-1-64x64.jpg 64w, https:\/\/www.ritzbrasil.com\/wp-content\/uploads\/2025\/07\/bloco-terminal-btr32681-1-1024x1024.jpg 1024w, https:\/\/www.ritzbrasil.com\/wp-content\/uploads\/2025\/07\/bloco-terminal-btr32681-1-150x150.jpg 150w, https:\/\/www.ritzbrasil.com\/wp-content\/uploads\/2025\/07\/bloco-terminal-btr32681-1-768x768.jpg 768w, https:\/\/www.ritzbrasil.com\/wp-content\/uploads\/2025\/07\/bloco-terminal-btr32681-1.jpg 1200w\" \/><img loading=\"lazy\" decoding=\"async\" width=\"300\" height=\"300\" src=\"data:image\/svg+xml;charset=utf-8,%3Csvg xmlns%3D&#039;http%3A%2F%2Fwww.w3.org%2F2000%2Fsvg&#039; viewBox%3D&#039;0 0 300 300&#039;%2F%3E\" class=\"show-on-hover back-image iso-lazy-load preload-me\" alt=\"Terminal Block BTR32681-1\" data-src=\"https:\/\/www.ritzbrasil.com\/wp-content\/uploads\/2025\/07\/bloco-terminal-btr32681-1-300x300.jpg\" data-srcset=\"https:\/\/www.ritzbrasil.com\/wp-content\/uploads\/2025\/07\/bloco-terminal-btr32681-1-300x300.jpg 300w, https:\/\/www.ritzbrasil.com\/wp-content\/uploads\/2025\/07\/bloco-terminal-btr32681-1-200x200.jpg 200w, https:\/\/www.ritzbrasil.com\/wp-content\/uploads\/2025\/07\/bloco-terminal-btr32681-1-600x600.jpg 600w, https:\/\/www.ritzbrasil.com\/wp-content\/uploads\/2025\/07\/bloco-terminal-btr32681-1-64x64.jpg 64w, https:\/\/www.ritzbrasil.com\/wp-content\/uploads\/2025\/07\/bloco-terminal-btr32681-1-1024x1024.jpg 1024w, https:\/\/www.ritzbrasil.com\/wp-content\/uploads\/2025\/07\/bloco-terminal-btr32681-1-150x150.jpg 150w, https:\/\/www.ritzbrasil.com\/wp-content\/uploads\/2025\/07\/bloco-terminal-btr32681-1-768x768.jpg 768w, https:\/\/www.ritzbrasil.com\/wp-content\/uploads\/2025\/07\/bloco-terminal-btr32681-1.jpg 1200w\" \/><\/a>\n\t<\/div>\n\t<figcaption class=\"woocom-list-content\">\n\n\t\t<div class=\"woo-buttons\"><a href=\"https:\/\/www.ritzbrasil.com\/en\/produtos\/measurement-system\/barrier-terminal-block\/\" aria-describedby=\"woocommerce_loop_add_to_cart_link_describedby_61163\" data-quantity=\"1\" class=\"product_type_simple ajax_add_to_cart\" data-product_id=\"61163\" data-product_sku=\"\" aria-label=\"Read more about &ldquo;Barrier Terminal Block&rdquo;\" rel=\"nofollow\" data-success_message=\"\">Read more<\/a>\t<span id=\"woocommerce_loop_add_to_cart_link_describedby_61163\" class=\"screen-reader-text\">\n\t\t\t<\/span>\n<\/div>\n\t<\/figcaption>\n<\/figure>\n<\/article><\/div><\/div><!-- iso-container|iso-grid --><div class=\"paginator paginator-more-button\">\n\t\t\t\t<a class=\"button-load-more \" href=\"javascript:void(0);\" data-dt-page=\"1\" ><span class=\"stick\"><\/span><span class=\"stick\"><\/span><span class=\"stick\"><\/span><span class=\"button-caption\">Load more<\/span><\/a>\n\t\t\t<\/div><\/div>[\/vc_column][\/vc_row]<\/p>\n<\/div>","protected":false},"excerpt":{"rendered":"<p>[vc_row][vc_column][\/vc_column][\/vc_row]<\/p>\n","protected":false},"author":3,"featured_media":0,"parent":60845,"menu_order":0,"comment_status":"closed","ping_status":"closed","template":"","meta":{"footnotes":""},"class_list":["post-62564","page","type-page","status-publish","hentry","description-off"],"yoast_head":"<!-- This site is optimized with the Yoast SEO plugin v27.1.1 - https:\/\/yoast.com\/product\/yoast-seo-wordpress\/ -->\n<title>Measurement System<\/title>\n<meta name=\"description\" content=\"Measurement system with reliable solutions for control, signaling and interconnections in industrial electrical installations.\" \/>\n<meta name=\"robots\" content=\"index, follow, max-snippet:-1, max-image-preview:large, max-video-preview:-1\" \/>\n<link rel=\"canonical\" href=\"https:\/\/www.ritzbrasil.com\/en\/products\/measurement-system\/\" \/>\n<meta property=\"og:locale\" content=\"en_US\" \/>\n<meta property=\"og:type\" content=\"article\" \/>\n<meta property=\"og:title\" content=\"Measurement System\" \/>\n<meta property=\"og:description\" content=\"Measurement system with reliable solutions for control, signaling and interconnections in industrial electrical installations.\" \/>\n<meta property=\"og:url\" content=\"https:\/\/www.ritzbrasil.com\/en\/products\/measurement-system\/\" \/>\n<meta property=\"og:site_name\" content=\"Equipamentos de Manuten\u00e7\u00e3o e Seguran\u00e7a para o Setor El\u00e9trico - Ritz Brasil\" \/>\n<meta property=\"article:modified_time\" content=\"2026-04-16T18:02:24+00:00\" \/>\n<meta name=\"twitter:card\" content=\"summary_large_image\" \/>\n<script type=\"application\/ld+json\" class=\"yoast-schema-graph\">{\"@context\":\"https:\/\/schema.org\",\"@graph\":[{\"@type\":\"WebPage\",\"@id\":\"https:\/\/www.ritzbrasil.com\/en\/products\/measurement-system\/\",\"url\":\"https:\/\/www.ritzbrasil.com\/en\/products\/measurement-system\/\",\"name\":\"Measurement System\",\"isPartOf\":{\"@id\":\"https:\/\/www.ritzbrasil.com\/en\/#website\"},\"datePublished\":\"2025-07-30T17:42:37+00:00\",\"dateModified\":\"2026-04-16T18:02:24+00:00\",\"description\":\"Measurement system with reliable solutions for control, signaling and interconnections in industrial electrical installations.\",\"breadcrumb\":{\"@id\":\"https:\/\/www.ritzbrasil.com\/en\/products\/measurement-system\/#breadcrumb\"},\"inLanguage\":\"en-US\",\"potentialAction\":[{\"@type\":\"ReadAction\",\"target\":[\"https:\/\/www.ritzbrasil.com\/en\/products\/measurement-system\/\"]}]},{\"@type\":\"BreadcrumbList\",\"@id\":\"https:\/\/www.ritzbrasil.com\/en\/products\/measurement-system\/#breadcrumb\",\"itemListElement\":[{\"@type\":\"ListItem\",\"position\":1,\"name\":\"In\u00edcio\",\"item\":\"https:\/\/www.ritzbrasil.com\/en\/\"},{\"@type\":\"ListItem\",\"position\":2,\"name\":\"Products\",\"item\":\"https:\/\/www.ritzbrasil.com\/en\/products\/\"},{\"@type\":\"ListItem\",\"position\":3,\"name\":\"Measurement System\"}]},{\"@type\":\"WebSite\",\"@id\":\"https:\/\/www.ritzbrasil.com\/en\/#website\",\"url\":\"https:\/\/www.ritzbrasil.com\/en\/\",\"name\":\"Equipamentos de Manuten\u00e7\u00e3o e Seguran\u00e7a para o Setor El\u00e9trico - Ritz Brasil\",\"description\":\"\",\"potentialAction\":[{\"@type\":\"SearchAction\",\"target\":{\"@type\":\"EntryPoint\",\"urlTemplate\":\"https:\/\/www.ritzbrasil.com\/en\/?s={search_term_string}\"},\"query-input\":{\"@type\":\"PropertyValueSpecification\",\"valueRequired\":true,\"valueName\":\"search_term_string\"}}],\"inLanguage\":\"en-US\"}]}<\/script>\n<!-- \/ Yoast SEO plugin. -->","yoast_head_json":{"title":"Measurement System","description":"Measurement system with reliable solutions for control, signaling and interconnections in industrial electrical installations.","robots":{"index":"index","follow":"follow","max-snippet":"max-snippet:-1","max-image-preview":"max-image-preview:large","max-video-preview":"max-video-preview:-1"},"canonical":"https:\/\/www.ritzbrasil.com\/en\/products\/measurement-system\/","og_locale":"en_US","og_type":"article","og_title":"Measurement System","og_description":"Measurement system with reliable solutions for control, signaling and interconnections in industrial electrical installations.","og_url":"https:\/\/www.ritzbrasil.com\/en\/products\/measurement-system\/","og_site_name":"Equipamentos de Manuten\u00e7\u00e3o e Seguran\u00e7a para o Setor El\u00e9trico - Ritz Brasil","article_modified_time":"2026-04-16T18:02:24+00:00","twitter_card":"summary_large_image","schema":{"@context":"https:\/\/schema.org","@graph":[{"@type":"WebPage","@id":"https:\/\/www.ritzbrasil.com\/en\/products\/measurement-system\/","url":"https:\/\/www.ritzbrasil.com\/en\/products\/measurement-system\/","name":"Measurement System","isPartOf":{"@id":"https:\/\/www.ritzbrasil.com\/en\/#website"},"datePublished":"2025-07-30T17:42:37+00:00","dateModified":"2026-04-16T18:02:24+00:00","description":"Measurement system with reliable solutions for control, signaling and interconnections in industrial electrical installations.","breadcrumb":{"@id":"https:\/\/www.ritzbrasil.com\/en\/products\/measurement-system\/#breadcrumb"},"inLanguage":"en-US","potentialAction":[{"@type":"ReadAction","target":["https:\/\/www.ritzbrasil.com\/en\/products\/measurement-system\/"]}]},{"@type":"BreadcrumbList","@id":"https:\/\/www.ritzbrasil.com\/en\/products\/measurement-system\/#breadcrumb","itemListElement":[{"@type":"ListItem","position":1,"name":"In\u00edcio","item":"https:\/\/www.ritzbrasil.com\/en\/"},{"@type":"ListItem","position":2,"name":"Products","item":"https:\/\/www.ritzbrasil.com\/en\/products\/"},{"@type":"ListItem","position":3,"name":"Measurement System"}]},{"@type":"WebSite","@id":"https:\/\/www.ritzbrasil.com\/en\/#website","url":"https:\/\/www.ritzbrasil.com\/en\/","name":"Equipamentos de Manuten\u00e7\u00e3o e Seguran\u00e7a para o Setor El\u00e9trico - Ritz Brasil","description":"","potentialAction":[{"@type":"SearchAction","target":{"@type":"EntryPoint","urlTemplate":"https:\/\/www.ritzbrasil.com\/en\/?s={search_term_string}"},"query-input":{"@type":"PropertyValueSpecification","valueRequired":true,"valueName":"search_term_string"}}],"inLanguage":"en-US"}]}},"_links":{"self":[{"href":"https:\/\/www.ritzbrasil.com\/en\/wp-json\/wp\/v2\/pages\/62564","targetHints":{"allow":["GET"]}}],"collection":[{"href":"https:\/\/www.ritzbrasil.com\/en\/wp-json\/wp\/v2\/pages"}],"about":[{"href":"https:\/\/www.ritzbrasil.com\/en\/wp-json\/wp\/v2\/types\/page"}],"author":[{"embeddable":true,"href":"https:\/\/www.ritzbrasil.com\/en\/wp-json\/wp\/v2\/users\/3"}],"replies":[{"embeddable":true,"href":"https:\/\/www.ritzbrasil.com\/en\/wp-json\/wp\/v2\/comments?post=62564"}],"version-history":[{"count":1,"href":"https:\/\/www.ritzbrasil.com\/en\/wp-json\/wp\/v2\/pages\/62564\/revisions"}],"predecessor-version":[{"id":62565,"href":"https:\/\/www.ritzbrasil.com\/en\/wp-json\/wp\/v2\/pages\/62564\/revisions\/62565"}],"up":[{"embeddable":true,"href":"https:\/\/www.ritzbrasil.com\/en\/wp-json\/wp\/v2\/pages\/60845"}],"wp:attachment":[{"href":"https:\/\/www.ritzbrasil.com\/en\/wp-json\/wp\/v2\/media?parent=62564"}],"curies":[{"name":"wp","href":"https:\/\/api.w.org\/{rel}","templated":true}]}}