{"id":60818,"date":"2024-10-28T16:16:29","date_gmt":"2024-10-28T19:16:29","guid":{"rendered":"https:\/\/bisque-bison-688002.hostingersite.com\/equipment-for-working-to-potential\/"},"modified":"2026-02-25T16:27:28","modified_gmt":"2026-02-25T19:27:28","slug":"equipment-for-working-to-potential","status":"publish","type":"page","link":"https:\/\/www.ritzbrasil.com\/en\/products\/equipment-for-working-to-potential\/","title":{"rendered":"Equipment for Working to Potential"},"content":{"rendered":"<div class=\"wpb-content-wrapper\"><p>[vc_row][vc_column]<style type=\"text\/css\" data-type=\"the7_shortcodes-inline-css\">.products-shortcode.products-masonry-shortcode-id-0dada6bec5d528f585688777ebd68e23 .filter {\n  margin-bottom: 25px;\n}\n.products-shortcode.products-masonry-shortcode-id-0dada6bec5d528f585688777ebd68e23 .filter-bg-decoration .filter-categories a.act {\n  color: #fff;\n}\n.products-shortcode.products-masonry-shortcode-id-0dada6bec5d528f585688777ebd68e23:not(.resize-by-browser-width) .dt-css-grid {\n  grid-row-gap: 50px;\n  grid-column-gap: 50px;\n  grid-template-columns: repeat(auto-fill,minmax(,1fr));\n}\n.cssgridlegacy.no-cssgrid .products-shortcode.products-masonry-shortcode-id-0dada6bec5d528f585688777ebd68e23:not(.resize-by-browser-width) .dt-css-grid,\n.no-cssgridlegacy.no-cssgrid .products-shortcode.products-masonry-shortcode-id-0dada6bec5d528f585688777ebd68e23:not(.resize-by-browser-width) .dt-css-grid {\n  display: flex;\n  flex-flow: row wrap;\n  margin: -25px;\n}\n.cssgridlegacy.no-cssgrid .products-shortcode.products-masonry-shortcode-id-0dada6bec5d528f585688777ebd68e23:not(.resize-by-browser-width) .dt-css-grid .wf-cell,\n.no-cssgridlegacy.no-cssgrid .products-shortcode.products-masonry-shortcode-id-0dada6bec5d528f585688777ebd68e23:not(.resize-by-browser-width) .dt-css-grid .wf-cell {\n  flex: 1 0 ;\n  max-width: 100%;\n  padding: 25px;\n  box-sizing: border-box;\n}\n.products-shortcode.products-masonry-shortcode-id-0dada6bec5d528f585688777ebd68e23.resize-by-browser-width .dt-css-grid {\n  grid-template-columns: repeat(3,1fr);\n  grid-template-rows: auto;\n  grid-column-gap: 50px;\n  grid-row-gap: 50px;\n}\n.cssgridlegacy.no-cssgrid .products-shortcode.products-masonry-shortcode-id-0dada6bec5d528f585688777ebd68e23.resize-by-browser-width .dt-css-grid,\n.no-cssgridlegacy.no-cssgrid .products-shortcode.products-masonry-shortcode-id-0dada6bec5d528f585688777ebd68e23.resize-by-browser-width .dt-css-grid {\n  margin: -25px;\n}\n.cssgridlegacy.no-cssgrid .products-shortcode.products-masonry-shortcode-id-0dada6bec5d528f585688777ebd68e23.resize-by-browser-width .dt-css-grid .wf-cell,\n.no-cssgridlegacy.no-cssgrid .products-shortcode.products-masonry-shortcode-id-0dada6bec5d528f585688777ebd68e23.resize-by-browser-width .dt-css-grid .wf-cell {\n  width: 33.333333333333%;\n  padding: 25px;\n}\n@media screen and (max-width: 1199px) {\n  .products-shortcode.products-masonry-shortcode-id-0dada6bec5d528f585688777ebd68e23.resize-by-browser-width .dt-css-grid {\n    grid-template-columns: repeat(3,1fr);\n  }\n  .cssgridlegacy.no-cssgrid .products-shortcode.products-masonry-shortcode-id-0dada6bec5d528f585688777ebd68e23.resize-by-browser-width .dt-css-grid .wf-cell,\n  .no-cssgridlegacy.no-cssgrid .products-shortcode.products-masonry-shortcode-id-0dada6bec5d528f585688777ebd68e23.resize-by-browser-width .dt-css-grid .wf-cell {\n    width: 33.333333333333%;\n  }\n}\n@media screen and (max-width: 991px) {\n  .products-shortcode.products-masonry-shortcode-id-0dada6bec5d528f585688777ebd68e23.resize-by-browser-width .dt-css-grid {\n    grid-template-columns: repeat(2,1fr);\n  }\n  .cssgridlegacy.no-cssgrid .products-shortcode.products-masonry-shortcode-id-0dada6bec5d528f585688777ebd68e23.resize-by-browser-width .dt-css-grid .wf-cell,\n  .no-cssgridlegacy.no-cssgrid .products-shortcode.products-masonry-shortcode-id-0dada6bec5d528f585688777ebd68e23.resize-by-browser-width .dt-css-grid .wf-cell {\n    width: 50%;\n  }\n}\n@media screen and (max-width: 767px) {\n  .products-shortcode.products-masonry-shortcode-id-0dada6bec5d528f585688777ebd68e23.resize-by-browser-width .dt-css-grid {\n    grid-template-columns: repeat(1,1fr);\n  }\n  .cssgridlegacy.no-cssgrid .products-shortcode.products-masonry-shortcode-id-0dada6bec5d528f585688777ebd68e23.resize-by-browser-width .dt-css-grid .wf-cell,\n  .no-cssgridlegacy.no-cssgrid .products-shortcode.products-masonry-shortcode-id-0dada6bec5d528f585688777ebd68e23.resize-by-browser-width .dt-css-grid .wf-cell {\n    width: 100%;\n  }\n}<\/style><div class=\"products-shortcode products-masonry-shortcode-id-0dada6bec5d528f585688777ebd68e23 mode-grid cart-btn-below-img hide-description jquery-filter lazy-loading-mode wc-img-hover dt-css-grid-wrap resize-by-browser-width loading-effect-none description-under-image content-align-centre\" data-padding=\"25px\" data-cur-page=\"1\" data-post-limit=\"10\" data-pagination-mode=\"load-more\" aria-live=\"assertive\" data-desktop-columns-num=\"3\" data-v-tablet-columns-num=\"2\" data-h-tablet-columns-num=\"3\" data-phone-columns-num=\"1\" data-width=\"0px\" data-columns=\"0\"><div class=\"dt-css-grid\" ><div class=\"visible wf-cell visible\" data-post-id=\"60963\" data-date=\"2024-10-29T09:39:29-03:00\" data-name=\"Conductive clothing\"><article class=\"post project-odd visible description-off product type-product post-60963 status-publish first instock product_cat-equipment-for-working-to-potential product_tag-flv29842-1-en product_tag-flv29842-2-en product_tag-flv29842-3-en product_tag-flv29842-4-en product_tag-flv30620-1-en product_tag-flv30620-2-en product_tag-flv30620-3-en product_tag-flv30620-4-en product_tag-flv30622-1-en product_tag-flv30623-1-en product_tag-rc417-0122-5-en product_tag-rc417-0123-5-en product_tag-rc417-0124-en product_tag-rc417-0125-en product_tag-rc417-0126-en product_tag-rc417-0126-5-en product_tag-rc417-0623-en product_tag-rc417-0624-en product_tag-rc417-0624-5-en product_tag-rc417-0625-5-en has-post-thumbnail virtual product-type-simple\" ><figure class=\"woocom-project\">\n\t<div class=\"woo-buttons-on-img\">\n\n\t\t<a href=\"https:\/\/www.ritzbrasil.com\/en\/produtos\/equipment-for-working-to-potential\/conductive-clothing\/\" class=\"alignnone layzr-bg\"><img loading=\"lazy\" decoding=\"async\" width=\"300\" height=\"300\" src=\"data:image\/svg+xml;charset=utf-8,%3Csvg xmlns%3D&#039;http%3A%2F%2Fwww.w3.org%2F2000%2Fsvg&#039; viewBox%3D&#039;0 0 300 300&#039;%2F%3E\" class=\"attachment-woocommerce_thumbnail size-woocommerce_thumbnail iso-lazy-load preload-me\" alt=\"Conductive clothing in practice\" data-src=\"https:\/\/www.ritzbrasil.com\/wp-content\/uploads\/2024\/10\/vestimenta-condutiva-na-pratica-300x300.jpg\" data-srcset=\"https:\/\/www.ritzbrasil.com\/wp-content\/uploads\/2024\/10\/vestimenta-condutiva-na-pratica-300x300.jpg 300w, https:\/\/www.ritzbrasil.com\/wp-content\/uploads\/2024\/10\/vestimenta-condutiva-na-pratica-200x200.jpg 200w, https:\/\/www.ritzbrasil.com\/wp-content\/uploads\/2024\/10\/vestimenta-condutiva-na-pratica-600x600.jpg 600w, https:\/\/www.ritzbrasil.com\/wp-content\/uploads\/2024\/10\/vestimenta-condutiva-na-pratica-64x64.jpg 64w, https:\/\/www.ritzbrasil.com\/wp-content\/uploads\/2024\/10\/vestimenta-condutiva-na-pratica-1024x1024.jpg 1024w, https:\/\/www.ritzbrasil.com\/wp-content\/uploads\/2024\/10\/vestimenta-condutiva-na-pratica-150x150.jpg 150w, https:\/\/www.ritzbrasil.com\/wp-content\/uploads\/2024\/10\/vestimenta-condutiva-na-pratica-768x768.jpg 768w, https:\/\/www.ritzbrasil.com\/wp-content\/uploads\/2024\/10\/vestimenta-condutiva-na-pratica.jpg 1200w\" \/><\/a>\n\t<\/div>\n\t<figcaption class=\"woocom-list-content\">\n\n\t\t<div class=\"woo-buttons\"><a href=\"https:\/\/www.ritzbrasil.com\/en\/produtos\/equipment-for-working-to-potential\/conductive-clothing\/\" aria-describedby=\"woocommerce_loop_add_to_cart_link_describedby_60963\" data-quantity=\"1\" class=\"product_type_simple ajax_add_to_cart\" data-product_id=\"60963\" data-product_sku=\"\" aria-label=\"Read more about &ldquo;Conductive clothing&rdquo;\" rel=\"nofollow\" data-success_message=\"\">Read more<\/a>\t<span id=\"woocommerce_loop_add_to_cart_link_describedby_60963\" class=\"screen-reader-text\">\n\t\t\t<\/span>\n<\/div>\n\t<\/figcaption>\n<\/figure>\n<\/article><\/div><div class=\"visible wf-cell visible\" data-post-id=\"60965\" data-date=\"2024-10-29T11:06:37-03:00\" data-name=\"Access to Potential Chair\"><article class=\"post project-odd visible description-off product type-product post-60965 status-publish instock product_cat-equipment-for-working-to-potential product_tag-flv12563-1-en has-post-thumbnail featured virtual product-type-simple\" ><figure class=\"woocom-project\">\n\t<div class=\"woo-buttons-on-img\">\n\n\t\t<a href=\"https:\/\/www.ritzbrasil.com\/en\/produtos\/equipment-for-working-to-potential\/access-to-potential-chair\/\" class=\"alignnone layzr-bg\"><img loading=\"lazy\" decoding=\"async\" width=\"300\" height=\"300\" src=\"data:image\/svg+xml;charset=utf-8,%3Csvg xmlns%3D&#039;http%3A%2F%2Fwww.w3.org%2F2000%2Fsvg&#039; viewBox%3D&#039;0 0 300 300&#039;%2F%3E\" class=\"attachment-woocommerce_thumbnail size-woocommerce_thumbnail iso-lazy-load preload-me\" alt=\"FLV12563-1 Chair of Access to Potential in practice\" data-src=\"https:\/\/www.ritzbrasil.com\/wp-content\/uploads\/2024\/10\/flv12563-1-cadeira-acesso-potencial-pratica-300x300.jpg\" data-srcset=\"https:\/\/www.ritzbrasil.com\/wp-content\/uploads\/2024\/10\/flv12563-1-cadeira-acesso-potencial-pratica-300x300.jpg 300w, https:\/\/www.ritzbrasil.com\/wp-content\/uploads\/2024\/10\/flv12563-1-cadeira-acesso-potencial-pratica-200x200.jpg 200w, https:\/\/www.ritzbrasil.com\/wp-content\/uploads\/2024\/10\/flv12563-1-cadeira-acesso-potencial-pratica-600x600.jpg 600w, https:\/\/www.ritzbrasil.com\/wp-content\/uploads\/2024\/10\/flv12563-1-cadeira-acesso-potencial-pratica-64x64.jpg 64w, https:\/\/www.ritzbrasil.com\/wp-content\/uploads\/2024\/10\/flv12563-1-cadeira-acesso-potencial-pratica-1024x1024.jpg 1024w, https:\/\/www.ritzbrasil.com\/wp-content\/uploads\/2024\/10\/flv12563-1-cadeira-acesso-potencial-pratica-150x150.jpg 150w, https:\/\/www.ritzbrasil.com\/wp-content\/uploads\/2024\/10\/flv12563-1-cadeira-acesso-potencial-pratica-768x768.jpg 768w, https:\/\/www.ritzbrasil.com\/wp-content\/uploads\/2024\/10\/flv12563-1-cadeira-acesso-potencial-pratica.jpg 1200w\" \/><\/a>\n\t<\/div>\n\t<figcaption class=\"woocom-list-content\">\n\n\t\t<div class=\"woo-buttons\"><a href=\"https:\/\/www.ritzbrasil.com\/en\/produtos\/equipment-for-working-to-potential\/access-to-potential-chair\/\" aria-describedby=\"woocommerce_loop_add_to_cart_link_describedby_60965\" data-quantity=\"1\" class=\"product_type_simple ajax_add_to_cart\" data-product_id=\"60965\" data-product_sku=\"\" aria-label=\"Read more about &ldquo;Access to Potential Chair&rdquo;\" rel=\"nofollow\" data-success_message=\"\">Read more<\/a>\t<span id=\"woocommerce_loop_add_to_cart_link_describedby_60965\" class=\"screen-reader-text\">\n\t\t\t<\/span>\n<\/div>\n\t<\/figcaption>\n<\/figure>\n<\/article><\/div><div class=\"visible wf-cell visible\" data-post-id=\"60967\" data-date=\"2024-10-29T11:22:45-03:00\" data-name=\"Driver Inspection Trolley\"><article class=\"post project-odd visible description-off product type-product post-60967 status-publish instock product_cat-equipment-for-working-to-potential product_tag-flv04803-3-en product_tag-flv21045-1-en product_tag-flv21549-1-en product_tag-rm1895-3-en has-post-thumbnail virtual product-type-simple\" ><figure class=\"woocom-project\">\n\t<div class=\"woo-buttons-on-img\">\n\n\t\t<a href=\"https:\/\/www.ritzbrasil.com\/en\/produtos\/equipment-for-working-to-potential\/driver-inspection-trolley\/\" class=\"alignnone layzr-bg\"><img loading=\"lazy\" decoding=\"async\" width=\"300\" height=\"300\" src=\"data:image\/svg+xml;charset=utf-8,%3Csvg xmlns%3D&#039;http%3A%2F%2Fwww.w3.org%2F2000%2Fsvg&#039; viewBox%3D&#039;0 0 300 300&#039;%2F%3E\" class=\"attachment-woocommerce_thumbnail size-woocommerce_thumbnail iso-lazy-load preload-me\" alt=\"Driver Inspection Trolley\" data-src=\"https:\/\/www.ritzbrasil.com\/wp-content\/uploads\/2024\/10\/carro-inspecao-condutores-300x300.jpg\" data-srcset=\"https:\/\/www.ritzbrasil.com\/wp-content\/uploads\/2024\/10\/carro-inspecao-condutores-300x300.jpg 300w, https:\/\/www.ritzbrasil.com\/wp-content\/uploads\/2024\/10\/carro-inspecao-condutores-200x200.jpg 200w, https:\/\/www.ritzbrasil.com\/wp-content\/uploads\/2024\/10\/carro-inspecao-condutores-600x600.jpg 600w, https:\/\/www.ritzbrasil.com\/wp-content\/uploads\/2024\/10\/carro-inspecao-condutores-64x64.jpg 64w, https:\/\/www.ritzbrasil.com\/wp-content\/uploads\/2024\/10\/carro-inspecao-condutores-1024x1024.jpg 1024w, https:\/\/www.ritzbrasil.com\/wp-content\/uploads\/2024\/10\/carro-inspecao-condutores-150x150.jpg 150w, https:\/\/www.ritzbrasil.com\/wp-content\/uploads\/2024\/10\/carro-inspecao-condutores-768x768.jpg 768w, https:\/\/www.ritzbrasil.com\/wp-content\/uploads\/2024\/10\/carro-inspecao-condutores.jpg 1200w\" \/><\/a>\n\t<\/div>\n\t<figcaption class=\"woocom-list-content\">\n\n\t\t<div class=\"woo-buttons\"><a href=\"https:\/\/www.ritzbrasil.com\/en\/produtos\/equipment-for-working-to-potential\/driver-inspection-trolley\/\" aria-describedby=\"woocommerce_loop_add_to_cart_link_describedby_60967\" data-quantity=\"1\" class=\"product_type_simple ajax_add_to_cart\" data-product_id=\"60967\" data-product_sku=\"\" aria-label=\"Read more about &ldquo;Driver Inspection Trolley&rdquo;\" rel=\"nofollow\" data-success_message=\"\">Read more<\/a>\t<span id=\"woocommerce_loop_add_to_cart_link_describedby_60967\" class=\"screen-reader-text\">\n\t\t\t<\/span>\n<\/div>\n\t<\/figcaption>\n<\/figure>\n<\/article><\/div><div class=\"visible wf-cell visible\" data-post-id=\"60969\" data-date=\"2024-10-29T13:23:54-03:00\" data-name=\"Potential Contact Stick\"><article class=\"post project-odd visible description-off product type-product post-60969 status-publish last instock product_cat-equipment-for-working-to-potential product_tag-flv02544-1-en has-post-thumbnail virtual product-type-simple\" ><figure class=\"woocom-project\">\n\t<div class=\"woo-buttons-on-img\">\n\n\t\t<a href=\"https:\/\/www.ritzbrasil.com\/en\/produtos\/equipment-for-working-to-potential\/potential-contact-stick\/\" class=\"alignnone layzr-bg\"><img loading=\"lazy\" decoding=\"async\" width=\"300\" height=\"300\" src=\"data:image\/svg+xml;charset=utf-8,%3Csvg xmlns%3D&#039;http%3A%2F%2Fwww.w3.org%2F2000%2Fsvg&#039; viewBox%3D&#039;0 0 300 300&#039;%2F%3E\" class=\"attachment-woocommerce_thumbnail size-woocommerce_thumbnail iso-lazy-load preload-me\" alt=\"FLV02544-1 Potential Contact Stick\" data-src=\"https:\/\/www.ritzbrasil.com\/wp-content\/uploads\/2024\/10\/flv02544-1-bastao-contato-potencial-300x300.jpg\" data-srcset=\"https:\/\/www.ritzbrasil.com\/wp-content\/uploads\/2024\/10\/flv02544-1-bastao-contato-potencial-300x300.jpg 300w, https:\/\/www.ritzbrasil.com\/wp-content\/uploads\/2024\/10\/flv02544-1-bastao-contato-potencial-200x200.jpg 200w, https:\/\/www.ritzbrasil.com\/wp-content\/uploads\/2024\/10\/flv02544-1-bastao-contato-potencial-600x600.jpg 600w, https:\/\/www.ritzbrasil.com\/wp-content\/uploads\/2024\/10\/flv02544-1-bastao-contato-potencial-64x64.jpg 64w, https:\/\/www.ritzbrasil.com\/wp-content\/uploads\/2024\/10\/flv02544-1-bastao-contato-potencial-1024x1024.jpg 1024w, https:\/\/www.ritzbrasil.com\/wp-content\/uploads\/2024\/10\/flv02544-1-bastao-contato-potencial-150x150.jpg 150w, https:\/\/www.ritzbrasil.com\/wp-content\/uploads\/2024\/10\/flv02544-1-bastao-contato-potencial-768x768.jpg 768w, https:\/\/www.ritzbrasil.com\/wp-content\/uploads\/2024\/10\/flv02544-1-bastao-contato-potencial.jpg 1200w\" \/><\/a>\n\t<\/div>\n\t<figcaption class=\"woocom-list-content\">\n\n\t\t<div class=\"woo-buttons\"><a href=\"https:\/\/www.ritzbrasil.com\/en\/produtos\/equipment-for-working-to-potential\/potential-contact-stick\/\" aria-describedby=\"woocommerce_loop_add_to_cart_link_describedby_60969\" data-quantity=\"1\" class=\"product_type_simple ajax_add_to_cart\" data-product_id=\"60969\" data-product_sku=\"\" aria-label=\"Read more about &ldquo;Potential Contact Stick&rdquo;\" rel=\"nofollow\" data-success_message=\"\">Read more<\/a>\t<span id=\"woocommerce_loop_add_to_cart_link_describedby_60969\" class=\"screen-reader-text\">\n\t\t\t<\/span>\n<\/div>\n\t<\/figcaption>\n<\/figure>\n<\/article><\/div><\/div><!-- iso-container|iso-grid --><div class=\"paginator paginator-more-button\">\n\t\t\t\t<a class=\"button-load-more \" href=\"javascript:void(0);\" data-dt-page=\"1\" ><span class=\"stick\"><\/span><span class=\"stick\"><\/span><span class=\"stick\"><\/span><span class=\"button-caption\">Load more<\/span><\/a>\n\t\t\t<\/div><\/div>[\/vc_column][\/vc_row]<\/p>\n<\/div>","protected":false},"excerpt":{"rendered":"<p>[vc_row][vc_column][\/vc_column][\/vc_row]<\/p>\n","protected":false},"author":3,"featured_media":0,"parent":60845,"menu_order":0,"comment_status":"closed","ping_status":"closed","template":"","meta":{"footnotes":""},"class_list":["post-60818","page","type-page","status-publish","hentry","description-off"],"yoast_head":"<!-- This site is optimized with the Yoast SEO plugin v27.1.1 - https:\/\/yoast.com\/product\/yoast-seo-wordpress\/ -->\n<title>Equipment for Working to Potential<\/title>\n<meta name=\"description\" content=\"Clothing and equipment for accessing potential, guaranteeing safety and ergonomics in operations on energized high-voltage lines.\" \/>\n<meta name=\"robots\" content=\"index, follow, max-snippet:-1, max-image-preview:large, max-video-preview:-1\" \/>\n<link rel=\"canonical\" href=\"https:\/\/www.ritzbrasil.com\/en\/products\/equipment-for-working-to-potential\/\" \/>\n<meta property=\"og:locale\" content=\"en_US\" \/>\n<meta property=\"og:type\" content=\"article\" \/>\n<meta property=\"og:title\" content=\"Equipment for Working to Potential\" \/>\n<meta property=\"og:description\" content=\"Clothing and equipment for accessing potential, guaranteeing safety and ergonomics in operations on energized high-voltage lines.\" \/>\n<meta property=\"og:url\" content=\"https:\/\/www.ritzbrasil.com\/en\/products\/equipment-for-working-to-potential\/\" \/>\n<meta property=\"og:site_name\" content=\"Equipamentos de Manuten\u00e7\u00e3o e Seguran\u00e7a para o Setor El\u00e9trico - Ritz Brasil\" \/>\n<meta property=\"article:modified_time\" content=\"2026-02-25T19:27:28+00:00\" \/>\n<meta name=\"twitter:card\" content=\"summary_large_image\" \/>\n<meta name=\"twitter:label1\" content=\"Est. reading time\" \/>\n\t<meta name=\"twitter:data1\" content=\"1 minute\" \/>\n<script type=\"application\/ld+json\" class=\"yoast-schema-graph\">{\"@context\":\"https:\/\/schema.org\",\"@graph\":[{\"@type\":\"WebPage\",\"@id\":\"https:\/\/www.ritzbrasil.com\/en\/products\/equipment-for-working-to-potential\/\",\"url\":\"https:\/\/www.ritzbrasil.com\/en\/products\/equipment-for-working-to-potential\/\",\"name\":\"Equipment for Working to Potential\",\"isPartOf\":{\"@id\":\"https:\/\/www.ritzbrasil.com\/en\/#website\"},\"datePublished\":\"2024-10-28T19:16:29+00:00\",\"dateModified\":\"2026-02-25T19:27:28+00:00\",\"description\":\"Clothing and equipment for accessing potential, guaranteeing safety and ergonomics in operations on energized high-voltage lines.\",\"breadcrumb\":{\"@id\":\"https:\/\/www.ritzbrasil.com\/en\/products\/equipment-for-working-to-potential\/#breadcrumb\"},\"inLanguage\":\"en-US\",\"potentialAction\":[{\"@type\":\"ReadAction\",\"target\":[\"https:\/\/www.ritzbrasil.com\/en\/products\/equipment-for-working-to-potential\/\"]}]},{\"@type\":\"BreadcrumbList\",\"@id\":\"https:\/\/www.ritzbrasil.com\/en\/products\/equipment-for-working-to-potential\/#breadcrumb\",\"itemListElement\":[{\"@type\":\"ListItem\",\"position\":1,\"name\":\"In\u00edcio\",\"item\":\"https:\/\/www.ritzbrasil.com\/en\/\"},{\"@type\":\"ListItem\",\"position\":2,\"name\":\"Products\",\"item\":\"https:\/\/www.ritzbrasil.com\/en\/products\/\"},{\"@type\":\"ListItem\",\"position\":3,\"name\":\"Equipment for Working to Potential\"}]},{\"@type\":\"WebSite\",\"@id\":\"https:\/\/www.ritzbrasil.com\/en\/#website\",\"url\":\"https:\/\/www.ritzbrasil.com\/en\/\",\"name\":\"Equipamentos de Manuten\u00e7\u00e3o e Seguran\u00e7a para o Setor El\u00e9trico - Ritz Brasil\",\"description\":\"\",\"potentialAction\":[{\"@type\":\"SearchAction\",\"target\":{\"@type\":\"EntryPoint\",\"urlTemplate\":\"https:\/\/www.ritzbrasil.com\/en\/?s={search_term_string}\"},\"query-input\":{\"@type\":\"PropertyValueSpecification\",\"valueRequired\":true,\"valueName\":\"search_term_string\"}}],\"inLanguage\":\"en-US\"}]}<\/script>\n<!-- \/ Yoast SEO plugin. -->","yoast_head_json":{"title":"Equipment for Working to Potential","description":"Clothing and equipment for accessing potential, guaranteeing safety and ergonomics in operations on energized high-voltage lines.","robots":{"index":"index","follow":"follow","max-snippet":"max-snippet:-1","max-image-preview":"max-image-preview:large","max-video-preview":"max-video-preview:-1"},"canonical":"https:\/\/www.ritzbrasil.com\/en\/products\/equipment-for-working-to-potential\/","og_locale":"en_US","og_type":"article","og_title":"Equipment for Working to Potential","og_description":"Clothing and equipment for accessing potential, guaranteeing safety and ergonomics in operations on energized high-voltage lines.","og_url":"https:\/\/www.ritzbrasil.com\/en\/products\/equipment-for-working-to-potential\/","og_site_name":"Equipamentos de Manuten\u00e7\u00e3o e Seguran\u00e7a para o Setor El\u00e9trico - Ritz Brasil","article_modified_time":"2026-02-25T19:27:28+00:00","twitter_card":"summary_large_image","twitter_misc":{"Est. reading time":"1 minute"},"schema":{"@context":"https:\/\/schema.org","@graph":[{"@type":"WebPage","@id":"https:\/\/www.ritzbrasil.com\/en\/products\/equipment-for-working-to-potential\/","url":"https:\/\/www.ritzbrasil.com\/en\/products\/equipment-for-working-to-potential\/","name":"Equipment for Working to Potential","isPartOf":{"@id":"https:\/\/www.ritzbrasil.com\/en\/#website"},"datePublished":"2024-10-28T19:16:29+00:00","dateModified":"2026-02-25T19:27:28+00:00","description":"Clothing and equipment for accessing potential, guaranteeing safety and ergonomics in operations on energized high-voltage lines.","breadcrumb":{"@id":"https:\/\/www.ritzbrasil.com\/en\/products\/equipment-for-working-to-potential\/#breadcrumb"},"inLanguage":"en-US","potentialAction":[{"@type":"ReadAction","target":["https:\/\/www.ritzbrasil.com\/en\/products\/equipment-for-working-to-potential\/"]}]},{"@type":"BreadcrumbList","@id":"https:\/\/www.ritzbrasil.com\/en\/products\/equipment-for-working-to-potential\/#breadcrumb","itemListElement":[{"@type":"ListItem","position":1,"name":"In\u00edcio","item":"https:\/\/www.ritzbrasil.com\/en\/"},{"@type":"ListItem","position":2,"name":"Products","item":"https:\/\/www.ritzbrasil.com\/en\/products\/"},{"@type":"ListItem","position":3,"name":"Equipment for Working to Potential"}]},{"@type":"WebSite","@id":"https:\/\/www.ritzbrasil.com\/en\/#website","url":"https:\/\/www.ritzbrasil.com\/en\/","name":"Equipamentos de Manuten\u00e7\u00e3o e Seguran\u00e7a para o Setor El\u00e9trico - Ritz Brasil","description":"","potentialAction":[{"@type":"SearchAction","target":{"@type":"EntryPoint","urlTemplate":"https:\/\/www.ritzbrasil.com\/en\/?s={search_term_string}"},"query-input":{"@type":"PropertyValueSpecification","valueRequired":true,"valueName":"search_term_string"}}],"inLanguage":"en-US"}]}},"_links":{"self":[{"href":"https:\/\/www.ritzbrasil.com\/en\/wp-json\/wp\/v2\/pages\/60818","targetHints":{"allow":["GET"]}}],"collection":[{"href":"https:\/\/www.ritzbrasil.com\/en\/wp-json\/wp\/v2\/pages"}],"about":[{"href":"https:\/\/www.ritzbrasil.com\/en\/wp-json\/wp\/v2\/types\/page"}],"author":[{"embeddable":true,"href":"https:\/\/www.ritzbrasil.com\/en\/wp-json\/wp\/v2\/users\/3"}],"replies":[{"embeddable":true,"href":"https:\/\/www.ritzbrasil.com\/en\/wp-json\/wp\/v2\/comments?post=60818"}],"version-history":[{"count":1,"href":"https:\/\/www.ritzbrasil.com\/en\/wp-json\/wp\/v2\/pages\/60818\/revisions"}],"predecessor-version":[{"id":62224,"href":"https:\/\/www.ritzbrasil.com\/en\/wp-json\/wp\/v2\/pages\/60818\/revisions\/62224"}],"up":[{"embeddable":true,"href":"https:\/\/www.ritzbrasil.com\/en\/wp-json\/wp\/v2\/pages\/60845"}],"wp:attachment":[{"href":"https:\/\/www.ritzbrasil.com\/en\/wp-json\/wp\/v2\/media?parent=60818"}],"curies":[{"name":"wp","href":"https:\/\/api.w.org\/{rel}","templated":true}]}}