{"id":60697,"date":"2024-06-06T10:49:59","date_gmt":"2024-06-06T13:49:59","guid":{"rendered":"https:\/\/bisque-bison-688002.hostingersite.com\/integrated-management-system\/"},"modified":"2026-02-26T09:27:58","modified_gmt":"2026-02-26T12:27:58","slug":"integrated-management-system","status":"publish","type":"page","link":"https:\/\/www.ritzbrasil.com\/en\/integrated-management-system\/","title":{"rendered":"Integrated Management System"},"content":{"rendered":"<div class=\"wpb-content-wrapper\"><p>[vc_row full_width=&#8221;stretch_row_content_no_spaces&#8221; content_placement=&#8221;bottom&#8221; bg_type=&#8221;image&#8221; parallax_style=&#8221;vcpb-default&#8221; bg_image_new=&#8221;id^51443|url^https:\/\/www.ritzbrasil.com\/wp-content\/uploads\/2024\/06\/ritz-ferramentas-sistema-gestao-integrada-1902&#215;650-1.jpg|caption^null|alt^Ritz Ferramentas &#8211; Sistema de Gest\u00e3o Integrada|title^Ritz Ferramentas &#8211; Sistema de Gest\u00e3o Integrada|description^Ritz Ferramentas &#8211; Sistema de Gest\u00e3o Integrada&#8221; css=&#8221;.vc_custom_1733424279426{margin-top: -80px !important;padding-top: 325px !important;padding-bottom: 325px !important;}&#8221;][vc_column][\/vc_column][\/vc_row][vc_row full_width=&#8221;stretch_row&#8221; gap=&#8221;30&#8243; content_placement=&#8221;top&#8221; bg_type=&#8221;bg_color&#8221; css=&#8221;.vc_custom_1717679961691{margin-top: -40px !important;padding-top: 60px !important;padding-bottom: 20px !important;}&#8221;][vc_column width=&#8221;1\/6&#8243;][\/vc_column][vc_column width=&#8221;2\/3&#8243;]<div id=\"ultimate-heading-660069dbf455cdc2c\" class=\"uvc-heading ult-adjust-bottom-margin ultimate-heading-660069dbf455cdc2c uvc-8754 \" data-hspacer=\"no_spacer\"  data-halign=\"left\" style=\"text-align:left\"><div class=\"uvc-heading-spacer no_spacer\" style=\"top\"><\/div><div class=\"uvc-main-heading ult-responsive\"  data-ultimate-target='.uvc-heading.ultimate-heading-660069dbf455cdc2c h2'  data-responsive-json-new='{\"font-size\":\"desktop:35px;\",\"line-height\":\"desktop:80px;\"}' ><h2 style=\"--font-weight:theme;color:#ff9900;\">Integrated Management System<\/h2><\/div><div class=\"uvc-sub-heading ult-responsive\"  data-ultimate-target='.uvc-heading.ultimate-heading-660069dbf455cdc2c .uvc-sub-heading '  data-responsive-json-new='{\"font-size\":\"desktop:22px;\",\"line-height\":\"\"}'  style=\"font-weight:normal;\">Code of Ethics and Conduct<\/div><\/div>[vc_empty_space height=&#8221;45px&#8221;][vc_column_text css=&#8221;&#8221;]<\/p>\n<h3><span style=\"color: #ff9900;\">Message from the CEO<\/span><\/h3>\n<h4><span style=\"color: #ff9900;\">Dear Orange Soul Colleagues,<\/span><\/h4>\n<p>Following our value of Integrity, which states that &#8220;Ethical conduct, character and honesty are non-negotiable and we base our practices on compliance with the laws, rules, policies and guidelines which it is important not only to be, but also to appear correct&#8221;, this Code of Ethics and Conduct has been drawn up in order to guide our employees and partners in the conduct of our business, as well as demonstrating to society our ethical and transparent way of working.<\/p>\n<p>We try to bring our way of being to this manual, showing that respect goes far beyond just treating well, but providing an environment in which everyone is welcomed in the best way for their individuality.<\/p>\n<p>Reading this manual is extremely important if we are to conduct our business in line with our philosophy of integrity. It will be the guide to maintaining our highest level of compliance in all of our company&#8217;s interfaces.<\/p>\n<p>If you have any questions about any point in our Code of Ethics and Conduct, please contact us through one of our communication channels.<\/p>\n<p>&nbsp;<\/p>\n<p>Big hugs,<\/p>\n<p><strong>Vin\u00edcius Lamego<\/strong><br \/>\nCEO and Operations Director[\/vc_column_text]<style type=\"text\/css\" data-type=\"the7_shortcodes-inline-css\">#default-btn-669097df99ff31b2c420a34c3ced9317.ico-right-side > i {\n  margin-right: 0px;\n  margin-left: 8px;\n}\n#default-btn-669097df99ff31b2c420a34c3ced9317 > i {\n  margin-right: 8px;\n}<\/style><div class=\"btn-align-left\"><a href=\"https:\/\/www.ritzbrasil.com\/wp-content\/uploads\/2024\/06\/Codigo-de-Etica-e-Conduta-RITZ.pdf\" class=\"default-btn-shortcode dt-btn dt-btn-m \" target=\"_blank\" id=\"default-btn-669097df99ff31b2c420a34c3ced9317\" rel=\"noopener\"><i class=\"Defaults-check\"><\/i><span>Manual &#8211;\u00a0C\u00f3digo de \u00c9tica e Conduta Ritz<\/span><\/a><\/div>[\/vc_column][vc_column width=&#8221;1\/6&#8243;][\/vc_column][\/vc_row][vc_row bg_type=&#8221;bg_color&#8221;][vc_column width=&#8221;1\/6&#8243;][\/vc_column][vc_column width=&#8221;2\/3&#8243;][\/vc_column][vc_column width=&#8221;1\/6&#8243;][\/vc_column][\/vc_row][vc_row full_width=&#8221;stretch_row&#8221; gap=&#8221;35&#8243; bg_type=&#8221;bg_color&#8221; css=&#8221;.vc_custom_1717679221098{margin-top: 50px !important;margin-bottom: -70px !important;padding-bottom: 40px !important;}&#8221; bg_color_value=&#8221;#e8e8e8&#8243;][vc_column width=&#8221;1\/2&#8243;][vc_row_inner][vc_column_inner width=&#8221;1\/3&#8243;][vc_single_image image=&#8221;56570&#8243; img_size=&#8221;full&#8221; css=&#8221;&#8221;][\/vc_column_inner][vc_column_inner width=&#8221;2\/3&#8243;][vc_column_text css=&#8221;&#8221;]<\/p>\n<h3 style=\"text-align: left;\"><span style=\"color: #ff9900;\">ISO 14001:2015 certificate<\/span><\/h3>\n<p style=\"text-align: left;\">Bureau Veritas Certification certifies that the Management System of the Ritz Tools organization has been assessed and found to comply with the requirements of the ISO 14001:2015 Standard.<\/p>\n<p>[\/vc_column_text]<style type=\"text\/css\" data-type=\"the7_shortcodes-inline-css\">#default-btn-35029d731acfb80c0f1c6fd3005b50af.ico-right-side > i {\n  margin-right: 0px;\n  margin-left: 8px;\n}\n#default-btn-35029d731acfb80c0f1c6fd3005b50af > i {\n  margin-right: 8px;\n}<\/style><div class=\"btn-align-left\"><a href=\"https:\/\/www.ritzbrasil.com\/wp-content\/uploads\/2024\/06\/ritz-ferramentas-certificado-iso-14001_Portugues-09.01.2027.pdf\" class=\"default-btn-shortcode dt-btn dt-btn-m \" target=\"_blank\" id=\"default-btn-35029d731acfb80c0f1c6fd3005b50af\" rel=\"noopener\"><i class=\"Defaults-check\"><\/i><span>Download do certificado<\/span><\/a><\/div>[\/vc_column_inner][\/vc_row_inner][\/vc_column][vc_column width=&#8221;1\/2&#8243;][vc_row_inner][vc_column_inner width=&#8221;1\/3&#8243;][vc_single_image image=&#8221;56572&#8243; img_size=&#8221;full&#8221; css=&#8221;&#8221;][\/vc_column_inner][vc_column_inner width=&#8221;2\/3&#8243;][vc_column_text css=&#8221;&#8221;]<\/p>\n<h3 style=\"text-align: left;\"><span style=\"color: #ff9900;\">ISO 9001:2015 certificate<\/span><\/h3>\n<p style=\"text-align: left;\">Bureau Veritas Certification certifies that the Management System of the Ritz Tools organization has been assessed and found to comply with the requirements of ISO 9001:2015.<\/p>\n<p>[\/vc_column_text]<style type=\"text\/css\" data-type=\"the7_shortcodes-inline-css\">#default-btn-3e7727bc6a5ec8ae2ffe4d81e0c95251.ico-right-side > i {\n  margin-right: 0px;\n  margin-left: 8px;\n}\n#default-btn-3e7727bc6a5ec8ae2ffe4d81e0c95251 > i {\n  margin-right: 8px;\n}<\/style><div class=\"btn-align-left\"><a href=\"https:\/\/www.ritzbrasil.com\/wp-content\/uploads\/2024\/06\/ritz-ferramentas-certificado-iso-9001_Portugues-23.12.2026.pdf\" class=\"default-btn-shortcode dt-btn dt-btn-m \" target=\"_blank\" id=\"default-btn-3e7727bc6a5ec8ae2ffe4d81e0c95251\" rel=\"noopener\"><i class=\"Defaults-check\"><\/i><span>Download do certificado<\/span><\/a><\/div>[\/vc_column_inner][\/vc_row_inner][\/vc_column][\/vc_row]<\/p>\n<\/div>","protected":false},"excerpt":{"rendered":"<p>[vc_row full_width=&#8221;stretch_row_content_no_spaces&#8221; content_placement=&#8221;bottom&#8221; bg_type=&#8221;image&#8221; parallax_style=&#8221;vcpb-default&#8221; bg_image_new=&#8221;id^51443|url^https:\/\/www.ritzbrasil.com\/wp-content\/uploads\/2024\/06\/ritz-ferramentas-sistema-gestao-integrada-1902&#215;650-1.jpg|caption^null|alt^Ritz Ferramentas &#8211; Sistema de Gest\u00e3o Integrada|title^Ritz Ferramentas &#8211; Sistema de Gest\u00e3o Integrada|description^Ritz Ferramentas &#8211; Sistema de Gest\u00e3o Integrada&#8221; css=&#8221;.vc_custom_1733424279426{margin-top: -80px !important;padding-top: 325px !important;padding-bottom: 325px !important;}&#8221;][vc_column][\/vc_column][\/vc_row][vc_row full_width=&#8221;stretch_row&#8221; gap=&#8221;30&#8243; content_placement=&#8221;top&#8221; bg_type=&#8221;bg_color&#8221; css=&#8221;.vc_custom_1717679961691{margin-top: -40px !important;padding-top: 60px !important;padding-bottom: 20px !important;}&#8221;][vc_column width=&#8221;1\/6&#8243;][\/vc_column][vc_column width=&#8221;2\/3&#8243;][vc_empty_space height=&#8221;45px&#8221;][vc_column_text css=&#8221;&#8221;] Message from the CEO Dear Orange Soul Colleagues, Following&hellip;<\/p>\n","protected":false},"author":3,"featured_media":0,"parent":0,"menu_order":0,"comment_status":"closed","ping_status":"closed","template":"","meta":{"footnotes":""},"class_list":["post-60697","page","type-page","status-publish","hentry","description-off"],"yoast_head":"<!-- This site is optimized with the Yoast SEO plugin v27.1.1 - https:\/\/yoast.com\/product\/yoast-seo-wordpress\/ -->\n<title>Integrated Management System - Equipamentos de Manuten\u00e7\u00e3o e Seguran\u00e7a para o Setor El\u00e9trico - Ritz Brasil<\/title>\n<meta name=\"description\" content=\"Ethical conduct, character and honesty are non-negotiable and we base our practices on compliance with the laws, rules, policies and guidelines which make it important not only to be correct, but also to appear correct.\" \/>\n<meta name=\"robots\" content=\"index, follow, max-snippet:-1, max-image-preview:large, max-video-preview:-1\" \/>\n<link rel=\"canonical\" href=\"https:\/\/www.ritzbrasil.com\/en\/integrated-management-system\/\" \/>\n<meta property=\"og:locale\" content=\"en_US\" \/>\n<meta property=\"og:type\" content=\"article\" \/>\n<meta property=\"og:title\" content=\"Integrated Management System - Equipamentos de Manuten\u00e7\u00e3o e Seguran\u00e7a para o Setor El\u00e9trico - Ritz Brasil\" \/>\n<meta property=\"og:description\" content=\"Ethical conduct, character and honesty are non-negotiable and we base our practices on compliance with the laws, rules, policies and guidelines which make it important not only to be correct, but also to appear correct.\" \/>\n<meta property=\"og:url\" content=\"https:\/\/www.ritzbrasil.com\/en\/integrated-management-system\/\" \/>\n<meta property=\"og:site_name\" content=\"Equipamentos de Manuten\u00e7\u00e3o e Seguran\u00e7a para o Setor El\u00e9trico - Ritz Brasil\" \/>\n<meta property=\"article:modified_time\" content=\"2026-02-26T12:27:58+00:00\" \/>\n<meta name=\"twitter:card\" content=\"summary_large_image\" \/>\n<meta name=\"twitter:label1\" content=\"Est. reading time\" \/>\n\t<meta name=\"twitter:data1\" content=\"3 minutes\" \/>\n<script type=\"application\/ld+json\" class=\"yoast-schema-graph\">{\"@context\":\"https:\/\/schema.org\",\"@graph\":[{\"@type\":\"WebPage\",\"@id\":\"https:\/\/www.ritzbrasil.com\/en\/integrated-management-system\/\",\"url\":\"https:\/\/www.ritzbrasil.com\/en\/integrated-management-system\/\",\"name\":\"Integrated Management System - Equipamentos de Manuten\u00e7\u00e3o e Seguran\u00e7a para o Setor El\u00e9trico - Ritz Brasil\",\"isPartOf\":{\"@id\":\"https:\/\/www.ritzbrasil.com\/en\/#website\"},\"datePublished\":\"2024-06-06T13:49:59+00:00\",\"dateModified\":\"2026-02-26T12:27:58+00:00\",\"description\":\"Ethical conduct, character and honesty are non-negotiable and we base our practices on compliance with the laws, rules, policies and guidelines which make it important not only to be correct, but also to appear correct.\",\"breadcrumb\":{\"@id\":\"https:\/\/www.ritzbrasil.com\/en\/integrated-management-system\/#breadcrumb\"},\"inLanguage\":\"en-US\",\"potentialAction\":[{\"@type\":\"ReadAction\",\"target\":[\"https:\/\/www.ritzbrasil.com\/en\/integrated-management-system\/\"]}]},{\"@type\":\"BreadcrumbList\",\"@id\":\"https:\/\/www.ritzbrasil.com\/en\/integrated-management-system\/#breadcrumb\",\"itemListElement\":[{\"@type\":\"ListItem\",\"position\":1,\"name\":\"In\u00edcio\",\"item\":\"https:\/\/www.ritzbrasil.com\/en\/\"},{\"@type\":\"ListItem\",\"position\":2,\"name\":\"Integrated Management System\"}]},{\"@type\":\"WebSite\",\"@id\":\"https:\/\/www.ritzbrasil.com\/en\/#website\",\"url\":\"https:\/\/www.ritzbrasil.com\/en\/\",\"name\":\"Equipamentos de Manuten\u00e7\u00e3o e Seguran\u00e7a para o Setor El\u00e9trico - Ritz Brasil\",\"description\":\"\",\"potentialAction\":[{\"@type\":\"SearchAction\",\"target\":{\"@type\":\"EntryPoint\",\"urlTemplate\":\"https:\/\/www.ritzbrasil.com\/en\/?s={search_term_string}\"},\"query-input\":{\"@type\":\"PropertyValueSpecification\",\"valueRequired\":true,\"valueName\":\"search_term_string\"}}],\"inLanguage\":\"en-US\"}]}<\/script>\n<!-- \/ Yoast SEO plugin. -->","yoast_head_json":{"title":"Integrated Management System - Equipamentos de Manuten\u00e7\u00e3o e Seguran\u00e7a para o Setor El\u00e9trico - Ritz Brasil","description":"Ethical conduct, character and honesty are non-negotiable and we base our practices on compliance with the laws, rules, policies and guidelines which make it important not only to be correct, but also to appear correct.","robots":{"index":"index","follow":"follow","max-snippet":"max-snippet:-1","max-image-preview":"max-image-preview:large","max-video-preview":"max-video-preview:-1"},"canonical":"https:\/\/www.ritzbrasil.com\/en\/integrated-management-system\/","og_locale":"en_US","og_type":"article","og_title":"Integrated Management System - Equipamentos de Manuten\u00e7\u00e3o e Seguran\u00e7a para o Setor El\u00e9trico - Ritz Brasil","og_description":"Ethical conduct, character and honesty are non-negotiable and we base our practices on compliance with the laws, rules, policies and guidelines which make it important not only to be correct, but also to appear correct.","og_url":"https:\/\/www.ritzbrasil.com\/en\/integrated-management-system\/","og_site_name":"Equipamentos de Manuten\u00e7\u00e3o e Seguran\u00e7a para o Setor El\u00e9trico - Ritz Brasil","article_modified_time":"2026-02-26T12:27:58+00:00","twitter_card":"summary_large_image","twitter_misc":{"Est. reading time":"3 minutes"},"schema":{"@context":"https:\/\/schema.org","@graph":[{"@type":"WebPage","@id":"https:\/\/www.ritzbrasil.com\/en\/integrated-management-system\/","url":"https:\/\/www.ritzbrasil.com\/en\/integrated-management-system\/","name":"Integrated Management System - Equipamentos de Manuten\u00e7\u00e3o e Seguran\u00e7a para o Setor El\u00e9trico - Ritz Brasil","isPartOf":{"@id":"https:\/\/www.ritzbrasil.com\/en\/#website"},"datePublished":"2024-06-06T13:49:59+00:00","dateModified":"2026-02-26T12:27:58+00:00","description":"Ethical conduct, character and honesty are non-negotiable and we base our practices on compliance with the laws, rules, policies and guidelines which make it important not only to be correct, but also to appear correct.","breadcrumb":{"@id":"https:\/\/www.ritzbrasil.com\/en\/integrated-management-system\/#breadcrumb"},"inLanguage":"en-US","potentialAction":[{"@type":"ReadAction","target":["https:\/\/www.ritzbrasil.com\/en\/integrated-management-system\/"]}]},{"@type":"BreadcrumbList","@id":"https:\/\/www.ritzbrasil.com\/en\/integrated-management-system\/#breadcrumb","itemListElement":[{"@type":"ListItem","position":1,"name":"In\u00edcio","item":"https:\/\/www.ritzbrasil.com\/en\/"},{"@type":"ListItem","position":2,"name":"Integrated Management System"}]},{"@type":"WebSite","@id":"https:\/\/www.ritzbrasil.com\/en\/#website","url":"https:\/\/www.ritzbrasil.com\/en\/","name":"Equipamentos de Manuten\u00e7\u00e3o e Seguran\u00e7a para o Setor El\u00e9trico - Ritz Brasil","description":"","potentialAction":[{"@type":"SearchAction","target":{"@type":"EntryPoint","urlTemplate":"https:\/\/www.ritzbrasil.com\/en\/?s={search_term_string}"},"query-input":{"@type":"PropertyValueSpecification","valueRequired":true,"valueName":"search_term_string"}}],"inLanguage":"en-US"}]}},"_links":{"self":[{"href":"https:\/\/www.ritzbrasil.com\/en\/wp-json\/wp\/v2\/pages\/60697","targetHints":{"allow":["GET"]}}],"collection":[{"href":"https:\/\/www.ritzbrasil.com\/en\/wp-json\/wp\/v2\/pages"}],"about":[{"href":"https:\/\/www.ritzbrasil.com\/en\/wp-json\/wp\/v2\/types\/page"}],"author":[{"embeddable":true,"href":"https:\/\/www.ritzbrasil.com\/en\/wp-json\/wp\/v2\/users\/3"}],"replies":[{"embeddable":true,"href":"https:\/\/www.ritzbrasil.com\/en\/wp-json\/wp\/v2\/comments?post=60697"}],"version-history":[{"count":2,"href":"https:\/\/www.ritzbrasil.com\/en\/wp-json\/wp\/v2\/pages\/60697\/revisions"}],"predecessor-version":[{"id":62251,"href":"https:\/\/www.ritzbrasil.com\/en\/wp-json\/wp\/v2\/pages\/60697\/revisions\/62251"}],"wp:attachment":[{"href":"https:\/\/www.ritzbrasil.com\/en\/wp-json\/wp\/v2\/media?parent=60697"}],"curies":[{"name":"wp","href":"https:\/\/api.w.org\/{rel}","templated":true}]}}