{"id":60683,"date":"2024-05-24T09:40:48","date_gmt":"2024-05-24T12:40:48","guid":{"rendered":"https:\/\/bisque-bison-688002.hostingersite.com\/policy-mission-and-values\/"},"modified":"2026-02-26T09:26:45","modified_gmt":"2026-02-26T12:26:45","slug":"policy-mission-and-values","status":"publish","type":"page","link":"https:\/\/www.ritzbrasil.com\/en\/policy-mission-and-values\/","title":{"rendered":"Policy Mission and Values"},"content":{"rendered":"<div class=\"wpb-content-wrapper\"><p>[vc_row full_width=&#8221;stretch_row_content_no_spaces&#8221; content_placement=&#8221;middle&#8221; bg_type=&#8221;image&#8221; parallax_style=&#8221;vcpb-default&#8221; bg_image_new=&#8221;id^51445|url^https:\/\/www.ritzbrasil.com\/wp-content\/uploads\/2024\/06\/ritz-ferramentas-fabrica-betim-equipe-1902&#215;650-1.jpg|caption^null|alt^Ritz Ferramentas &#8211; Nossos Valores|title^Ritz Ferramentas &#8211; Nossos Valores|description^Ritz Ferramentas &#8211; Nossos Valores&#8221; bg_override=&#8221;ex-full&#8221; css=&#8221;.vc_custom_1733424211447{margin-top: -80px !important;padding-top: 325px !important;padding-bottom: 325px !important;}&#8221;][vc_column][\/vc_column][\/vc_row][vc_row full_width=&#8221;stretch_row&#8221; gap=&#8221;30&#8243; content_placement=&#8221;top&#8221; bg_type=&#8221;bg_color&#8221; css=&#8221;.vc_custom_1717679961691{margin-top: -40px !important;padding-top: 60px !important;padding-bottom: 20px !important;}&#8221;][vc_column width=&#8221;1\/6&#8243;][\/vc_column][vc_column width=&#8221;2\/3&#8243;][vc_single_image image=&#8221;56558&#8243; img_size=&#8221;full&#8221; alignment=&#8221;center&#8221; css=&#8221;&#8221;][vc_column_text css=&#8221;&#8221;]<\/p>\n<h3 style=\"text-align: left;\"><span style=\"color: #ff6600;\"><strong>MISSION<\/strong><\/span><\/h3>\n<p style=\"text-align: left;\">Developing and supplying our customers with complete solutions, with the highest level of quality, that guarantee safety and excellence in the use of our equipment, tools and services.<\/p>\n<p style=\"text-align: left;\"><em>Revision 11\/02\/2022<\/em><\/p>\n<p>[\/vc_column_text][vc_single_image image=&#8221;56556&#8243; img_size=&#8221;full&#8221; alignment=&#8221;center&#8221; css=&#8221;&#8221;][vc_column_text css=&#8221;&#8221;]<\/p>\n<h3 style=\"text-align: left;\"><span style=\"color: #ff6600;\"><strong>INTEGRATED MANAGEMENT SYSTEM (SGI) POLICY<\/strong><\/span><\/h3>\n<p style=\"text-align: left;\">At RITZ Ferramentas Ltda., located in Betim, Minas Gerais, with over 60 years&#8217; experience in the market, we are dedicated to providing integrated and customized solutions, focused on the customer. We offer tools, equipment and components for work, protection and signaling in energized and de-energized systems, covering low, medium, high and extra high voltage.<\/p>\n<p style=\"text-align: left;\">In line with our mission, vision and values, we meet legal and other applicable requirements in accordance with the needs and expectations of all stakeholders with a constant commitment to excellence, innovation and continuous improvement.<\/p>\n<p style=\"text-align: left;\">We value environmental protection, adopting sustainable practices, preventing pollution and managing waste, with the aim of minimizing the environmental impacts of our operations. Our work environment seeks to promote the health, safety and well-being of our employees by identifying, eliminating or reducing occupational health and safety risks, including the consultation and participation of workers and their representatives.<\/p>\n<p style=\"text-align: left;\">We guarantee excellence in customer service through effective processes and qualified, engaged professionals. We believe that quality, respect for the environment and safety are fundamental pillars for our success and sustainability, investing in resources and structures that contribute to a safe and productive working environment.<\/p>\n<p style=\"text-align: left;\"><em>Revision 08\/09\/2024<\/em><\/p>\n<p>[\/vc_column_text][\/vc_column][vc_column width=&#8221;1\/6&#8243;][\/vc_column][\/vc_row][vc_row bg_type=&#8221;bg_color&#8221;][vc_column width=&#8221;1\/6&#8243;][\/vc_column][vc_column width=&#8221;2\/3&#8243;]<style type=\"text\/css\" data-type=\"the7_shortcodes-inline-css\">#default-btn-920cd35e480c0ca38e9f7b6c6202fedf.ico-right-side > i {\n  margin-right: 0px;\n  margin-left: 8px;\n}\n#default-btn-920cd35e480c0ca38e9f7b6c6202fedf > i {\n  margin-right: 8px;\n}<\/style><div class=\"btn-align-center\"><a href=\"mailto:hsebetim@ritzbrasil.com\" class=\"default-btn-shortcode dt-btn dt-btn-m full-width-btn \" target=\"_blank\" id=\"default-btn-920cd35e480c0ca38e9f7b6c6202fedf\" rel=\"noopener\"><i class=\"Defaults-check\"><\/i><span>For more information, questions and comments, please contact us HERE!<\/span><\/a><\/div>[\/vc_column][vc_column width=&#8221;1\/6&#8243;][\/vc_column][\/vc_row][vc_row full_width=&#8221;stretch_row&#8221; gap=&#8221;35&#8243; equal_height=&#8221;yes&#8221; content_placement=&#8221;middle&#8221; bg_type=&#8221;bg_color&#8221; css=&#8221;.vc_custom_1732624643130{margin-top: 60px !important;margin-bottom: -50px !important;padding-bottom: 50px !important;}&#8221; bg_color_value=&#8221;#e8e8e8&#8243;][vc_column width=&#8221;1\/2&#8243; css=&#8221;.vc_custom_1732628622238{padding-top: 200px !important;padding-bottom: 200px !important;background-image: url(https:\/\/www.ritzbrasil.com\/wp-content\/uploads\/2024\/11\/ritz-ferramentas-nossos-valores.jpg?id=56080) !important;background-position: center !important;background-repeat: no-repeat !important;background-size: contain !important;}&#8221;][\/vc_column][vc_column width=&#8221;1\/2&#8243;][vc_column_text css=&#8221;&#8221;]<\/p>\n<h2><span style=\"color: #ff9900;\"><strong>OUR VALUES<\/strong><\/span><\/h2>\n<p><strong>Integrity: <\/strong>Ethical conduct, character and honesty are non-negotiable and we base our practices on compliance with laws, rules, policies and guidelines, which it is important not only to be, but also to appear correct.<\/p>\n<p><strong>Respect: <\/strong>We cultivate a healthy environment in which differences are valued and contribute to growth, development and the promotion of enriching exchanges between our teams. We are all unique in our differences.<\/p>\n<p><strong>Genuine Active Care: <\/strong>We believe that by caring for oneself, caring for others and allowing oneself to be cared for, we promote safety, citizenship and servant leadership.<\/p>\n<p><strong>Continuous Improvement: <\/strong>The constant search for improvement makes us question the status quo, with evolution and innovation being the objectives we pursue on a daily basis.<\/p>\n<p><strong>Courage: <\/strong>We face challenges and take risks to take ourselves to the next level. We make bold decisions and overcome obstacles in pursuit of success.<\/p>\n<p><strong>Passion: <\/strong>Proud to be part of it! We are committed and involved body and soul <strong><em>#OrangeSoul<\/em><\/strong> with the results of our work.[\/vc_column_text][\/vc_column][\/vc_row][vc_row full_width=&#8221;stretch_row&#8221; gap=&#8221;35&#8243; bg_type=&#8221;bg_color&#8221; css=&#8221;.vc_custom_1717679221098{margin-top: 50px !important;margin-bottom: -70px !important;padding-bottom: 40px !important;}&#8221; bg_color_value=&#8221;#e8e8e8&#8243;][vc_column width=&#8221;1\/6&#8243;][\/vc_column][vc_column width=&#8221;2\/3&#8243;][vc_column_text css=&#8221;&#8221;]<\/p>\n<h3 style=\"text-align: center;\"><span style=\"color: #ff9900;\">REPORT ON TRANSPARENCY AND WAGE EQUALITY FOR MEN AND WOMEN &#8211; 1st Half 2024<\/span><\/h3>\n<p style=\"text-align: center;\">In compliance with Law No. 14,611 of July 3, 2023, and MTE Ordinance No. 3,714, we are releasing the equal pay report prepared and published by the Federal Government&#8217;s Ministry of Labor and Employment.<\/p>\n<p>[\/vc_column_text]<style type=\"text\/css\" data-type=\"the7_shortcodes-inline-css\">#default-btn-006f3da5496ebe291028b8a1b22a1fd7.ico-right-side > i {\n  margin-right: 0px;\n  margin-left: 8px;\n}\n#default-btn-006f3da5496ebe291028b8a1b22a1fd7 > i {\n  margin-right: 8px;\n}<\/style><div class=\"btn-align-center\"><a href=\"https:\/\/www.ritzbrasil.com\/wp-content\/uploads\/2024\/06\/Relatorio-de-Transparencia-e-Igualdade-Salarial-de-Homes-e-Mulheres-1-Semestre-2024-Ritz-Ferramentas-Ltda.pdf\" class=\"default-btn-shortcode dt-btn dt-btn-m \" target=\"_blank\" id=\"default-btn-006f3da5496ebe291028b8a1b22a1fd7\" rel=\"noopener\"><i class=\"Defaults-check\"><\/i><span>Acesse o relat\u00f3rio clicando aqui.<\/span><\/a><\/div>[\/vc_column][vc_column width=&#8221;1\/6&#8243;][\/vc_column][\/vc_row]<\/p>\n<\/div>","protected":false},"excerpt":{"rendered":"<p>[vc_row full_width=&#8221;stretch_row_content_no_spaces&#8221; content_placement=&#8221;middle&#8221; bg_type=&#8221;image&#8221; parallax_style=&#8221;vcpb-default&#8221; bg_image_new=&#8221;id^51445|url^https:\/\/www.ritzbrasil.com\/wp-content\/uploads\/2024\/06\/ritz-ferramentas-fabrica-betim-equipe-1902&#215;650-1.jpg|caption^null|alt^Ritz Ferramentas &#8211; Nossos Valores|title^Ritz Ferramentas &#8211; Nossos Valores|description^Ritz Ferramentas &#8211; Nossos Valores&#8221; bg_override=&#8221;ex-full&#8221; css=&#8221;.vc_custom_1733424211447{margin-top: -80px !important;padding-top: 325px !important;padding-bottom: 325px !important;}&#8221;][vc_column][\/vc_column][\/vc_row][vc_row full_width=&#8221;stretch_row&#8221; gap=&#8221;30&#8243; content_placement=&#8221;top&#8221; bg_type=&#8221;bg_color&#8221; css=&#8221;.vc_custom_1717679961691{margin-top: -40px !important;padding-top: 60px !important;padding-bottom: 20px !important;}&#8221;][vc_column width=&#8221;1\/6&#8243;][\/vc_column][vc_column width=&#8221;2\/3&#8243;][vc_single_image image=&#8221;56558&#8243; img_size=&#8221;full&#8221; alignment=&#8221;center&#8221; css=&#8221;&#8221;][vc_column_text css=&#8221;&#8221;] MISSION Developing and supplying our customers with complete solutions, with the&hellip;<\/p>\n","protected":false},"author":3,"featured_media":0,"parent":0,"menu_order":0,"comment_status":"closed","ping_status":"closed","template":"","meta":{"footnotes":""},"class_list":["post-60683","page","type-page","status-publish","hentry","description-off"],"yoast_head":"<!-- This site is optimized with the Yoast SEO plugin v27.1.1 - https:\/\/yoast.com\/product\/yoast-seo-wordpress\/ -->\n<title>Policy Mission and Values<\/title>\n<meta name=\"description\" content=\"At RITZ Tools, we provide integrated solutions with a focus on safety, quality and innovation for energized systems.\" \/>\n<meta name=\"robots\" content=\"index, follow, max-snippet:-1, max-image-preview:large, max-video-preview:-1\" \/>\n<link rel=\"canonical\" href=\"https:\/\/www.ritzbrasil.com\/en\/policy-mission-and-values\/\" \/>\n<meta property=\"og:locale\" content=\"en_US\" \/>\n<meta property=\"og:type\" content=\"article\" \/>\n<meta property=\"og:title\" content=\"Policy Mission and Values\" \/>\n<meta property=\"og:description\" content=\"At RITZ Tools, we provide integrated solutions with a focus on safety, quality and innovation for energized systems.\" \/>\n<meta property=\"og:url\" content=\"https:\/\/www.ritzbrasil.com\/en\/policy-mission-and-values\/\" \/>\n<meta property=\"og:site_name\" content=\"Equipamentos de Manuten\u00e7\u00e3o e Seguran\u00e7a para o Setor El\u00e9trico - Ritz Brasil\" \/>\n<meta property=\"article:modified_time\" content=\"2026-02-26T12:26:45+00:00\" \/>\n<meta name=\"twitter:card\" content=\"summary_large_image\" \/>\n<meta name=\"twitter:label1\" content=\"Est. reading time\" \/>\n\t<meta name=\"twitter:data1\" content=\"4 minutes\" \/>\n<script type=\"application\/ld+json\" class=\"yoast-schema-graph\">{\"@context\":\"https:\/\/schema.org\",\"@graph\":[{\"@type\":\"WebPage\",\"@id\":\"https:\/\/www.ritzbrasil.com\/en\/policy-mission-and-values\/\",\"url\":\"https:\/\/www.ritzbrasil.com\/en\/policy-mission-and-values\/\",\"name\":\"Policy Mission and Values\",\"isPartOf\":{\"@id\":\"https:\/\/www.ritzbrasil.com\/en\/#website\"},\"datePublished\":\"2024-05-24T12:40:48+00:00\",\"dateModified\":\"2026-02-26T12:26:45+00:00\",\"description\":\"At RITZ Tools, we provide integrated solutions with a focus on safety, quality and innovation for energized systems.\",\"breadcrumb\":{\"@id\":\"https:\/\/www.ritzbrasil.com\/en\/policy-mission-and-values\/#breadcrumb\"},\"inLanguage\":\"en-US\",\"potentialAction\":[{\"@type\":\"ReadAction\",\"target\":[\"https:\/\/www.ritzbrasil.com\/en\/policy-mission-and-values\/\"]}]},{\"@type\":\"BreadcrumbList\",\"@id\":\"https:\/\/www.ritzbrasil.com\/en\/policy-mission-and-values\/#breadcrumb\",\"itemListElement\":[{\"@type\":\"ListItem\",\"position\":1,\"name\":\"In\u00edcio\",\"item\":\"https:\/\/www.ritzbrasil.com\/en\/\"},{\"@type\":\"ListItem\",\"position\":2,\"name\":\"Policy Mission and Values\"}]},{\"@type\":\"WebSite\",\"@id\":\"https:\/\/www.ritzbrasil.com\/en\/#website\",\"url\":\"https:\/\/www.ritzbrasil.com\/en\/\",\"name\":\"Equipamentos de Manuten\u00e7\u00e3o e Seguran\u00e7a para o Setor El\u00e9trico - Ritz Brasil\",\"description\":\"\",\"potentialAction\":[{\"@type\":\"SearchAction\",\"target\":{\"@type\":\"EntryPoint\",\"urlTemplate\":\"https:\/\/www.ritzbrasil.com\/en\/?s={search_term_string}\"},\"query-input\":{\"@type\":\"PropertyValueSpecification\",\"valueRequired\":true,\"valueName\":\"search_term_string\"}}],\"inLanguage\":\"en-US\"}]}<\/script>\n<!-- \/ Yoast SEO plugin. -->","yoast_head_json":{"title":"Policy Mission and Values","description":"At RITZ Tools, we provide integrated solutions with a focus on safety, quality and innovation for energized systems.","robots":{"index":"index","follow":"follow","max-snippet":"max-snippet:-1","max-image-preview":"max-image-preview:large","max-video-preview":"max-video-preview:-1"},"canonical":"https:\/\/www.ritzbrasil.com\/en\/policy-mission-and-values\/","og_locale":"en_US","og_type":"article","og_title":"Policy Mission and Values","og_description":"At RITZ Tools, we provide integrated solutions with a focus on safety, quality and innovation for energized systems.","og_url":"https:\/\/www.ritzbrasil.com\/en\/policy-mission-and-values\/","og_site_name":"Equipamentos de Manuten\u00e7\u00e3o e Seguran\u00e7a para o Setor El\u00e9trico - Ritz Brasil","article_modified_time":"2026-02-26T12:26:45+00:00","twitter_card":"summary_large_image","twitter_misc":{"Est. reading time":"4 minutes"},"schema":{"@context":"https:\/\/schema.org","@graph":[{"@type":"WebPage","@id":"https:\/\/www.ritzbrasil.com\/en\/policy-mission-and-values\/","url":"https:\/\/www.ritzbrasil.com\/en\/policy-mission-and-values\/","name":"Policy Mission and Values","isPartOf":{"@id":"https:\/\/www.ritzbrasil.com\/en\/#website"},"datePublished":"2024-05-24T12:40:48+00:00","dateModified":"2026-02-26T12:26:45+00:00","description":"At RITZ Tools, we provide integrated solutions with a focus on safety, quality and innovation for energized systems.","breadcrumb":{"@id":"https:\/\/www.ritzbrasil.com\/en\/policy-mission-and-values\/#breadcrumb"},"inLanguage":"en-US","potentialAction":[{"@type":"ReadAction","target":["https:\/\/www.ritzbrasil.com\/en\/policy-mission-and-values\/"]}]},{"@type":"BreadcrumbList","@id":"https:\/\/www.ritzbrasil.com\/en\/policy-mission-and-values\/#breadcrumb","itemListElement":[{"@type":"ListItem","position":1,"name":"In\u00edcio","item":"https:\/\/www.ritzbrasil.com\/en\/"},{"@type":"ListItem","position":2,"name":"Policy Mission and Values"}]},{"@type":"WebSite","@id":"https:\/\/www.ritzbrasil.com\/en\/#website","url":"https:\/\/www.ritzbrasil.com\/en\/","name":"Equipamentos de Manuten\u00e7\u00e3o e Seguran\u00e7a para o Setor El\u00e9trico - Ritz Brasil","description":"","potentialAction":[{"@type":"SearchAction","target":{"@type":"EntryPoint","urlTemplate":"https:\/\/www.ritzbrasil.com\/en\/?s={search_term_string}"},"query-input":{"@type":"PropertyValueSpecification","valueRequired":true,"valueName":"search_term_string"}}],"inLanguage":"en-US"}]}},"_links":{"self":[{"href":"https:\/\/www.ritzbrasil.com\/en\/wp-json\/wp\/v2\/pages\/60683","targetHints":{"allow":["GET"]}}],"collection":[{"href":"https:\/\/www.ritzbrasil.com\/en\/wp-json\/wp\/v2\/pages"}],"about":[{"href":"https:\/\/www.ritzbrasil.com\/en\/wp-json\/wp\/v2\/types\/page"}],"author":[{"embeddable":true,"href":"https:\/\/www.ritzbrasil.com\/en\/wp-json\/wp\/v2\/users\/3"}],"replies":[{"embeddable":true,"href":"https:\/\/www.ritzbrasil.com\/en\/wp-json\/wp\/v2\/comments?post=60683"}],"version-history":[{"count":2,"href":"https:\/\/www.ritzbrasil.com\/en\/wp-json\/wp\/v2\/pages\/60683\/revisions"}],"predecessor-version":[{"id":62249,"href":"https:\/\/www.ritzbrasil.com\/en\/wp-json\/wp\/v2\/pages\/60683\/revisions\/62249"}],"wp:attachment":[{"href":"https:\/\/www.ritzbrasil.com\/en\/wp-json\/wp\/v2\/media?parent=60683"}],"curies":[{"name":"wp","href":"https:\/\/api.w.org\/{rel}","templated":true}]}}