{"id":60670,"date":"2024-05-14T09:34:35","date_gmt":"2024-05-14T12:34:35","guid":{"rendered":"https:\/\/bisque-bison-688002.hostingersite.com\/ritz-tools\/"},"modified":"2026-03-05T10:15:30","modified_gmt":"2026-03-05T13:15:30","slug":"ritz-tools","status":"publish","type":"page","link":"https:\/\/www.ritzbrasil.com\/en\/ritz-tools\/","title":{"rendered":"Ritz Tools"},"content":{"rendered":"<div class=\"wpb-content-wrapper\"><p>[vc_row full_width=&#8221;stretch_row_content_no_spaces&#8221; bg_type=&#8221;image&#8221; parallax_style=&#8221;vcpb-default&#8221; bg_image_new=&#8221;id^56181|url^https:\/\/www.ritzbrasil.com\/wp-content\/uploads\/2024\/12\/ritz-ferramentas-fabrica-betim-1920&#215;650-w.jpg|caption^null|alt^null|title^ritz-ferramentas-fabrica-betim-1920&#215;650-w|description^null&#8221; bg_image_repeat=&#8221;no-repeat&#8221; bg_override=&#8221;ex-full&#8221; css=&#8221;.vc_custom_1733424082502{margin-top: -80px !important;padding-top: 325px !important;padding-bottom: 325px !important;}&#8221;][vc_column][\/vc_column][\/vc_row][vc_row full_width=&#8221;stretch_row&#8221; gap=&#8221;30&#8243; content_placement=&#8221;top&#8221; bg_type=&#8221;bg_color&#8221; css=&#8221;.vc_custom_1715799884469{margin-top: -35px !important;padding-top: 40px !important;padding-bottom: 20px !important;}&#8221; bg_color_value=&#8221;#ff9900&#8243;][vc_column width=&#8221;1\/2&#8243;][vc_column_text css=&#8221;&#8221;]<span style=\"color: #ffffff;\">For 60 years, <strong>Ritz Ferramentas<\/strong> has specialized in designing and manufacturing tools and equipment for maintenance work on de-energized and energized electrical systems. We have a complete portfolio of tools for maintenance work on live lines up to 1,000 kV AC and 800 kV DC for work on electrical systems in the contact, distance and potential methods, complying with Brazilian, international and ISO 9001 and 14001 standards.<\/span><\/p>\n<p><span style=\"color: #ffffff;\">A pioneer in the manufacture of live line tools in Brazil, it developed its first fiberglass-reinforced tubes for maintenance in energized networks in 1968, with the manufacture of the so-called Maneuvering Rods, as it had already mastered this technology in the manufacture of insulating parts for use in small-volume oil circuit breakers. In 1971, Ritz produced the first complete set of tools for maintenance on energized networks.<\/span>[\/vc_column_text][\/vc_column][vc_column width=&#8221;1\/2&#8243;][vc_column_text css=&#8221;&#8221;]<span style=\"color: #ffffff;\">Between 1973 and 1989, there was an association with the A.B. Chance Company, the world leader in the segment. The association generated an exchange of know-how and process innovation, making Ritz recognized worldwide for its quality, safety, reliability and excellence.<\/span><\/p>\n<p><span style=\"color: #ffffff;\">In 2011, another new stage began for the company, with the acquisition by the US multinational Terex. This has led to an evolution and improvement in processes, methodologies, layout, technology, safety, skills, results and the conquest of new international markets.<\/span><\/p>\n<p><span style=\"color: #ffffff;\">In 2021, in line with the tradition and reference of the Ritz brand, the company&#8217;s shareholding control passed into the hands of a company formed by a group of managers from the predecessor <strong>Ritz Ferramentas<\/strong>, maintaining and strengthening the commitment to continue the path of development and innovation that are important hallmarks of its legacy.<\/span>[\/vc_column_text][\/vc_column][\/vc_row][vc_row gap=&#8221;25&#8243; equal_height=&#8221;yes&#8221; content_placement=&#8221;middle&#8221; css=&#8221;.vc_custom_1715800475718{margin-top: 60px !important;}&#8221;][vc_column width=&#8221;1\/2&#8243; css=&#8221;.vc_custom_1715797684569{padding-top: 300px !important;padding-bottom: 250px !important;background-image: url(https:\/\/www.ritzbrasil.com\/wp-content\/uploads\/2024\/05\/ritz-ferramentas-ritz-glas.jpg?id=1692) !important;background-position: center !important;background-repeat: no-repeat !important;background-size: cover !important;}&#8221;][\/vc_column][vc_column width=&#8221;1\/2&#8243;]<div id=\"ultimate-heading-697869e5d3fbba1ac\" class=\"uvc-heading ult-adjust-bottom-margin ultimate-heading-697869e5d3fbba1ac uvc-3103 \" data-hspacer=\"no_spacer\"  data-halign=\"left\" style=\"text-align:left\"><div class=\"uvc-heading-spacer no_spacer\" style=\"top\"><\/div><div class=\"uvc-main-heading ult-responsive\"  data-ultimate-target='.uvc-heading.ultimate-heading-697869e5d3fbba1ac h2'  data-responsive-json-new='{\"font-size\":\"desktop:35px;\",\"line-height\":\"desktop:30px;\"}' ><h2 style=\"--font-weight:theme;color:#ff9900;\">Reference<br \/>\nin Quality<\/h2><\/div><\/div>[vc_empty_space height=&#8221;30px&#8221;][vc_column_text css=&#8221;&#8221;]RITZGLAS\u00ae fiberglass reinforced tubes, a Ritz trademark, are internationally recognized for their quality and reliability. RITZGLAS\u00ae pipes are tested according to ASTM F-711 and IEC 60855 standards.<\/p>\n<p>The RITZGLAS\u00ae insulating tube, a fundamental part of most Ritz live line tools, has a single-cell polyurethane foam core inside, which prevents moisture or dirt from absorbing and condensing. Its external construction consists of highly treated glass fibers arranged in a circumferential and longitudinal direction and impregnated with specially formulated epoxy resin.<\/p>\n<p>RITZGLAS\u00ae tube has high dielectric strength, mechanical resistance and low weight, essential characteristics for live line tools.<\/p>\n<p>The orange color of the RITZGLAS\u00ae stick is appropriate for its good visibility in work areas and is considered an additional safety item for electricians.[\/vc_column_text][\/vc_column][\/vc_row][vc_row gap=&#8221;30&#8243; css=&#8221;.vc_custom_1715802199081{margin-top: 70px !important;}&#8221;][vc_column width=&#8221;1\/3&#8243;]<div id=\"ultimate-heading-111869e5d3fbba22c\" class=\"uvc-heading ult-adjust-bottom-margin ultimate-heading-111869e5d3fbba22c uvc-6413 \" data-hspacer=\"no_spacer\"  data-halign=\"center\" style=\"text-align:center\"><div class=\"uvc-heading-spacer no_spacer\" style=\"top\"><\/div><div class=\"uvc-main-heading ult-responsive\"  data-ultimate-target='.uvc-heading.ultimate-heading-111869e5d3fbba22c h2'  data-responsive-json-new='{\"font-size\":\"desktop:28px;\",\"line-height\":\"desktop:28px;\"}' ><h2 style=\"--font-weight:theme;color:#ff9900;\">Responsibility that<br \/>\nGenerates Value<\/h2><\/div><\/div>[vc_empty_space height=&#8221;30px&#8221;][vc_separator color=&#8221;custom&#8221; border_width=&#8221;2&#8243; el_width=&#8221;60&#8243; css=&#8221;&#8221; accent_color=&#8221;#808080&#8243;][vc_empty_space height=&#8221;20px&#8221;][vc_column_text css=&#8221;&#8221;]Specialized professionals, in a permanent process of updating their knowledge, dedicated to designing customized projects according to the needs of each client.<\/p>\n<p>Our engineering department has the most advanced software on the market for developing new solutions, 3D simulations and prototyping for validation in an agile and reliable way, reducing the time it takes for the product to be approved and made available.[\/vc_column_text][\/vc_column][vc_column width=&#8221;1\/3&#8243;]<div id=\"ultimate-heading-430969e5d3fbba271\" class=\"uvc-heading ult-adjust-bottom-margin ultimate-heading-430969e5d3fbba271 uvc-8044 \" data-hspacer=\"no_spacer\"  data-halign=\"center\" style=\"text-align:center\"><div class=\"uvc-heading-spacer no_spacer\" style=\"top\"><\/div><div class=\"uvc-main-heading ult-responsive\"  data-ultimate-target='.uvc-heading.ultimate-heading-430969e5d3fbba271 h2'  data-responsive-json-new='{\"font-size\":\"desktop:28px;\",\"line-height\":\"desktop:28px;\"}' ><h2 style=\"--font-weight:theme;color:#ff9900;\">Safety at all<br \/>\nstages of the process<\/h2><\/div><\/div>[vc_empty_space height=&#8221;30px&#8221;][vc_separator color=&#8221;custom&#8221; border_width=&#8221;2&#8243; el_width=&#8221;60&#8243; css=&#8221;&#8221; accent_color=&#8221;#808080&#8243;][vc_empty_space height=&#8221;20px&#8221;][vc_column_text css=&#8221;&#8221;]Experience and technical excellence in carrying out tests and inspections in accordance with NBR, ANSI, IEC and ASTM standards, meeting the technical specifications of our customers.<\/p>\n<p>Laboratory for electrical tests up to 400 KV and mechanical tests up to 75 tons, installed in a 500 m\u00b2 area with modern, calibrated equipment, adequate infrastructure with traceable and international standards that ensure that all products are released for use only after rigorous inspection and approval.[\/vc_column_text][\/vc_column][vc_column width=&#8221;1\/3&#8243;]<div id=\"ultimate-heading-691969e5d3fbba2aa\" class=\"uvc-heading ult-adjust-bottom-margin ultimate-heading-691969e5d3fbba2aa uvc-7306 \" data-hspacer=\"no_spacer\"  data-halign=\"center\" style=\"text-align:center\"><div class=\"uvc-heading-spacer no_spacer\" style=\"top\"><\/div><div class=\"uvc-main-heading ult-responsive\"  data-ultimate-target='.uvc-heading.ultimate-heading-691969e5d3fbba2aa h2'  data-responsive-json-new='{\"font-size\":\"desktop:28px;\",\"line-height\":\"desktop:28px;\"}' ><h2 style=\"--font-weight:theme;color:#ff9900;\">Growing and<br \/>\nEvolving Together<\/h2><\/div><\/div>[vc_empty_space height=&#8221;30px&#8221;][vc_separator color=&#8221;custom&#8221; border_width=&#8221;2&#8243; el_width=&#8221;60&#8243; css=&#8221;&#8221; accent_color=&#8221;#808080&#8243;][vc_empty_space height=&#8221;20px&#8221;][vc_column_text css=&#8221;&#8221;]We believe in building a relationship of quality and trust with our customers, striving to serve electricity companies (generation, transmission and distribution) and their service providers throughout the country and in more than 60 countries.[\/vc_column_text][\/vc_column][\/vc_row]<\/p>\n<\/div>","protected":false},"excerpt":{"rendered":"<p>[vc_row full_width=&#8221;stretch_row_content_no_spaces&#8221; bg_type=&#8221;image&#8221; parallax_style=&#8221;vcpb-default&#8221; bg_image_new=&#8221;id^56181|url^https:\/\/www.ritzbrasil.com\/wp-content\/uploads\/2024\/12\/ritz-ferramentas-fabrica-betim-1920&#215;650-w.jpg|caption^null|alt^null|title^ritz-ferramentas-fabrica-betim-1920&#215;650-w|description^null&#8221; bg_image_repeat=&#8221;no-repeat&#8221; bg_override=&#8221;ex-full&#8221; css=&#8221;.vc_custom_1733424082502{margin-top: -80px !important;padding-top: 325px !important;padding-bottom: 325px !important;}&#8221;][vc_column][\/vc_column][\/vc_row][vc_row full_width=&#8221;stretch_row&#8221; gap=&#8221;30&#8243; content_placement=&#8221;top&#8221; bg_type=&#8221;bg_color&#8221; css=&#8221;.vc_custom_1715799884469{margin-top: -35px !important;padding-top: 40px !important;padding-bottom: 20px !important;}&#8221; bg_color_value=&#8221;#ff9900&#8243;][vc_column width=&#8221;1\/2&#8243;][vc_column_text css=&#8221;&#8221;]For 60 years, Ritz Ferramentas has specialized in designing and manufacturing tools and equipment for maintenance work on de-energized and energized electrical systems. We have a complete portfolio&hellip;<\/p>\n","protected":false},"author":3,"featured_media":0,"parent":0,"menu_order":0,"comment_status":"closed","ping_status":"closed","template":"","meta":{"footnotes":""},"class_list":["post-60670","page","type-page","status-publish","hentry","description-off"],"yoast_head":"<!-- This site is optimized with the Yoast SEO plugin v27.1.1 - https:\/\/yoast.com\/product\/yoast-seo-wordpress\/ -->\n<title>Ritz Tools - Equipamentos de Manuten\u00e7\u00e3o e Seguran\u00e7a para o Setor El\u00e9trico - Ritz Brasil<\/title>\n<meta name=\"description\" content=\"Ritz Tools: specialists in the design and manufacture of tools for maintenance in energized and de-energized electrical systems.\" \/>\n<meta name=\"robots\" content=\"index, follow, max-snippet:-1, max-image-preview:large, max-video-preview:-1\" \/>\n<link rel=\"canonical\" href=\"https:\/\/www.ritzbrasil.com\/en\/ritz-tools\/\" \/>\n<meta property=\"og:locale\" content=\"en_US\" \/>\n<meta property=\"og:type\" content=\"article\" \/>\n<meta property=\"og:title\" content=\"Ritz Tools - Equipamentos de Manuten\u00e7\u00e3o e Seguran\u00e7a para o Setor El\u00e9trico - Ritz Brasil\" \/>\n<meta property=\"og:description\" content=\"Ritz Tools: specialists in the design and manufacture of tools for maintenance in energized and de-energized electrical systems.\" \/>\n<meta property=\"og:url\" content=\"https:\/\/www.ritzbrasil.com\/en\/ritz-tools\/\" \/>\n<meta property=\"og:site_name\" content=\"Equipamentos de Manuten\u00e7\u00e3o e Seguran\u00e7a para o Setor El\u00e9trico - Ritz Brasil\" \/>\n<meta property=\"article:modified_time\" content=\"2026-03-05T13:15:30+00:00\" \/>\n<meta name=\"twitter:card\" content=\"summary_large_image\" \/>\n<meta name=\"twitter:label1\" content=\"Est. reading time\" \/>\n\t<meta name=\"twitter:data1\" content=\"4 minutes\" \/>\n<script type=\"application\/ld+json\" class=\"yoast-schema-graph\">{\"@context\":\"https:\/\/schema.org\",\"@graph\":[{\"@type\":\"WebPage\",\"@id\":\"https:\/\/www.ritzbrasil.com\/en\/ritz-tools\/\",\"url\":\"https:\/\/www.ritzbrasil.com\/en\/ritz-tools\/\",\"name\":\"Ritz Tools - Equipamentos de Manuten\u00e7\u00e3o e Seguran\u00e7a para o Setor El\u00e9trico - Ritz Brasil\",\"isPartOf\":{\"@id\":\"https:\/\/www.ritzbrasil.com\/en\/#website\"},\"datePublished\":\"2024-05-14T12:34:35+00:00\",\"dateModified\":\"2026-03-05T13:15:30+00:00\",\"description\":\"Ritz Tools: specialists in the design and manufacture of tools for maintenance in energized and de-energized electrical systems.\",\"breadcrumb\":{\"@id\":\"https:\/\/www.ritzbrasil.com\/en\/ritz-tools\/#breadcrumb\"},\"inLanguage\":\"en-US\",\"potentialAction\":[{\"@type\":\"ReadAction\",\"target\":[\"https:\/\/www.ritzbrasil.com\/en\/ritz-tools\/\"]}]},{\"@type\":\"BreadcrumbList\",\"@id\":\"https:\/\/www.ritzbrasil.com\/en\/ritz-tools\/#breadcrumb\",\"itemListElement\":[{\"@type\":\"ListItem\",\"position\":1,\"name\":\"In\u00edcio\",\"item\":\"https:\/\/www.ritzbrasil.com\/en\/\"},{\"@type\":\"ListItem\",\"position\":2,\"name\":\"Ritz Tools\"}]},{\"@type\":\"WebSite\",\"@id\":\"https:\/\/www.ritzbrasil.com\/en\/#website\",\"url\":\"https:\/\/www.ritzbrasil.com\/en\/\",\"name\":\"Equipamentos de Manuten\u00e7\u00e3o e Seguran\u00e7a para o Setor El\u00e9trico - Ritz Brasil\",\"description\":\"\",\"potentialAction\":[{\"@type\":\"SearchAction\",\"target\":{\"@type\":\"EntryPoint\",\"urlTemplate\":\"https:\/\/www.ritzbrasil.com\/en\/?s={search_term_string}\"},\"query-input\":{\"@type\":\"PropertyValueSpecification\",\"valueRequired\":true,\"valueName\":\"search_term_string\"}}],\"inLanguage\":\"en-US\"}]}<\/script>\n<!-- \/ Yoast SEO plugin. -->","yoast_head_json":{"title":"Ritz Tools - Equipamentos de Manuten\u00e7\u00e3o e Seguran\u00e7a para o Setor El\u00e9trico - Ritz Brasil","description":"Ritz Tools: specialists in the design and manufacture of tools for maintenance in energized and de-energized electrical systems.","robots":{"index":"index","follow":"follow","max-snippet":"max-snippet:-1","max-image-preview":"max-image-preview:large","max-video-preview":"max-video-preview:-1"},"canonical":"https:\/\/www.ritzbrasil.com\/en\/ritz-tools\/","og_locale":"en_US","og_type":"article","og_title":"Ritz Tools - Equipamentos de Manuten\u00e7\u00e3o e Seguran\u00e7a para o Setor El\u00e9trico - Ritz Brasil","og_description":"Ritz Tools: specialists in the design and manufacture of tools for maintenance in energized and de-energized electrical systems.","og_url":"https:\/\/www.ritzbrasil.com\/en\/ritz-tools\/","og_site_name":"Equipamentos de Manuten\u00e7\u00e3o e Seguran\u00e7a para o Setor El\u00e9trico - Ritz Brasil","article_modified_time":"2026-03-05T13:15:30+00:00","twitter_card":"summary_large_image","twitter_misc":{"Est. reading time":"4 minutes"},"schema":{"@context":"https:\/\/schema.org","@graph":[{"@type":"WebPage","@id":"https:\/\/www.ritzbrasil.com\/en\/ritz-tools\/","url":"https:\/\/www.ritzbrasil.com\/en\/ritz-tools\/","name":"Ritz Tools - Equipamentos de Manuten\u00e7\u00e3o e Seguran\u00e7a para o Setor El\u00e9trico - Ritz Brasil","isPartOf":{"@id":"https:\/\/www.ritzbrasil.com\/en\/#website"},"datePublished":"2024-05-14T12:34:35+00:00","dateModified":"2026-03-05T13:15:30+00:00","description":"Ritz Tools: specialists in the design and manufacture of tools for maintenance in energized and de-energized electrical systems.","breadcrumb":{"@id":"https:\/\/www.ritzbrasil.com\/en\/ritz-tools\/#breadcrumb"},"inLanguage":"en-US","potentialAction":[{"@type":"ReadAction","target":["https:\/\/www.ritzbrasil.com\/en\/ritz-tools\/"]}]},{"@type":"BreadcrumbList","@id":"https:\/\/www.ritzbrasil.com\/en\/ritz-tools\/#breadcrumb","itemListElement":[{"@type":"ListItem","position":1,"name":"In\u00edcio","item":"https:\/\/www.ritzbrasil.com\/en\/"},{"@type":"ListItem","position":2,"name":"Ritz Tools"}]},{"@type":"WebSite","@id":"https:\/\/www.ritzbrasil.com\/en\/#website","url":"https:\/\/www.ritzbrasil.com\/en\/","name":"Equipamentos de Manuten\u00e7\u00e3o e Seguran\u00e7a para o Setor El\u00e9trico - Ritz Brasil","description":"","potentialAction":[{"@type":"SearchAction","target":{"@type":"EntryPoint","urlTemplate":"https:\/\/www.ritzbrasil.com\/en\/?s={search_term_string}"},"query-input":{"@type":"PropertyValueSpecification","valueRequired":true,"valueName":"search_term_string"}}],"inLanguage":"en-US"}]}},"_links":{"self":[{"href":"https:\/\/www.ritzbrasil.com\/en\/wp-json\/wp\/v2\/pages\/60670","targetHints":{"allow":["GET"]}}],"collection":[{"href":"https:\/\/www.ritzbrasil.com\/en\/wp-json\/wp\/v2\/pages"}],"about":[{"href":"https:\/\/www.ritzbrasil.com\/en\/wp-json\/wp\/v2\/types\/page"}],"author":[{"embeddable":true,"href":"https:\/\/www.ritzbrasil.com\/en\/wp-json\/wp\/v2\/users\/3"}],"replies":[{"embeddable":true,"href":"https:\/\/www.ritzbrasil.com\/en\/wp-json\/wp\/v2\/comments?post=60670"}],"version-history":[{"count":1,"href":"https:\/\/www.ritzbrasil.com\/en\/wp-json\/wp\/v2\/pages\/60670\/revisions"}],"predecessor-version":[{"id":62319,"href":"https:\/\/www.ritzbrasil.com\/en\/wp-json\/wp\/v2\/pages\/60670\/revisions\/62319"}],"wp:attachment":[{"href":"https:\/\/www.ritzbrasil.com\/en\/wp-json\/wp\/v2\/media?parent=60670"}],"curies":[{"name":"wp","href":"https:\/\/api.w.org\/{rel}","templated":true}]}}