{"id":60636,"date":"2024-06-19T07:16:47","date_gmt":"2024-06-19T10:16:47","guid":{"rendered":"https:\/\/bisque-bison-688002.hostingersite.com\/ethics-channel\/"},"modified":"2026-02-26T09:22:12","modified_gmt":"2026-02-26T12:22:12","slug":"ethics-channel","status":"publish","type":"page","link":"https:\/\/www.ritzbrasil.com\/en\/ethics-channel\/","title":{"rendered":"Ethics Channel"},"content":{"rendered":"<div class=\"wpb-content-wrapper\"><p>[vc_row full_width=&#8221;stretch_row_content_no_spaces&#8221; content_placement=&#8221;middle&#8221; bg_type=&#8221;image&#8221; parallax_style=&#8221;vcpb-default&#8221; bg_image_new=&#8221;id^51445|url^https:\/\/www.ritzbrasil.com\/wp-content\/uploads\/2024\/06\/ritz-ferramentas-fabrica-betim-equipe-1902&#215;650-1.jpg|caption^null|alt^Ritz Ferramentas &#8211; Nossos Valores|title^Ritz Ferramentas &#8211; Nossos Valores|description^Ritz Ferramentas &#8211; Nossos Valores&#8221; bg_image_repeat=&#8221;no-repeat&#8221; bg_override=&#8221;ex-full&#8221; css=&#8221;.vc_custom_1733424443244{margin-top: -80px !important;padding-top: 325px !important;padding-bottom: 325px !important;}&#8221;][vc_column][\/vc_column][\/vc_row][vc_row css=&#8221;.vc_custom_1718792849904{margin-top: 50px !important;}&#8221;][vc_column]<div id=\"ultimate-heading-123869d90309e63f9\" class=\"uvc-heading ult-adjust-bottom-margin ultimate-heading-123869d90309e63f9 uvc-9222  uvc-heading-default-font-sizes\" data-hspacer=\"no_spacer\"  data-halign=\"left\" style=\"text-align:left\"><div class=\"uvc-heading-spacer no_spacer\" style=\"top\"><\/div><div class=\"uvc-main-heading ult-responsive\"  data-ultimate-target='.uvc-heading.ultimate-heading-123869d90309e63f9 h2'  data-responsive-json-new='{\"font-size\":\"\",\"line-height\":\"\"}' ><h2 style=\"--font-weight:theme;color:#ff9900;\">Ethics Channel<\/h2><\/div><\/div>[vc_empty_space height=&#8221;25px&#8221;][vc_separator align=&#8221;align_left&#8221; css=&#8221;&#8221;][\/vc_column][\/vc_row][vc_row full_width=&#8221;stretch_row&#8221; gap=&#8221;35&#8243; bg_type=&#8221;bg_color&#8221; css=&#8221;.vc_custom_1718792891594{margin-top: -40px !important;}&#8221;][vc_column][vc_column_text css=&#8221;&#8221;]<\/p>\n<p style=\"font-weight: 400;\">At Ritz, we promote a culture of transparency, openness and dialog. Our work environment is based on engagement, respect and diversity, always with the utmost rectitude, compliance and ethics.<\/p>\n<p style=\"font-weight: 400;\">If you are faced with a suspicious situation, have doubts about an attitude or procedure, witness a violation of our Code of Ethics or want to make a complaint, feel encouraged to report the problem through one of our help channels. All situations reported will be treated seriously, professionally and assessed responsibly and impartially.<\/p>\n<p style=\"font-weight: 400;\">To guarantee the integrity of the process, Ritz has a partnership with Ouvidor Digital, providing employees and business partners with an external, neutral and specialized platform. The Ritz Ethics Channel is available 24\/7 to receive reports of concerns, suspicions and reports of violations of our Code of Ethics and Conduct.<\/p>\n<p style=\"font-weight: 400;\">You can use the Ethics Channel by the following means:<\/p>\n<p><span style=\"color: #ff9900;\"><strong>Website:<\/strong><\/span> <a href=\"https:\/\/canal.ouvidordigital.com.br\/ritz\" target=\"_blank\" rel=\"noopener\">Digital Ombudsman<\/a><\/p>\n<p style=\"font-weight: 400;\"><span style=\"color: #ff9900;\"><strong>WhatsApp:<\/strong><\/span> (31) 98947-7889<\/p>\n<p style=\"font-weight: 400;\"><span style=\"color: #ff9900;\"><strong>Phone call:<\/strong><\/span> 0800 591 2070<\/p>\n<p style=\"font-weight: 400;\">Feel safe to share your concerns. At Ritz, your voice is heard and valued.<\/p>\n<p>[\/vc_column_text][\/vc_column][\/vc_row]<\/p>\n<\/div>","protected":false},"excerpt":{"rendered":"<p>[vc_row full_width=&#8221;stretch_row_content_no_spaces&#8221; content_placement=&#8221;middle&#8221; bg_type=&#8221;image&#8221; parallax_style=&#8221;vcpb-default&#8221; bg_image_new=&#8221;id^51445|url^https:\/\/www.ritzbrasil.com\/wp-content\/uploads\/2024\/06\/ritz-ferramentas-fabrica-betim-equipe-1902&#215;650-1.jpg|caption^null|alt^Ritz Ferramentas &#8211; Nossos Valores|title^Ritz Ferramentas &#8211; Nossos Valores|description^Ritz Ferramentas &#8211; Nossos Valores&#8221; bg_image_repeat=&#8221;no-repeat&#8221; bg_override=&#8221;ex-full&#8221; css=&#8221;.vc_custom_1733424443244{margin-top: -80px !important;padding-top: 325px !important;padding-bottom: 325px !important;}&#8221;][vc_column][\/vc_column][\/vc_row][vc_row css=&#8221;.vc_custom_1718792849904{margin-top: 50px !important;}&#8221;][vc_column][vc_empty_space height=&#8221;25px&#8221;][vc_separator align=&#8221;align_left&#8221; css=&#8221;&#8221;][\/vc_column][\/vc_row][vc_row full_width=&#8221;stretch_row&#8221; gap=&#8221;35&#8243; bg_type=&#8221;bg_color&#8221; css=&#8221;.vc_custom_1718792891594{margin-top: -40px !important;}&#8221;][vc_column][vc_column_text css=&#8221;&#8221;] At Ritz, we promote a culture of transparency, openness and dialog. Our work environment is&hellip;<\/p>\n","protected":false},"author":3,"featured_media":0,"parent":0,"menu_order":0,"comment_status":"closed","ping_status":"closed","template":"","meta":{"footnotes":""},"class_list":["post-60636","page","type-page","status-publish","hentry","description-off"],"yoast_head":"<!-- This site is optimized with the Yoast SEO plugin v27.1.1 - https:\/\/yoast.com\/product\/yoast-seo-wordpress\/ -->\n<title>Ethics Channel - Equipamentos de Manuten\u00e7\u00e3o e Seguran\u00e7a para o Setor El\u00e9trico - Ritz Brasil<\/title>\n<meta name=\"description\" content=\"Ritz has a partnership with Ouvidor Digital, providing employees and business partners with an external, neutral and specialized platform.\" \/>\n<meta name=\"robots\" content=\"index, follow, max-snippet:-1, max-image-preview:large, max-video-preview:-1\" \/>\n<link rel=\"canonical\" href=\"https:\/\/www.ritzbrasil.com\/en\/ethics-channel\/\" \/>\n<meta property=\"og:locale\" content=\"en_US\" \/>\n<meta property=\"og:type\" content=\"article\" \/>\n<meta property=\"og:title\" content=\"Ethics Channel - Equipamentos de Manuten\u00e7\u00e3o e Seguran\u00e7a para o Setor El\u00e9trico - Ritz Brasil\" \/>\n<meta property=\"og:description\" content=\"Ritz has a partnership with Ouvidor Digital, providing employees and business partners with an external, neutral and specialized platform.\" \/>\n<meta property=\"og:url\" content=\"https:\/\/www.ritzbrasil.com\/en\/ethics-channel\/\" \/>\n<meta property=\"og:site_name\" content=\"Equipamentos de Manuten\u00e7\u00e3o e Seguran\u00e7a para o Setor El\u00e9trico - Ritz Brasil\" \/>\n<meta property=\"article:modified_time\" content=\"2026-02-26T12:22:12+00:00\" \/>\n<meta name=\"twitter:card\" content=\"summary_large_image\" \/>\n<meta name=\"twitter:label1\" content=\"Est. reading time\" \/>\n\t<meta name=\"twitter:data1\" content=\"2 minutes\" \/>\n<script type=\"application\/ld+json\" class=\"yoast-schema-graph\">{\"@context\":\"https:\/\/schema.org\",\"@graph\":[{\"@type\":\"WebPage\",\"@id\":\"https:\/\/www.ritzbrasil.com\/en\/ethics-channel\/\",\"url\":\"https:\/\/www.ritzbrasil.com\/en\/ethics-channel\/\",\"name\":\"Ethics Channel - Equipamentos de Manuten\u00e7\u00e3o e Seguran\u00e7a para o Setor El\u00e9trico - Ritz Brasil\",\"isPartOf\":{\"@id\":\"https:\/\/www.ritzbrasil.com\/en\/#website\"},\"datePublished\":\"2024-06-19T10:16:47+00:00\",\"dateModified\":\"2026-02-26T12:22:12+00:00\",\"description\":\"Ritz has a partnership with Ouvidor Digital, providing employees and business partners with an external, neutral and specialized platform.\",\"breadcrumb\":{\"@id\":\"https:\/\/www.ritzbrasil.com\/en\/ethics-channel\/#breadcrumb\"},\"inLanguage\":\"en-US\",\"potentialAction\":[{\"@type\":\"ReadAction\",\"target\":[\"https:\/\/www.ritzbrasil.com\/en\/ethics-channel\/\"]}]},{\"@type\":\"BreadcrumbList\",\"@id\":\"https:\/\/www.ritzbrasil.com\/en\/ethics-channel\/#breadcrumb\",\"itemListElement\":[{\"@type\":\"ListItem\",\"position\":1,\"name\":\"In\u00edcio\",\"item\":\"https:\/\/www.ritzbrasil.com\/en\/\"},{\"@type\":\"ListItem\",\"position\":2,\"name\":\"Ethics Channel\"}]},{\"@type\":\"WebSite\",\"@id\":\"https:\/\/www.ritzbrasil.com\/en\/#website\",\"url\":\"https:\/\/www.ritzbrasil.com\/en\/\",\"name\":\"Equipamentos de Manuten\u00e7\u00e3o e Seguran\u00e7a para o Setor El\u00e9trico - Ritz Brasil\",\"description\":\"\",\"potentialAction\":[{\"@type\":\"SearchAction\",\"target\":{\"@type\":\"EntryPoint\",\"urlTemplate\":\"https:\/\/www.ritzbrasil.com\/en\/?s={search_term_string}\"},\"query-input\":{\"@type\":\"PropertyValueSpecification\",\"valueRequired\":true,\"valueName\":\"search_term_string\"}}],\"inLanguage\":\"en-US\"}]}<\/script>\n<!-- \/ Yoast SEO plugin. -->","yoast_head_json":{"title":"Ethics Channel - Equipamentos de Manuten\u00e7\u00e3o e Seguran\u00e7a para o Setor El\u00e9trico - Ritz Brasil","description":"Ritz has a partnership with Ouvidor Digital, providing employees and business partners with an external, neutral and specialized platform.","robots":{"index":"index","follow":"follow","max-snippet":"max-snippet:-1","max-image-preview":"max-image-preview:large","max-video-preview":"max-video-preview:-1"},"canonical":"https:\/\/www.ritzbrasil.com\/en\/ethics-channel\/","og_locale":"en_US","og_type":"article","og_title":"Ethics Channel - Equipamentos de Manuten\u00e7\u00e3o e Seguran\u00e7a para o Setor El\u00e9trico - Ritz Brasil","og_description":"Ritz has a partnership with Ouvidor Digital, providing employees and business partners with an external, neutral and specialized platform.","og_url":"https:\/\/www.ritzbrasil.com\/en\/ethics-channel\/","og_site_name":"Equipamentos de Manuten\u00e7\u00e3o e Seguran\u00e7a para o Setor El\u00e9trico - Ritz Brasil","article_modified_time":"2026-02-26T12:22:12+00:00","twitter_card":"summary_large_image","twitter_misc":{"Est. reading time":"2 minutes"},"schema":{"@context":"https:\/\/schema.org","@graph":[{"@type":"WebPage","@id":"https:\/\/www.ritzbrasil.com\/en\/ethics-channel\/","url":"https:\/\/www.ritzbrasil.com\/en\/ethics-channel\/","name":"Ethics Channel - Equipamentos de Manuten\u00e7\u00e3o e Seguran\u00e7a para o Setor El\u00e9trico - Ritz Brasil","isPartOf":{"@id":"https:\/\/www.ritzbrasil.com\/en\/#website"},"datePublished":"2024-06-19T10:16:47+00:00","dateModified":"2026-02-26T12:22:12+00:00","description":"Ritz has a partnership with Ouvidor Digital, providing employees and business partners with an external, neutral and specialized platform.","breadcrumb":{"@id":"https:\/\/www.ritzbrasil.com\/en\/ethics-channel\/#breadcrumb"},"inLanguage":"en-US","potentialAction":[{"@type":"ReadAction","target":["https:\/\/www.ritzbrasil.com\/en\/ethics-channel\/"]}]},{"@type":"BreadcrumbList","@id":"https:\/\/www.ritzbrasil.com\/en\/ethics-channel\/#breadcrumb","itemListElement":[{"@type":"ListItem","position":1,"name":"In\u00edcio","item":"https:\/\/www.ritzbrasil.com\/en\/"},{"@type":"ListItem","position":2,"name":"Ethics Channel"}]},{"@type":"WebSite","@id":"https:\/\/www.ritzbrasil.com\/en\/#website","url":"https:\/\/www.ritzbrasil.com\/en\/","name":"Equipamentos de Manuten\u00e7\u00e3o e Seguran\u00e7a para o Setor El\u00e9trico - Ritz Brasil","description":"","potentialAction":[{"@type":"SearchAction","target":{"@type":"EntryPoint","urlTemplate":"https:\/\/www.ritzbrasil.com\/en\/?s={search_term_string}"},"query-input":{"@type":"PropertyValueSpecification","valueRequired":true,"valueName":"search_term_string"}}],"inLanguage":"en-US"}]}},"_links":{"self":[{"href":"https:\/\/www.ritzbrasil.com\/en\/wp-json\/wp\/v2\/pages\/60636","targetHints":{"allow":["GET"]}}],"collection":[{"href":"https:\/\/www.ritzbrasil.com\/en\/wp-json\/wp\/v2\/pages"}],"about":[{"href":"https:\/\/www.ritzbrasil.com\/en\/wp-json\/wp\/v2\/types\/page"}],"author":[{"embeddable":true,"href":"https:\/\/www.ritzbrasil.com\/en\/wp-json\/wp\/v2\/users\/3"}],"replies":[{"embeddable":true,"href":"https:\/\/www.ritzbrasil.com\/en\/wp-json\/wp\/v2\/comments?post=60636"}],"version-history":[{"count":1,"href":"https:\/\/www.ritzbrasil.com\/en\/wp-json\/wp\/v2\/pages\/60636\/revisions"}],"predecessor-version":[{"id":62242,"href":"https:\/\/www.ritzbrasil.com\/en\/wp-json\/wp\/v2\/pages\/60636\/revisions\/62242"}],"wp:attachment":[{"href":"https:\/\/www.ritzbrasil.com\/en\/wp-json\/wp\/v2\/media?parent=60636"}],"curies":[{"name":"wp","href":"https:\/\/api.w.org\/{rel}","templated":true}]}}