{"id":60615,"date":"2024-06-10T17:53:33","date_gmt":"2024-06-10T20:53:33","guid":{"rendered":"https:\/\/bisque-bison-688002.hostingersite.com\/contact-us\/"},"modified":"2026-02-25T17:26:56","modified_gmt":"2026-02-25T20:26:56","slug":"contact-us","status":"publish","type":"page","link":"https:\/\/www.ritzbrasil.com\/en\/contact-us\/","title":{"rendered":"Contact us"},"content":{"rendered":"<div class=\"wpb-content-wrapper\"><p>[vc_row full_width=&#8221;stretch_row_content_no_spaces&#8221; bg_type=&#8221;image&#8221; parallax_style=&#8221;vcpb-default&#8221; bg_image_new=&#8221;id^51441|url^https:\/\/www.ritzbrasil.com\/wp-content\/uploads\/2024\/06\/ritz-ferramentas-fale-conosco-1902&#215;650-1.jpg|caption^null|alt^Ritz Ferramentas &#8211; Fale Conosco|title^Ritz Ferramentas &#8211; Fale Conosco|description^Ritz Ferramentas &#8211; Fale Conosco&#8221; bg_image_repeat=&#8221;no-repeat&#8221; bg_override=&#8221;ex-full&#8221; css=&#8221;.vc_custom_1733422445119{margin-top: -80px !important;padding-top: 325px !important;padding-bottom: 325px !important;}&#8221;][vc_column][\/vc_column][\/vc_row][vc_row css=&#8221;.vc_custom_1718053980564{margin-top: 50px !important;}&#8221;][vc_column]<div id=\"ultimate-heading-357069db6babc88d3\" class=\"uvc-heading ult-adjust-bottom-margin ultimate-heading-357069db6babc88d3 uvc-9795  uvc-heading-default-font-sizes\" data-hspacer=\"no_spacer\"  data-halign=\"left\" style=\"text-align:left\"><div class=\"uvc-heading-spacer no_spacer\" style=\"top\"><\/div><div class=\"uvc-main-heading ult-responsive\"  data-ultimate-target='.uvc-heading.ultimate-heading-357069db6babc88d3 h2'  data-responsive-json-new='{\"font-size\":\"\",\"line-height\":\"\"}' ><h2 style=\"--font-weight:theme;color:#ff9900;\">Contact<\/h2><\/div><\/div>[vc_empty_space height=&#8221;25px&#8221;][vc_separator color=&#8221;custom&#8221; css=&#8221;&#8221; accent_color=&#8221;#ededed&#8221;][\/vc_column][\/vc_row][vc_row gap=&#8221;30&#8243; content_placement=&#8221;top&#8221; bg_type=&#8221;bg_color&#8221; css=&#8221;.vc_custom_1718054055458{margin-top: -40px !important;}&#8221;][vc_column width=&#8221;1\/2&#8243;][vc_column_text css=&#8221;&#8221;]<iframe loading=\"lazy\" style=\"border: 0;\" src=\"https:\/\/www.google.com\/maps\/embed?pb=!1m18!1m12!1m3!1d3750.226281547774!2d-44.12840422398242!3d-19.956983839150844!2m3!1f0!2f0!3f0!3m2!1i1024!2i768!4f13.1!3m3!1m2!1s0xa6c3ee002254af%3A0x2928643d4a759d3c!2sRITZ%20FERRAMENTAS%20LTDA!5e0!3m2!1spt-BR!2sbr!4v1718053315095!5m2!1spt-BR!2sbr\" width=\"600\" height=\"450\" allowfullscreen=\"allowfullscreen\"><\/iframe>[\/vc_column_text][vc_empty_space height=&#8221;25px&#8221;]<div id=\"ultimate-heading-152369db6babc8957\" class=\"uvc-heading ult-adjust-bottom-margin ultimate-heading-152369db6babc8957 uvc-2736 \" data-hspacer=\"no_spacer\"  data-halign=\"left\" style=\"text-align:left\"><div class=\"uvc-heading-spacer no_spacer\" style=\"top\"><\/div><div class=\"uvc-main-heading ult-responsive\"  data-ultimate-target='.uvc-heading.ultimate-heading-152369db6babc8957 h2'  data-responsive-json-new='{\"font-size\":\"desktop:22px;\",\"line-height\":\"\"}' ><h2 style=\"--font-weight:theme;color:#ff9900;\">Address<\/h2><\/div><\/div>[vc_empty_space height=&#8221;25px&#8221;][vc_separator color=&#8221;custom&#8221; css=&#8221;&#8221; accent_color=&#8221;#ededed&#8221;][vc_column_text css=&#8221;&#8221;]RITZ FERRAMENTAS LTDA.<br \/>\nRod. BR 381, km 488<br \/>\n32681-200<br \/>\nBetim | MG | Brasil<br \/>\nTel +55 31 2125 4000[\/vc_column_text][\/vc_column][vc_column width=&#8221;1\/2&#8243;][vc_column_text css=&#8221;&#8221;]\n<div class=\"wpcf7 no-js\" id=\"wpcf7-f60702-o1\" lang=\"en-US\" dir=\"ltr\" data-wpcf7-id=\"60702\">\n<div class=\"screen-reader-response\"><p role=\"status\" aria-live=\"polite\" aria-atomic=\"true\"><\/p> <ul><\/ul><\/div>\n<form action=\"\/en\/wp-json\/wp\/v2\/pages\/60615#wpcf7-f60702-o1\" method=\"post\" class=\"wpcf7-form init\" aria-label=\"Contact form\" novalidate=\"novalidate\" data-status=\"init\">\n<fieldset class=\"hidden-fields-container\"><input type=\"hidden\" name=\"_wpcf7\" value=\"60702\" \/><input type=\"hidden\" name=\"_wpcf7_version\" value=\"6.1.5\" \/><input type=\"hidden\" name=\"_wpcf7_locale\" value=\"en_US\" \/><input type=\"hidden\" name=\"_wpcf7_unit_tag\" value=\"wpcf7-f60702-o1\" \/><input type=\"hidden\" name=\"_wpcf7_container_post\" value=\"0\" \/><input type=\"hidden\" name=\"_wpcf7_posted_data_hash\" value=\"\" \/><input type=\"hidden\" name=\"_wpcf7_recaptcha_response\" value=\"\" \/>\n<\/fieldset>\n<p><label> Department<br \/>\n<span class=\"wpcf7-form-control-wrap\" data-name=\"Department\"><select class=\"wpcf7-form-control wpcf7-select wpcf7-validates-as-required\" aria-required=\"true\" aria-invalid=\"false\" name=\"Department\"><option value=\"Commercial\">Commercial<\/option><option value=\"Purchasing\">Purchasing<\/option><option value=\"Financial\">Financial<\/option><option value=\"People Management\">People Management<\/option><option value=\"Other\">Other<\/option><\/select><\/span><\/label>\n<\/p>\n<p><label> Subject<br \/>\n<span class=\"wpcf7-form-control-wrap\" data-name=\"your-subject\"><input size=\"40\" maxlength=\"400\" class=\"wpcf7-form-control wpcf7-text\" aria-invalid=\"false\" value=\"\" type=\"text\" name=\"your-subject\" \/><\/span> <\/label>\n<\/p>\n<p><label> Name<br \/>\n<span class=\"wpcf7-form-control-wrap\" data-name=\"your-name\"><input size=\"40\" maxlength=\"400\" class=\"wpcf7-form-control wpcf7-text wpcf7-validates-as-required\" autocomplete=\"name\" aria-required=\"true\" aria-invalid=\"false\" value=\"\" type=\"text\" name=\"your-name\" \/><\/span> <\/label>\n<\/p>\n<p><label> E-mail<br \/>\n<span class=\"wpcf7-form-control-wrap\" data-name=\"your-email\"><input size=\"40\" maxlength=\"400\" class=\"wpcf7-form-control wpcf7-email wpcf7-validates-as-required wpcf7-text wpcf7-validates-as-email\" autocomplete=\"email\" aria-required=\"true\" aria-invalid=\"false\" value=\"\" type=\"email\" name=\"your-email\" \/><\/span> <\/label>\n<\/p>\n<p><label> Telephone<br \/>\n<span class=\"wpcf7-form-control-wrap\" data-name=\"Telefone\"><input size=\"40\" maxlength=\"400\" class=\"wpcf7-form-control wpcf7-tel wpcf7-text wpcf7-validates-as-tel\" aria-invalid=\"false\" value=\"\" type=\"tel\" name=\"Telefone\" \/><\/span> <\/label>\n<\/p>\n<p><label> Mobile<br \/>\n<span class=\"wpcf7-form-control-wrap\" data-name=\"Celular\"><input size=\"40\" maxlength=\"400\" class=\"wpcf7-form-control wpcf7-tel wpcf7-text wpcf7-validates-as-tel\" aria-invalid=\"false\" value=\"\" type=\"tel\" name=\"Celular\" \/><\/span> <\/label>\n<\/p>\n<p><label> Country<br \/>\n<span class=\"wpcf7-form-control-wrap\" data-name=\"pais\"><input size=\"40\" maxlength=\"400\" class=\"wpcf7-form-control wpcf7-text\" aria-invalid=\"false\" value=\"Brazil\" type=\"text\" name=\"pais\" \/><\/span><\/label>\n<\/p>\n<p><label> State<br \/>\n<span class=\"wpcf7-form-control-wrap\" data-name=\"Status\"><select class=\"wpcf7-form-control wpcf7-select wpcf7-validates-as-required\" aria-required=\"true\" aria-invalid=\"false\" name=\"Status\"><option value=\"AC\">AC<\/option><option value=\"AL\">AL<\/option><option value=\"AP\">AP<\/option><option value=\"AM\">AM<\/option><option value=\"BA\">BA<\/option><option value=\"EC\">EC<\/option><option value=\"DF\">DF<\/option><option value=\"ES\">ES<\/option><option value=\"GO\">GO<\/option><option value=\"MA\">MA<\/option><option value=\"MT\">MT<\/option><option value=\"MS\">MS<\/option><option value=\"MG\">MG<\/option><option value=\"PA\">PA<\/option><option value=\"PB\">PB<\/option><option value=\"PR\">PR<\/option><option value=\"PE\">PE<\/option><option value=\"PI\">PI<\/option><option value=\"RJ\">RJ<\/option><option value=\"RN\">RN<\/option><option value=\"RS\">RS<\/option><option value=\"RO\">RO<\/option><option value=\"RR\">RR<\/option><option value=\"SC\">SC<\/option><option value=\"SP\">SP<\/option><option value=\"SE\">SE<\/option><option value=\"TO\">TO<\/option><\/select><\/span><\/label>\n<\/p>\n<p><label> Your message (optional)<br \/>\n<span class=\"wpcf7-form-control-wrap\" data-name=\"your-message\"><textarea cols=\"40\" rows=\"10\" maxlength=\"2000\" class=\"wpcf7-form-control wpcf7-textarea\" aria-invalid=\"false\" name=\"your-message\"><\/textarea><\/span> <\/label>\n<\/p>\n<p><input class=\"wpcf7-form-control wpcf7-submit has-spinner\" type=\"submit\" value=\"Send\" \/>\n<\/p><div class=\"wpcf7-response-output\" aria-hidden=\"true\"><\/div>\n<\/form>\n<\/div>\n[\/vc_column_text][\/vc_column][\/vc_row]<\/p>\n<\/div>","protected":false},"excerpt":{"rendered":"<p>[vc_row full_width=&#8221;stretch_row_content_no_spaces&#8221; bg_type=&#8221;image&#8221; parallax_style=&#8221;vcpb-default&#8221; bg_image_new=&#8221;id^51441|url^https:\/\/www.ritzbrasil.com\/wp-content\/uploads\/2024\/06\/ritz-ferramentas-fale-conosco-1902&#215;650-1.jpg|caption^null|alt^Ritz Ferramentas &#8211; Fale Conosco|title^Ritz Ferramentas &#8211; Fale Conosco|description^Ritz Ferramentas &#8211; Fale Conosco&#8221; bg_image_repeat=&#8221;no-repeat&#8221; bg_override=&#8221;ex-full&#8221; css=&#8221;.vc_custom_1733422445119{margin-top: -80px !important;padding-top: 325px !important;padding-bottom: 325px !important;}&#8221;][vc_column][\/vc_column][\/vc_row][vc_row css=&#8221;.vc_custom_1718053980564{margin-top: 50px !important;}&#8221;][vc_column][vc_empty_space height=&#8221;25px&#8221;][vc_separator color=&#8221;custom&#8221; css=&#8221;&#8221; accent_color=&#8221;#ededed&#8221;][\/vc_column][\/vc_row][vc_row gap=&#8221;30&#8243; content_placement=&#8221;top&#8221; bg_type=&#8221;bg_color&#8221; css=&#8221;.vc_custom_1718054055458{margin-top: -40px !important;}&#8221;][vc_column width=&#8221;1\/2&#8243;][vc_column_text css=&#8221;&#8221;][\/vc_column_text][vc_empty_space height=&#8221;25px&#8221;][vc_empty_space height=&#8221;25px&#8221;][vc_separator color=&#8221;custom&#8221; css=&#8221;&#8221; accent_color=&#8221;#ededed&#8221;][vc_column_text css=&#8221;&#8221;]RITZ FERRAMENTAS LTDA. Rod. BR 381, km 488 32681-200&hellip;<\/p>\n","protected":false},"author":3,"featured_media":0,"parent":0,"menu_order":0,"comment_status":"closed","ping_status":"closed","template":"","meta":{"footnotes":""},"class_list":["post-60615","page","type-page","status-publish","hentry","description-off"],"yoast_head":"<!-- This site is optimized with the Yoast SEO plugin v27.1.1 - https:\/\/yoast.com\/product\/yoast-seo-wordpress\/ -->\n<title>Contact us - Equipamentos de Manuten\u00e7\u00e3o e Seguran\u00e7a para o Setor El\u00e9trico - Ritz Brasil<\/title>\n<meta name=\"description\" content=\"We believe in building a relationship of quality and trust with our clients, talk to us.\" \/>\n<meta name=\"robots\" content=\"index, follow, max-snippet:-1, max-image-preview:large, max-video-preview:-1\" \/>\n<link rel=\"canonical\" href=\"https:\/\/www.ritzbrasil.com\/en\/contact-us\/\" \/>\n<meta property=\"og:locale\" content=\"en_US\" \/>\n<meta property=\"og:type\" content=\"article\" \/>\n<meta property=\"og:title\" content=\"Contact us - Equipamentos de Manuten\u00e7\u00e3o e Seguran\u00e7a para o Setor El\u00e9trico - Ritz Brasil\" \/>\n<meta property=\"og:description\" content=\"We believe in building a relationship of quality and trust with our clients, talk to us.\" \/>\n<meta property=\"og:url\" content=\"https:\/\/www.ritzbrasil.com\/en\/contact-us\/\" \/>\n<meta property=\"og:site_name\" content=\"Equipamentos de Manuten\u00e7\u00e3o e Seguran\u00e7a para o Setor El\u00e9trico - Ritz Brasil\" \/>\n<meta property=\"article:modified_time\" content=\"2026-02-25T20:26:56+00:00\" \/>\n<meta name=\"twitter:card\" content=\"summary_large_image\" \/>\n<meta name=\"twitter:label1\" content=\"Est. reading time\" \/>\n\t<meta name=\"twitter:data1\" content=\"1 minute\" \/>\n<script type=\"application\/ld+json\" class=\"yoast-schema-graph\">{\"@context\":\"https:\/\/schema.org\",\"@graph\":[{\"@type\":\"WebPage\",\"@id\":\"https:\/\/www.ritzbrasil.com\/en\/contact-us\/\",\"url\":\"https:\/\/www.ritzbrasil.com\/en\/contact-us\/\",\"name\":\"Contact us - Equipamentos de Manuten\u00e7\u00e3o e Seguran\u00e7a para o Setor El\u00e9trico - Ritz Brasil\",\"isPartOf\":{\"@id\":\"https:\/\/www.ritzbrasil.com\/en\/#website\"},\"datePublished\":\"2024-06-10T20:53:33+00:00\",\"dateModified\":\"2026-02-25T20:26:56+00:00\",\"description\":\"We believe in building a relationship of quality and trust with our clients, talk to us.\",\"breadcrumb\":{\"@id\":\"https:\/\/www.ritzbrasil.com\/en\/contact-us\/#breadcrumb\"},\"inLanguage\":\"en-US\",\"potentialAction\":[{\"@type\":\"ReadAction\",\"target\":[\"https:\/\/www.ritzbrasil.com\/en\/contact-us\/\"]}]},{\"@type\":\"BreadcrumbList\",\"@id\":\"https:\/\/www.ritzbrasil.com\/en\/contact-us\/#breadcrumb\",\"itemListElement\":[{\"@type\":\"ListItem\",\"position\":1,\"name\":\"In\u00edcio\",\"item\":\"https:\/\/www.ritzbrasil.com\/en\/\"},{\"@type\":\"ListItem\",\"position\":2,\"name\":\"Contact us\"}]},{\"@type\":\"WebSite\",\"@id\":\"https:\/\/www.ritzbrasil.com\/en\/#website\",\"url\":\"https:\/\/www.ritzbrasil.com\/en\/\",\"name\":\"Equipamentos de Manuten\u00e7\u00e3o e Seguran\u00e7a para o Setor El\u00e9trico - Ritz Brasil\",\"description\":\"\",\"potentialAction\":[{\"@type\":\"SearchAction\",\"target\":{\"@type\":\"EntryPoint\",\"urlTemplate\":\"https:\/\/www.ritzbrasil.com\/en\/?s={search_term_string}\"},\"query-input\":{\"@type\":\"PropertyValueSpecification\",\"valueRequired\":true,\"valueName\":\"search_term_string\"}}],\"inLanguage\":\"en-US\"}]}<\/script>\n<!-- \/ Yoast SEO plugin. -->","yoast_head_json":{"title":"Contact us - Equipamentos de Manuten\u00e7\u00e3o e Seguran\u00e7a para o Setor El\u00e9trico - Ritz Brasil","description":"We believe in building a relationship of quality and trust with our clients, talk to us.","robots":{"index":"index","follow":"follow","max-snippet":"max-snippet:-1","max-image-preview":"max-image-preview:large","max-video-preview":"max-video-preview:-1"},"canonical":"https:\/\/www.ritzbrasil.com\/en\/contact-us\/","og_locale":"en_US","og_type":"article","og_title":"Contact us - Equipamentos de Manuten\u00e7\u00e3o e Seguran\u00e7a para o Setor El\u00e9trico - Ritz Brasil","og_description":"We believe in building a relationship of quality and trust with our clients, talk to us.","og_url":"https:\/\/www.ritzbrasil.com\/en\/contact-us\/","og_site_name":"Equipamentos de Manuten\u00e7\u00e3o e Seguran\u00e7a para o Setor El\u00e9trico - Ritz Brasil","article_modified_time":"2026-02-25T20:26:56+00:00","twitter_card":"summary_large_image","twitter_misc":{"Est. reading time":"1 minute"},"schema":{"@context":"https:\/\/schema.org","@graph":[{"@type":"WebPage","@id":"https:\/\/www.ritzbrasil.com\/en\/contact-us\/","url":"https:\/\/www.ritzbrasil.com\/en\/contact-us\/","name":"Contact us - Equipamentos de Manuten\u00e7\u00e3o e Seguran\u00e7a para o Setor El\u00e9trico - Ritz Brasil","isPartOf":{"@id":"https:\/\/www.ritzbrasil.com\/en\/#website"},"datePublished":"2024-06-10T20:53:33+00:00","dateModified":"2026-02-25T20:26:56+00:00","description":"We believe in building a relationship of quality and trust with our clients, talk to us.","breadcrumb":{"@id":"https:\/\/www.ritzbrasil.com\/en\/contact-us\/#breadcrumb"},"inLanguage":"en-US","potentialAction":[{"@type":"ReadAction","target":["https:\/\/www.ritzbrasil.com\/en\/contact-us\/"]}]},{"@type":"BreadcrumbList","@id":"https:\/\/www.ritzbrasil.com\/en\/contact-us\/#breadcrumb","itemListElement":[{"@type":"ListItem","position":1,"name":"In\u00edcio","item":"https:\/\/www.ritzbrasil.com\/en\/"},{"@type":"ListItem","position":2,"name":"Contact us"}]},{"@type":"WebSite","@id":"https:\/\/www.ritzbrasil.com\/en\/#website","url":"https:\/\/www.ritzbrasil.com\/en\/","name":"Equipamentos de Manuten\u00e7\u00e3o e Seguran\u00e7a para o Setor El\u00e9trico - Ritz Brasil","description":"","potentialAction":[{"@type":"SearchAction","target":{"@type":"EntryPoint","urlTemplate":"https:\/\/www.ritzbrasil.com\/en\/?s={search_term_string}"},"query-input":{"@type":"PropertyValueSpecification","valueRequired":true,"valueName":"search_term_string"}}],"inLanguage":"en-US"}]}},"_links":{"self":[{"href":"https:\/\/www.ritzbrasil.com\/en\/wp-json\/wp\/v2\/pages\/60615","targetHints":{"allow":["GET"]}}],"collection":[{"href":"https:\/\/www.ritzbrasil.com\/en\/wp-json\/wp\/v2\/pages"}],"about":[{"href":"https:\/\/www.ritzbrasil.com\/en\/wp-json\/wp\/v2\/types\/page"}],"author":[{"embeddable":true,"href":"https:\/\/www.ritzbrasil.com\/en\/wp-json\/wp\/v2\/users\/3"}],"replies":[{"embeddable":true,"href":"https:\/\/www.ritzbrasil.com\/en\/wp-json\/wp\/v2\/comments?post=60615"}],"version-history":[{"count":1,"href":"https:\/\/www.ritzbrasil.com\/en\/wp-json\/wp\/v2\/pages\/60615\/revisions"}],"predecessor-version":[{"id":62238,"href":"https:\/\/www.ritzbrasil.com\/en\/wp-json\/wp\/v2\/pages\/60615\/revisions\/62238"}],"wp:attachment":[{"href":"https:\/\/www.ritzbrasil.com\/en\/wp-json\/wp\/v2\/media?parent=60615"}],"curies":[{"name":"wp","href":"https:\/\/api.w.org\/{rel}","templated":true}]}}